{"id":7510,"date":"2023-06-21T14:49:52","date_gmt":"2023-06-21T14:49:52","guid":{"rendered":"https:\/\/delcofoundation.org\/parlez-a-vos-clients-des-dons\/"},"modified":"2024-06-21T16:19:13","modified_gmt":"2024-06-21T16:19:13","slug":"parlez-a-vos-clients-des-dons","status":"publish","type":"page","link":"https:\/\/delcofoundation.org\/fr\/donner-et-conseiller\/conseillers-professionnels-avocats\/parlez-a-vos-clients-des-dons\/","title":{"rendered":"Parlez \u00e0 vos clients des dons"},"content":{"rendered":"","protected":false},"excerpt":{"rendered":"","protected":false},"author":11,"featured_media":0,"parent":7519,"menu_order":0,"comment_status":"closed","ping_status":"closed","template":"page-templates\/content-modules.php","meta":{"_acf_changed":false,"inline_featured_image":false,"footnotes":""},"class_list":["post-7510","page","type-page","status-publish","hentry"],"acf":[],"yoast_head":"<!-- This site is optimized with the Yoast SEO plugin v26.7 - https:\/\/yoast.com\/wordpress\/plugins\/seo\/ -->\n<title>Parlez \u00e0 vos clients des dons - The Foundation for Delaware County<\/title>\n<meta name=\"description\" content=\"Vous trouverez ci-dessous quelques questions qui peuvent vous aider \u00e0 identifier les clients qui pourraient envisager de faire un don \u00e0 la Fondation ou de cr\u00e9er un fonds aupr\u00e8s d&#8217;elle :\n\nAi-je des clients qui s&#8217;int\u00e9ressent de pr\u00e8s \u00e0 leur communaut\u00e9 locale et qui s&#8217;y sont engag\u00e9s ?\nDonnent-ils \u00e0 plus d&#8217;une cause caritative ?\nSouhaitent-ils cr\u00e9er un h\u00e9ritage personnel ou familial au sein de leur communaut\u00e9 ?\nEnvisagent-ils de cr\u00e9er une fondation priv\u00e9e mais s&#8217;inqui\u00e8tent des co\u00fbts, de la confidentialit\u00e9 et de la complexit\u00e9 administrative qui affectent leur philanthropie ?\nSouhaitent-ils rester personnellement impliqu\u00e9s dans l&#8217;utilisation des fonds qu&#8217;ils d\u00e9ploient \u00e0 des fins caritatives ?\nSouhaitent-ils b\u00e9n\u00e9ficier d&#8217;un avantage fiscal maximal pour leurs contributions caritatives en vertu de la l\u00e9gislation f\u00e9d\u00e9rale ?\nAccordent-ils la priorit\u00e9 \u00e0 la bonne gestion financi\u00e8re de leurs contributions ?\nSont-ils pr\u00e9occup\u00e9s par l&#8217;avenir des organisations \u00e0 but non lucratif qu&#8217;ils soutiennent actuellement ? Veulent-ils s&#8217;assurer que leurs dons restent pertinents m\u00eame si ces organisations cessent d&#8217;exister ou changent de mission ?\n\nSi vous r\u00e9pondez par l&#8217;affirmative \u00e0 ces questions, votre partenariat avec la Fondation vous fournira les outils n\u00e9cessaires pour faciliter la planification des \u0153uvres de bienfaisance pour vous et vos clients.\nAide-m\u00e9moire du conseiller professionnel\nInscrivez-vous \u00e0 la lettre d&#8217;information \u00e9lectronique du conseiller professionnel\" \/>\n<meta name=\"robots\" content=\"index, follow, max-snippet:-1, max-image-preview:large, max-video-preview:-1\" \/>\n<link rel=\"canonical\" href=\"https:\/\/delcofoundation.org\/fr\/donner-et-conseiller\/conseillers-professionnels-avocats\/parlez-a-vos-clients-des-dons\/\" \/>\n<meta property=\"og:locale\" content=\"fr_FR\" \/>\n<meta property=\"og:type\" content=\"article\" \/>\n<meta property=\"og:title\" content=\"Parlez \u00e0 vos clients des dons - The Foundation for Delaware County\" \/>\n<meta property=\"og:url\" content=\"https:\/\/delcofoundation.org\/fr\/donner-et-conseiller\/conseillers-professionnels-avocats\/parlez-a-vos-clients-des-dons\/\" \/>\n<meta property=\"og:site_name\" content=\"The Foundation for Delaware County\" \/>\n<meta property=\"article:modified_time\" content=\"2024-06-21T16:19:13+00:00\" \/>\n<meta property=\"og:image\" content=\"https:\/\/delcofoundation.org\/app\/uploads\/2021\/10\/320_FDC-Annual-21-e1631905307293.jpg\" \/>\n\t<meta property=\"og:image:width\" content=\"1950\" \/>\n\t<meta property=\"og:image:height\" content=\"1150\" \/>\n\t<meta property=\"og:image:type\" content=\"image\/jpeg\" \/>\n<meta name=\"twitter:card\" content=\"summary_large_image\" \/>\n<script type=\"application\/ld+json\" class=\"yoast-schema-graph\">{\"@context\":\"https:\/\/schema.org\",\"@graph\":[{\"@type\":\"WebPage\",\"@id\":\"https:\/\/delcofoundation.org\/fr\/donner-et-conseiller\/conseillers-professionnels-avocats\/parlez-a-vos-clients-des-dons\/\",\"url\":\"https:\/\/delcofoundation.org\/fr\/donner-et-conseiller\/conseillers-professionnels-avocats\/parlez-a-vos-clients-des-dons\/\",\"name\":\"Parlez \u00e0 vos clients des dons - The Foundation for Delaware County\",\"isPartOf\":{\"@id\":\"https:\/\/delcofoundation.org\/fr\/#website\"},\"datePublished\":\"2023-06-21T14:49:52+00:00\",\"dateModified\":\"2024-06-21T16:19:13+00:00\",\"breadcrumb\":{\"@id\":\"https:\/\/delcofoundation.org\/fr\/donner-et-conseiller\/conseillers-professionnels-avocats\/parlez-a-vos-clients-des-dons\/#breadcrumb\"},\"inLanguage\":\"fr-FR\",\"potentialAction\":[{\"@type\":\"ReadAction\",\"target\":[\"https:\/\/delcofoundation.org\/fr\/donner-et-conseiller\/conseillers-professionnels-avocats\/parlez-a-vos-clients-des-dons\/\"]}]},{\"@type\":\"BreadcrumbList\",\"@id\":\"https:\/\/delcofoundation.org\/fr\/donner-et-conseiller\/conseillers-professionnels-avocats\/parlez-a-vos-clients-des-dons\/#breadcrumb\",\"itemListElement\":[{\"@type\":\"ListItem\",\"position\":1,\"name\":\"Home\",\"item\":\"https:\/\/delcofoundation.org\/fr\/\"},{\"@type\":\"ListItem\",\"position\":2,\"name\":\"Donner et conseiller\",\"item\":\"https:\/\/delcofoundation.org\/fr\/donner-et-conseiller\/\"},{\"@type\":\"ListItem\",\"position\":3,\"name\":\"Conseillers professionnels\/avocats\",\"item\":\"https:\/\/delcofoundation.org\/fr\/donner-et-conseiller\/conseillers-professionnels-avocats\/\"},{\"@type\":\"ListItem\",\"position\":4,\"name\":\"Parlez \u00e0 vos clients des dons\"}]},{\"@type\":\"WebSite\",\"@id\":\"https:\/\/delcofoundation.org\/fr\/#website\",\"url\":\"https:\/\/delcofoundation.org\/fr\/\",\"name\":\"The Foundation for Delaware County\",\"description\":\"\",\"publisher\":{\"@id\":\"https:\/\/delcofoundation.org\/fr\/#organization\"},\"potentialAction\":[{\"@type\":\"SearchAction\",\"target\":{\"@type\":\"EntryPoint\",\"urlTemplate\":\"https:\/\/delcofoundation.org\/fr\/?s={search_term_string}\"},\"query-input\":{\"@type\":\"PropertyValueSpecification\",\"valueRequired\":true,\"valueName\":\"search_term_string\"}}],\"inLanguage\":\"fr-FR\"},{\"@type\":\"Organization\",\"@id\":\"https:\/\/delcofoundation.org\/fr\/#organization\",\"name\":\"The Foundation for Delaware County\",\"url\":\"https:\/\/delcofoundation.org\/fr\/\",\"logo\":{\"@type\":\"ImageObject\",\"inLanguage\":\"fr-FR\",\"@id\":\"https:\/\/delcofoundation.org\/fr\/#\/schema\/logo\/image\/\",\"url\":\"\",\"contentUrl\":\"\",\"caption\":\"The Foundation for Delaware County\"},\"image\":{\"@id\":\"https:\/\/delcofoundation.org\/fr\/#\/schema\/logo\/image\/\"}}]}<\/script>\n<!-- \/ Yoast SEO plugin. -->","yoast_head_json":{"title":"Parlez \u00e0 vos clients des dons - The Foundation for Delaware County","description":"Vous trouverez ci-dessous quelques questions qui peuvent vous aider \u00e0 identifier les clients qui pourraient envisager de faire un don \u00e0 la Fondation ou de cr\u00e9er un fonds aupr\u00e8s d&#8217;elle :\n\nAi-je des clients qui s&#8217;int\u00e9ressent de pr\u00e8s \u00e0 leur communaut\u00e9 locale et qui s&#8217;y sont engag\u00e9s ?\nDonnent-ils \u00e0 plus d&#8217;une cause caritative ?\nSouhaitent-ils cr\u00e9er un h\u00e9ritage personnel ou familial au sein de leur communaut\u00e9 ?\nEnvisagent-ils de cr\u00e9er une fondation priv\u00e9e mais s&#8217;inqui\u00e8tent des co\u00fbts, de la confidentialit\u00e9 et de la complexit\u00e9 administrative qui affectent leur philanthropie ?\nSouhaitent-ils rester personnellement impliqu\u00e9s dans l&#8217;utilisation des fonds qu&#8217;ils d\u00e9ploient \u00e0 des fins caritatives ?\nSouhaitent-ils b\u00e9n\u00e9ficier d&#8217;un avantage fiscal maximal pour leurs contributions caritatives en vertu de la l\u00e9gislation f\u00e9d\u00e9rale ?\nAccordent-ils la priorit\u00e9 \u00e0 la bonne gestion financi\u00e8re de leurs contributions ?\nSont-ils pr\u00e9occup\u00e9s par l&#8217;avenir des organisations \u00e0 but non lucratif qu&#8217;ils soutiennent actuellement ? Veulent-ils s&#8217;assurer que leurs dons restent pertinents m\u00eame si ces organisations cessent d&#8217;exister ou changent de mission ?\n\nSi vous r\u00e9pondez par l&#8217;affirmative \u00e0 ces questions, votre partenariat avec la Fondation vous fournira les outils n\u00e9cessaires pour faciliter la planification des \u0153uvres de bienfaisance pour vous et vos clients.\nAide-m\u00e9moire du conseiller professionnel\nInscrivez-vous \u00e0 la lettre d&#8217;information \u00e9lectronique du conseiller professionnel","robots":{"index":"index","follow":"follow","max-snippet":"max-snippet:-1","max-image-preview":"max-image-preview:large","max-video-preview":"max-video-preview:-1"},"canonical":"https:\/\/delcofoundation.org\/fr\/donner-et-conseiller\/conseillers-professionnels-avocats\/parlez-a-vos-clients-des-dons\/","og_locale":"fr_FR","og_type":"article","og_title":"Parlez \u00e0 vos clients des dons - The Foundation for Delaware County","og_url":"https:\/\/delcofoundation.org\/fr\/donner-et-conseiller\/conseillers-professionnels-avocats\/parlez-a-vos-clients-des-dons\/","og_site_name":"The Foundation for Delaware County","article_modified_time":"2024-06-21T16:19:13+00:00","og_image":[{"width":1950,"height":1150,"url":"https:\/\/delcofoundation.org\/app\/uploads\/2021\/10\/320_FDC-Annual-21-e1631905307293.jpg","type":"image\/jpeg"}],"twitter_card":"summary_large_image","schema":{"@context":"https:\/\/schema.org","@graph":[{"@type":"WebPage","@id":"https:\/\/delcofoundation.org\/fr\/donner-et-conseiller\/conseillers-professionnels-avocats\/parlez-a-vos-clients-des-dons\/","url":"https:\/\/delcofoundation.org\/fr\/donner-et-conseiller\/conseillers-professionnels-avocats\/parlez-a-vos-clients-des-dons\/","name":"Parlez \u00e0 vos clients des dons - The Foundation for Delaware County","isPartOf":{"@id":"https:\/\/delcofoundation.org\/fr\/#website"},"datePublished":"2023-06-21T14:49:52+00:00","dateModified":"2024-06-21T16:19:13+00:00","breadcrumb":{"@id":"https:\/\/delcofoundation.org\/fr\/donner-et-conseiller\/conseillers-professionnels-avocats\/parlez-a-vos-clients-des-dons\/#breadcrumb"},"inLanguage":"fr-FR","potentialAction":[{"@type":"ReadAction","target":["https:\/\/delcofoundation.org\/fr\/donner-et-conseiller\/conseillers-professionnels-avocats\/parlez-a-vos-clients-des-dons\/"]}]},{"@type":"BreadcrumbList","@id":"https:\/\/delcofoundation.org\/fr\/donner-et-conseiller\/conseillers-professionnels-avocats\/parlez-a-vos-clients-des-dons\/#breadcrumb","itemListElement":[{"@type":"ListItem","position":1,"name":"Home","item":"https:\/\/delcofoundation.org\/fr\/"},{"@type":"ListItem","position":2,"name":"Donner et conseiller","item":"https:\/\/delcofoundation.org\/fr\/donner-et-conseiller\/"},{"@type":"ListItem","position":3,"name":"Conseillers professionnels\/avocats","item":"https:\/\/delcofoundation.org\/fr\/donner-et-conseiller\/conseillers-professionnels-avocats\/"},{"@type":"ListItem","position":4,"name":"Parlez \u00e0 vos clients des dons"}]},{"@type":"WebSite","@id":"https:\/\/delcofoundation.org\/fr\/#website","url":"https:\/\/delcofoundation.org\/fr\/","name":"The Foundation for Delaware County","description":"","publisher":{"@id":"https:\/\/delcofoundation.org\/fr\/#organization"},"potentialAction":[{"@type":"SearchAction","target":{"@type":"EntryPoint","urlTemplate":"https:\/\/delcofoundation.org\/fr\/?s={search_term_string}"},"query-input":{"@type":"PropertyValueSpecification","valueRequired":true,"valueName":"search_term_string"}}],"inLanguage":"fr-FR"},{"@type":"Organization","@id":"https:\/\/delcofoundation.org\/fr\/#organization","name":"The Foundation for Delaware County","url":"https:\/\/delcofoundation.org\/fr\/","logo":{"@type":"ImageObject","inLanguage":"fr-FR","@id":"https:\/\/delcofoundation.org\/fr\/#\/schema\/logo\/image\/","url":"","contentUrl":"","caption":"The Foundation for Delaware County"},"image":{"@id":"https:\/\/delcofoundation.org\/fr\/#\/schema\/logo\/image\/"}}]}},"_links":{"self":[{"href":"https:\/\/delcofoundation.org\/fr\/wp-json\/wp\/v2\/pages\/7510","targetHints":{"allow":["GET"]}}],"collection":[{"href":"https:\/\/delcofoundation.org\/fr\/wp-json\/wp\/v2\/pages"}],"about":[{"href":"https:\/\/delcofoundation.org\/fr\/wp-json\/wp\/v2\/types\/page"}],"author":[{"embeddable":true,"href":"https:\/\/delcofoundation.org\/fr\/wp-json\/wp\/v2\/users\/11"}],"replies":[{"embeddable":true,"href":"https:\/\/delcofoundation.org\/fr\/wp-json\/wp\/v2\/comments?post=7510"}],"version-history":[{"count":1,"href":"https:\/\/delcofoundation.org\/fr\/wp-json\/wp\/v2\/pages\/7510\/revisions"}],"predecessor-version":[{"id":7520,"href":"https:\/\/delcofoundation.org\/fr\/wp-json\/wp\/v2\/pages\/7510\/revisions\/7520"}],"up":[{"embeddable":true,"href":"https:\/\/delcofoundation.org\/fr\/wp-json\/wp\/v2\/pages\/7519"}],"wp:attachment":[{"href":"https:\/\/delcofoundation.org\/fr\/wp-json\/wp\/v2\/media?parent=7510"}],"curies":[{"name":"wp","href":"https:\/\/api.w.org\/{rel}","templated":true}]}}