{"id":7389,"date":"2021-08-03T13:54:53","date_gmt":"2021-08-03T13:54:53","guid":{"rendered":"https:\/\/delcofoundation.org\/informations-financieres\/"},"modified":"2026-03-31T21:13:47","modified_gmt":"2026-03-31T21:13:47","slug":"informations-financieres","status":"publish","type":"page","link":"https:\/\/delcofoundation.org\/fr\/qui-sommes-nous\/informations-financieres\/","title":{"rendered":"Informations financi\u00e8res"},"content":{"rendered":"","protected":false},"excerpt":{"rendered":"","protected":false},"author":5,"featured_media":0,"parent":7418,"menu_order":0,"comment_status":"closed","ping_status":"closed","template":"page-templates\/content-modules.php","meta":{"_acf_changed":false,"inline_featured_image":false,"footnotes":""},"class_list":["post-7389","page","type-page","status-publish","hentry"],"acf":[],"yoast_head":"<!-- This site is optimized with the Yoast SEO plugin v26.7 - https:\/\/yoast.com\/wordpress\/plugins\/seo\/ -->\n<title>Informations financi\u00e8res - The Foundation for Delaware County<\/title>\n<meta name=\"description\" content=\"Notre strat\u00e9gie d&#8217;investissement est ax\u00e9e sur la recherche du meilleur rendement possible ajust\u00e9 au risque. Nous y parvenons en maximisant les fonds disponibles pour financer des travaux essentiels dans notre comt\u00e9 d\u00e8s \u00e0 pr\u00e9sent, tout en g\u00e9rant et en augmentant prudemment les ressources afin de maintenir une source de capital philanthropique qui r\u00e9pondra aux besoins \u00e9mergents \u00e0 l&#8217;avenir.\nNous restons attach\u00e9s \u00e0 une gestion responsable, \u00e0 la transparence et \u00e0 la responsabilit\u00e9 publique dans tout ce que nous faisons. Nos gestionnaires d&#8217;investissement professionnels rencontrent au moins une fois par trimestre le comit\u00e9 d&#8217;investissement de la fondation afin d&#8217;\u00e9valuer les performances et d&#8217;ajuster les approches strat\u00e9giques si n\u00e9cessaire.\nNotre commission des finances surveille les progr\u00e8s financiers trimestriels et examine et recommande au conseil d&#8217;administration un budget annuel qui a \u00e9t\u00e9 respect\u00e9 et m\u00eame d\u00e9pass\u00e9 au cours de chacune des cinq ann\u00e9es d&#8217;activit\u00e9 de la fondation. Un comit\u00e9 d&#8217;audit supervise le travail de l&#8217;auditeur ind\u00e9pendant de la fondation. Tous les audits et les d\u00e9clarations fiscales 990 de l&#8217;IRS peuvent \u00eatre consult\u00e9s ci-dessous.\nLa fondation investit tous ses placements en actions et une partie de ses placements \u00e0 revenu fixe dans un ensemble de fonds environnementaux, sociaux et de gouvernance d&#8217;entreprise (ESG) afin d&#8217;aligner notre strat\u00e9gie d&#8217;investissement sur la mission globale de la fondation.\" \/>\n<meta name=\"robots\" content=\"index, follow, max-snippet:-1, max-image-preview:large, max-video-preview:-1\" \/>\n<link rel=\"canonical\" href=\"https:\/\/delcofoundation.org\/fr\/qui-sommes-nous\/informations-financieres\/\" \/>\n<meta property=\"og:locale\" content=\"fr_FR\" \/>\n<meta property=\"og:type\" content=\"article\" \/>\n<meta property=\"og:title\" content=\"Informations financi\u00e8res - The Foundation for Delaware County\" \/>\n<meta property=\"og:url\" content=\"https:\/\/delcofoundation.org\/fr\/qui-sommes-nous\/informations-financieres\/\" \/>\n<meta property=\"og:site_name\" content=\"The Foundation for Delaware County\" \/>\n<meta property=\"article:modified_time\" content=\"2026-03-31T21:13:47+00:00\" \/>\n<meta property=\"og:image\" content=\"https:\/\/delcofoundation.org\/app\/uploads\/2021\/10\/320_FDC-Annual-21-e1631905307293.jpg\" \/>\n\t<meta property=\"og:image:width\" content=\"1950\" \/>\n\t<meta property=\"og:image:height\" content=\"1150\" \/>\n\t<meta property=\"og:image:type\" content=\"image\/jpeg\" \/>\n<meta name=\"twitter:card\" content=\"summary_large_image\" \/>\n<script type=\"application\/ld+json\" class=\"yoast-schema-graph\">{\"@context\":\"https:\/\/schema.org\",\"@graph\":[{\"@type\":\"WebPage\",\"@id\":\"https:\/\/delcofoundation.org\/fr\/qui-sommes-nous\/informations-financieres\/\",\"url\":\"https:\/\/delcofoundation.org\/fr\/qui-sommes-nous\/informations-financieres\/\",\"name\":\"Informations financi\u00e8res - The Foundation for Delaware County\",\"isPartOf\":{\"@id\":\"https:\/\/delcofoundation.org\/fr\/#website\"},\"datePublished\":\"2021-08-03T13:54:53+00:00\",\"dateModified\":\"2026-03-31T21:13:47+00:00\",\"breadcrumb\":{\"@id\":\"https:\/\/delcofoundation.org\/fr\/qui-sommes-nous\/informations-financieres\/#breadcrumb\"},\"inLanguage\":\"fr-FR\",\"potentialAction\":[{\"@type\":\"ReadAction\",\"target\":[\"https:\/\/delcofoundation.org\/fr\/qui-sommes-nous\/informations-financieres\/\"]}]},{\"@type\":\"BreadcrumbList\",\"@id\":\"https:\/\/delcofoundation.org\/fr\/qui-sommes-nous\/informations-financieres\/#breadcrumb\",\"itemListElement\":[{\"@type\":\"ListItem\",\"position\":1,\"name\":\"Home\",\"item\":\"https:\/\/delcofoundation.org\/fr\/\"},{\"@type\":\"ListItem\",\"position\":2,\"name\":\"Qui sommes-nous ?\",\"item\":\"https:\/\/delcofoundation.org\/fr\/qui-sommes-nous\/\"},{\"@type\":\"ListItem\",\"position\":3,\"name\":\"Informations financi\u00e8res\"}]},{\"@type\":\"WebSite\",\"@id\":\"https:\/\/delcofoundation.org\/fr\/#website\",\"url\":\"https:\/\/delcofoundation.org\/fr\/\",\"name\":\"The Foundation for Delaware County\",\"description\":\"\",\"publisher\":{\"@id\":\"https:\/\/delcofoundation.org\/fr\/#organization\"},\"potentialAction\":[{\"@type\":\"SearchAction\",\"target\":{\"@type\":\"EntryPoint\",\"urlTemplate\":\"https:\/\/delcofoundation.org\/fr\/?s={search_term_string}\"},\"query-input\":{\"@type\":\"PropertyValueSpecification\",\"valueRequired\":true,\"valueName\":\"search_term_string\"}}],\"inLanguage\":\"fr-FR\"},{\"@type\":\"Organization\",\"@id\":\"https:\/\/delcofoundation.org\/fr\/#organization\",\"name\":\"The Foundation for Delaware County\",\"url\":\"https:\/\/delcofoundation.org\/fr\/\",\"logo\":{\"@type\":\"ImageObject\",\"inLanguage\":\"fr-FR\",\"@id\":\"https:\/\/delcofoundation.org\/fr\/#\/schema\/logo\/image\/\",\"url\":\"\",\"contentUrl\":\"\",\"caption\":\"The Foundation for Delaware County\"},\"image\":{\"@id\":\"https:\/\/delcofoundation.org\/fr\/#\/schema\/logo\/image\/\"}}]}<\/script>\n<!-- \/ Yoast SEO plugin. -->","yoast_head_json":{"title":"Informations financi\u00e8res - The Foundation for Delaware County","description":"Notre strat\u00e9gie d&#8217;investissement est ax\u00e9e sur la recherche du meilleur rendement possible ajust\u00e9 au risque. Nous y parvenons en maximisant les fonds disponibles pour financer des travaux essentiels dans notre comt\u00e9 d\u00e8s \u00e0 pr\u00e9sent, tout en g\u00e9rant et en augmentant prudemment les ressources afin de maintenir une source de capital philanthropique qui r\u00e9pondra aux besoins \u00e9mergents \u00e0 l&#8217;avenir.\nNous restons attach\u00e9s \u00e0 une gestion responsable, \u00e0 la transparence et \u00e0 la responsabilit\u00e9 publique dans tout ce que nous faisons. Nos gestionnaires d&#8217;investissement professionnels rencontrent au moins une fois par trimestre le comit\u00e9 d&#8217;investissement de la fondation afin d&#8217;\u00e9valuer les performances et d&#8217;ajuster les approches strat\u00e9giques si n\u00e9cessaire.\nNotre commission des finances surveille les progr\u00e8s financiers trimestriels et examine et recommande au conseil d&#8217;administration un budget annuel qui a \u00e9t\u00e9 respect\u00e9 et m\u00eame d\u00e9pass\u00e9 au cours de chacune des cinq ann\u00e9es d&#8217;activit\u00e9 de la fondation. Un comit\u00e9 d&#8217;audit supervise le travail de l&#8217;auditeur ind\u00e9pendant de la fondation. Tous les audits et les d\u00e9clarations fiscales 990 de l&#8217;IRS peuvent \u00eatre consult\u00e9s ci-dessous.\nLa fondation investit tous ses placements en actions et une partie de ses placements \u00e0 revenu fixe dans un ensemble de fonds environnementaux, sociaux et de gouvernance d&#8217;entreprise (ESG) afin d&#8217;aligner notre strat\u00e9gie d&#8217;investissement sur la mission globale de la fondation.","robots":{"index":"index","follow":"follow","max-snippet":"max-snippet:-1","max-image-preview":"max-image-preview:large","max-video-preview":"max-video-preview:-1"},"canonical":"https:\/\/delcofoundation.org\/fr\/qui-sommes-nous\/informations-financieres\/","og_locale":"fr_FR","og_type":"article","og_title":"Informations financi\u00e8res - The Foundation for Delaware County","og_url":"https:\/\/delcofoundation.org\/fr\/qui-sommes-nous\/informations-financieres\/","og_site_name":"The Foundation for Delaware County","article_modified_time":"2026-03-31T21:13:47+00:00","og_image":[{"width":1950,"height":1150,"url":"https:\/\/delcofoundation.org\/app\/uploads\/2021\/10\/320_FDC-Annual-21-e1631905307293.jpg","type":"image\/jpeg"}],"twitter_card":"summary_large_image","schema":{"@context":"https:\/\/schema.org","@graph":[{"@type":"WebPage","@id":"https:\/\/delcofoundation.org\/fr\/qui-sommes-nous\/informations-financieres\/","url":"https:\/\/delcofoundation.org\/fr\/qui-sommes-nous\/informations-financieres\/","name":"Informations financi\u00e8res - The Foundation for Delaware County","isPartOf":{"@id":"https:\/\/delcofoundation.org\/fr\/#website"},"datePublished":"2021-08-03T13:54:53+00:00","dateModified":"2026-03-31T21:13:47+00:00","breadcrumb":{"@id":"https:\/\/delcofoundation.org\/fr\/qui-sommes-nous\/informations-financieres\/#breadcrumb"},"inLanguage":"fr-FR","potentialAction":[{"@type":"ReadAction","target":["https:\/\/delcofoundation.org\/fr\/qui-sommes-nous\/informations-financieres\/"]}]},{"@type":"BreadcrumbList","@id":"https:\/\/delcofoundation.org\/fr\/qui-sommes-nous\/informations-financieres\/#breadcrumb","itemListElement":[{"@type":"ListItem","position":1,"name":"Home","item":"https:\/\/delcofoundation.org\/fr\/"},{"@type":"ListItem","position":2,"name":"Qui sommes-nous ?","item":"https:\/\/delcofoundation.org\/fr\/qui-sommes-nous\/"},{"@type":"ListItem","position":3,"name":"Informations financi\u00e8res"}]},{"@type":"WebSite","@id":"https:\/\/delcofoundation.org\/fr\/#website","url":"https:\/\/delcofoundation.org\/fr\/","name":"The Foundation for Delaware County","description":"","publisher":{"@id":"https:\/\/delcofoundation.org\/fr\/#organization"},"potentialAction":[{"@type":"SearchAction","target":{"@type":"EntryPoint","urlTemplate":"https:\/\/delcofoundation.org\/fr\/?s={search_term_string}"},"query-input":{"@type":"PropertyValueSpecification","valueRequired":true,"valueName":"search_term_string"}}],"inLanguage":"fr-FR"},{"@type":"Organization","@id":"https:\/\/delcofoundation.org\/fr\/#organization","name":"The Foundation for Delaware County","url":"https:\/\/delcofoundation.org\/fr\/","logo":{"@type":"ImageObject","inLanguage":"fr-FR","@id":"https:\/\/delcofoundation.org\/fr\/#\/schema\/logo\/image\/","url":"","contentUrl":"","caption":"The Foundation for Delaware County"},"image":{"@id":"https:\/\/delcofoundation.org\/fr\/#\/schema\/logo\/image\/"}}]}},"_links":{"self":[{"href":"https:\/\/delcofoundation.org\/fr\/wp-json\/wp\/v2\/pages\/7389","targetHints":{"allow":["GET"]}}],"collection":[{"href":"https:\/\/delcofoundation.org\/fr\/wp-json\/wp\/v2\/pages"}],"about":[{"href":"https:\/\/delcofoundation.org\/fr\/wp-json\/wp\/v2\/types\/page"}],"author":[{"embeddable":true,"href":"https:\/\/delcofoundation.org\/fr\/wp-json\/wp\/v2\/users\/5"}],"replies":[{"embeddable":true,"href":"https:\/\/delcofoundation.org\/fr\/wp-json\/wp\/v2\/comments?post=7389"}],"version-history":[{"count":1,"href":"https:\/\/delcofoundation.org\/fr\/wp-json\/wp\/v2\/pages\/7389\/revisions"}],"predecessor-version":[{"id":7434,"href":"https:\/\/delcofoundation.org\/fr\/wp-json\/wp\/v2\/pages\/7389\/revisions\/7434"}],"up":[{"embeddable":true,"href":"https:\/\/delcofoundation.org\/fr\/wp-json\/wp\/v2\/pages\/7418"}],"wp:attachment":[{"href":"https:\/\/delcofoundation.org\/fr\/wp-json\/wp\/v2\/media?parent=7389"}],"curies":[{"name":"wp","href":"https:\/\/api.w.org\/{rel}","templated":true}]}}