{"id":7359,"date":"2021-08-03T13:53:07","date_gmt":"2021-08-03T13:53:07","guid":{"rendered":"https:\/\/delcofoundation.org\/notre-histoire\/"},"modified":"2024-06-21T16:03:14","modified_gmt":"2024-06-21T16:03:14","slug":"notre-histoire","status":"publish","type":"page","link":"https:\/\/delcofoundation.org\/fr\/qui-sommes-nous\/notre-histoire\/","title":{"rendered":"Notre histoire"},"content":{"rendered":"","protected":false},"excerpt":{"rendered":"","protected":false},"author":5,"featured_media":0,"parent":7418,"menu_order":0,"comment_status":"closed","ping_status":"closed","template":"page-templates\/content-modules.php","meta":{"_acf_changed":false,"inline_featured_image":false,"footnotes":""},"class_list":["post-7359","page","type-page","status-publish","hentry"],"acf":[],"yoast_head":"<!-- This site is optimized with the Yoast SEO plugin v26.7 - https:\/\/yoast.com\/wordpress\/plugins\/seo\/ -->\n<title>Notre histoire - The Foundation for Delaware County<\/title>\n<meta name=\"description\" content=\"Nos racines dans le comt\u00e9 de Delaware sont profondes. Notre histoire remonte au syst\u00e8me de sant\u00e9 \u00e0 but non lucratif Crozer-Keystone Health System et \u00e0 ses h\u00f4pitaux affili\u00e9s qui ont servi collectivement notre communaut\u00e9 pendant plus d&#8217;un si\u00e8cle. Lorsque Prospect Medical Holdings Inc. a acquis Crozer-Keystone en 2016, le syst\u00e8me de sant\u00e9 n&#8217;\u00e9tait plus consid\u00e9r\u00e9 comme une organisation \u00e0 but non lucratif, et la loi f\u00e9d\u00e9rale exigeait que les actifs \u00e0 but non lucratif de l&#8217;entit\u00e9 d&#8217;origine soient mis de c\u00f4t\u00e9 dans une organisation caritative enti\u00e8rement s\u00e9par\u00e9e et ind\u00e9pendante. Cela a ouvert la voie \u00e0 notre ouverture en tant que plus grande fondation communautaire du comt\u00e9 de Delaware le 1er juillet 2016.\nDepuis lors, la fondation a octroy\u00e9 plus de 12 millions de dollars en subventions, bourses et aides caritatives. En outre, nos programmes de sant\u00e9 communautaire ont fourni des services de soutien directs \u00e0 plus de 8 000 clients chaque ann\u00e9e. Nous avons acquis une r\u00e9putation de leader communautaire en stimulant la participation et les partenariats au sein de nos communaut\u00e9s, en abordant des questions essentielles de qualit\u00e9 de vie et en fournissant des ressources utiles aux organisations \u00e0 but non lucratif et aux donateurs.\nAu cours de cette courte p\u00e9riode, nous avons d\u00e9fini le r\u00f4le unique que nous jouons en tant que leader dans le comt\u00e9 de Delaware et nous continuons \u00e0 \u00e9voluer en fonction des nouvelles opportunit\u00e9s qui s&#8217;offrent \u00e0 nous pour accro\u00eetre notre impact. La Fondation pour le comt\u00e9 de Delaware s&#8217;engage \u00e0 travailler avec ing\u00e9niosit\u00e9 au profit des habitants de notre comt\u00e9, tout en promouvant l&#8217;\u00e9quit\u00e9 en mati\u00e8re de sant\u00e9 et en encourageant la collaboration. Nous comprenons le pouvoir qui r\u00e9side dans le partenariat et nous esp\u00e9rons que vous vous joindrez \u00e0 nous pour faire avancer le comt\u00e9 de Delaware.\" \/>\n<meta name=\"robots\" content=\"index, follow, max-snippet:-1, max-image-preview:large, max-video-preview:-1\" \/>\n<link rel=\"canonical\" href=\"https:\/\/delcofoundation.org\/fr\/qui-sommes-nous\/notre-histoire\/\" \/>\n<meta property=\"og:locale\" content=\"fr_FR\" \/>\n<meta property=\"og:type\" content=\"article\" \/>\n<meta property=\"og:title\" content=\"Notre histoire - The Foundation for Delaware County\" \/>\n<meta property=\"og:url\" content=\"https:\/\/delcofoundation.org\/fr\/qui-sommes-nous\/notre-histoire\/\" \/>\n<meta property=\"og:site_name\" content=\"The Foundation for Delaware County\" \/>\n<meta property=\"article:modified_time\" content=\"2024-06-21T16:03:14+00:00\" \/>\n<meta property=\"og:image\" content=\"https:\/\/delcofoundation.org\/app\/uploads\/2021\/10\/320_FDC-Annual-21-e1631905307293.jpg\" \/>\n\t<meta property=\"og:image:width\" content=\"1950\" \/>\n\t<meta property=\"og:image:height\" content=\"1150\" \/>\n\t<meta property=\"og:image:type\" content=\"image\/jpeg\" \/>\n<meta name=\"twitter:card\" content=\"summary_large_image\" \/>\n<script type=\"application\/ld+json\" class=\"yoast-schema-graph\">{\"@context\":\"https:\/\/schema.org\",\"@graph\":[{\"@type\":\"WebPage\",\"@id\":\"https:\/\/delcofoundation.org\/fr\/qui-sommes-nous\/notre-histoire\/\",\"url\":\"https:\/\/delcofoundation.org\/fr\/qui-sommes-nous\/notre-histoire\/\",\"name\":\"Notre histoire - The Foundation for Delaware County\",\"isPartOf\":{\"@id\":\"https:\/\/delcofoundation.org\/fr\/#website\"},\"datePublished\":\"2021-08-03T13:53:07+00:00\",\"dateModified\":\"2024-06-21T16:03:14+00:00\",\"breadcrumb\":{\"@id\":\"https:\/\/delcofoundation.org\/fr\/qui-sommes-nous\/notre-histoire\/#breadcrumb\"},\"inLanguage\":\"fr-FR\",\"potentialAction\":[{\"@type\":\"ReadAction\",\"target\":[\"https:\/\/delcofoundation.org\/fr\/qui-sommes-nous\/notre-histoire\/\"]}]},{\"@type\":\"BreadcrumbList\",\"@id\":\"https:\/\/delcofoundation.org\/fr\/qui-sommes-nous\/notre-histoire\/#breadcrumb\",\"itemListElement\":[{\"@type\":\"ListItem\",\"position\":1,\"name\":\"Home\",\"item\":\"https:\/\/delcofoundation.org\/fr\/\"},{\"@type\":\"ListItem\",\"position\":2,\"name\":\"Notre histoire\"}]},{\"@type\":\"WebSite\",\"@id\":\"https:\/\/delcofoundation.org\/fr\/#website\",\"url\":\"https:\/\/delcofoundation.org\/fr\/\",\"name\":\"The Foundation for Delaware County\",\"description\":\"\",\"publisher\":{\"@id\":\"https:\/\/delcofoundation.org\/fr\/#organization\"},\"potentialAction\":[{\"@type\":\"SearchAction\",\"target\":{\"@type\":\"EntryPoint\",\"urlTemplate\":\"https:\/\/delcofoundation.org\/fr\/?s={search_term_string}\"},\"query-input\":{\"@type\":\"PropertyValueSpecification\",\"valueRequired\":true,\"valueName\":\"search_term_string\"}}],\"inLanguage\":\"fr-FR\"},{\"@type\":\"Organization\",\"@id\":\"https:\/\/delcofoundation.org\/fr\/#organization\",\"name\":\"The Foundation for Delaware County\",\"url\":\"https:\/\/delcofoundation.org\/fr\/\",\"logo\":{\"@type\":\"ImageObject\",\"inLanguage\":\"fr-FR\",\"@id\":\"https:\/\/delcofoundation.org\/fr\/#\/schema\/logo\/image\/\",\"url\":\"\",\"contentUrl\":\"\",\"caption\":\"The Foundation for Delaware County\"},\"image\":{\"@id\":\"https:\/\/delcofoundation.org\/fr\/#\/schema\/logo\/image\/\"}}]}<\/script>\n<!-- \/ Yoast SEO plugin. -->","yoast_head_json":{"title":"Notre histoire - The Foundation for Delaware County","description":"Nos racines dans le comt\u00e9 de Delaware sont profondes. Notre histoire remonte au syst\u00e8me de sant\u00e9 \u00e0 but non lucratif Crozer-Keystone Health System et \u00e0 ses h\u00f4pitaux affili\u00e9s qui ont servi collectivement notre communaut\u00e9 pendant plus d&#8217;un si\u00e8cle. Lorsque Prospect Medical Holdings Inc. a acquis Crozer-Keystone en 2016, le syst\u00e8me de sant\u00e9 n&#8217;\u00e9tait plus consid\u00e9r\u00e9 comme une organisation \u00e0 but non lucratif, et la loi f\u00e9d\u00e9rale exigeait que les actifs \u00e0 but non lucratif de l&#8217;entit\u00e9 d&#8217;origine soient mis de c\u00f4t\u00e9 dans une organisation caritative enti\u00e8rement s\u00e9par\u00e9e et ind\u00e9pendante. Cela a ouvert la voie \u00e0 notre ouverture en tant que plus grande fondation communautaire du comt\u00e9 de Delaware le 1er juillet 2016.\nDepuis lors, la fondation a octroy\u00e9 plus de 12 millions de dollars en subventions, bourses et aides caritatives. En outre, nos programmes de sant\u00e9 communautaire ont fourni des services de soutien directs \u00e0 plus de 8 000 clients chaque ann\u00e9e. Nous avons acquis une r\u00e9putation de leader communautaire en stimulant la participation et les partenariats au sein de nos communaut\u00e9s, en abordant des questions essentielles de qualit\u00e9 de vie et en fournissant des ressources utiles aux organisations \u00e0 but non lucratif et aux donateurs.\nAu cours de cette courte p\u00e9riode, nous avons d\u00e9fini le r\u00f4le unique que nous jouons en tant que leader dans le comt\u00e9 de Delaware et nous continuons \u00e0 \u00e9voluer en fonction des nouvelles opportunit\u00e9s qui s&#8217;offrent \u00e0 nous pour accro\u00eetre notre impact. La Fondation pour le comt\u00e9 de Delaware s&#8217;engage \u00e0 travailler avec ing\u00e9niosit\u00e9 au profit des habitants de notre comt\u00e9, tout en promouvant l&#8217;\u00e9quit\u00e9 en mati\u00e8re de sant\u00e9 et en encourageant la collaboration. Nous comprenons le pouvoir qui r\u00e9side dans le partenariat et nous esp\u00e9rons que vous vous joindrez \u00e0 nous pour faire avancer le comt\u00e9 de Delaware.","robots":{"index":"index","follow":"follow","max-snippet":"max-snippet:-1","max-image-preview":"max-image-preview:large","max-video-preview":"max-video-preview:-1"},"canonical":"https:\/\/delcofoundation.org\/fr\/qui-sommes-nous\/notre-histoire\/","og_locale":"fr_FR","og_type":"article","og_title":"Notre histoire - The Foundation for Delaware County","og_url":"https:\/\/delcofoundation.org\/fr\/qui-sommes-nous\/notre-histoire\/","og_site_name":"The Foundation for Delaware County","article_modified_time":"2024-06-21T16:03:14+00:00","og_image":[{"width":1950,"height":1150,"url":"https:\/\/delcofoundation.org\/app\/uploads\/2021\/10\/320_FDC-Annual-21-e1631905307293.jpg","type":"image\/jpeg"}],"twitter_card":"summary_large_image","schema":{"@context":"https:\/\/schema.org","@graph":[{"@type":"WebPage","@id":"https:\/\/delcofoundation.org\/fr\/qui-sommes-nous\/notre-histoire\/","url":"https:\/\/delcofoundation.org\/fr\/qui-sommes-nous\/notre-histoire\/","name":"Notre histoire - The Foundation for Delaware County","isPartOf":{"@id":"https:\/\/delcofoundation.org\/fr\/#website"},"datePublished":"2021-08-03T13:53:07+00:00","dateModified":"2024-06-21T16:03:14+00:00","breadcrumb":{"@id":"https:\/\/delcofoundation.org\/fr\/qui-sommes-nous\/notre-histoire\/#breadcrumb"},"inLanguage":"fr-FR","potentialAction":[{"@type":"ReadAction","target":["https:\/\/delcofoundation.org\/fr\/qui-sommes-nous\/notre-histoire\/"]}]},{"@type":"BreadcrumbList","@id":"https:\/\/delcofoundation.org\/fr\/qui-sommes-nous\/notre-histoire\/#breadcrumb","itemListElement":[{"@type":"ListItem","position":1,"name":"Home","item":"https:\/\/delcofoundation.org\/fr\/"},{"@type":"ListItem","position":2,"name":"Notre histoire"}]},{"@type":"WebSite","@id":"https:\/\/delcofoundation.org\/fr\/#website","url":"https:\/\/delcofoundation.org\/fr\/","name":"The Foundation for Delaware County","description":"","publisher":{"@id":"https:\/\/delcofoundation.org\/fr\/#organization"},"potentialAction":[{"@type":"SearchAction","target":{"@type":"EntryPoint","urlTemplate":"https:\/\/delcofoundation.org\/fr\/?s={search_term_string}"},"query-input":{"@type":"PropertyValueSpecification","valueRequired":true,"valueName":"search_term_string"}}],"inLanguage":"fr-FR"},{"@type":"Organization","@id":"https:\/\/delcofoundation.org\/fr\/#organization","name":"The Foundation for Delaware County","url":"https:\/\/delcofoundation.org\/fr\/","logo":{"@type":"ImageObject","inLanguage":"fr-FR","@id":"https:\/\/delcofoundation.org\/fr\/#\/schema\/logo\/image\/","url":"","contentUrl":"","caption":"The Foundation for Delaware County"},"image":{"@id":"https:\/\/delcofoundation.org\/fr\/#\/schema\/logo\/image\/"}}]}},"_links":{"self":[{"href":"https:\/\/delcofoundation.org\/fr\/wp-json\/wp\/v2\/pages\/7359","targetHints":{"allow":["GET"]}}],"collection":[{"href":"https:\/\/delcofoundation.org\/fr\/wp-json\/wp\/v2\/pages"}],"about":[{"href":"https:\/\/delcofoundation.org\/fr\/wp-json\/wp\/v2\/types\/page"}],"author":[{"embeddable":true,"href":"https:\/\/delcofoundation.org\/fr\/wp-json\/wp\/v2\/users\/5"}],"replies":[{"embeddable":true,"href":"https:\/\/delcofoundation.org\/fr\/wp-json\/wp\/v2\/comments?post=7359"}],"version-history":[{"count":1,"href":"https:\/\/delcofoundation.org\/fr\/wp-json\/wp\/v2\/pages\/7359\/revisions"}],"predecessor-version":[{"id":7429,"href":"https:\/\/delcofoundation.org\/fr\/wp-json\/wp\/v2\/pages\/7359\/revisions\/7429"}],"up":[{"embeddable":true,"href":"https:\/\/delcofoundation.org\/fr\/wp-json\/wp\/v2\/pages\/7418"}],"wp:attachment":[{"href":"https:\/\/delcofoundation.org\/fr\/wp-json\/wp\/v2\/media?parent=7359"}],"curies":[{"name":"wp","href":"https:\/\/api.w.org\/{rel}","templated":true}]}}