{"id":7085,"date":"2021-08-03T14:06:05","date_gmt":"2021-08-03T14:06:05","guid":{"rendered":"https:\/\/delcofoundation.org\/faire-progresser-les-organisations-a-but-non-lucratif\/"},"modified":"2026-04-16T13:09:25","modified_gmt":"2026-04-16T13:09:25","slug":"faire-progresser-les-organisations-a-but-non-lucratif","status":"publish","type":"page","link":"https:\/\/delcofoundation.org\/fr\/faire-progresser-les-organisations-a-but-non-lucratif\/","title":{"rendered":"Faire progresser les organisations \u00e0 but non lucratif"},"content":{"rendered":"","protected":false},"excerpt":{"rendered":"","protected":false},"author":5,"featured_media":0,"parent":0,"menu_order":0,"comment_status":"closed","ping_status":"closed","template":"page-templates\/content-modules.php","meta":{"_acf_changed":false,"inline_featured_image":false,"footnotes":""},"class_list":["post-7085","page","type-page","status-publish","hentry"],"acf":[],"yoast_head":"<!-- This site is optimized with the Yoast SEO plugin v26.7 - https:\/\/yoast.com\/wordpress\/plugins\/seo\/ -->\n<title>Faire progresser les organisations \u00e0 but non lucratif - The Foundation for Delaware County<\/title>\n<meta name=\"description\" content=\"Nous investissons dans des subventions qui aident les organisations \u00e0 but non lucratif de notre comt\u00e9 \u00e0 \u00e9tendre et \u00e0 am\u00e9liorer leurs services, et dans le d\u00e9veloppement professionnel par l&#8217;interm\u00e9diaire de notre Center for Nonprofit Excellence, qui aide le personnel des organisations \u00e0 but non lucratif de notre comt\u00e9 \u00e0 d\u00e9velopper leurs comp\u00e9tences en mati\u00e8re de leadership.\nNos subventions visent \u00e0 avoir un effet positif sur les d\u00e9terminants sociaux de la sant\u00e9, c&#8217;est-\u00e0-dire les facteurs cl\u00e9s qui influencent la sant\u00e9 et le bien-\u00eatre des individus et des familles, tels que l&#8217;acc\u00e8s aux soins de sant\u00e9 et leur qualit\u00e9, la stabilit\u00e9 \u00e9conomique, l&#8217;\u00e9ducation, la s\u00e9curit\u00e9 alimentaire et un logement s\u00fbr et salubre. Pour avoir un effet durable et parvenir \u00e0 une plus grande \u00e9quit\u00e9 en mati\u00e8re de sant\u00e9 dans le comt\u00e9 de Delaware, nous avons soutenu 57 organisations \u00e0 but non lucratif dans le cadre de notre programme 2024 Impact Grantmaking.\nEn 2024, la Fondation a engag\u00e9 Victoria Dougherty Consulting LLC pour mener une \u00e9valuation de notre portefeuille de subventions d&#8217;impact entre 2018 et 2023. L&#8217;\u00e9valuation du portefeuille comprenait un examen de la base de donn\u00e9es des subventions de la Fondation et des entretiens avec les partenaires des b\u00e9n\u00e9ficiaires et les parties prenantes de la communaut\u00e9. Nous avons examin\u00e9 de pr\u00e8s les r\u00e9sultats et les produits de nos efforts philanthropiques au cours de cette p\u00e9riode de cinq ans. Le rapport final montre l&#8217;impact de nos initiatives et pr\u00e9sente des recommandations pour ajuster notre strat\u00e9gie d&#8217;octroi de subventions afin d&#8217;orienter nos priorit\u00e9s de financement au cours des cinq prochaines ann\u00e9es. Lisez le r\u00e9sum\u00e9 de l&#8217;\u00e9valuation de la subvention d&#8217;impact.\" \/>\n<meta name=\"robots\" content=\"index, follow, max-snippet:-1, max-image-preview:large, max-video-preview:-1\" \/>\n<link rel=\"canonical\" href=\"https:\/\/delcofoundation.org\/fr\/faire-progresser-les-organisations-a-but-non-lucratif\/\" \/>\n<meta property=\"og:locale\" content=\"fr_FR\" \/>\n<meta property=\"og:type\" content=\"article\" \/>\n<meta property=\"og:title\" content=\"Faire progresser les organisations \u00e0 but non lucratif - The Foundation for Delaware County\" \/>\n<meta property=\"og:url\" content=\"https:\/\/delcofoundation.org\/fr\/faire-progresser-les-organisations-a-but-non-lucratif\/\" \/>\n<meta property=\"og:site_name\" content=\"The Foundation for Delaware County\" \/>\n<meta property=\"article:modified_time\" content=\"2026-04-16T13:09:25+00:00\" \/>\n<meta property=\"og:image\" content=\"https:\/\/delcofoundation.org\/app\/uploads\/2021\/10\/320_FDC-Annual-21-e1631905307293.jpg\" \/>\n\t<meta property=\"og:image:width\" content=\"1950\" \/>\n\t<meta property=\"og:image:height\" content=\"1150\" \/>\n\t<meta property=\"og:image:type\" content=\"image\/jpeg\" \/>\n<meta name=\"twitter:card\" content=\"summary_large_image\" \/>\n<script type=\"application\/ld+json\" class=\"yoast-schema-graph\">{\"@context\":\"https:\/\/schema.org\",\"@graph\":[{\"@type\":\"WebPage\",\"@id\":\"https:\/\/delcofoundation.org\/fr\/faire-progresser-les-organisations-a-but-non-lucratif\/\",\"url\":\"https:\/\/delcofoundation.org\/fr\/faire-progresser-les-organisations-a-but-non-lucratif\/\",\"name\":\"Faire progresser les organisations \u00e0 but non lucratif - The Foundation for Delaware County\",\"isPartOf\":{\"@id\":\"https:\/\/delcofoundation.org\/fr\/#website\"},\"datePublished\":\"2021-08-03T14:06:05+00:00\",\"dateModified\":\"2026-04-16T13:09:25+00:00\",\"breadcrumb\":{\"@id\":\"https:\/\/delcofoundation.org\/fr\/faire-progresser-les-organisations-a-but-non-lucratif\/#breadcrumb\"},\"inLanguage\":\"fr-FR\",\"potentialAction\":[{\"@type\":\"ReadAction\",\"target\":[\"https:\/\/delcofoundation.org\/fr\/faire-progresser-les-organisations-a-but-non-lucratif\/\"]}]},{\"@type\":\"BreadcrumbList\",\"@id\":\"https:\/\/delcofoundation.org\/fr\/faire-progresser-les-organisations-a-but-non-lucratif\/#breadcrumb\",\"itemListElement\":[{\"@type\":\"ListItem\",\"position\":1,\"name\":\"Home\",\"item\":\"https:\/\/delcofoundation.org\/fr\/\"},{\"@type\":\"ListItem\",\"position\":2,\"name\":\"Faire progresser les organisations \u00e0 but non lucratif\"}]},{\"@type\":\"WebSite\",\"@id\":\"https:\/\/delcofoundation.org\/fr\/#website\",\"url\":\"https:\/\/delcofoundation.org\/fr\/\",\"name\":\"The Foundation for Delaware County\",\"description\":\"\",\"publisher\":{\"@id\":\"https:\/\/delcofoundation.org\/fr\/#organization\"},\"potentialAction\":[{\"@type\":\"SearchAction\",\"target\":{\"@type\":\"EntryPoint\",\"urlTemplate\":\"https:\/\/delcofoundation.org\/fr\/?s={search_term_string}\"},\"query-input\":{\"@type\":\"PropertyValueSpecification\",\"valueRequired\":true,\"valueName\":\"search_term_string\"}}],\"inLanguage\":\"fr-FR\"},{\"@type\":\"Organization\",\"@id\":\"https:\/\/delcofoundation.org\/fr\/#organization\",\"name\":\"The Foundation for Delaware County\",\"url\":\"https:\/\/delcofoundation.org\/fr\/\",\"logo\":{\"@type\":\"ImageObject\",\"inLanguage\":\"fr-FR\",\"@id\":\"https:\/\/delcofoundation.org\/fr\/#\/schema\/logo\/image\/\",\"url\":\"\",\"contentUrl\":\"\",\"caption\":\"The Foundation for Delaware County\"},\"image\":{\"@id\":\"https:\/\/delcofoundation.org\/fr\/#\/schema\/logo\/image\/\"}}]}<\/script>\n<!-- \/ Yoast SEO plugin. -->","yoast_head_json":{"title":"Faire progresser les organisations \u00e0 but non lucratif - The Foundation for Delaware County","description":"Nous investissons dans des subventions qui aident les organisations \u00e0 but non lucratif de notre comt\u00e9 \u00e0 \u00e9tendre et \u00e0 am\u00e9liorer leurs services, et dans le d\u00e9veloppement professionnel par l&#8217;interm\u00e9diaire de notre Center for Nonprofit Excellence, qui aide le personnel des organisations \u00e0 but non lucratif de notre comt\u00e9 \u00e0 d\u00e9velopper leurs comp\u00e9tences en mati\u00e8re de leadership.\nNos subventions visent \u00e0 avoir un effet positif sur les d\u00e9terminants sociaux de la sant\u00e9, c&#8217;est-\u00e0-dire les facteurs cl\u00e9s qui influencent la sant\u00e9 et le bien-\u00eatre des individus et des familles, tels que l&#8217;acc\u00e8s aux soins de sant\u00e9 et leur qualit\u00e9, la stabilit\u00e9 \u00e9conomique, l&#8217;\u00e9ducation, la s\u00e9curit\u00e9 alimentaire et un logement s\u00fbr et salubre. Pour avoir un effet durable et parvenir \u00e0 une plus grande \u00e9quit\u00e9 en mati\u00e8re de sant\u00e9 dans le comt\u00e9 de Delaware, nous avons soutenu 57 organisations \u00e0 but non lucratif dans le cadre de notre programme 2024 Impact Grantmaking.\nEn 2024, la Fondation a engag\u00e9 Victoria Dougherty Consulting LLC pour mener une \u00e9valuation de notre portefeuille de subventions d&#8217;impact entre 2018 et 2023. L&#8217;\u00e9valuation du portefeuille comprenait un examen de la base de donn\u00e9es des subventions de la Fondation et des entretiens avec les partenaires des b\u00e9n\u00e9ficiaires et les parties prenantes de la communaut\u00e9. Nous avons examin\u00e9 de pr\u00e8s les r\u00e9sultats et les produits de nos efforts philanthropiques au cours de cette p\u00e9riode de cinq ans. Le rapport final montre l&#8217;impact de nos initiatives et pr\u00e9sente des recommandations pour ajuster notre strat\u00e9gie d&#8217;octroi de subventions afin d&#8217;orienter nos priorit\u00e9s de financement au cours des cinq prochaines ann\u00e9es. Lisez le r\u00e9sum\u00e9 de l&#8217;\u00e9valuation de la subvention d&#8217;impact.","robots":{"index":"index","follow":"follow","max-snippet":"max-snippet:-1","max-image-preview":"max-image-preview:large","max-video-preview":"max-video-preview:-1"},"canonical":"https:\/\/delcofoundation.org\/fr\/faire-progresser-les-organisations-a-but-non-lucratif\/","og_locale":"fr_FR","og_type":"article","og_title":"Faire progresser les organisations \u00e0 but non lucratif - The Foundation for Delaware County","og_url":"https:\/\/delcofoundation.org\/fr\/faire-progresser-les-organisations-a-but-non-lucratif\/","og_site_name":"The Foundation for Delaware County","article_modified_time":"2026-04-16T13:09:25+00:00","og_image":[{"width":1950,"height":1150,"url":"https:\/\/delcofoundation.org\/app\/uploads\/2021\/10\/320_FDC-Annual-21-e1631905307293.jpg","type":"image\/jpeg"}],"twitter_card":"summary_large_image","schema":{"@context":"https:\/\/schema.org","@graph":[{"@type":"WebPage","@id":"https:\/\/delcofoundation.org\/fr\/faire-progresser-les-organisations-a-but-non-lucratif\/","url":"https:\/\/delcofoundation.org\/fr\/faire-progresser-les-organisations-a-but-non-lucratif\/","name":"Faire progresser les organisations \u00e0 but non lucratif - The Foundation for Delaware County","isPartOf":{"@id":"https:\/\/delcofoundation.org\/fr\/#website"},"datePublished":"2021-08-03T14:06:05+00:00","dateModified":"2026-04-16T13:09:25+00:00","breadcrumb":{"@id":"https:\/\/delcofoundation.org\/fr\/faire-progresser-les-organisations-a-but-non-lucratif\/#breadcrumb"},"inLanguage":"fr-FR","potentialAction":[{"@type":"ReadAction","target":["https:\/\/delcofoundation.org\/fr\/faire-progresser-les-organisations-a-but-non-lucratif\/"]}]},{"@type":"BreadcrumbList","@id":"https:\/\/delcofoundation.org\/fr\/faire-progresser-les-organisations-a-but-non-lucratif\/#breadcrumb","itemListElement":[{"@type":"ListItem","position":1,"name":"Home","item":"https:\/\/delcofoundation.org\/fr\/"},{"@type":"ListItem","position":2,"name":"Faire progresser les organisations \u00e0 but non lucratif"}]},{"@type":"WebSite","@id":"https:\/\/delcofoundation.org\/fr\/#website","url":"https:\/\/delcofoundation.org\/fr\/","name":"The Foundation for Delaware County","description":"","publisher":{"@id":"https:\/\/delcofoundation.org\/fr\/#organization"},"potentialAction":[{"@type":"SearchAction","target":{"@type":"EntryPoint","urlTemplate":"https:\/\/delcofoundation.org\/fr\/?s={search_term_string}"},"query-input":{"@type":"PropertyValueSpecification","valueRequired":true,"valueName":"search_term_string"}}],"inLanguage":"fr-FR"},{"@type":"Organization","@id":"https:\/\/delcofoundation.org\/fr\/#organization","name":"The Foundation for Delaware County","url":"https:\/\/delcofoundation.org\/fr\/","logo":{"@type":"ImageObject","inLanguage":"fr-FR","@id":"https:\/\/delcofoundation.org\/fr\/#\/schema\/logo\/image\/","url":"","contentUrl":"","caption":"The Foundation for Delaware County"},"image":{"@id":"https:\/\/delcofoundation.org\/fr\/#\/schema\/logo\/image\/"}}]}},"_links":{"self":[{"href":"https:\/\/delcofoundation.org\/fr\/wp-json\/wp\/v2\/pages\/7085","targetHints":{"allow":["GET"]}}],"collection":[{"href":"https:\/\/delcofoundation.org\/fr\/wp-json\/wp\/v2\/pages"}],"about":[{"href":"https:\/\/delcofoundation.org\/fr\/wp-json\/wp\/v2\/types\/page"}],"author":[{"embeddable":true,"href":"https:\/\/delcofoundation.org\/fr\/wp-json\/wp\/v2\/users\/5"}],"replies":[{"embeddable":true,"href":"https:\/\/delcofoundation.org\/fr\/wp-json\/wp\/v2\/comments?post=7085"}],"version-history":[{"count":1,"href":"https:\/\/delcofoundation.org\/fr\/wp-json\/wp\/v2\/pages\/7085\/revisions"}],"predecessor-version":[{"id":10760,"href":"https:\/\/delcofoundation.org\/fr\/wp-json\/wp\/v2\/pages\/7085\/revisions\/10760"}],"wp:attachment":[{"href":"https:\/\/delcofoundation.org\/fr\/wp-json\/wp\/v2\/media?parent=7085"}],"curies":[{"name":"wp","href":"https:\/\/api.w.org\/{rel}","templated":true}]}}