{"id":7025,"date":"2021-07-28T19:17:05","date_gmt":"2021-07-28T19:17:05","guid":{"rendered":"https:\/\/delcofoundation.org\/comprendre-les-defis-de-notre-comte\/"},"modified":"2025-04-14T13:39:49","modified_gmt":"2025-04-14T13:39:49","slug":"comprendre-les-defis-de-notre-comte","status":"publish","type":"page","link":"https:\/\/delcofoundation.org\/fr\/our-impact\/comprendre-les-defis-de-notre-comte\/","title":{"rendered":"Comprendre les d\u00e9fis de notre comt\u00e9"},"content":{"rendered":"","protected":false},"excerpt":{"rendered":"","protected":false},"author":5,"featured_media":0,"parent":7043,"menu_order":0,"comment_status":"closed","ping_status":"closed","template":"page-templates\/content-modules.php","meta":{"_acf_changed":false,"inline_featured_image":false,"footnotes":""},"class_list":["post-7025","page","type-page","status-publish","hentry"],"acf":[],"yoast_head":"<!-- This site is optimized with the Yoast SEO plugin v26.7 - https:\/\/yoast.com\/wordpress\/plugins\/seo\/ -->\n<title>Comprendre les d\u00e9fis de notre comt\u00e9 - The Foundation for Delaware County<\/title>\n<meta name=\"description\" content=\"Le comt\u00e9 est dens\u00e9ment peupl\u00e9, c&#8217;est le cinqui\u00e8me plus peupl\u00e9 du Commonwealth, mais le troisi\u00e8me plus petit en termes de superficie. La r\u00e9gion dispose de ressources importantes, d&#8217;une communaut\u00e9 d&#8217;affaires engag\u00e9e et d&#8217;organisations non lucratives talentueuses, de plusieurs \u00e9tablissements d&#8217;enseignement sup\u00e9rieur et d&#8217;excellentes infrastructures de soins de sant\u00e9, et ses habitants ont un fort sentiment de fiert\u00e9 d&#8217;appartenance \u00e0 la communaut\u00e9. Cependant, le comt\u00e9 de Delaware est confront\u00e9 \u00e0 des d\u00e9fis.\nBien que le comt\u00e9 se classe au quatri\u00e8me rang du Commonwealth en termes de revenu par habitant, il abrite plus de 50 000 personnes vivant dans la pauvret\u00e9. En outre, dans plusieurs r\u00e9gions, la pauvret\u00e9 multig\u00e9n\u00e9rationnelle est end\u00e9mique. Si le comt\u00e9 soutient la comparaison avec ses pairs au niveau national sur de nombreuses mesures &#8211; du niveau d&#8217;\u00e9ducation \u00e0 l&#8217;acc\u00e8s aux soins primaires &#8211; il se classe d\u00e9favorablement sur une s\u00e9rie d&#8217;autres mesures. Il s&#8217;agit notamment de certains crimes, des grossesses chez les adolescentes, de l&#8217;insuffisance pond\u00e9rale \u00e0 la naissance, des d\u00e9c\u00e8s dus au VIH, des maladies cardiaques et des accidents vasculaires c\u00e9r\u00e9braux.\" \/>\n<meta name=\"robots\" content=\"index, follow, max-snippet:-1, max-image-preview:large, max-video-preview:-1\" \/>\n<link rel=\"canonical\" href=\"https:\/\/delcofoundation.org\/fr\/our-impact\/comprendre-les-defis-de-notre-comte\/\" \/>\n<meta property=\"og:locale\" content=\"fr_FR\" \/>\n<meta property=\"og:type\" content=\"article\" \/>\n<meta property=\"og:title\" content=\"Comprendre les d\u00e9fis de notre comt\u00e9 - The Foundation for Delaware County\" \/>\n<meta property=\"og:url\" content=\"https:\/\/delcofoundation.org\/fr\/our-impact\/comprendre-les-defis-de-notre-comte\/\" \/>\n<meta property=\"og:site_name\" content=\"The Foundation for Delaware County\" \/>\n<meta property=\"article:modified_time\" content=\"2025-04-14T13:39:49+00:00\" \/>\n<meta property=\"og:image\" content=\"https:\/\/delcofoundation.org\/app\/uploads\/2021\/10\/320_FDC-Annual-21-e1631905307293.jpg\" \/>\n\t<meta property=\"og:image:width\" content=\"1950\" \/>\n\t<meta property=\"og:image:height\" content=\"1150\" \/>\n\t<meta property=\"og:image:type\" content=\"image\/jpeg\" \/>\n<meta name=\"twitter:card\" content=\"summary_large_image\" \/>\n<script type=\"application\/ld+json\" class=\"yoast-schema-graph\">{\"@context\":\"https:\/\/schema.org\",\"@graph\":[{\"@type\":\"WebPage\",\"@id\":\"https:\/\/delcofoundation.org\/fr\/our-impact\/comprendre-les-defis-de-notre-comte\/\",\"url\":\"https:\/\/delcofoundation.org\/fr\/our-impact\/comprendre-les-defis-de-notre-comte\/\",\"name\":\"Comprendre les d\u00e9fis de notre comt\u00e9 - The Foundation for Delaware County\",\"isPartOf\":{\"@id\":\"https:\/\/delcofoundation.org\/fr\/#website\"},\"datePublished\":\"2021-07-28T19:17:05+00:00\",\"dateModified\":\"2025-04-14T13:39:49+00:00\",\"breadcrumb\":{\"@id\":\"https:\/\/delcofoundation.org\/fr\/our-impact\/comprendre-les-defis-de-notre-comte\/#breadcrumb\"},\"inLanguage\":\"fr-FR\",\"potentialAction\":[{\"@type\":\"ReadAction\",\"target\":[\"https:\/\/delcofoundation.org\/fr\/our-impact\/comprendre-les-defis-de-notre-comte\/\"]}]},{\"@type\":\"BreadcrumbList\",\"@id\":\"https:\/\/delcofoundation.org\/fr\/our-impact\/comprendre-les-defis-de-notre-comte\/#breadcrumb\",\"itemListElement\":[{\"@type\":\"ListItem\",\"position\":1,\"name\":\"Home\",\"item\":\"https:\/\/delcofoundation.org\/fr\/\"},{\"@type\":\"ListItem\",\"position\":2,\"name\":\"Our Impact\",\"item\":\"https:\/\/delcofoundation.org\/fr\/our-impact\/\"},{\"@type\":\"ListItem\",\"position\":3,\"name\":\"Comprendre les d\u00e9fis de notre comt\u00e9\"}]},{\"@type\":\"WebSite\",\"@id\":\"https:\/\/delcofoundation.org\/fr\/#website\",\"url\":\"https:\/\/delcofoundation.org\/fr\/\",\"name\":\"The Foundation for Delaware County\",\"description\":\"\",\"publisher\":{\"@id\":\"https:\/\/delcofoundation.org\/fr\/#organization\"},\"potentialAction\":[{\"@type\":\"SearchAction\",\"target\":{\"@type\":\"EntryPoint\",\"urlTemplate\":\"https:\/\/delcofoundation.org\/fr\/?s={search_term_string}\"},\"query-input\":{\"@type\":\"PropertyValueSpecification\",\"valueRequired\":true,\"valueName\":\"search_term_string\"}}],\"inLanguage\":\"fr-FR\"},{\"@type\":\"Organization\",\"@id\":\"https:\/\/delcofoundation.org\/fr\/#organization\",\"name\":\"The Foundation for Delaware County\",\"url\":\"https:\/\/delcofoundation.org\/fr\/\",\"logo\":{\"@type\":\"ImageObject\",\"inLanguage\":\"fr-FR\",\"@id\":\"https:\/\/delcofoundation.org\/fr\/#\/schema\/logo\/image\/\",\"url\":\"\",\"contentUrl\":\"\",\"caption\":\"The Foundation for Delaware County\"},\"image\":{\"@id\":\"https:\/\/delcofoundation.org\/fr\/#\/schema\/logo\/image\/\"}}]}<\/script>\n<!-- \/ Yoast SEO plugin. -->","yoast_head_json":{"title":"Comprendre les d\u00e9fis de notre comt\u00e9 - The Foundation for Delaware County","description":"Le comt\u00e9 est dens\u00e9ment peupl\u00e9, c&#8217;est le cinqui\u00e8me plus peupl\u00e9 du Commonwealth, mais le troisi\u00e8me plus petit en termes de superficie. La r\u00e9gion dispose de ressources importantes, d&#8217;une communaut\u00e9 d&#8217;affaires engag\u00e9e et d&#8217;organisations non lucratives talentueuses, de plusieurs \u00e9tablissements d&#8217;enseignement sup\u00e9rieur et d&#8217;excellentes infrastructures de soins de sant\u00e9, et ses habitants ont un fort sentiment de fiert\u00e9 d&#8217;appartenance \u00e0 la communaut\u00e9. Cependant, le comt\u00e9 de Delaware est confront\u00e9 \u00e0 des d\u00e9fis.\nBien que le comt\u00e9 se classe au quatri\u00e8me rang du Commonwealth en termes de revenu par habitant, il abrite plus de 50 000 personnes vivant dans la pauvret\u00e9. En outre, dans plusieurs r\u00e9gions, la pauvret\u00e9 multig\u00e9n\u00e9rationnelle est end\u00e9mique. Si le comt\u00e9 soutient la comparaison avec ses pairs au niveau national sur de nombreuses mesures &#8211; du niveau d&#8217;\u00e9ducation \u00e0 l&#8217;acc\u00e8s aux soins primaires &#8211; il se classe d\u00e9favorablement sur une s\u00e9rie d&#8217;autres mesures. Il s&#8217;agit notamment de certains crimes, des grossesses chez les adolescentes, de l&#8217;insuffisance pond\u00e9rale \u00e0 la naissance, des d\u00e9c\u00e8s dus au VIH, des maladies cardiaques et des accidents vasculaires c\u00e9r\u00e9braux.","robots":{"index":"index","follow":"follow","max-snippet":"max-snippet:-1","max-image-preview":"max-image-preview:large","max-video-preview":"max-video-preview:-1"},"canonical":"https:\/\/delcofoundation.org\/fr\/our-impact\/comprendre-les-defis-de-notre-comte\/","og_locale":"fr_FR","og_type":"article","og_title":"Comprendre les d\u00e9fis de notre comt\u00e9 - The Foundation for Delaware County","og_url":"https:\/\/delcofoundation.org\/fr\/our-impact\/comprendre-les-defis-de-notre-comte\/","og_site_name":"The Foundation for Delaware County","article_modified_time":"2025-04-14T13:39:49+00:00","og_image":[{"width":1950,"height":1150,"url":"https:\/\/delcofoundation.org\/app\/uploads\/2021\/10\/320_FDC-Annual-21-e1631905307293.jpg","type":"image\/jpeg"}],"twitter_card":"summary_large_image","schema":{"@context":"https:\/\/schema.org","@graph":[{"@type":"WebPage","@id":"https:\/\/delcofoundation.org\/fr\/our-impact\/comprendre-les-defis-de-notre-comte\/","url":"https:\/\/delcofoundation.org\/fr\/our-impact\/comprendre-les-defis-de-notre-comte\/","name":"Comprendre les d\u00e9fis de notre comt\u00e9 - The Foundation for Delaware County","isPartOf":{"@id":"https:\/\/delcofoundation.org\/fr\/#website"},"datePublished":"2021-07-28T19:17:05+00:00","dateModified":"2025-04-14T13:39:49+00:00","breadcrumb":{"@id":"https:\/\/delcofoundation.org\/fr\/our-impact\/comprendre-les-defis-de-notre-comte\/#breadcrumb"},"inLanguage":"fr-FR","potentialAction":[{"@type":"ReadAction","target":["https:\/\/delcofoundation.org\/fr\/our-impact\/comprendre-les-defis-de-notre-comte\/"]}]},{"@type":"BreadcrumbList","@id":"https:\/\/delcofoundation.org\/fr\/our-impact\/comprendre-les-defis-de-notre-comte\/#breadcrumb","itemListElement":[{"@type":"ListItem","position":1,"name":"Home","item":"https:\/\/delcofoundation.org\/fr\/"},{"@type":"ListItem","position":2,"name":"Our Impact","item":"https:\/\/delcofoundation.org\/fr\/our-impact\/"},{"@type":"ListItem","position":3,"name":"Comprendre les d\u00e9fis de notre comt\u00e9"}]},{"@type":"WebSite","@id":"https:\/\/delcofoundation.org\/fr\/#website","url":"https:\/\/delcofoundation.org\/fr\/","name":"The Foundation for Delaware County","description":"","publisher":{"@id":"https:\/\/delcofoundation.org\/fr\/#organization"},"potentialAction":[{"@type":"SearchAction","target":{"@type":"EntryPoint","urlTemplate":"https:\/\/delcofoundation.org\/fr\/?s={search_term_string}"},"query-input":{"@type":"PropertyValueSpecification","valueRequired":true,"valueName":"search_term_string"}}],"inLanguage":"fr-FR"},{"@type":"Organization","@id":"https:\/\/delcofoundation.org\/fr\/#organization","name":"The Foundation for Delaware County","url":"https:\/\/delcofoundation.org\/fr\/","logo":{"@type":"ImageObject","inLanguage":"fr-FR","@id":"https:\/\/delcofoundation.org\/fr\/#\/schema\/logo\/image\/","url":"","contentUrl":"","caption":"The Foundation for Delaware County"},"image":{"@id":"https:\/\/delcofoundation.org\/fr\/#\/schema\/logo\/image\/"}}]}},"_links":{"self":[{"href":"https:\/\/delcofoundation.org\/fr\/wp-json\/wp\/v2\/pages\/7025","targetHints":{"allow":["GET"]}}],"collection":[{"href":"https:\/\/delcofoundation.org\/fr\/wp-json\/wp\/v2\/pages"}],"about":[{"href":"https:\/\/delcofoundation.org\/fr\/wp-json\/wp\/v2\/types\/page"}],"author":[{"embeddable":true,"href":"https:\/\/delcofoundation.org\/fr\/wp-json\/wp\/v2\/users\/5"}],"replies":[{"embeddable":true,"href":"https:\/\/delcofoundation.org\/fr\/wp-json\/wp\/v2\/comments?post=7025"}],"version-history":[{"count":1,"href":"https:\/\/delcofoundation.org\/fr\/wp-json\/wp\/v2\/pages\/7025\/revisions"}],"predecessor-version":[{"id":7045,"href":"https:\/\/delcofoundation.org\/fr\/wp-json\/wp\/v2\/pages\/7025\/revisions\/7045"}],"up":[{"embeddable":true,"href":"https:\/\/delcofoundation.org\/fr\/wp-json\/wp\/v2\/pages\/7043"}],"wp:attachment":[{"href":"https:\/\/delcofoundation.org\/fr\/wp-json\/wp\/v2\/media?parent=7025"}],"curies":[{"name":"wp","href":"https:\/\/api.w.org\/{rel}","templated":true}]}}