{"id":6905,"date":"2021-07-28T19:13:33","date_gmt":"2021-07-28T19:13:33","guid":{"rendered":"https:\/\/delcofoundation.org\/accueil\/"},"modified":"2026-04-22T11:27:34","modified_gmt":"2026-04-22T11:27:34","slug":"accueil","status":"publish","type":"page","link":"https:\/\/delcofoundation.org\/fr\/","title":{"rendered":"Accueil"},"content":{"rendered":"","protected":false},"excerpt":{"rendered":"","protected":false},"author":5,"featured_media":0,"parent":0,"menu_order":0,"comment_status":"closed","ping_status":"closed","template":"page-templates\/content-modules.php","meta":{"_acf_changed":false,"inline_featured_image":false,"footnotes":""},"class_list":["post-6905","page","type-page","status-publish","hentry"],"acf":[],"yoast_head":"<!-- This site is optimized with the Yoast SEO plugin v26.7 - https:\/\/yoast.com\/wordpress\/plugins\/seo\/ -->\n<title>Accueil - The Foundation for Delaware County<\/title>\n<meta name=\"description\" content=\"Nous avons pour mission de cr\u00e9er un avenir dynamique pour tous ceux qui vivent dans le comt\u00e9 de Delaware, en mobilisant des ressources et en jouant un r\u00f4le de chef de file pour relever les d\u00e9fis auxquels sont confront\u00e9es les diverses communaut\u00e9s de notre comt\u00e9.\" \/>\n<meta name=\"robots\" content=\"index, follow, max-snippet:-1, max-image-preview:large, max-video-preview:-1\" \/>\n<link rel=\"canonical\" href=\"https:\/\/delcofoundation.org\/fr\/\" \/>\n<meta property=\"og:locale\" content=\"fr_FR\" \/>\n<meta property=\"og:type\" content=\"article\" \/>\n<meta property=\"og:title\" content=\"Accueil - The Foundation for Delaware County\" \/>\n<meta property=\"og:url\" content=\"https:\/\/delcofoundation.org\/fr\/\" \/>\n<meta property=\"og:site_name\" content=\"The Foundation for Delaware County\" \/>\n<meta property=\"article:modified_time\" content=\"2026-04-22T11:27:34+00:00\" \/>\n<meta property=\"og:image\" content=\"https:\/\/delcofoundation.org\/app\/uploads\/2021\/10\/320_FDC-Annual-21-e1631905307293.jpg\" \/>\n\t<meta property=\"og:image:width\" content=\"1950\" \/>\n\t<meta property=\"og:image:height\" content=\"1150\" \/>\n\t<meta property=\"og:image:type\" content=\"image\/jpeg\" \/>\n<meta name=\"twitter:card\" content=\"summary_large_image\" \/>\n<script type=\"application\/ld+json\" class=\"yoast-schema-graph\">{\"@context\":\"https:\/\/schema.org\",\"@graph\":[{\"@type\":\"WebPage\",\"@id\":\"https:\/\/delcofoundation.org\/fr\/\",\"url\":\"https:\/\/delcofoundation.org\/fr\/\",\"name\":\"Accueil - The Foundation for Delaware County\",\"isPartOf\":{\"@id\":\"https:\/\/delcofoundation.org\/fr\/#website\"},\"datePublished\":\"2021-07-28T19:13:33+00:00\",\"dateModified\":\"2026-04-22T11:27:34+00:00\",\"breadcrumb\":{\"@id\":\"https:\/\/delcofoundation.org\/fr\/#breadcrumb\"},\"inLanguage\":\"fr-FR\",\"potentialAction\":[{\"@type\":\"ReadAction\",\"target\":[\"https:\/\/delcofoundation.org\/fr\/\"]}]},{\"@type\":\"BreadcrumbList\",\"@id\":\"https:\/\/delcofoundation.org\/fr\/#breadcrumb\",\"itemListElement\":[{\"@type\":\"ListItem\",\"position\":1,\"name\":\"Home\",\"item\":\"https:\/\/delcofoundation.org\/fr\/\"},{\"@type\":\"ListItem\",\"position\":2,\"name\":\"Accueil\"}]},{\"@type\":\"WebSite\",\"@id\":\"https:\/\/delcofoundation.org\/fr\/#website\",\"url\":\"https:\/\/delcofoundation.org\/fr\/\",\"name\":\"The Foundation for Delaware County\",\"description\":\"\",\"publisher\":{\"@id\":\"https:\/\/delcofoundation.org\/fr\/#organization\"},\"potentialAction\":[{\"@type\":\"SearchAction\",\"target\":{\"@type\":\"EntryPoint\",\"urlTemplate\":\"https:\/\/delcofoundation.org\/fr\/?s={search_term_string}\"},\"query-input\":{\"@type\":\"PropertyValueSpecification\",\"valueRequired\":true,\"valueName\":\"search_term_string\"}}],\"inLanguage\":\"fr-FR\"},{\"@type\":\"Organization\",\"@id\":\"https:\/\/delcofoundation.org\/fr\/#organization\",\"name\":\"The Foundation for Delaware County\",\"url\":\"https:\/\/delcofoundation.org\/fr\/\",\"logo\":{\"@type\":\"ImageObject\",\"inLanguage\":\"fr-FR\",\"@id\":\"https:\/\/delcofoundation.org\/fr\/#\/schema\/logo\/image\/\",\"url\":\"\",\"contentUrl\":\"\",\"caption\":\"The Foundation for Delaware County\"},\"image\":{\"@id\":\"https:\/\/delcofoundation.org\/fr\/#\/schema\/logo\/image\/\"}}]}<\/script>\n<!-- \/ Yoast SEO plugin. -->","yoast_head_json":{"title":"Accueil - The Foundation for Delaware County","description":"Nous avons pour mission de cr\u00e9er un avenir dynamique pour tous ceux qui vivent dans le comt\u00e9 de Delaware, en mobilisant des ressources et en jouant un r\u00f4le de chef de file pour relever les d\u00e9fis auxquels sont confront\u00e9es les diverses communaut\u00e9s de notre comt\u00e9.","robots":{"index":"index","follow":"follow","max-snippet":"max-snippet:-1","max-image-preview":"max-image-preview:large","max-video-preview":"max-video-preview:-1"},"canonical":"https:\/\/delcofoundation.org\/fr\/","og_locale":"fr_FR","og_type":"article","og_title":"Accueil - The Foundation for Delaware County","og_url":"https:\/\/delcofoundation.org\/fr\/","og_site_name":"The Foundation for Delaware County","article_modified_time":"2026-04-22T11:27:34+00:00","og_image":[{"width":1950,"height":1150,"url":"https:\/\/delcofoundation.org\/app\/uploads\/2021\/10\/320_FDC-Annual-21-e1631905307293.jpg","type":"image\/jpeg"}],"twitter_card":"summary_large_image","schema":{"@context":"https:\/\/schema.org","@graph":[{"@type":"WebPage","@id":"https:\/\/delcofoundation.org\/fr\/","url":"https:\/\/delcofoundation.org\/fr\/","name":"Accueil - The Foundation for Delaware County","isPartOf":{"@id":"https:\/\/delcofoundation.org\/fr\/#website"},"datePublished":"2021-07-28T19:13:33+00:00","dateModified":"2026-04-22T11:27:34+00:00","breadcrumb":{"@id":"https:\/\/delcofoundation.org\/fr\/#breadcrumb"},"inLanguage":"fr-FR","potentialAction":[{"@type":"ReadAction","target":["https:\/\/delcofoundation.org\/fr\/"]}]},{"@type":"BreadcrumbList","@id":"https:\/\/delcofoundation.org\/fr\/#breadcrumb","itemListElement":[{"@type":"ListItem","position":1,"name":"Home","item":"https:\/\/delcofoundation.org\/fr\/"},{"@type":"ListItem","position":2,"name":"Accueil"}]},{"@type":"WebSite","@id":"https:\/\/delcofoundation.org\/fr\/#website","url":"https:\/\/delcofoundation.org\/fr\/","name":"The Foundation for Delaware County","description":"","publisher":{"@id":"https:\/\/delcofoundation.org\/fr\/#organization"},"potentialAction":[{"@type":"SearchAction","target":{"@type":"EntryPoint","urlTemplate":"https:\/\/delcofoundation.org\/fr\/?s={search_term_string}"},"query-input":{"@type":"PropertyValueSpecification","valueRequired":true,"valueName":"search_term_string"}}],"inLanguage":"fr-FR"},{"@type":"Organization","@id":"https:\/\/delcofoundation.org\/fr\/#organization","name":"The Foundation for Delaware County","url":"https:\/\/delcofoundation.org\/fr\/","logo":{"@type":"ImageObject","inLanguage":"fr-FR","@id":"https:\/\/delcofoundation.org\/fr\/#\/schema\/logo\/image\/","url":"","contentUrl":"","caption":"The Foundation for Delaware County"},"image":{"@id":"https:\/\/delcofoundation.org\/fr\/#\/schema\/logo\/image\/"}}]}},"_links":{"self":[{"href":"https:\/\/delcofoundation.org\/fr\/wp-json\/wp\/v2\/pages\/6905","targetHints":{"allow":["GET"]}}],"collection":[{"href":"https:\/\/delcofoundation.org\/fr\/wp-json\/wp\/v2\/pages"}],"about":[{"href":"https:\/\/delcofoundation.org\/fr\/wp-json\/wp\/v2\/types\/page"}],"author":[{"embeddable":true,"href":"https:\/\/delcofoundation.org\/fr\/wp-json\/wp\/v2\/users\/5"}],"replies":[{"embeddable":true,"href":"https:\/\/delcofoundation.org\/fr\/wp-json\/wp\/v2\/comments?post=6905"}],"version-history":[{"count":1,"href":"https:\/\/delcofoundation.org\/fr\/wp-json\/wp\/v2\/pages\/6905\/revisions"}],"predecessor-version":[{"id":10770,"href":"https:\/\/delcofoundation.org\/fr\/wp-json\/wp\/v2\/pages\/6905\/revisions\/10770"}],"wp:attachment":[{"href":"https:\/\/delcofoundation.org\/fr\/wp-json\/wp\/v2\/media?parent=6905"}],"curies":[{"name":"wp","href":"https:\/\/api.w.org\/{rel}","templated":true}]}}