{"id":15851,"date":"2026-03-19T18:17:49","date_gmt":"2026-03-19T18:17:49","guid":{"rendered":"https:\/\/delcofoundation.org\/2026-mises-a-jour-fiscales-pour-la-planification-des-dons-de-charite\/"},"modified":"2026-03-19T18:17:49","modified_gmt":"2026-03-19T18:17:49","slug":"2026-mises-a-jour-fiscales-pour-la-planification-des-dons-de-charite","status":"publish","type":"page","link":"https:\/\/delcofoundation.org\/fr\/2026-mises-a-jour-fiscales-pour-la-planification-des-dons-de-charite\/","title":{"rendered":"2026 Mises \u00e0 jour fiscales pour la planification des dons de charit\u00e9"},"content":{"rendered":"<p>Alors que vous vous appr\u00eatez \u00e0 entrer dans l&#8217;ann\u00e9e 2026 avec vos clients, voici un bref aper\u00e7u des ajustements des seuils de l&#8217;IRS et des nouvelles dispositions de la loi fiscale les plus pertinentes pour les dons de bienfaisance cette ann\u00e9e.<\/p>\n<p><strong>D\u00e9duction forfaitaire<\/strong><\/p>\n<p>Pour 2026, la d\u00e9duction standard est de 16 100 dollars pour les d\u00e9clarants c\u00e9libataires, de 24 150 dollars pour les chefs de famille et de 32 200 dollars pour les couples mari\u00e9s d\u00e9clarant conjointement.<\/p>\n<p>Pourquoi c&#8217;est important : Les clients dont le total des d\u00e9ductions d\u00e9taill\u00e9es &#8211; y compris les dons de bienfaisance &#8211; d\u00e9passe la d\u00e9duction standard peuvent choisir de d\u00e9tailler leurs d\u00e9penses. Pour ceux qui n&#8217;atteignent pas ce seuil, une strat\u00e9gie de &#8220;regroupement&#8221; (consolidation de plusieurs ann\u00e9es de dons en une seule ann\u00e9e fiscale) peut aider \u00e0 franchir ce seuil et \u00e0 faire en sorte que les d\u00e9ductions pour dons de bienfaisance comptent. <\/p>\n<p><strong>Tranches d&#8217;imposition<\/strong><\/p>\n<p>Les taux s&#8217;\u00e9chelonnent toujours de 10 % \u00e0 37 %, mais les seuils de revenu pour chaque tranche ont chang\u00e9 pour 2026. De nouvelles limitations des d\u00e9ductions d\u00e9taill\u00e9es sont \u00e9galement entr\u00e9es en vigueur cette ann\u00e9e &#8211; notamment un plancher de 0,5 % et un plafond de 35 % &#8211; ce qui rend une planification r\u00e9fl\u00e9chie plus importante que jamais. <\/p>\n<p>Pourquoi c&#8217;est important : La r\u00e9vision des tranches d&#8217;imposition est une ouverture naturelle pour une conversation sur les dons. En aidant vos clients \u00e0 comprendre comment les nouveaux plafonds de d\u00e9ductions d\u00e9taill\u00e9es affectent leur strat\u00e9gie caritative, vous leur permettrez de faire des dons aussi efficaces que possible sur le plan fiscal. <\/p>\n<p><strong>Distributions caritatives qualifi\u00e9es (QCD)<\/strong><\/p>\n<p>Le plafond de la QCD pour 2026 a \u00e9t\u00e9 port\u00e9 \u00e0 111 000 dollars par contribuable (contre 108 000 dollars en 2025). La QCD unique d&#8217;un IRA \u00e0 un v\u00e9hicule \u00e0 int\u00e9r\u00eat partag\u00e9, y compris une rente de bienfaisance, est pass\u00e9e \u00e0 55 000 $ (contre 54 000 $). <\/p>\n<p>Pourquoi c&#8217;est important : Pour les clients de 70\u00bd ans ou plus, un QCD reste l&#8217;un des moyens les plus efficaces de donner &#8211; il r\u00e9duit le revenu brut ajust\u00e9 et peut satisfaire les distributions minimales requises sans que le don apparaisse comme un revenu imposable. Une DQC vers\u00e9e \u00e0 un fonds admissible de la Foundation for Delaware County (tel qu&#8217;un fonds d\u00e9sign\u00e9 ou un fonds de champ d&#8217;int\u00e9r\u00eat) est une excellente option ; notez que les fonds conseill\u00e9s par le donateur ne sont pas admissibles. <\/p>\n<p><strong>Nouvelle d\u00e9duction pour les non-importateurs<\/strong><\/p>\n<p>\u00c0 partir de 2026, les contribuables qui ne d\u00e9taillent pas leurs revenus peuvent d\u00e9duire jusqu&#8217;\u00e0 1 000 $ de dons en esp\u00e8ces \u00e0 des organismes de bienfaisance admissibles (2 000 $ pour les d\u00e9clarants conjoints). Les dons d&#8217;actions \u00e0 valeur accrue et les dons \u00e0 des fonds \u00e0 vocation arr\u00eat\u00e9e par le donateur ou \u00e0 des fondations priv\u00e9es ne sont pas admissibles. <\/p>\n<p>Pourquoi c&#8217;est important ? Cette disposition ouvre la voie \u00e0 des clients qui n&#8217;avaient pas de raison fiscale de faire des dons auparavant, en particulier les jeunes qui commencent \u00e0 prendre des habitudes caritatives. Elle m\u00e9rite \u00e9galement d&#8217;\u00eatre mentionn\u00e9e par les clients \u00e0 hauts revenus ayant des enfants adultes qui commencent peut-\u00eatre \u00e0 envisager de faire des dons. <\/p>\n","protected":false},"excerpt":{"rendered":"<p>Alors que vous vous appr\u00eatez \u00e0 entrer dans l&#8217;ann\u00e9e 2026 avec vos clients, voici un bref aper\u00e7u des ajustements des seuils de l&#8217;IRS et des nouvelles dispositions de la loi fiscale les plus pertinentes pour les dons de bienfaisance cette ann\u00e9e. D\u00e9duction forfaitaire Pour 2026, la d\u00e9duction standard est de 16 100 dollars pour les&#8230;<\/p>\n","protected":false},"author":5,"featured_media":0,"parent":0,"menu_order":0,"comment_status":"closed","ping_status":"closed","template":"","meta":{"_acf_changed":false,"inline_featured_image":false,"footnotes":""},"class_list":["post-15851","page","type-page","status-publish","hentry"],"acf":[],"yoast_head":"<!-- This site is optimized with the Yoast SEO plugin v26.7 - https:\/\/yoast.com\/wordpress\/plugins\/seo\/ -->\n<title>2026 Mises \u00e0 jour fiscales pour la planification des dons de charit\u00e9 - The Foundation for Delaware County<\/title>\n<meta name=\"robots\" content=\"index, follow, max-snippet:-1, max-image-preview:large, max-video-preview:-1\" \/>\n<link rel=\"canonical\" href=\"https:\/\/delcofoundation.org\/fr\/2026-mises-a-jour-fiscales-pour-la-planification-des-dons-de-charite\/\" \/>\n<meta property=\"og:locale\" content=\"fr_FR\" \/>\n<meta property=\"og:type\" content=\"article\" \/>\n<meta property=\"og:title\" content=\"2026 Mises \u00e0 jour fiscales pour la planification des dons de charit\u00e9 - The Foundation for Delaware County\" \/>\n<meta property=\"og:description\" content=\"Alors que vous vous appr\u00eatez \u00e0 entrer dans l&#8217;ann\u00e9e 2026 avec vos clients, voici un bref aper\u00e7u des ajustements des seuils de l&#8217;IRS et des nouvelles dispositions de la loi fiscale les plus pertinentes pour les dons de bienfaisance cette ann\u00e9e. D\u00e9duction forfaitaire Pour 2026, la d\u00e9duction standard est de 16 100 dollars pour les...\" \/>\n<meta property=\"og:url\" content=\"https:\/\/delcofoundation.org\/fr\/2026-mises-a-jour-fiscales-pour-la-planification-des-dons-de-charite\/\" \/>\n<meta property=\"og:site_name\" content=\"The Foundation for Delaware County\" \/>\n<meta property=\"og:image\" content=\"https:\/\/delcofoundation.org\/app\/uploads\/2021\/10\/320_FDC-Annual-21-e1631905307293.jpg\" \/>\n\t<meta property=\"og:image:width\" content=\"1950\" \/>\n\t<meta property=\"og:image:height\" content=\"1150\" \/>\n\t<meta property=\"og:image:type\" content=\"image\/jpeg\" \/>\n<meta name=\"twitter:card\" content=\"summary_large_image\" \/>\n<meta name=\"twitter:label1\" content=\"Est. reading time\" \/>\n\t<meta name=\"twitter:data1\" content=\"3 minutes\" \/>\n<script type=\"application\/ld+json\" class=\"yoast-schema-graph\">{\"@context\":\"https:\/\/schema.org\",\"@graph\":[{\"@type\":\"WebPage\",\"@id\":\"https:\/\/delcofoundation.org\/fr\/2026-mises-a-jour-fiscales-pour-la-planification-des-dons-de-charite\/\",\"url\":\"https:\/\/delcofoundation.org\/fr\/2026-mises-a-jour-fiscales-pour-la-planification-des-dons-de-charite\/\",\"name\":\"2026 Mises \u00e0 jour fiscales pour la planification des dons de charit\u00e9 - The Foundation for Delaware County\",\"isPartOf\":{\"@id\":\"https:\/\/delcofoundation.org\/fr\/#website\"},\"datePublished\":\"2026-03-19T18:17:49+00:00\",\"breadcrumb\":{\"@id\":\"https:\/\/delcofoundation.org\/fr\/2026-mises-a-jour-fiscales-pour-la-planification-des-dons-de-charite\/#breadcrumb\"},\"inLanguage\":\"fr-FR\",\"potentialAction\":[{\"@type\":\"ReadAction\",\"target\":[\"https:\/\/delcofoundation.org\/fr\/2026-mises-a-jour-fiscales-pour-la-planification-des-dons-de-charite\/\"]}]},{\"@type\":\"BreadcrumbList\",\"@id\":\"https:\/\/delcofoundation.org\/fr\/2026-mises-a-jour-fiscales-pour-la-planification-des-dons-de-charite\/#breadcrumb\",\"itemListElement\":[{\"@type\":\"ListItem\",\"position\":1,\"name\":\"Home\",\"item\":\"https:\/\/delcofoundation.org\/fr\/\"},{\"@type\":\"ListItem\",\"position\":2,\"name\":\"2026 Mises \u00e0 jour fiscales pour la planification des dons de charit\u00e9\"}]},{\"@type\":\"WebSite\",\"@id\":\"https:\/\/delcofoundation.org\/fr\/#website\",\"url\":\"https:\/\/delcofoundation.org\/fr\/\",\"name\":\"The Foundation for Delaware County\",\"description\":\"\",\"publisher\":{\"@id\":\"https:\/\/delcofoundation.org\/fr\/#organization\"},\"potentialAction\":[{\"@type\":\"SearchAction\",\"target\":{\"@type\":\"EntryPoint\",\"urlTemplate\":\"https:\/\/delcofoundation.org\/fr\/?s={search_term_string}\"},\"query-input\":{\"@type\":\"PropertyValueSpecification\",\"valueRequired\":true,\"valueName\":\"search_term_string\"}}],\"inLanguage\":\"fr-FR\"},{\"@type\":\"Organization\",\"@id\":\"https:\/\/delcofoundation.org\/fr\/#organization\",\"name\":\"The Foundation for Delaware County\",\"url\":\"https:\/\/delcofoundation.org\/fr\/\",\"logo\":{\"@type\":\"ImageObject\",\"inLanguage\":\"fr-FR\",\"@id\":\"https:\/\/delcofoundation.org\/fr\/#\/schema\/logo\/image\/\",\"url\":\"\",\"contentUrl\":\"\",\"caption\":\"The Foundation for Delaware County\"},\"image\":{\"@id\":\"https:\/\/delcofoundation.org\/fr\/#\/schema\/logo\/image\/\"}}]}<\/script>\n<!-- \/ Yoast SEO plugin. -->","yoast_head_json":{"title":"2026 Mises \u00e0 jour fiscales pour la planification des dons de charit\u00e9 - The Foundation for Delaware County","robots":{"index":"index","follow":"follow","max-snippet":"max-snippet:-1","max-image-preview":"max-image-preview:large","max-video-preview":"max-video-preview:-1"},"canonical":"https:\/\/delcofoundation.org\/fr\/2026-mises-a-jour-fiscales-pour-la-planification-des-dons-de-charite\/","og_locale":"fr_FR","og_type":"article","og_title":"2026 Mises \u00e0 jour fiscales pour la planification des dons de charit\u00e9 - The Foundation for Delaware County","og_description":"Alors que vous vous appr\u00eatez \u00e0 entrer dans l&#8217;ann\u00e9e 2026 avec vos clients, voici un bref aper\u00e7u des ajustements des seuils de l&#8217;IRS et des nouvelles dispositions de la loi fiscale les plus pertinentes pour les dons de bienfaisance cette ann\u00e9e. D\u00e9duction forfaitaire Pour 2026, la d\u00e9duction standard est de 16 100 dollars pour les...","og_url":"https:\/\/delcofoundation.org\/fr\/2026-mises-a-jour-fiscales-pour-la-planification-des-dons-de-charite\/","og_site_name":"The Foundation for Delaware County","og_image":[{"width":1950,"height":1150,"url":"https:\/\/delcofoundation.org\/app\/uploads\/2021\/10\/320_FDC-Annual-21-e1631905307293.jpg","type":"image\/jpeg"}],"twitter_card":"summary_large_image","twitter_misc":{"Est. reading time":"3 minutes"},"schema":{"@context":"https:\/\/schema.org","@graph":[{"@type":"WebPage","@id":"https:\/\/delcofoundation.org\/fr\/2026-mises-a-jour-fiscales-pour-la-planification-des-dons-de-charite\/","url":"https:\/\/delcofoundation.org\/fr\/2026-mises-a-jour-fiscales-pour-la-planification-des-dons-de-charite\/","name":"2026 Mises \u00e0 jour fiscales pour la planification des dons de charit\u00e9 - The Foundation for Delaware County","isPartOf":{"@id":"https:\/\/delcofoundation.org\/fr\/#website"},"datePublished":"2026-03-19T18:17:49+00:00","breadcrumb":{"@id":"https:\/\/delcofoundation.org\/fr\/2026-mises-a-jour-fiscales-pour-la-planification-des-dons-de-charite\/#breadcrumb"},"inLanguage":"fr-FR","potentialAction":[{"@type":"ReadAction","target":["https:\/\/delcofoundation.org\/fr\/2026-mises-a-jour-fiscales-pour-la-planification-des-dons-de-charite\/"]}]},{"@type":"BreadcrumbList","@id":"https:\/\/delcofoundation.org\/fr\/2026-mises-a-jour-fiscales-pour-la-planification-des-dons-de-charite\/#breadcrumb","itemListElement":[{"@type":"ListItem","position":1,"name":"Home","item":"https:\/\/delcofoundation.org\/fr\/"},{"@type":"ListItem","position":2,"name":"2026 Mises \u00e0 jour fiscales pour la planification des dons de charit\u00e9"}]},{"@type":"WebSite","@id":"https:\/\/delcofoundation.org\/fr\/#website","url":"https:\/\/delcofoundation.org\/fr\/","name":"The Foundation for Delaware County","description":"","publisher":{"@id":"https:\/\/delcofoundation.org\/fr\/#organization"},"potentialAction":[{"@type":"SearchAction","target":{"@type":"EntryPoint","urlTemplate":"https:\/\/delcofoundation.org\/fr\/?s={search_term_string}"},"query-input":{"@type":"PropertyValueSpecification","valueRequired":true,"valueName":"search_term_string"}}],"inLanguage":"fr-FR"},{"@type":"Organization","@id":"https:\/\/delcofoundation.org\/fr\/#organization","name":"The Foundation for Delaware County","url":"https:\/\/delcofoundation.org\/fr\/","logo":{"@type":"ImageObject","inLanguage":"fr-FR","@id":"https:\/\/delcofoundation.org\/fr\/#\/schema\/logo\/image\/","url":"","contentUrl":"","caption":"The Foundation for Delaware County"},"image":{"@id":"https:\/\/delcofoundation.org\/fr\/#\/schema\/logo\/image\/"}}]}},"_links":{"self":[{"href":"https:\/\/delcofoundation.org\/fr\/wp-json\/wp\/v2\/pages\/15851","targetHints":{"allow":["GET"]}}],"collection":[{"href":"https:\/\/delcofoundation.org\/fr\/wp-json\/wp\/v2\/pages"}],"about":[{"href":"https:\/\/delcofoundation.org\/fr\/wp-json\/wp\/v2\/types\/page"}],"author":[{"embeddable":true,"href":"https:\/\/delcofoundation.org\/fr\/wp-json\/wp\/v2\/users\/5"}],"replies":[{"embeddable":true,"href":"https:\/\/delcofoundation.org\/fr\/wp-json\/wp\/v2\/comments?post=15851"}],"version-history":[{"count":0,"href":"https:\/\/delcofoundation.org\/fr\/wp-json\/wp\/v2\/pages\/15851\/revisions"}],"wp:attachment":[{"href":"https:\/\/delcofoundation.org\/fr\/wp-json\/wp\/v2\/media?parent=15851"}],"curies":[{"name":"wp","href":"https:\/\/api.w.org\/{rel}","templated":true}]}}