{"id":11222,"date":"2024-08-14T15:03:59","date_gmt":"2024-08-14T15:03:59","guid":{"rendered":"https:\/\/delcofoundation.org\/consortiums-communautaires\/"},"modified":"2024-08-15T20:41:47","modified_gmt":"2024-08-15T20:41:47","slug":"consortiums-communautaires","status":"publish","type":"page","link":"https:\/\/delcofoundation.org\/fr\/consortiums-communautaires\/","title":{"rendered":"Consortiums communautaires"},"content":{"rendered":"<p>Notre Community Consortia (anciennement connu sous le nom de Community Action Network ou CAN) cherche \u00e0 rassembler des parents, des membres de la communaut\u00e9, des organisations et d&#8217;autres parties prenantes afin de trouver des solutions pour pr\u00e9venir les d\u00e9c\u00e8s de nourrissons, d&#8217;identifier les causes profondes des d\u00e9c\u00e8s de nourrissons et de conseiller sur la croissance des initiatives centr\u00e9es sur la famille.<br \/>\nPar le pass\u00e9, le projet Healthy Start de la Fondation r\u00e9unissait les parties prenantes au niveau du comt\u00e9.<br \/>\nCe nouveau lancement du programme se concentre sur la lutte contre les disparit\u00e9s \u00e0 la naissance, en particulier dans la ville de Chester, qui a actuellement le taux de mortalit\u00e9 infantile le plus \u00e9lev\u00e9 de l&#8217;\u00c9tat de Pennsylvanie.    <\/p>\n<h2>Objectifs principaux des efforts de convocation<\/h2>\n<ul>\n<li>R\u00e9unir des partenaires divers et multisectoriels au niveau de l&#8217;\u00c9tat, local et communautaire, y compris des participants au programme Healthy Start et d&#8217;autres membres de la communaut\u00e9, qui conseilleront et informeront sur les strat\u00e9gies visant \u00e0 fournir des services directs et des services d&#8217;appui aux participants au programme Healthy Start.<\/li>\n<li>D\u00e9velopper des partenariats intersectoriels pour garantir l&#8217;acc\u00e8s des participants au programme Healthy Start \u00e0 la coordination des soins m\u00e9dicaux complets pour la m\u00e8re, l&#8217;enfant et la famille, \u00e0 l&#8217;\u00e9ducation \u00e0 la sant\u00e9 et \u00e0 la parentalit\u00e9, et aux ressources communautaires qui traitent des d\u00e9terminants sociaux de la sant\u00e9 dans la zone du projet.<\/li>\n<li>Participer \u00e0 des communaut\u00e9s de pratique avec d&#8217;autres projets Healthy Start afin d&#8217;\u00e9laborer et de mettre en \u0153uvre un plan strat\u00e9gique pour la communaut\u00e9 qui se concentre sur au moins un d\u00e9terminant social de la sant\u00e9.<\/li>\n<li>Augmenter la prise en charge et la coordination des soins pour faciliter l&#8217;acc\u00e8s aux soins m\u00e9dicaux et aux ressources communautaires.<\/li>\n<li>Augmenter l&#8217;adoption de comportements sains avant, pendant et apr\u00e8s la grossesse.<\/li>\n<li>Accro\u00eetre l&#8217;utilisation de pratiques s\u00fbres en mati\u00e8re de soins aux nourrissons.<\/li>\n<\/ul>\n<p>  Si vous souhaitez rejoindre ce groupe de travail, veuillez contacter Karen Peterson \u00e0 l&#8217;adresse <a href=\"mailto:kpeterson@delcofoundation.org\">kpeterson@delcofoundation.org<\/a>.<\/p>\n","protected":false},"excerpt":{"rendered":"<p>Notre Community Consortia (anciennement connu sous le nom de Community Action Network ou CAN) cherche \u00e0 rassembler des parents, des membres de la communaut\u00e9, des organisations et d&#8217;autres parties prenantes afin de trouver des solutions pour pr\u00e9venir les d\u00e9c\u00e8s de nourrissons, d&#8217;identifier les causes profondes des d\u00e9c\u00e8s de nourrissons et de conseiller sur la croissance&#8230;<\/p>\n","protected":false},"author":12,"featured_media":0,"parent":0,"menu_order":0,"comment_status":"closed","ping_status":"closed","template":"","meta":{"_acf_changed":false,"inline_featured_image":false,"footnotes":""},"class_list":["post-11222","page","type-page","status-publish","hentry"],"acf":[],"yoast_head":"<!-- This site is optimized with the Yoast SEO plugin v26.7 - https:\/\/yoast.com\/wordpress\/plugins\/seo\/ -->\n<title>Consortiums communautaires - The Foundation for Delaware County<\/title>\n<meta name=\"robots\" content=\"index, follow, max-snippet:-1, max-image-preview:large, max-video-preview:-1\" \/>\n<link rel=\"canonical\" href=\"https:\/\/delcofoundation.org\/fr\/consortiums-communautaires\/\" \/>\n<meta property=\"og:locale\" content=\"fr_FR\" \/>\n<meta property=\"og:type\" content=\"article\" \/>\n<meta property=\"og:title\" content=\"Consortiums communautaires - The Foundation for Delaware County\" \/>\n<meta property=\"og:description\" content=\"Notre Community Consortia (anciennement connu sous le nom de Community Action Network ou CAN) cherche \u00e0 rassembler des parents, des membres de la communaut\u00e9, des organisations et d&#8217;autres parties prenantes afin de trouver des solutions pour pr\u00e9venir les d\u00e9c\u00e8s de nourrissons, d&#8217;identifier les causes profondes des d\u00e9c\u00e8s de nourrissons et de conseiller sur la croissance...\" \/>\n<meta property=\"og:url\" content=\"https:\/\/delcofoundation.org\/fr\/consortiums-communautaires\/\" \/>\n<meta property=\"og:site_name\" content=\"The Foundation for Delaware County\" \/>\n<meta property=\"article:modified_time\" content=\"2024-08-15T20:41:47+00:00\" \/>\n<meta property=\"og:image\" content=\"https:\/\/delcofoundation.org\/app\/uploads\/2021\/10\/320_FDC-Annual-21-e1631905307293.jpg\" \/>\n\t<meta property=\"og:image:width\" content=\"1950\" \/>\n\t<meta property=\"og:image:height\" content=\"1150\" \/>\n\t<meta property=\"og:image:type\" content=\"image\/jpeg\" \/>\n<meta name=\"twitter:card\" content=\"summary_large_image\" \/>\n<meta name=\"twitter:label1\" content=\"Est. reading time\" \/>\n\t<meta name=\"twitter:data1\" content=\"2 minutes\" \/>\n<script type=\"application\/ld+json\" class=\"yoast-schema-graph\">{\"@context\":\"https:\/\/schema.org\",\"@graph\":[{\"@type\":\"WebPage\",\"@id\":\"https:\/\/delcofoundation.org\/fr\/consortiums-communautaires\/\",\"url\":\"https:\/\/delcofoundation.org\/fr\/consortiums-communautaires\/\",\"name\":\"Consortiums communautaires - The Foundation for Delaware County\",\"isPartOf\":{\"@id\":\"https:\/\/delcofoundation.org\/fr\/#website\"},\"datePublished\":\"2024-08-14T15:03:59+00:00\",\"dateModified\":\"2024-08-15T20:41:47+00:00\",\"breadcrumb\":{\"@id\":\"https:\/\/delcofoundation.org\/fr\/consortiums-communautaires\/#breadcrumb\"},\"inLanguage\":\"fr-FR\",\"potentialAction\":[{\"@type\":\"ReadAction\",\"target\":[\"https:\/\/delcofoundation.org\/fr\/consortiums-communautaires\/\"]}]},{\"@type\":\"BreadcrumbList\",\"@id\":\"https:\/\/delcofoundation.org\/fr\/consortiums-communautaires\/#breadcrumb\",\"itemListElement\":[{\"@type\":\"ListItem\",\"position\":1,\"name\":\"Home\",\"item\":\"https:\/\/delcofoundation.org\/fr\/\"},{\"@type\":\"ListItem\",\"position\":2,\"name\":\"Consortiums communautaires\"}]},{\"@type\":\"WebSite\",\"@id\":\"https:\/\/delcofoundation.org\/fr\/#website\",\"url\":\"https:\/\/delcofoundation.org\/fr\/\",\"name\":\"The Foundation for Delaware County\",\"description\":\"\",\"publisher\":{\"@id\":\"https:\/\/delcofoundation.org\/fr\/#organization\"},\"potentialAction\":[{\"@type\":\"SearchAction\",\"target\":{\"@type\":\"EntryPoint\",\"urlTemplate\":\"https:\/\/delcofoundation.org\/fr\/?s={search_term_string}\"},\"query-input\":{\"@type\":\"PropertyValueSpecification\",\"valueRequired\":true,\"valueName\":\"search_term_string\"}}],\"inLanguage\":\"fr-FR\"},{\"@type\":\"Organization\",\"@id\":\"https:\/\/delcofoundation.org\/fr\/#organization\",\"name\":\"The Foundation for Delaware County\",\"url\":\"https:\/\/delcofoundation.org\/fr\/\",\"logo\":{\"@type\":\"ImageObject\",\"inLanguage\":\"fr-FR\",\"@id\":\"https:\/\/delcofoundation.org\/fr\/#\/schema\/logo\/image\/\",\"url\":\"\",\"contentUrl\":\"\",\"caption\":\"The Foundation for Delaware County\"},\"image\":{\"@id\":\"https:\/\/delcofoundation.org\/fr\/#\/schema\/logo\/image\/\"}}]}<\/script>\n<!-- \/ Yoast SEO plugin. -->","yoast_head_json":{"title":"Consortiums communautaires - The Foundation for Delaware County","robots":{"index":"index","follow":"follow","max-snippet":"max-snippet:-1","max-image-preview":"max-image-preview:large","max-video-preview":"max-video-preview:-1"},"canonical":"https:\/\/delcofoundation.org\/fr\/consortiums-communautaires\/","og_locale":"fr_FR","og_type":"article","og_title":"Consortiums communautaires - The Foundation for Delaware County","og_description":"Notre Community Consortia (anciennement connu sous le nom de Community Action Network ou CAN) cherche \u00e0 rassembler des parents, des membres de la communaut\u00e9, des organisations et d&#8217;autres parties prenantes afin de trouver des solutions pour pr\u00e9venir les d\u00e9c\u00e8s de nourrissons, d&#8217;identifier les causes profondes des d\u00e9c\u00e8s de nourrissons et de conseiller sur la croissance...","og_url":"https:\/\/delcofoundation.org\/fr\/consortiums-communautaires\/","og_site_name":"The Foundation for Delaware County","article_modified_time":"2024-08-15T20:41:47+00:00","og_image":[{"width":1950,"height":1150,"url":"https:\/\/delcofoundation.org\/app\/uploads\/2021\/10\/320_FDC-Annual-21-e1631905307293.jpg","type":"image\/jpeg"}],"twitter_card":"summary_large_image","twitter_misc":{"Est. reading time":"2 minutes"},"schema":{"@context":"https:\/\/schema.org","@graph":[{"@type":"WebPage","@id":"https:\/\/delcofoundation.org\/fr\/consortiums-communautaires\/","url":"https:\/\/delcofoundation.org\/fr\/consortiums-communautaires\/","name":"Consortiums communautaires - The Foundation for Delaware County","isPartOf":{"@id":"https:\/\/delcofoundation.org\/fr\/#website"},"datePublished":"2024-08-14T15:03:59+00:00","dateModified":"2024-08-15T20:41:47+00:00","breadcrumb":{"@id":"https:\/\/delcofoundation.org\/fr\/consortiums-communautaires\/#breadcrumb"},"inLanguage":"fr-FR","potentialAction":[{"@type":"ReadAction","target":["https:\/\/delcofoundation.org\/fr\/consortiums-communautaires\/"]}]},{"@type":"BreadcrumbList","@id":"https:\/\/delcofoundation.org\/fr\/consortiums-communautaires\/#breadcrumb","itemListElement":[{"@type":"ListItem","position":1,"name":"Home","item":"https:\/\/delcofoundation.org\/fr\/"},{"@type":"ListItem","position":2,"name":"Consortiums communautaires"}]},{"@type":"WebSite","@id":"https:\/\/delcofoundation.org\/fr\/#website","url":"https:\/\/delcofoundation.org\/fr\/","name":"The Foundation for Delaware County","description":"","publisher":{"@id":"https:\/\/delcofoundation.org\/fr\/#organization"},"potentialAction":[{"@type":"SearchAction","target":{"@type":"EntryPoint","urlTemplate":"https:\/\/delcofoundation.org\/fr\/?s={search_term_string}"},"query-input":{"@type":"PropertyValueSpecification","valueRequired":true,"valueName":"search_term_string"}}],"inLanguage":"fr-FR"},{"@type":"Organization","@id":"https:\/\/delcofoundation.org\/fr\/#organization","name":"The Foundation for Delaware County","url":"https:\/\/delcofoundation.org\/fr\/","logo":{"@type":"ImageObject","inLanguage":"fr-FR","@id":"https:\/\/delcofoundation.org\/fr\/#\/schema\/logo\/image\/","url":"","contentUrl":"","caption":"The Foundation for Delaware County"},"image":{"@id":"https:\/\/delcofoundation.org\/fr\/#\/schema\/logo\/image\/"}}]}},"_links":{"self":[{"href":"https:\/\/delcofoundation.org\/fr\/wp-json\/wp\/v2\/pages\/11222","targetHints":{"allow":["GET"]}}],"collection":[{"href":"https:\/\/delcofoundation.org\/fr\/wp-json\/wp\/v2\/pages"}],"about":[{"href":"https:\/\/delcofoundation.org\/fr\/wp-json\/wp\/v2\/types\/page"}],"author":[{"embeddable":true,"href":"https:\/\/delcofoundation.org\/fr\/wp-json\/wp\/v2\/users\/12"}],"replies":[{"embeddable":true,"href":"https:\/\/delcofoundation.org\/fr\/wp-json\/wp\/v2\/comments?post=11222"}],"version-history":[{"count":1,"href":"https:\/\/delcofoundation.org\/fr\/wp-json\/wp\/v2\/pages\/11222\/revisions"}],"predecessor-version":[{"id":11312,"href":"https:\/\/delcofoundation.org\/fr\/wp-json\/wp\/v2\/pages\/11222\/revisions\/11312"}],"wp:attachment":[{"href":"https:\/\/delcofoundation.org\/fr\/wp-json\/wp\/v2\/media?parent=11222"}],"curies":[{"name":"wp","href":"https:\/\/api.w.org\/{rel}","templated":true}]}}