{"id":11119,"date":"2024-08-05T14:54:12","date_gmt":"2024-08-05T14:54:12","guid":{"rendered":"https:\/\/delcofoundation.org\/conseil-des-associes\/"},"modified":"2024-08-08T20:23:25","modified_gmt":"2024-08-08T20:23:25","slug":"conseil-des-associes","status":"publish","type":"page","link":"https:\/\/delcofoundation.org\/fr\/conseil-des-associes\/","title":{"rendered":"Conseil des associ\u00e9s"},"content":{"rendered":"<p><strong>Nous cultivons la prochaine g\u00e9n\u00e9ration de philanthropes avec le Conseil des associ\u00e9s de la Fondation.  <\/strong><\/p>\n<p class=\"whitespace-pre-wrap break-words\">Le Conseil d&#8217;administration des associ\u00e9s est un groupe dynamique de jeunes professionnels qui s&#8217;engagent \u00e0 soutenir la mission de la Fondation, \u00e0 savoir favoriser une communaut\u00e9 prosp\u00e8re dans le comt\u00e9 de Delaware.<br \/>\nCompos\u00e9 de leaders \u00e9mergents issus de divers horizons et secteurs d&#8217;activit\u00e9, le Conseil d&#8217;administration des associ\u00e9s joue un r\u00f4le crucial dans l&#8217;\u00e9largissement de la port\u00e9e et de l&#8217;impact de la Fondation parmi les jeunes g\u00e9n\u00e9rations. <\/p>\n<p class=\"whitespace-pre-wrap break-words\">Les membres du Conseil d&#8217;administration associ\u00e9 mettent leur temps, leur expertise et leurs r\u00e9seaux au service des initiatives de la Fondation.<br \/>\nIls organisent et participent \u00e0 des \u00e9v\u00e9nements de collecte de fonds et agissent en tant qu&#8217;ambassadeurs de la Fondation au sein de leurs cercles professionnels et sociaux.<br \/>\nLe conseil d&#8217;administration sert \u00e9galement de tremplin aux futurs dirigeants du comt\u00e9 de Delaware, en offrant \u00e0 ses membres une exp\u00e9rience pr\u00e9cieuse dans le domaine de la philanthropie et de la gouvernance des organisations \u00e0 but non lucratif, ainsi qu&#8217;une vision unique des d\u00e9fis et des opportunit\u00e9s auxquels est confront\u00e9 le comt\u00e9 de Delaware.<br \/>\nLes membres associ\u00e9s du conseil d&#8217;administration travaillent en r\u00e9seau avec des pairs partageant les m\u00eames id\u00e9es, d\u00e9veloppent des comp\u00e9tences de leadership et font une diff\u00e9rence tangible dans notre communaut\u00e9.   <\/p>\n<p class=\"whitespace-pre-wrap break-words\">Les efforts du conseil d&#8217;administration soutiennent les programmes actuels de la fondation et contribuent \u00e0 d\u00e9finir son orientation future, en veillant \u00e0 ce que l&#8217;organisation reste attentive \u00e0 l&#8217;\u00e9volution des besoins des habitants du comt\u00e9 de Delaware.<\/p>\n<p>&nbsp;<\/p>\n<h3>Membres associ\u00e9s du conseil d&#8217;administration<\/h3>\n<div>\n<div><a href=\"https:\/\/haverfordquality.com\/?s=bryan+tracy\">Bryan Tracy, Haverford Trust<\/a><\/div>\n<\/div>\n<div><a href=\"https:\/\/www.citadelbanking.com\/our-business-banking-team\/chris-hansen\">Chris Hansen, Citadel Credit Union<\/a><\/div>\n<div><a href=\"https:\/\/www.linkedin.com\/in\/danielle-griffin-aa44a331\/\">Danielle Griffin, Franklin Mint Credit Union<\/a><\/div>\n<div><a href=\"https:\/\/www.linkedin.com\/in\/dshinton\/\">Dana Hinton, Banque WSFS<\/a><\/div>\n<div><a href=\"https:\/\/www.linkedin.com\/in\/haley-langan-cfp%C2%AE-14b2a1a7\/\">Haley Langan, Corient<\/a><\/div>\n<div><a href=\"https:\/\/www.linkedin.com\/in\/krista-scheirer\/\">Krista Seng, Aqua<\/a><\/div>\n<div><a href=\"https:\/\/www.linkedin.com\/in\/kristen-m-mccabe\/\">Kristen McCabe, Brinker Simpson<\/a><\/div>\n<div><a href=\"https:\/\/www.linkedin.com\/in\/lee-ann-hansen-50005a95\/\">Leeann Hansen, Vanguard<\/a><\/div>\n<div><a href=\"https:\/\/www.linkedin.com\/in\/mollybelmont\/\">Molly Belmont, Gallagher<\/a><\/div>\n<div><a href=\"https:\/\/www.linkedin.com\/in\/mea-parks-mba-b40647111\/\">Mea Parks, SAP<\/a><\/div>\n<p>&nbsp;<\/p>\n<p>&nbsp;<\/p>\n","protected":false},"excerpt":{"rendered":"<p>Nous cultivons la prochaine g\u00e9n\u00e9ration de philanthropes avec le Conseil des associ\u00e9s de la Fondation. Le Conseil d&#8217;administration des associ\u00e9s est un groupe dynamique de jeunes professionnels qui s&#8217;engagent \u00e0 soutenir la mission de la Fondation, \u00e0 savoir favoriser une communaut\u00e9 prosp\u00e8re dans le comt\u00e9 de Delaware. Compos\u00e9 de leaders \u00e9mergents issus de divers horizons&#8230;<\/p>\n","protected":false},"author":12,"featured_media":15229,"parent":0,"menu_order":0,"comment_status":"closed","ping_status":"closed","template":"","meta":{"_acf_changed":false,"inline_featured_image":false,"footnotes":""},"class_list":["post-11119","page","type-page","status-publish","has-post-thumbnail","hentry"],"acf":[],"yoast_head":"<!-- This site is optimized with the Yoast SEO plugin v26.7 - https:\/\/yoast.com\/wordpress\/plugins\/seo\/ -->\n<title>Conseil des associ\u00e9s - The Foundation for Delaware County<\/title>\n<meta name=\"robots\" content=\"index, follow, max-snippet:-1, max-image-preview:large, max-video-preview:-1\" \/>\n<link rel=\"canonical\" href=\"https:\/\/delcofoundation.org\/fr\/conseil-des-associes\/\" \/>\n<meta property=\"og:locale\" content=\"fr_FR\" \/>\n<meta property=\"og:type\" content=\"article\" \/>\n<meta property=\"og:title\" content=\"Conseil des associ\u00e9s - The Foundation for Delaware County\" \/>\n<meta property=\"og:description\" content=\"Nous cultivons la prochaine g\u00e9n\u00e9ration de philanthropes avec le Conseil des associ\u00e9s de la Fondation. Le Conseil d&#8217;administration des associ\u00e9s est un groupe dynamique de jeunes professionnels qui s&#8217;engagent \u00e0 soutenir la mission de la Fondation, \u00e0 savoir favoriser une communaut\u00e9 prosp\u00e8re dans le comt\u00e9 de Delaware. Compos\u00e9 de leaders \u00e9mergents issus de divers horizons...\" \/>\n<meta property=\"og:url\" content=\"https:\/\/delcofoundation.org\/fr\/conseil-des-associes\/\" \/>\n<meta property=\"og:site_name\" content=\"The Foundation for Delaware County\" \/>\n<meta property=\"article:modified_time\" content=\"2024-08-08T20:23:25+00:00\" \/>\n<meta property=\"og:image\" content=\"https:\/\/delcofoundation.org\/app\/uploads\/2024\/08\/20240328-IMG_1623-1024x512.jpg\" \/>\n\t<meta property=\"og:image:width\" content=\"1024\" \/>\n\t<meta property=\"og:image:height\" content=\"512\" \/>\n\t<meta property=\"og:image:type\" content=\"image\/jpeg\" \/>\n<meta name=\"twitter:card\" content=\"summary_large_image\" \/>\n<meta name=\"twitter:label1\" content=\"Est. reading time\" \/>\n\t<meta name=\"twitter:data1\" content=\"2 minutes\" \/>\n<script type=\"application\/ld+json\" class=\"yoast-schema-graph\">{\"@context\":\"https:\/\/schema.org\",\"@graph\":[{\"@type\":\"WebPage\",\"@id\":\"https:\/\/delcofoundation.org\/fr\/conseil-des-associes\/\",\"url\":\"https:\/\/delcofoundation.org\/fr\/conseil-des-associes\/\",\"name\":\"Conseil des associ\u00e9s - The Foundation for Delaware County\",\"isPartOf\":{\"@id\":\"https:\/\/delcofoundation.org\/fr\/#website\"},\"primaryImageOfPage\":{\"@id\":\"https:\/\/delcofoundation.org\/fr\/conseil-des-associes\/#primaryimage\"},\"image\":{\"@id\":\"https:\/\/delcofoundation.org\/fr\/conseil-des-associes\/#primaryimage\"},\"thumbnailUrl\":\"https:\/\/delcofoundation.org\/app\/uploads\/2025\/12\/DSC_0430-scaled.jpg\",\"datePublished\":\"2024-08-05T14:54:12+00:00\",\"dateModified\":\"2024-08-08T20:23:25+00:00\",\"breadcrumb\":{\"@id\":\"https:\/\/delcofoundation.org\/fr\/conseil-des-associes\/#breadcrumb\"},\"inLanguage\":\"fr-FR\",\"potentialAction\":[{\"@type\":\"ReadAction\",\"target\":[\"https:\/\/delcofoundation.org\/fr\/conseil-des-associes\/\"]}]},{\"@type\":\"ImageObject\",\"inLanguage\":\"fr-FR\",\"@id\":\"https:\/\/delcofoundation.org\/fr\/conseil-des-associes\/#primaryimage\",\"url\":\"https:\/\/delcofoundation.org\/app\/uploads\/2025\/12\/DSC_0430-scaled.jpg\",\"contentUrl\":\"https:\/\/delcofoundation.org\/app\/uploads\/2025\/12\/DSC_0430-scaled.jpg\",\"width\":2560,\"height\":1707},{\"@type\":\"BreadcrumbList\",\"@id\":\"https:\/\/delcofoundation.org\/fr\/conseil-des-associes\/#breadcrumb\",\"itemListElement\":[{\"@type\":\"ListItem\",\"position\":1,\"name\":\"Home\",\"item\":\"https:\/\/delcofoundation.org\/fr\/\"},{\"@type\":\"ListItem\",\"position\":2,\"name\":\"Conseil des associ\u00e9s\"}]},{\"@type\":\"WebSite\",\"@id\":\"https:\/\/delcofoundation.org\/fr\/#website\",\"url\":\"https:\/\/delcofoundation.org\/fr\/\",\"name\":\"The Foundation for Delaware County\",\"description\":\"\",\"publisher\":{\"@id\":\"https:\/\/delcofoundation.org\/fr\/#organization\"},\"potentialAction\":[{\"@type\":\"SearchAction\",\"target\":{\"@type\":\"EntryPoint\",\"urlTemplate\":\"https:\/\/delcofoundation.org\/fr\/?s={search_term_string}\"},\"query-input\":{\"@type\":\"PropertyValueSpecification\",\"valueRequired\":true,\"valueName\":\"search_term_string\"}}],\"inLanguage\":\"fr-FR\"},{\"@type\":\"Organization\",\"@id\":\"https:\/\/delcofoundation.org\/fr\/#organization\",\"name\":\"The Foundation for Delaware County\",\"url\":\"https:\/\/delcofoundation.org\/fr\/\",\"logo\":{\"@type\":\"ImageObject\",\"inLanguage\":\"fr-FR\",\"@id\":\"https:\/\/delcofoundation.org\/fr\/#\/schema\/logo\/image\/\",\"url\":\"\",\"contentUrl\":\"\",\"caption\":\"The Foundation for Delaware County\"},\"image\":{\"@id\":\"https:\/\/delcofoundation.org\/fr\/#\/schema\/logo\/image\/\"}}]}<\/script>\n<!-- \/ Yoast SEO plugin. -->","yoast_head_json":{"title":"Conseil des associ\u00e9s - The Foundation for Delaware County","robots":{"index":"index","follow":"follow","max-snippet":"max-snippet:-1","max-image-preview":"max-image-preview:large","max-video-preview":"max-video-preview:-1"},"canonical":"https:\/\/delcofoundation.org\/fr\/conseil-des-associes\/","og_locale":"fr_FR","og_type":"article","og_title":"Conseil des associ\u00e9s - The Foundation for Delaware County","og_description":"Nous cultivons la prochaine g\u00e9n\u00e9ration de philanthropes avec le Conseil des associ\u00e9s de la Fondation. Le Conseil d&#8217;administration des associ\u00e9s est un groupe dynamique de jeunes professionnels qui s&#8217;engagent \u00e0 soutenir la mission de la Fondation, \u00e0 savoir favoriser une communaut\u00e9 prosp\u00e8re dans le comt\u00e9 de Delaware. Compos\u00e9 de leaders \u00e9mergents issus de divers horizons...","og_url":"https:\/\/delcofoundation.org\/fr\/conseil-des-associes\/","og_site_name":"The Foundation for Delaware County","article_modified_time":"2024-08-08T20:23:25+00:00","og_image":[{"width":1024,"height":512,"url":"https:\/\/delcofoundation.org\/app\/uploads\/2024\/08\/20240328-IMG_1623-1024x512.jpg","type":"image\/jpeg"}],"twitter_card":"summary_large_image","twitter_misc":{"Est. reading time":"2 minutes"},"schema":{"@context":"https:\/\/schema.org","@graph":[{"@type":"WebPage","@id":"https:\/\/delcofoundation.org\/fr\/conseil-des-associes\/","url":"https:\/\/delcofoundation.org\/fr\/conseil-des-associes\/","name":"Conseil des associ\u00e9s - The Foundation for Delaware County","isPartOf":{"@id":"https:\/\/delcofoundation.org\/fr\/#website"},"primaryImageOfPage":{"@id":"https:\/\/delcofoundation.org\/fr\/conseil-des-associes\/#primaryimage"},"image":{"@id":"https:\/\/delcofoundation.org\/fr\/conseil-des-associes\/#primaryimage"},"thumbnailUrl":"https:\/\/delcofoundation.org\/app\/uploads\/2025\/12\/DSC_0430-scaled.jpg","datePublished":"2024-08-05T14:54:12+00:00","dateModified":"2024-08-08T20:23:25+00:00","breadcrumb":{"@id":"https:\/\/delcofoundation.org\/fr\/conseil-des-associes\/#breadcrumb"},"inLanguage":"fr-FR","potentialAction":[{"@type":"ReadAction","target":["https:\/\/delcofoundation.org\/fr\/conseil-des-associes\/"]}]},{"@type":"ImageObject","inLanguage":"fr-FR","@id":"https:\/\/delcofoundation.org\/fr\/conseil-des-associes\/#primaryimage","url":"https:\/\/delcofoundation.org\/app\/uploads\/2025\/12\/DSC_0430-scaled.jpg","contentUrl":"https:\/\/delcofoundation.org\/app\/uploads\/2025\/12\/DSC_0430-scaled.jpg","width":2560,"height":1707},{"@type":"BreadcrumbList","@id":"https:\/\/delcofoundation.org\/fr\/conseil-des-associes\/#breadcrumb","itemListElement":[{"@type":"ListItem","position":1,"name":"Home","item":"https:\/\/delcofoundation.org\/fr\/"},{"@type":"ListItem","position":2,"name":"Conseil des associ\u00e9s"}]},{"@type":"WebSite","@id":"https:\/\/delcofoundation.org\/fr\/#website","url":"https:\/\/delcofoundation.org\/fr\/","name":"The Foundation for Delaware County","description":"","publisher":{"@id":"https:\/\/delcofoundation.org\/fr\/#organization"},"potentialAction":[{"@type":"SearchAction","target":{"@type":"EntryPoint","urlTemplate":"https:\/\/delcofoundation.org\/fr\/?s={search_term_string}"},"query-input":{"@type":"PropertyValueSpecification","valueRequired":true,"valueName":"search_term_string"}}],"inLanguage":"fr-FR"},{"@type":"Organization","@id":"https:\/\/delcofoundation.org\/fr\/#organization","name":"The Foundation for Delaware County","url":"https:\/\/delcofoundation.org\/fr\/","logo":{"@type":"ImageObject","inLanguage":"fr-FR","@id":"https:\/\/delcofoundation.org\/fr\/#\/schema\/logo\/image\/","url":"","contentUrl":"","caption":"The Foundation for Delaware County"},"image":{"@id":"https:\/\/delcofoundation.org\/fr\/#\/schema\/logo\/image\/"}}]}},"_links":{"self":[{"href":"https:\/\/delcofoundation.org\/fr\/wp-json\/wp\/v2\/pages\/11119","targetHints":{"allow":["GET"]}}],"collection":[{"href":"https:\/\/delcofoundation.org\/fr\/wp-json\/wp\/v2\/pages"}],"about":[{"href":"https:\/\/delcofoundation.org\/fr\/wp-json\/wp\/v2\/types\/page"}],"author":[{"embeddable":true,"href":"https:\/\/delcofoundation.org\/fr\/wp-json\/wp\/v2\/users\/12"}],"replies":[{"embeddable":true,"href":"https:\/\/delcofoundation.org\/fr\/wp-json\/wp\/v2\/comments?post=11119"}],"version-history":[{"count":4,"href":"https:\/\/delcofoundation.org\/fr\/wp-json\/wp\/v2\/pages\/11119\/revisions"}],"predecessor-version":[{"id":11182,"href":"https:\/\/delcofoundation.org\/fr\/wp-json\/wp\/v2\/pages\/11119\/revisions\/11182"}],"wp:featuredmedia":[{"embeddable":true,"href":"https:\/\/delcofoundation.org\/fr\/wp-json\/wp\/v2\/media\/15229"}],"wp:attachment":[{"href":"https:\/\/delcofoundation.org\/fr\/wp-json\/wp\/v2\/media?parent=11119"}],"curies":[{"name":"wp","href":"https:\/\/api.w.org\/{rel}","templated":true}]}}