{"id":11055,"date":"2024-07-31T13:46:53","date_gmt":"2024-07-31T13:46:53","guid":{"rendered":"https:\/\/delcofoundation.org\/guide-de-planification-successorale\/"},"modified":"2024-09-03T17:12:37","modified_gmt":"2024-09-03T17:12:37","slug":"guide-de-planification-successorale","status":"publish","type":"page","link":"https:\/\/delcofoundation.org\/fr\/guide-de-planification-successorale\/","title":{"rendered":"Guide de planification successorale"},"content":{"rendered":"<h3>Cr\u00e9ez un h\u00e9ritage : Faites b\u00e9n\u00e9ficier votre communaut\u00e9 d&#8217;un impact fiscal intelligent<\/h3>\n<p><a href=\"https:\/\/delcofoundation.org\/app\/uploads\/2024\/09\/Estate-Planning-Guide-090324.pdf\" target=\"_blank\" rel=\"noopener\"><img loading=\"lazy\" decoding=\"async\" class=\"alignnone wp-image-11040 size-large\" src=\"https:\/\/delcofoundation.org\/app\/uploads\/2024\/07\/Estate-Planning-Guide-Front-Page-791x1024.png\" alt=\"\" width=\"791\" height=\"1024\" srcset=\"https:\/\/delcofoundation.org\/app\/uploads\/2024\/07\/Estate-Planning-Guide-Front-Page-791x1024.png 791w, https:\/\/delcofoundation.org\/app\/uploads\/2024\/07\/Estate-Planning-Guide-Front-Page-232x300.png 232w, https:\/\/delcofoundation.org\/app\/uploads\/2024\/07\/Estate-Planning-Guide-Front-Page-768x994.png 768w, https:\/\/delcofoundation.org\/app\/uploads\/2024\/07\/Estate-Planning-Guide-Front-Page-1187x1536.png 1187w, https:\/\/delcofoundation.org\/app\/uploads\/2024\/07\/Estate-Planning-Guide-Front-Page-927x1200.png 927w, https:\/\/delcofoundation.org\/app\/uploads\/2024\/07\/Estate-Planning-Guide-Front-Page-241x312.png 241w, https:\/\/delcofoundation.org\/app\/uploads\/2024\/07\/Estate-Planning-Guide-Front-Page.png 1545w\" sizes=\"auto, (max-width: 791px) 100vw, 791px\" \/><\/a>  (cliquez sur l&#8217;image pour obtenir le guide PDF complet)<\/p>\n","protected":false},"excerpt":{"rendered":"<p>Cr\u00e9ez un h\u00e9ritage : Faites b\u00e9n\u00e9ficier votre communaut\u00e9 d&#8217;un impact fiscal intelligent (cliquez sur l&#8217;image pour obtenir le guide PDF complet)<\/p>\n","protected":false},"author":12,"featured_media":0,"parent":0,"menu_order":0,"comment_status":"closed","ping_status":"closed","template":"","meta":{"_acf_changed":false,"inline_featured_image":false,"footnotes":""},"class_list":["post-11055","page","type-page","status-publish","hentry"],"acf":[],"yoast_head":"<!-- This site is optimized with the Yoast SEO plugin v26.7 - https:\/\/yoast.com\/wordpress\/plugins\/seo\/ -->\n<title>Guide de planification successorale - The Foundation for Delaware County<\/title>\n<meta name=\"robots\" content=\"index, follow, max-snippet:-1, max-image-preview:large, max-video-preview:-1\" \/>\n<link rel=\"canonical\" href=\"https:\/\/delcofoundation.org\/fr\/guide-de-planification-successorale\/\" \/>\n<meta property=\"og:locale\" content=\"fr_FR\" \/>\n<meta property=\"og:type\" content=\"article\" \/>\n<meta property=\"og:title\" content=\"Guide de planification successorale - The Foundation for Delaware County\" \/>\n<meta property=\"og:description\" content=\"Cr\u00e9ez un h\u00e9ritage : Faites b\u00e9n\u00e9ficier votre communaut\u00e9 d&#8217;un impact fiscal intelligent (cliquez sur l&#8217;image pour obtenir le guide PDF complet)\" \/>\n<meta property=\"og:url\" content=\"https:\/\/delcofoundation.org\/fr\/guide-de-planification-successorale\/\" \/>\n<meta property=\"og:site_name\" content=\"The Foundation for Delaware County\" \/>\n<meta property=\"article:modified_time\" content=\"2024-09-03T17:12:37+00:00\" \/>\n<meta property=\"og:image\" content=\"https:\/\/delcofoundation.org\/app\/uploads\/2024\/07\/Estate-Planning-Guide-Front-Page-791x1024.png\" \/>\n<meta name=\"twitter:card\" content=\"summary_large_image\" \/>\n<script type=\"application\/ld+json\" class=\"yoast-schema-graph\">{\"@context\":\"https:\/\/schema.org\",\"@graph\":[{\"@type\":\"WebPage\",\"@id\":\"https:\/\/delcofoundation.org\/fr\/guide-de-planification-successorale\/\",\"url\":\"https:\/\/delcofoundation.org\/fr\/guide-de-planification-successorale\/\",\"name\":\"Guide de planification successorale - The Foundation for Delaware County\",\"isPartOf\":{\"@id\":\"https:\/\/delcofoundation.org\/fr\/#website\"},\"primaryImageOfPage\":{\"@id\":\"https:\/\/delcofoundation.org\/fr\/guide-de-planification-successorale\/#primaryimage\"},\"image\":{\"@id\":\"https:\/\/delcofoundation.org\/fr\/guide-de-planification-successorale\/#primaryimage\"},\"thumbnailUrl\":\"https:\/\/delcofoundation.org\/app\/uploads\/2024\/07\/Estate-Planning-Guide-Front-Page-791x1024.png\",\"datePublished\":\"2024-07-31T13:46:53+00:00\",\"dateModified\":\"2024-09-03T17:12:37+00:00\",\"breadcrumb\":{\"@id\":\"https:\/\/delcofoundation.org\/fr\/guide-de-planification-successorale\/#breadcrumb\"},\"inLanguage\":\"fr-FR\",\"potentialAction\":[{\"@type\":\"ReadAction\",\"target\":[\"https:\/\/delcofoundation.org\/fr\/guide-de-planification-successorale\/\"]}]},{\"@type\":\"ImageObject\",\"inLanguage\":\"fr-FR\",\"@id\":\"https:\/\/delcofoundation.org\/fr\/guide-de-planification-successorale\/#primaryimage\",\"url\":\"https:\/\/delcofoundation.org\/app\/uploads\/2024\/07\/Estate-Planning-Guide-Front-Page-791x1024.png\",\"contentUrl\":\"https:\/\/delcofoundation.org\/app\/uploads\/2024\/07\/Estate-Planning-Guide-Front-Page-791x1024.png\"},{\"@type\":\"BreadcrumbList\",\"@id\":\"https:\/\/delcofoundation.org\/fr\/guide-de-planification-successorale\/#breadcrumb\",\"itemListElement\":[{\"@type\":\"ListItem\",\"position\":1,\"name\":\"Home\",\"item\":\"https:\/\/delcofoundation.org\/fr\/\"},{\"@type\":\"ListItem\",\"position\":2,\"name\":\"Guide de planification successorale\"}]},{\"@type\":\"WebSite\",\"@id\":\"https:\/\/delcofoundation.org\/fr\/#website\",\"url\":\"https:\/\/delcofoundation.org\/fr\/\",\"name\":\"The Foundation for Delaware County\",\"description\":\"\",\"publisher\":{\"@id\":\"https:\/\/delcofoundation.org\/fr\/#organization\"},\"potentialAction\":[{\"@type\":\"SearchAction\",\"target\":{\"@type\":\"EntryPoint\",\"urlTemplate\":\"https:\/\/delcofoundation.org\/fr\/?s={search_term_string}\"},\"query-input\":{\"@type\":\"PropertyValueSpecification\",\"valueRequired\":true,\"valueName\":\"search_term_string\"}}],\"inLanguage\":\"fr-FR\"},{\"@type\":\"Organization\",\"@id\":\"https:\/\/delcofoundation.org\/fr\/#organization\",\"name\":\"The Foundation for Delaware County\",\"url\":\"https:\/\/delcofoundation.org\/fr\/\",\"logo\":{\"@type\":\"ImageObject\",\"inLanguage\":\"fr-FR\",\"@id\":\"https:\/\/delcofoundation.org\/fr\/#\/schema\/logo\/image\/\",\"url\":\"\",\"contentUrl\":\"\",\"caption\":\"The Foundation for Delaware County\"},\"image\":{\"@id\":\"https:\/\/delcofoundation.org\/fr\/#\/schema\/logo\/image\/\"}}]}<\/script>\n<!-- \/ Yoast SEO plugin. -->","yoast_head_json":{"title":"Guide de planification successorale - The Foundation for Delaware County","robots":{"index":"index","follow":"follow","max-snippet":"max-snippet:-1","max-image-preview":"max-image-preview:large","max-video-preview":"max-video-preview:-1"},"canonical":"https:\/\/delcofoundation.org\/fr\/guide-de-planification-successorale\/","og_locale":"fr_FR","og_type":"article","og_title":"Guide de planification successorale - The Foundation for Delaware County","og_description":"Cr\u00e9ez un h\u00e9ritage : Faites b\u00e9n\u00e9ficier votre communaut\u00e9 d&#8217;un impact fiscal intelligent (cliquez sur l&#8217;image pour obtenir le guide PDF complet)","og_url":"https:\/\/delcofoundation.org\/fr\/guide-de-planification-successorale\/","og_site_name":"The Foundation for Delaware County","article_modified_time":"2024-09-03T17:12:37+00:00","og_image":[{"url":"https:\/\/delcofoundation.org\/app\/uploads\/2024\/07\/Estate-Planning-Guide-Front-Page-791x1024.png","type":"","width":"","height":""}],"twitter_card":"summary_large_image","schema":{"@context":"https:\/\/schema.org","@graph":[{"@type":"WebPage","@id":"https:\/\/delcofoundation.org\/fr\/guide-de-planification-successorale\/","url":"https:\/\/delcofoundation.org\/fr\/guide-de-planification-successorale\/","name":"Guide de planification successorale - The Foundation for Delaware County","isPartOf":{"@id":"https:\/\/delcofoundation.org\/fr\/#website"},"primaryImageOfPage":{"@id":"https:\/\/delcofoundation.org\/fr\/guide-de-planification-successorale\/#primaryimage"},"image":{"@id":"https:\/\/delcofoundation.org\/fr\/guide-de-planification-successorale\/#primaryimage"},"thumbnailUrl":"https:\/\/delcofoundation.org\/app\/uploads\/2024\/07\/Estate-Planning-Guide-Front-Page-791x1024.png","datePublished":"2024-07-31T13:46:53+00:00","dateModified":"2024-09-03T17:12:37+00:00","breadcrumb":{"@id":"https:\/\/delcofoundation.org\/fr\/guide-de-planification-successorale\/#breadcrumb"},"inLanguage":"fr-FR","potentialAction":[{"@type":"ReadAction","target":["https:\/\/delcofoundation.org\/fr\/guide-de-planification-successorale\/"]}]},{"@type":"ImageObject","inLanguage":"fr-FR","@id":"https:\/\/delcofoundation.org\/fr\/guide-de-planification-successorale\/#primaryimage","url":"https:\/\/delcofoundation.org\/app\/uploads\/2024\/07\/Estate-Planning-Guide-Front-Page-791x1024.png","contentUrl":"https:\/\/delcofoundation.org\/app\/uploads\/2024\/07\/Estate-Planning-Guide-Front-Page-791x1024.png"},{"@type":"BreadcrumbList","@id":"https:\/\/delcofoundation.org\/fr\/guide-de-planification-successorale\/#breadcrumb","itemListElement":[{"@type":"ListItem","position":1,"name":"Home","item":"https:\/\/delcofoundation.org\/fr\/"},{"@type":"ListItem","position":2,"name":"Guide de planification successorale"}]},{"@type":"WebSite","@id":"https:\/\/delcofoundation.org\/fr\/#website","url":"https:\/\/delcofoundation.org\/fr\/","name":"The Foundation for Delaware County","description":"","publisher":{"@id":"https:\/\/delcofoundation.org\/fr\/#organization"},"potentialAction":[{"@type":"SearchAction","target":{"@type":"EntryPoint","urlTemplate":"https:\/\/delcofoundation.org\/fr\/?s={search_term_string}"},"query-input":{"@type":"PropertyValueSpecification","valueRequired":true,"valueName":"search_term_string"}}],"inLanguage":"fr-FR"},{"@type":"Organization","@id":"https:\/\/delcofoundation.org\/fr\/#organization","name":"The Foundation for Delaware County","url":"https:\/\/delcofoundation.org\/fr\/","logo":{"@type":"ImageObject","inLanguage":"fr-FR","@id":"https:\/\/delcofoundation.org\/fr\/#\/schema\/logo\/image\/","url":"","contentUrl":"","caption":"The Foundation for Delaware County"},"image":{"@id":"https:\/\/delcofoundation.org\/fr\/#\/schema\/logo\/image\/"}}]}},"_links":{"self":[{"href":"https:\/\/delcofoundation.org\/fr\/wp-json\/wp\/v2\/pages\/11055","targetHints":{"allow":["GET"]}}],"collection":[{"href":"https:\/\/delcofoundation.org\/fr\/wp-json\/wp\/v2\/pages"}],"about":[{"href":"https:\/\/delcofoundation.org\/fr\/wp-json\/wp\/v2\/types\/page"}],"author":[{"embeddable":true,"href":"https:\/\/delcofoundation.org\/fr\/wp-json\/wp\/v2\/users\/12"}],"replies":[{"embeddable":true,"href":"https:\/\/delcofoundation.org\/fr\/wp-json\/wp\/v2\/comments?post=11055"}],"version-history":[{"count":5,"href":"https:\/\/delcofoundation.org\/fr\/wp-json\/wp\/v2\/pages\/11055\/revisions"}],"predecessor-version":[{"id":11476,"href":"https:\/\/delcofoundation.org\/fr\/wp-json\/wp\/v2\/pages\/11055\/revisions\/11476"}],"wp:attachment":[{"href":"https:\/\/delcofoundation.org\/fr\/wp-json\/wp\/v2\/media?parent=11055"}],"curies":[{"name":"wp","href":"https:\/\/api.w.org\/{rel}","templated":true}]}}