{"id":5646,"date":"2021-08-17T17:08:50","date_gmt":"2021-08-17T17:08:50","guid":{"rendered":"https:\/\/delcofoundation.org\/nuestro-impacto\/areas-prioritarias\/salud-publica\/"},"modified":"2025-04-14T13:41:00","modified_gmt":"2025-04-14T13:41:00","slug":"salud-publica","status":"publish","type":"page","link":"https:\/\/delcofoundation.org\/es\/nuestro-impacto\/areas-prioritarias\/salud-publica\/","title":{"rendered":"Salud P\u00fablica"},"content":{"rendered":"","protected":false},"excerpt":{"rendered":"","protected":false},"author":5,"featured_media":0,"parent":5166,"menu_order":0,"comment_status":"closed","ping_status":"closed","template":"page-templates\/content-modules.php","meta":{"_acf_changed":false,"inline_featured_image":false,"footnotes":""},"class_list":["post-5646","page","type-page","status-publish","hentry"],"acf":[],"yoast_head":"<!-- This site is optimized with the Yoast SEO plugin v26.7 - https:\/\/yoast.com\/wordpress\/plugins\/seo\/ -->\n<title>Salud P\u00fablica - The Foundation for Delaware County<\/title>\n<meta name=\"description\" content=\"Nuestras ra\u00edces son profundas: heredados de la venta del Sistema Sanitario Crozer-Keystone, los programas de salud p\u00fablica de la fundaci\u00f3n han abordado necesidades cr\u00edticas en el condado de Delaware durante casi 30 a\u00f1os. En la Fundaci\u00f3n para el Condado de Delaware, nos centramos en apoyar a las familias sanas, desde el nacimiento. Nuestros programas est\u00e1n dise\u00f1ados para mejorar los resultados de los partos, la salud maternoinfantil y el bienestar general de las familias a las que atendemos, garantizando que las familias tengan acceso a los servicios que necesitan para estar sanas f\u00edsica y mentalmente.\nLa fundaci\u00f3n tambi\u00e9n trabaja para abordar la salud p\u00fablica mediante la concesi\u00f3n de subvenciones y otras iniciativas, como la prestaci\u00f3n de ayuda cr\u00edtica al condado cuando puso en marcha su primer departamento de salud p\u00fablica. El condado de Delaware confi\u00f3 en la fundaci\u00f3n para que le proporcionara ayuda estrat\u00e9gica en materia de financiaci\u00f3n, planificaci\u00f3n, educaci\u00f3n y comunicaciones. \u00c9ste es s\u00f3lo un ejemplo de c\u00f3mo una fundaci\u00f3n comunitaria puede desempe\u00f1ar un papel fundamental en las asociaciones p\u00fablico-privadas, con tu apoyo.\" \/>\n<meta name=\"robots\" content=\"index, follow, max-snippet:-1, max-image-preview:large, max-video-preview:-1\" \/>\n<link rel=\"canonical\" href=\"https:\/\/delcofoundation.org\/es\/nuestro-impacto\/areas-prioritarias\/salud-publica\/\" \/>\n<meta property=\"og:locale\" content=\"es_ES\" \/>\n<meta property=\"og:type\" content=\"article\" \/>\n<meta property=\"og:title\" content=\"Salud P\u00fablica - The Foundation for Delaware County\" \/>\n<meta property=\"og:url\" content=\"https:\/\/delcofoundation.org\/es\/nuestro-impacto\/areas-prioritarias\/salud-publica\/\" \/>\n<meta property=\"og:site_name\" content=\"The Foundation for Delaware County\" \/>\n<meta property=\"article:modified_time\" content=\"2025-04-14T13:41:00+00:00\" \/>\n<meta property=\"og:image\" content=\"https:\/\/delcofoundation.org\/app\/uploads\/2021\/10\/320_FDC-Annual-21-e1631905307293.jpg\" \/>\n\t<meta property=\"og:image:width\" content=\"1950\" \/>\n\t<meta property=\"og:image:height\" content=\"1150\" \/>\n\t<meta property=\"og:image:type\" content=\"image\/jpeg\" \/>\n<meta name=\"twitter:card\" content=\"summary_large_image\" \/>\n<script type=\"application\/ld+json\" class=\"yoast-schema-graph\">{\"@context\":\"https:\/\/schema.org\",\"@graph\":[{\"@type\":\"WebPage\",\"@id\":\"https:\/\/delcofoundation.org\/es\/nuestro-impacto\/areas-prioritarias\/salud-publica\/\",\"url\":\"https:\/\/delcofoundation.org\/es\/nuestro-impacto\/areas-prioritarias\/salud-publica\/\",\"name\":\"Salud P\u00fablica - The Foundation for Delaware County\",\"isPartOf\":{\"@id\":\"https:\/\/delcofoundation.org\/es\/#website\"},\"datePublished\":\"2021-08-17T17:08:50+00:00\",\"dateModified\":\"2025-04-14T13:41:00+00:00\",\"breadcrumb\":{\"@id\":\"https:\/\/delcofoundation.org\/es\/nuestro-impacto\/areas-prioritarias\/salud-publica\/#breadcrumb\"},\"inLanguage\":\"es-ES\",\"potentialAction\":[{\"@type\":\"ReadAction\",\"target\":[\"https:\/\/delcofoundation.org\/es\/nuestro-impacto\/areas-prioritarias\/salud-publica\/\"]}]},{\"@type\":\"BreadcrumbList\",\"@id\":\"https:\/\/delcofoundation.org\/es\/nuestro-impacto\/areas-prioritarias\/salud-publica\/#breadcrumb\",\"itemListElement\":[{\"@type\":\"ListItem\",\"position\":1,\"name\":\"Home\",\"item\":\"https:\/\/delcofoundation.org\/es\/\"},{\"@type\":\"ListItem\",\"position\":2,\"name\":\"Nuestro impacto\",\"item\":\"https:\/\/delcofoundation.org\/es\/nuestro-impacto\/\"},{\"@type\":\"ListItem\",\"position\":3,\"name\":\"\u00c1reas prioritarias\",\"item\":\"https:\/\/delcofoundation.org\/es\/nuestro-impacto\/areas-prioritarias\/\"},{\"@type\":\"ListItem\",\"position\":4,\"name\":\"Salud P\u00fablica\"}]},{\"@type\":\"WebSite\",\"@id\":\"https:\/\/delcofoundation.org\/es\/#website\",\"url\":\"https:\/\/delcofoundation.org\/es\/\",\"name\":\"The Foundation for Delaware County\",\"description\":\"\",\"publisher\":{\"@id\":\"https:\/\/delcofoundation.org\/es\/#organization\"},\"potentialAction\":[{\"@type\":\"SearchAction\",\"target\":{\"@type\":\"EntryPoint\",\"urlTemplate\":\"https:\/\/delcofoundation.org\/es\/?s={search_term_string}\"},\"query-input\":{\"@type\":\"PropertyValueSpecification\",\"valueRequired\":true,\"valueName\":\"search_term_string\"}}],\"inLanguage\":\"es-ES\"},{\"@type\":\"Organization\",\"@id\":\"https:\/\/delcofoundation.org\/es\/#organization\",\"name\":\"The Foundation for Delaware County\",\"url\":\"https:\/\/delcofoundation.org\/es\/\",\"logo\":{\"@type\":\"ImageObject\",\"inLanguage\":\"es-ES\",\"@id\":\"https:\/\/delcofoundation.org\/es\/#\/schema\/logo\/image\/\",\"url\":\"\",\"contentUrl\":\"\",\"caption\":\"The Foundation for Delaware County\"},\"image\":{\"@id\":\"https:\/\/delcofoundation.org\/es\/#\/schema\/logo\/image\/\"}}]}<\/script>\n<!-- \/ Yoast SEO plugin. -->","yoast_head_json":{"title":"Salud P\u00fablica - The Foundation for Delaware County","description":"Nuestras ra\u00edces son profundas: heredados de la venta del Sistema Sanitario Crozer-Keystone, los programas de salud p\u00fablica de la fundaci\u00f3n han abordado necesidades cr\u00edticas en el condado de Delaware durante casi 30 a\u00f1os. En la Fundaci\u00f3n para el Condado de Delaware, nos centramos en apoyar a las familias sanas, desde el nacimiento. Nuestros programas est\u00e1n dise\u00f1ados para mejorar los resultados de los partos, la salud maternoinfantil y el bienestar general de las familias a las que atendemos, garantizando que las familias tengan acceso a los servicios que necesitan para estar sanas f\u00edsica y mentalmente.\nLa fundaci\u00f3n tambi\u00e9n trabaja para abordar la salud p\u00fablica mediante la concesi\u00f3n de subvenciones y otras iniciativas, como la prestaci\u00f3n de ayuda cr\u00edtica al condado cuando puso en marcha su primer departamento de salud p\u00fablica. El condado de Delaware confi\u00f3 en la fundaci\u00f3n para que le proporcionara ayuda estrat\u00e9gica en materia de financiaci\u00f3n, planificaci\u00f3n, educaci\u00f3n y comunicaciones. \u00c9ste es s\u00f3lo un ejemplo de c\u00f3mo una fundaci\u00f3n comunitaria puede desempe\u00f1ar un papel fundamental en las asociaciones p\u00fablico-privadas, con tu apoyo.","robots":{"index":"index","follow":"follow","max-snippet":"max-snippet:-1","max-image-preview":"max-image-preview:large","max-video-preview":"max-video-preview:-1"},"canonical":"https:\/\/delcofoundation.org\/es\/nuestro-impacto\/areas-prioritarias\/salud-publica\/","og_locale":"es_ES","og_type":"article","og_title":"Salud P\u00fablica - The Foundation for Delaware County","og_url":"https:\/\/delcofoundation.org\/es\/nuestro-impacto\/areas-prioritarias\/salud-publica\/","og_site_name":"The Foundation for Delaware County","article_modified_time":"2025-04-14T13:41:00+00:00","og_image":[{"width":1950,"height":1150,"url":"https:\/\/delcofoundation.org\/app\/uploads\/2021\/10\/320_FDC-Annual-21-e1631905307293.jpg","type":"image\/jpeg"}],"twitter_card":"summary_large_image","schema":{"@context":"https:\/\/schema.org","@graph":[{"@type":"WebPage","@id":"https:\/\/delcofoundation.org\/es\/nuestro-impacto\/areas-prioritarias\/salud-publica\/","url":"https:\/\/delcofoundation.org\/es\/nuestro-impacto\/areas-prioritarias\/salud-publica\/","name":"Salud P\u00fablica - The Foundation for Delaware County","isPartOf":{"@id":"https:\/\/delcofoundation.org\/es\/#website"},"datePublished":"2021-08-17T17:08:50+00:00","dateModified":"2025-04-14T13:41:00+00:00","breadcrumb":{"@id":"https:\/\/delcofoundation.org\/es\/nuestro-impacto\/areas-prioritarias\/salud-publica\/#breadcrumb"},"inLanguage":"es-ES","potentialAction":[{"@type":"ReadAction","target":["https:\/\/delcofoundation.org\/es\/nuestro-impacto\/areas-prioritarias\/salud-publica\/"]}]},{"@type":"BreadcrumbList","@id":"https:\/\/delcofoundation.org\/es\/nuestro-impacto\/areas-prioritarias\/salud-publica\/#breadcrumb","itemListElement":[{"@type":"ListItem","position":1,"name":"Home","item":"https:\/\/delcofoundation.org\/es\/"},{"@type":"ListItem","position":2,"name":"Nuestro impacto","item":"https:\/\/delcofoundation.org\/es\/nuestro-impacto\/"},{"@type":"ListItem","position":3,"name":"\u00c1reas prioritarias","item":"https:\/\/delcofoundation.org\/es\/nuestro-impacto\/areas-prioritarias\/"},{"@type":"ListItem","position":4,"name":"Salud P\u00fablica"}]},{"@type":"WebSite","@id":"https:\/\/delcofoundation.org\/es\/#website","url":"https:\/\/delcofoundation.org\/es\/","name":"The Foundation for Delaware County","description":"","publisher":{"@id":"https:\/\/delcofoundation.org\/es\/#organization"},"potentialAction":[{"@type":"SearchAction","target":{"@type":"EntryPoint","urlTemplate":"https:\/\/delcofoundation.org\/es\/?s={search_term_string}"},"query-input":{"@type":"PropertyValueSpecification","valueRequired":true,"valueName":"search_term_string"}}],"inLanguage":"es-ES"},{"@type":"Organization","@id":"https:\/\/delcofoundation.org\/es\/#organization","name":"The Foundation for Delaware County","url":"https:\/\/delcofoundation.org\/es\/","logo":{"@type":"ImageObject","inLanguage":"es-ES","@id":"https:\/\/delcofoundation.org\/es\/#\/schema\/logo\/image\/","url":"","contentUrl":"","caption":"The Foundation for Delaware County"},"image":{"@id":"https:\/\/delcofoundation.org\/es\/#\/schema\/logo\/image\/"}}]}},"_links":{"self":[{"href":"https:\/\/delcofoundation.org\/es\/wp-json\/wp\/v2\/pages\/5646","targetHints":{"allow":["GET"]}}],"collection":[{"href":"https:\/\/delcofoundation.org\/es\/wp-json\/wp\/v2\/pages"}],"about":[{"href":"https:\/\/delcofoundation.org\/es\/wp-json\/wp\/v2\/types\/page"}],"author":[{"embeddable":true,"href":"https:\/\/delcofoundation.org\/es\/wp-json\/wp\/v2\/users\/5"}],"replies":[{"embeddable":true,"href":"https:\/\/delcofoundation.org\/es\/wp-json\/wp\/v2\/comments?post=5646"}],"version-history":[{"count":1,"href":"https:\/\/delcofoundation.org\/es\/wp-json\/wp\/v2\/pages\/5646\/revisions"}],"predecessor-version":[{"id":6149,"href":"https:\/\/delcofoundation.org\/es\/wp-json\/wp\/v2\/pages\/5646\/revisions\/6149"}],"up":[{"embeddable":true,"href":"https:\/\/delcofoundation.org\/es\/wp-json\/wp\/v2\/pages\/5166"}],"wp:attachment":[{"href":"https:\/\/delcofoundation.org\/es\/wp-json\/wp\/v2\/media?parent=5646"}],"curies":[{"name":"wp","href":"https:\/\/api.w.org\/{rel}","templated":true}]}}