{"id":5639,"date":"2021-08-18T14:25:15","date_gmt":"2021-08-18T14:25:15","guid":{"rendered":"https:\/\/delcofoundation.org\/programas-comunitarios\/solicitar-ayuda\/comienzo-saludable\/"},"modified":"2025-04-14T13:40:54","modified_gmt":"2025-04-14T13:40:54","slug":"comienzo-saludable","status":"publish","type":"page","link":"https:\/\/delcofoundation.org\/es\/programas-comunitarios\/solicitar-ayuda\/comienzo-saludable\/","title":{"rendered":"Comienzo saludable"},"content":{"rendered":"","protected":false},"excerpt":{"rendered":"","protected":false},"author":5,"featured_media":0,"parent":5168,"menu_order":0,"comment_status":"closed","ping_status":"closed","template":"page-templates\/content-modules.php","meta":{"_acf_changed":false,"inline_featured_image":false,"footnotes":""},"class_list":["post-5639","page","type-page","status-publish","hentry"],"acf":[],"yoast_head":"<!-- This site is optimized with the Yoast SEO plugin v26.7 - https:\/\/yoast.com\/wordpress\/plugins\/seo\/ -->\n<title>Comienzo saludable - The Foundation for Delaware County<\/title>\n<meta name=\"description\" content=\"Healthy Start es un programa financiado con fondos federales que atiende a embarazadas, futuros padres, la familia y ni\u00f1os de hasta 18 meses. Durante m\u00e1s de 20 a\u00f1os, Healthy Start ha reducido la tasa de mortalidad infantil y mejorado los resultados de los nacimientos en la zona objetivo de Chester, Upland, Eddystone, Woodlyn, Parkside, Chester Township, Marcus Hook, Trainer y Linwood. Los servicios incluyen:\n\nExtensi\u00f3n, compromiso y captaci\u00f3n intensivos de personas embarazadas;\nCoordinaci\u00f3n asistencial por niveles y gesti\u00f3n de casos basada en la necesidad evaluada y en las visitas a domicilio;\nEducaci\u00f3n centrada en la salud, el embarazo, la crianza, el desarrollo de la primera infancia, las habilidades para la vida, la educaci\u00f3n financiera y la gesti\u00f3n;\nInformaci\u00f3n y representaci\u00f3n jur\u00eddica civil; y\nServicios y recursos de apoyo a la vivienda permanente.\n\nM\u00e1s de 700 participantes se benefician de Healthy Start cada a\u00f1o. Las personas pueden inscribirse durante el embarazo y despu\u00e9s del parto, y pueden permanecer en el programa hasta que el ni\u00f1o tenga dieciocho meses.\nHealthy Start es uno de los dos programas de visitas domiciliarias de la Fundaci\u00f3n, adem\u00e1s de Nurse-Family Partnership (NFP). Estos programas trabajan en colaboraci\u00f3n con nuestras otras iniciativas de salud p\u00fablica para dar a las familias el complemento completo de servicios y apoyo que las preparen a fondo para dar la bienvenida a un nuevo beb\u00e9 y ser padres de ni\u00f1os peque\u00f1os. Cuando est\u00e1s inscrita en ambos programas, los gestores de casos de Healthy Start y las enfermeras de la Asociaci\u00f3n Enfermera-Familia forman un equipo, en el que tu gestor de casos te pone en contacto con los servicios y prestaciones elegibles, y tu enfermera hace hincapi\u00e9 en la crianza de los hijos.\nGet this information in English.\" \/>\n<meta name=\"robots\" content=\"index, follow, max-snippet:-1, max-image-preview:large, max-video-preview:-1\" \/>\n<link rel=\"canonical\" href=\"https:\/\/delcofoundation.org\/es\/programas-comunitarios\/solicitar-ayuda\/comienzo-saludable\/\" \/>\n<meta property=\"og:locale\" content=\"es_ES\" \/>\n<meta property=\"og:type\" content=\"article\" \/>\n<meta property=\"og:title\" content=\"Comienzo saludable - The Foundation for Delaware County\" \/>\n<meta property=\"og:url\" content=\"https:\/\/delcofoundation.org\/es\/programas-comunitarios\/solicitar-ayuda\/comienzo-saludable\/\" \/>\n<meta property=\"og:site_name\" content=\"The Foundation for Delaware County\" \/>\n<meta property=\"article:modified_time\" content=\"2025-04-14T13:40:54+00:00\" \/>\n<meta property=\"og:image\" content=\"https:\/\/delcofoundation.org\/app\/uploads\/2021\/10\/320_FDC-Annual-21-e1631905307293.jpg\" \/>\n\t<meta property=\"og:image:width\" content=\"1950\" \/>\n\t<meta property=\"og:image:height\" content=\"1150\" \/>\n\t<meta property=\"og:image:type\" content=\"image\/jpeg\" \/>\n<meta name=\"twitter:card\" content=\"summary_large_image\" \/>\n<script type=\"application\/ld+json\" class=\"yoast-schema-graph\">{\"@context\":\"https:\/\/schema.org\",\"@graph\":[{\"@type\":\"WebPage\",\"@id\":\"https:\/\/delcofoundation.org\/es\/programas-comunitarios\/solicitar-ayuda\/comienzo-saludable\/\",\"url\":\"https:\/\/delcofoundation.org\/es\/programas-comunitarios\/solicitar-ayuda\/comienzo-saludable\/\",\"name\":\"Comienzo saludable - The Foundation for Delaware County\",\"isPartOf\":{\"@id\":\"https:\/\/delcofoundation.org\/es\/#website\"},\"datePublished\":\"2021-08-18T14:25:15+00:00\",\"dateModified\":\"2025-04-14T13:40:54+00:00\",\"breadcrumb\":{\"@id\":\"https:\/\/delcofoundation.org\/es\/programas-comunitarios\/solicitar-ayuda\/comienzo-saludable\/#breadcrumb\"},\"inLanguage\":\"es-ES\",\"potentialAction\":[{\"@type\":\"ReadAction\",\"target\":[\"https:\/\/delcofoundation.org\/es\/programas-comunitarios\/solicitar-ayuda\/comienzo-saludable\/\"]}]},{\"@type\":\"BreadcrumbList\",\"@id\":\"https:\/\/delcofoundation.org\/es\/programas-comunitarios\/solicitar-ayuda\/comienzo-saludable\/#breadcrumb\",\"itemListElement\":[{\"@type\":\"ListItem\",\"position\":1,\"name\":\"Home\",\"item\":\"https:\/\/delcofoundation.org\/es\/\"},{\"@type\":\"ListItem\",\"position\":2,\"name\":\"Programas comunitarios\",\"item\":\"https:\/\/delcofoundation.org\/es\/programas-comunitarios\/\"},{\"@type\":\"ListItem\",\"position\":3,\"name\":\"Solicitar ayuda\",\"item\":\"https:\/\/delcofoundation.org\/es\/programas-comunitarios\/solicitar-ayuda\/\"},{\"@type\":\"ListItem\",\"position\":4,\"name\":\"Comienzo saludable\"}]},{\"@type\":\"WebSite\",\"@id\":\"https:\/\/delcofoundation.org\/es\/#website\",\"url\":\"https:\/\/delcofoundation.org\/es\/\",\"name\":\"The Foundation for Delaware County\",\"description\":\"\",\"publisher\":{\"@id\":\"https:\/\/delcofoundation.org\/es\/#organization\"},\"potentialAction\":[{\"@type\":\"SearchAction\",\"target\":{\"@type\":\"EntryPoint\",\"urlTemplate\":\"https:\/\/delcofoundation.org\/es\/?s={search_term_string}\"},\"query-input\":{\"@type\":\"PropertyValueSpecification\",\"valueRequired\":true,\"valueName\":\"search_term_string\"}}],\"inLanguage\":\"es-ES\"},{\"@type\":\"Organization\",\"@id\":\"https:\/\/delcofoundation.org\/es\/#organization\",\"name\":\"The Foundation for Delaware County\",\"url\":\"https:\/\/delcofoundation.org\/es\/\",\"logo\":{\"@type\":\"ImageObject\",\"inLanguage\":\"es-ES\",\"@id\":\"https:\/\/delcofoundation.org\/es\/#\/schema\/logo\/image\/\",\"url\":\"\",\"contentUrl\":\"\",\"caption\":\"The Foundation for Delaware County\"},\"image\":{\"@id\":\"https:\/\/delcofoundation.org\/es\/#\/schema\/logo\/image\/\"}}]}<\/script>\n<!-- \/ Yoast SEO plugin. -->","yoast_head_json":{"title":"Comienzo saludable - The Foundation for Delaware County","description":"Healthy Start es un programa financiado con fondos federales que atiende a embarazadas, futuros padres, la familia y ni\u00f1os de hasta 18 meses. Durante m\u00e1s de 20 a\u00f1os, Healthy Start ha reducido la tasa de mortalidad infantil y mejorado los resultados de los nacimientos en la zona objetivo de Chester, Upland, Eddystone, Woodlyn, Parkside, Chester Township, Marcus Hook, Trainer y Linwood. Los servicios incluyen:\n\nExtensi\u00f3n, compromiso y captaci\u00f3n intensivos de personas embarazadas;\nCoordinaci\u00f3n asistencial por niveles y gesti\u00f3n de casos basada en la necesidad evaluada y en las visitas a domicilio;\nEducaci\u00f3n centrada en la salud, el embarazo, la crianza, el desarrollo de la primera infancia, las habilidades para la vida, la educaci\u00f3n financiera y la gesti\u00f3n;\nInformaci\u00f3n y representaci\u00f3n jur\u00eddica civil; y\nServicios y recursos de apoyo a la vivienda permanente.\n\nM\u00e1s de 700 participantes se benefician de Healthy Start cada a\u00f1o. Las personas pueden inscribirse durante el embarazo y despu\u00e9s del parto, y pueden permanecer en el programa hasta que el ni\u00f1o tenga dieciocho meses.\nHealthy Start es uno de los dos programas de visitas domiciliarias de la Fundaci\u00f3n, adem\u00e1s de Nurse-Family Partnership (NFP). Estos programas trabajan en colaboraci\u00f3n con nuestras otras iniciativas de salud p\u00fablica para dar a las familias el complemento completo de servicios y apoyo que las preparen a fondo para dar la bienvenida a un nuevo beb\u00e9 y ser padres de ni\u00f1os peque\u00f1os. Cuando est\u00e1s inscrita en ambos programas, los gestores de casos de Healthy Start y las enfermeras de la Asociaci\u00f3n Enfermera-Familia forman un equipo, en el que tu gestor de casos te pone en contacto con los servicios y prestaciones elegibles, y tu enfermera hace hincapi\u00e9 en la crianza de los hijos.\nGet this information in English.","robots":{"index":"index","follow":"follow","max-snippet":"max-snippet:-1","max-image-preview":"max-image-preview:large","max-video-preview":"max-video-preview:-1"},"canonical":"https:\/\/delcofoundation.org\/es\/programas-comunitarios\/solicitar-ayuda\/comienzo-saludable\/","og_locale":"es_ES","og_type":"article","og_title":"Comienzo saludable - The Foundation for Delaware County","og_url":"https:\/\/delcofoundation.org\/es\/programas-comunitarios\/solicitar-ayuda\/comienzo-saludable\/","og_site_name":"The Foundation for Delaware County","article_modified_time":"2025-04-14T13:40:54+00:00","og_image":[{"width":1950,"height":1150,"url":"https:\/\/delcofoundation.org\/app\/uploads\/2021\/10\/320_FDC-Annual-21-e1631905307293.jpg","type":"image\/jpeg"}],"twitter_card":"summary_large_image","schema":{"@context":"https:\/\/schema.org","@graph":[{"@type":"WebPage","@id":"https:\/\/delcofoundation.org\/es\/programas-comunitarios\/solicitar-ayuda\/comienzo-saludable\/","url":"https:\/\/delcofoundation.org\/es\/programas-comunitarios\/solicitar-ayuda\/comienzo-saludable\/","name":"Comienzo saludable - The Foundation for Delaware County","isPartOf":{"@id":"https:\/\/delcofoundation.org\/es\/#website"},"datePublished":"2021-08-18T14:25:15+00:00","dateModified":"2025-04-14T13:40:54+00:00","breadcrumb":{"@id":"https:\/\/delcofoundation.org\/es\/programas-comunitarios\/solicitar-ayuda\/comienzo-saludable\/#breadcrumb"},"inLanguage":"es-ES","potentialAction":[{"@type":"ReadAction","target":["https:\/\/delcofoundation.org\/es\/programas-comunitarios\/solicitar-ayuda\/comienzo-saludable\/"]}]},{"@type":"BreadcrumbList","@id":"https:\/\/delcofoundation.org\/es\/programas-comunitarios\/solicitar-ayuda\/comienzo-saludable\/#breadcrumb","itemListElement":[{"@type":"ListItem","position":1,"name":"Home","item":"https:\/\/delcofoundation.org\/es\/"},{"@type":"ListItem","position":2,"name":"Programas comunitarios","item":"https:\/\/delcofoundation.org\/es\/programas-comunitarios\/"},{"@type":"ListItem","position":3,"name":"Solicitar ayuda","item":"https:\/\/delcofoundation.org\/es\/programas-comunitarios\/solicitar-ayuda\/"},{"@type":"ListItem","position":4,"name":"Comienzo saludable"}]},{"@type":"WebSite","@id":"https:\/\/delcofoundation.org\/es\/#website","url":"https:\/\/delcofoundation.org\/es\/","name":"The Foundation for Delaware County","description":"","publisher":{"@id":"https:\/\/delcofoundation.org\/es\/#organization"},"potentialAction":[{"@type":"SearchAction","target":{"@type":"EntryPoint","urlTemplate":"https:\/\/delcofoundation.org\/es\/?s={search_term_string}"},"query-input":{"@type":"PropertyValueSpecification","valueRequired":true,"valueName":"search_term_string"}}],"inLanguage":"es-ES"},{"@type":"Organization","@id":"https:\/\/delcofoundation.org\/es\/#organization","name":"The Foundation for Delaware County","url":"https:\/\/delcofoundation.org\/es\/","logo":{"@type":"ImageObject","inLanguage":"es-ES","@id":"https:\/\/delcofoundation.org\/es\/#\/schema\/logo\/image\/","url":"","contentUrl":"","caption":"The Foundation for Delaware County"},"image":{"@id":"https:\/\/delcofoundation.org\/es\/#\/schema\/logo\/image\/"}}]}},"_links":{"self":[{"href":"https:\/\/delcofoundation.org\/es\/wp-json\/wp\/v2\/pages\/5639","targetHints":{"allow":["GET"]}}],"collection":[{"href":"https:\/\/delcofoundation.org\/es\/wp-json\/wp\/v2\/pages"}],"about":[{"href":"https:\/\/delcofoundation.org\/es\/wp-json\/wp\/v2\/types\/page"}],"author":[{"embeddable":true,"href":"https:\/\/delcofoundation.org\/es\/wp-json\/wp\/v2\/users\/5"}],"replies":[{"embeddable":true,"href":"https:\/\/delcofoundation.org\/es\/wp-json\/wp\/v2\/comments?post=5639"}],"version-history":[{"count":1,"href":"https:\/\/delcofoundation.org\/es\/wp-json\/wp\/v2\/pages\/5639\/revisions"}],"predecessor-version":[{"id":6180,"href":"https:\/\/delcofoundation.org\/es\/wp-json\/wp\/v2\/pages\/5639\/revisions\/6180"}],"up":[{"embeddable":true,"href":"https:\/\/delcofoundation.org\/es\/wp-json\/wp\/v2\/pages\/5168"}],"wp:attachment":[{"href":"https:\/\/delcofoundation.org\/es\/wp-json\/wp\/v2\/media?parent=5639"}],"curies":[{"name":"wp","href":"https:\/\/api.w.org\/{rel}","templated":true}]}}