{"id":5635,"date":"2021-08-18T03:43:56","date_gmt":"2021-08-18T03:43:56","guid":{"rendered":"https:\/\/delcofoundation.org\/tarifas-y-politicas\/"},"modified":"2024-06-20T19:02:22","modified_gmt":"2024-06-20T19:02:22","slug":"tarifas-y-politicas","status":"publish","type":"page","link":"https:\/\/delcofoundation.org\/es\/tarifas-y-politicas\/","title":{"rendered":"Tarifas y pol\u00edticas"},"content":{"rendered":"","protected":false},"excerpt":{"rendered":"","protected":false},"author":5,"featured_media":0,"parent":0,"menu_order":0,"comment_status":"closed","ping_status":"closed","template":"page-templates\/content-modules.php","meta":{"_acf_changed":false,"inline_featured_image":false,"footnotes":""},"class_list":["post-5635","page","type-page","status-publish","hentry"],"acf":[],"yoast_head":"<!-- This site is optimized with the Yoast SEO plugin v26.7 - https:\/\/yoast.com\/wordpress\/plugins\/seo\/ -->\n<title>Tarifas y pol\u00edticas - The Foundation for Delaware County<\/title>\n<meta name=\"description\" content=\"Cobramos dos tasas por todos los fondos de la fundaci\u00f3n. La primera es una comisi\u00f3n de inversi\u00f3n que cubre el coste de los servicios de asesoramiento en materia de inversi\u00f3n. La segunda comisi\u00f3n es un porcentaje de la comisi\u00f3n de gesti\u00f3n para cubrir los costes administrativos de la fundaci\u00f3n asociados al fondo y apoya nuestra misi\u00f3n ben\u00e9fica general. La comisi\u00f3n de gesti\u00f3n anual t\u00edpica es del 1 por ciento del valor acumulado de la dotaci\u00f3n, calculada mensualmente en 8,333 puntos b\u00e1sicos (,08333 del 1 por ciento), con un m\u00ednimo de 250 $. La cuota anual para los fondos de becas es del 2,5%. Las cuotas de patrocinio fiscal se determinan caso por caso.\nLa comisi\u00f3n de inversi\u00f3n es una cuota mensual que cubre las comisiones cobradas a la fundaci\u00f3n por sus gestores de inversi\u00f3n. El importe de la comisi\u00f3n es de aproximadamente 67 puntos b\u00e1sicos (,67 del 1 por ciento) al a\u00f1o, aunque puede fluctuar en funci\u00f3n de la clase de activos en los que invierta la fundaci\u00f3n. Nuestro comit\u00e9 de inversiones supervisa de cerca las comisiones que cobran nuestros gestores de inversiones.\nLos rendimientos anuales de nuestras inversiones y la asignaci\u00f3n de los activos se publican cada a\u00f1o en el informe anual de la fundaci\u00f3n.\" \/>\n<meta name=\"robots\" content=\"index, follow, max-snippet:-1, max-image-preview:large, max-video-preview:-1\" \/>\n<link rel=\"canonical\" href=\"https:\/\/delcofoundation.org\/es\/tarifas-y-politicas\/\" \/>\n<meta property=\"og:locale\" content=\"es_ES\" \/>\n<meta property=\"og:type\" content=\"article\" \/>\n<meta property=\"og:title\" content=\"Tarifas y pol\u00edticas - The Foundation for Delaware County\" \/>\n<meta property=\"og:url\" content=\"https:\/\/delcofoundation.org\/es\/tarifas-y-politicas\/\" \/>\n<meta property=\"og:site_name\" content=\"The Foundation for Delaware County\" \/>\n<meta property=\"article:modified_time\" content=\"2024-06-20T19:02:22+00:00\" \/>\n<meta property=\"og:image\" content=\"https:\/\/delcofoundation.org\/app\/uploads\/2021\/10\/320_FDC-Annual-21-e1631905307293.jpg\" \/>\n\t<meta property=\"og:image:width\" content=\"1950\" \/>\n\t<meta property=\"og:image:height\" content=\"1150\" \/>\n\t<meta property=\"og:image:type\" content=\"image\/jpeg\" \/>\n<meta name=\"twitter:card\" content=\"summary_large_image\" \/>\n<script type=\"application\/ld+json\" class=\"yoast-schema-graph\">{\"@context\":\"https:\/\/schema.org\",\"@graph\":[{\"@type\":\"WebPage\",\"@id\":\"https:\/\/delcofoundation.org\/es\/tarifas-y-politicas\/\",\"url\":\"https:\/\/delcofoundation.org\/es\/tarifas-y-politicas\/\",\"name\":\"Tarifas y pol\u00edticas - The Foundation for Delaware County\",\"isPartOf\":{\"@id\":\"https:\/\/delcofoundation.org\/es\/#website\"},\"datePublished\":\"2021-08-18T03:43:56+00:00\",\"dateModified\":\"2024-06-20T19:02:22+00:00\",\"breadcrumb\":{\"@id\":\"https:\/\/delcofoundation.org\/es\/tarifas-y-politicas\/#breadcrumb\"},\"inLanguage\":\"es-ES\",\"potentialAction\":[{\"@type\":\"ReadAction\",\"target\":[\"https:\/\/delcofoundation.org\/es\/tarifas-y-politicas\/\"]}]},{\"@type\":\"BreadcrumbList\",\"@id\":\"https:\/\/delcofoundation.org\/es\/tarifas-y-politicas\/#breadcrumb\",\"itemListElement\":[{\"@type\":\"ListItem\",\"position\":1,\"name\":\"Home\",\"item\":\"https:\/\/delcofoundation.org\/es\/\"},{\"@type\":\"ListItem\",\"position\":2,\"name\":\"Tarifas y pol\u00edticas\"}]},{\"@type\":\"WebSite\",\"@id\":\"https:\/\/delcofoundation.org\/es\/#website\",\"url\":\"https:\/\/delcofoundation.org\/es\/\",\"name\":\"The Foundation for Delaware County\",\"description\":\"\",\"publisher\":{\"@id\":\"https:\/\/delcofoundation.org\/es\/#organization\"},\"potentialAction\":[{\"@type\":\"SearchAction\",\"target\":{\"@type\":\"EntryPoint\",\"urlTemplate\":\"https:\/\/delcofoundation.org\/es\/?s={search_term_string}\"},\"query-input\":{\"@type\":\"PropertyValueSpecification\",\"valueRequired\":true,\"valueName\":\"search_term_string\"}}],\"inLanguage\":\"es-ES\"},{\"@type\":\"Organization\",\"@id\":\"https:\/\/delcofoundation.org\/es\/#organization\",\"name\":\"The Foundation for Delaware County\",\"url\":\"https:\/\/delcofoundation.org\/es\/\",\"logo\":{\"@type\":\"ImageObject\",\"inLanguage\":\"es-ES\",\"@id\":\"https:\/\/delcofoundation.org\/es\/#\/schema\/logo\/image\/\",\"url\":\"\",\"contentUrl\":\"\",\"caption\":\"The Foundation for Delaware County\"},\"image\":{\"@id\":\"https:\/\/delcofoundation.org\/es\/#\/schema\/logo\/image\/\"}}]}<\/script>\n<!-- \/ Yoast SEO plugin. -->","yoast_head_json":{"title":"Tarifas y pol\u00edticas - The Foundation for Delaware County","description":"Cobramos dos tasas por todos los fondos de la fundaci\u00f3n. La primera es una comisi\u00f3n de inversi\u00f3n que cubre el coste de los servicios de asesoramiento en materia de inversi\u00f3n. La segunda comisi\u00f3n es un porcentaje de la comisi\u00f3n de gesti\u00f3n para cubrir los costes administrativos de la fundaci\u00f3n asociados al fondo y apoya nuestra misi\u00f3n ben\u00e9fica general. La comisi\u00f3n de gesti\u00f3n anual t\u00edpica es del 1 por ciento del valor acumulado de la dotaci\u00f3n, calculada mensualmente en 8,333 puntos b\u00e1sicos (,08333 del 1 por ciento), con un m\u00ednimo de 250 $. La cuota anual para los fondos de becas es del 2,5%. Las cuotas de patrocinio fiscal se determinan caso por caso.\nLa comisi\u00f3n de inversi\u00f3n es una cuota mensual que cubre las comisiones cobradas a la fundaci\u00f3n por sus gestores de inversi\u00f3n. El importe de la comisi\u00f3n es de aproximadamente 67 puntos b\u00e1sicos (,67 del 1 por ciento) al a\u00f1o, aunque puede fluctuar en funci\u00f3n de la clase de activos en los que invierta la fundaci\u00f3n. Nuestro comit\u00e9 de inversiones supervisa de cerca las comisiones que cobran nuestros gestores de inversiones.\nLos rendimientos anuales de nuestras inversiones y la asignaci\u00f3n de los activos se publican cada a\u00f1o en el informe anual de la fundaci\u00f3n.","robots":{"index":"index","follow":"follow","max-snippet":"max-snippet:-1","max-image-preview":"max-image-preview:large","max-video-preview":"max-video-preview:-1"},"canonical":"https:\/\/delcofoundation.org\/es\/tarifas-y-politicas\/","og_locale":"es_ES","og_type":"article","og_title":"Tarifas y pol\u00edticas - The Foundation for Delaware County","og_url":"https:\/\/delcofoundation.org\/es\/tarifas-y-politicas\/","og_site_name":"The Foundation for Delaware County","article_modified_time":"2024-06-20T19:02:22+00:00","og_image":[{"width":1950,"height":1150,"url":"https:\/\/delcofoundation.org\/app\/uploads\/2021\/10\/320_FDC-Annual-21-e1631905307293.jpg","type":"image\/jpeg"}],"twitter_card":"summary_large_image","schema":{"@context":"https:\/\/schema.org","@graph":[{"@type":"WebPage","@id":"https:\/\/delcofoundation.org\/es\/tarifas-y-politicas\/","url":"https:\/\/delcofoundation.org\/es\/tarifas-y-politicas\/","name":"Tarifas y pol\u00edticas - The Foundation for Delaware County","isPartOf":{"@id":"https:\/\/delcofoundation.org\/es\/#website"},"datePublished":"2021-08-18T03:43:56+00:00","dateModified":"2024-06-20T19:02:22+00:00","breadcrumb":{"@id":"https:\/\/delcofoundation.org\/es\/tarifas-y-politicas\/#breadcrumb"},"inLanguage":"es-ES","potentialAction":[{"@type":"ReadAction","target":["https:\/\/delcofoundation.org\/es\/tarifas-y-politicas\/"]}]},{"@type":"BreadcrumbList","@id":"https:\/\/delcofoundation.org\/es\/tarifas-y-politicas\/#breadcrumb","itemListElement":[{"@type":"ListItem","position":1,"name":"Home","item":"https:\/\/delcofoundation.org\/es\/"},{"@type":"ListItem","position":2,"name":"Tarifas y pol\u00edticas"}]},{"@type":"WebSite","@id":"https:\/\/delcofoundation.org\/es\/#website","url":"https:\/\/delcofoundation.org\/es\/","name":"The Foundation for Delaware County","description":"","publisher":{"@id":"https:\/\/delcofoundation.org\/es\/#organization"},"potentialAction":[{"@type":"SearchAction","target":{"@type":"EntryPoint","urlTemplate":"https:\/\/delcofoundation.org\/es\/?s={search_term_string}"},"query-input":{"@type":"PropertyValueSpecification","valueRequired":true,"valueName":"search_term_string"}}],"inLanguage":"es-ES"},{"@type":"Organization","@id":"https:\/\/delcofoundation.org\/es\/#organization","name":"The Foundation for Delaware County","url":"https:\/\/delcofoundation.org\/es\/","logo":{"@type":"ImageObject","inLanguage":"es-ES","@id":"https:\/\/delcofoundation.org\/es\/#\/schema\/logo\/image\/","url":"","contentUrl":"","caption":"The Foundation for Delaware County"},"image":{"@id":"https:\/\/delcofoundation.org\/es\/#\/schema\/logo\/image\/"}}]}},"_links":{"self":[{"href":"https:\/\/delcofoundation.org\/es\/wp-json\/wp\/v2\/pages\/5635","targetHints":{"allow":["GET"]}}],"collection":[{"href":"https:\/\/delcofoundation.org\/es\/wp-json\/wp\/v2\/pages"}],"about":[{"href":"https:\/\/delcofoundation.org\/es\/wp-json\/wp\/v2\/types\/page"}],"author":[{"embeddable":true,"href":"https:\/\/delcofoundation.org\/es\/wp-json\/wp\/v2\/users\/5"}],"replies":[{"embeddable":true,"href":"https:\/\/delcofoundation.org\/es\/wp-json\/wp\/v2\/comments?post=5635"}],"version-history":[{"count":1,"href":"https:\/\/delcofoundation.org\/es\/wp-json\/wp\/v2\/pages\/5635\/revisions"}],"predecessor-version":[{"id":6126,"href":"https:\/\/delcofoundation.org\/es\/wp-json\/wp\/v2\/pages\/5635\/revisions\/6126"}],"wp:attachment":[{"href":"https:\/\/delcofoundation.org\/es\/wp-json\/wp\/v2\/media?parent=5635"}],"curies":[{"name":"wp","href":"https:\/\/api.w.org\/{rel}","templated":true}]}}