{"id":5627,"date":"2021-08-18T18:46:15","date_gmt":"2021-08-18T18:46:15","guid":{"rendered":"https:\/\/delcofoundation.org\/programas-comunitarios\/nuestras-iniciativas\/asociacion-medico-legal\/"},"modified":"2024-06-20T19:03:06","modified_gmt":"2024-06-20T19:03:06","slug":"asociacion-medico-legal","status":"publish","type":"page","link":"https:\/\/delcofoundation.org\/es\/programas-comunitarios\/nuestras-iniciativas\/asociacion-medico-legal\/","title":{"rendered":"Asociaci\u00f3n m\u00e9dico-legal"},"content":{"rendered":"","protected":false},"excerpt":{"rendered":"","protected":false},"author":5,"featured_media":0,"parent":5179,"menu_order":0,"comment_status":"closed","ping_status":"closed","template":"page-templates\/content-modules.php","meta":{"_acf_changed":false,"inline_featured_image":false,"footnotes":""},"class_list":["post-5627","page","type-page","status-publish","hentry"],"acf":[],"yoast_head":"<!-- This site is optimized with the Yoast SEO plugin v26.7 - https:\/\/yoast.com\/wordpress\/plugins\/seo\/ -->\n<title>Asociaci\u00f3n m\u00e9dico-legal - The Foundation for Delaware County<\/title>\n<meta name=\"description\" content=\"Los abogados civiles integrados en las oficinas de los programas proporcionan representaci\u00f3n jur\u00eddica directa, defensa sist\u00e9mica y formaci\u00f3n para apoyar a los clientes, al personal y a la comunidad. Esto convierte a los programas NFP y Healthy Start de la fundaci\u00f3n en unos de los pocos selectos del pa\u00eds que reciben financiaci\u00f3n para la defensa de la familia y para integrar a los abogados de la MLP en sus servicios.\nAbogados experimentados y formados en derecho de la pobreza trabajan como parte de los equipos de gesti\u00f3n de casos, coordinaci\u00f3n de cuidados y visitas de enfermeras a domicilio para abordar los complejos retos civiles de los participantes en el programa, colaborando con organismos locales y otras entidades externas. Los abogados del MLP prestan atenci\u00f3n jur\u00eddica oportuna y coherente a las familias participantes que se enfrentan a problemas como:\n\nInseguridad de ingresos\nInseguridad alimentaria\nVivienda insegura o inadecuada\nCobertura inadecuada o falta de seguro m\u00e9dico\nProblemas de acceso a los servicios p\u00fablicos\nPr\u00e1cticas desleales o enga\u00f1osas contra los consumidores\nAcceso a recursos para v\u00edctimas de violencia dom\u00e9stica\n\nEl MLP se cre\u00f3 en respuesta a una evaluaci\u00f3n de las necesidades sociales y jur\u00eddicas realizada en Chester por la Facultad de Derecho de Delaware de la Universidad Widener. La evaluaci\u00f3n mostr\u00f3 que muchas familias sufr\u00edan necesidades sociales y jur\u00eddicas insatisfechas y no ten\u00edan acceso a abogados y otros defensores. Las evaluaciones muestran que, tras recibir los servicios de MLP, las familias experimentan una disminuci\u00f3n significativa de los niveles de estr\u00e9s, un aumento de la autoeficacia y altos niveles de satisfacci\u00f3n.\nPara m\u00e1s informaci\u00f3n sobre MLP, ponte en contacto con Laura Handel, abogada gestora.\nInf\u00f3rmate sobre c\u00f3mo Healthy Start y la Asociaci\u00f3n Enfermera-Familia est\u00e1n mejorando la atenci\u00f3n sanitaria materno-infantil.\nVer art\u00edculo relacionado del Delaware County Daily Times.\" \/>\n<meta name=\"robots\" content=\"index, follow, max-snippet:-1, max-image-preview:large, max-video-preview:-1\" \/>\n<link rel=\"canonical\" href=\"https:\/\/delcofoundation.org\/es\/programas-comunitarios\/nuestras-iniciativas\/asociacion-medico-legal\/\" \/>\n<meta property=\"og:locale\" content=\"es_ES\" \/>\n<meta property=\"og:type\" content=\"article\" \/>\n<meta property=\"og:title\" content=\"Asociaci\u00f3n m\u00e9dico-legal - The Foundation for Delaware County\" \/>\n<meta property=\"og:url\" content=\"https:\/\/delcofoundation.org\/es\/programas-comunitarios\/nuestras-iniciativas\/asociacion-medico-legal\/\" \/>\n<meta property=\"og:site_name\" content=\"The Foundation for Delaware County\" \/>\n<meta property=\"article:modified_time\" content=\"2024-06-20T19:03:06+00:00\" \/>\n<meta property=\"og:image\" content=\"https:\/\/delcofoundation.org\/app\/uploads\/2021\/10\/320_FDC-Annual-21-e1631905307293.jpg\" \/>\n\t<meta property=\"og:image:width\" content=\"1950\" \/>\n\t<meta property=\"og:image:height\" content=\"1150\" \/>\n\t<meta property=\"og:image:type\" content=\"image\/jpeg\" \/>\n<meta name=\"twitter:card\" content=\"summary_large_image\" \/>\n<script type=\"application\/ld+json\" class=\"yoast-schema-graph\">{\"@context\":\"https:\/\/schema.org\",\"@graph\":[{\"@type\":\"WebPage\",\"@id\":\"https:\/\/delcofoundation.org\/es\/programas-comunitarios\/nuestras-iniciativas\/asociacion-medico-legal\/\",\"url\":\"https:\/\/delcofoundation.org\/es\/programas-comunitarios\/nuestras-iniciativas\/asociacion-medico-legal\/\",\"name\":\"Asociaci\u00f3n m\u00e9dico-legal - The Foundation for Delaware County\",\"isPartOf\":{\"@id\":\"https:\/\/delcofoundation.org\/es\/#website\"},\"datePublished\":\"2021-08-18T18:46:15+00:00\",\"dateModified\":\"2024-06-20T19:03:06+00:00\",\"breadcrumb\":{\"@id\":\"https:\/\/delcofoundation.org\/es\/programas-comunitarios\/nuestras-iniciativas\/asociacion-medico-legal\/#breadcrumb\"},\"inLanguage\":\"es-ES\",\"potentialAction\":[{\"@type\":\"ReadAction\",\"target\":[\"https:\/\/delcofoundation.org\/es\/programas-comunitarios\/nuestras-iniciativas\/asociacion-medico-legal\/\"]}]},{\"@type\":\"BreadcrumbList\",\"@id\":\"https:\/\/delcofoundation.org\/es\/programas-comunitarios\/nuestras-iniciativas\/asociacion-medico-legal\/#breadcrumb\",\"itemListElement\":[{\"@type\":\"ListItem\",\"position\":1,\"name\":\"Home\",\"item\":\"https:\/\/delcofoundation.org\/es\/\"},{\"@type\":\"ListItem\",\"position\":2,\"name\":\"Programas comunitarios\",\"item\":\"https:\/\/delcofoundation.org\/es\/programas-comunitarios\/\"},{\"@type\":\"ListItem\",\"position\":3,\"name\":\"Nuestras iniciativas\",\"item\":\"https:\/\/delcofoundation.org\/es\/programas-comunitarios\/nuestras-iniciativas\/\"},{\"@type\":\"ListItem\",\"position\":4,\"name\":\"Asociaci\u00f3n m\u00e9dico-legal\"}]},{\"@type\":\"WebSite\",\"@id\":\"https:\/\/delcofoundation.org\/es\/#website\",\"url\":\"https:\/\/delcofoundation.org\/es\/\",\"name\":\"The Foundation for Delaware County\",\"description\":\"\",\"publisher\":{\"@id\":\"https:\/\/delcofoundation.org\/es\/#organization\"},\"potentialAction\":[{\"@type\":\"SearchAction\",\"target\":{\"@type\":\"EntryPoint\",\"urlTemplate\":\"https:\/\/delcofoundation.org\/es\/?s={search_term_string}\"},\"query-input\":{\"@type\":\"PropertyValueSpecification\",\"valueRequired\":true,\"valueName\":\"search_term_string\"}}],\"inLanguage\":\"es-ES\"},{\"@type\":\"Organization\",\"@id\":\"https:\/\/delcofoundation.org\/es\/#organization\",\"name\":\"The Foundation for Delaware County\",\"url\":\"https:\/\/delcofoundation.org\/es\/\",\"logo\":{\"@type\":\"ImageObject\",\"inLanguage\":\"es-ES\",\"@id\":\"https:\/\/delcofoundation.org\/es\/#\/schema\/logo\/image\/\",\"url\":\"\",\"contentUrl\":\"\",\"caption\":\"The Foundation for Delaware County\"},\"image\":{\"@id\":\"https:\/\/delcofoundation.org\/es\/#\/schema\/logo\/image\/\"}}]}<\/script>\n<!-- \/ Yoast SEO plugin. -->","yoast_head_json":{"title":"Asociaci\u00f3n m\u00e9dico-legal - The Foundation for Delaware County","description":"Los abogados civiles integrados en las oficinas de los programas proporcionan representaci\u00f3n jur\u00eddica directa, defensa sist\u00e9mica y formaci\u00f3n para apoyar a los clientes, al personal y a la comunidad. Esto convierte a los programas NFP y Healthy Start de la fundaci\u00f3n en unos de los pocos selectos del pa\u00eds que reciben financiaci\u00f3n para la defensa de la familia y para integrar a los abogados de la MLP en sus servicios.\nAbogados experimentados y formados en derecho de la pobreza trabajan como parte de los equipos de gesti\u00f3n de casos, coordinaci\u00f3n de cuidados y visitas de enfermeras a domicilio para abordar los complejos retos civiles de los participantes en el programa, colaborando con organismos locales y otras entidades externas. Los abogados del MLP prestan atenci\u00f3n jur\u00eddica oportuna y coherente a las familias participantes que se enfrentan a problemas como:\n\nInseguridad de ingresos\nInseguridad alimentaria\nVivienda insegura o inadecuada\nCobertura inadecuada o falta de seguro m\u00e9dico\nProblemas de acceso a los servicios p\u00fablicos\nPr\u00e1cticas desleales o enga\u00f1osas contra los consumidores\nAcceso a recursos para v\u00edctimas de violencia dom\u00e9stica\n\nEl MLP se cre\u00f3 en respuesta a una evaluaci\u00f3n de las necesidades sociales y jur\u00eddicas realizada en Chester por la Facultad de Derecho de Delaware de la Universidad Widener. La evaluaci\u00f3n mostr\u00f3 que muchas familias sufr\u00edan necesidades sociales y jur\u00eddicas insatisfechas y no ten\u00edan acceso a abogados y otros defensores. Las evaluaciones muestran que, tras recibir los servicios de MLP, las familias experimentan una disminuci\u00f3n significativa de los niveles de estr\u00e9s, un aumento de la autoeficacia y altos niveles de satisfacci\u00f3n.\nPara m\u00e1s informaci\u00f3n sobre MLP, ponte en contacto con Laura Handel, abogada gestora.\nInf\u00f3rmate sobre c\u00f3mo Healthy Start y la Asociaci\u00f3n Enfermera-Familia est\u00e1n mejorando la atenci\u00f3n sanitaria materno-infantil.\nVer art\u00edculo relacionado del Delaware County Daily Times.","robots":{"index":"index","follow":"follow","max-snippet":"max-snippet:-1","max-image-preview":"max-image-preview:large","max-video-preview":"max-video-preview:-1"},"canonical":"https:\/\/delcofoundation.org\/es\/programas-comunitarios\/nuestras-iniciativas\/asociacion-medico-legal\/","og_locale":"es_ES","og_type":"article","og_title":"Asociaci\u00f3n m\u00e9dico-legal - The Foundation for Delaware County","og_url":"https:\/\/delcofoundation.org\/es\/programas-comunitarios\/nuestras-iniciativas\/asociacion-medico-legal\/","og_site_name":"The Foundation for Delaware County","article_modified_time":"2024-06-20T19:03:06+00:00","og_image":[{"width":1950,"height":1150,"url":"https:\/\/delcofoundation.org\/app\/uploads\/2021\/10\/320_FDC-Annual-21-e1631905307293.jpg","type":"image\/jpeg"}],"twitter_card":"summary_large_image","schema":{"@context":"https:\/\/schema.org","@graph":[{"@type":"WebPage","@id":"https:\/\/delcofoundation.org\/es\/programas-comunitarios\/nuestras-iniciativas\/asociacion-medico-legal\/","url":"https:\/\/delcofoundation.org\/es\/programas-comunitarios\/nuestras-iniciativas\/asociacion-medico-legal\/","name":"Asociaci\u00f3n m\u00e9dico-legal - The Foundation for Delaware County","isPartOf":{"@id":"https:\/\/delcofoundation.org\/es\/#website"},"datePublished":"2021-08-18T18:46:15+00:00","dateModified":"2024-06-20T19:03:06+00:00","breadcrumb":{"@id":"https:\/\/delcofoundation.org\/es\/programas-comunitarios\/nuestras-iniciativas\/asociacion-medico-legal\/#breadcrumb"},"inLanguage":"es-ES","potentialAction":[{"@type":"ReadAction","target":["https:\/\/delcofoundation.org\/es\/programas-comunitarios\/nuestras-iniciativas\/asociacion-medico-legal\/"]}]},{"@type":"BreadcrumbList","@id":"https:\/\/delcofoundation.org\/es\/programas-comunitarios\/nuestras-iniciativas\/asociacion-medico-legal\/#breadcrumb","itemListElement":[{"@type":"ListItem","position":1,"name":"Home","item":"https:\/\/delcofoundation.org\/es\/"},{"@type":"ListItem","position":2,"name":"Programas comunitarios","item":"https:\/\/delcofoundation.org\/es\/programas-comunitarios\/"},{"@type":"ListItem","position":3,"name":"Nuestras iniciativas","item":"https:\/\/delcofoundation.org\/es\/programas-comunitarios\/nuestras-iniciativas\/"},{"@type":"ListItem","position":4,"name":"Asociaci\u00f3n m\u00e9dico-legal"}]},{"@type":"WebSite","@id":"https:\/\/delcofoundation.org\/es\/#website","url":"https:\/\/delcofoundation.org\/es\/","name":"The Foundation for Delaware County","description":"","publisher":{"@id":"https:\/\/delcofoundation.org\/es\/#organization"},"potentialAction":[{"@type":"SearchAction","target":{"@type":"EntryPoint","urlTemplate":"https:\/\/delcofoundation.org\/es\/?s={search_term_string}"},"query-input":{"@type":"PropertyValueSpecification","valueRequired":true,"valueName":"search_term_string"}}],"inLanguage":"es-ES"},{"@type":"Organization","@id":"https:\/\/delcofoundation.org\/es\/#organization","name":"The Foundation for Delaware County","url":"https:\/\/delcofoundation.org\/es\/","logo":{"@type":"ImageObject","inLanguage":"es-ES","@id":"https:\/\/delcofoundation.org\/es\/#\/schema\/logo\/image\/","url":"","contentUrl":"","caption":"The Foundation for Delaware County"},"image":{"@id":"https:\/\/delcofoundation.org\/es\/#\/schema\/logo\/image\/"}}]}},"_links":{"self":[{"href":"https:\/\/delcofoundation.org\/es\/wp-json\/wp\/v2\/pages\/5627","targetHints":{"allow":["GET"]}}],"collection":[{"href":"https:\/\/delcofoundation.org\/es\/wp-json\/wp\/v2\/pages"}],"about":[{"href":"https:\/\/delcofoundation.org\/es\/wp-json\/wp\/v2\/types\/page"}],"author":[{"embeddable":true,"href":"https:\/\/delcofoundation.org\/es\/wp-json\/wp\/v2\/users\/5"}],"replies":[{"embeddable":true,"href":"https:\/\/delcofoundation.org\/es\/wp-json\/wp\/v2\/comments?post=5627"}],"version-history":[{"count":1,"href":"https:\/\/delcofoundation.org\/es\/wp-json\/wp\/v2\/pages\/5627\/revisions"}],"predecessor-version":[{"id":6174,"href":"https:\/\/delcofoundation.org\/es\/wp-json\/wp\/v2\/pages\/5627\/revisions\/6174"}],"up":[{"embeddable":true,"href":"https:\/\/delcofoundation.org\/es\/wp-json\/wp\/v2\/pages\/5179"}],"wp:attachment":[{"href":"https:\/\/delcofoundation.org\/es\/wp-json\/wp\/v2\/media?parent=5627"}],"curies":[{"name":"wp","href":"https:\/\/api.w.org\/{rel}","templated":true}]}}