{"id":5625,"date":"2021-08-18T18:53:31","date_gmt":"2021-08-18T18:53:31","guid":{"rendered":"https:\/\/delcofoundation.org\/programas-comunitarios\/nuestras-iniciativas\/centro-de-recursos-sanitarios\/"},"modified":"2025-04-14T13:40:47","modified_gmt":"2025-04-14T13:40:47","slug":"centro-de-recursos-sanitarios","status":"publish","type":"page","link":"https:\/\/delcofoundation.org\/es\/programas-comunitarios\/nuestras-iniciativas\/centro-de-recursos-sanitarios\/","title":{"rendered":"Centro de Recursos Sanitarios"},"content":{"rendered":"","protected":false},"excerpt":{"rendered":"","protected":false},"author":5,"featured_media":0,"parent":5179,"menu_order":0,"comment_status":"closed","ping_status":"closed","template":"page-templates\/content-modules.php","meta":{"_acf_changed":false,"inline_featured_image":false,"footnotes":""},"class_list":["post-5625","page","type-page","status-publish","hentry"],"acf":[],"yoast_head":"<!-- This site is optimized with the Yoast SEO plugin v26.7 - https:\/\/yoast.com\/wordpress\/plugins\/seo\/ -->\n<title>Centro de Recursos Sanitarios - The Foundation for Delaware County<\/title>\n<meta name=\"description\" content=\"Se trata de un centro de acogida confidencial en el que cualquier joven del condado de Delaware de hasta 24 a\u00f1os puede recibir informaci\u00f3n sobre temas cruciales, como:\n\nM\u00e9todos de prevenci\u00f3n del embarazo\nConfianza y distribuci\u00f3n del preservativo\nReducci\u00f3n del riesgo\nPlanificaci\u00f3n familiar\nG\u00e9nero e identidad sexual\nConsentimiento sexual\n\nEl Centro est\u00e1 dirigido por Alanah Pierce, educadora sanitaria licenciada, que realiza las derivaciones necesarias tanto a los servicios sociales de la escuela como a los proveedores comunitarios especializados en servicios de salud para adolescentes. Access Matters, una organizaci\u00f3n sin \u00e1nimo de lucro de Filadelfia, proporciona igualdad de acceso a cualquier persona con necesidades de servicios de salud reproductiva y sexual. La organizaci\u00f3n sin \u00e1nimo de lucro financia el programa en colaboraci\u00f3n con el Departamento de Salud de Pensilvania y el Departamento de Salud y Servicios Humanos de EEUU.\nAunque las diferencias en las tasas de natalidad entre adolescentes blancos, negros e hispanos en EE.UU. se han reducido significativamente en los \u00faltimos 20 a\u00f1os, seguimos comprometidos con la salud y el bienestar general de los j\u00f3venes del condado de Delaware, capacit\u00e1ndoles para que tomen decisiones responsables para mantenerse seguros y sanos. Este a\u00f1o, se espera que el Centro de Recursos Sanitarios ofrezca m\u00e1s de 300 sesiones de asesoramiento. El centro deriva a m\u00e1s del 60% de los estudiantes a servicios de planificaci\u00f3n familiar y de atenci\u00f3n primaria centrados en los adolescentes.\nPara m\u00e1s informaci\u00f3n, ponte en contacto con Alanah Pierce o sigue al Centro de Recursos Sanitarios en Instagram.\" \/>\n<meta name=\"robots\" content=\"index, follow, max-snippet:-1, max-image-preview:large, max-video-preview:-1\" \/>\n<link rel=\"canonical\" href=\"https:\/\/delcofoundation.org\/es\/programas-comunitarios\/nuestras-iniciativas\/centro-de-recursos-sanitarios\/\" \/>\n<meta property=\"og:locale\" content=\"es_ES\" \/>\n<meta property=\"og:type\" content=\"article\" \/>\n<meta property=\"og:title\" content=\"Centro de Recursos Sanitarios - The Foundation for Delaware County\" \/>\n<meta property=\"og:url\" content=\"https:\/\/delcofoundation.org\/es\/programas-comunitarios\/nuestras-iniciativas\/centro-de-recursos-sanitarios\/\" \/>\n<meta property=\"og:site_name\" content=\"The Foundation for Delaware County\" \/>\n<meta property=\"article:modified_time\" content=\"2025-04-14T13:40:47+00:00\" \/>\n<meta property=\"og:image\" content=\"https:\/\/delcofoundation.org\/app\/uploads\/2021\/10\/320_FDC-Annual-21-e1631905307293.jpg\" \/>\n\t<meta property=\"og:image:width\" content=\"1950\" \/>\n\t<meta property=\"og:image:height\" content=\"1150\" \/>\n\t<meta property=\"og:image:type\" content=\"image\/jpeg\" \/>\n<meta name=\"twitter:card\" content=\"summary_large_image\" \/>\n<script type=\"application\/ld+json\" class=\"yoast-schema-graph\">{\"@context\":\"https:\/\/schema.org\",\"@graph\":[{\"@type\":\"WebPage\",\"@id\":\"https:\/\/delcofoundation.org\/es\/programas-comunitarios\/nuestras-iniciativas\/centro-de-recursos-sanitarios\/\",\"url\":\"https:\/\/delcofoundation.org\/es\/programas-comunitarios\/nuestras-iniciativas\/centro-de-recursos-sanitarios\/\",\"name\":\"Centro de Recursos Sanitarios - The Foundation for Delaware County\",\"isPartOf\":{\"@id\":\"https:\/\/delcofoundation.org\/es\/#website\"},\"datePublished\":\"2021-08-18T18:53:31+00:00\",\"dateModified\":\"2025-04-14T13:40:47+00:00\",\"breadcrumb\":{\"@id\":\"https:\/\/delcofoundation.org\/es\/programas-comunitarios\/nuestras-iniciativas\/centro-de-recursos-sanitarios\/#breadcrumb\"},\"inLanguage\":\"es-ES\",\"potentialAction\":[{\"@type\":\"ReadAction\",\"target\":[\"https:\/\/delcofoundation.org\/es\/programas-comunitarios\/nuestras-iniciativas\/centro-de-recursos-sanitarios\/\"]}]},{\"@type\":\"BreadcrumbList\",\"@id\":\"https:\/\/delcofoundation.org\/es\/programas-comunitarios\/nuestras-iniciativas\/centro-de-recursos-sanitarios\/#breadcrumb\",\"itemListElement\":[{\"@type\":\"ListItem\",\"position\":1,\"name\":\"Home\",\"item\":\"https:\/\/delcofoundation.org\/es\/\"},{\"@type\":\"ListItem\",\"position\":2,\"name\":\"Programas comunitarios\",\"item\":\"https:\/\/delcofoundation.org\/es\/programas-comunitarios\/\"},{\"@type\":\"ListItem\",\"position\":3,\"name\":\"Nuestras iniciativas\",\"item\":\"https:\/\/delcofoundation.org\/es\/programas-comunitarios\/nuestras-iniciativas\/\"},{\"@type\":\"ListItem\",\"position\":4,\"name\":\"Centro de Recursos Sanitarios\"}]},{\"@type\":\"WebSite\",\"@id\":\"https:\/\/delcofoundation.org\/es\/#website\",\"url\":\"https:\/\/delcofoundation.org\/es\/\",\"name\":\"The Foundation for Delaware County\",\"description\":\"\",\"publisher\":{\"@id\":\"https:\/\/delcofoundation.org\/es\/#organization\"},\"potentialAction\":[{\"@type\":\"SearchAction\",\"target\":{\"@type\":\"EntryPoint\",\"urlTemplate\":\"https:\/\/delcofoundation.org\/es\/?s={search_term_string}\"},\"query-input\":{\"@type\":\"PropertyValueSpecification\",\"valueRequired\":true,\"valueName\":\"search_term_string\"}}],\"inLanguage\":\"es-ES\"},{\"@type\":\"Organization\",\"@id\":\"https:\/\/delcofoundation.org\/es\/#organization\",\"name\":\"The Foundation for Delaware County\",\"url\":\"https:\/\/delcofoundation.org\/es\/\",\"logo\":{\"@type\":\"ImageObject\",\"inLanguage\":\"es-ES\",\"@id\":\"https:\/\/delcofoundation.org\/es\/#\/schema\/logo\/image\/\",\"url\":\"\",\"contentUrl\":\"\",\"caption\":\"The Foundation for Delaware County\"},\"image\":{\"@id\":\"https:\/\/delcofoundation.org\/es\/#\/schema\/logo\/image\/\"}}]}<\/script>\n<!-- \/ Yoast SEO plugin. -->","yoast_head_json":{"title":"Centro de Recursos Sanitarios - The Foundation for Delaware County","description":"Se trata de un centro de acogida confidencial en el que cualquier joven del condado de Delaware de hasta 24 a\u00f1os puede recibir informaci\u00f3n sobre temas cruciales, como:\n\nM\u00e9todos de prevenci\u00f3n del embarazo\nConfianza y distribuci\u00f3n del preservativo\nReducci\u00f3n del riesgo\nPlanificaci\u00f3n familiar\nG\u00e9nero e identidad sexual\nConsentimiento sexual\n\nEl Centro est\u00e1 dirigido por Alanah Pierce, educadora sanitaria licenciada, que realiza las derivaciones necesarias tanto a los servicios sociales de la escuela como a los proveedores comunitarios especializados en servicios de salud para adolescentes. Access Matters, una organizaci\u00f3n sin \u00e1nimo de lucro de Filadelfia, proporciona igualdad de acceso a cualquier persona con necesidades de servicios de salud reproductiva y sexual. La organizaci\u00f3n sin \u00e1nimo de lucro financia el programa en colaboraci\u00f3n con el Departamento de Salud de Pensilvania y el Departamento de Salud y Servicios Humanos de EEUU.\nAunque las diferencias en las tasas de natalidad entre adolescentes blancos, negros e hispanos en EE.UU. se han reducido significativamente en los \u00faltimos 20 a\u00f1os, seguimos comprometidos con la salud y el bienestar general de los j\u00f3venes del condado de Delaware, capacit\u00e1ndoles para que tomen decisiones responsables para mantenerse seguros y sanos. Este a\u00f1o, se espera que el Centro de Recursos Sanitarios ofrezca m\u00e1s de 300 sesiones de asesoramiento. El centro deriva a m\u00e1s del 60% de los estudiantes a servicios de planificaci\u00f3n familiar y de atenci\u00f3n primaria centrados en los adolescentes.\nPara m\u00e1s informaci\u00f3n, ponte en contacto con Alanah Pierce o sigue al Centro de Recursos Sanitarios en Instagram.","robots":{"index":"index","follow":"follow","max-snippet":"max-snippet:-1","max-image-preview":"max-image-preview:large","max-video-preview":"max-video-preview:-1"},"canonical":"https:\/\/delcofoundation.org\/es\/programas-comunitarios\/nuestras-iniciativas\/centro-de-recursos-sanitarios\/","og_locale":"es_ES","og_type":"article","og_title":"Centro de Recursos Sanitarios - The Foundation for Delaware County","og_url":"https:\/\/delcofoundation.org\/es\/programas-comunitarios\/nuestras-iniciativas\/centro-de-recursos-sanitarios\/","og_site_name":"The Foundation for Delaware County","article_modified_time":"2025-04-14T13:40:47+00:00","og_image":[{"width":1950,"height":1150,"url":"https:\/\/delcofoundation.org\/app\/uploads\/2021\/10\/320_FDC-Annual-21-e1631905307293.jpg","type":"image\/jpeg"}],"twitter_card":"summary_large_image","schema":{"@context":"https:\/\/schema.org","@graph":[{"@type":"WebPage","@id":"https:\/\/delcofoundation.org\/es\/programas-comunitarios\/nuestras-iniciativas\/centro-de-recursos-sanitarios\/","url":"https:\/\/delcofoundation.org\/es\/programas-comunitarios\/nuestras-iniciativas\/centro-de-recursos-sanitarios\/","name":"Centro de Recursos Sanitarios - The Foundation for Delaware County","isPartOf":{"@id":"https:\/\/delcofoundation.org\/es\/#website"},"datePublished":"2021-08-18T18:53:31+00:00","dateModified":"2025-04-14T13:40:47+00:00","breadcrumb":{"@id":"https:\/\/delcofoundation.org\/es\/programas-comunitarios\/nuestras-iniciativas\/centro-de-recursos-sanitarios\/#breadcrumb"},"inLanguage":"es-ES","potentialAction":[{"@type":"ReadAction","target":["https:\/\/delcofoundation.org\/es\/programas-comunitarios\/nuestras-iniciativas\/centro-de-recursos-sanitarios\/"]}]},{"@type":"BreadcrumbList","@id":"https:\/\/delcofoundation.org\/es\/programas-comunitarios\/nuestras-iniciativas\/centro-de-recursos-sanitarios\/#breadcrumb","itemListElement":[{"@type":"ListItem","position":1,"name":"Home","item":"https:\/\/delcofoundation.org\/es\/"},{"@type":"ListItem","position":2,"name":"Programas comunitarios","item":"https:\/\/delcofoundation.org\/es\/programas-comunitarios\/"},{"@type":"ListItem","position":3,"name":"Nuestras iniciativas","item":"https:\/\/delcofoundation.org\/es\/programas-comunitarios\/nuestras-iniciativas\/"},{"@type":"ListItem","position":4,"name":"Centro de Recursos Sanitarios"}]},{"@type":"WebSite","@id":"https:\/\/delcofoundation.org\/es\/#website","url":"https:\/\/delcofoundation.org\/es\/","name":"The Foundation for Delaware County","description":"","publisher":{"@id":"https:\/\/delcofoundation.org\/es\/#organization"},"potentialAction":[{"@type":"SearchAction","target":{"@type":"EntryPoint","urlTemplate":"https:\/\/delcofoundation.org\/es\/?s={search_term_string}"},"query-input":{"@type":"PropertyValueSpecification","valueRequired":true,"valueName":"search_term_string"}}],"inLanguage":"es-ES"},{"@type":"Organization","@id":"https:\/\/delcofoundation.org\/es\/#organization","name":"The Foundation for Delaware County","url":"https:\/\/delcofoundation.org\/es\/","logo":{"@type":"ImageObject","inLanguage":"es-ES","@id":"https:\/\/delcofoundation.org\/es\/#\/schema\/logo\/image\/","url":"","contentUrl":"","caption":"The Foundation for Delaware County"},"image":{"@id":"https:\/\/delcofoundation.org\/es\/#\/schema\/logo\/image\/"}}]}},"_links":{"self":[{"href":"https:\/\/delcofoundation.org\/es\/wp-json\/wp\/v2\/pages\/5625","targetHints":{"allow":["GET"]}}],"collection":[{"href":"https:\/\/delcofoundation.org\/es\/wp-json\/wp\/v2\/pages"}],"about":[{"href":"https:\/\/delcofoundation.org\/es\/wp-json\/wp\/v2\/types\/page"}],"author":[{"embeddable":true,"href":"https:\/\/delcofoundation.org\/es\/wp-json\/wp\/v2\/users\/5"}],"replies":[{"embeddable":true,"href":"https:\/\/delcofoundation.org\/es\/wp-json\/wp\/v2\/comments?post=5625"}],"version-history":[{"count":1,"href":"https:\/\/delcofoundation.org\/es\/wp-json\/wp\/v2\/pages\/5625\/revisions"}],"predecessor-version":[{"id":6178,"href":"https:\/\/delcofoundation.org\/es\/wp-json\/wp\/v2\/pages\/5625\/revisions\/6178"}],"up":[{"embeddable":true,"href":"https:\/\/delcofoundation.org\/es\/wp-json\/wp\/v2\/pages\/5179"}],"wp:attachment":[{"href":"https:\/\/delcofoundation.org\/es\/wp-json\/wp\/v2\/media?parent=5625"}],"curies":[{"name":"wp","href":"https:\/\/api.w.org\/{rel}","templated":true}]}}