{"id":5622,"date":"2021-08-18T18:12:28","date_gmt":"2021-08-18T18:12:28","guid":{"rendered":"https:\/\/delcofoundation.org\/programas-comunitarios\/nuestras-iniciativas\/el-centro-el-centro-de-recursos-hispanos\/"},"modified":"2025-04-14T13:40:48","modified_gmt":"2025-04-14T13:40:48","slug":"el-centro-el-centro-de-recursos-hispanos","status":"publish","type":"page","link":"https:\/\/delcofoundation.org\/es\/programas-comunitarios\/nuestras-iniciativas\/el-centro-el-centro-de-recursos-hispanos\/","title":{"rendered":"El Centro El Centro de Recursos Hispanos"},"content":{"rendered":"","protected":false},"excerpt":{"rendered":"","protected":false},"author":5,"featured_media":0,"parent":5179,"menu_order":0,"comment_status":"closed","ping_status":"closed","template":"page-templates\/content-modules.php","meta":{"_acf_changed":false,"inline_featured_image":false,"footnotes":""},"class_list":["post-5622","page","type-page","status-publish","hentry"],"acf":[],"yoast_head":"<!-- This site is optimized with the Yoast SEO plugin v26.7 - https:\/\/yoast.com\/wordpress\/plugins\/seo\/ -->\n<title>El Centro El Centro de Recursos Hispanos - The Foundation for Delaware County<\/title>\n<meta name=\"description\" content=\"El Centro de Recursos Hispanos es una ventanilla \u00fanica que pone en contacto a los participantes en el programa y a otras personas con una amplia gama de servicios, entre los que se incluyen:\n\nCompletar solicitudes\nTraducci\u00f3n\nProgramaci\u00f3n de citas\nEducaci\u00f3n sanitaria\nRemisiones de agencias\n\nTambi\u00e9n se ofrecen servicios de interpretaci\u00f3n y traducci\u00f3n a trav\u00e9s de otros programas de la Fundaci\u00f3n, como Cunas para Ni\u00f1os, Healthy Start, Asociaci\u00f3n Enfermera-Familia y WIC.\nEl Centro se encuentra en el Centro de Aprendizaje Ruth Bennett, y est\u00e1 abierto virtualmente, los mi\u00e9rcoles de 9 a 15 h.\nPara m\u00e1s informaci\u00f3n, desc\u00e1rgate el folleto del Centro de Recursos Hispanos en ingl\u00e9s o espa\u00f1ol o ponte en contacto con Daisy Artiles-Strekis. Sigue a El Centro en Facebook.\nY obt\u00e9n m\u00e1s informaci\u00f3n sobre c\u00f3mo Healthy Start y la Asociaci\u00f3n de Enfermeras y Familias est\u00e1n mejorando la atenci\u00f3n sanitaria maternoinfantil.\" \/>\n<meta name=\"robots\" content=\"index, follow, max-snippet:-1, max-image-preview:large, max-video-preview:-1\" \/>\n<link rel=\"canonical\" href=\"https:\/\/delcofoundation.org\/es\/programas-comunitarios\/nuestras-iniciativas\/el-centro-el-centro-de-recursos-hispanos\/\" \/>\n<meta property=\"og:locale\" content=\"es_ES\" \/>\n<meta property=\"og:type\" content=\"article\" \/>\n<meta property=\"og:title\" content=\"El Centro El Centro de Recursos Hispanos - The Foundation for Delaware County\" \/>\n<meta property=\"og:url\" content=\"https:\/\/delcofoundation.org\/es\/programas-comunitarios\/nuestras-iniciativas\/el-centro-el-centro-de-recursos-hispanos\/\" \/>\n<meta property=\"og:site_name\" content=\"The Foundation for Delaware County\" \/>\n<meta property=\"article:modified_time\" content=\"2025-04-14T13:40:48+00:00\" \/>\n<meta property=\"og:image\" content=\"https:\/\/delcofoundation.org\/app\/uploads\/2021\/10\/320_FDC-Annual-21-e1631905307293.jpg\" \/>\n\t<meta property=\"og:image:width\" content=\"1950\" \/>\n\t<meta property=\"og:image:height\" content=\"1150\" \/>\n\t<meta property=\"og:image:type\" content=\"image\/jpeg\" \/>\n<meta name=\"twitter:card\" content=\"summary_large_image\" \/>\n<script type=\"application\/ld+json\" class=\"yoast-schema-graph\">{\"@context\":\"https:\/\/schema.org\",\"@graph\":[{\"@type\":\"WebPage\",\"@id\":\"https:\/\/delcofoundation.org\/es\/programas-comunitarios\/nuestras-iniciativas\/el-centro-el-centro-de-recursos-hispanos\/\",\"url\":\"https:\/\/delcofoundation.org\/es\/programas-comunitarios\/nuestras-iniciativas\/el-centro-el-centro-de-recursos-hispanos\/\",\"name\":\"El Centro El Centro de Recursos Hispanos - The Foundation for Delaware County\",\"isPartOf\":{\"@id\":\"https:\/\/delcofoundation.org\/es\/#website\"},\"datePublished\":\"2021-08-18T18:12:28+00:00\",\"dateModified\":\"2025-04-14T13:40:48+00:00\",\"breadcrumb\":{\"@id\":\"https:\/\/delcofoundation.org\/es\/programas-comunitarios\/nuestras-iniciativas\/el-centro-el-centro-de-recursos-hispanos\/#breadcrumb\"},\"inLanguage\":\"es-ES\",\"potentialAction\":[{\"@type\":\"ReadAction\",\"target\":[\"https:\/\/delcofoundation.org\/es\/programas-comunitarios\/nuestras-iniciativas\/el-centro-el-centro-de-recursos-hispanos\/\"]}]},{\"@type\":\"BreadcrumbList\",\"@id\":\"https:\/\/delcofoundation.org\/es\/programas-comunitarios\/nuestras-iniciativas\/el-centro-el-centro-de-recursos-hispanos\/#breadcrumb\",\"itemListElement\":[{\"@type\":\"ListItem\",\"position\":1,\"name\":\"Home\",\"item\":\"https:\/\/delcofoundation.org\/es\/\"},{\"@type\":\"ListItem\",\"position\":2,\"name\":\"Programas comunitarios\",\"item\":\"https:\/\/delcofoundation.org\/es\/programas-comunitarios\/\"},{\"@type\":\"ListItem\",\"position\":3,\"name\":\"Nuestras iniciativas\",\"item\":\"https:\/\/delcofoundation.org\/es\/programas-comunitarios\/nuestras-iniciativas\/\"},{\"@type\":\"ListItem\",\"position\":4,\"name\":\"El Centro El Centro de Recursos Hispanos\"}]},{\"@type\":\"WebSite\",\"@id\":\"https:\/\/delcofoundation.org\/es\/#website\",\"url\":\"https:\/\/delcofoundation.org\/es\/\",\"name\":\"The Foundation for Delaware County\",\"description\":\"\",\"publisher\":{\"@id\":\"https:\/\/delcofoundation.org\/es\/#organization\"},\"potentialAction\":[{\"@type\":\"SearchAction\",\"target\":{\"@type\":\"EntryPoint\",\"urlTemplate\":\"https:\/\/delcofoundation.org\/es\/?s={search_term_string}\"},\"query-input\":{\"@type\":\"PropertyValueSpecification\",\"valueRequired\":true,\"valueName\":\"search_term_string\"}}],\"inLanguage\":\"es-ES\"},{\"@type\":\"Organization\",\"@id\":\"https:\/\/delcofoundation.org\/es\/#organization\",\"name\":\"The Foundation for Delaware County\",\"url\":\"https:\/\/delcofoundation.org\/es\/\",\"logo\":{\"@type\":\"ImageObject\",\"inLanguage\":\"es-ES\",\"@id\":\"https:\/\/delcofoundation.org\/es\/#\/schema\/logo\/image\/\",\"url\":\"\",\"contentUrl\":\"\",\"caption\":\"The Foundation for Delaware County\"},\"image\":{\"@id\":\"https:\/\/delcofoundation.org\/es\/#\/schema\/logo\/image\/\"}}]}<\/script>\n<!-- \/ Yoast SEO plugin. -->","yoast_head_json":{"title":"El Centro El Centro de Recursos Hispanos - The Foundation for Delaware County","description":"El Centro de Recursos Hispanos es una ventanilla \u00fanica que pone en contacto a los participantes en el programa y a otras personas con una amplia gama de servicios, entre los que se incluyen:\n\nCompletar solicitudes\nTraducci\u00f3n\nProgramaci\u00f3n de citas\nEducaci\u00f3n sanitaria\nRemisiones de agencias\n\nTambi\u00e9n se ofrecen servicios de interpretaci\u00f3n y traducci\u00f3n a trav\u00e9s de otros programas de la Fundaci\u00f3n, como Cunas para Ni\u00f1os, Healthy Start, Asociaci\u00f3n Enfermera-Familia y WIC.\nEl Centro se encuentra en el Centro de Aprendizaje Ruth Bennett, y est\u00e1 abierto virtualmente, los mi\u00e9rcoles de 9 a 15 h.\nPara m\u00e1s informaci\u00f3n, desc\u00e1rgate el folleto del Centro de Recursos Hispanos en ingl\u00e9s o espa\u00f1ol o ponte en contacto con Daisy Artiles-Strekis. Sigue a El Centro en Facebook.\nY obt\u00e9n m\u00e1s informaci\u00f3n sobre c\u00f3mo Healthy Start y la Asociaci\u00f3n de Enfermeras y Familias est\u00e1n mejorando la atenci\u00f3n sanitaria maternoinfantil.","robots":{"index":"index","follow":"follow","max-snippet":"max-snippet:-1","max-image-preview":"max-image-preview:large","max-video-preview":"max-video-preview:-1"},"canonical":"https:\/\/delcofoundation.org\/es\/programas-comunitarios\/nuestras-iniciativas\/el-centro-el-centro-de-recursos-hispanos\/","og_locale":"es_ES","og_type":"article","og_title":"El Centro El Centro de Recursos Hispanos - The Foundation for Delaware County","og_url":"https:\/\/delcofoundation.org\/es\/programas-comunitarios\/nuestras-iniciativas\/el-centro-el-centro-de-recursos-hispanos\/","og_site_name":"The Foundation for Delaware County","article_modified_time":"2025-04-14T13:40:48+00:00","og_image":[{"width":1950,"height":1150,"url":"https:\/\/delcofoundation.org\/app\/uploads\/2021\/10\/320_FDC-Annual-21-e1631905307293.jpg","type":"image\/jpeg"}],"twitter_card":"summary_large_image","schema":{"@context":"https:\/\/schema.org","@graph":[{"@type":"WebPage","@id":"https:\/\/delcofoundation.org\/es\/programas-comunitarios\/nuestras-iniciativas\/el-centro-el-centro-de-recursos-hispanos\/","url":"https:\/\/delcofoundation.org\/es\/programas-comunitarios\/nuestras-iniciativas\/el-centro-el-centro-de-recursos-hispanos\/","name":"El Centro El Centro de Recursos Hispanos - The Foundation for Delaware County","isPartOf":{"@id":"https:\/\/delcofoundation.org\/es\/#website"},"datePublished":"2021-08-18T18:12:28+00:00","dateModified":"2025-04-14T13:40:48+00:00","breadcrumb":{"@id":"https:\/\/delcofoundation.org\/es\/programas-comunitarios\/nuestras-iniciativas\/el-centro-el-centro-de-recursos-hispanos\/#breadcrumb"},"inLanguage":"es-ES","potentialAction":[{"@type":"ReadAction","target":["https:\/\/delcofoundation.org\/es\/programas-comunitarios\/nuestras-iniciativas\/el-centro-el-centro-de-recursos-hispanos\/"]}]},{"@type":"BreadcrumbList","@id":"https:\/\/delcofoundation.org\/es\/programas-comunitarios\/nuestras-iniciativas\/el-centro-el-centro-de-recursos-hispanos\/#breadcrumb","itemListElement":[{"@type":"ListItem","position":1,"name":"Home","item":"https:\/\/delcofoundation.org\/es\/"},{"@type":"ListItem","position":2,"name":"Programas comunitarios","item":"https:\/\/delcofoundation.org\/es\/programas-comunitarios\/"},{"@type":"ListItem","position":3,"name":"Nuestras iniciativas","item":"https:\/\/delcofoundation.org\/es\/programas-comunitarios\/nuestras-iniciativas\/"},{"@type":"ListItem","position":4,"name":"El Centro El Centro de Recursos Hispanos"}]},{"@type":"WebSite","@id":"https:\/\/delcofoundation.org\/es\/#website","url":"https:\/\/delcofoundation.org\/es\/","name":"The Foundation for Delaware County","description":"","publisher":{"@id":"https:\/\/delcofoundation.org\/es\/#organization"},"potentialAction":[{"@type":"SearchAction","target":{"@type":"EntryPoint","urlTemplate":"https:\/\/delcofoundation.org\/es\/?s={search_term_string}"},"query-input":{"@type":"PropertyValueSpecification","valueRequired":true,"valueName":"search_term_string"}}],"inLanguage":"es-ES"},{"@type":"Organization","@id":"https:\/\/delcofoundation.org\/es\/#organization","name":"The Foundation for Delaware County","url":"https:\/\/delcofoundation.org\/es\/","logo":{"@type":"ImageObject","inLanguage":"es-ES","@id":"https:\/\/delcofoundation.org\/es\/#\/schema\/logo\/image\/","url":"","contentUrl":"","caption":"The Foundation for Delaware County"},"image":{"@id":"https:\/\/delcofoundation.org\/es\/#\/schema\/logo\/image\/"}}]}},"_links":{"self":[{"href":"https:\/\/delcofoundation.org\/es\/wp-json\/wp\/v2\/pages\/5622","targetHints":{"allow":["GET"]}}],"collection":[{"href":"https:\/\/delcofoundation.org\/es\/wp-json\/wp\/v2\/pages"}],"about":[{"href":"https:\/\/delcofoundation.org\/es\/wp-json\/wp\/v2\/types\/page"}],"author":[{"embeddable":true,"href":"https:\/\/delcofoundation.org\/es\/wp-json\/wp\/v2\/users\/5"}],"replies":[{"embeddable":true,"href":"https:\/\/delcofoundation.org\/es\/wp-json\/wp\/v2\/comments?post=5622"}],"version-history":[{"count":1,"href":"https:\/\/delcofoundation.org\/es\/wp-json\/wp\/v2\/pages\/5622\/revisions"}],"predecessor-version":[{"id":6173,"href":"https:\/\/delcofoundation.org\/es\/wp-json\/wp\/v2\/pages\/5622\/revisions\/6173"}],"up":[{"embeddable":true,"href":"https:\/\/delcofoundation.org\/es\/wp-json\/wp\/v2\/pages\/5179"}],"wp:attachment":[{"href":"https:\/\/delcofoundation.org\/es\/wp-json\/wp\/v2\/media?parent=5622"}],"curies":[{"name":"wp","href":"https:\/\/api.w.org\/{rel}","templated":true}]}}