{"id":5620,"date":"2021-08-25T19:40:35","date_gmt":"2021-08-25T19:40:35","guid":{"rendered":"https:\/\/delcofoundation.org\/programas-comunitarios\/solicitar-ayuda\/programa-para-mujeres-bebes-y-ninos-wic\/programa-para-mujeres-bebes-y-ninos-wic-espanol\/"},"modified":"2025-04-14T13:44:37","modified_gmt":"2025-04-14T13:44:37","slug":"programa-para-mujeres-bebes-y-ninos-wic-espanol","status":"publish","type":"page","link":"https:\/\/delcofoundation.org\/es\/programas-comunitarios\/solicitar-ayuda\/programa-para-mujeres-bebes-y-ninos-wic\/programa-para-mujeres-bebes-y-ninos-wic-espanol\/","title":{"rendered":"Programa para Mujeres, Beb\u00e9s y Ni\u00f1os (WIC) Espa\u00f1ol"},"content":{"rendered":"","protected":false},"excerpt":{"rendered":"","protected":false},"author":5,"featured_media":0,"parent":5195,"menu_order":0,"comment_status":"closed","ping_status":"closed","template":"page-templates\/content-modules.php","meta":{"_acf_changed":false,"inline_featured_image":false,"footnotes":""},"class_list":["post-5620","page","type-page","status-publish","hentry"],"acf":[],"yoast_head":"<!-- This site is optimized with the Yoast SEO plugin v26.7 - https:\/\/yoast.com\/wordpress\/plugins\/seo\/ -->\n<title>Programa para Mujeres, Beb\u00e9s y Ni\u00f1os (WIC) Espa\u00f1ol - The Foundation for Delaware County<\/title>\n<meta name=\"description\" content=\"Por 45 a\u00f1os, el Programa de Mujeres, Beb\u00e9s y Ni\u00f1os del Condado de Delaware (WIC) ha proporcionado asesoramiento nutricional valioso, apoyo para la lactancia materna, alimentos nutritivos y referencias a miles de familias. La misi\u00f3n de WIC es mejorar la salud y el bienestar de esta poblaci\u00f3n durante las etapas cr\u00edticas de crecimiento y desarrollo y a lo largo de sus vidas. Cada mes, WIC atiende a unos 9.000 participantes elegibles, lo que equivale al 75 por ciento de las 13.000 mujeres y ni\u00f1os elegibles en el condado.\nLos beneficios de WIC complementan los alimentos que las familias compran y pueden ser redimidos en cualquier tienda autorizada de WIC. Est\u00e1 dise\u00f1ado para incluir alimentos que contengan prote\u00ednas, hierro, vitamina A, vitamina C y calcio, incluyendo frutas y verduras, cereales integrales, mantequilla de man\u00ed, queso, yogur, huevos, frijoles enlatados o secos, cereales, f\u00f3rmula infantil fortificada con hierro, alimentos infantiles, pescado enlatado y f\u00f3rmulas especiales cuando sea m\u00e9dicamente necesario. Adem\u00e1s, el personal de WIC puede ayudar a planificar comidas saludables y atractivas.\" \/>\n<meta name=\"robots\" content=\"index, follow, max-snippet:-1, max-image-preview:large, max-video-preview:-1\" \/>\n<link rel=\"canonical\" href=\"https:\/\/delcofoundation.org\/es\/programas-comunitarios\/solicitar-ayuda\/programa-para-mujeres-bebes-y-ninos-wic\/programa-para-mujeres-bebes-y-ninos-wic-espanol\/\" \/>\n<meta property=\"og:locale\" content=\"es_ES\" \/>\n<meta property=\"og:type\" content=\"article\" \/>\n<meta property=\"og:title\" content=\"Programa para Mujeres, Beb\u00e9s y Ni\u00f1os (WIC) Espa\u00f1ol - The Foundation for Delaware County\" \/>\n<meta property=\"og:url\" content=\"https:\/\/delcofoundation.org\/es\/programas-comunitarios\/solicitar-ayuda\/programa-para-mujeres-bebes-y-ninos-wic\/programa-para-mujeres-bebes-y-ninos-wic-espanol\/\" \/>\n<meta property=\"og:site_name\" content=\"The Foundation for Delaware County\" \/>\n<meta property=\"article:modified_time\" content=\"2025-04-14T13:44:37+00:00\" \/>\n<meta property=\"og:image\" content=\"https:\/\/delcofoundation.org\/app\/uploads\/2021\/10\/320_FDC-Annual-21-e1631905307293.jpg\" \/>\n\t<meta property=\"og:image:width\" content=\"1950\" \/>\n\t<meta property=\"og:image:height\" content=\"1150\" \/>\n\t<meta property=\"og:image:type\" content=\"image\/jpeg\" \/>\n<meta name=\"twitter:card\" content=\"summary_large_image\" \/>\n<script type=\"application\/ld+json\" class=\"yoast-schema-graph\">{\"@context\":\"https:\/\/schema.org\",\"@graph\":[{\"@type\":\"WebPage\",\"@id\":\"https:\/\/delcofoundation.org\/es\/programas-comunitarios\/solicitar-ayuda\/programa-para-mujeres-bebes-y-ninos-wic\/programa-para-mujeres-bebes-y-ninos-wic-espanol\/\",\"url\":\"https:\/\/delcofoundation.org\/es\/programas-comunitarios\/solicitar-ayuda\/programa-para-mujeres-bebes-y-ninos-wic\/programa-para-mujeres-bebes-y-ninos-wic-espanol\/\",\"name\":\"Programa para Mujeres, Beb\u00e9s y Ni\u00f1os (WIC) Espa\u00f1ol - The Foundation for Delaware County\",\"isPartOf\":{\"@id\":\"https:\/\/delcofoundation.org\/es\/#website\"},\"datePublished\":\"2021-08-25T19:40:35+00:00\",\"dateModified\":\"2025-04-14T13:44:37+00:00\",\"breadcrumb\":{\"@id\":\"https:\/\/delcofoundation.org\/es\/programas-comunitarios\/solicitar-ayuda\/programa-para-mujeres-bebes-y-ninos-wic\/programa-para-mujeres-bebes-y-ninos-wic-espanol\/#breadcrumb\"},\"inLanguage\":\"es-ES\",\"potentialAction\":[{\"@type\":\"ReadAction\",\"target\":[\"https:\/\/delcofoundation.org\/es\/programas-comunitarios\/solicitar-ayuda\/programa-para-mujeres-bebes-y-ninos-wic\/programa-para-mujeres-bebes-y-ninos-wic-espanol\/\"]}]},{\"@type\":\"BreadcrumbList\",\"@id\":\"https:\/\/delcofoundation.org\/es\/programas-comunitarios\/solicitar-ayuda\/programa-para-mujeres-bebes-y-ninos-wic\/programa-para-mujeres-bebes-y-ninos-wic-espanol\/#breadcrumb\",\"itemListElement\":[{\"@type\":\"ListItem\",\"position\":1,\"name\":\"Home\",\"item\":\"https:\/\/delcofoundation.org\/es\/\"},{\"@type\":\"ListItem\",\"position\":2,\"name\":\"Programas comunitarios\",\"item\":\"https:\/\/delcofoundation.org\/es\/programas-comunitarios\/\"},{\"@type\":\"ListItem\",\"position\":3,\"name\":\"Solicitar ayuda\",\"item\":\"https:\/\/delcofoundation.org\/es\/programas-comunitarios\/solicitar-ayuda\/\"},{\"@type\":\"ListItem\",\"position\":4,\"name\":\"Programa para Mujeres, Beb\u00e9s y Ni\u00f1os (WIC)\",\"item\":\"https:\/\/delcofoundation.org\/es\/programas-comunitarios\/solicitar-ayuda\/programa-para-mujeres-bebes-y-ninos-wic\/\"},{\"@type\":\"ListItem\",\"position\":5,\"name\":\"Programa para Mujeres, Beb\u00e9s y Ni\u00f1os (WIC) Espa\u00f1ol\"}]},{\"@type\":\"WebSite\",\"@id\":\"https:\/\/delcofoundation.org\/es\/#website\",\"url\":\"https:\/\/delcofoundation.org\/es\/\",\"name\":\"The Foundation for Delaware County\",\"description\":\"\",\"publisher\":{\"@id\":\"https:\/\/delcofoundation.org\/es\/#organization\"},\"potentialAction\":[{\"@type\":\"SearchAction\",\"target\":{\"@type\":\"EntryPoint\",\"urlTemplate\":\"https:\/\/delcofoundation.org\/es\/?s={search_term_string}\"},\"query-input\":{\"@type\":\"PropertyValueSpecification\",\"valueRequired\":true,\"valueName\":\"search_term_string\"}}],\"inLanguage\":\"es-ES\"},{\"@type\":\"Organization\",\"@id\":\"https:\/\/delcofoundation.org\/es\/#organization\",\"name\":\"The Foundation for Delaware County\",\"url\":\"https:\/\/delcofoundation.org\/es\/\",\"logo\":{\"@type\":\"ImageObject\",\"inLanguage\":\"es-ES\",\"@id\":\"https:\/\/delcofoundation.org\/es\/#\/schema\/logo\/image\/\",\"url\":\"\",\"contentUrl\":\"\",\"caption\":\"The Foundation for Delaware County\"},\"image\":{\"@id\":\"https:\/\/delcofoundation.org\/es\/#\/schema\/logo\/image\/\"}}]}<\/script>\n<!-- \/ Yoast SEO plugin. -->","yoast_head_json":{"title":"Programa para Mujeres, Beb\u00e9s y Ni\u00f1os (WIC) Espa\u00f1ol - The Foundation for Delaware County","description":"Por 45 a\u00f1os, el Programa de Mujeres, Beb\u00e9s y Ni\u00f1os del Condado de Delaware (WIC) ha proporcionado asesoramiento nutricional valioso, apoyo para la lactancia materna, alimentos nutritivos y referencias a miles de familias. La misi\u00f3n de WIC es mejorar la salud y el bienestar de esta poblaci\u00f3n durante las etapas cr\u00edticas de crecimiento y desarrollo y a lo largo de sus vidas. Cada mes, WIC atiende a unos 9.000 participantes elegibles, lo que equivale al 75 por ciento de las 13.000 mujeres y ni\u00f1os elegibles en el condado.\nLos beneficios de WIC complementan los alimentos que las familias compran y pueden ser redimidos en cualquier tienda autorizada de WIC. Est\u00e1 dise\u00f1ado para incluir alimentos que contengan prote\u00ednas, hierro, vitamina A, vitamina C y calcio, incluyendo frutas y verduras, cereales integrales, mantequilla de man\u00ed, queso, yogur, huevos, frijoles enlatados o secos, cereales, f\u00f3rmula infantil fortificada con hierro, alimentos infantiles, pescado enlatado y f\u00f3rmulas especiales cuando sea m\u00e9dicamente necesario. Adem\u00e1s, el personal de WIC puede ayudar a planificar comidas saludables y atractivas.","robots":{"index":"index","follow":"follow","max-snippet":"max-snippet:-1","max-image-preview":"max-image-preview:large","max-video-preview":"max-video-preview:-1"},"canonical":"https:\/\/delcofoundation.org\/es\/programas-comunitarios\/solicitar-ayuda\/programa-para-mujeres-bebes-y-ninos-wic\/programa-para-mujeres-bebes-y-ninos-wic-espanol\/","og_locale":"es_ES","og_type":"article","og_title":"Programa para Mujeres, Beb\u00e9s y Ni\u00f1os (WIC) Espa\u00f1ol - The Foundation for Delaware County","og_url":"https:\/\/delcofoundation.org\/es\/programas-comunitarios\/solicitar-ayuda\/programa-para-mujeres-bebes-y-ninos-wic\/programa-para-mujeres-bebes-y-ninos-wic-espanol\/","og_site_name":"The Foundation for Delaware County","article_modified_time":"2025-04-14T13:44:37+00:00","og_image":[{"width":1950,"height":1150,"url":"https:\/\/delcofoundation.org\/app\/uploads\/2021\/10\/320_FDC-Annual-21-e1631905307293.jpg","type":"image\/jpeg"}],"twitter_card":"summary_large_image","schema":{"@context":"https:\/\/schema.org","@graph":[{"@type":"WebPage","@id":"https:\/\/delcofoundation.org\/es\/programas-comunitarios\/solicitar-ayuda\/programa-para-mujeres-bebes-y-ninos-wic\/programa-para-mujeres-bebes-y-ninos-wic-espanol\/","url":"https:\/\/delcofoundation.org\/es\/programas-comunitarios\/solicitar-ayuda\/programa-para-mujeres-bebes-y-ninos-wic\/programa-para-mujeres-bebes-y-ninos-wic-espanol\/","name":"Programa para Mujeres, Beb\u00e9s y Ni\u00f1os (WIC) Espa\u00f1ol - The Foundation for Delaware County","isPartOf":{"@id":"https:\/\/delcofoundation.org\/es\/#website"},"datePublished":"2021-08-25T19:40:35+00:00","dateModified":"2025-04-14T13:44:37+00:00","breadcrumb":{"@id":"https:\/\/delcofoundation.org\/es\/programas-comunitarios\/solicitar-ayuda\/programa-para-mujeres-bebes-y-ninos-wic\/programa-para-mujeres-bebes-y-ninos-wic-espanol\/#breadcrumb"},"inLanguage":"es-ES","potentialAction":[{"@type":"ReadAction","target":["https:\/\/delcofoundation.org\/es\/programas-comunitarios\/solicitar-ayuda\/programa-para-mujeres-bebes-y-ninos-wic\/programa-para-mujeres-bebes-y-ninos-wic-espanol\/"]}]},{"@type":"BreadcrumbList","@id":"https:\/\/delcofoundation.org\/es\/programas-comunitarios\/solicitar-ayuda\/programa-para-mujeres-bebes-y-ninos-wic\/programa-para-mujeres-bebes-y-ninos-wic-espanol\/#breadcrumb","itemListElement":[{"@type":"ListItem","position":1,"name":"Home","item":"https:\/\/delcofoundation.org\/es\/"},{"@type":"ListItem","position":2,"name":"Programas comunitarios","item":"https:\/\/delcofoundation.org\/es\/programas-comunitarios\/"},{"@type":"ListItem","position":3,"name":"Solicitar ayuda","item":"https:\/\/delcofoundation.org\/es\/programas-comunitarios\/solicitar-ayuda\/"},{"@type":"ListItem","position":4,"name":"Programa para Mujeres, Beb\u00e9s y Ni\u00f1os (WIC)","item":"https:\/\/delcofoundation.org\/es\/programas-comunitarios\/solicitar-ayuda\/programa-para-mujeres-bebes-y-ninos-wic\/"},{"@type":"ListItem","position":5,"name":"Programa para Mujeres, Beb\u00e9s y Ni\u00f1os (WIC) Espa\u00f1ol"}]},{"@type":"WebSite","@id":"https:\/\/delcofoundation.org\/es\/#website","url":"https:\/\/delcofoundation.org\/es\/","name":"The Foundation for Delaware County","description":"","publisher":{"@id":"https:\/\/delcofoundation.org\/es\/#organization"},"potentialAction":[{"@type":"SearchAction","target":{"@type":"EntryPoint","urlTemplate":"https:\/\/delcofoundation.org\/es\/?s={search_term_string}"},"query-input":{"@type":"PropertyValueSpecification","valueRequired":true,"valueName":"search_term_string"}}],"inLanguage":"es-ES"},{"@type":"Organization","@id":"https:\/\/delcofoundation.org\/es\/#organization","name":"The Foundation for Delaware County","url":"https:\/\/delcofoundation.org\/es\/","logo":{"@type":"ImageObject","inLanguage":"es-ES","@id":"https:\/\/delcofoundation.org\/es\/#\/schema\/logo\/image\/","url":"","contentUrl":"","caption":"The Foundation for Delaware County"},"image":{"@id":"https:\/\/delcofoundation.org\/es\/#\/schema\/logo\/image\/"}}]}},"_links":{"self":[{"href":"https:\/\/delcofoundation.org\/es\/wp-json\/wp\/v2\/pages\/5620","targetHints":{"allow":["GET"]}}],"collection":[{"href":"https:\/\/delcofoundation.org\/es\/wp-json\/wp\/v2\/pages"}],"about":[{"href":"https:\/\/delcofoundation.org\/es\/wp-json\/wp\/v2\/types\/page"}],"author":[{"embeddable":true,"href":"https:\/\/delcofoundation.org\/es\/wp-json\/wp\/v2\/users\/5"}],"replies":[{"embeddable":true,"href":"https:\/\/delcofoundation.org\/es\/wp-json\/wp\/v2\/comments?post=5620"}],"version-history":[{"count":1,"href":"https:\/\/delcofoundation.org\/es\/wp-json\/wp\/v2\/pages\/5620\/revisions"}],"predecessor-version":[{"id":6181,"href":"https:\/\/delcofoundation.org\/es\/wp-json\/wp\/v2\/pages\/5620\/revisions\/6181"}],"up":[{"embeddable":true,"href":"https:\/\/delcofoundation.org\/es\/wp-json\/wp\/v2\/pages\/5195"}],"wp:attachment":[{"href":"https:\/\/delcofoundation.org\/es\/wp-json\/wp\/v2\/media?parent=5620"}],"curies":[{"name":"wp","href":"https:\/\/api.w.org\/{rel}","templated":true}]}}