{"id":5618,"date":"2021-08-25T23:19:51","date_gmt":"2021-08-25T23:19:51","guid":{"rendered":"https:\/\/delcofoundation.org\/programas-comunitarios\/solicitar-ayuda\/asociacion-enfermera-familia\/"},"modified":"2025-04-14T13:40:34","modified_gmt":"2025-04-14T13:40:34","slug":"asociacion-enfermera-familia","status":"publish","type":"page","link":"https:\/\/delcofoundation.org\/es\/programas-comunitarios\/solicitar-ayuda\/asociacion-enfermera-familia\/","title":{"rendered":"Asociaci\u00f3n enfermera-familia"},"content":{"rendered":"","protected":false},"excerpt":{"rendered":"","protected":false},"author":5,"featured_media":0,"parent":5168,"menu_order":0,"comment_status":"closed","ping_status":"closed","template":"page-templates\/content-modules.php","meta":{"_acf_changed":false,"inline_featured_image":false,"footnotes":""},"class_list":["post-5618","page","type-page","status-publish","hentry"],"acf":[],"yoast_head":"<!-- This site is optimized with the Yoast SEO plugin v26.7 - https:\/\/yoast.com\/wordpress\/plugins\/seo\/ -->\n<title>Asociaci\u00f3n enfermera-familia - The Foundation for Delaware County<\/title>\n<meta name=\"description\" content=\"A las familias de la PFN se les asigna una enfermera personal y gratuita que realiza visitas peri\u00f3dicas a domicilio, desde el principio del embarazo hasta que el beb\u00e9 cumple dos a\u00f1os.\nLas enfermeras prestan mucha atenci\u00f3n a la salud f\u00edsica y mental de los padres embarazados, asegur\u00e1ndose de que se cubren todas las necesidades b\u00e1sicas. El padre es el experto en su vida y en su hijo. La enfermera est\u00e1 ah\u00ed para proporcionar informaci\u00f3n actualizada sobre salud y bienestar y ayudar a los padres a tomar decisiones saludables. La enfermera tambi\u00e9n educa a sus clientes sobre el embarazo y la crianza y adapta las visitas a las necesidades de los padres. Tras el nacimiento del beb\u00e9, las enfermeras siguen apoyando y educando a los padres sobre la salud y el desarrollo del beb\u00e9, el apego y el v\u00ednculo afectivo, y la crianza positiva. Las enfermeras tambi\u00e9n trabajan con los padres para fijar objetivos de autosuficiencia econ\u00f3mica, anim\u00e1ndoles a desarrollar una visi\u00f3n de su futuro, continuar sus estudios o encontrar trabajo.\nLa PFN es uno de los dos programas de visitas domiciliarias de la Fundaci\u00f3n, adem\u00e1s de Healthy Start. Estos programas trabajan en colaboraci\u00f3n con nuestras otras iniciativas de salud p\u00fablica para dar a las familias el complemento completo de servicios y apoyo que las preparen a fondo para dar la bienvenida a un nuevo beb\u00e9 y ser padres de ni\u00f1os peque\u00f1os. Cuando est\u00e1s inscrita en ambos programas, las enfermeras de la Asociaci\u00f3n Enfermera-Familia y los gestores de casos de Healthy Start forman un equipo, en el que tu enfermera hace hincapi\u00e9 en la crianza de los hijos y tu gestor de casos te pone en contacto con los servicios y prestaciones elegibles.\" \/>\n<meta name=\"robots\" content=\"index, follow, max-snippet:-1, max-image-preview:large, max-video-preview:-1\" \/>\n<link rel=\"canonical\" href=\"https:\/\/delcofoundation.org\/es\/programas-comunitarios\/solicitar-ayuda\/asociacion-enfermera-familia\/\" \/>\n<meta property=\"og:locale\" content=\"es_ES\" \/>\n<meta property=\"og:type\" content=\"article\" \/>\n<meta property=\"og:title\" content=\"Asociaci\u00f3n enfermera-familia - The Foundation for Delaware County\" \/>\n<meta property=\"og:url\" content=\"https:\/\/delcofoundation.org\/es\/programas-comunitarios\/solicitar-ayuda\/asociacion-enfermera-familia\/\" \/>\n<meta property=\"og:site_name\" content=\"The Foundation for Delaware County\" \/>\n<meta property=\"article:modified_time\" content=\"2025-04-14T13:40:34+00:00\" \/>\n<meta property=\"og:image\" content=\"https:\/\/delcofoundation.org\/app\/uploads\/2021\/10\/320_FDC-Annual-21-e1631905307293.jpg\" \/>\n\t<meta property=\"og:image:width\" content=\"1950\" \/>\n\t<meta property=\"og:image:height\" content=\"1150\" \/>\n\t<meta property=\"og:image:type\" content=\"image\/jpeg\" \/>\n<meta name=\"twitter:card\" content=\"summary_large_image\" \/>\n<script type=\"application\/ld+json\" class=\"yoast-schema-graph\">{\"@context\":\"https:\/\/schema.org\",\"@graph\":[{\"@type\":\"WebPage\",\"@id\":\"https:\/\/delcofoundation.org\/es\/programas-comunitarios\/solicitar-ayuda\/asociacion-enfermera-familia\/\",\"url\":\"https:\/\/delcofoundation.org\/es\/programas-comunitarios\/solicitar-ayuda\/asociacion-enfermera-familia\/\",\"name\":\"Asociaci\u00f3n enfermera-familia - The Foundation for Delaware County\",\"isPartOf\":{\"@id\":\"https:\/\/delcofoundation.org\/es\/#website\"},\"datePublished\":\"2021-08-25T23:19:51+00:00\",\"dateModified\":\"2025-04-14T13:40:34+00:00\",\"breadcrumb\":{\"@id\":\"https:\/\/delcofoundation.org\/es\/programas-comunitarios\/solicitar-ayuda\/asociacion-enfermera-familia\/#breadcrumb\"},\"inLanguage\":\"es-ES\",\"potentialAction\":[{\"@type\":\"ReadAction\",\"target\":[\"https:\/\/delcofoundation.org\/es\/programas-comunitarios\/solicitar-ayuda\/asociacion-enfermera-familia\/\"]}]},{\"@type\":\"BreadcrumbList\",\"@id\":\"https:\/\/delcofoundation.org\/es\/programas-comunitarios\/solicitar-ayuda\/asociacion-enfermera-familia\/#breadcrumb\",\"itemListElement\":[{\"@type\":\"ListItem\",\"position\":1,\"name\":\"Home\",\"item\":\"https:\/\/delcofoundation.org\/es\/\"},{\"@type\":\"ListItem\",\"position\":2,\"name\":\"Programas comunitarios\",\"item\":\"https:\/\/delcofoundation.org\/es\/programas-comunitarios\/\"},{\"@type\":\"ListItem\",\"position\":3,\"name\":\"Solicitar ayuda\",\"item\":\"https:\/\/delcofoundation.org\/es\/programas-comunitarios\/solicitar-ayuda\/\"},{\"@type\":\"ListItem\",\"position\":4,\"name\":\"Asociaci\u00f3n enfermera-familia\"}]},{\"@type\":\"WebSite\",\"@id\":\"https:\/\/delcofoundation.org\/es\/#website\",\"url\":\"https:\/\/delcofoundation.org\/es\/\",\"name\":\"The Foundation for Delaware County\",\"description\":\"\",\"publisher\":{\"@id\":\"https:\/\/delcofoundation.org\/es\/#organization\"},\"potentialAction\":[{\"@type\":\"SearchAction\",\"target\":{\"@type\":\"EntryPoint\",\"urlTemplate\":\"https:\/\/delcofoundation.org\/es\/?s={search_term_string}\"},\"query-input\":{\"@type\":\"PropertyValueSpecification\",\"valueRequired\":true,\"valueName\":\"search_term_string\"}}],\"inLanguage\":\"es-ES\"},{\"@type\":\"Organization\",\"@id\":\"https:\/\/delcofoundation.org\/es\/#organization\",\"name\":\"The Foundation for Delaware County\",\"url\":\"https:\/\/delcofoundation.org\/es\/\",\"logo\":{\"@type\":\"ImageObject\",\"inLanguage\":\"es-ES\",\"@id\":\"https:\/\/delcofoundation.org\/es\/#\/schema\/logo\/image\/\",\"url\":\"\",\"contentUrl\":\"\",\"caption\":\"The Foundation for Delaware County\"},\"image\":{\"@id\":\"https:\/\/delcofoundation.org\/es\/#\/schema\/logo\/image\/\"}}]}<\/script>\n<!-- \/ Yoast SEO plugin. -->","yoast_head_json":{"title":"Asociaci\u00f3n enfermera-familia - The Foundation for Delaware County","description":"A las familias de la PFN se les asigna una enfermera personal y gratuita que realiza visitas peri\u00f3dicas a domicilio, desde el principio del embarazo hasta que el beb\u00e9 cumple dos a\u00f1os.\nLas enfermeras prestan mucha atenci\u00f3n a la salud f\u00edsica y mental de los padres embarazados, asegur\u00e1ndose de que se cubren todas las necesidades b\u00e1sicas. El padre es el experto en su vida y en su hijo. La enfermera est\u00e1 ah\u00ed para proporcionar informaci\u00f3n actualizada sobre salud y bienestar y ayudar a los padres a tomar decisiones saludables. La enfermera tambi\u00e9n educa a sus clientes sobre el embarazo y la crianza y adapta las visitas a las necesidades de los padres. Tras el nacimiento del beb\u00e9, las enfermeras siguen apoyando y educando a los padres sobre la salud y el desarrollo del beb\u00e9, el apego y el v\u00ednculo afectivo, y la crianza positiva. Las enfermeras tambi\u00e9n trabajan con los padres para fijar objetivos de autosuficiencia econ\u00f3mica, anim\u00e1ndoles a desarrollar una visi\u00f3n de su futuro, continuar sus estudios o encontrar trabajo.\nLa PFN es uno de los dos programas de visitas domiciliarias de la Fundaci\u00f3n, adem\u00e1s de Healthy Start. Estos programas trabajan en colaboraci\u00f3n con nuestras otras iniciativas de salud p\u00fablica para dar a las familias el complemento completo de servicios y apoyo que las preparen a fondo para dar la bienvenida a un nuevo beb\u00e9 y ser padres de ni\u00f1os peque\u00f1os. Cuando est\u00e1s inscrita en ambos programas, las enfermeras de la Asociaci\u00f3n Enfermera-Familia y los gestores de casos de Healthy Start forman un equipo, en el que tu enfermera hace hincapi\u00e9 en la crianza de los hijos y tu gestor de casos te pone en contacto con los servicios y prestaciones elegibles.","robots":{"index":"index","follow":"follow","max-snippet":"max-snippet:-1","max-image-preview":"max-image-preview:large","max-video-preview":"max-video-preview:-1"},"canonical":"https:\/\/delcofoundation.org\/es\/programas-comunitarios\/solicitar-ayuda\/asociacion-enfermera-familia\/","og_locale":"es_ES","og_type":"article","og_title":"Asociaci\u00f3n enfermera-familia - The Foundation for Delaware County","og_url":"https:\/\/delcofoundation.org\/es\/programas-comunitarios\/solicitar-ayuda\/asociacion-enfermera-familia\/","og_site_name":"The Foundation for Delaware County","article_modified_time":"2025-04-14T13:40:34+00:00","og_image":[{"width":1950,"height":1150,"url":"https:\/\/delcofoundation.org\/app\/uploads\/2021\/10\/320_FDC-Annual-21-e1631905307293.jpg","type":"image\/jpeg"}],"twitter_card":"summary_large_image","schema":{"@context":"https:\/\/schema.org","@graph":[{"@type":"WebPage","@id":"https:\/\/delcofoundation.org\/es\/programas-comunitarios\/solicitar-ayuda\/asociacion-enfermera-familia\/","url":"https:\/\/delcofoundation.org\/es\/programas-comunitarios\/solicitar-ayuda\/asociacion-enfermera-familia\/","name":"Asociaci\u00f3n enfermera-familia - The Foundation for Delaware County","isPartOf":{"@id":"https:\/\/delcofoundation.org\/es\/#website"},"datePublished":"2021-08-25T23:19:51+00:00","dateModified":"2025-04-14T13:40:34+00:00","breadcrumb":{"@id":"https:\/\/delcofoundation.org\/es\/programas-comunitarios\/solicitar-ayuda\/asociacion-enfermera-familia\/#breadcrumb"},"inLanguage":"es-ES","potentialAction":[{"@type":"ReadAction","target":["https:\/\/delcofoundation.org\/es\/programas-comunitarios\/solicitar-ayuda\/asociacion-enfermera-familia\/"]}]},{"@type":"BreadcrumbList","@id":"https:\/\/delcofoundation.org\/es\/programas-comunitarios\/solicitar-ayuda\/asociacion-enfermera-familia\/#breadcrumb","itemListElement":[{"@type":"ListItem","position":1,"name":"Home","item":"https:\/\/delcofoundation.org\/es\/"},{"@type":"ListItem","position":2,"name":"Programas comunitarios","item":"https:\/\/delcofoundation.org\/es\/programas-comunitarios\/"},{"@type":"ListItem","position":3,"name":"Solicitar ayuda","item":"https:\/\/delcofoundation.org\/es\/programas-comunitarios\/solicitar-ayuda\/"},{"@type":"ListItem","position":4,"name":"Asociaci\u00f3n enfermera-familia"}]},{"@type":"WebSite","@id":"https:\/\/delcofoundation.org\/es\/#website","url":"https:\/\/delcofoundation.org\/es\/","name":"The Foundation for Delaware County","description":"","publisher":{"@id":"https:\/\/delcofoundation.org\/es\/#organization"},"potentialAction":[{"@type":"SearchAction","target":{"@type":"EntryPoint","urlTemplate":"https:\/\/delcofoundation.org\/es\/?s={search_term_string}"},"query-input":{"@type":"PropertyValueSpecification","valueRequired":true,"valueName":"search_term_string"}}],"inLanguage":"es-ES"},{"@type":"Organization","@id":"https:\/\/delcofoundation.org\/es\/#organization","name":"The Foundation for Delaware County","url":"https:\/\/delcofoundation.org\/es\/","logo":{"@type":"ImageObject","inLanguage":"es-ES","@id":"https:\/\/delcofoundation.org\/es\/#\/schema\/logo\/image\/","url":"","contentUrl":"","caption":"The Foundation for Delaware County"},"image":{"@id":"https:\/\/delcofoundation.org\/es\/#\/schema\/logo\/image\/"}}]}},"_links":{"self":[{"href":"https:\/\/delcofoundation.org\/es\/wp-json\/wp\/v2\/pages\/5618","targetHints":{"allow":["GET"]}}],"collection":[{"href":"https:\/\/delcofoundation.org\/es\/wp-json\/wp\/v2\/pages"}],"about":[{"href":"https:\/\/delcofoundation.org\/es\/wp-json\/wp\/v2\/types\/page"}],"author":[{"embeddable":true,"href":"https:\/\/delcofoundation.org\/es\/wp-json\/wp\/v2\/users\/5"}],"replies":[{"embeddable":true,"href":"https:\/\/delcofoundation.org\/es\/wp-json\/wp\/v2\/comments?post=5618"}],"version-history":[{"count":1,"href":"https:\/\/delcofoundation.org\/es\/wp-json\/wp\/v2\/pages\/5618\/revisions"}],"predecessor-version":[{"id":6186,"href":"https:\/\/delcofoundation.org\/es\/wp-json\/wp\/v2\/pages\/5618\/revisions\/6186"}],"up":[{"embeddable":true,"href":"https:\/\/delcofoundation.org\/es\/wp-json\/wp\/v2\/pages\/5168"}],"wp:attachment":[{"href":"https:\/\/delcofoundation.org\/es\/wp-json\/wp\/v2\/media?parent=5618"}],"curies":[{"name":"wp","href":"https:\/\/api.w.org\/{rel}","templated":true}]}}