{"id":5616,"date":"2021-08-26T02:53:43","date_gmt":"2021-08-26T02:53:43","guid":{"rendered":"https:\/\/delcofoundation.org\/nuestro-impacto\/areas-prioritarias\/equidad-racial\/grupo-de-trabajo-sobre-equidad-racial\/"},"modified":"2024-06-20T19:02:25","modified_gmt":"2024-06-20T19:02:25","slug":"grupo-de-trabajo-sobre-equidad-racial","status":"publish","type":"page","link":"https:\/\/delcofoundation.org\/es\/nuestro-impacto\/areas-prioritarias\/equidad-racial\/grupo-de-trabajo-sobre-equidad-racial\/","title":{"rendered":"Grupo de Trabajo sobre Equidad Racial"},"content":{"rendered":"","protected":false},"excerpt":{"rendered":"","protected":false},"author":5,"featured_media":0,"parent":5200,"menu_order":0,"comment_status":"closed","ping_status":"closed","template":"page-templates\/content-modules.php","meta":{"_acf_changed":false,"inline_featured_image":false,"footnotes":""},"class_list":["post-5616","page","type-page","status-publish","hentry"],"acf":[],"yoast_head":"<!-- This site is optimized with the Yoast SEO plugin v26.7 - https:\/\/yoast.com\/wordpress\/plugins\/seo\/ -->\n<title>Grupo de Trabajo sobre Equidad Racial - The Foundation for Delaware County<\/title>\n<meta name=\"description\" content=\"El racismo es la creencia de que la raza es un determinante fundamental de los rasgos y capacidades humanos, y que las diferencias raciales producen una superioridad inherente a una raza concreta. Incrustado en nuestras leyes, sistemas y estructuras, el racismo crea profundas desigualdades que tienen repercusiones negativas tan generalizadas que los expertos cient\u00edficos y de salud p\u00fablica de nuestra naci\u00f3n reconocen ahora que amenaza la salud de las personas y, de hecho, la salud p\u00fablica de nuestras comunidades y de nuestra naci\u00f3n. Aunque no absolvemos a los individuos de las atrocidades que han cometido, reconocemos que las manifestaciones de un sistema de racismo est\u00e1n profundamente entretejidas en la historia de nuestra naci\u00f3n y, por tanto, no siempre son evidentes para todos.  Reconocemos y declaramos que el racismo es una crisis de salud p\u00fablica que todos debemos afrontar y trabajar para solucionarla.\nEn este punto, la desconfianza es generacional. Sin confianza mutua y en nuestras instituciones, no podremos construir la comunidad y la democracia que imaginamos y sabemos que son posibles. Tenemos que comprometernos a crear un cambio fundacional tan grande que cada individuo, independientemente de su raza, conf\u00ede en que es y ser\u00e1 tratado con humanidad y dignidad. Las personas merecen ser \u00edntegras, sanas y pr\u00f3speras.\nNing\u00fan grupo puede lograr la equidad para este pa\u00eds. Todos debemos salvarnos a nosotros mismos y a los dem\u00e1s. Todos podemos ser mejores, y todos seremos mejores por ello.\nLa Fundaci\u00f3n para el Condado de Delaware abraza y se compromete con el trabajo de la equidad racial con paciencia, humildad, determinaci\u00f3n, vulnerabilidad y esperanza. bell hooks define el amor como &#8220;la voluntad de extenderse con el fin de alimentar el crecimiento espiritual propio o ajeno&#8221;. La Fundaci\u00f3n para el Condado de Delaware se compromete valientemente con el trabajo de la equidad racial con profundo amor por esta comunidad, su ciudadan\u00eda y nuestro potencial colectivo. Es nuestro derecho y nuestra responsabilidad.\nLa visi\u00f3n y los objetivos\nEl Grupo de Trabajo sobre Equidad Racial de la Fundaci\u00f3n para el Condado de Delaware imagina una comunidad en la que la justicia y la equidad sean experimentadas por cada individuo y dentro de cada organizaci\u00f3n. Para lograr esta Visi\u00f3n, el grupo de trabajo\n\nIdentificar y ofrecer oportunidades para que los individuos aumenten su propia comprensi\u00f3n de lo que har\u00e1 falta para lograr la equidad y del papel que pueden elegir desempe\u00f1ar personalmente.\nRevisar, evaluar y crear pol\u00edticas y pr\u00e1cticas organizativas para lograr la equidad en los programas y operaciones de la fundaci\u00f3n.\nConvocar a personas y entidades de todo el condado de Delaware e implicar a la comunidad en conversaciones sobre lo que har\u00e1 falta para lograr y mantener la equidad y la justicia.\n\nLa Historia\nEl 28 de julio de 2020, la Junta Directiva y el personal de la Fundaci\u00f3n para el Condado de Delaware se reunieron, v\u00eda Zoom, para debatir sobre la equidad racial. El debate ten\u00eda tres objetivos principales:\n\nInicia una conversaci\u00f3n que contin\u00fae m\u00e1s all\u00e1 del d\u00eda de hoy.\nEmpezar a visionar lo que queremos ser individualmente y como organizaci\u00f3n.\nEmpezar a visionar la comunidad que queremos trabajar para crear.\n\n79 personas, incluido un facilitador, participaron en ese debate de Zoom, al que sigui\u00f3 una encuesta, centrada en dos preguntas clave:\n\n\u00bfQu\u00e9 se necesita para crear una comunidad de Junta Directiva y Personal que se comprometa activamente en la b\u00fasqueda de la equidad racial dentro de la Fundaci\u00f3n para el Condado de Delaware?\n\u00bfDe qu\u00e9 manera podr\u00eda la Fundaci\u00f3n para el Condado de Delaware desempe\u00f1ar un papel en el fortalecimiento del Condado de Delaware impulsando y apoyando los esfuerzos para lograr una mayor equidad racial?\n\nEse debate franco y honesto capt\u00f3 la necesidad urgente de actuar y puso en marcha el Grupo de Trabajo sobre Equidad Racial. Formado por cinco miembros del consejo y cinco miembros del personal de distintos departamentos, el Grupo de Trabajo est\u00e1 deseoso de escuchar tus sugerencias sobre c\u00f3mo crees que la fundaci\u00f3n puede desempe\u00f1ar un papel en la creaci\u00f3n de un condado de Delaware racialmente equitativo.\" \/>\n<meta name=\"robots\" content=\"index, follow, max-snippet:-1, max-image-preview:large, max-video-preview:-1\" \/>\n<link rel=\"canonical\" href=\"https:\/\/delcofoundation.org\/es\/nuestro-impacto\/areas-prioritarias\/equidad-racial\/grupo-de-trabajo-sobre-equidad-racial\/\" \/>\n<meta property=\"og:locale\" content=\"es_ES\" \/>\n<meta property=\"og:type\" content=\"article\" \/>\n<meta property=\"og:title\" content=\"Grupo de Trabajo sobre Equidad Racial - The Foundation for Delaware County\" \/>\n<meta property=\"og:url\" content=\"https:\/\/delcofoundation.org\/es\/nuestro-impacto\/areas-prioritarias\/equidad-racial\/grupo-de-trabajo-sobre-equidad-racial\/\" \/>\n<meta property=\"og:site_name\" content=\"The Foundation for Delaware County\" \/>\n<meta property=\"article:modified_time\" content=\"2024-06-20T19:02:25+00:00\" \/>\n<meta property=\"og:image\" content=\"https:\/\/delcofoundation.org\/app\/uploads\/2021\/10\/320_FDC-Annual-21-e1631905307293.jpg\" \/>\n\t<meta property=\"og:image:width\" content=\"1950\" \/>\n\t<meta property=\"og:image:height\" content=\"1150\" \/>\n\t<meta property=\"og:image:type\" content=\"image\/jpeg\" \/>\n<meta name=\"twitter:card\" content=\"summary_large_image\" \/>\n<script type=\"application\/ld+json\" class=\"yoast-schema-graph\">{\"@context\":\"https:\/\/schema.org\",\"@graph\":[{\"@type\":\"WebPage\",\"@id\":\"https:\/\/delcofoundation.org\/es\/nuestro-impacto\/areas-prioritarias\/equidad-racial\/grupo-de-trabajo-sobre-equidad-racial\/\",\"url\":\"https:\/\/delcofoundation.org\/es\/nuestro-impacto\/areas-prioritarias\/equidad-racial\/grupo-de-trabajo-sobre-equidad-racial\/\",\"name\":\"Grupo de Trabajo sobre Equidad Racial - The Foundation for Delaware County\",\"isPartOf\":{\"@id\":\"https:\/\/delcofoundation.org\/es\/#website\"},\"datePublished\":\"2021-08-26T02:53:43+00:00\",\"dateModified\":\"2024-06-20T19:02:25+00:00\",\"breadcrumb\":{\"@id\":\"https:\/\/delcofoundation.org\/es\/nuestro-impacto\/areas-prioritarias\/equidad-racial\/grupo-de-trabajo-sobre-equidad-racial\/#breadcrumb\"},\"inLanguage\":\"es-ES\",\"potentialAction\":[{\"@type\":\"ReadAction\",\"target\":[\"https:\/\/delcofoundation.org\/es\/nuestro-impacto\/areas-prioritarias\/equidad-racial\/grupo-de-trabajo-sobre-equidad-racial\/\"]}]},{\"@type\":\"BreadcrumbList\",\"@id\":\"https:\/\/delcofoundation.org\/es\/nuestro-impacto\/areas-prioritarias\/equidad-racial\/grupo-de-trabajo-sobre-equidad-racial\/#breadcrumb\",\"itemListElement\":[{\"@type\":\"ListItem\",\"position\":1,\"name\":\"Home\",\"item\":\"https:\/\/delcofoundation.org\/es\/\"},{\"@type\":\"ListItem\",\"position\":2,\"name\":\"Nuestro impacto\",\"item\":\"https:\/\/delcofoundation.org\/es\/nuestro-impacto\/\"},{\"@type\":\"ListItem\",\"position\":3,\"name\":\"\u00c1reas prioritarias\",\"item\":\"https:\/\/delcofoundation.org\/es\/nuestro-impacto\/areas-prioritarias\/\"},{\"@type\":\"ListItem\",\"position\":4,\"name\":\"Equidad racial\",\"item\":\"https:\/\/delcofoundation.org\/es\/nuestro-impacto\/areas-prioritarias\/equidad-racial\/\"},{\"@type\":\"ListItem\",\"position\":5,\"name\":\"Grupo de Trabajo sobre Equidad Racial\"}]},{\"@type\":\"WebSite\",\"@id\":\"https:\/\/delcofoundation.org\/es\/#website\",\"url\":\"https:\/\/delcofoundation.org\/es\/\",\"name\":\"The Foundation for Delaware County\",\"description\":\"\",\"publisher\":{\"@id\":\"https:\/\/delcofoundation.org\/es\/#organization\"},\"potentialAction\":[{\"@type\":\"SearchAction\",\"target\":{\"@type\":\"EntryPoint\",\"urlTemplate\":\"https:\/\/delcofoundation.org\/es\/?s={search_term_string}\"},\"query-input\":{\"@type\":\"PropertyValueSpecification\",\"valueRequired\":true,\"valueName\":\"search_term_string\"}}],\"inLanguage\":\"es-ES\"},{\"@type\":\"Organization\",\"@id\":\"https:\/\/delcofoundation.org\/es\/#organization\",\"name\":\"The Foundation for Delaware County\",\"url\":\"https:\/\/delcofoundation.org\/es\/\",\"logo\":{\"@type\":\"ImageObject\",\"inLanguage\":\"es-ES\",\"@id\":\"https:\/\/delcofoundation.org\/es\/#\/schema\/logo\/image\/\",\"url\":\"\",\"contentUrl\":\"\",\"caption\":\"The Foundation for Delaware County\"},\"image\":{\"@id\":\"https:\/\/delcofoundation.org\/es\/#\/schema\/logo\/image\/\"}}]}<\/script>\n<!-- \/ Yoast SEO plugin. -->","yoast_head_json":{"title":"Grupo de Trabajo sobre Equidad Racial - The Foundation for Delaware County","description":"El racismo es la creencia de que la raza es un determinante fundamental de los rasgos y capacidades humanos, y que las diferencias raciales producen una superioridad inherente a una raza concreta. Incrustado en nuestras leyes, sistemas y estructuras, el racismo crea profundas desigualdades que tienen repercusiones negativas tan generalizadas que los expertos cient\u00edficos y de salud p\u00fablica de nuestra naci\u00f3n reconocen ahora que amenaza la salud de las personas y, de hecho, la salud p\u00fablica de nuestras comunidades y de nuestra naci\u00f3n. Aunque no absolvemos a los individuos de las atrocidades que han cometido, reconocemos que las manifestaciones de un sistema de racismo est\u00e1n profundamente entretejidas en la historia de nuestra naci\u00f3n y, por tanto, no siempre son evidentes para todos.  Reconocemos y declaramos que el racismo es una crisis de salud p\u00fablica que todos debemos afrontar y trabajar para solucionarla.\nEn este punto, la desconfianza es generacional. Sin confianza mutua y en nuestras instituciones, no podremos construir la comunidad y la democracia que imaginamos y sabemos que son posibles. Tenemos que comprometernos a crear un cambio fundacional tan grande que cada individuo, independientemente de su raza, conf\u00ede en que es y ser\u00e1 tratado con humanidad y dignidad. Las personas merecen ser \u00edntegras, sanas y pr\u00f3speras.\nNing\u00fan grupo puede lograr la equidad para este pa\u00eds. Todos debemos salvarnos a nosotros mismos y a los dem\u00e1s. Todos podemos ser mejores, y todos seremos mejores por ello.\nLa Fundaci\u00f3n para el Condado de Delaware abraza y se compromete con el trabajo de la equidad racial con paciencia, humildad, determinaci\u00f3n, vulnerabilidad y esperanza. bell hooks define el amor como &#8220;la voluntad de extenderse con el fin de alimentar el crecimiento espiritual propio o ajeno&#8221;. La Fundaci\u00f3n para el Condado de Delaware se compromete valientemente con el trabajo de la equidad racial con profundo amor por esta comunidad, su ciudadan\u00eda y nuestro potencial colectivo. Es nuestro derecho y nuestra responsabilidad.\nLa visi\u00f3n y los objetivos\nEl Grupo de Trabajo sobre Equidad Racial de la Fundaci\u00f3n para el Condado de Delaware imagina una comunidad en la que la justicia y la equidad sean experimentadas por cada individuo y dentro de cada organizaci\u00f3n. Para lograr esta Visi\u00f3n, el grupo de trabajo\n\nIdentificar y ofrecer oportunidades para que los individuos aumenten su propia comprensi\u00f3n de lo que har\u00e1 falta para lograr la equidad y del papel que pueden elegir desempe\u00f1ar personalmente.\nRevisar, evaluar y crear pol\u00edticas y pr\u00e1cticas organizativas para lograr la equidad en los programas y operaciones de la fundaci\u00f3n.\nConvocar a personas y entidades de todo el condado de Delaware e implicar a la comunidad en conversaciones sobre lo que har\u00e1 falta para lograr y mantener la equidad y la justicia.\n\nLa Historia\nEl 28 de julio de 2020, la Junta Directiva y el personal de la Fundaci\u00f3n para el Condado de Delaware se reunieron, v\u00eda Zoom, para debatir sobre la equidad racial. El debate ten\u00eda tres objetivos principales:\n\nInicia una conversaci\u00f3n que contin\u00fae m\u00e1s all\u00e1 del d\u00eda de hoy.\nEmpezar a visionar lo que queremos ser individualmente y como organizaci\u00f3n.\nEmpezar a visionar la comunidad que queremos trabajar para crear.\n\n79 personas, incluido un facilitador, participaron en ese debate de Zoom, al que sigui\u00f3 una encuesta, centrada en dos preguntas clave:\n\n\u00bfQu\u00e9 se necesita para crear una comunidad de Junta Directiva y Personal que se comprometa activamente en la b\u00fasqueda de la equidad racial dentro de la Fundaci\u00f3n para el Condado de Delaware?\n\u00bfDe qu\u00e9 manera podr\u00eda la Fundaci\u00f3n para el Condado de Delaware desempe\u00f1ar un papel en el fortalecimiento del Condado de Delaware impulsando y apoyando los esfuerzos para lograr una mayor equidad racial?\n\nEse debate franco y honesto capt\u00f3 la necesidad urgente de actuar y puso en marcha el Grupo de Trabajo sobre Equidad Racial. Formado por cinco miembros del consejo y cinco miembros del personal de distintos departamentos, el Grupo de Trabajo est\u00e1 deseoso de escuchar tus sugerencias sobre c\u00f3mo crees que la fundaci\u00f3n puede desempe\u00f1ar un papel en la creaci\u00f3n de un condado de Delaware racialmente equitativo.","robots":{"index":"index","follow":"follow","max-snippet":"max-snippet:-1","max-image-preview":"max-image-preview:large","max-video-preview":"max-video-preview:-1"},"canonical":"https:\/\/delcofoundation.org\/es\/nuestro-impacto\/areas-prioritarias\/equidad-racial\/grupo-de-trabajo-sobre-equidad-racial\/","og_locale":"es_ES","og_type":"article","og_title":"Grupo de Trabajo sobre Equidad Racial - The Foundation for Delaware County","og_url":"https:\/\/delcofoundation.org\/es\/nuestro-impacto\/areas-prioritarias\/equidad-racial\/grupo-de-trabajo-sobre-equidad-racial\/","og_site_name":"The Foundation for Delaware County","article_modified_time":"2024-06-20T19:02:25+00:00","og_image":[{"width":1950,"height":1150,"url":"https:\/\/delcofoundation.org\/app\/uploads\/2021\/10\/320_FDC-Annual-21-e1631905307293.jpg","type":"image\/jpeg"}],"twitter_card":"summary_large_image","schema":{"@context":"https:\/\/schema.org","@graph":[{"@type":"WebPage","@id":"https:\/\/delcofoundation.org\/es\/nuestro-impacto\/areas-prioritarias\/equidad-racial\/grupo-de-trabajo-sobre-equidad-racial\/","url":"https:\/\/delcofoundation.org\/es\/nuestro-impacto\/areas-prioritarias\/equidad-racial\/grupo-de-trabajo-sobre-equidad-racial\/","name":"Grupo de Trabajo sobre Equidad Racial - The Foundation for Delaware County","isPartOf":{"@id":"https:\/\/delcofoundation.org\/es\/#website"},"datePublished":"2021-08-26T02:53:43+00:00","dateModified":"2024-06-20T19:02:25+00:00","breadcrumb":{"@id":"https:\/\/delcofoundation.org\/es\/nuestro-impacto\/areas-prioritarias\/equidad-racial\/grupo-de-trabajo-sobre-equidad-racial\/#breadcrumb"},"inLanguage":"es-ES","potentialAction":[{"@type":"ReadAction","target":["https:\/\/delcofoundation.org\/es\/nuestro-impacto\/areas-prioritarias\/equidad-racial\/grupo-de-trabajo-sobre-equidad-racial\/"]}]},{"@type":"BreadcrumbList","@id":"https:\/\/delcofoundation.org\/es\/nuestro-impacto\/areas-prioritarias\/equidad-racial\/grupo-de-trabajo-sobre-equidad-racial\/#breadcrumb","itemListElement":[{"@type":"ListItem","position":1,"name":"Home","item":"https:\/\/delcofoundation.org\/es\/"},{"@type":"ListItem","position":2,"name":"Nuestro impacto","item":"https:\/\/delcofoundation.org\/es\/nuestro-impacto\/"},{"@type":"ListItem","position":3,"name":"\u00c1reas prioritarias","item":"https:\/\/delcofoundation.org\/es\/nuestro-impacto\/areas-prioritarias\/"},{"@type":"ListItem","position":4,"name":"Equidad racial","item":"https:\/\/delcofoundation.org\/es\/nuestro-impacto\/areas-prioritarias\/equidad-racial\/"},{"@type":"ListItem","position":5,"name":"Grupo de Trabajo sobre Equidad Racial"}]},{"@type":"WebSite","@id":"https:\/\/delcofoundation.org\/es\/#website","url":"https:\/\/delcofoundation.org\/es\/","name":"The Foundation for Delaware County","description":"","publisher":{"@id":"https:\/\/delcofoundation.org\/es\/#organization"},"potentialAction":[{"@type":"SearchAction","target":{"@type":"EntryPoint","urlTemplate":"https:\/\/delcofoundation.org\/es\/?s={search_term_string}"},"query-input":{"@type":"PropertyValueSpecification","valueRequired":true,"valueName":"search_term_string"}}],"inLanguage":"es-ES"},{"@type":"Organization","@id":"https:\/\/delcofoundation.org\/es\/#organization","name":"The Foundation for Delaware County","url":"https:\/\/delcofoundation.org\/es\/","logo":{"@type":"ImageObject","inLanguage":"es-ES","@id":"https:\/\/delcofoundation.org\/es\/#\/schema\/logo\/image\/","url":"","contentUrl":"","caption":"The Foundation for Delaware County"},"image":{"@id":"https:\/\/delcofoundation.org\/es\/#\/schema\/logo\/image\/"}}]}},"_links":{"self":[{"href":"https:\/\/delcofoundation.org\/es\/wp-json\/wp\/v2\/pages\/5616","targetHints":{"allow":["GET"]}}],"collection":[{"href":"https:\/\/delcofoundation.org\/es\/wp-json\/wp\/v2\/pages"}],"about":[{"href":"https:\/\/delcofoundation.org\/es\/wp-json\/wp\/v2\/types\/page"}],"author":[{"embeddable":true,"href":"https:\/\/delcofoundation.org\/es\/wp-json\/wp\/v2\/users\/5"}],"replies":[{"embeddable":true,"href":"https:\/\/delcofoundation.org\/es\/wp-json\/wp\/v2\/comments?post=5616"}],"version-history":[{"count":1,"href":"https:\/\/delcofoundation.org\/es\/wp-json\/wp\/v2\/pages\/5616\/revisions"}],"predecessor-version":[{"id":6145,"href":"https:\/\/delcofoundation.org\/es\/wp-json\/wp\/v2\/pages\/5616\/revisions\/6145"}],"up":[{"embeddable":true,"href":"https:\/\/delcofoundation.org\/es\/wp-json\/wp\/v2\/pages\/5200"}],"wp:attachment":[{"href":"https:\/\/delcofoundation.org\/es\/wp-json\/wp\/v2\/media?parent=5616"}],"curies":[{"name":"wp","href":"https:\/\/api.w.org\/{rel}","templated":true}]}}