{"id":5610,"date":"2021-09-22T14:42:56","date_gmt":"2021-09-22T14:42:56","guid":{"rendered":"https:\/\/delcofoundation.org\/programas-comunitarios\/nuestras-iniciativas\/periodos-perinatales-de-riesgo\/"},"modified":"2024-06-20T19:03:05","modified_gmt":"2024-06-20T19:03:05","slug":"periodos-perinatales-de-riesgo","status":"publish","type":"page","link":"https:\/\/delcofoundation.org\/es\/programas-comunitarios\/nuestras-iniciativas\/periodos-perinatales-de-riesgo\/","title":{"rendered":"Per\u00edodos perinatales de riesgo"},"content":{"rendered":"","protected":false},"excerpt":{"rendered":"","protected":false},"author":5,"featured_media":0,"parent":5179,"menu_order":0,"comment_status":"closed","ping_status":"closed","template":"page-templates\/content-modules.php","meta":{"_acf_changed":false,"inline_featured_image":false,"footnotes":""},"class_list":["post-5610","page","type-page","status-publish","hentry"],"acf":[],"yoast_head":"<!-- This site is optimized with the Yoast SEO plugin v26.7 - https:\/\/yoast.com\/wordpress\/plugins\/seo\/ -->\n<title>Per\u00edodos perinatales de riesgo - The Foundation for Delaware County<\/title>\n<meta name=\"description\" content=\"El objetivo del proyecto PPOR era recopilar datos y revisar las muertes fetales y de lactantes para comprender mejor por qu\u00e9 los lactantes mueren durante determinados periodos de riesgo. El proyecto ha examinado ya dos conjuntos de datos del condado de Delaware y seguir\u00e1 supervisando los resultados de los nacimientos en nuestra regi\u00f3n utilizando este marco.\nLas categor\u00edas consideradas periodos de riesgo son: salud materna y prematuridad, cuidados maternos, cuidados neonatales y salud infantil. En el condado de Delaware se produjeron 13,9 muertes por cada 1.000 nacimientos en 2012-2016, una tasa superior a la de los condados a circundantes y un ligero aumento respecto al conjunto de datos de los cinco a\u00f1os anteriores. La mayor\u00eda de estas muertes est\u00e1n relacionadas con factores de riesgo de la categor\u00eda de salud materna y prematuridad.\nEl proyecto se centr\u00f3 en determinar por qu\u00e9 las mujeres negras no hispanas del condado de Delaware tienen peores resultados en el parto en comparaci\u00f3n con otros grupos demogr\u00e1ficos, lo que provoca una disparidad en las tasas de mortalidad infantil. Durante el periodo 2012-2016, las mujeres negras no hispanas ten\u00edan aproximadamente dos veces y media m\u00e1s probabilidades que las mujeres blancas de sufrir una muerte fetal o infantil (20,4 muertes\/1.000 nacimientos frente a 8,2 muertes\/1.000 nacimientos). En los \u00faltimos a\u00f1os, el proyecto ha explorado los factores de riesgo asociados a la salud materna, la prematuridad y el bajo peso al nacer, con el fin de desarrollar estrategias adicionales para reducir esta disparidad. Estas estrategias a corto y largo plazo se encuentran en el informe, en el apartado Plan de Acci\u00f3n Comunitario.\nPara saber m\u00e1s sobre el marco PPOR, consulta este resumen gr\u00e1fico abreviado o puedes leer y compartir el informe completo. Y para m\u00e1s informaci\u00f3n, ponte en contacto con Joanne Craig, (610) 497-7344.\" \/>\n<meta name=\"robots\" content=\"index, follow, max-snippet:-1, max-image-preview:large, max-video-preview:-1\" \/>\n<link rel=\"canonical\" href=\"https:\/\/delcofoundation.org\/es\/programas-comunitarios\/nuestras-iniciativas\/periodos-perinatales-de-riesgo\/\" \/>\n<meta property=\"og:locale\" content=\"es_ES\" \/>\n<meta property=\"og:type\" content=\"article\" \/>\n<meta property=\"og:title\" content=\"Per\u00edodos perinatales de riesgo - The Foundation for Delaware County\" \/>\n<meta property=\"og:url\" content=\"https:\/\/delcofoundation.org\/es\/programas-comunitarios\/nuestras-iniciativas\/periodos-perinatales-de-riesgo\/\" \/>\n<meta property=\"og:site_name\" content=\"The Foundation for Delaware County\" \/>\n<meta property=\"article:modified_time\" content=\"2024-06-20T19:03:05+00:00\" \/>\n<meta property=\"og:image\" content=\"https:\/\/delcofoundation.org\/app\/uploads\/2021\/10\/320_FDC-Annual-21-e1631905307293.jpg\" \/>\n\t<meta property=\"og:image:width\" content=\"1950\" \/>\n\t<meta property=\"og:image:height\" content=\"1150\" \/>\n\t<meta property=\"og:image:type\" content=\"image\/jpeg\" \/>\n<meta name=\"twitter:card\" content=\"summary_large_image\" \/>\n<script type=\"application\/ld+json\" class=\"yoast-schema-graph\">{\"@context\":\"https:\/\/schema.org\",\"@graph\":[{\"@type\":\"WebPage\",\"@id\":\"https:\/\/delcofoundation.org\/es\/programas-comunitarios\/nuestras-iniciativas\/periodos-perinatales-de-riesgo\/\",\"url\":\"https:\/\/delcofoundation.org\/es\/programas-comunitarios\/nuestras-iniciativas\/periodos-perinatales-de-riesgo\/\",\"name\":\"Per\u00edodos perinatales de riesgo - The Foundation for Delaware County\",\"isPartOf\":{\"@id\":\"https:\/\/delcofoundation.org\/es\/#website\"},\"datePublished\":\"2021-09-22T14:42:56+00:00\",\"dateModified\":\"2024-06-20T19:03:05+00:00\",\"breadcrumb\":{\"@id\":\"https:\/\/delcofoundation.org\/es\/programas-comunitarios\/nuestras-iniciativas\/periodos-perinatales-de-riesgo\/#breadcrumb\"},\"inLanguage\":\"es-ES\",\"potentialAction\":[{\"@type\":\"ReadAction\",\"target\":[\"https:\/\/delcofoundation.org\/es\/programas-comunitarios\/nuestras-iniciativas\/periodos-perinatales-de-riesgo\/\"]}]},{\"@type\":\"BreadcrumbList\",\"@id\":\"https:\/\/delcofoundation.org\/es\/programas-comunitarios\/nuestras-iniciativas\/periodos-perinatales-de-riesgo\/#breadcrumb\",\"itemListElement\":[{\"@type\":\"ListItem\",\"position\":1,\"name\":\"Home\",\"item\":\"https:\/\/delcofoundation.org\/es\/\"},{\"@type\":\"ListItem\",\"position\":2,\"name\":\"Programas comunitarios\",\"item\":\"https:\/\/delcofoundation.org\/es\/programas-comunitarios\/\"},{\"@type\":\"ListItem\",\"position\":3,\"name\":\"Nuestras iniciativas\",\"item\":\"https:\/\/delcofoundation.org\/es\/programas-comunitarios\/nuestras-iniciativas\/\"},{\"@type\":\"ListItem\",\"position\":4,\"name\":\"Per\u00edodos perinatales de riesgo\"}]},{\"@type\":\"WebSite\",\"@id\":\"https:\/\/delcofoundation.org\/es\/#website\",\"url\":\"https:\/\/delcofoundation.org\/es\/\",\"name\":\"The Foundation for Delaware County\",\"description\":\"\",\"publisher\":{\"@id\":\"https:\/\/delcofoundation.org\/es\/#organization\"},\"potentialAction\":[{\"@type\":\"SearchAction\",\"target\":{\"@type\":\"EntryPoint\",\"urlTemplate\":\"https:\/\/delcofoundation.org\/es\/?s={search_term_string}\"},\"query-input\":{\"@type\":\"PropertyValueSpecification\",\"valueRequired\":true,\"valueName\":\"search_term_string\"}}],\"inLanguage\":\"es-ES\"},{\"@type\":\"Organization\",\"@id\":\"https:\/\/delcofoundation.org\/es\/#organization\",\"name\":\"The Foundation for Delaware County\",\"url\":\"https:\/\/delcofoundation.org\/es\/\",\"logo\":{\"@type\":\"ImageObject\",\"inLanguage\":\"es-ES\",\"@id\":\"https:\/\/delcofoundation.org\/es\/#\/schema\/logo\/image\/\",\"url\":\"\",\"contentUrl\":\"\",\"caption\":\"The Foundation for Delaware County\"},\"image\":{\"@id\":\"https:\/\/delcofoundation.org\/es\/#\/schema\/logo\/image\/\"}}]}<\/script>\n<!-- \/ Yoast SEO plugin. -->","yoast_head_json":{"title":"Per\u00edodos perinatales de riesgo - The Foundation for Delaware County","description":"El objetivo del proyecto PPOR era recopilar datos y revisar las muertes fetales y de lactantes para comprender mejor por qu\u00e9 los lactantes mueren durante determinados periodos de riesgo. El proyecto ha examinado ya dos conjuntos de datos del condado de Delaware y seguir\u00e1 supervisando los resultados de los nacimientos en nuestra regi\u00f3n utilizando este marco.\nLas categor\u00edas consideradas periodos de riesgo son: salud materna y prematuridad, cuidados maternos, cuidados neonatales y salud infantil. En el condado de Delaware se produjeron 13,9 muertes por cada 1.000 nacimientos en 2012-2016, una tasa superior a la de los condados a circundantes y un ligero aumento respecto al conjunto de datos de los cinco a\u00f1os anteriores. La mayor\u00eda de estas muertes est\u00e1n relacionadas con factores de riesgo de la categor\u00eda de salud materna y prematuridad.\nEl proyecto se centr\u00f3 en determinar por qu\u00e9 las mujeres negras no hispanas del condado de Delaware tienen peores resultados en el parto en comparaci\u00f3n con otros grupos demogr\u00e1ficos, lo que provoca una disparidad en las tasas de mortalidad infantil. Durante el periodo 2012-2016, las mujeres negras no hispanas ten\u00edan aproximadamente dos veces y media m\u00e1s probabilidades que las mujeres blancas de sufrir una muerte fetal o infantil (20,4 muertes\/1.000 nacimientos frente a 8,2 muertes\/1.000 nacimientos). En los \u00faltimos a\u00f1os, el proyecto ha explorado los factores de riesgo asociados a la salud materna, la prematuridad y el bajo peso al nacer, con el fin de desarrollar estrategias adicionales para reducir esta disparidad. Estas estrategias a corto y largo plazo se encuentran en el informe, en el apartado Plan de Acci\u00f3n Comunitario.\nPara saber m\u00e1s sobre el marco PPOR, consulta este resumen gr\u00e1fico abreviado o puedes leer y compartir el informe completo. Y para m\u00e1s informaci\u00f3n, ponte en contacto con Joanne Craig, (610) 497-7344.","robots":{"index":"index","follow":"follow","max-snippet":"max-snippet:-1","max-image-preview":"max-image-preview:large","max-video-preview":"max-video-preview:-1"},"canonical":"https:\/\/delcofoundation.org\/es\/programas-comunitarios\/nuestras-iniciativas\/periodos-perinatales-de-riesgo\/","og_locale":"es_ES","og_type":"article","og_title":"Per\u00edodos perinatales de riesgo - The Foundation for Delaware County","og_url":"https:\/\/delcofoundation.org\/es\/programas-comunitarios\/nuestras-iniciativas\/periodos-perinatales-de-riesgo\/","og_site_name":"The Foundation for Delaware County","article_modified_time":"2024-06-20T19:03:05+00:00","og_image":[{"width":1950,"height":1150,"url":"https:\/\/delcofoundation.org\/app\/uploads\/2021\/10\/320_FDC-Annual-21-e1631905307293.jpg","type":"image\/jpeg"}],"twitter_card":"summary_large_image","schema":{"@context":"https:\/\/schema.org","@graph":[{"@type":"WebPage","@id":"https:\/\/delcofoundation.org\/es\/programas-comunitarios\/nuestras-iniciativas\/periodos-perinatales-de-riesgo\/","url":"https:\/\/delcofoundation.org\/es\/programas-comunitarios\/nuestras-iniciativas\/periodos-perinatales-de-riesgo\/","name":"Per\u00edodos perinatales de riesgo - The Foundation for Delaware County","isPartOf":{"@id":"https:\/\/delcofoundation.org\/es\/#website"},"datePublished":"2021-09-22T14:42:56+00:00","dateModified":"2024-06-20T19:03:05+00:00","breadcrumb":{"@id":"https:\/\/delcofoundation.org\/es\/programas-comunitarios\/nuestras-iniciativas\/periodos-perinatales-de-riesgo\/#breadcrumb"},"inLanguage":"es-ES","potentialAction":[{"@type":"ReadAction","target":["https:\/\/delcofoundation.org\/es\/programas-comunitarios\/nuestras-iniciativas\/periodos-perinatales-de-riesgo\/"]}]},{"@type":"BreadcrumbList","@id":"https:\/\/delcofoundation.org\/es\/programas-comunitarios\/nuestras-iniciativas\/periodos-perinatales-de-riesgo\/#breadcrumb","itemListElement":[{"@type":"ListItem","position":1,"name":"Home","item":"https:\/\/delcofoundation.org\/es\/"},{"@type":"ListItem","position":2,"name":"Programas comunitarios","item":"https:\/\/delcofoundation.org\/es\/programas-comunitarios\/"},{"@type":"ListItem","position":3,"name":"Nuestras iniciativas","item":"https:\/\/delcofoundation.org\/es\/programas-comunitarios\/nuestras-iniciativas\/"},{"@type":"ListItem","position":4,"name":"Per\u00edodos perinatales de riesgo"}]},{"@type":"WebSite","@id":"https:\/\/delcofoundation.org\/es\/#website","url":"https:\/\/delcofoundation.org\/es\/","name":"The Foundation for Delaware County","description":"","publisher":{"@id":"https:\/\/delcofoundation.org\/es\/#organization"},"potentialAction":[{"@type":"SearchAction","target":{"@type":"EntryPoint","urlTemplate":"https:\/\/delcofoundation.org\/es\/?s={search_term_string}"},"query-input":{"@type":"PropertyValueSpecification","valueRequired":true,"valueName":"search_term_string"}}],"inLanguage":"es-ES"},{"@type":"Organization","@id":"https:\/\/delcofoundation.org\/es\/#organization","name":"The Foundation for Delaware County","url":"https:\/\/delcofoundation.org\/es\/","logo":{"@type":"ImageObject","inLanguage":"es-ES","@id":"https:\/\/delcofoundation.org\/es\/#\/schema\/logo\/image\/","url":"","contentUrl":"","caption":"The Foundation for Delaware County"},"image":{"@id":"https:\/\/delcofoundation.org\/es\/#\/schema\/logo\/image\/"}}]}},"_links":{"self":[{"href":"https:\/\/delcofoundation.org\/es\/wp-json\/wp\/v2\/pages\/5610","targetHints":{"allow":["GET"]}}],"collection":[{"href":"https:\/\/delcofoundation.org\/es\/wp-json\/wp\/v2\/pages"}],"about":[{"href":"https:\/\/delcofoundation.org\/es\/wp-json\/wp\/v2\/types\/page"}],"author":[{"embeddable":true,"href":"https:\/\/delcofoundation.org\/es\/wp-json\/wp\/v2\/users\/5"}],"replies":[{"embeddable":true,"href":"https:\/\/delcofoundation.org\/es\/wp-json\/wp\/v2\/comments?post=5610"}],"version-history":[{"count":1,"href":"https:\/\/delcofoundation.org\/es\/wp-json\/wp\/v2\/pages\/5610\/revisions"}],"predecessor-version":[{"id":6169,"href":"https:\/\/delcofoundation.org\/es\/wp-json\/wp\/v2\/pages\/5610\/revisions\/6169"}],"up":[{"embeddable":true,"href":"https:\/\/delcofoundation.org\/es\/wp-json\/wp\/v2\/pages\/5179"}],"wp:attachment":[{"href":"https:\/\/delcofoundation.org\/es\/wp-json\/wp\/v2\/media?parent=5610"}],"curies":[{"name":"wp","href":"https:\/\/api.w.org\/{rel}","templated":true}]}}