{"id":5609,"date":"2021-09-15T21:48:44","date_gmt":"2021-09-15T21:48:44","guid":{"rendered":"https:\/\/delcofoundation.org\/voluntario\/"},"modified":"2024-06-20T19:02:21","modified_gmt":"2024-06-20T19:02:21","slug":"voluntario","status":"publish","type":"page","link":"https:\/\/delcofoundation.org\/es\/voluntario\/","title":{"rendered":"Voluntario"},"content":{"rendered":"","protected":false},"excerpt":{"rendered":"","protected":false},"author":5,"featured_media":0,"parent":0,"menu_order":0,"comment_status":"closed","ping_status":"closed","template":"page-templates\/content-modules.php","meta":{"_acf_changed":false,"inline_featured_image":false,"footnotes":""},"class_list":["post-5609","page","type-page","status-publish","hentry"],"acf":[],"yoast_head":"<!-- This site is optimized with the Yoast SEO plugin v26.7 - https:\/\/yoast.com\/wordpress\/plugins\/seo\/ -->\n<title>Voluntario - The Foundation for Delaware County<\/title>\n<meta name=\"description\" content=\"Los voluntarios del condado de Delaware importan. Dependiendo de tus intereses y horarios, hay muchas formas de marcar la diferencia. Por ejemplo, puedes colaborar en un acto como la Noche de las Chicas.\nEn el condado de Delaware hay muchas organizaciones sin \u00e1nimo de lucro que merecen la pena y que necesitan tu ayuda como voluntario. Visita nuestra lista de organizaciones subvencionadas para saber m\u00e1s sobre ellas y luego haz clic para ver si buscan voluntarios ahora.\nEl Cuerpo de Ciudadanos del cond ado de Delaware siempre est\u00e1 buscando voluntarios para la preparaci\u00f3n ante emergencias y para aumentar el personal de primera intervenci\u00f3n y de gesti\u00f3n de emergencias existente en momentos de una emergencia o cat\u00e1strofe grave en el condado de Delaware o sus alrededores.\nImpl\u00edcate en tu comunidad del condado de Delaware.\" \/>\n<meta name=\"robots\" content=\"index, follow, max-snippet:-1, max-image-preview:large, max-video-preview:-1\" \/>\n<link rel=\"canonical\" href=\"https:\/\/delcofoundation.org\/es\/voluntario\/\" \/>\n<meta property=\"og:locale\" content=\"es_ES\" \/>\n<meta property=\"og:type\" content=\"article\" \/>\n<meta property=\"og:title\" content=\"Voluntario - The Foundation for Delaware County\" \/>\n<meta property=\"og:url\" content=\"https:\/\/delcofoundation.org\/es\/voluntario\/\" \/>\n<meta property=\"og:site_name\" content=\"The Foundation for Delaware County\" \/>\n<meta property=\"article:modified_time\" content=\"2024-06-20T19:02:21+00:00\" \/>\n<meta property=\"og:image\" content=\"https:\/\/delcofoundation.org\/app\/uploads\/2021\/10\/320_FDC-Annual-21-e1631905307293.jpg\" \/>\n\t<meta property=\"og:image:width\" content=\"1950\" \/>\n\t<meta property=\"og:image:height\" content=\"1150\" \/>\n\t<meta property=\"og:image:type\" content=\"image\/jpeg\" \/>\n<meta name=\"twitter:card\" content=\"summary_large_image\" \/>\n<script type=\"application\/ld+json\" class=\"yoast-schema-graph\">{\"@context\":\"https:\/\/schema.org\",\"@graph\":[{\"@type\":\"WebPage\",\"@id\":\"https:\/\/delcofoundation.org\/es\/voluntario\/\",\"url\":\"https:\/\/delcofoundation.org\/es\/voluntario\/\",\"name\":\"Voluntario - The Foundation for Delaware County\",\"isPartOf\":{\"@id\":\"https:\/\/delcofoundation.org\/es\/#website\"},\"datePublished\":\"2021-09-15T21:48:44+00:00\",\"dateModified\":\"2024-06-20T19:02:21+00:00\",\"breadcrumb\":{\"@id\":\"https:\/\/delcofoundation.org\/es\/voluntario\/#breadcrumb\"},\"inLanguage\":\"es-ES\",\"potentialAction\":[{\"@type\":\"ReadAction\",\"target\":[\"https:\/\/delcofoundation.org\/es\/voluntario\/\"]}]},{\"@type\":\"BreadcrumbList\",\"@id\":\"https:\/\/delcofoundation.org\/es\/voluntario\/#breadcrumb\",\"itemListElement\":[{\"@type\":\"ListItem\",\"position\":1,\"name\":\"Home\",\"item\":\"https:\/\/delcofoundation.org\/es\/\"},{\"@type\":\"ListItem\",\"position\":2,\"name\":\"Voluntario\"}]},{\"@type\":\"WebSite\",\"@id\":\"https:\/\/delcofoundation.org\/es\/#website\",\"url\":\"https:\/\/delcofoundation.org\/es\/\",\"name\":\"The Foundation for Delaware County\",\"description\":\"\",\"publisher\":{\"@id\":\"https:\/\/delcofoundation.org\/es\/#organization\"},\"potentialAction\":[{\"@type\":\"SearchAction\",\"target\":{\"@type\":\"EntryPoint\",\"urlTemplate\":\"https:\/\/delcofoundation.org\/es\/?s={search_term_string}\"},\"query-input\":{\"@type\":\"PropertyValueSpecification\",\"valueRequired\":true,\"valueName\":\"search_term_string\"}}],\"inLanguage\":\"es-ES\"},{\"@type\":\"Organization\",\"@id\":\"https:\/\/delcofoundation.org\/es\/#organization\",\"name\":\"The Foundation for Delaware County\",\"url\":\"https:\/\/delcofoundation.org\/es\/\",\"logo\":{\"@type\":\"ImageObject\",\"inLanguage\":\"es-ES\",\"@id\":\"https:\/\/delcofoundation.org\/es\/#\/schema\/logo\/image\/\",\"url\":\"\",\"contentUrl\":\"\",\"caption\":\"The Foundation for Delaware County\"},\"image\":{\"@id\":\"https:\/\/delcofoundation.org\/es\/#\/schema\/logo\/image\/\"}}]}<\/script>\n<!-- \/ Yoast SEO plugin. -->","yoast_head_json":{"title":"Voluntario - The Foundation for Delaware County","description":"Los voluntarios del condado de Delaware importan. Dependiendo de tus intereses y horarios, hay muchas formas de marcar la diferencia. Por ejemplo, puedes colaborar en un acto como la Noche de las Chicas.\nEn el condado de Delaware hay muchas organizaciones sin \u00e1nimo de lucro que merecen la pena y que necesitan tu ayuda como voluntario. Visita nuestra lista de organizaciones subvencionadas para saber m\u00e1s sobre ellas y luego haz clic para ver si buscan voluntarios ahora.\nEl Cuerpo de Ciudadanos del cond ado de Delaware siempre est\u00e1 buscando voluntarios para la preparaci\u00f3n ante emergencias y para aumentar el personal de primera intervenci\u00f3n y de gesti\u00f3n de emergencias existente en momentos de una emergencia o cat\u00e1strofe grave en el condado de Delaware o sus alrededores.\nImpl\u00edcate en tu comunidad del condado de Delaware.","robots":{"index":"index","follow":"follow","max-snippet":"max-snippet:-1","max-image-preview":"max-image-preview:large","max-video-preview":"max-video-preview:-1"},"canonical":"https:\/\/delcofoundation.org\/es\/voluntario\/","og_locale":"es_ES","og_type":"article","og_title":"Voluntario - The Foundation for Delaware County","og_url":"https:\/\/delcofoundation.org\/es\/voluntario\/","og_site_name":"The Foundation for Delaware County","article_modified_time":"2024-06-20T19:02:21+00:00","og_image":[{"width":1950,"height":1150,"url":"https:\/\/delcofoundation.org\/app\/uploads\/2021\/10\/320_FDC-Annual-21-e1631905307293.jpg","type":"image\/jpeg"}],"twitter_card":"summary_large_image","schema":{"@context":"https:\/\/schema.org","@graph":[{"@type":"WebPage","@id":"https:\/\/delcofoundation.org\/es\/voluntario\/","url":"https:\/\/delcofoundation.org\/es\/voluntario\/","name":"Voluntario - The Foundation for Delaware County","isPartOf":{"@id":"https:\/\/delcofoundation.org\/es\/#website"},"datePublished":"2021-09-15T21:48:44+00:00","dateModified":"2024-06-20T19:02:21+00:00","breadcrumb":{"@id":"https:\/\/delcofoundation.org\/es\/voluntario\/#breadcrumb"},"inLanguage":"es-ES","potentialAction":[{"@type":"ReadAction","target":["https:\/\/delcofoundation.org\/es\/voluntario\/"]}]},{"@type":"BreadcrumbList","@id":"https:\/\/delcofoundation.org\/es\/voluntario\/#breadcrumb","itemListElement":[{"@type":"ListItem","position":1,"name":"Home","item":"https:\/\/delcofoundation.org\/es\/"},{"@type":"ListItem","position":2,"name":"Voluntario"}]},{"@type":"WebSite","@id":"https:\/\/delcofoundation.org\/es\/#website","url":"https:\/\/delcofoundation.org\/es\/","name":"The Foundation for Delaware County","description":"","publisher":{"@id":"https:\/\/delcofoundation.org\/es\/#organization"},"potentialAction":[{"@type":"SearchAction","target":{"@type":"EntryPoint","urlTemplate":"https:\/\/delcofoundation.org\/es\/?s={search_term_string}"},"query-input":{"@type":"PropertyValueSpecification","valueRequired":true,"valueName":"search_term_string"}}],"inLanguage":"es-ES"},{"@type":"Organization","@id":"https:\/\/delcofoundation.org\/es\/#organization","name":"The Foundation for Delaware County","url":"https:\/\/delcofoundation.org\/es\/","logo":{"@type":"ImageObject","inLanguage":"es-ES","@id":"https:\/\/delcofoundation.org\/es\/#\/schema\/logo\/image\/","url":"","contentUrl":"","caption":"The Foundation for Delaware County"},"image":{"@id":"https:\/\/delcofoundation.org\/es\/#\/schema\/logo\/image\/"}}]}},"_links":{"self":[{"href":"https:\/\/delcofoundation.org\/es\/wp-json\/wp\/v2\/pages\/5609","targetHints":{"allow":["GET"]}}],"collection":[{"href":"https:\/\/delcofoundation.org\/es\/wp-json\/wp\/v2\/pages"}],"about":[{"href":"https:\/\/delcofoundation.org\/es\/wp-json\/wp\/v2\/types\/page"}],"author":[{"embeddable":true,"href":"https:\/\/delcofoundation.org\/es\/wp-json\/wp\/v2\/users\/5"}],"replies":[{"embeddable":true,"href":"https:\/\/delcofoundation.org\/es\/wp-json\/wp\/v2\/comments?post=5609"}],"version-history":[{"count":1,"href":"https:\/\/delcofoundation.org\/es\/wp-json\/wp\/v2\/pages\/5609\/revisions"}],"predecessor-version":[{"id":6134,"href":"https:\/\/delcofoundation.org\/es\/wp-json\/wp\/v2\/pages\/5609\/revisions\/6134"}],"wp:attachment":[{"href":"https:\/\/delcofoundation.org\/es\/wp-json\/wp\/v2\/media?parent=5609"}],"curies":[{"name":"wp","href":"https:\/\/api.w.org\/{rel}","templated":true}]}}