{"id":5606,"date":"2021-10-04T14:21:45","date_gmt":"2021-10-04T14:21:45","guid":{"rendered":"https:\/\/delcofoundation.org\/quienes-somos\/informacion-financiera\/plan-estrategico-de-la-fundacion\/"},"modified":"2024-06-20T19:02:58","modified_gmt":"2024-06-20T19:02:58","slug":"plan-estrategico-de-la-fundacion","status":"publish","type":"page","link":"https:\/\/delcofoundation.org\/es\/quienes-somos\/informacion-financiera\/plan-estrategico-de-la-fundacion\/","title":{"rendered":"Plan Estrat\u00e9gico de la Fundaci\u00f3n"},"content":{"rendered":"","protected":false},"excerpt":{"rendered":"","protected":false},"author":5,"featured_media":5099,"parent":5167,"menu_order":0,"comment_status":"closed","ping_status":"closed","template":"page-templates\/content-modules.php","meta":{"_acf_changed":false,"inline_featured_image":false,"footnotes":""},"class_list":["post-5606","page","type-page","status-publish","has-post-thumbnail","hentry"],"acf":[],"yoast_head":"<!-- This site is optimized with the Yoast SEO plugin v26.7 - https:\/\/yoast.com\/wordpress\/plugins\/seo\/ -->\n<title>Plan Estrat\u00e9gico de la Fundaci\u00f3n - The Foundation for Delaware County<\/title>\n<meta name=\"description\" content=\"Estamos encantados de desvelar un nuevo plan estrat\u00e9gico que dirigir\u00e1 los esfuerzos filantr\u00f3picos de la Fundaci\u00f3n en los pr\u00f3ximos a\u00f1os. Nuestro plan estrat\u00e9gico 2023-2026 es un plan de acci\u00f3n sobre c\u00f3mo ampliaremos nuestro impacto en el condado de Delaware mediante una poderosa filantrop\u00eda.\nNuestro Consejo y Comit\u00e9 Directivo dirigieron un proceso de planificaci\u00f3n exhaustivo e integrador para analizar los puntos fuertes y las oportunidades de la Fundaci\u00f3n, y crear un plan de acci\u00f3n. Se realizaron m\u00e1s de cuarenta entrevistas, se enviaron cientos de encuestas, se celebraron grupos de discusi\u00f3n y se integraron en un plan las preocupaciones y consejos del personal, los donantes, la comunidad y los miembros de la junta directiva. Gracias a todos los que han hecho aportaciones.\nEste nuevo plan aprovechar\u00e1 nuestros recursos y experiencia para abordar los retos m\u00e1s acuciantes del condado de Delaware en colaboraci\u00f3n con nuestra comunidad. Utilizaremos el plan para orientar nuestras decisiones sobre c\u00f3mo asignar recursos -tanto humanos como financieros- para que todas las personas puedan prosperar en el condado de Delaware.\nCinco objetivos estrat\u00e9gicos dirigir\u00e1n los esfuerzos y las inversiones de la Fundaci\u00f3n para el Condado de Delaware durante los a\u00f1os 2023 &#8211; 2026. Las metas, los objetivos clave y las iniciativas estrat\u00e9gicas reflejan nuestro enorme optimismo por el condado de Delaware y el papel que prometemos desempe\u00f1ar para ayudar a prosperar a todos en nuestra comunidad.\n\nServir de catalizador unificador para el condado de Delaware\nAumentar los recursos para fortalecer el condado de Delaware\nFomentar la oportunidad y la equidad en el condado de Delaware\nAlinear todos los programas y servicios de la Fundaci\u00f3n\nInvertir en nuestra gente e infraestructuras\" \/>\n<meta name=\"robots\" content=\"index, follow, max-snippet:-1, max-image-preview:large, max-video-preview:-1\" \/>\n<link rel=\"canonical\" href=\"https:\/\/delcofoundation.org\/es\/quienes-somos\/informacion-financiera\/plan-estrategico-de-la-fundacion\/\" \/>\n<meta property=\"og:locale\" content=\"es_ES\" \/>\n<meta property=\"og:type\" content=\"article\" \/>\n<meta property=\"og:title\" content=\"Plan Estrat\u00e9gico de la Fundaci\u00f3n - The Foundation for Delaware County\" \/>\n<meta property=\"og:url\" content=\"https:\/\/delcofoundation.org\/es\/quienes-somos\/informacion-financiera\/plan-estrategico-de-la-fundacion\/\" \/>\n<meta property=\"og:site_name\" content=\"The Foundation for Delaware County\" \/>\n<meta property=\"article:modified_time\" content=\"2024-06-20T19:02:58+00:00\" \/>\n<meta property=\"og:image\" content=\"https:\/\/delcofoundation.org\/app\/uploads\/2024\/01\/2023-2026-Strategic-Plan-1080-x-1080-px-1-1024x1024.png\" \/>\n\t<meta property=\"og:image:width\" content=\"1024\" \/>\n\t<meta property=\"og:image:height\" content=\"1024\" \/>\n\t<meta property=\"og:image:type\" content=\"image\/png\" \/>\n<meta name=\"twitter:card\" content=\"summary_large_image\" \/>\n<script type=\"application\/ld+json\" class=\"yoast-schema-graph\">{\"@context\":\"https:\/\/schema.org\",\"@graph\":[{\"@type\":\"WebPage\",\"@id\":\"https:\/\/delcofoundation.org\/es\/quienes-somos\/informacion-financiera\/plan-estrategico-de-la-fundacion\/\",\"url\":\"https:\/\/delcofoundation.org\/es\/quienes-somos\/informacion-financiera\/plan-estrategico-de-la-fundacion\/\",\"name\":\"Plan Estrat\u00e9gico de la Fundaci\u00f3n - The Foundation for Delaware County\",\"isPartOf\":{\"@id\":\"https:\/\/delcofoundation.org\/es\/#website\"},\"primaryImageOfPage\":{\"@id\":\"https:\/\/delcofoundation.org\/es\/quienes-somos\/informacion-financiera\/plan-estrategico-de-la-fundacion\/#primaryimage\"},\"image\":{\"@id\":\"https:\/\/delcofoundation.org\/es\/quienes-somos\/informacion-financiera\/plan-estrategico-de-la-fundacion\/#primaryimage\"},\"thumbnailUrl\":\"https:\/\/delcofoundation.org\/app\/uploads\/2024\/01\/2023-2026-Strategic-Plan-1080-x-1080-px-1.png\",\"datePublished\":\"2021-10-04T14:21:45+00:00\",\"dateModified\":\"2024-06-20T19:02:58+00:00\",\"breadcrumb\":{\"@id\":\"https:\/\/delcofoundation.org\/es\/quienes-somos\/informacion-financiera\/plan-estrategico-de-la-fundacion\/#breadcrumb\"},\"inLanguage\":\"es-ES\",\"potentialAction\":[{\"@type\":\"ReadAction\",\"target\":[\"https:\/\/delcofoundation.org\/es\/quienes-somos\/informacion-financiera\/plan-estrategico-de-la-fundacion\/\"]}]},{\"@type\":\"ImageObject\",\"inLanguage\":\"es-ES\",\"@id\":\"https:\/\/delcofoundation.org\/es\/quienes-somos\/informacion-financiera\/plan-estrategico-de-la-fundacion\/#primaryimage\",\"url\":\"https:\/\/delcofoundation.org\/app\/uploads\/2024\/01\/2023-2026-Strategic-Plan-1080-x-1080-px-1.png\",\"contentUrl\":\"https:\/\/delcofoundation.org\/app\/uploads\/2024\/01\/2023-2026-Strategic-Plan-1080-x-1080-px-1.png\",\"width\":1080,\"height\":1080},{\"@type\":\"BreadcrumbList\",\"@id\":\"https:\/\/delcofoundation.org\/es\/quienes-somos\/informacion-financiera\/plan-estrategico-de-la-fundacion\/#breadcrumb\",\"itemListElement\":[{\"@type\":\"ListItem\",\"position\":1,\"name\":\"Home\",\"item\":\"https:\/\/delcofoundation.org\/es\/\"},{\"@type\":\"ListItem\",\"position\":2,\"name\":\"Qui\u00e9nes somos\",\"item\":\"https:\/\/delcofoundation.org\/es\/quienes-somos\/\"},{\"@type\":\"ListItem\",\"position\":3,\"name\":\"Informaci\u00f3n financiera\",\"item\":\"https:\/\/delcofoundation.org\/es\/quienes-somos\/informacion-financiera\/\"},{\"@type\":\"ListItem\",\"position\":4,\"name\":\"Plan Estrat\u00e9gico de la Fundaci\u00f3n\"}]},{\"@type\":\"WebSite\",\"@id\":\"https:\/\/delcofoundation.org\/es\/#website\",\"url\":\"https:\/\/delcofoundation.org\/es\/\",\"name\":\"The Foundation for Delaware County\",\"description\":\"\",\"publisher\":{\"@id\":\"https:\/\/delcofoundation.org\/es\/#organization\"},\"potentialAction\":[{\"@type\":\"SearchAction\",\"target\":{\"@type\":\"EntryPoint\",\"urlTemplate\":\"https:\/\/delcofoundation.org\/es\/?s={search_term_string}\"},\"query-input\":{\"@type\":\"PropertyValueSpecification\",\"valueRequired\":true,\"valueName\":\"search_term_string\"}}],\"inLanguage\":\"es-ES\"},{\"@type\":\"Organization\",\"@id\":\"https:\/\/delcofoundation.org\/es\/#organization\",\"name\":\"The Foundation for Delaware County\",\"url\":\"https:\/\/delcofoundation.org\/es\/\",\"logo\":{\"@type\":\"ImageObject\",\"inLanguage\":\"es-ES\",\"@id\":\"https:\/\/delcofoundation.org\/es\/#\/schema\/logo\/image\/\",\"url\":\"\",\"contentUrl\":\"\",\"caption\":\"The Foundation for Delaware County\"},\"image\":{\"@id\":\"https:\/\/delcofoundation.org\/es\/#\/schema\/logo\/image\/\"}}]}<\/script>\n<!-- \/ Yoast SEO plugin. -->","yoast_head_json":{"title":"Plan Estrat\u00e9gico de la Fundaci\u00f3n - The Foundation for Delaware County","description":"Estamos encantados de desvelar un nuevo plan estrat\u00e9gico que dirigir\u00e1 los esfuerzos filantr\u00f3picos de la Fundaci\u00f3n en los pr\u00f3ximos a\u00f1os. Nuestro plan estrat\u00e9gico 2023-2026 es un plan de acci\u00f3n sobre c\u00f3mo ampliaremos nuestro impacto en el condado de Delaware mediante una poderosa filantrop\u00eda.\nNuestro Consejo y Comit\u00e9 Directivo dirigieron un proceso de planificaci\u00f3n exhaustivo e integrador para analizar los puntos fuertes y las oportunidades de la Fundaci\u00f3n, y crear un plan de acci\u00f3n. Se realizaron m\u00e1s de cuarenta entrevistas, se enviaron cientos de encuestas, se celebraron grupos de discusi\u00f3n y se integraron en un plan las preocupaciones y consejos del personal, los donantes, la comunidad y los miembros de la junta directiva. Gracias a todos los que han hecho aportaciones.\nEste nuevo plan aprovechar\u00e1 nuestros recursos y experiencia para abordar los retos m\u00e1s acuciantes del condado de Delaware en colaboraci\u00f3n con nuestra comunidad. Utilizaremos el plan para orientar nuestras decisiones sobre c\u00f3mo asignar recursos -tanto humanos como financieros- para que todas las personas puedan prosperar en el condado de Delaware.\nCinco objetivos estrat\u00e9gicos dirigir\u00e1n los esfuerzos y las inversiones de la Fundaci\u00f3n para el Condado de Delaware durante los a\u00f1os 2023 &#8211; 2026. Las metas, los objetivos clave y las iniciativas estrat\u00e9gicas reflejan nuestro enorme optimismo por el condado de Delaware y el papel que prometemos desempe\u00f1ar para ayudar a prosperar a todos en nuestra comunidad.\n\nServir de catalizador unificador para el condado de Delaware\nAumentar los recursos para fortalecer el condado de Delaware\nFomentar la oportunidad y la equidad en el condado de Delaware\nAlinear todos los programas y servicios de la Fundaci\u00f3n\nInvertir en nuestra gente e infraestructuras","robots":{"index":"index","follow":"follow","max-snippet":"max-snippet:-1","max-image-preview":"max-image-preview:large","max-video-preview":"max-video-preview:-1"},"canonical":"https:\/\/delcofoundation.org\/es\/quienes-somos\/informacion-financiera\/plan-estrategico-de-la-fundacion\/","og_locale":"es_ES","og_type":"article","og_title":"Plan Estrat\u00e9gico de la Fundaci\u00f3n - The Foundation for Delaware County","og_url":"https:\/\/delcofoundation.org\/es\/quienes-somos\/informacion-financiera\/plan-estrategico-de-la-fundacion\/","og_site_name":"The Foundation for Delaware County","article_modified_time":"2024-06-20T19:02:58+00:00","og_image":[{"width":1024,"height":1024,"url":"https:\/\/delcofoundation.org\/app\/uploads\/2024\/01\/2023-2026-Strategic-Plan-1080-x-1080-px-1-1024x1024.png","type":"image\/png"}],"twitter_card":"summary_large_image","schema":{"@context":"https:\/\/schema.org","@graph":[{"@type":"WebPage","@id":"https:\/\/delcofoundation.org\/es\/quienes-somos\/informacion-financiera\/plan-estrategico-de-la-fundacion\/","url":"https:\/\/delcofoundation.org\/es\/quienes-somos\/informacion-financiera\/plan-estrategico-de-la-fundacion\/","name":"Plan Estrat\u00e9gico de la Fundaci\u00f3n - The Foundation for Delaware County","isPartOf":{"@id":"https:\/\/delcofoundation.org\/es\/#website"},"primaryImageOfPage":{"@id":"https:\/\/delcofoundation.org\/es\/quienes-somos\/informacion-financiera\/plan-estrategico-de-la-fundacion\/#primaryimage"},"image":{"@id":"https:\/\/delcofoundation.org\/es\/quienes-somos\/informacion-financiera\/plan-estrategico-de-la-fundacion\/#primaryimage"},"thumbnailUrl":"https:\/\/delcofoundation.org\/app\/uploads\/2024\/01\/2023-2026-Strategic-Plan-1080-x-1080-px-1.png","datePublished":"2021-10-04T14:21:45+00:00","dateModified":"2024-06-20T19:02:58+00:00","breadcrumb":{"@id":"https:\/\/delcofoundation.org\/es\/quienes-somos\/informacion-financiera\/plan-estrategico-de-la-fundacion\/#breadcrumb"},"inLanguage":"es-ES","potentialAction":[{"@type":"ReadAction","target":["https:\/\/delcofoundation.org\/es\/quienes-somos\/informacion-financiera\/plan-estrategico-de-la-fundacion\/"]}]},{"@type":"ImageObject","inLanguage":"es-ES","@id":"https:\/\/delcofoundation.org\/es\/quienes-somos\/informacion-financiera\/plan-estrategico-de-la-fundacion\/#primaryimage","url":"https:\/\/delcofoundation.org\/app\/uploads\/2024\/01\/2023-2026-Strategic-Plan-1080-x-1080-px-1.png","contentUrl":"https:\/\/delcofoundation.org\/app\/uploads\/2024\/01\/2023-2026-Strategic-Plan-1080-x-1080-px-1.png","width":1080,"height":1080},{"@type":"BreadcrumbList","@id":"https:\/\/delcofoundation.org\/es\/quienes-somos\/informacion-financiera\/plan-estrategico-de-la-fundacion\/#breadcrumb","itemListElement":[{"@type":"ListItem","position":1,"name":"Home","item":"https:\/\/delcofoundation.org\/es\/"},{"@type":"ListItem","position":2,"name":"Qui\u00e9nes somos","item":"https:\/\/delcofoundation.org\/es\/quienes-somos\/"},{"@type":"ListItem","position":3,"name":"Informaci\u00f3n financiera","item":"https:\/\/delcofoundation.org\/es\/quienes-somos\/informacion-financiera\/"},{"@type":"ListItem","position":4,"name":"Plan Estrat\u00e9gico de la Fundaci\u00f3n"}]},{"@type":"WebSite","@id":"https:\/\/delcofoundation.org\/es\/#website","url":"https:\/\/delcofoundation.org\/es\/","name":"The Foundation for Delaware County","description":"","publisher":{"@id":"https:\/\/delcofoundation.org\/es\/#organization"},"potentialAction":[{"@type":"SearchAction","target":{"@type":"EntryPoint","urlTemplate":"https:\/\/delcofoundation.org\/es\/?s={search_term_string}"},"query-input":{"@type":"PropertyValueSpecification","valueRequired":true,"valueName":"search_term_string"}}],"inLanguage":"es-ES"},{"@type":"Organization","@id":"https:\/\/delcofoundation.org\/es\/#organization","name":"The Foundation for Delaware County","url":"https:\/\/delcofoundation.org\/es\/","logo":{"@type":"ImageObject","inLanguage":"es-ES","@id":"https:\/\/delcofoundation.org\/es\/#\/schema\/logo\/image\/","url":"","contentUrl":"","caption":"The Foundation for Delaware County"},"image":{"@id":"https:\/\/delcofoundation.org\/es\/#\/schema\/logo\/image\/"}}]}},"_links":{"self":[{"href":"https:\/\/delcofoundation.org\/es\/wp-json\/wp\/v2\/pages\/5606","targetHints":{"allow":["GET"]}}],"collection":[{"href":"https:\/\/delcofoundation.org\/es\/wp-json\/wp\/v2\/pages"}],"about":[{"href":"https:\/\/delcofoundation.org\/es\/wp-json\/wp\/v2\/types\/page"}],"author":[{"embeddable":true,"href":"https:\/\/delcofoundation.org\/es\/wp-json\/wp\/v2\/users\/5"}],"replies":[{"embeddable":true,"href":"https:\/\/delcofoundation.org\/es\/wp-json\/wp\/v2\/comments?post=5606"}],"version-history":[{"count":1,"href":"https:\/\/delcofoundation.org\/es\/wp-json\/wp\/v2\/pages\/5606\/revisions"}],"predecessor-version":[{"id":6133,"href":"https:\/\/delcofoundation.org\/es\/wp-json\/wp\/v2\/pages\/5606\/revisions\/6133"}],"up":[{"embeddable":true,"href":"https:\/\/delcofoundation.org\/es\/wp-json\/wp\/v2\/pages\/5167"}],"wp:featuredmedia":[{"embeddable":true,"href":"https:\/\/delcofoundation.org\/es\/wp-json\/wp\/v2\/media\/5099"}],"wp:attachment":[{"href":"https:\/\/delcofoundation.org\/es\/wp-json\/wp\/v2\/media?parent=5606"}],"curies":[{"name":"wp","href":"https:\/\/api.w.org\/{rel}","templated":true}]}}