{"id":5605,"date":"2021-09-21T20:13:40","date_gmt":"2021-09-21T20:13:40","guid":{"rendered":"https:\/\/delcofoundation.org\/dar-y-aconsejar\/fondo-de-salud-publica-del-condado-de-delaware\/"},"modified":"2025-04-14T13:45:04","modified_gmt":"2025-04-14T13:45:04","slug":"fondo-de-salud-publica-del-condado-de-delaware","status":"publish","type":"page","link":"https:\/\/delcofoundation.org\/es\/dar-y-aconsejar\/fondo-de-salud-publica-del-condado-de-delaware\/","title":{"rendered":"Fondo de Salud P\u00fablica del Condado de Delaware"},"content":{"rendered":"","protected":false},"excerpt":{"rendered":"","protected":false},"author":5,"featured_media":0,"parent":5562,"menu_order":0,"comment_status":"closed","ping_status":"closed","template":"page-templates\/content-modules.php","meta":{"_acf_changed":false,"inline_featured_image":false,"footnotes":""},"class_list":["post-5605","page","type-page","status-publish","hentry"],"acf":[],"yoast_head":"<!-- This site is optimized with the Yoast SEO plugin v26.7 - https:\/\/yoast.com\/wordpress\/plugins\/seo\/ -->\n<title>Fondo de Salud P\u00fablica del Condado de Delaware - The Foundation for Delaware County<\/title>\n<meta name=\"description\" content=\"La Fundaci\u00f3n para el Condado de Delaware ha creado el Fondo de Salud P\u00fablica del Condado de Delaware para apoyar el desarrollo del nuevo Departamento de Salud P\u00fablica de nuestro condado, y para garantizar que el departamento funcione al m\u00e1s alto nivel de calidad desde el principio. Los fondos recaudados ayudar\u00e1n a financiar la puesta en marcha de programas y servicios necesarios, la creaci\u00f3n de programas piloto dise\u00f1ados para abordar problemas sanitarios cr\u00edticos, la formaci\u00f3n especializada para fomentar la equidad sanitaria, los esfuerzos para educar a los residentes del condado sobre lo que significa un departamento de salud p\u00fablica para nuestra comunidad y otros costes no cubiertos por los impuestos. La fundaci\u00f3n se enorgullece de contar con la confianza del Consejo del Condado de Delaware y de la direcci\u00f3n del personal del condado para esta asociaci\u00f3n p\u00fablico-privada de vital importancia.\nEl condado de Delaware es uno de los mayores condados del pa\u00eds, y el \u00fanico condado de la regi\u00f3n de 5 condados de Filadelfia sin departamento de salud p\u00fablica propio. Como consecuencia de ello, el condado de Delaware ha dejado de recibir financiaci\u00f3n para salud p\u00fablica del estado durante d\u00e9cadas, ha recibido servicios limitados del Departamento de Salud del estado y, cuando se produjo la pandemia de COVID-19, el condado de Delaware tuvo que recurrir al vecino condado de Chester para que le proporcionara coordinaci\u00f3n y servicios, lo que ralentiz\u00f3 la respuesta al virus. Inf\u00f3rmate sobre el esfuerzo del condado por poner en marcha su propio departamento de salud p\u00fablica.\n\u00a0\" \/>\n<meta name=\"robots\" content=\"index, follow, max-snippet:-1, max-image-preview:large, max-video-preview:-1\" \/>\n<link rel=\"canonical\" href=\"https:\/\/delcofoundation.org\/es\/dar-y-aconsejar\/fondo-de-salud-publica-del-condado-de-delaware\/\" \/>\n<meta property=\"og:locale\" content=\"es_ES\" \/>\n<meta property=\"og:type\" content=\"article\" \/>\n<meta property=\"og:title\" content=\"Fondo de Salud P\u00fablica del Condado de Delaware - The Foundation for Delaware County\" \/>\n<meta property=\"og:url\" content=\"https:\/\/delcofoundation.org\/es\/dar-y-aconsejar\/fondo-de-salud-publica-del-condado-de-delaware\/\" \/>\n<meta property=\"og:site_name\" content=\"The Foundation for Delaware County\" \/>\n<meta property=\"article:modified_time\" content=\"2025-04-14T13:45:04+00:00\" \/>\n<meta property=\"og:image\" content=\"https:\/\/delcofoundation.org\/app\/uploads\/2021\/10\/320_FDC-Annual-21-e1631905307293.jpg\" \/>\n\t<meta property=\"og:image:width\" content=\"1950\" \/>\n\t<meta property=\"og:image:height\" content=\"1150\" \/>\n\t<meta property=\"og:image:type\" content=\"image\/jpeg\" \/>\n<meta name=\"twitter:card\" content=\"summary_large_image\" \/>\n<script type=\"application\/ld+json\" class=\"yoast-schema-graph\">{\"@context\":\"https:\/\/schema.org\",\"@graph\":[{\"@type\":\"WebPage\",\"@id\":\"https:\/\/delcofoundation.org\/es\/dar-y-aconsejar\/fondo-de-salud-publica-del-condado-de-delaware\/\",\"url\":\"https:\/\/delcofoundation.org\/es\/dar-y-aconsejar\/fondo-de-salud-publica-del-condado-de-delaware\/\",\"name\":\"Fondo de Salud P\u00fablica del Condado de Delaware - The Foundation for Delaware County\",\"isPartOf\":{\"@id\":\"https:\/\/delcofoundation.org\/es\/#website\"},\"datePublished\":\"2021-09-21T20:13:40+00:00\",\"dateModified\":\"2025-04-14T13:45:04+00:00\",\"breadcrumb\":{\"@id\":\"https:\/\/delcofoundation.org\/es\/dar-y-aconsejar\/fondo-de-salud-publica-del-condado-de-delaware\/#breadcrumb\"},\"inLanguage\":\"es-ES\",\"potentialAction\":[{\"@type\":\"ReadAction\",\"target\":[\"https:\/\/delcofoundation.org\/es\/dar-y-aconsejar\/fondo-de-salud-publica-del-condado-de-delaware\/\"]}]},{\"@type\":\"BreadcrumbList\",\"@id\":\"https:\/\/delcofoundation.org\/es\/dar-y-aconsejar\/fondo-de-salud-publica-del-condado-de-delaware\/#breadcrumb\",\"itemListElement\":[{\"@type\":\"ListItem\",\"position\":1,\"name\":\"Home\",\"item\":\"https:\/\/delcofoundation.org\/es\/\"},{\"@type\":\"ListItem\",\"position\":2,\"name\":\"Dar y aconsejar\",\"item\":\"https:\/\/delcofoundation.org\/es\/dar-y-aconsejar\/\"},{\"@type\":\"ListItem\",\"position\":3,\"name\":\"Fondo de Salud P\u00fablica del Condado de Delaware\"}]},{\"@type\":\"WebSite\",\"@id\":\"https:\/\/delcofoundation.org\/es\/#website\",\"url\":\"https:\/\/delcofoundation.org\/es\/\",\"name\":\"The Foundation for Delaware County\",\"description\":\"\",\"publisher\":{\"@id\":\"https:\/\/delcofoundation.org\/es\/#organization\"},\"potentialAction\":[{\"@type\":\"SearchAction\",\"target\":{\"@type\":\"EntryPoint\",\"urlTemplate\":\"https:\/\/delcofoundation.org\/es\/?s={search_term_string}\"},\"query-input\":{\"@type\":\"PropertyValueSpecification\",\"valueRequired\":true,\"valueName\":\"search_term_string\"}}],\"inLanguage\":\"es-ES\"},{\"@type\":\"Organization\",\"@id\":\"https:\/\/delcofoundation.org\/es\/#organization\",\"name\":\"The Foundation for Delaware County\",\"url\":\"https:\/\/delcofoundation.org\/es\/\",\"logo\":{\"@type\":\"ImageObject\",\"inLanguage\":\"es-ES\",\"@id\":\"https:\/\/delcofoundation.org\/es\/#\/schema\/logo\/image\/\",\"url\":\"\",\"contentUrl\":\"\",\"caption\":\"The Foundation for Delaware County\"},\"image\":{\"@id\":\"https:\/\/delcofoundation.org\/es\/#\/schema\/logo\/image\/\"}}]}<\/script>\n<!-- \/ Yoast SEO plugin. -->","yoast_head_json":{"title":"Fondo de Salud P\u00fablica del Condado de Delaware - The Foundation for Delaware County","description":"La Fundaci\u00f3n para el Condado de Delaware ha creado el Fondo de Salud P\u00fablica del Condado de Delaware para apoyar el desarrollo del nuevo Departamento de Salud P\u00fablica de nuestro condado, y para garantizar que el departamento funcione al m\u00e1s alto nivel de calidad desde el principio. Los fondos recaudados ayudar\u00e1n a financiar la puesta en marcha de programas y servicios necesarios, la creaci\u00f3n de programas piloto dise\u00f1ados para abordar problemas sanitarios cr\u00edticos, la formaci\u00f3n especializada para fomentar la equidad sanitaria, los esfuerzos para educar a los residentes del condado sobre lo que significa un departamento de salud p\u00fablica para nuestra comunidad y otros costes no cubiertos por los impuestos. La fundaci\u00f3n se enorgullece de contar con la confianza del Consejo del Condado de Delaware y de la direcci\u00f3n del personal del condado para esta asociaci\u00f3n p\u00fablico-privada de vital importancia.\nEl condado de Delaware es uno de los mayores condados del pa\u00eds, y el \u00fanico condado de la regi\u00f3n de 5 condados de Filadelfia sin departamento de salud p\u00fablica propio. Como consecuencia de ello, el condado de Delaware ha dejado de recibir financiaci\u00f3n para salud p\u00fablica del estado durante d\u00e9cadas, ha recibido servicios limitados del Departamento de Salud del estado y, cuando se produjo la pandemia de COVID-19, el condado de Delaware tuvo que recurrir al vecino condado de Chester para que le proporcionara coordinaci\u00f3n y servicios, lo que ralentiz\u00f3 la respuesta al virus. Inf\u00f3rmate sobre el esfuerzo del condado por poner en marcha su propio departamento de salud p\u00fablica.\n\u00a0","robots":{"index":"index","follow":"follow","max-snippet":"max-snippet:-1","max-image-preview":"max-image-preview:large","max-video-preview":"max-video-preview:-1"},"canonical":"https:\/\/delcofoundation.org\/es\/dar-y-aconsejar\/fondo-de-salud-publica-del-condado-de-delaware\/","og_locale":"es_ES","og_type":"article","og_title":"Fondo de Salud P\u00fablica del Condado de Delaware - The Foundation for Delaware County","og_url":"https:\/\/delcofoundation.org\/es\/dar-y-aconsejar\/fondo-de-salud-publica-del-condado-de-delaware\/","og_site_name":"The Foundation for Delaware County","article_modified_time":"2025-04-14T13:45:04+00:00","og_image":[{"width":1950,"height":1150,"url":"https:\/\/delcofoundation.org\/app\/uploads\/2021\/10\/320_FDC-Annual-21-e1631905307293.jpg","type":"image\/jpeg"}],"twitter_card":"summary_large_image","schema":{"@context":"https:\/\/schema.org","@graph":[{"@type":"WebPage","@id":"https:\/\/delcofoundation.org\/es\/dar-y-aconsejar\/fondo-de-salud-publica-del-condado-de-delaware\/","url":"https:\/\/delcofoundation.org\/es\/dar-y-aconsejar\/fondo-de-salud-publica-del-condado-de-delaware\/","name":"Fondo de Salud P\u00fablica del Condado de Delaware - The Foundation for Delaware County","isPartOf":{"@id":"https:\/\/delcofoundation.org\/es\/#website"},"datePublished":"2021-09-21T20:13:40+00:00","dateModified":"2025-04-14T13:45:04+00:00","breadcrumb":{"@id":"https:\/\/delcofoundation.org\/es\/dar-y-aconsejar\/fondo-de-salud-publica-del-condado-de-delaware\/#breadcrumb"},"inLanguage":"es-ES","potentialAction":[{"@type":"ReadAction","target":["https:\/\/delcofoundation.org\/es\/dar-y-aconsejar\/fondo-de-salud-publica-del-condado-de-delaware\/"]}]},{"@type":"BreadcrumbList","@id":"https:\/\/delcofoundation.org\/es\/dar-y-aconsejar\/fondo-de-salud-publica-del-condado-de-delaware\/#breadcrumb","itemListElement":[{"@type":"ListItem","position":1,"name":"Home","item":"https:\/\/delcofoundation.org\/es\/"},{"@type":"ListItem","position":2,"name":"Dar y aconsejar","item":"https:\/\/delcofoundation.org\/es\/dar-y-aconsejar\/"},{"@type":"ListItem","position":3,"name":"Fondo de Salud P\u00fablica del Condado de Delaware"}]},{"@type":"WebSite","@id":"https:\/\/delcofoundation.org\/es\/#website","url":"https:\/\/delcofoundation.org\/es\/","name":"The Foundation for Delaware County","description":"","publisher":{"@id":"https:\/\/delcofoundation.org\/es\/#organization"},"potentialAction":[{"@type":"SearchAction","target":{"@type":"EntryPoint","urlTemplate":"https:\/\/delcofoundation.org\/es\/?s={search_term_string}"},"query-input":{"@type":"PropertyValueSpecification","valueRequired":true,"valueName":"search_term_string"}}],"inLanguage":"es-ES"},{"@type":"Organization","@id":"https:\/\/delcofoundation.org\/es\/#organization","name":"The Foundation for Delaware County","url":"https:\/\/delcofoundation.org\/es\/","logo":{"@type":"ImageObject","inLanguage":"es-ES","@id":"https:\/\/delcofoundation.org\/es\/#\/schema\/logo\/image\/","url":"","contentUrl":"","caption":"The Foundation for Delaware County"},"image":{"@id":"https:\/\/delcofoundation.org\/es\/#\/schema\/logo\/image\/"}}]}},"_links":{"self":[{"href":"https:\/\/delcofoundation.org\/es\/wp-json\/wp\/v2\/pages\/5605","targetHints":{"allow":["GET"]}}],"collection":[{"href":"https:\/\/delcofoundation.org\/es\/wp-json\/wp\/v2\/pages"}],"about":[{"href":"https:\/\/delcofoundation.org\/es\/wp-json\/wp\/v2\/types\/page"}],"author":[{"embeddable":true,"href":"https:\/\/delcofoundation.org\/es\/wp-json\/wp\/v2\/users\/5"}],"replies":[{"embeddable":true,"href":"https:\/\/delcofoundation.org\/es\/wp-json\/wp\/v2\/comments?post=5605"}],"version-history":[{"count":1,"href":"https:\/\/delcofoundation.org\/es\/wp-json\/wp\/v2\/pages\/5605\/revisions"}],"predecessor-version":[{"id":6167,"href":"https:\/\/delcofoundation.org\/es\/wp-json\/wp\/v2\/pages\/5605\/revisions\/6167"}],"up":[{"embeddable":true,"href":"https:\/\/delcofoundation.org\/es\/wp-json\/wp\/v2\/pages\/5562"}],"wp:attachment":[{"href":"https:\/\/delcofoundation.org\/es\/wp-json\/wp\/v2\/media?parent=5605"}],"curies":[{"name":"wp","href":"https:\/\/api.w.org\/{rel}","templated":true}]}}