{"id":5604,"date":"2021-10-11T20:16:45","date_gmt":"2021-10-11T20:16:45","guid":{"rendered":"https:\/\/delcofoundation.org\/fomento-de-las-organizaciones-sin-animo-de-lucro\/servicios-de-gestion\/academia-de-jovenes-empresarios\/"},"modified":"2024-06-20T19:03:09","modified_gmt":"2024-06-20T19:03:09","slug":"academia-de-jovenes-empresarios","status":"publish","type":"page","link":"https:\/\/delcofoundation.org\/es\/fomento-de-las-organizaciones-sin-animo-de-lucro\/servicios-de-gestion\/academia-de-jovenes-empresarios\/","title":{"rendered":"Academia de J\u00f3venes Empresarios"},"content":{"rendered":"","protected":false},"excerpt":{"rendered":"","protected":false},"author":5,"featured_media":0,"parent":5182,"menu_order":0,"comment_status":"closed","ping_status":"closed","template":"page-templates\/content-modules.php","meta":{"_acf_changed":false,"inline_featured_image":false,"footnotes":""},"class_list":["post-5604","page","type-page","status-publish","hentry"],"acf":[],"yoast_head":"<!-- This site is optimized with the Yoast SEO plugin v26.7 - https:\/\/yoast.com\/wordpress\/plugins\/seo\/ -->\n<title>Academia de J\u00f3venes Empresarios - The Foundation for Delaware County<\/title>\n<meta name=\"description\" content=\"YEA! ense\u00f1a a los estudiantes a convertirse en empresarios ofreci\u00e9ndoles la oportunidad de redactar un plan de empresa, trabajar con un mentor, dirigirse a posibles inversores, obtener financiaci\u00f3n inicial y lanzar su empresa REAL o una organizaci\u00f3n sin \u00e1nimo de lucro.\nYEA! se fund\u00f3 en 2004 y se desarroll\u00f3 en la Universidad de Rochester con el apoyo de una subvenci\u00f3n de la Fundaci\u00f3n Kauffman. YEA! se introdujo en la comunidad del Gran Filadelfia en 2013 y ha concedido 42.000 $ en fondos de puesta en marcha para ayudar a 100 estudiantes a lanzar 70 empresas en el valle del Delaware.\nComo patrocinador fiscal, la fundaci\u00f3n proporciona servicios administrativos y supervisi\u00f3n financiera para las actividades de \u00a1YEA!\n\u00bfPor qu\u00e9 elegir el patrocinio fiscal?\nA menudo recurren al patrocinio fiscal las organizaciones sin \u00e1nimo de lucro de nueva creaci\u00f3n que necesitan recaudar dinero durante la fase inicial, antes de que Hacienda las reconozca como exentas de impuestos. Utilizar un patrocinador fiscal permite a un programa u organizaci\u00f3n que no est\u00e1 exento de impuestos atraer fondos para sus operaciones que, a trav\u00e9s del patrocinador fiscal, ser\u00e1n deducibles de impuestos para los donantes.\nAlgunas organizaciones -incluidas las exentas de impuestos- consideran que recurrir a un patrocinador fiscal para externalizar las responsabilidades administrativas, ya sean tareas administrativas o relacionadas con la recaudaci\u00f3n y el desembolso de fondos, es el modelo empresarial adecuado para ellas. Esta estructura puede ser especialmente adecuada para las organizaciones totalmente voluntarias.\nPara obtener m\u00e1s informaci\u00f3n sobre el uso de la fundaci\u00f3n para el patrocinio fiscal, ponte en contacto con: Laura DeFlavia.\" \/>\n<meta name=\"robots\" content=\"index, follow, max-snippet:-1, max-image-preview:large, max-video-preview:-1\" \/>\n<link rel=\"canonical\" href=\"https:\/\/delcofoundation.org\/es\/fomento-de-las-organizaciones-sin-animo-de-lucro\/servicios-de-gestion\/academia-de-jovenes-empresarios\/\" \/>\n<meta property=\"og:locale\" content=\"es_ES\" \/>\n<meta property=\"og:type\" content=\"article\" \/>\n<meta property=\"og:title\" content=\"Academia de J\u00f3venes Empresarios - The Foundation for Delaware County\" \/>\n<meta property=\"og:url\" content=\"https:\/\/delcofoundation.org\/es\/fomento-de-las-organizaciones-sin-animo-de-lucro\/servicios-de-gestion\/academia-de-jovenes-empresarios\/\" \/>\n<meta property=\"og:site_name\" content=\"The Foundation for Delaware County\" \/>\n<meta property=\"article:modified_time\" content=\"2024-06-20T19:03:09+00:00\" \/>\n<meta property=\"og:image\" content=\"https:\/\/delcofoundation.org\/app\/uploads\/2021\/10\/320_FDC-Annual-21-e1631905307293.jpg\" \/>\n\t<meta property=\"og:image:width\" content=\"1950\" \/>\n\t<meta property=\"og:image:height\" content=\"1150\" \/>\n\t<meta property=\"og:image:type\" content=\"image\/jpeg\" \/>\n<meta name=\"twitter:card\" content=\"summary_large_image\" \/>\n<script type=\"application\/ld+json\" class=\"yoast-schema-graph\">{\"@context\":\"https:\/\/schema.org\",\"@graph\":[{\"@type\":\"WebPage\",\"@id\":\"https:\/\/delcofoundation.org\/es\/fomento-de-las-organizaciones-sin-animo-de-lucro\/servicios-de-gestion\/academia-de-jovenes-empresarios\/\",\"url\":\"https:\/\/delcofoundation.org\/es\/fomento-de-las-organizaciones-sin-animo-de-lucro\/servicios-de-gestion\/academia-de-jovenes-empresarios\/\",\"name\":\"Academia de J\u00f3venes Empresarios - The Foundation for Delaware County\",\"isPartOf\":{\"@id\":\"https:\/\/delcofoundation.org\/es\/#website\"},\"datePublished\":\"2021-10-11T20:16:45+00:00\",\"dateModified\":\"2024-06-20T19:03:09+00:00\",\"breadcrumb\":{\"@id\":\"https:\/\/delcofoundation.org\/es\/fomento-de-las-organizaciones-sin-animo-de-lucro\/servicios-de-gestion\/academia-de-jovenes-empresarios\/#breadcrumb\"},\"inLanguage\":\"es-ES\",\"potentialAction\":[{\"@type\":\"ReadAction\",\"target\":[\"https:\/\/delcofoundation.org\/es\/fomento-de-las-organizaciones-sin-animo-de-lucro\/servicios-de-gestion\/academia-de-jovenes-empresarios\/\"]}]},{\"@type\":\"BreadcrumbList\",\"@id\":\"https:\/\/delcofoundation.org\/es\/fomento-de-las-organizaciones-sin-animo-de-lucro\/servicios-de-gestion\/academia-de-jovenes-empresarios\/#breadcrumb\",\"itemListElement\":[{\"@type\":\"ListItem\",\"position\":1,\"name\":\"Home\",\"item\":\"https:\/\/delcofoundation.org\/es\/\"},{\"@type\":\"ListItem\",\"position\":2,\"name\":\"Fomento de las organizaciones sin \u00e1nimo de lucro\",\"item\":\"https:\/\/delcofoundation.org\/es\/fomento-de-las-organizaciones-sin-animo-de-lucro\/\"},{\"@type\":\"ListItem\",\"position\":3,\"name\":\"Servicios de Gesti\u00f3n\",\"item\":\"https:\/\/delcofoundation.org\/es\/fomento-de-las-organizaciones-sin-animo-de-lucro\/servicios-de-gestion\/\"},{\"@type\":\"ListItem\",\"position\":4,\"name\":\"Academia de J\u00f3venes Empresarios\"}]},{\"@type\":\"WebSite\",\"@id\":\"https:\/\/delcofoundation.org\/es\/#website\",\"url\":\"https:\/\/delcofoundation.org\/es\/\",\"name\":\"The Foundation for Delaware County\",\"description\":\"\",\"publisher\":{\"@id\":\"https:\/\/delcofoundation.org\/es\/#organization\"},\"potentialAction\":[{\"@type\":\"SearchAction\",\"target\":{\"@type\":\"EntryPoint\",\"urlTemplate\":\"https:\/\/delcofoundation.org\/es\/?s={search_term_string}\"},\"query-input\":{\"@type\":\"PropertyValueSpecification\",\"valueRequired\":true,\"valueName\":\"search_term_string\"}}],\"inLanguage\":\"es-ES\"},{\"@type\":\"Organization\",\"@id\":\"https:\/\/delcofoundation.org\/es\/#organization\",\"name\":\"The Foundation for Delaware County\",\"url\":\"https:\/\/delcofoundation.org\/es\/\",\"logo\":{\"@type\":\"ImageObject\",\"inLanguage\":\"es-ES\",\"@id\":\"https:\/\/delcofoundation.org\/es\/#\/schema\/logo\/image\/\",\"url\":\"\",\"contentUrl\":\"\",\"caption\":\"The Foundation for Delaware County\"},\"image\":{\"@id\":\"https:\/\/delcofoundation.org\/es\/#\/schema\/logo\/image\/\"}}]}<\/script>\n<!-- \/ Yoast SEO plugin. -->","yoast_head_json":{"title":"Academia de J\u00f3venes Empresarios - The Foundation for Delaware County","description":"YEA! ense\u00f1a a los estudiantes a convertirse en empresarios ofreci\u00e9ndoles la oportunidad de redactar un plan de empresa, trabajar con un mentor, dirigirse a posibles inversores, obtener financiaci\u00f3n inicial y lanzar su empresa REAL o una organizaci\u00f3n sin \u00e1nimo de lucro.\nYEA! se fund\u00f3 en 2004 y se desarroll\u00f3 en la Universidad de Rochester con el apoyo de una subvenci\u00f3n de la Fundaci\u00f3n Kauffman. YEA! se introdujo en la comunidad del Gran Filadelfia en 2013 y ha concedido 42.000 $ en fondos de puesta en marcha para ayudar a 100 estudiantes a lanzar 70 empresas en el valle del Delaware.\nComo patrocinador fiscal, la fundaci\u00f3n proporciona servicios administrativos y supervisi\u00f3n financiera para las actividades de \u00a1YEA!\n\u00bfPor qu\u00e9 elegir el patrocinio fiscal?\nA menudo recurren al patrocinio fiscal las organizaciones sin \u00e1nimo de lucro de nueva creaci\u00f3n que necesitan recaudar dinero durante la fase inicial, antes de que Hacienda las reconozca como exentas de impuestos. Utilizar un patrocinador fiscal permite a un programa u organizaci\u00f3n que no est\u00e1 exento de impuestos atraer fondos para sus operaciones que, a trav\u00e9s del patrocinador fiscal, ser\u00e1n deducibles de impuestos para los donantes.\nAlgunas organizaciones -incluidas las exentas de impuestos- consideran que recurrir a un patrocinador fiscal para externalizar las responsabilidades administrativas, ya sean tareas administrativas o relacionadas con la recaudaci\u00f3n y el desembolso de fondos, es el modelo empresarial adecuado para ellas. Esta estructura puede ser especialmente adecuada para las organizaciones totalmente voluntarias.\nPara obtener m\u00e1s informaci\u00f3n sobre el uso de la fundaci\u00f3n para el patrocinio fiscal, ponte en contacto con: Laura DeFlavia.","robots":{"index":"index","follow":"follow","max-snippet":"max-snippet:-1","max-image-preview":"max-image-preview:large","max-video-preview":"max-video-preview:-1"},"canonical":"https:\/\/delcofoundation.org\/es\/fomento-de-las-organizaciones-sin-animo-de-lucro\/servicios-de-gestion\/academia-de-jovenes-empresarios\/","og_locale":"es_ES","og_type":"article","og_title":"Academia de J\u00f3venes Empresarios - The Foundation for Delaware County","og_url":"https:\/\/delcofoundation.org\/es\/fomento-de-las-organizaciones-sin-animo-de-lucro\/servicios-de-gestion\/academia-de-jovenes-empresarios\/","og_site_name":"The Foundation for Delaware County","article_modified_time":"2024-06-20T19:03:09+00:00","og_image":[{"width":1950,"height":1150,"url":"https:\/\/delcofoundation.org\/app\/uploads\/2021\/10\/320_FDC-Annual-21-e1631905307293.jpg","type":"image\/jpeg"}],"twitter_card":"summary_large_image","schema":{"@context":"https:\/\/schema.org","@graph":[{"@type":"WebPage","@id":"https:\/\/delcofoundation.org\/es\/fomento-de-las-organizaciones-sin-animo-de-lucro\/servicios-de-gestion\/academia-de-jovenes-empresarios\/","url":"https:\/\/delcofoundation.org\/es\/fomento-de-las-organizaciones-sin-animo-de-lucro\/servicios-de-gestion\/academia-de-jovenes-empresarios\/","name":"Academia de J\u00f3venes Empresarios - The Foundation for Delaware County","isPartOf":{"@id":"https:\/\/delcofoundation.org\/es\/#website"},"datePublished":"2021-10-11T20:16:45+00:00","dateModified":"2024-06-20T19:03:09+00:00","breadcrumb":{"@id":"https:\/\/delcofoundation.org\/es\/fomento-de-las-organizaciones-sin-animo-de-lucro\/servicios-de-gestion\/academia-de-jovenes-empresarios\/#breadcrumb"},"inLanguage":"es-ES","potentialAction":[{"@type":"ReadAction","target":["https:\/\/delcofoundation.org\/es\/fomento-de-las-organizaciones-sin-animo-de-lucro\/servicios-de-gestion\/academia-de-jovenes-empresarios\/"]}]},{"@type":"BreadcrumbList","@id":"https:\/\/delcofoundation.org\/es\/fomento-de-las-organizaciones-sin-animo-de-lucro\/servicios-de-gestion\/academia-de-jovenes-empresarios\/#breadcrumb","itemListElement":[{"@type":"ListItem","position":1,"name":"Home","item":"https:\/\/delcofoundation.org\/es\/"},{"@type":"ListItem","position":2,"name":"Fomento de las organizaciones sin \u00e1nimo de lucro","item":"https:\/\/delcofoundation.org\/es\/fomento-de-las-organizaciones-sin-animo-de-lucro\/"},{"@type":"ListItem","position":3,"name":"Servicios de Gesti\u00f3n","item":"https:\/\/delcofoundation.org\/es\/fomento-de-las-organizaciones-sin-animo-de-lucro\/servicios-de-gestion\/"},{"@type":"ListItem","position":4,"name":"Academia de J\u00f3venes Empresarios"}]},{"@type":"WebSite","@id":"https:\/\/delcofoundation.org\/es\/#website","url":"https:\/\/delcofoundation.org\/es\/","name":"The Foundation for Delaware County","description":"","publisher":{"@id":"https:\/\/delcofoundation.org\/es\/#organization"},"potentialAction":[{"@type":"SearchAction","target":{"@type":"EntryPoint","urlTemplate":"https:\/\/delcofoundation.org\/es\/?s={search_term_string}"},"query-input":{"@type":"PropertyValueSpecification","valueRequired":true,"valueName":"search_term_string"}}],"inLanguage":"es-ES"},{"@type":"Organization","@id":"https:\/\/delcofoundation.org\/es\/#organization","name":"The Foundation for Delaware County","url":"https:\/\/delcofoundation.org\/es\/","logo":{"@type":"ImageObject","inLanguage":"es-ES","@id":"https:\/\/delcofoundation.org\/es\/#\/schema\/logo\/image\/","url":"","contentUrl":"","caption":"The Foundation for Delaware County"},"image":{"@id":"https:\/\/delcofoundation.org\/es\/#\/schema\/logo\/image\/"}}]}},"_links":{"self":[{"href":"https:\/\/delcofoundation.org\/es\/wp-json\/wp\/v2\/pages\/5604","targetHints":{"allow":["GET"]}}],"collection":[{"href":"https:\/\/delcofoundation.org\/es\/wp-json\/wp\/v2\/pages"}],"about":[{"href":"https:\/\/delcofoundation.org\/es\/wp-json\/wp\/v2\/types\/page"}],"author":[{"embeddable":true,"href":"https:\/\/delcofoundation.org\/es\/wp-json\/wp\/v2\/users\/5"}],"replies":[{"embeddable":true,"href":"https:\/\/delcofoundation.org\/es\/wp-json\/wp\/v2\/comments?post=5604"}],"version-history":[{"count":1,"href":"https:\/\/delcofoundation.org\/es\/wp-json\/wp\/v2\/pages\/5604\/revisions"}],"predecessor-version":[{"id":6189,"href":"https:\/\/delcofoundation.org\/es\/wp-json\/wp\/v2\/pages\/5604\/revisions\/6189"}],"up":[{"embeddable":true,"href":"https:\/\/delcofoundation.org\/es\/wp-json\/wp\/v2\/pages\/5182"}],"wp:attachment":[{"href":"https:\/\/delcofoundation.org\/es\/wp-json\/wp\/v2\/media?parent=5604"}],"curies":[{"name":"wp","href":"https:\/\/api.w.org\/{rel}","templated":true}]}}