{"id":5601,"date":"2021-12-06T16:52:50","date_gmt":"2021-12-06T16:52:50","guid":{"rendered":"https:\/\/delcofoundation.org\/colaboracion-para-el-aprendizaje-de-delco-communications\/"},"modified":"2024-06-20T19:03:05","modified_gmt":"2024-06-20T19:03:05","slug":"colaboracion-para-el-aprendizaje-de-delco-communications","status":"publish","type":"page","link":"https:\/\/delcofoundation.org\/es\/colaboracion-para-el-aprendizaje-de-delco-communications\/","title":{"rendered":"Colaboraci\u00f3n para el Aprendizaje de Delco Communications"},"content":{"rendered":"<p>Gracias por tu inter\u00e9s en el programa de medios sociales de Delco Communications Learning Collaborative. Por favor, confirma tu asistencia a la reuni\u00f3n del 19 de abril a las 11:00 a.m. utilizando el siguiente formulario. Unos d\u00edas antes de la reuni\u00f3n se enviar\u00e1 un enlace de zoom y un recordatorio.<\/p>\n<p><em>Ten en cuenta que el espacio es limitado para esta reuni\u00f3n y pedimos que s\u00f3lo asista un representante por organizaci\u00f3n.<\/em><\/p>\n<p>Puedes ponerte en contacto con <a href=\"mailto:klichtenstein@delcofoundation.org\">Katy<\/a> para cualquier pregunta o duda.<\/p>\n<div class=\"frm_forms  with_frm_style frm_style_formidable-style\" id=\"frm_form_14_container\" data-token=\"8ee80d4f9e79904ee58e7457739df61f\">\n<form enctype=\"multipart\/form-data\" method=\"post\" class=\"frm-show-form  frm_pro_form \" id=\"form_communicationssupportgrouptopics2\" data-token=\"8ee80d4f9e79904ee58e7457739df61f\">\n<div class=\"frm_form_fields \">\n<fieldset>\n<legend class=\"frm_screen_reader\">Delco Communications Learning Collaborative RSVP April 19<\/legend>\r\n\r\n<div class=\"frm_fields_container\">\n<input type=\"hidden\" name=\"frm_action\" value=\"create\" \/>\n<input type=\"hidden\" name=\"form_id\" value=\"14\" \/>\n<input type=\"hidden\" name=\"frm_hide_fields_14\" id=\"frm_hide_fields_14\" value=\"\" \/>\n<input type=\"hidden\" name=\"form_key\" value=\"communicationssupportgrouptopics2\" \/>\n<input type=\"hidden\" name=\"item_meta[0]\" value=\"\" \/>\n<input type=\"hidden\" id=\"frm_submit_entry_14\" name=\"frm_submit_entry_14\" value=\"dffe8feb67\" \/><input type=\"hidden\" name=\"_wp_http_referer\" value=\"\/es\/wp-json\/wp\/v2\/pages\/5601\" \/><div id=\"frm_field_152_container\" class=\"frm_form_field form-field  frm_required_field frm_top_container\">\r\n    <label for=\"field_bhy8t2\" id=\"field_bhy8t2_label\" class=\"frm_primary_label\">First Name\r\n        <span class=\"frm_required\" aria-hidden=\"true\">*<\/span>\r\n    <\/label>\r\n    <input  type=\"text\" id=\"field_bhy8t2\" name=\"item_meta[152]\" value=\"\"  data-reqmsg=\"First Name cannot be blank.\" aria-required=\"true\" data-invmsg=\"Text is invalid\" aria-invalid=\"false\"   \/>\r\n    \r\n    \r\n<\/div>\n<div id=\"frm_field_153_container\" class=\"frm_form_field form-field  frm_required_field frm_top_container\">\r\n    <label for=\"field_hx4zg2\" id=\"field_hx4zg2_label\" class=\"frm_primary_label\">Last Name\r\n        <span class=\"frm_required\" aria-hidden=\"true\">*<\/span>\r\n    <\/label>\r\n    <input  type=\"text\" id=\"field_hx4zg2\" name=\"item_meta[153]\" value=\"\"  data-reqmsg=\"Last Name cannot be blank.\" aria-required=\"true\" data-invmsg=\"Text is invalid\" aria-invalid=\"false\"   \/>\r\n    \r\n    \r\n<\/div>\n<div id=\"frm_field_154_container\" class=\"frm_form_field form-field  frm_required_field frm_top_container\">\r\n    <label for=\"field_2mcmr2\" id=\"field_2mcmr2_label\" class=\"frm_primary_label\">Organization\r\n        <span class=\"frm_required\" aria-hidden=\"true\">*<\/span>\r\n    <\/label>\r\n    <input  type=\"text\" id=\"field_2mcmr2\" name=\"item_meta[154]\" value=\"\"  data-reqmsg=\"Organization cannot be blank.\" aria-required=\"true\" data-invmsg=\"Text is invalid\" aria-invalid=\"false\"   \/>\r\n    \r\n    \r\n<\/div>\n<div id=\"frm_field_155_container\" class=\"frm_form_field form-field  frm_required_field frm_top_container\">\r\n    <label for=\"field_g04lf2\" id=\"field_g04lf2_label\" class=\"frm_primary_label\">Title\r\n        <span class=\"frm_required\" aria-hidden=\"true\">*<\/span>\r\n    <\/label>\r\n    <input  type=\"text\" id=\"field_g04lf2\" name=\"item_meta[155]\" value=\"\"  data-reqmsg=\"Title cannot be blank.\" aria-required=\"true\" data-invmsg=\"Text is invalid\" aria-invalid=\"false\"   \/>\r\n    \r\n    \r\n<\/div>\n<div id=\"frm_field_156_container\" class=\"frm_form_field form-field  frm_required_field frm_top_container frm12 frm_first\">\r\n    <label for=\"field_pfqpe2\" id=\"field_pfqpe2_label\" class=\"frm_primary_label\">Email\r\n        <span class=\"frm_required\" aria-hidden=\"true\">*<\/span>\r\n    <\/label>\r\n    <input  type=\"text\" id=\"field_pfqpe2\" name=\"item_meta[156]\" value=\"\"  data-reqmsg=\"Email cannot be blank.\" aria-required=\"true\" data-invmsg=\"Text is invalid\" aria-invalid=\"false\"   \/>\r\n    \r\n    \r\n<\/div>\n<div id=\"frm_field_157_container\" class=\"frm_form_field form-field  frm_required_field frm_top_container frm12 frm_first vertical_radio\">\r\n    <div  id=\"field_ymrp32_label\" class=\"frm_primary_label\">I will attend the meeting on April 19 at 11:00 a.m.\r\n        <span class=\"frm_required\" aria-hidden=\"true\">*<\/span>\r\n    <\/div>\r\n    <div class=\"frm_opt_container\" aria-labelledby=\"field_ymrp32_label\" role=\"group\">\t\t<div class=\"frm_checkbox\" id=\"frm_checkbox_157-0\">\t\t\t<label  for=\"field_ymrp32-0\">\n\t\t\t<input type=\"checkbox\" name=\"item_meta[157][]\" id=\"field_ymrp32-0\" value=\"Yes\"  data-reqmsg=\"I will attend the meeting on April 19 at 11:00 a.m. cannot be blank.\" data-invmsg=\"I will attend the meeting on April 19 at 11:00 a.m. is invalid\"   aria-required=\"true\"  \/> Yes<\/label><\/div>\n\t\t<div class=\"frm_checkbox\" id=\"frm_checkbox_157-1\">\t\t\t<label  for=\"field_ymrp32-1\">\n\t\t\t<input type=\"checkbox\" name=\"item_meta[157][]\" id=\"field_ymrp32-1\" value=\"No\"  data-reqmsg=\"I will attend the meeting on April 19 at 11:00 a.m. cannot be blank.\" data-invmsg=\"I will attend the meeting on April 19 at 11:00 a.m. is invalid\"   \/> No<\/label><\/div>\n<\/div>\r\n    \r\n    \r\n<\/div>\n<div id=\"frm_field_160_container\" class=\"frm_form_field form-field  frm_top_container frm12 frm_first\">\r\n    <label for=\"field_ny00u2\" id=\"field_ny00u2_label\" class=\"frm_primary_label\">Submit a Question for Social Media Q&A\r\n        <span class=\"frm_required\" aria-hidden=\"true\"><\/span>\r\n    <\/label>\r\n    <textarea name=\"item_meta[160]\" id=\"field_ny00u2\" rows=\"5\"  data-invmsg=\"Submit a Question for Social Media Q&amp;A is invalid\" aria-invalid=\"false\"  ><\/textarea>\r\n    \r\n    \r\n<\/div>\n<div id=\"frm_field_164_container\" class=\"frm_form_field form-field  frm_top_container\">\r\n    <label for=\"field_awznq\" id=\"field_awznq_label\" class=\"frm_primary_label\">Submit Future Meeting Topics\/Comments\r\n        <span class=\"frm_required\" aria-hidden=\"true\"><\/span>\r\n    <\/label>\r\n    <textarea name=\"item_meta[164]\" id=\"field_awznq\" rows=\"5\"  data-invmsg=\"Submit Future Meeting Topics\/Comments is invalid\" aria-invalid=\"false\"  ><\/textarea>\r\n    \r\n    \r\n<\/div>\n\t<input type=\"hidden\" name=\"item_key\" value=\"\" \/>\n\t\t\t<div id=\"frm_field_777_container\">\n\t\t\t<label for=\"field_gt32m\" >\n\t\t\t\tIf you are human, leave this field blank.\t\t\t<\/label>\n\t\t\t<input  id=\"field_gt32m\" type=\"text\" class=\"frm_form_field form-field frm_verify\" name=\"item_meta[777]\" value=\"\"  \/>\n\t\t<\/div>\n\t\t<input name=\"frm_state\" type=\"hidden\" value=\"lVk\/QGqHB7l3Gz7o+woev9HdW+QvTDA+zDtkPjg+4cNUz9H7hIpE5+dyUeHdIsRt\" \/><div class=\"frm_submit\">\r\n\r\n<button class=\"frm_button_submit frm_final_submit\" type=\"submit\"  >Submit<\/button>\r\n\r\n<\/div><\/div>\n<\/fieldset>\n<\/div>\n\n<p style=\"display: none !important;\" class=\"akismet-fields-container\" data-prefix=\"ak_\"><label>&#916;<textarea name=\"ak_hp_textarea\" cols=\"45\" rows=\"8\" maxlength=\"100\"><\/textarea><\/label><input type=\"hidden\" id=\"ak_js_1\" name=\"ak_js\" value=\"191\"\/><script>document.getElementById( \"ak_js_1\" ).setAttribute( \"value\", ( new Date() ).getTime() );<\/script><\/p><\/form>\n<\/div>\n\n","protected":false},"excerpt":{"rendered":"<p>Gracias por tu inter\u00e9s en el programa de medios sociales de Delco Communications Learning Collaborative. Por favor, confirma tu asistencia a la reuni\u00f3n del 19 de abril a las 11:00 a.m. utilizando el siguiente formulario. Unos d\u00edas antes de la reuni\u00f3n se enviar\u00e1 un enlace de zoom y un recordatorio. Ten en cuenta que el&#8230;<\/p>\n","protected":false},"author":5,"featured_media":0,"parent":0,"menu_order":0,"comment_status":"closed","ping_status":"closed","template":"","meta":{"_acf_changed":false,"inline_featured_image":false,"footnotes":""},"class_list":["post-5601","page","type-page","status-publish","hentry"],"acf":[],"yoast_head":"<!-- This site is optimized with the Yoast SEO plugin v26.7 - https:\/\/yoast.com\/wordpress\/plugins\/seo\/ -->\n<title>Colaboraci\u00f3n para el Aprendizaje de Delco Communications - The Foundation for Delaware County<\/title>\n<meta name=\"robots\" content=\"index, follow, max-snippet:-1, max-image-preview:large, max-video-preview:-1\" \/>\n<link rel=\"canonical\" href=\"https:\/\/delcofoundation.org\/es\/colaboracion-para-el-aprendizaje-de-delco-communications\/\" \/>\n<meta property=\"og:locale\" content=\"es_ES\" \/>\n<meta property=\"og:type\" content=\"article\" \/>\n<meta property=\"og:title\" content=\"Colaboraci\u00f3n para el Aprendizaje de Delco Communications - The Foundation for Delaware County\" \/>\n<meta property=\"og:description\" content=\"Gracias por tu inter\u00e9s en el programa de medios sociales de Delco Communications Learning Collaborative. Por favor, confirma tu asistencia a la reuni\u00f3n del 19 de abril a las 11:00 a.m. utilizando el siguiente formulario. Unos d\u00edas antes de la reuni\u00f3n se enviar\u00e1 un enlace de zoom y un recordatorio. Ten en cuenta que el...\" \/>\n<meta property=\"og:url\" content=\"https:\/\/delcofoundation.org\/es\/colaboracion-para-el-aprendizaje-de-delco-communications\/\" \/>\n<meta property=\"og:site_name\" content=\"The Foundation for Delaware County\" \/>\n<meta property=\"article:modified_time\" content=\"2024-06-20T19:03:05+00:00\" \/>\n<meta property=\"og:image\" content=\"https:\/\/delcofoundation.org\/app\/uploads\/2021\/10\/320_FDC-Annual-21-e1631905307293.jpg\" \/>\n\t<meta property=\"og:image:width\" content=\"1950\" \/>\n\t<meta property=\"og:image:height\" content=\"1150\" \/>\n\t<meta property=\"og:image:type\" content=\"image\/jpeg\" \/>\n<meta name=\"twitter:card\" content=\"summary_large_image\" \/>\n<script type=\"application\/ld+json\" class=\"yoast-schema-graph\">{\"@context\":\"https:\/\/schema.org\",\"@graph\":[{\"@type\":\"WebPage\",\"@id\":\"https:\/\/delcofoundation.org\/es\/colaboracion-para-el-aprendizaje-de-delco-communications\/\",\"url\":\"https:\/\/delcofoundation.org\/es\/colaboracion-para-el-aprendizaje-de-delco-communications\/\",\"name\":\"Colaboraci\u00f3n para el Aprendizaje de Delco Communications - The Foundation for Delaware County\",\"isPartOf\":{\"@id\":\"https:\/\/delcofoundation.org\/es\/#website\"},\"datePublished\":\"2021-12-06T16:52:50+00:00\",\"dateModified\":\"2024-06-20T19:03:05+00:00\",\"breadcrumb\":{\"@id\":\"https:\/\/delcofoundation.org\/es\/colaboracion-para-el-aprendizaje-de-delco-communications\/#breadcrumb\"},\"inLanguage\":\"es-ES\",\"potentialAction\":[{\"@type\":\"ReadAction\",\"target\":[\"https:\/\/delcofoundation.org\/es\/colaboracion-para-el-aprendizaje-de-delco-communications\/\"]}]},{\"@type\":\"BreadcrumbList\",\"@id\":\"https:\/\/delcofoundation.org\/es\/colaboracion-para-el-aprendizaje-de-delco-communications\/#breadcrumb\",\"itemListElement\":[{\"@type\":\"ListItem\",\"position\":1,\"name\":\"Home\",\"item\":\"https:\/\/delcofoundation.org\/es\/\"},{\"@type\":\"ListItem\",\"position\":2,\"name\":\"Colaboraci\u00f3n para el Aprendizaje de Delco Communications\"}]},{\"@type\":\"WebSite\",\"@id\":\"https:\/\/delcofoundation.org\/es\/#website\",\"url\":\"https:\/\/delcofoundation.org\/es\/\",\"name\":\"The Foundation for Delaware County\",\"description\":\"\",\"publisher\":{\"@id\":\"https:\/\/delcofoundation.org\/es\/#organization\"},\"potentialAction\":[{\"@type\":\"SearchAction\",\"target\":{\"@type\":\"EntryPoint\",\"urlTemplate\":\"https:\/\/delcofoundation.org\/es\/?s={search_term_string}\"},\"query-input\":{\"@type\":\"PropertyValueSpecification\",\"valueRequired\":true,\"valueName\":\"search_term_string\"}}],\"inLanguage\":\"es-ES\"},{\"@type\":\"Organization\",\"@id\":\"https:\/\/delcofoundation.org\/es\/#organization\",\"name\":\"The Foundation for Delaware County\",\"url\":\"https:\/\/delcofoundation.org\/es\/\",\"logo\":{\"@type\":\"ImageObject\",\"inLanguage\":\"es-ES\",\"@id\":\"https:\/\/delcofoundation.org\/es\/#\/schema\/logo\/image\/\",\"url\":\"\",\"contentUrl\":\"\",\"caption\":\"The Foundation for Delaware County\"},\"image\":{\"@id\":\"https:\/\/delcofoundation.org\/es\/#\/schema\/logo\/image\/\"}}]}<\/script>\n<!-- \/ Yoast SEO plugin. -->","yoast_head_json":{"title":"Colaboraci\u00f3n para el Aprendizaje de Delco Communications - The Foundation for Delaware County","robots":{"index":"index","follow":"follow","max-snippet":"max-snippet:-1","max-image-preview":"max-image-preview:large","max-video-preview":"max-video-preview:-1"},"canonical":"https:\/\/delcofoundation.org\/es\/colaboracion-para-el-aprendizaje-de-delco-communications\/","og_locale":"es_ES","og_type":"article","og_title":"Colaboraci\u00f3n para el Aprendizaje de Delco Communications - The Foundation for Delaware County","og_description":"Gracias por tu inter\u00e9s en el programa de medios sociales de Delco Communications Learning Collaborative. Por favor, confirma tu asistencia a la reuni\u00f3n del 19 de abril a las 11:00 a.m. utilizando el siguiente formulario. Unos d\u00edas antes de la reuni\u00f3n se enviar\u00e1 un enlace de zoom y un recordatorio. Ten en cuenta que el...","og_url":"https:\/\/delcofoundation.org\/es\/colaboracion-para-el-aprendizaje-de-delco-communications\/","og_site_name":"The Foundation for Delaware County","article_modified_time":"2024-06-20T19:03:05+00:00","og_image":[{"width":1950,"height":1150,"url":"https:\/\/delcofoundation.org\/app\/uploads\/2021\/10\/320_FDC-Annual-21-e1631905307293.jpg","type":"image\/jpeg"}],"twitter_card":"summary_large_image","schema":{"@context":"https:\/\/schema.org","@graph":[{"@type":"WebPage","@id":"https:\/\/delcofoundation.org\/es\/colaboracion-para-el-aprendizaje-de-delco-communications\/","url":"https:\/\/delcofoundation.org\/es\/colaboracion-para-el-aprendizaje-de-delco-communications\/","name":"Colaboraci\u00f3n para el Aprendizaje de Delco Communications - The Foundation for Delaware County","isPartOf":{"@id":"https:\/\/delcofoundation.org\/es\/#website"},"datePublished":"2021-12-06T16:52:50+00:00","dateModified":"2024-06-20T19:03:05+00:00","breadcrumb":{"@id":"https:\/\/delcofoundation.org\/es\/colaboracion-para-el-aprendizaje-de-delco-communications\/#breadcrumb"},"inLanguage":"es-ES","potentialAction":[{"@type":"ReadAction","target":["https:\/\/delcofoundation.org\/es\/colaboracion-para-el-aprendizaje-de-delco-communications\/"]}]},{"@type":"BreadcrumbList","@id":"https:\/\/delcofoundation.org\/es\/colaboracion-para-el-aprendizaje-de-delco-communications\/#breadcrumb","itemListElement":[{"@type":"ListItem","position":1,"name":"Home","item":"https:\/\/delcofoundation.org\/es\/"},{"@type":"ListItem","position":2,"name":"Colaboraci\u00f3n para el Aprendizaje de Delco Communications"}]},{"@type":"WebSite","@id":"https:\/\/delcofoundation.org\/es\/#website","url":"https:\/\/delcofoundation.org\/es\/","name":"The Foundation for Delaware County","description":"","publisher":{"@id":"https:\/\/delcofoundation.org\/es\/#organization"},"potentialAction":[{"@type":"SearchAction","target":{"@type":"EntryPoint","urlTemplate":"https:\/\/delcofoundation.org\/es\/?s={search_term_string}"},"query-input":{"@type":"PropertyValueSpecification","valueRequired":true,"valueName":"search_term_string"}}],"inLanguage":"es-ES"},{"@type":"Organization","@id":"https:\/\/delcofoundation.org\/es\/#organization","name":"The Foundation for Delaware County","url":"https:\/\/delcofoundation.org\/es\/","logo":{"@type":"ImageObject","inLanguage":"es-ES","@id":"https:\/\/delcofoundation.org\/es\/#\/schema\/logo\/image\/","url":"","contentUrl":"","caption":"The Foundation for Delaware County"},"image":{"@id":"https:\/\/delcofoundation.org\/es\/#\/schema\/logo\/image\/"}}]}},"_links":{"self":[{"href":"https:\/\/delcofoundation.org\/es\/wp-json\/wp\/v2\/pages\/5601","targetHints":{"allow":["GET"]}}],"collection":[{"href":"https:\/\/delcofoundation.org\/es\/wp-json\/wp\/v2\/pages"}],"about":[{"href":"https:\/\/delcofoundation.org\/es\/wp-json\/wp\/v2\/types\/page"}],"author":[{"embeddable":true,"href":"https:\/\/delcofoundation.org\/es\/wp-json\/wp\/v2\/users\/5"}],"replies":[{"embeddable":true,"href":"https:\/\/delcofoundation.org\/es\/wp-json\/wp\/v2\/comments?post=5601"}],"version-history":[{"count":1,"href":"https:\/\/delcofoundation.org\/es\/wp-json\/wp\/v2\/pages\/5601\/revisions"}],"predecessor-version":[{"id":6108,"href":"https:\/\/delcofoundation.org\/es\/wp-json\/wp\/v2\/pages\/5601\/revisions\/6108"}],"wp:attachment":[{"href":"https:\/\/delcofoundation.org\/es\/wp-json\/wp\/v2\/media?parent=5601"}],"curies":[{"name":"wp","href":"https:\/\/api.w.org\/{rel}","templated":true}]}}