{"id":5600,"date":"2021-12-15T05:27:12","date_gmt":"2021-12-15T05:27:12","guid":{"rendered":"https:\/\/delcofoundation.org\/nuestro-impacto\/indicadores-de-equidad-en-salud-y-oportunidades-del-condado-de-delaware\/"},"modified":"2024-06-20T19:02:23","modified_gmt":"2024-06-20T19:02:23","slug":"indicadores-de-equidad-en-salud-y-oportunidades-del-condado-de-delaware","status":"publish","type":"page","link":"https:\/\/delcofoundation.org\/es\/nuestro-impacto\/indicadores-de-equidad-en-salud-y-oportunidades-del-condado-de-delaware\/","title":{"rendered":"Indicadores de equidad en salud y oportunidades del condado de Delaware"},"content":{"rendered":"","protected":false},"excerpt":{"rendered":"","protected":false},"author":5,"featured_media":0,"parent":5178,"menu_order":0,"comment_status":"closed","ping_status":"closed","template":"page-templates\/content-modules.php","meta":{"_acf_changed":false,"inline_featured_image":false,"footnotes":""},"class_list":["post-5600","page","type-page","status-publish","hentry"],"acf":[],"yoast_head":"<!-- This site is optimized with the Yoast SEO plugin v26.7 - https:\/\/yoast.com\/wordpress\/plugins\/seo\/ -->\n<title>Indicadores de equidad en salud y oportunidades del condado de Delaware - The Foundation for Delaware County<\/title>\n<meta name=\"description\" content=\"La herramienta de mapeo de datos de la fundaci\u00f3n que aparece a continuaci\u00f3n proporciona acceso al progreso del condado de Delaware en \u00e1reas tem\u00e1ticas clave relacionadas con el bienestar. Los indicadores se identificaron como esenciales para medir la equidad en salud y oportunidades en el condado de Delaware y se seleccionaron con la opini\u00f3n de las organizaciones sin \u00e1nimo de lucro y las partes interesadas locales.\nPuedes utilizar la siguiente herramienta para superponer datos demogr\u00e1ficos y encontrar informaci\u00f3n sobre Vivienda, Educaci\u00f3n, Seguridad Alimentaria, Indicadores Econ\u00f3micos y Salud P\u00fablica en el condado de Delaware.\n\n    \nDatos mapeados por PolicyMap, una herramienta de mapeo SIG en l\u00ednea.\n\n\u00a0\nUtilizar el Mapa Interactivo\nEl mapa de arriba es una herramienta interactiva que te permite ver una gran variedad de datos sobre nuestro condado en relaci\u00f3n con las seis \u00e1reas tem\u00e1ticas. La informaci\u00f3n puede ordenarse por c\u00f3digo postal y zona censal.\n\nHaz clic en los 3 puntos verticales de la esquina superior derecha para acceder a una vista ampliada del mapa, que se abrir\u00e1 en una ventana aparte, o para imprimir y descargar un pdf del mapa.\nHaz clic en el NUEVO MAPA naranja de la parte superior izquierda del mapa para exponer un men\u00fa de opciones de datos adicionales. Puedes elegir varias selecciones de indicadores en el lado izquierdo.\nPara adaptar tu b\u00fasqueda por c\u00f3digo postal o zona censal, selecciona la casilla Sombreado por en la barra superior. \n\nRecursos adicionales\nBase de datos de La Juventud Opina\nLos ni\u00f1os primero: El impacto de Covid en los ni\u00f1os del condado de Delaware  \nLos ni\u00f1os cuentan\nHerramienta de an\u00e1lisis de la equidad sanitaria en AP (PA HEAT)\" \/>\n<meta name=\"robots\" content=\"index, follow, max-snippet:-1, max-image-preview:large, max-video-preview:-1\" \/>\n<link rel=\"canonical\" href=\"https:\/\/delcofoundation.org\/es\/nuestro-impacto\/indicadores-de-equidad-en-salud-y-oportunidades-del-condado-de-delaware\/\" \/>\n<meta property=\"og:locale\" content=\"es_ES\" \/>\n<meta property=\"og:type\" content=\"article\" \/>\n<meta property=\"og:title\" content=\"Indicadores de equidad en salud y oportunidades del condado de Delaware - The Foundation for Delaware County\" \/>\n<meta property=\"og:url\" content=\"https:\/\/delcofoundation.org\/es\/nuestro-impacto\/indicadores-de-equidad-en-salud-y-oportunidades-del-condado-de-delaware\/\" \/>\n<meta property=\"og:site_name\" content=\"The Foundation for Delaware County\" \/>\n<meta property=\"article:modified_time\" content=\"2024-06-20T19:02:23+00:00\" \/>\n<meta property=\"og:image\" content=\"https:\/\/delcofoundation.org\/app\/uploads\/2021\/10\/320_FDC-Annual-21-e1631905307293.jpg\" \/>\n\t<meta property=\"og:image:width\" content=\"1950\" \/>\n\t<meta property=\"og:image:height\" content=\"1150\" \/>\n\t<meta property=\"og:image:type\" content=\"image\/jpeg\" \/>\n<meta name=\"twitter:card\" content=\"summary_large_image\" \/>\n<script type=\"application\/ld+json\" class=\"yoast-schema-graph\">{\"@context\":\"https:\/\/schema.org\",\"@graph\":[{\"@type\":\"WebPage\",\"@id\":\"https:\/\/delcofoundation.org\/es\/nuestro-impacto\/indicadores-de-equidad-en-salud-y-oportunidades-del-condado-de-delaware\/\",\"url\":\"https:\/\/delcofoundation.org\/es\/nuestro-impacto\/indicadores-de-equidad-en-salud-y-oportunidades-del-condado-de-delaware\/\",\"name\":\"Indicadores de equidad en salud y oportunidades del condado de Delaware - The Foundation for Delaware County\",\"isPartOf\":{\"@id\":\"https:\/\/delcofoundation.org\/es\/#website\"},\"datePublished\":\"2021-12-15T05:27:12+00:00\",\"dateModified\":\"2024-06-20T19:02:23+00:00\",\"breadcrumb\":{\"@id\":\"https:\/\/delcofoundation.org\/es\/nuestro-impacto\/indicadores-de-equidad-en-salud-y-oportunidades-del-condado-de-delaware\/#breadcrumb\"},\"inLanguage\":\"es-ES\",\"potentialAction\":[{\"@type\":\"ReadAction\",\"target\":[\"https:\/\/delcofoundation.org\/es\/nuestro-impacto\/indicadores-de-equidad-en-salud-y-oportunidades-del-condado-de-delaware\/\"]}]},{\"@type\":\"BreadcrumbList\",\"@id\":\"https:\/\/delcofoundation.org\/es\/nuestro-impacto\/indicadores-de-equidad-en-salud-y-oportunidades-del-condado-de-delaware\/#breadcrumb\",\"itemListElement\":[{\"@type\":\"ListItem\",\"position\":1,\"name\":\"Home\",\"item\":\"https:\/\/delcofoundation.org\/es\/\"},{\"@type\":\"ListItem\",\"position\":2,\"name\":\"Nuestro impacto\",\"item\":\"https:\/\/delcofoundation.org\/es\/nuestro-impacto\/\"},{\"@type\":\"ListItem\",\"position\":3,\"name\":\"Indicadores de equidad en salud y oportunidades del condado de Delaware\"}]},{\"@type\":\"WebSite\",\"@id\":\"https:\/\/delcofoundation.org\/es\/#website\",\"url\":\"https:\/\/delcofoundation.org\/es\/\",\"name\":\"The Foundation for Delaware County\",\"description\":\"\",\"publisher\":{\"@id\":\"https:\/\/delcofoundation.org\/es\/#organization\"},\"potentialAction\":[{\"@type\":\"SearchAction\",\"target\":{\"@type\":\"EntryPoint\",\"urlTemplate\":\"https:\/\/delcofoundation.org\/es\/?s={search_term_string}\"},\"query-input\":{\"@type\":\"PropertyValueSpecification\",\"valueRequired\":true,\"valueName\":\"search_term_string\"}}],\"inLanguage\":\"es-ES\"},{\"@type\":\"Organization\",\"@id\":\"https:\/\/delcofoundation.org\/es\/#organization\",\"name\":\"The Foundation for Delaware County\",\"url\":\"https:\/\/delcofoundation.org\/es\/\",\"logo\":{\"@type\":\"ImageObject\",\"inLanguage\":\"es-ES\",\"@id\":\"https:\/\/delcofoundation.org\/es\/#\/schema\/logo\/image\/\",\"url\":\"\",\"contentUrl\":\"\",\"caption\":\"The Foundation for Delaware County\"},\"image\":{\"@id\":\"https:\/\/delcofoundation.org\/es\/#\/schema\/logo\/image\/\"}}]}<\/script>\n<!-- \/ Yoast SEO plugin. -->","yoast_head_json":{"title":"Indicadores de equidad en salud y oportunidades del condado de Delaware - The Foundation for Delaware County","description":"La herramienta de mapeo de datos de la fundaci\u00f3n que aparece a continuaci\u00f3n proporciona acceso al progreso del condado de Delaware en \u00e1reas tem\u00e1ticas clave relacionadas con el bienestar. Los indicadores se identificaron como esenciales para medir la equidad en salud y oportunidades en el condado de Delaware y se seleccionaron con la opini\u00f3n de las organizaciones sin \u00e1nimo de lucro y las partes interesadas locales.\nPuedes utilizar la siguiente herramienta para superponer datos demogr\u00e1ficos y encontrar informaci\u00f3n sobre Vivienda, Educaci\u00f3n, Seguridad Alimentaria, Indicadores Econ\u00f3micos y Salud P\u00fablica en el condado de Delaware.\n\n    \nDatos mapeados por PolicyMap, una herramienta de mapeo SIG en l\u00ednea.\n\n\u00a0\nUtilizar el Mapa Interactivo\nEl mapa de arriba es una herramienta interactiva que te permite ver una gran variedad de datos sobre nuestro condado en relaci\u00f3n con las seis \u00e1reas tem\u00e1ticas. La informaci\u00f3n puede ordenarse por c\u00f3digo postal y zona censal.\n\nHaz clic en los 3 puntos verticales de la esquina superior derecha para acceder a una vista ampliada del mapa, que se abrir\u00e1 en una ventana aparte, o para imprimir y descargar un pdf del mapa.\nHaz clic en el NUEVO MAPA naranja de la parte superior izquierda del mapa para exponer un men\u00fa de opciones de datos adicionales. Puedes elegir varias selecciones de indicadores en el lado izquierdo.\nPara adaptar tu b\u00fasqueda por c\u00f3digo postal o zona censal, selecciona la casilla Sombreado por en la barra superior. \n\nRecursos adicionales\nBase de datos de La Juventud Opina\nLos ni\u00f1os primero: El impacto de Covid en los ni\u00f1os del condado de Delaware  \nLos ni\u00f1os cuentan\nHerramienta de an\u00e1lisis de la equidad sanitaria en AP (PA HEAT)","robots":{"index":"index","follow":"follow","max-snippet":"max-snippet:-1","max-image-preview":"max-image-preview:large","max-video-preview":"max-video-preview:-1"},"canonical":"https:\/\/delcofoundation.org\/es\/nuestro-impacto\/indicadores-de-equidad-en-salud-y-oportunidades-del-condado-de-delaware\/","og_locale":"es_ES","og_type":"article","og_title":"Indicadores de equidad en salud y oportunidades del condado de Delaware - The Foundation for Delaware County","og_url":"https:\/\/delcofoundation.org\/es\/nuestro-impacto\/indicadores-de-equidad-en-salud-y-oportunidades-del-condado-de-delaware\/","og_site_name":"The Foundation for Delaware County","article_modified_time":"2024-06-20T19:02:23+00:00","og_image":[{"width":1950,"height":1150,"url":"https:\/\/delcofoundation.org\/app\/uploads\/2021\/10\/320_FDC-Annual-21-e1631905307293.jpg","type":"image\/jpeg"}],"twitter_card":"summary_large_image","schema":{"@context":"https:\/\/schema.org","@graph":[{"@type":"WebPage","@id":"https:\/\/delcofoundation.org\/es\/nuestro-impacto\/indicadores-de-equidad-en-salud-y-oportunidades-del-condado-de-delaware\/","url":"https:\/\/delcofoundation.org\/es\/nuestro-impacto\/indicadores-de-equidad-en-salud-y-oportunidades-del-condado-de-delaware\/","name":"Indicadores de equidad en salud y oportunidades del condado de Delaware - The Foundation for Delaware County","isPartOf":{"@id":"https:\/\/delcofoundation.org\/es\/#website"},"datePublished":"2021-12-15T05:27:12+00:00","dateModified":"2024-06-20T19:02:23+00:00","breadcrumb":{"@id":"https:\/\/delcofoundation.org\/es\/nuestro-impacto\/indicadores-de-equidad-en-salud-y-oportunidades-del-condado-de-delaware\/#breadcrumb"},"inLanguage":"es-ES","potentialAction":[{"@type":"ReadAction","target":["https:\/\/delcofoundation.org\/es\/nuestro-impacto\/indicadores-de-equidad-en-salud-y-oportunidades-del-condado-de-delaware\/"]}]},{"@type":"BreadcrumbList","@id":"https:\/\/delcofoundation.org\/es\/nuestro-impacto\/indicadores-de-equidad-en-salud-y-oportunidades-del-condado-de-delaware\/#breadcrumb","itemListElement":[{"@type":"ListItem","position":1,"name":"Home","item":"https:\/\/delcofoundation.org\/es\/"},{"@type":"ListItem","position":2,"name":"Nuestro impacto","item":"https:\/\/delcofoundation.org\/es\/nuestro-impacto\/"},{"@type":"ListItem","position":3,"name":"Indicadores de equidad en salud y oportunidades del condado de Delaware"}]},{"@type":"WebSite","@id":"https:\/\/delcofoundation.org\/es\/#website","url":"https:\/\/delcofoundation.org\/es\/","name":"The Foundation for Delaware County","description":"","publisher":{"@id":"https:\/\/delcofoundation.org\/es\/#organization"},"potentialAction":[{"@type":"SearchAction","target":{"@type":"EntryPoint","urlTemplate":"https:\/\/delcofoundation.org\/es\/?s={search_term_string}"},"query-input":{"@type":"PropertyValueSpecification","valueRequired":true,"valueName":"search_term_string"}}],"inLanguage":"es-ES"},{"@type":"Organization","@id":"https:\/\/delcofoundation.org\/es\/#organization","name":"The Foundation for Delaware County","url":"https:\/\/delcofoundation.org\/es\/","logo":{"@type":"ImageObject","inLanguage":"es-ES","@id":"https:\/\/delcofoundation.org\/es\/#\/schema\/logo\/image\/","url":"","contentUrl":"","caption":"The Foundation for Delaware County"},"image":{"@id":"https:\/\/delcofoundation.org\/es\/#\/schema\/logo\/image\/"}}]}},"_links":{"self":[{"href":"https:\/\/delcofoundation.org\/es\/wp-json\/wp\/v2\/pages\/5600","targetHints":{"allow":["GET"]}}],"collection":[{"href":"https:\/\/delcofoundation.org\/es\/wp-json\/wp\/v2\/pages"}],"about":[{"href":"https:\/\/delcofoundation.org\/es\/wp-json\/wp\/v2\/types\/page"}],"author":[{"embeddable":true,"href":"https:\/\/delcofoundation.org\/es\/wp-json\/wp\/v2\/users\/5"}],"replies":[{"embeddable":true,"href":"https:\/\/delcofoundation.org\/es\/wp-json\/wp\/v2\/comments?post=5600"}],"version-history":[{"count":1,"href":"https:\/\/delcofoundation.org\/es\/wp-json\/wp\/v2\/pages\/5600\/revisions"}],"predecessor-version":[{"id":6150,"href":"https:\/\/delcofoundation.org\/es\/wp-json\/wp\/v2\/pages\/5600\/revisions\/6150"}],"up":[{"embeddable":true,"href":"https:\/\/delcofoundation.org\/es\/wp-json\/wp\/v2\/pages\/5178"}],"wp:attachment":[{"href":"https:\/\/delcofoundation.org\/es\/wp-json\/wp\/v2\/media?parent=5600"}],"curies":[{"name":"wp","href":"https:\/\/api.w.org\/{rel}","templated":true}]}}