{"id":5599,"date":"2022-03-08T19:42:53","date_gmt":"2022-03-08T19:42:53","guid":{"rendered":"https:\/\/delcofoundation.org\/declaracion-de-no-discriminacion-de-wic\/"},"modified":"2024-06-20T19:02:57","modified_gmt":"2024-06-20T19:02:57","slug":"declaracion-de-no-discriminacion-de-wic","status":"publish","type":"page","link":"https:\/\/delcofoundation.org\/es\/declaracion-de-no-discriminacion-de-wic\/","title":{"rendered":"Declaraci\u00f3n de no discriminaci\u00f3n de WIC"},"content":{"rendered":"<p><strong>Declaraci\u00f3n de no discriminaci\u00f3n del WIC de acuerdo con el USDA<\/strong><\/p>\n<p>De acuerdo con la ley federal de derechos civiles y las normativas y pol\u00edticas de derechos civiles del Departamento de Agricultura de EE.UU. (USDA), esta instituci\u00f3n tiene prohibido discriminar por motivos de raza, color, nacionalidad, sexo (incluidas la identidad de g\u00e9nero y la orientaci\u00f3n sexual), discapacidad, edad o represalias por actividades previas relacionadas con los derechos civiles.<\/p>\n<p>La informaci\u00f3n del programa puede estar disponible en idiomas distintos del ingl\u00e9s. Las personas con discapacidad que necesiten medios de comunicaci\u00f3n alternativos para obtener informaci\u00f3n sobre el programa (por ejemplo, Braille, letra grande, cinta de audio, lenguaje de signos americano), deben ponerse en contacto con la agencia estatal o local responsable que administre el programa o con el Centro TARGET del USDA en el (202) 720-2600 (voz y TTY) o ponerse en contacto con el USDA a trav\u00e9s del Servicio Federal de Retransmisi\u00f3n en el (800) 877-8339.<\/p>\n<p>Para presentar una denuncia por discriminaci\u00f3n en un programa, el denunciante debe rellenar el formulario AD-3027, Formulario de denuncia por discriminaci\u00f3n en un programa del USDA, que puede obtenerse en l\u00ednea en: <a href=\"https:\/\/www.usda.gov\/sites\/default\/files\/documents\/USDA-OASCR%20P-Complaint-Form-0508-0002-508-11-28-17Fax2Mail.pdf\">https:\/\/www.usda.gov\/sites\/default\/files\/documents\/USDA-OASCR%20P-Complaint-Form-0508-0002-508-11-28-17Fax2Mail.pdf,<\/a> en cualquier oficina del USDA, llamando al (866) 632-9992, o escribiendo una carta dirigida al USDA. La carta debe contener el nombre, la direcci\u00f3n y el n\u00famero de tel\u00e9fono del demandante, as\u00ed como una descripci\u00f3n escrita de la supuesta acci\u00f3n discriminatoria lo suficientemente detallada como para informar al Subsecretario de Derechos Civiles (ASCR) sobre la naturaleza y la fecha de una supuesta violaci\u00f3n de los derechos civiles. El formulario AD-3027 cumplimentado o la carta deben enviarse al USDA antes de:<\/p>\n<ol>\n<li><strong>correo:<\/strong><br \/>\nDepartamento de Agricultura de EE.UU.<br \/>\nOficina del Subsecretario de Derechos Civiles<br \/>\n1400 Avenida Independencia, SW<br \/>\nWashington, D.C. 20250-9410; o bien<\/li>\n<li><strong>fax:<\/strong><br \/>\n(833) 256-1665 o (202) 690-7442; o bien<\/li>\n<li><strong>correo electr\u00f3nico:<\/strong><br \/>\n<a href=\"mailto:program.intake@usda.gov\">Program.Intake@usda.gov<\/a><\/li>\n<\/ol>\n<p>Esta instituci\u00f3n ofrece igualdad de oportunidades.<\/p>\n<p>_______________<\/p>\n<p>De acuerdo con la ley federal de derechos civiles y las normas y pol\u00edticas de derechos civiles del Departamento de Agricultura de los Estados Unidos (USDA), esta entidad est\u00e1 prohibida de discriminar por motivos de raza, color, origen nacional, sexo (incluyendo identidad de g\u00e9nero y orientaci\u00f3n sexual), discapacidad, edad, o represalia o retorsi\u00f3n por actividades previas de derechos civiles.<\/p>\n<p>La informaci\u00f3n sobre el programa puede estar disponible en otros idiomas que no sean el ingl\u00e9s. Las personas con discapacidades que necesiten medios alternativos de comunicaci\u00f3n para obtener la informaci\u00f3n del programa (por ejemplo, Braille, letra grande, cinta de audio, lenguaje de se\u00f1as americano (ASL), etc.) deben ponerse en contacto con la agencia local o estatal encargada de administrar el programa.) deben comunicarse con la agencia local o estatal responsable de administrar el programa o con el Centro TARGET del USDA al (202) 720-2600 (voz y TTY) o comun\u00edquese con el USDA a trav\u00e9s del Servicio Federal de Retransmisi\u00f3n al (800) 877-8339.<\/p>\n<p>Para presentar una queja por discriminaci\u00f3n en el programa, el reclamante debe llenar un formulario AD-3027, formulario de queja por discriminaci\u00f3n en el programa del USDA, el cual puede obtenerse en l\u00ednea en: <a href=\"https:\/\/www.fns.usda.gov\/sites\/default\/files\/resource-files\/usda-program-discrimination-complaint-form-spanish.pdf\">https:\/\/www.fns.usda.gov\/sites\/default\/files\/resource-files\/usdaprogram-discrimination-complaint-form-spanish.pdf,<\/a> de cualquier oficina de USDA, llamando al (866) 632-9992, o escribiendo una carta dirigida a USDA. La carta debe contener el nombre del demandante, la direcci\u00f3n, el n\u00famero de tel\u00e9fono y una descripci\u00f3n escrita de la acci\u00f3n discriminatoria alegada con suficiente detalle para informar al Subsecretario de Derechos Civiles (ASCR) sobre la naturaleza y fecha de una presunta violaci\u00f3n de derechos civiles. El formulario AD-3027 completado o la carta debe presentarse a USDA por:<\/p>\n<p><strong>(1) correo:<\/strong><br \/>\nDepartamento de Agricultura de EE.UU.<br \/>\nOficina del Subsecretario de Derechos Civiles<br \/>\n1400 Avenida Independencia, SW<br \/>\nWashington, D.C. 20250-9410; o bien<br \/>\n<strong>(2) fax:<\/strong><br \/>\n(833) 256-1665 o (202) 690-7442; o<br \/>\n<strong>(3) correo electr\u00f3nico:<\/strong><br \/>\n<a href=\"mailto:program.intake@usda.gov\">program.intake@usda.gov<\/a><\/p>\n<p>Esta instituci\u00f3n es un proveedor que ofrece igualdad de oportunidades.<\/p>\n","protected":false},"excerpt":{"rendered":"<p>Declaraci\u00f3n de no discriminaci\u00f3n del WIC de acuerdo con el USDA De acuerdo con la ley federal de derechos civiles y las normativas y pol\u00edticas de derechos civiles del Departamento de Agricultura de EE.UU. (USDA), esta instituci\u00f3n tiene prohibido discriminar por motivos de raza, color, nacionalidad, sexo (incluidas la identidad de g\u00e9nero y la orientaci\u00f3n&#8230;<\/p>\n","protected":false},"author":5,"featured_media":0,"parent":0,"menu_order":0,"comment_status":"closed","ping_status":"closed","template":"","meta":{"_acf_changed":false,"inline_featured_image":false,"footnotes":""},"class_list":["post-5599","page","type-page","status-publish","hentry"],"acf":[],"yoast_head":"<!-- This site is optimized with the Yoast SEO plugin v26.7 - https:\/\/yoast.com\/wordpress\/plugins\/seo\/ -->\n<title>Declaraci\u00f3n de no discriminaci\u00f3n de WIC - The Foundation for Delaware County<\/title>\n<meta name=\"robots\" content=\"index, follow, max-snippet:-1, max-image-preview:large, max-video-preview:-1\" \/>\n<link rel=\"canonical\" href=\"https:\/\/delcofoundation.org\/es\/declaracion-de-no-discriminacion-de-wic\/\" \/>\n<meta property=\"og:locale\" content=\"es_ES\" \/>\n<meta property=\"og:type\" content=\"article\" \/>\n<meta property=\"og:title\" content=\"Declaraci\u00f3n de no discriminaci\u00f3n de WIC - The Foundation for Delaware County\" \/>\n<meta property=\"og:description\" content=\"Declaraci\u00f3n de no discriminaci\u00f3n del WIC de acuerdo con el USDA De acuerdo con la ley federal de derechos civiles y las normativas y pol\u00edticas de derechos civiles del Departamento de Agricultura de EE.UU. (USDA), esta instituci\u00f3n tiene prohibido discriminar por motivos de raza, color, nacionalidad, sexo (incluidas la identidad de g\u00e9nero y la orientaci\u00f3n...\" \/>\n<meta property=\"og:url\" content=\"https:\/\/delcofoundation.org\/es\/declaracion-de-no-discriminacion-de-wic\/\" \/>\n<meta property=\"og:site_name\" content=\"The Foundation for Delaware County\" \/>\n<meta property=\"article:modified_time\" content=\"2024-06-20T19:02:57+00:00\" \/>\n<meta property=\"og:image\" content=\"https:\/\/delcofoundation.org\/app\/uploads\/2021\/10\/320_FDC-Annual-21-e1631905307293.jpg\" \/>\n\t<meta property=\"og:image:width\" content=\"1950\" \/>\n\t<meta property=\"og:image:height\" content=\"1150\" \/>\n\t<meta property=\"og:image:type\" content=\"image\/jpeg\" \/>\n<meta name=\"twitter:card\" content=\"summary_large_image\" \/>\n<meta name=\"twitter:label1\" content=\"Est. reading time\" \/>\n\t<meta name=\"twitter:data1\" content=\"3 minutes\" \/>\n<script type=\"application\/ld+json\" class=\"yoast-schema-graph\">{\"@context\":\"https:\/\/schema.org\",\"@graph\":[{\"@type\":\"WebPage\",\"@id\":\"https:\/\/delcofoundation.org\/es\/declaracion-de-no-discriminacion-de-wic\/\",\"url\":\"https:\/\/delcofoundation.org\/es\/declaracion-de-no-discriminacion-de-wic\/\",\"name\":\"Declaraci\u00f3n de no discriminaci\u00f3n de WIC - The Foundation for Delaware County\",\"isPartOf\":{\"@id\":\"https:\/\/delcofoundation.org\/es\/#website\"},\"datePublished\":\"2022-03-08T19:42:53+00:00\",\"dateModified\":\"2024-06-20T19:02:57+00:00\",\"breadcrumb\":{\"@id\":\"https:\/\/delcofoundation.org\/es\/declaracion-de-no-discriminacion-de-wic\/#breadcrumb\"},\"inLanguage\":\"es-ES\",\"potentialAction\":[{\"@type\":\"ReadAction\",\"target\":[\"https:\/\/delcofoundation.org\/es\/declaracion-de-no-discriminacion-de-wic\/\"]}]},{\"@type\":\"BreadcrumbList\",\"@id\":\"https:\/\/delcofoundation.org\/es\/declaracion-de-no-discriminacion-de-wic\/#breadcrumb\",\"itemListElement\":[{\"@type\":\"ListItem\",\"position\":1,\"name\":\"Home\",\"item\":\"https:\/\/delcofoundation.org\/es\/\"},{\"@type\":\"ListItem\",\"position\":2,\"name\":\"Declaraci\u00f3n de no discriminaci\u00f3n de WIC\"}]},{\"@type\":\"WebSite\",\"@id\":\"https:\/\/delcofoundation.org\/es\/#website\",\"url\":\"https:\/\/delcofoundation.org\/es\/\",\"name\":\"The Foundation for Delaware County\",\"description\":\"\",\"publisher\":{\"@id\":\"https:\/\/delcofoundation.org\/es\/#organization\"},\"potentialAction\":[{\"@type\":\"SearchAction\",\"target\":{\"@type\":\"EntryPoint\",\"urlTemplate\":\"https:\/\/delcofoundation.org\/es\/?s={search_term_string}\"},\"query-input\":{\"@type\":\"PropertyValueSpecification\",\"valueRequired\":true,\"valueName\":\"search_term_string\"}}],\"inLanguage\":\"es-ES\"},{\"@type\":\"Organization\",\"@id\":\"https:\/\/delcofoundation.org\/es\/#organization\",\"name\":\"The Foundation for Delaware County\",\"url\":\"https:\/\/delcofoundation.org\/es\/\",\"logo\":{\"@type\":\"ImageObject\",\"inLanguage\":\"es-ES\",\"@id\":\"https:\/\/delcofoundation.org\/es\/#\/schema\/logo\/image\/\",\"url\":\"\",\"contentUrl\":\"\",\"caption\":\"The Foundation for Delaware County\"},\"image\":{\"@id\":\"https:\/\/delcofoundation.org\/es\/#\/schema\/logo\/image\/\"}}]}<\/script>\n<!-- \/ Yoast SEO plugin. -->","yoast_head_json":{"title":"Declaraci\u00f3n de no discriminaci\u00f3n de WIC - The Foundation for Delaware County","robots":{"index":"index","follow":"follow","max-snippet":"max-snippet:-1","max-image-preview":"max-image-preview:large","max-video-preview":"max-video-preview:-1"},"canonical":"https:\/\/delcofoundation.org\/es\/declaracion-de-no-discriminacion-de-wic\/","og_locale":"es_ES","og_type":"article","og_title":"Declaraci\u00f3n de no discriminaci\u00f3n de WIC - The Foundation for Delaware County","og_description":"Declaraci\u00f3n de no discriminaci\u00f3n del WIC de acuerdo con el USDA De acuerdo con la ley federal de derechos civiles y las normativas y pol\u00edticas de derechos civiles del Departamento de Agricultura de EE.UU. (USDA), esta instituci\u00f3n tiene prohibido discriminar por motivos de raza, color, nacionalidad, sexo (incluidas la identidad de g\u00e9nero y la orientaci\u00f3n...","og_url":"https:\/\/delcofoundation.org\/es\/declaracion-de-no-discriminacion-de-wic\/","og_site_name":"The Foundation for Delaware County","article_modified_time":"2024-06-20T19:02:57+00:00","og_image":[{"width":1950,"height":1150,"url":"https:\/\/delcofoundation.org\/app\/uploads\/2021\/10\/320_FDC-Annual-21-e1631905307293.jpg","type":"image\/jpeg"}],"twitter_card":"summary_large_image","twitter_misc":{"Est. reading time":"3 minutes"},"schema":{"@context":"https:\/\/schema.org","@graph":[{"@type":"WebPage","@id":"https:\/\/delcofoundation.org\/es\/declaracion-de-no-discriminacion-de-wic\/","url":"https:\/\/delcofoundation.org\/es\/declaracion-de-no-discriminacion-de-wic\/","name":"Declaraci\u00f3n de no discriminaci\u00f3n de WIC - The Foundation for Delaware County","isPartOf":{"@id":"https:\/\/delcofoundation.org\/es\/#website"},"datePublished":"2022-03-08T19:42:53+00:00","dateModified":"2024-06-20T19:02:57+00:00","breadcrumb":{"@id":"https:\/\/delcofoundation.org\/es\/declaracion-de-no-discriminacion-de-wic\/#breadcrumb"},"inLanguage":"es-ES","potentialAction":[{"@type":"ReadAction","target":["https:\/\/delcofoundation.org\/es\/declaracion-de-no-discriminacion-de-wic\/"]}]},{"@type":"BreadcrumbList","@id":"https:\/\/delcofoundation.org\/es\/declaracion-de-no-discriminacion-de-wic\/#breadcrumb","itemListElement":[{"@type":"ListItem","position":1,"name":"Home","item":"https:\/\/delcofoundation.org\/es\/"},{"@type":"ListItem","position":2,"name":"Declaraci\u00f3n de no discriminaci\u00f3n de WIC"}]},{"@type":"WebSite","@id":"https:\/\/delcofoundation.org\/es\/#website","url":"https:\/\/delcofoundation.org\/es\/","name":"The Foundation for Delaware County","description":"","publisher":{"@id":"https:\/\/delcofoundation.org\/es\/#organization"},"potentialAction":[{"@type":"SearchAction","target":{"@type":"EntryPoint","urlTemplate":"https:\/\/delcofoundation.org\/es\/?s={search_term_string}"},"query-input":{"@type":"PropertyValueSpecification","valueRequired":true,"valueName":"search_term_string"}}],"inLanguage":"es-ES"},{"@type":"Organization","@id":"https:\/\/delcofoundation.org\/es\/#organization","name":"The Foundation for Delaware County","url":"https:\/\/delcofoundation.org\/es\/","logo":{"@type":"ImageObject","inLanguage":"es-ES","@id":"https:\/\/delcofoundation.org\/es\/#\/schema\/logo\/image\/","url":"","contentUrl":"","caption":"The Foundation for Delaware County"},"image":{"@id":"https:\/\/delcofoundation.org\/es\/#\/schema\/logo\/image\/"}}]}},"_links":{"self":[{"href":"https:\/\/delcofoundation.org\/es\/wp-json\/wp\/v2\/pages\/5599","targetHints":{"allow":["GET"]}}],"collection":[{"href":"https:\/\/delcofoundation.org\/es\/wp-json\/wp\/v2\/pages"}],"about":[{"href":"https:\/\/delcofoundation.org\/es\/wp-json\/wp\/v2\/types\/page"}],"author":[{"embeddable":true,"href":"https:\/\/delcofoundation.org\/es\/wp-json\/wp\/v2\/users\/5"}],"replies":[{"embeddable":true,"href":"https:\/\/delcofoundation.org\/es\/wp-json\/wp\/v2\/comments?post=5599"}],"version-history":[{"count":2,"href":"https:\/\/delcofoundation.org\/es\/wp-json\/wp\/v2\/pages\/5599\/revisions"}],"predecessor-version":[{"id":6562,"href":"https:\/\/delcofoundation.org\/es\/wp-json\/wp\/v2\/pages\/5599\/revisions\/6562"}],"wp:attachment":[{"href":"https:\/\/delcofoundation.org\/es\/wp-json\/wp\/v2\/media?parent=5599"}],"curies":[{"name":"wp","href":"https:\/\/api.w.org\/{rel}","templated":true}]}}