{"id":5598,"date":"2022-01-05T15:26:19","date_gmt":"2022-01-05T15:26:19","guid":{"rendered":"https:\/\/delcofoundation.org\/actos-del-dia-de-servicio-mlk-2022\/"},"modified":"2024-06-20T19:02:59","modified_gmt":"2024-06-20T19:02:59","slug":"actos-del-dia-de-servicio-mlk-2022","status":"publish","type":"page","link":"https:\/\/delcofoundation.org\/es\/actos-del-dia-de-servicio-mlk-2022\/","title":{"rendered":"Actos del D\u00eda de Servicio MLK 2022"},"content":{"rendered":"<p><strong>Natural Lands Hildacy Preserve<br \/>\n<\/strong>17 de enero, de 9:00 a 11:30 h.<br \/>\nOportunidad de voluntariado: Coge guantes y \u00fanete a otros voluntarios para eliminar especies de plantas invasoras, cultivar plantas aut\u00f3ctonas y restaurar h\u00e1bitats.<br \/>\n<a href=\"https:\/\/natlands.org\/event\/volunteer-hildacy-2022-0117\/\" target=\"_blank\" rel=\"noopener\">Inscripci\u00f3n y m\u00e1s informaci\u00f3n<\/a><\/p>\n<p><strong>Penn State Brandywine<\/strong><br \/>\n17 &#8211; 21 enero<br \/>\nCombatir el racismo y construir la comunidad (semana de programas)<br \/>\n<a href=\"https:\/\/delco.today\/2022\/01\/penn-state-brandywine-mlk-events\/?utm_source=DELCO+Today&amp;utm_campaign=cfa5812247-DailyEmailCampaign-Delco&amp;utm_medium=email&amp;utm_term=0_827014fd8d-cfa5812247-275153093\" target=\"_blank\" rel=\"noopener\">M\u00e1s informaci\u00f3n<\/a><\/p>\n<p><strong>Trinidad Swarthmore<\/strong><br \/>\n17 de enero, de 11.30 a 13.30 h.<br \/>\nCuidar a los amigos: montar bolsas de desayuno<br \/>\n<a href=\"https:\/\/www.trinity-swarthmore.org\/mlk-morning-of-service-2022.html\" target=\"_blank\" rel=\"noopener\">M\u00e1s informaci\u00f3n e inscripci\u00f3n<\/a><\/p>\n<p><strong>Fundaci\u00f3n Shevlin<\/strong><br \/>\n17 de enero<br \/>\nAlimentar la Necesidad: preparar\/entregar una comida caliente, as\u00ed como, entregar ropa (calcetines, guantes, gorros y abrigos).<br \/>\n<a href=\"https:\/\/docs.google.com\/forms\/d\/e\/1FAIpQLSfA2cb2oDmwxKh74eGiiu_LbqRvnZ31M3urWRaQzjBRJ3H1Kw\/viewform\" target=\"_blank\" rel=\"noopener\">Inscr\u00edbete<\/a><\/p>\n<p><strong>Defensores de los J\u00f3venes CASA<\/strong><br \/>\n3 &#8211; 17 enero<br \/>\nConducci\u00f3n de libros<br \/>\n<a href=\"https:\/\/delcofoundation.org\/app\/uploads\/2022\/01\/CASA-Mlk-Bookdrive-flyer.pdf\" target=\"_blank\" rel=\"noopener\">M\u00e1s informaci\u00f3n<\/a><\/p>\n<p><strong>C\u00edrculo de donaci\u00f3n<\/strong><br \/>\n17 de enero, de 10.30 a 12.30 h.<br \/>\nCampa\u00f1a de donaci\u00f3n<br \/>\n<a href=\"https:\/\/delcofoundation.org\/app\/uploads\/2022\/01\/Circle-of-Giving-MLK-.jpg\" target=\"_blank\" rel=\"noopener\">M\u00e1s informaci\u00f3n<\/a><\/p>\n<p><strong>Cada ni\u00f1o cuenta y Media Theatre<\/strong><br \/>\nDel 4 al 17 de enero<br \/>\nRecogida de donativos<br \/>\n<a href=\"https:\/\/delcofoundation.org\/app\/uploads\/2022\/01\/ECC.jpg\" target=\"_blank\" rel=\"noopener\">M\u00e1s informaci\u00f3n<\/a><\/p>\n<p><strong>Grupo &#8220;Hacer un cambio<\/strong><br \/>\n17 de enero<br \/>\nCl\u00ednica de Vacunas<br \/>\n<a href=\"https:\/\/delcofoundation.org\/app\/uploads\/2022\/01\/MLK-2022-.jpg\" target=\"_blank\" rel=\"noopener\">M\u00e1s informaci\u00f3n<\/a><\/p>\n<p><strong>Casa de la Confraternidad de los Medios de Comunicaci\u00f3n<\/strong><br \/>\n17 de enero, de 13:00 a 15:00 h.<br \/>\nOportunidad de voluntariado: Ayuda a clasificar, empaquetar y transferir art\u00edculos de aseo a organizaciones que ayudan a mujeres y familias de Filadelfia y el condado de Delaware.<br \/>\n<a href=\"https:\/\/www.signupgenius.com\/go\/70a0444a8a929a4fd0-mlktoiletry\" target=\"_blank\" rel=\"noopener\">Inscripci\u00f3n y m\u00e1s informaci\u00f3n<\/a><\/p>\n<p><strong>Media Fellowship House y NAACP Media Area Branch<\/strong><br \/>\nSol. 16 de enero, de 15:00 a 16:30 h.<br \/>\nDr. Martin Luther King, Jr. Conmemoraci\u00f3n del Cumplea\u00f1os y Sal\u00f3n de la Fama del Esp\u00edritu<br \/>\n<a href=\"https:\/\/delcofoundation.org\/app\/uploads\/2022\/01\/Media-Fellowing-House-and-NAACP-Media-MLK-Event.jpg\">M\u00e1s informaci\u00f3n<\/a><\/p>\n<p><strong>Club Juvenil de Prospect Park y Compa\u00f1\u00eda de Bomberos de Prospect<\/strong>Park <strong><br \/>\n 17 de enero, de 8.00 a 12.00 horas<\/strong><br \/>\nRecogida de donativos de alimentos en la Compa\u00f1\u00eda de Bomberos de Prospect Park (1001 Lincoln Ave., Prospect Park)<br \/>\n<em>Los alimentos no perecederos sugeridos son comida enlatada, tarros de mantequilla de cacahuete o mermelada, arroz, cereales, fruta seca\/pasas, barritas de desayuno\/meriendas saludables, etc. Los donativos beneficiar\u00e1n a la despensa de alimentos Loaves &amp; Fishes y a la despensa de alimentos para estudiantes del Delaware County Community College.<\/em><br \/>\n<a href=\"http:\/\/mlkdayofservice.org\">M\u00e1s informaci\u00f3n<\/a><\/p>\n<p><strong>Iglesia Bautista de Prospect<\/strong>Hill <strong><br \/>\n 17 de enero, Mediod\u00eda, 703 Lincoln Ave., Prospect Park<\/strong><strong><br \/>\n<\/strong>Lectura comunitaria del discurso &#8220;Tengo un sue\u00f1o&#8221;.  <em>Los miembros de la comunidad est\u00e1n invitados a venir a leer o escuchar parte de este discurso hist\u00f3rico.<\/em><br \/>\nPonte en contacto con: paulkennethjohnson@yahoo si deseas leer una parte del discurso.<\/p>\n<p><strong>Bibliotecas del condado de Delaware<\/strong><br \/>\n17 de enero, 19:00 h.<br \/>\nSiguiendo los pasos del Dr. Martin Luther King, Jr.: Su influencia en la educaci\u00f3n y el ministerio<br \/>\n<a href=\"https:\/\/delcolibraries.libcal.com\/event\/8691110?hs=a\" target=\"_blank\" rel=\"noopener\">M\u00e1s informaci\u00f3n<\/a><\/p>\n<p><strong>Compa\u00f1eros de Equipo de los Profesores<br \/>\n<\/strong>15 de enero de 9:30 a 15:00 h, 16 de enero de 13:00 a 15:30 h, 17 de enero de 9:30 a 17:00 h.<br \/>\nOportunidad de voluntariado: Los Compa\u00f1eros de Equipo de los Profesores limpiar\u00e1n y ordenar\u00e1n su almac\u00e9n de Folcroft, lo que incluye limpiar, clasificar, contar y agrupar donativos, rellenar los pedidos de los profesores y limpiar superficies y espacios del almac\u00e9n. Las personas, familias y grupos pueden apuntarse para trabajar en el almac\u00e9n o recoger donativos que pueden clasificarse en su propio lugar (es decir, casa, escuela, lugar de trabajo) y devolverse al almac\u00e9n o a un lugar acordado mutuamente. Los ni\u00f1os son bienvenidos si van acompa\u00f1ados de uno de sus padres. Con antelaci\u00f3n, los voluntarios pueden recoger donativos<a href=\"https:\/\/teachersteammates.org\/get-involved\/#supplies-list\">(Lista de donativos aceptados<\/a>) y llevarlos consigo al almac\u00e9n.<br \/>\n\u00bfTienes preguntas? Contacto: <a href=\"mailto:raelyn.harman@TeachersTeammates.org\">Raelyn Harman<\/a><br \/>\n<a href=\"https:\/\/teachersfreestore.com\/Teammates\/volunteer\/Signup.aspx\" target=\"_blank\" rel=\"noopener\">Inscr\u00edbete<\/a><\/p>\n","protected":false},"excerpt":{"rendered":"<p>Natural Lands Hildacy Preserve 17 de enero, de 9:00 a 11:30 h. Oportunidad de voluntariado: Coge guantes y \u00fanete a otros voluntarios para eliminar especies de plantas invasoras, cultivar plantas aut\u00f3ctonas y restaurar h\u00e1bitats. Inscripci\u00f3n y m\u00e1s informaci\u00f3n Penn State Brandywine 17 &#8211; 21 enero Combatir el racismo y construir la comunidad (semana de programas)&#8230;<\/p>\n","protected":false},"author":5,"featured_media":0,"parent":0,"menu_order":0,"comment_status":"closed","ping_status":"closed","template":"","meta":{"_acf_changed":false,"inline_featured_image":false,"footnotes":""},"class_list":["post-5598","page","type-page","status-publish","hentry"],"acf":[],"yoast_head":"<!-- This site is optimized with the Yoast SEO plugin v26.7 - https:\/\/yoast.com\/wordpress\/plugins\/seo\/ -->\n<title>Actos del D\u00eda de Servicio MLK 2022 - The Foundation for Delaware County<\/title>\n<meta name=\"robots\" content=\"index, follow, max-snippet:-1, max-image-preview:large, max-video-preview:-1\" \/>\n<link rel=\"canonical\" href=\"https:\/\/delcofoundation.org\/es\/actos-del-dia-de-servicio-mlk-2022\/\" \/>\n<meta property=\"og:locale\" content=\"es_ES\" \/>\n<meta property=\"og:type\" content=\"article\" \/>\n<meta property=\"og:title\" content=\"Actos del D\u00eda de Servicio MLK 2022 - The Foundation for Delaware County\" \/>\n<meta property=\"og:description\" content=\"Natural Lands Hildacy Preserve 17 de enero, de 9:00 a 11:30 h. Oportunidad de voluntariado: Coge guantes y \u00fanete a otros voluntarios para eliminar especies de plantas invasoras, cultivar plantas aut\u00f3ctonas y restaurar h\u00e1bitats. Inscripci\u00f3n y m\u00e1s informaci\u00f3n Penn State Brandywine 17 &#8211; 21 enero Combatir el racismo y construir la comunidad (semana de programas)...\" \/>\n<meta property=\"og:url\" content=\"https:\/\/delcofoundation.org\/es\/actos-del-dia-de-servicio-mlk-2022\/\" \/>\n<meta property=\"og:site_name\" content=\"The Foundation for Delaware County\" \/>\n<meta property=\"article:modified_time\" content=\"2024-06-20T19:02:59+00:00\" \/>\n<meta property=\"og:image\" content=\"https:\/\/delcofoundation.org\/app\/uploads\/2021\/10\/320_FDC-Annual-21-e1631905307293.jpg\" \/>\n\t<meta property=\"og:image:width\" content=\"1950\" \/>\n\t<meta property=\"og:image:height\" content=\"1150\" \/>\n\t<meta property=\"og:image:type\" content=\"image\/jpeg\" \/>\n<meta name=\"twitter:card\" content=\"summary_large_image\" \/>\n<meta name=\"twitter:label1\" content=\"Est. reading time\" \/>\n\t<meta name=\"twitter:data1\" content=\"3 minutes\" \/>\n<script type=\"application\/ld+json\" class=\"yoast-schema-graph\">{\"@context\":\"https:\/\/schema.org\",\"@graph\":[{\"@type\":\"WebPage\",\"@id\":\"https:\/\/delcofoundation.org\/es\/actos-del-dia-de-servicio-mlk-2022\/\",\"url\":\"https:\/\/delcofoundation.org\/es\/actos-del-dia-de-servicio-mlk-2022\/\",\"name\":\"Actos del D\u00eda de Servicio MLK 2022 - The Foundation for Delaware County\",\"isPartOf\":{\"@id\":\"https:\/\/delcofoundation.org\/es\/#website\"},\"datePublished\":\"2022-01-05T15:26:19+00:00\",\"dateModified\":\"2024-06-20T19:02:59+00:00\",\"breadcrumb\":{\"@id\":\"https:\/\/delcofoundation.org\/es\/actos-del-dia-de-servicio-mlk-2022\/#breadcrumb\"},\"inLanguage\":\"es-ES\",\"potentialAction\":[{\"@type\":\"ReadAction\",\"target\":[\"https:\/\/delcofoundation.org\/es\/actos-del-dia-de-servicio-mlk-2022\/\"]}]},{\"@type\":\"BreadcrumbList\",\"@id\":\"https:\/\/delcofoundation.org\/es\/actos-del-dia-de-servicio-mlk-2022\/#breadcrumb\",\"itemListElement\":[{\"@type\":\"ListItem\",\"position\":1,\"name\":\"Home\",\"item\":\"https:\/\/delcofoundation.org\/es\/\"},{\"@type\":\"ListItem\",\"position\":2,\"name\":\"Actos del D\u00eda de Servicio MLK 2022\"}]},{\"@type\":\"WebSite\",\"@id\":\"https:\/\/delcofoundation.org\/es\/#website\",\"url\":\"https:\/\/delcofoundation.org\/es\/\",\"name\":\"The Foundation for Delaware County\",\"description\":\"\",\"publisher\":{\"@id\":\"https:\/\/delcofoundation.org\/es\/#organization\"},\"potentialAction\":[{\"@type\":\"SearchAction\",\"target\":{\"@type\":\"EntryPoint\",\"urlTemplate\":\"https:\/\/delcofoundation.org\/es\/?s={search_term_string}\"},\"query-input\":{\"@type\":\"PropertyValueSpecification\",\"valueRequired\":true,\"valueName\":\"search_term_string\"}}],\"inLanguage\":\"es-ES\"},{\"@type\":\"Organization\",\"@id\":\"https:\/\/delcofoundation.org\/es\/#organization\",\"name\":\"The Foundation for Delaware County\",\"url\":\"https:\/\/delcofoundation.org\/es\/\",\"logo\":{\"@type\":\"ImageObject\",\"inLanguage\":\"es-ES\",\"@id\":\"https:\/\/delcofoundation.org\/es\/#\/schema\/logo\/image\/\",\"url\":\"\",\"contentUrl\":\"\",\"caption\":\"The Foundation for Delaware County\"},\"image\":{\"@id\":\"https:\/\/delcofoundation.org\/es\/#\/schema\/logo\/image\/\"}}]}<\/script>\n<!-- \/ Yoast SEO plugin. -->","yoast_head_json":{"title":"Actos del D\u00eda de Servicio MLK 2022 - The Foundation for Delaware County","robots":{"index":"index","follow":"follow","max-snippet":"max-snippet:-1","max-image-preview":"max-image-preview:large","max-video-preview":"max-video-preview:-1"},"canonical":"https:\/\/delcofoundation.org\/es\/actos-del-dia-de-servicio-mlk-2022\/","og_locale":"es_ES","og_type":"article","og_title":"Actos del D\u00eda de Servicio MLK 2022 - The Foundation for Delaware County","og_description":"Natural Lands Hildacy Preserve 17 de enero, de 9:00 a 11:30 h. Oportunidad de voluntariado: Coge guantes y \u00fanete a otros voluntarios para eliminar especies de plantas invasoras, cultivar plantas aut\u00f3ctonas y restaurar h\u00e1bitats. Inscripci\u00f3n y m\u00e1s informaci\u00f3n Penn State Brandywine 17 &#8211; 21 enero Combatir el racismo y construir la comunidad (semana de programas)...","og_url":"https:\/\/delcofoundation.org\/es\/actos-del-dia-de-servicio-mlk-2022\/","og_site_name":"The Foundation for Delaware County","article_modified_time":"2024-06-20T19:02:59+00:00","og_image":[{"width":1950,"height":1150,"url":"https:\/\/delcofoundation.org\/app\/uploads\/2021\/10\/320_FDC-Annual-21-e1631905307293.jpg","type":"image\/jpeg"}],"twitter_card":"summary_large_image","twitter_misc":{"Est. reading time":"3 minutes"},"schema":{"@context":"https:\/\/schema.org","@graph":[{"@type":"WebPage","@id":"https:\/\/delcofoundation.org\/es\/actos-del-dia-de-servicio-mlk-2022\/","url":"https:\/\/delcofoundation.org\/es\/actos-del-dia-de-servicio-mlk-2022\/","name":"Actos del D\u00eda de Servicio MLK 2022 - The Foundation for Delaware County","isPartOf":{"@id":"https:\/\/delcofoundation.org\/es\/#website"},"datePublished":"2022-01-05T15:26:19+00:00","dateModified":"2024-06-20T19:02:59+00:00","breadcrumb":{"@id":"https:\/\/delcofoundation.org\/es\/actos-del-dia-de-servicio-mlk-2022\/#breadcrumb"},"inLanguage":"es-ES","potentialAction":[{"@type":"ReadAction","target":["https:\/\/delcofoundation.org\/es\/actos-del-dia-de-servicio-mlk-2022\/"]}]},{"@type":"BreadcrumbList","@id":"https:\/\/delcofoundation.org\/es\/actos-del-dia-de-servicio-mlk-2022\/#breadcrumb","itemListElement":[{"@type":"ListItem","position":1,"name":"Home","item":"https:\/\/delcofoundation.org\/es\/"},{"@type":"ListItem","position":2,"name":"Actos del D\u00eda de Servicio MLK 2022"}]},{"@type":"WebSite","@id":"https:\/\/delcofoundation.org\/es\/#website","url":"https:\/\/delcofoundation.org\/es\/","name":"The Foundation for Delaware County","description":"","publisher":{"@id":"https:\/\/delcofoundation.org\/es\/#organization"},"potentialAction":[{"@type":"SearchAction","target":{"@type":"EntryPoint","urlTemplate":"https:\/\/delcofoundation.org\/es\/?s={search_term_string}"},"query-input":{"@type":"PropertyValueSpecification","valueRequired":true,"valueName":"search_term_string"}}],"inLanguage":"es-ES"},{"@type":"Organization","@id":"https:\/\/delcofoundation.org\/es\/#organization","name":"The Foundation for Delaware County","url":"https:\/\/delcofoundation.org\/es\/","logo":{"@type":"ImageObject","inLanguage":"es-ES","@id":"https:\/\/delcofoundation.org\/es\/#\/schema\/logo\/image\/","url":"","contentUrl":"","caption":"The Foundation for Delaware County"},"image":{"@id":"https:\/\/delcofoundation.org\/es\/#\/schema\/logo\/image\/"}}]}},"_links":{"self":[{"href":"https:\/\/delcofoundation.org\/es\/wp-json\/wp\/v2\/pages\/5598","targetHints":{"allow":["GET"]}}],"collection":[{"href":"https:\/\/delcofoundation.org\/es\/wp-json\/wp\/v2\/pages"}],"about":[{"href":"https:\/\/delcofoundation.org\/es\/wp-json\/wp\/v2\/types\/page"}],"author":[{"embeddable":true,"href":"https:\/\/delcofoundation.org\/es\/wp-json\/wp\/v2\/users\/5"}],"replies":[{"embeddable":true,"href":"https:\/\/delcofoundation.org\/es\/wp-json\/wp\/v2\/comments?post=5598"}],"version-history":[{"count":1,"href":"https:\/\/delcofoundation.org\/es\/wp-json\/wp\/v2\/pages\/5598\/revisions"}],"predecessor-version":[{"id":6153,"href":"https:\/\/delcofoundation.org\/es\/wp-json\/wp\/v2\/pages\/5598\/revisions\/6153"}],"wp:attachment":[{"href":"https:\/\/delcofoundation.org\/es\/wp-json\/wp\/v2\/media?parent=5598"}],"curies":[{"name":"wp","href":"https:\/\/api.w.org\/{rel}","templated":true}]}}