{"id":5597,"date":"2022-04-07T20:18:39","date_gmt":"2022-04-07T20:18:39","guid":{"rendered":"https:\/\/delcofoundation.org\/programas-comunitarios\/nuestras-iniciativas\/programa-doula\/"},"modified":"2025-04-14T13:46:19","modified_gmt":"2025-04-14T13:46:19","slug":"programa-doula","status":"publish","type":"page","link":"https:\/\/delcofoundation.org\/es\/programas-comunitarios\/nuestras-iniciativas\/programa-doula\/","title":{"rendered":"Programa Doula"},"content":{"rendered":"<p><img loading=\"lazy\" decoding=\"async\" class=\"alignnone size-medium wp-image-4070\" src=\"https:\/\/delcofoundation.org\/app\/uploads\/2024\/03\/Doulas-2024--300x113.png\" alt=\"\" width=\"300\" height=\"113\" srcset=\"https:\/\/delcofoundation.org\/app\/uploads\/2024\/03\/Doulas-2024--300x113.png 300w, https:\/\/delcofoundation.org\/app\/uploads\/2024\/03\/Doulas-2024--1024x384.png 1024w, https:\/\/delcofoundation.org\/app\/uploads\/2024\/03\/Doulas-2024--768x288.png 768w, https:\/\/delcofoundation.org\/app\/uploads\/2024\/03\/Doulas-2024--1536x576.png 1536w, https:\/\/delcofoundation.org\/app\/uploads\/2024\/03\/Doulas-2024--2048x768.png 2048w, https:\/\/delcofoundation.org\/app\/uploads\/2024\/03\/Doulas-2024--1920x720.png 1920w, https:\/\/delcofoundation.org\/app\/uploads\/2024\/03\/Doulas-2024--241x90.png 241w\" sizes=\"auto, (max-width: 300px) 100vw, 300px\" \/><\/p>\n","protected":false},"excerpt":{"rendered":"","protected":false},"author":5,"featured_media":5142,"parent":5179,"menu_order":0,"comment_status":"closed","ping_status":"closed","template":"page-templates\/content-modules.php","meta":{"_acf_changed":false,"inline_featured_image":false,"footnotes":""},"class_list":["post-5597","page","type-page","status-publish","has-post-thumbnail","hentry"],"acf":[],"yoast_head":"<!-- This site is optimized with the Yoast SEO plugin v26.7 - https:\/\/yoast.com\/wordpress\/plugins\/seo\/ -->\n<title>Programa Doula - The Foundation for Delaware County<\/title>\n<meta name=\"description\" content=\"Las doulas trabajan con las parturientas en el embarazo, durante el parto e inmediatamente despu\u00e9s del nacimiento, proporcion\u00e1ndoles educaci\u00f3n, apoyo emocional y cuidados f\u00edsicos. Se ofrece a familias enteras informaci\u00f3n sobre defensa, embarazo, parto, lactancia, cuidados del reci\u00e9n nacido y adaptaci\u00f3n posparto para mam\u00e1s, pap\u00e1s, parejas y beb\u00e9s.\nLas doulas de parto ayudan a promover un entorno seguro para los padres trabajando con los profesionales m\u00e9dicos y los cuidadores del hospital, para garantizar que el padre o la madre que va a dar a luz reciba apoyo, se comprometa y se le escuche. Trabajando en colaboraci\u00f3n con los gestores de casos de Healthy Start, las doulas conectan a las familias con los recursos adicionales disponibles en el condado de Delaware y proporcionan cuidados de apoyo de seguimiento tras el parto.\" \/>\n<meta name=\"robots\" content=\"index, follow, max-snippet:-1, max-image-preview:large, max-video-preview:-1\" \/>\n<link rel=\"canonical\" href=\"https:\/\/delcofoundation.org\/es\/programas-comunitarios\/nuestras-iniciativas\/programa-doula\/\" \/>\n<meta property=\"og:locale\" content=\"es_ES\" \/>\n<meta property=\"og:type\" content=\"article\" \/>\n<meta property=\"og:title\" content=\"Programa Doula - The Foundation for Delaware County\" \/>\n<meta property=\"og:url\" content=\"https:\/\/delcofoundation.org\/es\/programas-comunitarios\/nuestras-iniciativas\/programa-doula\/\" \/>\n<meta property=\"og:site_name\" content=\"The Foundation for Delaware County\" \/>\n<meta property=\"article:modified_time\" content=\"2025-04-14T13:46:19+00:00\" \/>\n<meta property=\"og:image\" content=\"https:\/\/delcofoundation.org\/app\/uploads\/2024\/03\/Doulas-2024--1024x384.png\" \/>\n\t<meta property=\"og:image:width\" content=\"1024\" \/>\n\t<meta property=\"og:image:height\" content=\"384\" \/>\n\t<meta property=\"og:image:type\" content=\"image\/png\" \/>\n<meta name=\"twitter:card\" content=\"summary_large_image\" \/>\n<script type=\"application\/ld+json\" class=\"yoast-schema-graph\">{\"@context\":\"https:\/\/schema.org\",\"@graph\":[{\"@type\":\"WebPage\",\"@id\":\"https:\/\/delcofoundation.org\/es\/programas-comunitarios\/nuestras-iniciativas\/programa-doula\/\",\"url\":\"https:\/\/delcofoundation.org\/es\/programas-comunitarios\/nuestras-iniciativas\/programa-doula\/\",\"name\":\"Programa Doula - The Foundation for Delaware County\",\"isPartOf\":{\"@id\":\"https:\/\/delcofoundation.org\/es\/#website\"},\"primaryImageOfPage\":{\"@id\":\"https:\/\/delcofoundation.org\/es\/programas-comunitarios\/nuestras-iniciativas\/programa-doula\/#primaryimage\"},\"image\":{\"@id\":\"https:\/\/delcofoundation.org\/es\/programas-comunitarios\/nuestras-iniciativas\/programa-doula\/#primaryimage\"},\"thumbnailUrl\":\"https:\/\/delcofoundation.org\/app\/uploads\/2024\/03\/Doulas-2024-.png\",\"datePublished\":\"2022-04-07T20:18:39+00:00\",\"dateModified\":\"2025-04-14T13:46:19+00:00\",\"breadcrumb\":{\"@id\":\"https:\/\/delcofoundation.org\/es\/programas-comunitarios\/nuestras-iniciativas\/programa-doula\/#breadcrumb\"},\"inLanguage\":\"es-ES\",\"potentialAction\":[{\"@type\":\"ReadAction\",\"target\":[\"https:\/\/delcofoundation.org\/es\/programas-comunitarios\/nuestras-iniciativas\/programa-doula\/\"]}]},{\"@type\":\"ImageObject\",\"inLanguage\":\"es-ES\",\"@id\":\"https:\/\/delcofoundation.org\/es\/programas-comunitarios\/nuestras-iniciativas\/programa-doula\/#primaryimage\",\"url\":\"https:\/\/delcofoundation.org\/app\/uploads\/2024\/03\/Doulas-2024-.png\",\"contentUrl\":\"https:\/\/delcofoundation.org\/app\/uploads\/2024\/03\/Doulas-2024-.png\",\"width\":2560,\"height\":960},{\"@type\":\"BreadcrumbList\",\"@id\":\"https:\/\/delcofoundation.org\/es\/programas-comunitarios\/nuestras-iniciativas\/programa-doula\/#breadcrumb\",\"itemListElement\":[{\"@type\":\"ListItem\",\"position\":1,\"name\":\"Home\",\"item\":\"https:\/\/delcofoundation.org\/es\/\"},{\"@type\":\"ListItem\",\"position\":2,\"name\":\"Programas comunitarios\",\"item\":\"https:\/\/delcofoundation.org\/es\/programas-comunitarios\/\"},{\"@type\":\"ListItem\",\"position\":3,\"name\":\"Nuestras iniciativas\",\"item\":\"https:\/\/delcofoundation.org\/es\/programas-comunitarios\/nuestras-iniciativas\/\"},{\"@type\":\"ListItem\",\"position\":4,\"name\":\"Programa Doula\"}]},{\"@type\":\"WebSite\",\"@id\":\"https:\/\/delcofoundation.org\/es\/#website\",\"url\":\"https:\/\/delcofoundation.org\/es\/\",\"name\":\"The Foundation for Delaware County\",\"description\":\"\",\"publisher\":{\"@id\":\"https:\/\/delcofoundation.org\/es\/#organization\"},\"potentialAction\":[{\"@type\":\"SearchAction\",\"target\":{\"@type\":\"EntryPoint\",\"urlTemplate\":\"https:\/\/delcofoundation.org\/es\/?s={search_term_string}\"},\"query-input\":{\"@type\":\"PropertyValueSpecification\",\"valueRequired\":true,\"valueName\":\"search_term_string\"}}],\"inLanguage\":\"es-ES\"},{\"@type\":\"Organization\",\"@id\":\"https:\/\/delcofoundation.org\/es\/#organization\",\"name\":\"The Foundation for Delaware County\",\"url\":\"https:\/\/delcofoundation.org\/es\/\",\"logo\":{\"@type\":\"ImageObject\",\"inLanguage\":\"es-ES\",\"@id\":\"https:\/\/delcofoundation.org\/es\/#\/schema\/logo\/image\/\",\"url\":\"\",\"contentUrl\":\"\",\"caption\":\"The Foundation for Delaware County\"},\"image\":{\"@id\":\"https:\/\/delcofoundation.org\/es\/#\/schema\/logo\/image\/\"}}]}<\/script>\n<!-- \/ Yoast SEO plugin. -->","yoast_head_json":{"title":"Programa Doula - The Foundation for Delaware County","description":"Las doulas trabajan con las parturientas en el embarazo, durante el parto e inmediatamente despu\u00e9s del nacimiento, proporcion\u00e1ndoles educaci\u00f3n, apoyo emocional y cuidados f\u00edsicos. Se ofrece a familias enteras informaci\u00f3n sobre defensa, embarazo, parto, lactancia, cuidados del reci\u00e9n nacido y adaptaci\u00f3n posparto para mam\u00e1s, pap\u00e1s, parejas y beb\u00e9s.\nLas doulas de parto ayudan a promover un entorno seguro para los padres trabajando con los profesionales m\u00e9dicos y los cuidadores del hospital, para garantizar que el padre o la madre que va a dar a luz reciba apoyo, se comprometa y se le escuche. Trabajando en colaboraci\u00f3n con los gestores de casos de Healthy Start, las doulas conectan a las familias con los recursos adicionales disponibles en el condado de Delaware y proporcionan cuidados de apoyo de seguimiento tras el parto.","robots":{"index":"index","follow":"follow","max-snippet":"max-snippet:-1","max-image-preview":"max-image-preview:large","max-video-preview":"max-video-preview:-1"},"canonical":"https:\/\/delcofoundation.org\/es\/programas-comunitarios\/nuestras-iniciativas\/programa-doula\/","og_locale":"es_ES","og_type":"article","og_title":"Programa Doula - The Foundation for Delaware County","og_url":"https:\/\/delcofoundation.org\/es\/programas-comunitarios\/nuestras-iniciativas\/programa-doula\/","og_site_name":"The Foundation for Delaware County","article_modified_time":"2025-04-14T13:46:19+00:00","og_image":[{"width":1024,"height":384,"url":"https:\/\/delcofoundation.org\/app\/uploads\/2024\/03\/Doulas-2024--1024x384.png","type":"image\/png"}],"twitter_card":"summary_large_image","schema":{"@context":"https:\/\/schema.org","@graph":[{"@type":"WebPage","@id":"https:\/\/delcofoundation.org\/es\/programas-comunitarios\/nuestras-iniciativas\/programa-doula\/","url":"https:\/\/delcofoundation.org\/es\/programas-comunitarios\/nuestras-iniciativas\/programa-doula\/","name":"Programa Doula - The Foundation for Delaware County","isPartOf":{"@id":"https:\/\/delcofoundation.org\/es\/#website"},"primaryImageOfPage":{"@id":"https:\/\/delcofoundation.org\/es\/programas-comunitarios\/nuestras-iniciativas\/programa-doula\/#primaryimage"},"image":{"@id":"https:\/\/delcofoundation.org\/es\/programas-comunitarios\/nuestras-iniciativas\/programa-doula\/#primaryimage"},"thumbnailUrl":"https:\/\/delcofoundation.org\/app\/uploads\/2024\/03\/Doulas-2024-.png","datePublished":"2022-04-07T20:18:39+00:00","dateModified":"2025-04-14T13:46:19+00:00","breadcrumb":{"@id":"https:\/\/delcofoundation.org\/es\/programas-comunitarios\/nuestras-iniciativas\/programa-doula\/#breadcrumb"},"inLanguage":"es-ES","potentialAction":[{"@type":"ReadAction","target":["https:\/\/delcofoundation.org\/es\/programas-comunitarios\/nuestras-iniciativas\/programa-doula\/"]}]},{"@type":"ImageObject","inLanguage":"es-ES","@id":"https:\/\/delcofoundation.org\/es\/programas-comunitarios\/nuestras-iniciativas\/programa-doula\/#primaryimage","url":"https:\/\/delcofoundation.org\/app\/uploads\/2024\/03\/Doulas-2024-.png","contentUrl":"https:\/\/delcofoundation.org\/app\/uploads\/2024\/03\/Doulas-2024-.png","width":2560,"height":960},{"@type":"BreadcrumbList","@id":"https:\/\/delcofoundation.org\/es\/programas-comunitarios\/nuestras-iniciativas\/programa-doula\/#breadcrumb","itemListElement":[{"@type":"ListItem","position":1,"name":"Home","item":"https:\/\/delcofoundation.org\/es\/"},{"@type":"ListItem","position":2,"name":"Programas comunitarios","item":"https:\/\/delcofoundation.org\/es\/programas-comunitarios\/"},{"@type":"ListItem","position":3,"name":"Nuestras iniciativas","item":"https:\/\/delcofoundation.org\/es\/programas-comunitarios\/nuestras-iniciativas\/"},{"@type":"ListItem","position":4,"name":"Programa Doula"}]},{"@type":"WebSite","@id":"https:\/\/delcofoundation.org\/es\/#website","url":"https:\/\/delcofoundation.org\/es\/","name":"The Foundation for Delaware County","description":"","publisher":{"@id":"https:\/\/delcofoundation.org\/es\/#organization"},"potentialAction":[{"@type":"SearchAction","target":{"@type":"EntryPoint","urlTemplate":"https:\/\/delcofoundation.org\/es\/?s={search_term_string}"},"query-input":{"@type":"PropertyValueSpecification","valueRequired":true,"valueName":"search_term_string"}}],"inLanguage":"es-ES"},{"@type":"Organization","@id":"https:\/\/delcofoundation.org\/es\/#organization","name":"The Foundation for Delaware County","url":"https:\/\/delcofoundation.org\/es\/","logo":{"@type":"ImageObject","inLanguage":"es-ES","@id":"https:\/\/delcofoundation.org\/es\/#\/schema\/logo\/image\/","url":"","contentUrl":"","caption":"The Foundation for Delaware County"},"image":{"@id":"https:\/\/delcofoundation.org\/es\/#\/schema\/logo\/image\/"}}]}},"_links":{"self":[{"href":"https:\/\/delcofoundation.org\/es\/wp-json\/wp\/v2\/pages\/5597","targetHints":{"allow":["GET"]}}],"collection":[{"href":"https:\/\/delcofoundation.org\/es\/wp-json\/wp\/v2\/pages"}],"about":[{"href":"https:\/\/delcofoundation.org\/es\/wp-json\/wp\/v2\/types\/page"}],"author":[{"embeddable":true,"href":"https:\/\/delcofoundation.org\/es\/wp-json\/wp\/v2\/users\/5"}],"replies":[{"embeddable":true,"href":"https:\/\/delcofoundation.org\/es\/wp-json\/wp\/v2\/comments?post=5597"}],"version-history":[{"count":1,"href":"https:\/\/delcofoundation.org\/es\/wp-json\/wp\/v2\/pages\/5597\/revisions"}],"predecessor-version":[{"id":6176,"href":"https:\/\/delcofoundation.org\/es\/wp-json\/wp\/v2\/pages\/5597\/revisions\/6176"}],"up":[{"embeddable":true,"href":"https:\/\/delcofoundation.org\/es\/wp-json\/wp\/v2\/pages\/5179"}],"wp:featuredmedia":[{"embeddable":true,"href":"https:\/\/delcofoundation.org\/es\/wp-json\/wp\/v2\/media\/5142"}],"wp:attachment":[{"href":"https:\/\/delcofoundation.org\/es\/wp-json\/wp\/v2\/media?parent=5597"}],"curies":[{"name":"wp","href":"https:\/\/api.w.org\/{rel}","templated":true}]}}