{"id":5596,"date":"2022-02-01T15:43:08","date_gmt":"2022-02-01T15:43:08","guid":{"rendered":"https:\/\/delcofoundation.org\/mes-de-la-historia-negra-2022\/"},"modified":"2024-06-20T19:03:08","modified_gmt":"2024-06-20T19:03:08","slug":"mes-de-la-historia-negra-2022","status":"publish","type":"page","link":"https:\/\/delcofoundation.org\/es\/mes-de-la-historia-negra-2022\/","title":{"rendered":"Mes de la Historia Negra 2022"},"content":{"rendered":"<p><strong><img loading=\"lazy\" decoding=\"async\" class=\"size-full wp-image-1565 aligncenter\" src=\"https:\/\/delcofoundation.org\/app\/uploads\/2022\/01\/Tutu-little-bits-of-good-wist_info-quote-e1642792494798.jpg\" alt=\"\" width=\"605\" height=\"340\"><\/strong><\/p>\n<p><strong>Un poco de historia&#8230;  <\/strong><\/p>\n<p><span data-contrast=\"auto\">El Mes de la Historia Negra es una celebraci\u00f3n anual de los logros de los afroamericanos y un momento para reconocer su papel central en la historia de Estados Unidos. Tambi\u00e9n conocido como el Mes de la Historia Afroamericana, el acontecimiento surgi\u00f3 de la &#8220;Semana de la Historia Negra&#8221;, idea del famoso historiador Carter G. Woodson y otros destacados afroamericanos.  <\/span><\/p>\n<p><strong>Historia del condado de Delaware  <\/strong><\/p>\n<p><span data-contrast=\"auto\">Muchas partes vitales del Ferrocarril Subterr\u00e1neo, una red de personas que ofrec\u00edan refugio y ayuda a los esclavizados en su viaje hacia el norte, tuvieron su hogar en el condado de Delaware. Los gu\u00edas del Ferrocarril Subterr\u00e1neo, conocidos como conductores, albergaban a los esclavizados fugitivos en casas particulares, iglesias y escuelas, en un peligroso pasaje hacia la libertad. Recientemente, se ha abierto en el condado un nuevo recorrido autoguiado a pie por algunos lugares del ferrocarril subterr\u00e1neo. El recorrido comienza en Drexel Hill y termina en Friends Southwestern, donde est\u00e1n enterrados muchos abolicionistas destacados y figuras notables.  <\/span><a href=\"https:\/\/greaterupperdarby.com\/app\/uploads\/2021\/03\/UD-UGRR-WalkingTourGuide-5.pdf\" target=\"_blank\" rel=\"noopener\"><span data-contrast=\"auto\">M\u00e1s informaci\u00f3n<\/span><\/a><\/p>\n<p><span style=\"font-weight: 300;\" data-contrast=\"auto\"><span class=\"TextRun SCXW220953306 BCX0\" lang=\"EN-US\" data-contrast=\"auto\" xml:lang=\"EN-US\"><br \/>\n  <span class=\"NormalTextRun SCXW220953306 BCX0\">En el condado de Delaware se encuentra el<\/span><br \/>\n<\/span> Cemetery, el cementerio p\u00fablico afroamericano m\u00e1s antiguo de Estados Unidos y lugar de descanso final de m\u00e1s de 400 tropas de color estadounidenses. En el cementerio Eden tambi\u00e9n viven varias personas famosas, como Marian Anderson, la contralto estadounidense. En 1939, las Hijas de la Revoluci\u00f3n Americana se negaron a permitir que Anderson cantara ante un p\u00fablico integrado en Washington D.C. Anderson, a cambio, dio un golpe a los derechos civiles cuando cant\u00f3 en las escaleras del Lincoln Memorial ante un p\u00fablico presencial de 75.000 personas y una audiencia radiof\u00f3nica de millones de personas.<\/span><i style=\"font-weight: 300;\"><br \/>\n  <span data-contrast=\"auto\">. <\/span><br \/>\n<\/i><a href=\"http:\/\/marianandersonhistoricalsociety.weebly.com\/biography.html\" target=\"_blank\" rel=\"noopener\">M\u00e1s informaci\u00f3n sobre Marian Anderson y su carrera.<\/a><\/p>\n<p><span data-contrast=\"auto\">Tambi\u00e9n est\u00e1 enterrado en Eden William Still, hombre nacido libre, l\u00edder del movimiento abolicionista y padre del Ferrocarril Subterr\u00e1neo. A\u00fan as\u00ed, ayud\u00f3 a cientos de personas esclavizadas a escapar de la esclavitud y, en un momento dado, lleg\u00f3 a ayudar hasta a 60 personas esclavizadas al mes a huir hacia la libertad.  <\/span><a href=\"http:\/\/stillfamily.library.temple.edu\/exhibits\/show\/william-still\/historical-perspective\/william-still---s-national-sig\" target=\"_blank\" rel=\"noopener\">M\u00e1s informaci\u00f3n sobre la vida y obra de William Still<\/a>.<\/p>\n<p><span data-contrast=\"auto\">Otros pioneros enterrados en Eden son John Baxter Taylor Jr., veterinario que fue el primer medallista de oro ol\u00edmpico afroamericano, y el reverendo Dr. Charles Tindley, considerado el Padre de la M\u00fasica Gospel Americana, as\u00ed como Laura Wheeler Waring, la conocida artista del Renacimiento de Harlem.  <\/span><span data-ccp-props=\"{\"201341983\":0,\"335559739\":160,\"335559740\":257}\"> <\/span><\/p>\n<p><span data-contrast=\"auto\">En el condado de Delaware se encuentra la universidad hist\u00f3ricamente negra m\u00e1s antigua de Estados Unidos, la Universidad de Cheyney. Entre los conferenciantes de Cheyney se encuentran W.E.B. DuBois y Langston Hughes; entre los oradores de la ceremonia de graduaci\u00f3n se encuentran el ex presidente Jimmy Carter, la escritora Alex Haley y el ex director ejecutivo de la NAACP Benjamin J. Hooks.  <\/span><a href=\"https:\/\/cheyney.edu\/for-parents\/history-traditions\/\" target=\"_blank\" rel=\"noopener\">M\u00e1s informaci\u00f3n sobre la Universidad de Cheyney.<\/a><\/p>\n<p><span data-contrast=\"auto\">Natural de Chester, en el condado de Delaware, Bayard Rustin fue activista de los derechos civiles y estrecho asesor de Martin Luther King Jr. En 1941, Rustin trabaj\u00f3 en el  <\/span><span data-contrast=\"auto\">Movimiento Marcha sobre Washington<\/span><span data-contrast=\"auto\">cuyo objetivo era acabar con <\/span><span data-contrast=\"auto\">la discriminaci\u00f3n racial<\/span><span data-contrast=\"auto\">  en el empleo. Rustin fue tambi\u00e9n uno de los principales organizadores de  <\/span><span data-contrast=\"auto\">Viajes de la Libertad<\/span><span data-contrast=\"auto\">viajes en autobuses interestatales a la <\/span><span data-contrast=\"auto\">segregados<\/span><span data-contrast=\"auto\"> <\/span><span data-contrast=\"auto\">Sur<\/span><span data-contrast=\"auto\"> <\/span><span data-contrast=\"auto\">Estados Unidos<\/span><span data-contrast=\"auto\"> en 1961 y a\u00f1os posteriores que impugnaban la no aplicaci\u00f3n de la <\/span><span data-contrast=\"auto\">Tribunal Supremo de Estados Unidos<\/span><span data-contrast=\"auto\"> que declaraban inconstitucionales los autobuses p\u00fablicos segregados.<\/span><span data-ccp-props=\"{\"201341983\":0,\"335559739\":160,\"335559740\":257}\"> <\/span><a href=\"https:\/\/kinginstitute.stanford.edu\/encyclopedia\/rustin-bayard\" target=\"_blank\" rel=\"noopener\">M\u00e1s informaci\u00f3n sobre Bayard Rustin.<\/a><\/p>\n<p><span data-contrast=\"auto\">Otros nativos notables del condado de Delaware son Leroy Russell Burrell, ex atleta de pista y campo que gan\u00f3 la medalla de oro en los 100 m por delante de Carl Lewis en los Juegos de la Buena Voluntad de 1990 en Seattle; Ted Dean, corredor de los Philadelphia Eagles; el famoso periodista Bill Whitaker; y Wanda Sykes, actriz, c\u00f3mica y escritora.<\/span><span data-ccp-props=\"{\"201341983\":0,\"335559739\":160,\"335559740\":257}\"> <\/span><\/p>\n<p><b><span data-contrast=\"auto\">Eventos locales sin \u00e1nimo de lucro<\/span><\/b><span data-ccp-props=\"{\"201341983\":0,\"335559739\":160,\"335559740\":257}\"> <\/span><\/p>\n<p><b><br \/>\n  <span data-contrast=\"auto\">Colegio Comunitario del Condado de Delaware<br \/>\n<\/span><br \/>\n<\/b>Aprendiendo de Nuestra Historia: Una exposici\u00f3n de expedientes de personas esclavizadas en el condado de Delaware<br \/>\nJueves, 17 de febrero de 2022 | 5:00 &#8211; 6:15 p.m.<br \/>\n<a href=\"https:\/\/cesjdccc.ticketleap.com\/learningfromourhistory\/\" target=\"_blank\" rel=\"noopener\">Reg\u00edstrate en<\/a><\/p>\n<p><b><br \/>\n  <span style=\"font-size: 12.0pt; color: black;\">Equidad y Salud Mental: Agotamiento Colectivo; Restauraci\u00f3n Colaborativa<br \/>\n<\/span><br \/>\n<\/b><span style=\"font-size: 12.0pt; color: black;\">Organizado por el Centro para la Equidad y la Justicia Social del Delaware County Community College<br \/>\n<\/span><span style=\"font-size: 12.0pt; color: black;\">Martes, 22 de febrero de 2022 | 5:00 &#8211; 6:15 p.m<\/span><b><br \/>\n  <span style=\"font-size: 12.0pt; color: black;\">.<br \/>\n<\/span><br \/>\n<\/b><a href=\"https:\/\/dccc.zoom.us\/webinar\/register\/WN_ht8E1Ji9SSmxXeihSL6CGQ\" target=\"_blank\" rel=\"noopener\"><br \/>\n  <span style=\"font-size: 12.0pt; color: black;\">Inscr\u00edbete<\/span><br \/>\n<\/a><\/p>\n<p><strong>Foro Empresarial Negro y Diverso<\/strong><br \/>\nDelaware County Community College, Presentado por el Senador Tim Kearney y la Rep. Gina Curry<br \/>\nS\u00e1bado, 26 de febrero | <span style=\"font-size: 12.0pt; color: black;\"> 9:00 a.m. &#8211; 1:00 p.m.<br \/>\n<a href=\"https:\/\/delcofoundation.org\/app\/uploads\/2022\/02\/BHM-DCCC.png\">M\u00e1s informaci\u00f3n<\/a><\/span><\/p>\n<p><strong>Programa Virtual de la Sociedad Hist\u00f3rica del Condado de Delaware<\/strong><br \/>\n<span class=\"color_11\">Astillero n\u00ba 4 de Sun Shipbuilding &amp; Drydock Company<br \/>\nMi\u00e9rcoles 23 de febrero a las 18:30 h.<br \/>\n<a href=\"https:\/\/www.padelcohistory.org\/\" target=\"_blank\" rel=\"noopener\">M\u00e1s informaci\u00f3n<\/a><\/span><\/p>\n<p><strong>Trivial virtual del Mes de la Historia Negra del Club de Nataci\u00f3n del Nilo<\/strong><br \/>\nS\u00e1bado, 19 de febrero | <span style=\"font-size: 12.0pt; color: black;\"> 16:00 &#8211; 18:<\/span>00 h. <span style=\"font-size: 12.0pt; color: black;\"><br \/>\n<a href=\"https:\/\/www.nileswimclub.org\/events-1\/nsc-black-history-virtual-trivia-event\" target=\"_blank\" rel=\"noopener\">Inscr\u00edbete<\/a><\/span><\/p>\n<p><strong>Campa\u00f1a de recogida de libros Cada ni\u00f1o cuenta<\/strong><br \/>\n<a href=\"https:\/\/delcofoundation.org\/app\/uploads\/2022\/02\/Black-History-Month-FB.png\" target=\"_blank\" rel=\"noopener\">M\u00e1s informaci\u00f3n<\/a><\/p>\n<p><b><span data-contrast=\"auto\">Otros eventos<\/span><\/b><\/p>\n<p><span data-contrast=\"auto\">En febrero se inaugura en Chester un innovador sal\u00f3n de comidas artesanales dirigido por una misi\u00f3n. Una forma creativa de abordar la inseguridad alimentaria en la ciudad y ayudar a las comunidades desfavorecidas. El nuevo sal\u00f3n de comidas acoge a chefs aclamados por la cr\u00edtica y a algunos de los mejores operadores locales de alimentos, entre ellos El &#8220;Equipo de chefs estrella&#8221; que ha dise\u00f1ado el men\u00fa incluye a Aziza Young (ex alumna de Chopped y Hell&#8217;s Kitchen), Kurt Evans (The World&#8217;s 50 Best Chefs), Malik Ali (ex alumna de Chopped), Gregory Headen (campe\u00f3n de Chopped) y Stephanie Willis (ex alumna de Masterchef).  <\/span><a href=\"https:\/\/delco.today\/2022\/01\/vittles-food-hall-chester\/?utm_source=DELCO+Today&amp;utm_campaign=007edd817c-DailyEmailCampaign-Delco&amp;utm_medium=email&amp;utm_term=0_827014fd8d-007edd817c-275166165\" target=\"_blank\" rel=\"noopener\">M\u00e1s informaci\u00f3n sobre Vittles<\/a><i><br \/>\n  <span data-contrast=\"auto\">. <\/span><br \/>\n<\/i> <span data-ccp-props=\"{\"201341983\":0,\"335559739\":160,\"335559740\":257}\"> <\/span><\/p>\n<p><span data-contrast=\"auto\">\u00bfBuscas formas de celebrar virtualmente el Mes de la Historia Negra con un equipo en el trabajo? Recorridos Virtuales Inesperados ha reunido algunas ideas creativas.  <\/span><a href=\"https:\/\/unexpectedvirtualtours.com\/virtual-black-history-month-ideas-for-corporate-and-remote-teams\/\" target=\"_blank\" rel=\"noopener\">M\u00e1s<\/a> informaci\u00f3n.  <span data-ccp-props=\"{\"201341983\":0,\"335559739\":160,\"335559740\":257}\"> <\/span><\/p>\n<p><span data-contrast=\"auto\">Compra en tu localidad. Apoya a las <a href=\"https:\/\/swarthmoreseniors.com\/black-owned-businesses\" target=\"_blank\" rel=\"noopener\">empresas propiedad de negros<\/a> en nuestras comunidades.<\/span><\/p>\n","protected":false},"excerpt":{"rendered":"<p>Un poco de historia&#8230; El Mes de la Historia Negra es una celebraci\u00f3n anual de los logros de los afroamericanos y un momento para reconocer su papel central en la historia de Estados Unidos. Tambi\u00e9n conocido como el Mes de la Historia Afroamericana, el acontecimiento surgi\u00f3 de la &#8220;Semana de la Historia Negra&#8221;, idea del&#8230;<\/p>\n","protected":false},"author":5,"featured_media":0,"parent":0,"menu_order":0,"comment_status":"closed","ping_status":"closed","template":"","meta":{"_acf_changed":false,"inline_featured_image":false,"footnotes":""},"class_list":["post-5596","page","type-page","status-publish","hentry"],"acf":[],"yoast_head":"<!-- This site is optimized with the Yoast SEO plugin v26.7 - https:\/\/yoast.com\/wordpress\/plugins\/seo\/ -->\n<title>Mes de la Historia Negra 2022 - The Foundation for Delaware County<\/title>\n<meta name=\"robots\" content=\"index, follow, max-snippet:-1, max-image-preview:large, max-video-preview:-1\" \/>\n<link rel=\"canonical\" href=\"https:\/\/delcofoundation.org\/es\/mes-de-la-historia-negra-2022\/\" \/>\n<meta property=\"og:locale\" content=\"es_ES\" \/>\n<meta property=\"og:type\" content=\"article\" \/>\n<meta property=\"og:title\" content=\"Mes de la Historia Negra 2022 - The Foundation for Delaware County\" \/>\n<meta property=\"og:description\" content=\"Un poco de historia&#8230; El Mes de la Historia Negra es una celebraci\u00f3n anual de los logros de los afroamericanos y un momento para reconocer su papel central en la historia de Estados Unidos. Tambi\u00e9n conocido como el Mes de la Historia Afroamericana, el acontecimiento surgi\u00f3 de la &#8220;Semana de la Historia Negra&#8221;, idea del...\" \/>\n<meta property=\"og:url\" content=\"https:\/\/delcofoundation.org\/es\/mes-de-la-historia-negra-2022\/\" \/>\n<meta property=\"og:site_name\" content=\"The Foundation for Delaware County\" \/>\n<meta property=\"article:modified_time\" content=\"2024-06-20T19:03:08+00:00\" \/>\n<meta property=\"og:image\" content=\"https:\/\/delcofoundation.org\/app\/uploads\/2022\/01\/Tutu-little-bits-of-good-wist_info-quote-e1642792494798.jpg\" \/>\n<meta name=\"twitter:card\" content=\"summary_large_image\" \/>\n<meta name=\"twitter:label1\" content=\"Est. reading time\" \/>\n\t<meta name=\"twitter:data1\" content=\"5 minutes\" \/>\n<script type=\"application\/ld+json\" class=\"yoast-schema-graph\">{\"@context\":\"https:\/\/schema.org\",\"@graph\":[{\"@type\":\"WebPage\",\"@id\":\"https:\/\/delcofoundation.org\/es\/mes-de-la-historia-negra-2022\/\",\"url\":\"https:\/\/delcofoundation.org\/es\/mes-de-la-historia-negra-2022\/\",\"name\":\"Mes de la Historia Negra 2022 - The Foundation for Delaware County\",\"isPartOf\":{\"@id\":\"https:\/\/delcofoundation.org\/es\/#website\"},\"primaryImageOfPage\":{\"@id\":\"https:\/\/delcofoundation.org\/es\/mes-de-la-historia-negra-2022\/#primaryimage\"},\"image\":{\"@id\":\"https:\/\/delcofoundation.org\/es\/mes-de-la-historia-negra-2022\/#primaryimage\"},\"thumbnailUrl\":\"https:\/\/delcofoundation.org\/app\/uploads\/2022\/01\/Tutu-little-bits-of-good-wist_info-quote-e1642792494798.jpg\",\"datePublished\":\"2022-02-01T15:43:08+00:00\",\"dateModified\":\"2024-06-20T19:03:08+00:00\",\"breadcrumb\":{\"@id\":\"https:\/\/delcofoundation.org\/es\/mes-de-la-historia-negra-2022\/#breadcrumb\"},\"inLanguage\":\"es-ES\",\"potentialAction\":[{\"@type\":\"ReadAction\",\"target\":[\"https:\/\/delcofoundation.org\/es\/mes-de-la-historia-negra-2022\/\"]}]},{\"@type\":\"ImageObject\",\"inLanguage\":\"es-ES\",\"@id\":\"https:\/\/delcofoundation.org\/es\/mes-de-la-historia-negra-2022\/#primaryimage\",\"url\":\"https:\/\/delcofoundation.org\/app\/uploads\/2022\/01\/Tutu-little-bits-of-good-wist_info-quote-e1642792494798.jpg\",\"contentUrl\":\"https:\/\/delcofoundation.org\/app\/uploads\/2022\/01\/Tutu-little-bits-of-good-wist_info-quote-e1642792494798.jpg\"},{\"@type\":\"BreadcrumbList\",\"@id\":\"https:\/\/delcofoundation.org\/es\/mes-de-la-historia-negra-2022\/#breadcrumb\",\"itemListElement\":[{\"@type\":\"ListItem\",\"position\":1,\"name\":\"Home\",\"item\":\"https:\/\/delcofoundation.org\/es\/\"},{\"@type\":\"ListItem\",\"position\":2,\"name\":\"Mes de la Historia Negra 2022\"}]},{\"@type\":\"WebSite\",\"@id\":\"https:\/\/delcofoundation.org\/es\/#website\",\"url\":\"https:\/\/delcofoundation.org\/es\/\",\"name\":\"The Foundation for Delaware County\",\"description\":\"\",\"publisher\":{\"@id\":\"https:\/\/delcofoundation.org\/es\/#organization\"},\"potentialAction\":[{\"@type\":\"SearchAction\",\"target\":{\"@type\":\"EntryPoint\",\"urlTemplate\":\"https:\/\/delcofoundation.org\/es\/?s={search_term_string}\"},\"query-input\":{\"@type\":\"PropertyValueSpecification\",\"valueRequired\":true,\"valueName\":\"search_term_string\"}}],\"inLanguage\":\"es-ES\"},{\"@type\":\"Organization\",\"@id\":\"https:\/\/delcofoundation.org\/es\/#organization\",\"name\":\"The Foundation for Delaware County\",\"url\":\"https:\/\/delcofoundation.org\/es\/\",\"logo\":{\"@type\":\"ImageObject\",\"inLanguage\":\"es-ES\",\"@id\":\"https:\/\/delcofoundation.org\/es\/#\/schema\/logo\/image\/\",\"url\":\"\",\"contentUrl\":\"\",\"caption\":\"The Foundation for Delaware County\"},\"image\":{\"@id\":\"https:\/\/delcofoundation.org\/es\/#\/schema\/logo\/image\/\"}}]}<\/script>\n<!-- \/ Yoast SEO plugin. -->","yoast_head_json":{"title":"Mes de la Historia Negra 2022 - The Foundation for Delaware County","robots":{"index":"index","follow":"follow","max-snippet":"max-snippet:-1","max-image-preview":"max-image-preview:large","max-video-preview":"max-video-preview:-1"},"canonical":"https:\/\/delcofoundation.org\/es\/mes-de-la-historia-negra-2022\/","og_locale":"es_ES","og_type":"article","og_title":"Mes de la Historia Negra 2022 - The Foundation for Delaware County","og_description":"Un poco de historia&#8230; El Mes de la Historia Negra es una celebraci\u00f3n anual de los logros de los afroamericanos y un momento para reconocer su papel central en la historia de Estados Unidos. Tambi\u00e9n conocido como el Mes de la Historia Afroamericana, el acontecimiento surgi\u00f3 de la &#8220;Semana de la Historia Negra&#8221;, idea del...","og_url":"https:\/\/delcofoundation.org\/es\/mes-de-la-historia-negra-2022\/","og_site_name":"The Foundation for Delaware County","article_modified_time":"2024-06-20T19:03:08+00:00","og_image":[{"url":"https:\/\/delcofoundation.org\/app\/uploads\/2022\/01\/Tutu-little-bits-of-good-wist_info-quote-e1642792494798.jpg","type":"","width":"","height":""}],"twitter_card":"summary_large_image","twitter_misc":{"Est. reading time":"5 minutes"},"schema":{"@context":"https:\/\/schema.org","@graph":[{"@type":"WebPage","@id":"https:\/\/delcofoundation.org\/es\/mes-de-la-historia-negra-2022\/","url":"https:\/\/delcofoundation.org\/es\/mes-de-la-historia-negra-2022\/","name":"Mes de la Historia Negra 2022 - The Foundation for Delaware County","isPartOf":{"@id":"https:\/\/delcofoundation.org\/es\/#website"},"primaryImageOfPage":{"@id":"https:\/\/delcofoundation.org\/es\/mes-de-la-historia-negra-2022\/#primaryimage"},"image":{"@id":"https:\/\/delcofoundation.org\/es\/mes-de-la-historia-negra-2022\/#primaryimage"},"thumbnailUrl":"https:\/\/delcofoundation.org\/app\/uploads\/2022\/01\/Tutu-little-bits-of-good-wist_info-quote-e1642792494798.jpg","datePublished":"2022-02-01T15:43:08+00:00","dateModified":"2024-06-20T19:03:08+00:00","breadcrumb":{"@id":"https:\/\/delcofoundation.org\/es\/mes-de-la-historia-negra-2022\/#breadcrumb"},"inLanguage":"es-ES","potentialAction":[{"@type":"ReadAction","target":["https:\/\/delcofoundation.org\/es\/mes-de-la-historia-negra-2022\/"]}]},{"@type":"ImageObject","inLanguage":"es-ES","@id":"https:\/\/delcofoundation.org\/es\/mes-de-la-historia-negra-2022\/#primaryimage","url":"https:\/\/delcofoundation.org\/app\/uploads\/2022\/01\/Tutu-little-bits-of-good-wist_info-quote-e1642792494798.jpg","contentUrl":"https:\/\/delcofoundation.org\/app\/uploads\/2022\/01\/Tutu-little-bits-of-good-wist_info-quote-e1642792494798.jpg"},{"@type":"BreadcrumbList","@id":"https:\/\/delcofoundation.org\/es\/mes-de-la-historia-negra-2022\/#breadcrumb","itemListElement":[{"@type":"ListItem","position":1,"name":"Home","item":"https:\/\/delcofoundation.org\/es\/"},{"@type":"ListItem","position":2,"name":"Mes de la Historia Negra 2022"}]},{"@type":"WebSite","@id":"https:\/\/delcofoundation.org\/es\/#website","url":"https:\/\/delcofoundation.org\/es\/","name":"The Foundation for Delaware County","description":"","publisher":{"@id":"https:\/\/delcofoundation.org\/es\/#organization"},"potentialAction":[{"@type":"SearchAction","target":{"@type":"EntryPoint","urlTemplate":"https:\/\/delcofoundation.org\/es\/?s={search_term_string}"},"query-input":{"@type":"PropertyValueSpecification","valueRequired":true,"valueName":"search_term_string"}}],"inLanguage":"es-ES"},{"@type":"Organization","@id":"https:\/\/delcofoundation.org\/es\/#organization","name":"The Foundation for Delaware County","url":"https:\/\/delcofoundation.org\/es\/","logo":{"@type":"ImageObject","inLanguage":"es-ES","@id":"https:\/\/delcofoundation.org\/es\/#\/schema\/logo\/image\/","url":"","contentUrl":"","caption":"The Foundation for Delaware County"},"image":{"@id":"https:\/\/delcofoundation.org\/es\/#\/schema\/logo\/image\/"}}]}},"_links":{"self":[{"href":"https:\/\/delcofoundation.org\/es\/wp-json\/wp\/v2\/pages\/5596","targetHints":{"allow":["GET"]}}],"collection":[{"href":"https:\/\/delcofoundation.org\/es\/wp-json\/wp\/v2\/pages"}],"about":[{"href":"https:\/\/delcofoundation.org\/es\/wp-json\/wp\/v2\/types\/page"}],"author":[{"embeddable":true,"href":"https:\/\/delcofoundation.org\/es\/wp-json\/wp\/v2\/users\/5"}],"replies":[{"embeddable":true,"href":"https:\/\/delcofoundation.org\/es\/wp-json\/wp\/v2\/comments?post=5596"}],"version-history":[{"count":1,"href":"https:\/\/delcofoundation.org\/es\/wp-json\/wp\/v2\/pages\/5596\/revisions"}],"predecessor-version":[{"id":6114,"href":"https:\/\/delcofoundation.org\/es\/wp-json\/wp\/v2\/pages\/5596\/revisions\/6114"}],"wp:attachment":[{"href":"https:\/\/delcofoundation.org\/es\/wp-json\/wp\/v2\/media?parent=5596"}],"curies":[{"name":"wp","href":"https:\/\/api.w.org\/{rel}","templated":true}]}}