{"id":5592,"date":"2022-07-26T16:07:51","date_gmt":"2022-07-26T16:07:51","guid":{"rendered":"https:\/\/delcofoundation.org\/programa-de-paternidad\/"},"modified":"2025-05-30T13:34:48","modified_gmt":"2025-05-30T13:34:48","slug":"programa-de-paternidad","status":"publish","type":"page","link":"https:\/\/delcofoundation.org\/es\/programa-de-paternidad\/","title":{"rendered":"Programa de paternidad"},"content":{"rendered":"","protected":false},"excerpt":{"rendered":"","protected":false},"author":5,"featured_media":0,"parent":0,"menu_order":0,"comment_status":"closed","ping_status":"closed","template":"page-templates\/content-modules.php","meta":{"_acf_changed":false,"inline_featured_image":false,"footnotes":""},"class_list":["post-5592","page","type-page","status-publish","hentry"],"acf":[],"yoast_head":"<!-- This site is optimized with the Yoast SEO plugin v26.7 - https:\/\/yoast.com\/wordpress\/plugins\/seo\/ -->\n<title>Programa de paternidad - The Foundation for Delaware County<\/title>\n<meta name=\"description\" content=\"El Programa de Paternidad es para padres, parejas o futuros padres. La programaci\u00f3n incluye reuniones informales, grupos de apoyo, actos especiales y sesiones individuales con el coordinador de paternidad de la fundaci\u00f3n.\nNuestro objetivo es asegurarnos de que los padres y las parejas tengan acceso a recursos, informaci\u00f3n y apoyos \u00fatiles, \u00a1del mismo modo que las madres o las personas embarazadas! A trav\u00e9s de nuestro programa de paternidad, las parejas de las futuras mam\u00e1s tienen la oportunidad de establecer conexiones con el personal del programa. Cuando los futuros padres completan las herramientas de detecci\u00f3n especializadas, se les remite a los recursos comunitarios adecuados. Los padres aprender\u00e1n m\u00e1s sobre las experiencias de los padres para optimizar su participaci\u00f3n durante el proceso de embarazo, el nacimiento del ni\u00f1o y despu\u00e9s de que nazca el beb\u00e9. Los padres tienen acceso a una aplicaci\u00f3n exclusiva accesible desde el m\u00f3vil que comparte mensajes coherentes para apoyar el viaje de la paternidad. Tambi\u00e9n se anima a los padres y socios a participar en el Comit\u00e9 de Participaci\u00f3n Paterna, de periodicidad mensual, para crear comunidad y desarrollar recursos que refuercen el sistema de atenci\u00f3n a los padres en el condado de Delaware.\n\u00a0\nPonte en contacto con el Dr. Onaje Muid para obtener m\u00e1s informaci\u00f3n.\" \/>\n<meta name=\"robots\" content=\"index, follow, max-snippet:-1, max-image-preview:large, max-video-preview:-1\" \/>\n<link rel=\"canonical\" href=\"https:\/\/delcofoundation.org\/es\/programa-de-paternidad\/\" \/>\n<meta property=\"og:locale\" content=\"es_ES\" \/>\n<meta property=\"og:type\" content=\"article\" \/>\n<meta property=\"og:title\" content=\"Programa de paternidad - The Foundation for Delaware County\" \/>\n<meta property=\"og:url\" content=\"https:\/\/delcofoundation.org\/es\/programa-de-paternidad\/\" \/>\n<meta property=\"og:site_name\" content=\"The Foundation for Delaware County\" \/>\n<meta property=\"article:modified_time\" content=\"2025-05-30T13:34:48+00:00\" \/>\n<meta property=\"og:image\" content=\"https:\/\/delcofoundation.org\/app\/uploads\/2021\/10\/320_FDC-Annual-21-e1631905307293.jpg\" \/>\n\t<meta property=\"og:image:width\" content=\"1950\" \/>\n\t<meta property=\"og:image:height\" content=\"1150\" \/>\n\t<meta property=\"og:image:type\" content=\"image\/jpeg\" \/>\n<meta name=\"twitter:card\" content=\"summary_large_image\" \/>\n<script type=\"application\/ld+json\" class=\"yoast-schema-graph\">{\"@context\":\"https:\/\/schema.org\",\"@graph\":[{\"@type\":\"WebPage\",\"@id\":\"https:\/\/delcofoundation.org\/es\/programa-de-paternidad\/\",\"url\":\"https:\/\/delcofoundation.org\/es\/programa-de-paternidad\/\",\"name\":\"Programa de paternidad - The Foundation for Delaware County\",\"isPartOf\":{\"@id\":\"https:\/\/delcofoundation.org\/es\/#website\"},\"datePublished\":\"2022-07-26T16:07:51+00:00\",\"dateModified\":\"2025-05-30T13:34:48+00:00\",\"breadcrumb\":{\"@id\":\"https:\/\/delcofoundation.org\/es\/programa-de-paternidad\/#breadcrumb\"},\"inLanguage\":\"es-ES\",\"potentialAction\":[{\"@type\":\"ReadAction\",\"target\":[\"https:\/\/delcofoundation.org\/es\/programa-de-paternidad\/\"]}]},{\"@type\":\"BreadcrumbList\",\"@id\":\"https:\/\/delcofoundation.org\/es\/programa-de-paternidad\/#breadcrumb\",\"itemListElement\":[{\"@type\":\"ListItem\",\"position\":1,\"name\":\"Home\",\"item\":\"https:\/\/delcofoundation.org\/es\/\"},{\"@type\":\"ListItem\",\"position\":2,\"name\":\"Programa de paternidad\"}]},{\"@type\":\"WebSite\",\"@id\":\"https:\/\/delcofoundation.org\/es\/#website\",\"url\":\"https:\/\/delcofoundation.org\/es\/\",\"name\":\"The Foundation for Delaware County\",\"description\":\"\",\"publisher\":{\"@id\":\"https:\/\/delcofoundation.org\/es\/#organization\"},\"potentialAction\":[{\"@type\":\"SearchAction\",\"target\":{\"@type\":\"EntryPoint\",\"urlTemplate\":\"https:\/\/delcofoundation.org\/es\/?s={search_term_string}\"},\"query-input\":{\"@type\":\"PropertyValueSpecification\",\"valueRequired\":true,\"valueName\":\"search_term_string\"}}],\"inLanguage\":\"es-ES\"},{\"@type\":\"Organization\",\"@id\":\"https:\/\/delcofoundation.org\/es\/#organization\",\"name\":\"The Foundation for Delaware County\",\"url\":\"https:\/\/delcofoundation.org\/es\/\",\"logo\":{\"@type\":\"ImageObject\",\"inLanguage\":\"es-ES\",\"@id\":\"https:\/\/delcofoundation.org\/es\/#\/schema\/logo\/image\/\",\"url\":\"\",\"contentUrl\":\"\",\"caption\":\"The Foundation for Delaware County\"},\"image\":{\"@id\":\"https:\/\/delcofoundation.org\/es\/#\/schema\/logo\/image\/\"}}]}<\/script>\n<!-- \/ Yoast SEO plugin. -->","yoast_head_json":{"title":"Programa de paternidad - The Foundation for Delaware County","description":"El Programa de Paternidad es para padres, parejas o futuros padres. La programaci\u00f3n incluye reuniones informales, grupos de apoyo, actos especiales y sesiones individuales con el coordinador de paternidad de la fundaci\u00f3n.\nNuestro objetivo es asegurarnos de que los padres y las parejas tengan acceso a recursos, informaci\u00f3n y apoyos \u00fatiles, \u00a1del mismo modo que las madres o las personas embarazadas! A trav\u00e9s de nuestro programa de paternidad, las parejas de las futuras mam\u00e1s tienen la oportunidad de establecer conexiones con el personal del programa. Cuando los futuros padres completan las herramientas de detecci\u00f3n especializadas, se les remite a los recursos comunitarios adecuados. Los padres aprender\u00e1n m\u00e1s sobre las experiencias de los padres para optimizar su participaci\u00f3n durante el proceso de embarazo, el nacimiento del ni\u00f1o y despu\u00e9s de que nazca el beb\u00e9. Los padres tienen acceso a una aplicaci\u00f3n exclusiva accesible desde el m\u00f3vil que comparte mensajes coherentes para apoyar el viaje de la paternidad. Tambi\u00e9n se anima a los padres y socios a participar en el Comit\u00e9 de Participaci\u00f3n Paterna, de periodicidad mensual, para crear comunidad y desarrollar recursos que refuercen el sistema de atenci\u00f3n a los padres en el condado de Delaware.\n\u00a0\nPonte en contacto con el Dr. Onaje Muid para obtener m\u00e1s informaci\u00f3n.","robots":{"index":"index","follow":"follow","max-snippet":"max-snippet:-1","max-image-preview":"max-image-preview:large","max-video-preview":"max-video-preview:-1"},"canonical":"https:\/\/delcofoundation.org\/es\/programa-de-paternidad\/","og_locale":"es_ES","og_type":"article","og_title":"Programa de paternidad - The Foundation for Delaware County","og_url":"https:\/\/delcofoundation.org\/es\/programa-de-paternidad\/","og_site_name":"The Foundation for Delaware County","article_modified_time":"2025-05-30T13:34:48+00:00","og_image":[{"width":1950,"height":1150,"url":"https:\/\/delcofoundation.org\/app\/uploads\/2021\/10\/320_FDC-Annual-21-e1631905307293.jpg","type":"image\/jpeg"}],"twitter_card":"summary_large_image","schema":{"@context":"https:\/\/schema.org","@graph":[{"@type":"WebPage","@id":"https:\/\/delcofoundation.org\/es\/programa-de-paternidad\/","url":"https:\/\/delcofoundation.org\/es\/programa-de-paternidad\/","name":"Programa de paternidad - The Foundation for Delaware County","isPartOf":{"@id":"https:\/\/delcofoundation.org\/es\/#website"},"datePublished":"2022-07-26T16:07:51+00:00","dateModified":"2025-05-30T13:34:48+00:00","breadcrumb":{"@id":"https:\/\/delcofoundation.org\/es\/programa-de-paternidad\/#breadcrumb"},"inLanguage":"es-ES","potentialAction":[{"@type":"ReadAction","target":["https:\/\/delcofoundation.org\/es\/programa-de-paternidad\/"]}]},{"@type":"BreadcrumbList","@id":"https:\/\/delcofoundation.org\/es\/programa-de-paternidad\/#breadcrumb","itemListElement":[{"@type":"ListItem","position":1,"name":"Home","item":"https:\/\/delcofoundation.org\/es\/"},{"@type":"ListItem","position":2,"name":"Programa de paternidad"}]},{"@type":"WebSite","@id":"https:\/\/delcofoundation.org\/es\/#website","url":"https:\/\/delcofoundation.org\/es\/","name":"The Foundation for Delaware County","description":"","publisher":{"@id":"https:\/\/delcofoundation.org\/es\/#organization"},"potentialAction":[{"@type":"SearchAction","target":{"@type":"EntryPoint","urlTemplate":"https:\/\/delcofoundation.org\/es\/?s={search_term_string}"},"query-input":{"@type":"PropertyValueSpecification","valueRequired":true,"valueName":"search_term_string"}}],"inLanguage":"es-ES"},{"@type":"Organization","@id":"https:\/\/delcofoundation.org\/es\/#organization","name":"The Foundation for Delaware County","url":"https:\/\/delcofoundation.org\/es\/","logo":{"@type":"ImageObject","inLanguage":"es-ES","@id":"https:\/\/delcofoundation.org\/es\/#\/schema\/logo\/image\/","url":"","contentUrl":"","caption":"The Foundation for Delaware County"},"image":{"@id":"https:\/\/delcofoundation.org\/es\/#\/schema\/logo\/image\/"}}]}},"_links":{"self":[{"href":"https:\/\/delcofoundation.org\/es\/wp-json\/wp\/v2\/pages\/5592","targetHints":{"allow":["GET"]}}],"collection":[{"href":"https:\/\/delcofoundation.org\/es\/wp-json\/wp\/v2\/pages"}],"about":[{"href":"https:\/\/delcofoundation.org\/es\/wp-json\/wp\/v2\/types\/page"}],"author":[{"embeddable":true,"href":"https:\/\/delcofoundation.org\/es\/wp-json\/wp\/v2\/users\/5"}],"replies":[{"embeddable":true,"href":"https:\/\/delcofoundation.org\/es\/wp-json\/wp\/v2\/comments?post=5592"}],"version-history":[{"count":1,"href":"https:\/\/delcofoundation.org\/es\/wp-json\/wp\/v2\/pages\/5592\/revisions"}],"predecessor-version":[{"id":6170,"href":"https:\/\/delcofoundation.org\/es\/wp-json\/wp\/v2\/pages\/5592\/revisions\/6170"}],"wp:attachment":[{"href":"https:\/\/delcofoundation.org\/es\/wp-json\/wp\/v2\/media?parent=5592"}],"curies":[{"name":"wp","href":"https:\/\/api.w.org\/{rel}","templated":true}]}}