{"id":5590,"date":"2022-09-29T13:26:35","date_gmt":"2022-09-29T13:26:35","guid":{"rendered":"https:\/\/delcofoundation.org\/fomento-de-las-organizaciones-sin-animo-de-lucro\/centro-para-la-excelencia-de-las-organizaciones-no-lucrativas\/centro-para-la-excelencia-de-las-organizaciones-no-lucrativas-desarrollo-de-la-junta-directiva\/"},"modified":"2024-06-20T19:03:10","modified_gmt":"2024-06-20T19:03:10","slug":"centro-para-la-excelencia-de-las-organizaciones-no-lucrativas-desarrollo-de-la-junta-directiva","status":"publish","type":"page","link":"https:\/\/delcofoundation.org\/es\/fomento-de-las-organizaciones-sin-animo-de-lucro\/centro-para-la-excelencia-de-las-organizaciones-no-lucrativas\/centro-para-la-excelencia-de-las-organizaciones-no-lucrativas-desarrollo-de-la-junta-directiva\/","title":{"rendered":"Centro para la Excelencia de las Organizaciones No Lucrativas: Desarrollo de la Junta Directiva"},"content":{"rendered":"<p>&nbsp;<\/p>\n<p>&nbsp;<\/p>\n","protected":false},"excerpt":{"rendered":"<p>&nbsp; &nbsp;<\/p>\n","protected":false},"author":5,"featured_media":0,"parent":5203,"menu_order":0,"comment_status":"closed","ping_status":"closed","template":"page-templates\/content-modules.php","meta":{"_acf_changed":false,"inline_featured_image":false,"footnotes":""},"class_list":["post-5590","page","type-page","status-publish","hentry"],"acf":[],"yoast_head":"<!-- This site is optimized with the Yoast SEO plugin v26.7 - https:\/\/yoast.com\/wordpress\/plugins\/seo\/ -->\n<title>Centro para la Excelencia de las Organizaciones No Lucrativas: Desarrollo de la Junta Directiva - The Foundation for Delaware County<\/title>\n<meta name=\"description\" content=\"Nuestra iniciativa de desarrollo de juntas directivas ofrecer\u00e1 las siguientes iniciativas de desarrollo de capacidades a las personas y organizaciones sin \u00e1nimo de lucro que sirven al condado de Delaware:\n\nBuenas pr\u00e1cticas en las Sesiones de Gobernanza del Consejo\nCertificado de Liderazgo de la Junta para miembros actuales y aspirantes de la Junta del Condado de Delaware\nBuenas pr\u00e1cticas en la gobernanza del Consejo\nClaves para el \u00e9xito de la planificaci\u00f3n estrat\u00e9gica\nFundamentos para recaudar fondos con \u00e9xito\nY m\u00e1s\n\nLa Fundaci\u00f3n tendr\u00e1 m\u00e1s oportunidades para este programa en el futuro. Aseg\u00farate de suscribirte a nuestro bolet\u00edn para estar al d\u00eda de las \u00faltimas oportunidades de la CNEx. \u00bfTienes preguntas? Correo electr\u00f3nico: cnex@delcofoundation.org\" \/>\n<meta name=\"robots\" content=\"index, follow, max-snippet:-1, max-image-preview:large, max-video-preview:-1\" \/>\n<link rel=\"canonical\" href=\"https:\/\/delcofoundation.org\/es\/fomento-de-las-organizaciones-sin-animo-de-lucro\/centro-para-la-excelencia-de-las-organizaciones-no-lucrativas\/centro-para-la-excelencia-de-las-organizaciones-no-lucrativas-desarrollo-de-la-junta-directiva\/\" \/>\n<meta property=\"og:locale\" content=\"es_ES\" \/>\n<meta property=\"og:type\" content=\"article\" \/>\n<meta property=\"og:title\" content=\"Centro para la Excelencia de las Organizaciones No Lucrativas: Desarrollo de la Junta Directiva - The Foundation for Delaware County\" \/>\n<meta property=\"og:description\" content=\"&nbsp; &nbsp;\" \/>\n<meta property=\"og:url\" content=\"https:\/\/delcofoundation.org\/es\/fomento-de-las-organizaciones-sin-animo-de-lucro\/centro-para-la-excelencia-de-las-organizaciones-no-lucrativas\/centro-para-la-excelencia-de-las-organizaciones-no-lucrativas-desarrollo-de-la-junta-directiva\/\" \/>\n<meta property=\"og:site_name\" content=\"The Foundation for Delaware County\" \/>\n<meta property=\"article:modified_time\" content=\"2024-06-20T19:03:10+00:00\" \/>\n<meta property=\"og:image\" content=\"https:\/\/delcofoundation.org\/app\/uploads\/2021\/10\/320_FDC-Annual-21-e1631905307293.jpg\" \/>\n\t<meta property=\"og:image:width\" content=\"1950\" \/>\n\t<meta property=\"og:image:height\" content=\"1150\" \/>\n\t<meta property=\"og:image:type\" content=\"image\/jpeg\" \/>\n<meta name=\"twitter:card\" content=\"summary_large_image\" \/>\n<script type=\"application\/ld+json\" class=\"yoast-schema-graph\">{\"@context\":\"https:\/\/schema.org\",\"@graph\":[{\"@type\":\"WebPage\",\"@id\":\"https:\/\/delcofoundation.org\/es\/fomento-de-las-organizaciones-sin-animo-de-lucro\/centro-para-la-excelencia-de-las-organizaciones-no-lucrativas\/centro-para-la-excelencia-de-las-organizaciones-no-lucrativas-desarrollo-de-la-junta-directiva\/\",\"url\":\"https:\/\/delcofoundation.org\/es\/fomento-de-las-organizaciones-sin-animo-de-lucro\/centro-para-la-excelencia-de-las-organizaciones-no-lucrativas\/centro-para-la-excelencia-de-las-organizaciones-no-lucrativas-desarrollo-de-la-junta-directiva\/\",\"name\":\"Centro para la Excelencia de las Organizaciones No Lucrativas: Desarrollo de la Junta Directiva - The Foundation for Delaware County\",\"isPartOf\":{\"@id\":\"https:\/\/delcofoundation.org\/es\/#website\"},\"datePublished\":\"2022-09-29T13:26:35+00:00\",\"dateModified\":\"2024-06-20T19:03:10+00:00\",\"breadcrumb\":{\"@id\":\"https:\/\/delcofoundation.org\/es\/fomento-de-las-organizaciones-sin-animo-de-lucro\/centro-para-la-excelencia-de-las-organizaciones-no-lucrativas\/centro-para-la-excelencia-de-las-organizaciones-no-lucrativas-desarrollo-de-la-junta-directiva\/#breadcrumb\"},\"inLanguage\":\"es-ES\",\"potentialAction\":[{\"@type\":\"ReadAction\",\"target\":[\"https:\/\/delcofoundation.org\/es\/fomento-de-las-organizaciones-sin-animo-de-lucro\/centro-para-la-excelencia-de-las-organizaciones-no-lucrativas\/centro-para-la-excelencia-de-las-organizaciones-no-lucrativas-desarrollo-de-la-junta-directiva\/\"]}]},{\"@type\":\"BreadcrumbList\",\"@id\":\"https:\/\/delcofoundation.org\/es\/fomento-de-las-organizaciones-sin-animo-de-lucro\/centro-para-la-excelencia-de-las-organizaciones-no-lucrativas\/centro-para-la-excelencia-de-las-organizaciones-no-lucrativas-desarrollo-de-la-junta-directiva\/#breadcrumb\",\"itemListElement\":[{\"@type\":\"ListItem\",\"position\":1,\"name\":\"Home\",\"item\":\"https:\/\/delcofoundation.org\/es\/\"},{\"@type\":\"ListItem\",\"position\":2,\"name\":\"Fomento de las organizaciones sin \u00e1nimo de lucro\",\"item\":\"https:\/\/delcofoundation.org\/es\/fomento-de-las-organizaciones-sin-animo-de-lucro\/\"},{\"@type\":\"ListItem\",\"position\":3,\"name\":\"Centro para la Excelencia de las Organizaciones No Lucrativas\",\"item\":\"https:\/\/delcofoundation.org\/es\/fomento-de-las-organizaciones-sin-animo-de-lucro\/centro-para-la-excelencia-de-las-organizaciones-no-lucrativas\/\"},{\"@type\":\"ListItem\",\"position\":4,\"name\":\"Centro para la Excelencia de las Organizaciones No Lucrativas: Desarrollo de la Junta Directiva\"}]},{\"@type\":\"WebSite\",\"@id\":\"https:\/\/delcofoundation.org\/es\/#website\",\"url\":\"https:\/\/delcofoundation.org\/es\/\",\"name\":\"The Foundation for Delaware County\",\"description\":\"\",\"publisher\":{\"@id\":\"https:\/\/delcofoundation.org\/es\/#organization\"},\"potentialAction\":[{\"@type\":\"SearchAction\",\"target\":{\"@type\":\"EntryPoint\",\"urlTemplate\":\"https:\/\/delcofoundation.org\/es\/?s={search_term_string}\"},\"query-input\":{\"@type\":\"PropertyValueSpecification\",\"valueRequired\":true,\"valueName\":\"search_term_string\"}}],\"inLanguage\":\"es-ES\"},{\"@type\":\"Organization\",\"@id\":\"https:\/\/delcofoundation.org\/es\/#organization\",\"name\":\"The Foundation for Delaware County\",\"url\":\"https:\/\/delcofoundation.org\/es\/\",\"logo\":{\"@type\":\"ImageObject\",\"inLanguage\":\"es-ES\",\"@id\":\"https:\/\/delcofoundation.org\/es\/#\/schema\/logo\/image\/\",\"url\":\"\",\"contentUrl\":\"\",\"caption\":\"The Foundation for Delaware County\"},\"image\":{\"@id\":\"https:\/\/delcofoundation.org\/es\/#\/schema\/logo\/image\/\"}}]}<\/script>\n<!-- \/ Yoast SEO plugin. -->","yoast_head_json":{"title":"Centro para la Excelencia de las Organizaciones No Lucrativas: Desarrollo de la Junta Directiva - The Foundation for Delaware County","description":"Nuestra iniciativa de desarrollo de juntas directivas ofrecer\u00e1 las siguientes iniciativas de desarrollo de capacidades a las personas y organizaciones sin \u00e1nimo de lucro que sirven al condado de Delaware:\n\nBuenas pr\u00e1cticas en las Sesiones de Gobernanza del Consejo\nCertificado de Liderazgo de la Junta para miembros actuales y aspirantes de la Junta del Condado de Delaware\nBuenas pr\u00e1cticas en la gobernanza del Consejo\nClaves para el \u00e9xito de la planificaci\u00f3n estrat\u00e9gica\nFundamentos para recaudar fondos con \u00e9xito\nY m\u00e1s\n\nLa Fundaci\u00f3n tendr\u00e1 m\u00e1s oportunidades para este programa en el futuro. Aseg\u00farate de suscribirte a nuestro bolet\u00edn para estar al d\u00eda de las \u00faltimas oportunidades de la CNEx. \u00bfTienes preguntas? Correo electr\u00f3nico: cnex@delcofoundation.org","robots":{"index":"index","follow":"follow","max-snippet":"max-snippet:-1","max-image-preview":"max-image-preview:large","max-video-preview":"max-video-preview:-1"},"canonical":"https:\/\/delcofoundation.org\/es\/fomento-de-las-organizaciones-sin-animo-de-lucro\/centro-para-la-excelencia-de-las-organizaciones-no-lucrativas\/centro-para-la-excelencia-de-las-organizaciones-no-lucrativas-desarrollo-de-la-junta-directiva\/","og_locale":"es_ES","og_type":"article","og_title":"Centro para la Excelencia de las Organizaciones No Lucrativas: Desarrollo de la Junta Directiva - The Foundation for Delaware County","og_description":"&nbsp; &nbsp;","og_url":"https:\/\/delcofoundation.org\/es\/fomento-de-las-organizaciones-sin-animo-de-lucro\/centro-para-la-excelencia-de-las-organizaciones-no-lucrativas\/centro-para-la-excelencia-de-las-organizaciones-no-lucrativas-desarrollo-de-la-junta-directiva\/","og_site_name":"The Foundation for Delaware County","article_modified_time":"2024-06-20T19:03:10+00:00","og_image":[{"width":1950,"height":1150,"url":"https:\/\/delcofoundation.org\/app\/uploads\/2021\/10\/320_FDC-Annual-21-e1631905307293.jpg","type":"image\/jpeg"}],"twitter_card":"summary_large_image","schema":{"@context":"https:\/\/schema.org","@graph":[{"@type":"WebPage","@id":"https:\/\/delcofoundation.org\/es\/fomento-de-las-organizaciones-sin-animo-de-lucro\/centro-para-la-excelencia-de-las-organizaciones-no-lucrativas\/centro-para-la-excelencia-de-las-organizaciones-no-lucrativas-desarrollo-de-la-junta-directiva\/","url":"https:\/\/delcofoundation.org\/es\/fomento-de-las-organizaciones-sin-animo-de-lucro\/centro-para-la-excelencia-de-las-organizaciones-no-lucrativas\/centro-para-la-excelencia-de-las-organizaciones-no-lucrativas-desarrollo-de-la-junta-directiva\/","name":"Centro para la Excelencia de las Organizaciones No Lucrativas: Desarrollo de la Junta Directiva - The Foundation for Delaware County","isPartOf":{"@id":"https:\/\/delcofoundation.org\/es\/#website"},"datePublished":"2022-09-29T13:26:35+00:00","dateModified":"2024-06-20T19:03:10+00:00","breadcrumb":{"@id":"https:\/\/delcofoundation.org\/es\/fomento-de-las-organizaciones-sin-animo-de-lucro\/centro-para-la-excelencia-de-las-organizaciones-no-lucrativas\/centro-para-la-excelencia-de-las-organizaciones-no-lucrativas-desarrollo-de-la-junta-directiva\/#breadcrumb"},"inLanguage":"es-ES","potentialAction":[{"@type":"ReadAction","target":["https:\/\/delcofoundation.org\/es\/fomento-de-las-organizaciones-sin-animo-de-lucro\/centro-para-la-excelencia-de-las-organizaciones-no-lucrativas\/centro-para-la-excelencia-de-las-organizaciones-no-lucrativas-desarrollo-de-la-junta-directiva\/"]}]},{"@type":"BreadcrumbList","@id":"https:\/\/delcofoundation.org\/es\/fomento-de-las-organizaciones-sin-animo-de-lucro\/centro-para-la-excelencia-de-las-organizaciones-no-lucrativas\/centro-para-la-excelencia-de-las-organizaciones-no-lucrativas-desarrollo-de-la-junta-directiva\/#breadcrumb","itemListElement":[{"@type":"ListItem","position":1,"name":"Home","item":"https:\/\/delcofoundation.org\/es\/"},{"@type":"ListItem","position":2,"name":"Fomento de las organizaciones sin \u00e1nimo de lucro","item":"https:\/\/delcofoundation.org\/es\/fomento-de-las-organizaciones-sin-animo-de-lucro\/"},{"@type":"ListItem","position":3,"name":"Centro para la Excelencia de las Organizaciones No Lucrativas","item":"https:\/\/delcofoundation.org\/es\/fomento-de-las-organizaciones-sin-animo-de-lucro\/centro-para-la-excelencia-de-las-organizaciones-no-lucrativas\/"},{"@type":"ListItem","position":4,"name":"Centro para la Excelencia de las Organizaciones No Lucrativas: Desarrollo de la Junta Directiva"}]},{"@type":"WebSite","@id":"https:\/\/delcofoundation.org\/es\/#website","url":"https:\/\/delcofoundation.org\/es\/","name":"The Foundation for Delaware County","description":"","publisher":{"@id":"https:\/\/delcofoundation.org\/es\/#organization"},"potentialAction":[{"@type":"SearchAction","target":{"@type":"EntryPoint","urlTemplate":"https:\/\/delcofoundation.org\/es\/?s={search_term_string}"},"query-input":{"@type":"PropertyValueSpecification","valueRequired":true,"valueName":"search_term_string"}}],"inLanguage":"es-ES"},{"@type":"Organization","@id":"https:\/\/delcofoundation.org\/es\/#organization","name":"The Foundation for Delaware County","url":"https:\/\/delcofoundation.org\/es\/","logo":{"@type":"ImageObject","inLanguage":"es-ES","@id":"https:\/\/delcofoundation.org\/es\/#\/schema\/logo\/image\/","url":"","contentUrl":"","caption":"The Foundation for Delaware County"},"image":{"@id":"https:\/\/delcofoundation.org\/es\/#\/schema\/logo\/image\/"}}]}},"_links":{"self":[{"href":"https:\/\/delcofoundation.org\/es\/wp-json\/wp\/v2\/pages\/5590","targetHints":{"allow":["GET"]}}],"collection":[{"href":"https:\/\/delcofoundation.org\/es\/wp-json\/wp\/v2\/pages"}],"about":[{"href":"https:\/\/delcofoundation.org\/es\/wp-json\/wp\/v2\/types\/page"}],"author":[{"embeddable":true,"href":"https:\/\/delcofoundation.org\/es\/wp-json\/wp\/v2\/users\/5"}],"replies":[{"embeddable":true,"href":"https:\/\/delcofoundation.org\/es\/wp-json\/wp\/v2\/comments?post=5590"}],"version-history":[{"count":1,"href":"https:\/\/delcofoundation.org\/es\/wp-json\/wp\/v2\/pages\/5590\/revisions"}],"predecessor-version":[{"id":6119,"href":"https:\/\/delcofoundation.org\/es\/wp-json\/wp\/v2\/pages\/5590\/revisions\/6119"}],"up":[{"embeddable":true,"href":"https:\/\/delcofoundation.org\/es\/wp-json\/wp\/v2\/pages\/5203"}],"wp:attachment":[{"href":"https:\/\/delcofoundation.org\/es\/wp-json\/wp\/v2\/media?parent=5590"}],"curies":[{"name":"wp","href":"https:\/\/api.w.org\/{rel}","templated":true}]}}