{"id":5588,"date":"2022-09-29T13:38:37","date_gmt":"2022-09-29T13:38:37","guid":{"rendered":"https:\/\/delcofoundation.org\/fomento-de-las-organizaciones-sin-animo-de-lucro\/centro-para-la-excelencia-de-las-organizaciones-no-lucrativas\/colaboracion-para-el-aprendizaje-de-la-equidad-racial\/"},"modified":"2024-06-20T19:03:10","modified_gmt":"2024-06-20T19:03:10","slug":"colaboracion-para-el-aprendizaje-de-la-equidad-racial","status":"publish","type":"page","link":"https:\/\/delcofoundation.org\/es\/fomento-de-las-organizaciones-sin-animo-de-lucro\/centro-para-la-excelencia-de-las-organizaciones-no-lucrativas\/colaboracion-para-el-aprendizaje-de-la-equidad-racial\/","title":{"rendered":"Colaboraci\u00f3n para el Aprendizaje de la Equidad Racial"},"content":{"rendered":"","protected":false},"excerpt":{"rendered":"","protected":false},"author":5,"featured_media":0,"parent":5203,"menu_order":0,"comment_status":"closed","ping_status":"closed","template":"page-templates\/content-modules.php","meta":{"_acf_changed":false,"inline_featured_image":false,"footnotes":""},"class_list":["post-5588","page","type-page","status-publish","hentry"],"acf":[],"yoast_head":"<!-- This site is optimized with the Yoast SEO plugin v26.7 - https:\/\/yoast.com\/wordpress\/plugins\/seo\/ -->\n<title>Colaboraci\u00f3n para el Aprendizaje de la Equidad Racial - The Foundation for Delaware County<\/title>\n<meta name=\"description\" content=\"Los objetivos de la colaboraci\u00f3n para el aprendizaje de la equidad racial incluyen identificar y abordar los prejuicios y las desigualdades dentro de la organizaci\u00f3n, as\u00ed como desarrollar estrategias para aumentar la diversidad y la representaci\u00f3n. Los miembros de la colaboraci\u00f3n de aprendizaje participan en cursos de formaci\u00f3n, talleres y debates para aumentar su comprensi\u00f3n de las desigualdades raciales dentro de su organizaci\u00f3n y de c\u00f3mo esas desigualdades afectan a las poblaciones a las que sirven.\nMediante la colaboraci\u00f3n continua y la acci\u00f3n colectiva, la colaboraci\u00f3n de aprendizaje trabaja para crear un espacio m\u00e1s acogedor e integrador en el que personas de todas las razas y procedencias se sientan valoradas y apoyadas.\nSi est\u00e1s interesado en saber m\u00e1s sobre la Comunidad de Pr\u00e1ctica de Equidad Racial del Centro para la Excelencia de las Organizaciones No Lucrativas, env\u00eda un correo electr\u00f3nico a cnex@delcofoundation.org. Aseg\u00farate de suscribirte a nuestro bolet\u00edn para estar al d\u00eda de las \u00faltimas oportunidades de la CNEx.\" \/>\n<meta name=\"robots\" content=\"index, follow, max-snippet:-1, max-image-preview:large, max-video-preview:-1\" \/>\n<link rel=\"canonical\" href=\"https:\/\/delcofoundation.org\/es\/fomento-de-las-organizaciones-sin-animo-de-lucro\/centro-para-la-excelencia-de-las-organizaciones-no-lucrativas\/colaboracion-para-el-aprendizaje-de-la-equidad-racial\/\" \/>\n<meta property=\"og:locale\" content=\"es_ES\" \/>\n<meta property=\"og:type\" content=\"article\" \/>\n<meta property=\"og:title\" content=\"Colaboraci\u00f3n para el Aprendizaje de la Equidad Racial - The Foundation for Delaware County\" \/>\n<meta property=\"og:url\" content=\"https:\/\/delcofoundation.org\/es\/fomento-de-las-organizaciones-sin-animo-de-lucro\/centro-para-la-excelencia-de-las-organizaciones-no-lucrativas\/colaboracion-para-el-aprendizaje-de-la-equidad-racial\/\" \/>\n<meta property=\"og:site_name\" content=\"The Foundation for Delaware County\" \/>\n<meta property=\"article:modified_time\" content=\"2024-06-20T19:03:10+00:00\" \/>\n<meta property=\"og:image\" content=\"https:\/\/delcofoundation.org\/app\/uploads\/2021\/10\/320_FDC-Annual-21-e1631905307293.jpg\" \/>\n\t<meta property=\"og:image:width\" content=\"1950\" \/>\n\t<meta property=\"og:image:height\" content=\"1150\" \/>\n\t<meta property=\"og:image:type\" content=\"image\/jpeg\" \/>\n<meta name=\"twitter:card\" content=\"summary_large_image\" \/>\n<script type=\"application\/ld+json\" class=\"yoast-schema-graph\">{\"@context\":\"https:\/\/schema.org\",\"@graph\":[{\"@type\":\"WebPage\",\"@id\":\"https:\/\/delcofoundation.org\/es\/fomento-de-las-organizaciones-sin-animo-de-lucro\/centro-para-la-excelencia-de-las-organizaciones-no-lucrativas\/colaboracion-para-el-aprendizaje-de-la-equidad-racial\/\",\"url\":\"https:\/\/delcofoundation.org\/es\/fomento-de-las-organizaciones-sin-animo-de-lucro\/centro-para-la-excelencia-de-las-organizaciones-no-lucrativas\/colaboracion-para-el-aprendizaje-de-la-equidad-racial\/\",\"name\":\"Colaboraci\u00f3n para el Aprendizaje de la Equidad Racial - The Foundation for Delaware County\",\"isPartOf\":{\"@id\":\"https:\/\/delcofoundation.org\/es\/#website\"},\"datePublished\":\"2022-09-29T13:38:37+00:00\",\"dateModified\":\"2024-06-20T19:03:10+00:00\",\"breadcrumb\":{\"@id\":\"https:\/\/delcofoundation.org\/es\/fomento-de-las-organizaciones-sin-animo-de-lucro\/centro-para-la-excelencia-de-las-organizaciones-no-lucrativas\/colaboracion-para-el-aprendizaje-de-la-equidad-racial\/#breadcrumb\"},\"inLanguage\":\"es-ES\",\"potentialAction\":[{\"@type\":\"ReadAction\",\"target\":[\"https:\/\/delcofoundation.org\/es\/fomento-de-las-organizaciones-sin-animo-de-lucro\/centro-para-la-excelencia-de-las-organizaciones-no-lucrativas\/colaboracion-para-el-aprendizaje-de-la-equidad-racial\/\"]}]},{\"@type\":\"BreadcrumbList\",\"@id\":\"https:\/\/delcofoundation.org\/es\/fomento-de-las-organizaciones-sin-animo-de-lucro\/centro-para-la-excelencia-de-las-organizaciones-no-lucrativas\/colaboracion-para-el-aprendizaje-de-la-equidad-racial\/#breadcrumb\",\"itemListElement\":[{\"@type\":\"ListItem\",\"position\":1,\"name\":\"Home\",\"item\":\"https:\/\/delcofoundation.org\/es\/\"},{\"@type\":\"ListItem\",\"position\":2,\"name\":\"Fomento de las organizaciones sin \u00e1nimo de lucro\",\"item\":\"https:\/\/delcofoundation.org\/es\/fomento-de-las-organizaciones-sin-animo-de-lucro\/\"},{\"@type\":\"ListItem\",\"position\":3,\"name\":\"Centro para la Excelencia de las Organizaciones No Lucrativas\",\"item\":\"https:\/\/delcofoundation.org\/es\/fomento-de-las-organizaciones-sin-animo-de-lucro\/centro-para-la-excelencia-de-las-organizaciones-no-lucrativas\/\"},{\"@type\":\"ListItem\",\"position\":4,\"name\":\"Colaboraci\u00f3n para el Aprendizaje de la Equidad Racial\"}]},{\"@type\":\"WebSite\",\"@id\":\"https:\/\/delcofoundation.org\/es\/#website\",\"url\":\"https:\/\/delcofoundation.org\/es\/\",\"name\":\"The Foundation for Delaware County\",\"description\":\"\",\"publisher\":{\"@id\":\"https:\/\/delcofoundation.org\/es\/#organization\"},\"potentialAction\":[{\"@type\":\"SearchAction\",\"target\":{\"@type\":\"EntryPoint\",\"urlTemplate\":\"https:\/\/delcofoundation.org\/es\/?s={search_term_string}\"},\"query-input\":{\"@type\":\"PropertyValueSpecification\",\"valueRequired\":true,\"valueName\":\"search_term_string\"}}],\"inLanguage\":\"es-ES\"},{\"@type\":\"Organization\",\"@id\":\"https:\/\/delcofoundation.org\/es\/#organization\",\"name\":\"The Foundation for Delaware County\",\"url\":\"https:\/\/delcofoundation.org\/es\/\",\"logo\":{\"@type\":\"ImageObject\",\"inLanguage\":\"es-ES\",\"@id\":\"https:\/\/delcofoundation.org\/es\/#\/schema\/logo\/image\/\",\"url\":\"\",\"contentUrl\":\"\",\"caption\":\"The Foundation for Delaware County\"},\"image\":{\"@id\":\"https:\/\/delcofoundation.org\/es\/#\/schema\/logo\/image\/\"}}]}<\/script>\n<!-- \/ Yoast SEO plugin. -->","yoast_head_json":{"title":"Colaboraci\u00f3n para el Aprendizaje de la Equidad Racial - The Foundation for Delaware County","description":"Los objetivos de la colaboraci\u00f3n para el aprendizaje de la equidad racial incluyen identificar y abordar los prejuicios y las desigualdades dentro de la organizaci\u00f3n, as\u00ed como desarrollar estrategias para aumentar la diversidad y la representaci\u00f3n. Los miembros de la colaboraci\u00f3n de aprendizaje participan en cursos de formaci\u00f3n, talleres y debates para aumentar su comprensi\u00f3n de las desigualdades raciales dentro de su organizaci\u00f3n y de c\u00f3mo esas desigualdades afectan a las poblaciones a las que sirven.\nMediante la colaboraci\u00f3n continua y la acci\u00f3n colectiva, la colaboraci\u00f3n de aprendizaje trabaja para crear un espacio m\u00e1s acogedor e integrador en el que personas de todas las razas y procedencias se sientan valoradas y apoyadas.\nSi est\u00e1s interesado en saber m\u00e1s sobre la Comunidad de Pr\u00e1ctica de Equidad Racial del Centro para la Excelencia de las Organizaciones No Lucrativas, env\u00eda un correo electr\u00f3nico a cnex@delcofoundation.org. Aseg\u00farate de suscribirte a nuestro bolet\u00edn para estar al d\u00eda de las \u00faltimas oportunidades de la CNEx.","robots":{"index":"index","follow":"follow","max-snippet":"max-snippet:-1","max-image-preview":"max-image-preview:large","max-video-preview":"max-video-preview:-1"},"canonical":"https:\/\/delcofoundation.org\/es\/fomento-de-las-organizaciones-sin-animo-de-lucro\/centro-para-la-excelencia-de-las-organizaciones-no-lucrativas\/colaboracion-para-el-aprendizaje-de-la-equidad-racial\/","og_locale":"es_ES","og_type":"article","og_title":"Colaboraci\u00f3n para el Aprendizaje de la Equidad Racial - The Foundation for Delaware County","og_url":"https:\/\/delcofoundation.org\/es\/fomento-de-las-organizaciones-sin-animo-de-lucro\/centro-para-la-excelencia-de-las-organizaciones-no-lucrativas\/colaboracion-para-el-aprendizaje-de-la-equidad-racial\/","og_site_name":"The Foundation for Delaware County","article_modified_time":"2024-06-20T19:03:10+00:00","og_image":[{"width":1950,"height":1150,"url":"https:\/\/delcofoundation.org\/app\/uploads\/2021\/10\/320_FDC-Annual-21-e1631905307293.jpg","type":"image\/jpeg"}],"twitter_card":"summary_large_image","schema":{"@context":"https:\/\/schema.org","@graph":[{"@type":"WebPage","@id":"https:\/\/delcofoundation.org\/es\/fomento-de-las-organizaciones-sin-animo-de-lucro\/centro-para-la-excelencia-de-las-organizaciones-no-lucrativas\/colaboracion-para-el-aprendizaje-de-la-equidad-racial\/","url":"https:\/\/delcofoundation.org\/es\/fomento-de-las-organizaciones-sin-animo-de-lucro\/centro-para-la-excelencia-de-las-organizaciones-no-lucrativas\/colaboracion-para-el-aprendizaje-de-la-equidad-racial\/","name":"Colaboraci\u00f3n para el Aprendizaje de la Equidad Racial - The Foundation for Delaware County","isPartOf":{"@id":"https:\/\/delcofoundation.org\/es\/#website"},"datePublished":"2022-09-29T13:38:37+00:00","dateModified":"2024-06-20T19:03:10+00:00","breadcrumb":{"@id":"https:\/\/delcofoundation.org\/es\/fomento-de-las-organizaciones-sin-animo-de-lucro\/centro-para-la-excelencia-de-las-organizaciones-no-lucrativas\/colaboracion-para-el-aprendizaje-de-la-equidad-racial\/#breadcrumb"},"inLanguage":"es-ES","potentialAction":[{"@type":"ReadAction","target":["https:\/\/delcofoundation.org\/es\/fomento-de-las-organizaciones-sin-animo-de-lucro\/centro-para-la-excelencia-de-las-organizaciones-no-lucrativas\/colaboracion-para-el-aprendizaje-de-la-equidad-racial\/"]}]},{"@type":"BreadcrumbList","@id":"https:\/\/delcofoundation.org\/es\/fomento-de-las-organizaciones-sin-animo-de-lucro\/centro-para-la-excelencia-de-las-organizaciones-no-lucrativas\/colaboracion-para-el-aprendizaje-de-la-equidad-racial\/#breadcrumb","itemListElement":[{"@type":"ListItem","position":1,"name":"Home","item":"https:\/\/delcofoundation.org\/es\/"},{"@type":"ListItem","position":2,"name":"Fomento de las organizaciones sin \u00e1nimo de lucro","item":"https:\/\/delcofoundation.org\/es\/fomento-de-las-organizaciones-sin-animo-de-lucro\/"},{"@type":"ListItem","position":3,"name":"Centro para la Excelencia de las Organizaciones No Lucrativas","item":"https:\/\/delcofoundation.org\/es\/fomento-de-las-organizaciones-sin-animo-de-lucro\/centro-para-la-excelencia-de-las-organizaciones-no-lucrativas\/"},{"@type":"ListItem","position":4,"name":"Colaboraci\u00f3n para el Aprendizaje de la Equidad Racial"}]},{"@type":"WebSite","@id":"https:\/\/delcofoundation.org\/es\/#website","url":"https:\/\/delcofoundation.org\/es\/","name":"The Foundation for Delaware County","description":"","publisher":{"@id":"https:\/\/delcofoundation.org\/es\/#organization"},"potentialAction":[{"@type":"SearchAction","target":{"@type":"EntryPoint","urlTemplate":"https:\/\/delcofoundation.org\/es\/?s={search_term_string}"},"query-input":{"@type":"PropertyValueSpecification","valueRequired":true,"valueName":"search_term_string"}}],"inLanguage":"es-ES"},{"@type":"Organization","@id":"https:\/\/delcofoundation.org\/es\/#organization","name":"The Foundation for Delaware County","url":"https:\/\/delcofoundation.org\/es\/","logo":{"@type":"ImageObject","inLanguage":"es-ES","@id":"https:\/\/delcofoundation.org\/es\/#\/schema\/logo\/image\/","url":"","contentUrl":"","caption":"The Foundation for Delaware County"},"image":{"@id":"https:\/\/delcofoundation.org\/es\/#\/schema\/logo\/image\/"}}]}},"_links":{"self":[{"href":"https:\/\/delcofoundation.org\/es\/wp-json\/wp\/v2\/pages\/5588","targetHints":{"allow":["GET"]}}],"collection":[{"href":"https:\/\/delcofoundation.org\/es\/wp-json\/wp\/v2\/pages"}],"about":[{"href":"https:\/\/delcofoundation.org\/es\/wp-json\/wp\/v2\/types\/page"}],"author":[{"embeddable":true,"href":"https:\/\/delcofoundation.org\/es\/wp-json\/wp\/v2\/users\/5"}],"replies":[{"embeddable":true,"href":"https:\/\/delcofoundation.org\/es\/wp-json\/wp\/v2\/comments?post=5588"}],"version-history":[{"count":1,"href":"https:\/\/delcofoundation.org\/es\/wp-json\/wp\/v2\/pages\/5588\/revisions"}],"predecessor-version":[{"id":6117,"href":"https:\/\/delcofoundation.org\/es\/wp-json\/wp\/v2\/pages\/5588\/revisions\/6117"}],"up":[{"embeddable":true,"href":"https:\/\/delcofoundation.org\/es\/wp-json\/wp\/v2\/pages\/5203"}],"wp:attachment":[{"href":"https:\/\/delcofoundation.org\/es\/wp-json\/wp\/v2\/media?parent=5588"}],"curies":[{"name":"wp","href":"https:\/\/api.w.org\/{rel}","templated":true}]}}