{"id":5583,"date":"2022-10-31T22:30:24","date_gmt":"2022-10-31T22:30:24","guid":{"rendered":"https:\/\/delcofoundation.org\/proyeccion-de-la-pelicula-aftershock\/"},"modified":"2024-06-20T19:03:09","modified_gmt":"2024-06-20T19:03:09","slug":"proyeccion-de-la-pelicula-aftershock","status":"publish","type":"page","link":"https:\/\/delcofoundation.org\/es\/proyeccion-de-la-pelicula-aftershock\/","title":{"rendered":"Proyecci\u00f3n de la pel\u00edcula Aftershock"},"content":{"rendered":"<p>Tras las muertes evitables de sus seres queridos -Shamony Gibson y Amber Rose Isaac-, dos familias movilizan a activistas, parteras y m\u00e9dicos para hacer frente a una de las crisis estadounidenses m\u00e1s acuciantes de nuestro tiempo: la crisis de la salud materna en Estados Unidos. Entre los oradores e invitados de honor de este acto del condado de Delaware figuran:<\/p>\n<p><strong>Moderadora<\/strong>: Simuelle Myers, MA, Directora de Diversidad e Inclusi\u00f3n, Delaware County Community College<\/p>\n<p><strong>Panelistas<\/strong>:<\/p>\n<p>Shanna M. Williams, LCSW, MEd., S.W. Doula, LLC, Fundadora<\/p>\n<p>Stephanie Reese, MBA, BSN, RN, Administradora de la Divisi\u00f3n de Salud Personal, Departamento de Salud del Condado de Delaware<\/p>\n<p>Dra. Lisa Brown, Axia Women&#8217;s Health<\/p>\n<p>Carolina Alshon, MSW, LCSW, Coordinadora de Servicios Sociales en la Fundaci\u00f3n para el Condado de Delaware<\/p>\n<p>Mi\u00e9rcoles, 12 de abril de 2023<br \/>\n4:00 &#8211; 7:00 p.m.<br \/>\nLa inscripci\u00f3n comienza a las 15.30 h.<br \/>\nColegio Comunitario del Condado de Delaware, Campus de Marple<br \/>\nGran Auditorio, Edificio Acad\u00e9mico<br \/>\n901 Media Line Rd, Media, PA 19063<\/p>\n<h4>RSVP<\/h4>\n<div class=\"frm_forms  with_frm_style frm_style_formidable-style\" id=\"frm_form_16_container\" data-token=\"8ee80d4f9e79904ee58e7457739df61f\">\n<form enctype=\"multipart\/form-data\" method=\"post\" class=\"frm-show-form  frm_pro_form \" id=\"form_communicationssupportgrouptopics3\" data-token=\"8ee80d4f9e79904ee58e7457739df61f\">\n<div class=\"frm_form_fields \">\n<fieldset>\n<legend class=\"frm_screen_reader\">Aftershock Film Screening RSVP<\/legend>\r\n\r\n<div class=\"frm_fields_container\">\n<input type=\"hidden\" name=\"frm_action\" value=\"create\" \/>\n<input type=\"hidden\" name=\"form_id\" value=\"16\" \/>\n<input type=\"hidden\" name=\"frm_hide_fields_16\" id=\"frm_hide_fields_16\" value=\"\" \/>\n<input type=\"hidden\" name=\"form_key\" value=\"communicationssupportgrouptopics3\" \/>\n<input type=\"hidden\" name=\"item_meta[0]\" value=\"\" \/>\n<input type=\"hidden\" id=\"frm_submit_entry_16\" name=\"frm_submit_entry_16\" value=\"dffe8feb67\" \/><input type=\"hidden\" name=\"_wp_http_referer\" value=\"\/es\/wp-json\/wp\/v2\/pages\/5583\" \/><div id=\"frm_field_198_container\" class=\"frm_form_field form-field  frm_required_field frm_top_container\">\r\n    <label for=\"field_bhy8t3\" id=\"field_bhy8t3_label\" class=\"frm_primary_label\">First Name\r\n        <span class=\"frm_required\" aria-hidden=\"true\">*<\/span>\r\n    <\/label>\r\n    <input  type=\"text\" id=\"field_bhy8t3\" name=\"item_meta[198]\" value=\"\"  data-reqmsg=\"First Name cannot be blank.\" aria-required=\"true\" data-invmsg=\"Text is invalid\" aria-invalid=\"false\"   \/>\r\n    \r\n    \r\n<\/div>\n<div id=\"frm_field_199_container\" class=\"frm_form_field form-field  frm_required_field frm_top_container\">\r\n    <label for=\"field_hx4zg3\" id=\"field_hx4zg3_label\" class=\"frm_primary_label\">Last Name\r\n        <span class=\"frm_required\" aria-hidden=\"true\">*<\/span>\r\n    <\/label>\r\n    <input  type=\"text\" id=\"field_hx4zg3\" name=\"item_meta[199]\" value=\"\"  data-reqmsg=\"Last Name cannot be blank.\" aria-required=\"true\" data-invmsg=\"Text is invalid\" aria-invalid=\"false\"   \/>\r\n    \r\n    \r\n<\/div>\n<div id=\"frm_field_200_container\" class=\"frm_form_field form-field  frm_required_field frm_top_container\">\r\n    <label for=\"field_2mcmr3\" id=\"field_2mcmr3_label\" class=\"frm_primary_label\">Phone Number\r\n        <span class=\"frm_required\" aria-hidden=\"true\">*<\/span>\r\n    <\/label>\r\n    <input  type=\"text\" id=\"field_2mcmr3\" name=\"item_meta[200]\" value=\"\"  data-reqmsg=\"Phone Number cannot be blank.\" aria-required=\"true\" data-invmsg=\"Text is invalid\" aria-invalid=\"false\"   \/>\r\n    \r\n    \r\n<\/div>\n<div id=\"frm_field_202_container\" class=\"frm_form_field form-field  frm_required_field frm_top_container frm12 frm_first\">\r\n    <label for=\"field_pfqpe3\" id=\"field_pfqpe3_label\" class=\"frm_primary_label\">Email\r\n        <span class=\"frm_required\" aria-hidden=\"true\">*<\/span>\r\n    <\/label>\r\n    <input  type=\"text\" id=\"field_pfqpe3\" name=\"item_meta[202]\" value=\"\"  data-reqmsg=\"Email cannot be blank.\" aria-required=\"true\" data-invmsg=\"Text is invalid\" aria-invalid=\"false\"   \/>\r\n    \r\n    \r\n<\/div>\n<div id=\"frm_field_203_container\" class=\"frm_form_field form-field  frm_top_container frm12 frm_first vertical_radio\">\r\n    <div  id=\"field_ymrp33_label\" class=\"frm_primary_label\">Are you a student?\r\n        <span class=\"frm_required\" aria-hidden=\"true\"><\/span>\r\n    <\/div>\r\n    <div class=\"frm_opt_container\" aria-labelledby=\"field_ymrp33_label\" role=\"group\">\t\t<div class=\"frm_checkbox\" id=\"frm_checkbox_203-0\">\t\t\t<label  for=\"field_ymrp33-0\">\n\t\t\t<input type=\"checkbox\" name=\"item_meta[203][]\" id=\"field_ymrp33-0\" value=\"Yes\"  data-invmsg=\"Are you a student? is invalid\"   \/> Yes<\/label><\/div>\n\t\t<div class=\"frm_checkbox\" id=\"frm_checkbox_203-1\">\t\t\t<label  for=\"field_ymrp33-1\">\n\t\t\t<input type=\"checkbox\" name=\"item_meta[203][]\" id=\"field_ymrp33-1\" value=\"No\"  data-invmsg=\"Are you a student? is invalid\"   \/> No<\/label><\/div>\n<\/div>\r\n    \r\n    \r\n<\/div>\n<div id=\"frm_field_207_container\" class=\"frm_form_field form-field  frm_top_container frm12 frm_first\">\r\n    <label for=\"field_o1bhj\" id=\"field_o1bhj_label\" class=\"frm_primary_label\">If you are a student, what is your major and what school do you attend?\r\n        <span class=\"frm_required\" aria-hidden=\"true\"><\/span>\r\n    <\/label>\r\n    <input  type=\"text\" id=\"field_o1bhj\" name=\"item_meta[207]\" value=\"\"  data-invmsg=\"Text is invalid\" aria-invalid=\"false\"   \/>\r\n    \r\n    \r\n<\/div>\n<div id=\"frm_field_208_container\" class=\"frm_form_field form-field  frm_top_container frm12 frm_first vertical_radio\">\r\n    <div  id=\"field_4znox_label\" class=\"frm_primary_label\">Are you seeking Continuing Education (CE) Credits? CE credits are available for nurses, social workers, therapists, and physicians.\r\n        <span class=\"frm_required\" aria-hidden=\"true\"><\/span>\r\n    <\/div>\r\n    <div class=\"frm_opt_container\" aria-labelledby=\"field_4znox_label\" role=\"group\">\t\t<div class=\"frm_checkbox\" id=\"frm_checkbox_208-0\">\t\t\t<label  for=\"field_4znox-0\">\n\t\t\t<input type=\"checkbox\" name=\"item_meta[208][]\" id=\"field_4znox-0\" value=\"Yes\"  data-invmsg=\"Are you seeking Continuing Education (CE) Credits? CE credits are available for nurses, social workers, therapists, and physicians. is invalid\"   \/> Yes<\/label><\/div>\n\t\t<div class=\"frm_checkbox\" id=\"frm_checkbox_208-1\">\t\t\t<label  for=\"field_4znox-1\">\n\t\t\t<input type=\"checkbox\" name=\"item_meta[208][]\" id=\"field_4znox-1\" value=\"No\"  data-invmsg=\"Are you seeking Continuing Education (CE) Credits? CE credits are available for nurses, social workers, therapists, and physicians. is invalid\"   \/> No<\/label><\/div>\n<\/div>\r\n    \r\n    \r\n<\/div>\n<div id=\"frm_field_205_container\" class=\"frm_form_field form-field  frm_top_container vertical_radio\">\r\n    <div  id=\"field_7n8xo2_label\" class=\"frm_primary_label\">If so, for which discipline?\r\n        <span class=\"frm_required\" aria-hidden=\"true\"><\/span>\r\n    <\/div>\r\n    <div class=\"frm_opt_container\" aria-labelledby=\"field_7n8xo2_label\" role=\"group\">\t\t<div class=\"frm_checkbox\" id=\"frm_checkbox_205-0\">\t\t\t<label  for=\"field_7n8xo2-0\">\n\t\t\t<input type=\"checkbox\" name=\"item_meta[205][]\" id=\"field_7n8xo2-0\" value=\"Nursing\"  data-invmsg=\"If so, for which discipline? is invalid\"   \/> Nursing<\/label><\/div>\n\t\t<div class=\"frm_checkbox\" id=\"frm_checkbox_205-1\">\t\t\t<label  for=\"field_7n8xo2-1\">\n\t\t\t<input type=\"checkbox\" name=\"item_meta[205][]\" id=\"field_7n8xo2-1\" value=\"Social Work\"  data-invmsg=\"If so, for which discipline? is invalid\"   \/> Social Work<\/label><\/div>\n\t\t<div class=\"frm_checkbox\" id=\"frm_checkbox_205-2\">\t\t\t<label  for=\"field_7n8xo2-2\">\n\t\t\t<input type=\"checkbox\" name=\"item_meta[205][]\" id=\"field_7n8xo2-2\" value=\"Physician (self reported credits only)\"  data-invmsg=\"If so, for which discipline? is invalid\"   \/> Physician (self reported credits only)<\/label><\/div>\n\t\t<div class=\"frm_checkbox\" id=\"frm_checkbox_205-3\">\t\t\t<label  for=\"field_7n8xo2-3\">\n\t\t\t<input type=\"checkbox\" name=\"item_meta[205][]\" id=\"field_7n8xo2-3\" value=\"Physician\u2019s Assistants (self reported credits only)\"  data-invmsg=\"If so, for which discipline? is invalid\"   \/> Physician\u2019s Assistants (self reported credits only)<\/label><\/div>\n<\/div>\r\n    \r\n    \r\n<\/div>\n<div id=\"frm_field_206_container\" class=\"frm_form_field form-field  frm_top_container frm12 frm_first\">\r\n    <label for=\"field_ny00u3\" id=\"field_ny00u3_label\" class=\"frm_primary_label\">Comments\r\n        <span class=\"frm_required\" aria-hidden=\"true\"><\/span>\r\n    <\/label>\r\n    <textarea name=\"item_meta[206]\" id=\"field_ny00u3\" rows=\"5\"  data-invmsg=\"Comments\/Questions\/Other Challenges you would like to discuss? is invalid\" aria-invalid=\"false\"  ><\/textarea>\r\n    \r\n    \r\n<\/div>\n\t<input type=\"hidden\" name=\"item_key\" value=\"\" \/>\n\t\t\t<div id=\"frm_field_777_container\">\n\t\t\t<label for=\"field_33c9s\" >\n\t\t\t\tIf you are human, leave this field blank.\t\t\t<\/label>\n\t\t\t<input  id=\"field_33c9s\" type=\"text\" class=\"frm_form_field form-field frm_verify\" name=\"item_meta[777]\" value=\"\"  \/>\n\t\t<\/div>\n\t\t<input name=\"frm_state\" type=\"hidden\" value=\"lVk\/QGqHB7l3Gz7o+woev9ZIEPYKwngWJ3yE+Shr3ZRUz9H7hIpE5+dyUeHdIsRt\" \/><div class=\"frm_submit\">\r\n\r\n<button class=\"frm_button_submit frm_final_submit\" type=\"submit\"  >Submit<\/button>\r\n\r\n<\/div><\/div>\n<\/fieldset>\n<\/div>\n\n<p style=\"display: none !important;\" class=\"akismet-fields-container\" data-prefix=\"ak_\"><label>&#916;<textarea name=\"ak_hp_textarea\" cols=\"45\" rows=\"8\" maxlength=\"100\"><\/textarea><\/label><input type=\"hidden\" id=\"ak_js_1\" name=\"ak_js\" value=\"223\"\/><script>document.getElementById( \"ak_js_1\" ).setAttribute( \"value\", ( new Date() ).getTime() );<\/script><\/p><\/form>\n<\/div>\n\n<p>Los trabajadores sociales, terapeutas familiares y asesores que deseen obtener cr\u00e9ditos de formaci\u00f3n continua tambi\u00e9n deben inscribirse en<a href=\"https:\/\/www.nasw-pa.org\/events\/EventDetails.aspx?id=1730422&amp;group=\" target=\"_blank\" rel=\"noopener\"> el sitio web de la NASW<\/a>.<\/p>\n<p><strong><em>Esta actividad de Desarrollo Profesional Continuo de Enfermer\u00eda fue aprobada por la Unidad Aprobadora de la Asociaci\u00f3n de Enfermeras del Estado de Pensilvania, una entidad aprobadora acreditada por la Comisi\u00f3n de Acreditaci\u00f3n del Centro Americano de Acreditaci\u00f3n de Enfermeras.<\/em><\/strong><\/p>\n<p>&nbsp;<\/p>\n","protected":false},"excerpt":{"rendered":"<p>Tras las muertes evitables de sus seres queridos -Shamony Gibson y Amber Rose Isaac-, dos familias movilizan a activistas, parteras y m\u00e9dicos para hacer frente a una de las crisis estadounidenses m\u00e1s acuciantes de nuestro tiempo: la crisis de la salud materna en Estados Unidos. Entre los oradores e invitados de honor de este acto&#8230;<\/p>\n","protected":false},"author":5,"featured_media":0,"parent":0,"menu_order":0,"comment_status":"closed","ping_status":"closed","template":"","meta":{"_acf_changed":false,"inline_featured_image":false,"footnotes":""},"class_list":["post-5583","page","type-page","status-publish","hentry"],"acf":[],"yoast_head":"<!-- This site is optimized with the Yoast SEO plugin v26.7 - https:\/\/yoast.com\/wordpress\/plugins\/seo\/ -->\n<title>Proyecci\u00f3n de la pel\u00edcula Aftershock - The Foundation for Delaware County<\/title>\n<meta name=\"robots\" content=\"index, follow, max-snippet:-1, max-image-preview:large, max-video-preview:-1\" \/>\n<link rel=\"canonical\" href=\"https:\/\/delcofoundation.org\/es\/proyeccion-de-la-pelicula-aftershock\/\" \/>\n<meta property=\"og:locale\" content=\"es_ES\" \/>\n<meta property=\"og:type\" content=\"article\" \/>\n<meta property=\"og:title\" content=\"Proyecci\u00f3n de la pel\u00edcula Aftershock - The Foundation for Delaware County\" \/>\n<meta property=\"og:description\" content=\"Tras las muertes evitables de sus seres queridos -Shamony Gibson y Amber Rose Isaac-, dos familias movilizan a activistas, parteras y m\u00e9dicos para hacer frente a una de las crisis estadounidenses m\u00e1s acuciantes de nuestro tiempo: la crisis de la salud materna en Estados Unidos. Entre los oradores e invitados de honor de este acto...\" \/>\n<meta property=\"og:url\" content=\"https:\/\/delcofoundation.org\/es\/proyeccion-de-la-pelicula-aftershock\/\" \/>\n<meta property=\"og:site_name\" content=\"The Foundation for Delaware County\" \/>\n<meta property=\"article:modified_time\" content=\"2024-06-20T19:03:09+00:00\" \/>\n<meta property=\"og:image\" content=\"https:\/\/delcofoundation.org\/app\/uploads\/2021\/10\/320_FDC-Annual-21-e1631905307293.jpg\" \/>\n\t<meta property=\"og:image:width\" content=\"1950\" \/>\n\t<meta property=\"og:image:height\" content=\"1150\" \/>\n\t<meta property=\"og:image:type\" content=\"image\/jpeg\" \/>\n<meta name=\"twitter:card\" content=\"summary_large_image\" \/>\n<meta name=\"twitter:label1\" content=\"Est. reading time\" \/>\n\t<meta name=\"twitter:data1\" content=\"1 minute\" \/>\n<script type=\"application\/ld+json\" class=\"yoast-schema-graph\">{\"@context\":\"https:\/\/schema.org\",\"@graph\":[{\"@type\":\"WebPage\",\"@id\":\"https:\/\/delcofoundation.org\/es\/proyeccion-de-la-pelicula-aftershock\/\",\"url\":\"https:\/\/delcofoundation.org\/es\/proyeccion-de-la-pelicula-aftershock\/\",\"name\":\"Proyecci\u00f3n de la pel\u00edcula Aftershock - The Foundation for Delaware County\",\"isPartOf\":{\"@id\":\"https:\/\/delcofoundation.org\/es\/#website\"},\"datePublished\":\"2022-10-31T22:30:24+00:00\",\"dateModified\":\"2024-06-20T19:03:09+00:00\",\"breadcrumb\":{\"@id\":\"https:\/\/delcofoundation.org\/es\/proyeccion-de-la-pelicula-aftershock\/#breadcrumb\"},\"inLanguage\":\"es-ES\",\"potentialAction\":[{\"@type\":\"ReadAction\",\"target\":[\"https:\/\/delcofoundation.org\/es\/proyeccion-de-la-pelicula-aftershock\/\"]}]},{\"@type\":\"BreadcrumbList\",\"@id\":\"https:\/\/delcofoundation.org\/es\/proyeccion-de-la-pelicula-aftershock\/#breadcrumb\",\"itemListElement\":[{\"@type\":\"ListItem\",\"position\":1,\"name\":\"Home\",\"item\":\"https:\/\/delcofoundation.org\/es\/\"},{\"@type\":\"ListItem\",\"position\":2,\"name\":\"Proyecci\u00f3n de la pel\u00edcula Aftershock\"}]},{\"@type\":\"WebSite\",\"@id\":\"https:\/\/delcofoundation.org\/es\/#website\",\"url\":\"https:\/\/delcofoundation.org\/es\/\",\"name\":\"The Foundation for Delaware County\",\"description\":\"\",\"publisher\":{\"@id\":\"https:\/\/delcofoundation.org\/es\/#organization\"},\"potentialAction\":[{\"@type\":\"SearchAction\",\"target\":{\"@type\":\"EntryPoint\",\"urlTemplate\":\"https:\/\/delcofoundation.org\/es\/?s={search_term_string}\"},\"query-input\":{\"@type\":\"PropertyValueSpecification\",\"valueRequired\":true,\"valueName\":\"search_term_string\"}}],\"inLanguage\":\"es-ES\"},{\"@type\":\"Organization\",\"@id\":\"https:\/\/delcofoundation.org\/es\/#organization\",\"name\":\"The Foundation for Delaware County\",\"url\":\"https:\/\/delcofoundation.org\/es\/\",\"logo\":{\"@type\":\"ImageObject\",\"inLanguage\":\"es-ES\",\"@id\":\"https:\/\/delcofoundation.org\/es\/#\/schema\/logo\/image\/\",\"url\":\"\",\"contentUrl\":\"\",\"caption\":\"The Foundation for Delaware County\"},\"image\":{\"@id\":\"https:\/\/delcofoundation.org\/es\/#\/schema\/logo\/image\/\"}}]}<\/script>\n<!-- \/ Yoast SEO plugin. -->","yoast_head_json":{"title":"Proyecci\u00f3n de la pel\u00edcula Aftershock - The Foundation for Delaware County","robots":{"index":"index","follow":"follow","max-snippet":"max-snippet:-1","max-image-preview":"max-image-preview:large","max-video-preview":"max-video-preview:-1"},"canonical":"https:\/\/delcofoundation.org\/es\/proyeccion-de-la-pelicula-aftershock\/","og_locale":"es_ES","og_type":"article","og_title":"Proyecci\u00f3n de la pel\u00edcula Aftershock - The Foundation for Delaware County","og_description":"Tras las muertes evitables de sus seres queridos -Shamony Gibson y Amber Rose Isaac-, dos familias movilizan a activistas, parteras y m\u00e9dicos para hacer frente a una de las crisis estadounidenses m\u00e1s acuciantes de nuestro tiempo: la crisis de la salud materna en Estados Unidos. Entre los oradores e invitados de honor de este acto...","og_url":"https:\/\/delcofoundation.org\/es\/proyeccion-de-la-pelicula-aftershock\/","og_site_name":"The Foundation for Delaware County","article_modified_time":"2024-06-20T19:03:09+00:00","og_image":[{"width":1950,"height":1150,"url":"https:\/\/delcofoundation.org\/app\/uploads\/2021\/10\/320_FDC-Annual-21-e1631905307293.jpg","type":"image\/jpeg"}],"twitter_card":"summary_large_image","twitter_misc":{"Est. reading time":"1 minute"},"schema":{"@context":"https:\/\/schema.org","@graph":[{"@type":"WebPage","@id":"https:\/\/delcofoundation.org\/es\/proyeccion-de-la-pelicula-aftershock\/","url":"https:\/\/delcofoundation.org\/es\/proyeccion-de-la-pelicula-aftershock\/","name":"Proyecci\u00f3n de la pel\u00edcula Aftershock - The Foundation for Delaware County","isPartOf":{"@id":"https:\/\/delcofoundation.org\/es\/#website"},"datePublished":"2022-10-31T22:30:24+00:00","dateModified":"2024-06-20T19:03:09+00:00","breadcrumb":{"@id":"https:\/\/delcofoundation.org\/es\/proyeccion-de-la-pelicula-aftershock\/#breadcrumb"},"inLanguage":"es-ES","potentialAction":[{"@type":"ReadAction","target":["https:\/\/delcofoundation.org\/es\/proyeccion-de-la-pelicula-aftershock\/"]}]},{"@type":"BreadcrumbList","@id":"https:\/\/delcofoundation.org\/es\/proyeccion-de-la-pelicula-aftershock\/#breadcrumb","itemListElement":[{"@type":"ListItem","position":1,"name":"Home","item":"https:\/\/delcofoundation.org\/es\/"},{"@type":"ListItem","position":2,"name":"Proyecci\u00f3n de la pel\u00edcula Aftershock"}]},{"@type":"WebSite","@id":"https:\/\/delcofoundation.org\/es\/#website","url":"https:\/\/delcofoundation.org\/es\/","name":"The Foundation for Delaware County","description":"","publisher":{"@id":"https:\/\/delcofoundation.org\/es\/#organization"},"potentialAction":[{"@type":"SearchAction","target":{"@type":"EntryPoint","urlTemplate":"https:\/\/delcofoundation.org\/es\/?s={search_term_string}"},"query-input":{"@type":"PropertyValueSpecification","valueRequired":true,"valueName":"search_term_string"}}],"inLanguage":"es-ES"},{"@type":"Organization","@id":"https:\/\/delcofoundation.org\/es\/#organization","name":"The Foundation for Delaware County","url":"https:\/\/delcofoundation.org\/es\/","logo":{"@type":"ImageObject","inLanguage":"es-ES","@id":"https:\/\/delcofoundation.org\/es\/#\/schema\/logo\/image\/","url":"","contentUrl":"","caption":"The Foundation for Delaware County"},"image":{"@id":"https:\/\/delcofoundation.org\/es\/#\/schema\/logo\/image\/"}}]}},"_links":{"self":[{"href":"https:\/\/delcofoundation.org\/es\/wp-json\/wp\/v2\/pages\/5583","targetHints":{"allow":["GET"]}}],"collection":[{"href":"https:\/\/delcofoundation.org\/es\/wp-json\/wp\/v2\/pages"}],"about":[{"href":"https:\/\/delcofoundation.org\/es\/wp-json\/wp\/v2\/types\/page"}],"author":[{"embeddable":true,"href":"https:\/\/delcofoundation.org\/es\/wp-json\/wp\/v2\/users\/5"}],"replies":[{"embeddable":true,"href":"https:\/\/delcofoundation.org\/es\/wp-json\/wp\/v2\/comments?post=5583"}],"version-history":[{"count":1,"href":"https:\/\/delcofoundation.org\/es\/wp-json\/wp\/v2\/pages\/5583\/revisions"}],"predecessor-version":[{"id":6116,"href":"https:\/\/delcofoundation.org\/es\/wp-json\/wp\/v2\/pages\/5583\/revisions\/6116"}],"wp:attachment":[{"href":"https:\/\/delcofoundation.org\/es\/wp-json\/wp\/v2\/media?parent=5583"}],"curies":[{"name":"wp","href":"https:\/\/api.w.org\/{rel}","templated":true}]}}