{"id":5561,"date":"2023-06-21T14:50:00","date_gmt":"2023-06-21T14:50:00","guid":{"rendered":"https:\/\/delcofoundation.org\/asesores-profesionales-abogados\/"},"modified":"2024-09-23T15:57:59","modified_gmt":"2024-09-23T15:57:59","slug":"asesores-profesionales-abogados","status":"publish","type":"page","link":"https:\/\/delcofoundation.org\/es\/dar-y-aconsejar\/asesores-profesionales-abogados\/","title":{"rendered":"Asesores profesionales\/Abogados"},"content":{"rendered":"","protected":false},"excerpt":{"rendered":"","protected":false},"author":11,"featured_media":0,"parent":5562,"menu_order":0,"comment_status":"closed","ping_status":"closed","template":"page-templates\/content-modules.php","meta":{"_acf_changed":false,"inline_featured_image":false,"footnotes":""},"class_list":["post-5561","page","type-page","status-publish","hentry"],"acf":[],"yoast_head":"<!-- This site is optimized with the Yoast SEO plugin v26.7 - https:\/\/yoast.com\/wordpress\/plugins\/seo\/ -->\n<title>Asesores profesionales\/Abogados - The Foundation for Delaware County<\/title>\n<meta name=\"description\" content=\"Como asesor profesional, formas parte de un grupo de inter\u00e9s clave que ayuda a la Fundaci\u00f3n a fortalecer el condado de Delaware y el mundo a trav\u00e9s de la filantrop\u00eda. Los miembros de la comunidad de asesores profesionales recomiendan a la Fundaci\u00f3n a m\u00e1s de la mitad de nuestros nuevos donantes. No podr\u00edamos hacer nuestra parte para crear un futuro vibrante para todos los habitantes del condado de Delaware sin ti.\nCuando presentas la filantrop\u00eda como un elemento esencial de tu pr\u00e1ctica, est\u00e1s ayudando a tus clientes a invertir sus recursos de forma que conecten su pasi\u00f3n con un prop\u00f3sito. Eres un socio de confianza que est\u00e1 en una posici\u00f3n \u00fanica para ayudarles a recorrer su camino filantr\u00f3pico.\nEstamos aqu\u00ed para ayudarte. La Fundaci\u00f3n trabaja directamente contigo para crear una estrategia filantr\u00f3pica impactante, flexible y eficaz para tus clientes. Y proporcionamos recursos y programas espec\u00edficos para asesores profesionales, para que puedas mejorar y profundizar las relaciones con tus clientes a trav\u00e9s de la alegr\u00eda de la filantrop\u00eda.\n\u00a0\" \/>\n<meta name=\"robots\" content=\"index, follow, max-snippet:-1, max-image-preview:large, max-video-preview:-1\" \/>\n<link rel=\"canonical\" href=\"https:\/\/delcofoundation.org\/es\/dar-y-aconsejar\/asesores-profesionales-abogados\/\" \/>\n<meta property=\"og:locale\" content=\"es_ES\" \/>\n<meta property=\"og:type\" content=\"article\" \/>\n<meta property=\"og:title\" content=\"Asesores profesionales\/Abogados - The Foundation for Delaware County\" \/>\n<meta property=\"og:url\" content=\"https:\/\/delcofoundation.org\/es\/dar-y-aconsejar\/asesores-profesionales-abogados\/\" \/>\n<meta property=\"og:site_name\" content=\"The Foundation for Delaware County\" \/>\n<meta property=\"article:modified_time\" content=\"2024-09-23T15:57:59+00:00\" \/>\n<meta property=\"og:image\" content=\"https:\/\/delcofoundation.org\/app\/uploads\/2021\/10\/320_FDC-Annual-21-e1631905307293.jpg\" \/>\n\t<meta property=\"og:image:width\" content=\"1950\" \/>\n\t<meta property=\"og:image:height\" content=\"1150\" \/>\n\t<meta property=\"og:image:type\" content=\"image\/jpeg\" \/>\n<meta name=\"twitter:card\" content=\"summary_large_image\" \/>\n<script type=\"application\/ld+json\" class=\"yoast-schema-graph\">{\"@context\":\"https:\/\/schema.org\",\"@graph\":[{\"@type\":\"WebPage\",\"@id\":\"https:\/\/delcofoundation.org\/es\/dar-y-aconsejar\/asesores-profesionales-abogados\/\",\"url\":\"https:\/\/delcofoundation.org\/es\/dar-y-aconsejar\/asesores-profesionales-abogados\/\",\"name\":\"Asesores profesionales\/Abogados - The Foundation for Delaware County\",\"isPartOf\":{\"@id\":\"https:\/\/delcofoundation.org\/es\/#website\"},\"datePublished\":\"2023-06-21T14:50:00+00:00\",\"dateModified\":\"2024-09-23T15:57:59+00:00\",\"breadcrumb\":{\"@id\":\"https:\/\/delcofoundation.org\/es\/dar-y-aconsejar\/asesores-profesionales-abogados\/#breadcrumb\"},\"inLanguage\":\"es-ES\",\"potentialAction\":[{\"@type\":\"ReadAction\",\"target\":[\"https:\/\/delcofoundation.org\/es\/dar-y-aconsejar\/asesores-profesionales-abogados\/\"]}]},{\"@type\":\"BreadcrumbList\",\"@id\":\"https:\/\/delcofoundation.org\/es\/dar-y-aconsejar\/asesores-profesionales-abogados\/#breadcrumb\",\"itemListElement\":[{\"@type\":\"ListItem\",\"position\":1,\"name\":\"Home\",\"item\":\"https:\/\/delcofoundation.org\/es\/\"},{\"@type\":\"ListItem\",\"position\":2,\"name\":\"Dar y aconsejar\",\"item\":\"https:\/\/delcofoundation.org\/es\/dar-y-aconsejar\/\"},{\"@type\":\"ListItem\",\"position\":3,\"name\":\"Asesores profesionales\/Abogados\"}]},{\"@type\":\"WebSite\",\"@id\":\"https:\/\/delcofoundation.org\/es\/#website\",\"url\":\"https:\/\/delcofoundation.org\/es\/\",\"name\":\"The Foundation for Delaware County\",\"description\":\"\",\"publisher\":{\"@id\":\"https:\/\/delcofoundation.org\/es\/#organization\"},\"potentialAction\":[{\"@type\":\"SearchAction\",\"target\":{\"@type\":\"EntryPoint\",\"urlTemplate\":\"https:\/\/delcofoundation.org\/es\/?s={search_term_string}\"},\"query-input\":{\"@type\":\"PropertyValueSpecification\",\"valueRequired\":true,\"valueName\":\"search_term_string\"}}],\"inLanguage\":\"es-ES\"},{\"@type\":\"Organization\",\"@id\":\"https:\/\/delcofoundation.org\/es\/#organization\",\"name\":\"The Foundation for Delaware County\",\"url\":\"https:\/\/delcofoundation.org\/es\/\",\"logo\":{\"@type\":\"ImageObject\",\"inLanguage\":\"es-ES\",\"@id\":\"https:\/\/delcofoundation.org\/es\/#\/schema\/logo\/image\/\",\"url\":\"\",\"contentUrl\":\"\",\"caption\":\"The Foundation for Delaware County\"},\"image\":{\"@id\":\"https:\/\/delcofoundation.org\/es\/#\/schema\/logo\/image\/\"}}]}<\/script>\n<!-- \/ Yoast SEO plugin. -->","yoast_head_json":{"title":"Asesores profesionales\/Abogados - The Foundation for Delaware County","description":"Como asesor profesional, formas parte de un grupo de inter\u00e9s clave que ayuda a la Fundaci\u00f3n a fortalecer el condado de Delaware y el mundo a trav\u00e9s de la filantrop\u00eda. Los miembros de la comunidad de asesores profesionales recomiendan a la Fundaci\u00f3n a m\u00e1s de la mitad de nuestros nuevos donantes. No podr\u00edamos hacer nuestra parte para crear un futuro vibrante para todos los habitantes del condado de Delaware sin ti.\nCuando presentas la filantrop\u00eda como un elemento esencial de tu pr\u00e1ctica, est\u00e1s ayudando a tus clientes a invertir sus recursos de forma que conecten su pasi\u00f3n con un prop\u00f3sito. Eres un socio de confianza que est\u00e1 en una posici\u00f3n \u00fanica para ayudarles a recorrer su camino filantr\u00f3pico.\nEstamos aqu\u00ed para ayudarte. La Fundaci\u00f3n trabaja directamente contigo para crear una estrategia filantr\u00f3pica impactante, flexible y eficaz para tus clientes. Y proporcionamos recursos y programas espec\u00edficos para asesores profesionales, para que puedas mejorar y profundizar las relaciones con tus clientes a trav\u00e9s de la alegr\u00eda de la filantrop\u00eda.\n\u00a0","robots":{"index":"index","follow":"follow","max-snippet":"max-snippet:-1","max-image-preview":"max-image-preview:large","max-video-preview":"max-video-preview:-1"},"canonical":"https:\/\/delcofoundation.org\/es\/dar-y-aconsejar\/asesores-profesionales-abogados\/","og_locale":"es_ES","og_type":"article","og_title":"Asesores profesionales\/Abogados - The Foundation for Delaware County","og_url":"https:\/\/delcofoundation.org\/es\/dar-y-aconsejar\/asesores-profesionales-abogados\/","og_site_name":"The Foundation for Delaware County","article_modified_time":"2024-09-23T15:57:59+00:00","og_image":[{"width":1950,"height":1150,"url":"https:\/\/delcofoundation.org\/app\/uploads\/2021\/10\/320_FDC-Annual-21-e1631905307293.jpg","type":"image\/jpeg"}],"twitter_card":"summary_large_image","schema":{"@context":"https:\/\/schema.org","@graph":[{"@type":"WebPage","@id":"https:\/\/delcofoundation.org\/es\/dar-y-aconsejar\/asesores-profesionales-abogados\/","url":"https:\/\/delcofoundation.org\/es\/dar-y-aconsejar\/asesores-profesionales-abogados\/","name":"Asesores profesionales\/Abogados - The Foundation for Delaware County","isPartOf":{"@id":"https:\/\/delcofoundation.org\/es\/#website"},"datePublished":"2023-06-21T14:50:00+00:00","dateModified":"2024-09-23T15:57:59+00:00","breadcrumb":{"@id":"https:\/\/delcofoundation.org\/es\/dar-y-aconsejar\/asesores-profesionales-abogados\/#breadcrumb"},"inLanguage":"es-ES","potentialAction":[{"@type":"ReadAction","target":["https:\/\/delcofoundation.org\/es\/dar-y-aconsejar\/asesores-profesionales-abogados\/"]}]},{"@type":"BreadcrumbList","@id":"https:\/\/delcofoundation.org\/es\/dar-y-aconsejar\/asesores-profesionales-abogados\/#breadcrumb","itemListElement":[{"@type":"ListItem","position":1,"name":"Home","item":"https:\/\/delcofoundation.org\/es\/"},{"@type":"ListItem","position":2,"name":"Dar y aconsejar","item":"https:\/\/delcofoundation.org\/es\/dar-y-aconsejar\/"},{"@type":"ListItem","position":3,"name":"Asesores profesionales\/Abogados"}]},{"@type":"WebSite","@id":"https:\/\/delcofoundation.org\/es\/#website","url":"https:\/\/delcofoundation.org\/es\/","name":"The Foundation for Delaware County","description":"","publisher":{"@id":"https:\/\/delcofoundation.org\/es\/#organization"},"potentialAction":[{"@type":"SearchAction","target":{"@type":"EntryPoint","urlTemplate":"https:\/\/delcofoundation.org\/es\/?s={search_term_string}"},"query-input":{"@type":"PropertyValueSpecification","valueRequired":true,"valueName":"search_term_string"}}],"inLanguage":"es-ES"},{"@type":"Organization","@id":"https:\/\/delcofoundation.org\/es\/#organization","name":"The Foundation for Delaware County","url":"https:\/\/delcofoundation.org\/es\/","logo":{"@type":"ImageObject","inLanguage":"es-ES","@id":"https:\/\/delcofoundation.org\/es\/#\/schema\/logo\/image\/","url":"","contentUrl":"","caption":"The Foundation for Delaware County"},"image":{"@id":"https:\/\/delcofoundation.org\/es\/#\/schema\/logo\/image\/"}}]}},"_links":{"self":[{"href":"https:\/\/delcofoundation.org\/es\/wp-json\/wp\/v2\/pages\/5561","targetHints":{"allow":["GET"]}}],"collection":[{"href":"https:\/\/delcofoundation.org\/es\/wp-json\/wp\/v2\/pages"}],"about":[{"href":"https:\/\/delcofoundation.org\/es\/wp-json\/wp\/v2\/types\/page"}],"author":[{"embeddable":true,"href":"https:\/\/delcofoundation.org\/es\/wp-json\/wp\/v2\/users\/11"}],"replies":[{"embeddable":true,"href":"https:\/\/delcofoundation.org\/es\/wp-json\/wp\/v2\/comments?post=5561"}],"version-history":[{"count":1,"href":"https:\/\/delcofoundation.org\/es\/wp-json\/wp\/v2\/pages\/5561\/revisions"}],"predecessor-version":[{"id":6162,"href":"https:\/\/delcofoundation.org\/es\/wp-json\/wp\/v2\/pages\/5561\/revisions\/6162"}],"up":[{"embeddable":true,"href":"https:\/\/delcofoundation.org\/es\/wp-json\/wp\/v2\/pages\/5562"}],"wp:attachment":[{"href":"https:\/\/delcofoundation.org\/es\/wp-json\/wp\/v2\/media?parent=5561"}],"curies":[{"name":"wp","href":"https:\/\/api.w.org\/{rel}","templated":true}]}}