{"id":5558,"date":"2023-06-21T14:49:52","date_gmt":"2023-06-21T14:49:52","guid":{"rendered":"https:\/\/delcofoundation.org\/habla-con-tus-clientes-sobre-la-donacion\/"},"modified":"2024-06-20T19:03:03","modified_gmt":"2024-06-20T19:03:03","slug":"habla-con-tus-clientes-sobre-la-donacion","status":"publish","type":"page","link":"https:\/\/delcofoundation.org\/es\/dar-y-aconsejar\/asesores-profesionales-abogados\/habla-con-tus-clientes-sobre-la-donacion\/","title":{"rendered":"Habla con tus clientes sobre la donaci\u00f3n"},"content":{"rendered":"","protected":false},"excerpt":{"rendered":"","protected":false},"author":11,"featured_media":0,"parent":5561,"menu_order":0,"comment_status":"closed","ping_status":"closed","template":"page-templates\/content-modules.php","meta":{"_acf_changed":false,"inline_featured_image":false,"footnotes":""},"class_list":["post-5558","page","type-page","status-publish","hentry"],"acf":[],"yoast_head":"<!-- This site is optimized with the Yoast SEO plugin v26.7 - https:\/\/yoast.com\/wordpress\/plugins\/seo\/ -->\n<title>Habla con tus clientes sobre la donaci\u00f3n - The Foundation for Delaware County<\/title>\n<meta name=\"description\" content=\"A continuaci\u00f3n figuran algunas preguntas que pueden ser \u00fatiles para identificar a los clientes que podr\u00edan plantearse hacer una donaci\u00f3n a la Fundaci\u00f3n y establecer un fondo con ella:\n\n\u00bfTengo clientes que se preocupan profundamente por su comunidad local y se han comprometido con ella?\n\u00bfDan a m\u00e1s de una causa ben\u00e9fica?\n\u00bfEst\u00e1n interesados en crear un legado personal o familiar en su comunidad?\n\u00bfEst\u00e1n considerando la creaci\u00f3n de una fundaci\u00f3n privada, pero les preocupan los costes, la privacidad y la complejidad administrativa que afectan a su filantrop\u00eda?\n\u00bfLes gustar\u00eda seguir implicados personalmente en el uso de los fondos que destinan a fines ben\u00e9ficos?\n\u00bfQuieren recibir el m\u00e1ximo beneficio fiscal por sus aportaciones ben\u00e9ficas seg\u00fan la ley federal?\n\u00bfPriorizan la buena gesti\u00f3n financiera de sus contribuciones?\n\u00bfLes preocupa el futuro de las organizaciones sin \u00e1nimo de lucro a las que apoyan actualmente, queriendo asegurarse de que las donaciones sigan siendo relevantes aunque estas organizaciones dejen de existir o cambien sus misiones?\n\nSi la respuesta a estas preguntas es afirmativa, asociarte con la Fundaci\u00f3n te proporcionar\u00e1 las herramientas necesarias para que la planificaci\u00f3n ben\u00e9fica sea f\u00e1cil para ti y tus clientes.\nHoja de trucos para asesores profesionales\nSuscr\u00edbete al bolet\u00edn electr\u00f3nico del Asesor Profesional\" \/>\n<meta name=\"robots\" content=\"index, follow, max-snippet:-1, max-image-preview:large, max-video-preview:-1\" \/>\n<link rel=\"canonical\" href=\"https:\/\/delcofoundation.org\/es\/dar-y-aconsejar\/asesores-profesionales-abogados\/habla-con-tus-clientes-sobre-la-donacion\/\" \/>\n<meta property=\"og:locale\" content=\"es_ES\" \/>\n<meta property=\"og:type\" content=\"article\" \/>\n<meta property=\"og:title\" content=\"Habla con tus clientes sobre la donaci\u00f3n - The Foundation for Delaware County\" \/>\n<meta property=\"og:url\" content=\"https:\/\/delcofoundation.org\/es\/dar-y-aconsejar\/asesores-profesionales-abogados\/habla-con-tus-clientes-sobre-la-donacion\/\" \/>\n<meta property=\"og:site_name\" content=\"The Foundation for Delaware County\" \/>\n<meta property=\"article:modified_time\" content=\"2024-06-20T19:03:03+00:00\" \/>\n<meta property=\"og:image\" content=\"https:\/\/delcofoundation.org\/app\/uploads\/2021\/10\/320_FDC-Annual-21-e1631905307293.jpg\" \/>\n\t<meta property=\"og:image:width\" content=\"1950\" \/>\n\t<meta property=\"og:image:height\" content=\"1150\" \/>\n\t<meta property=\"og:image:type\" content=\"image\/jpeg\" \/>\n<meta name=\"twitter:card\" content=\"summary_large_image\" \/>\n<script type=\"application\/ld+json\" class=\"yoast-schema-graph\">{\"@context\":\"https:\/\/schema.org\",\"@graph\":[{\"@type\":\"WebPage\",\"@id\":\"https:\/\/delcofoundation.org\/es\/dar-y-aconsejar\/asesores-profesionales-abogados\/habla-con-tus-clientes-sobre-la-donacion\/\",\"url\":\"https:\/\/delcofoundation.org\/es\/dar-y-aconsejar\/asesores-profesionales-abogados\/habla-con-tus-clientes-sobre-la-donacion\/\",\"name\":\"Habla con tus clientes sobre la donaci\u00f3n - The Foundation for Delaware County\",\"isPartOf\":{\"@id\":\"https:\/\/delcofoundation.org\/es\/#website\"},\"datePublished\":\"2023-06-21T14:49:52+00:00\",\"dateModified\":\"2024-06-20T19:03:03+00:00\",\"breadcrumb\":{\"@id\":\"https:\/\/delcofoundation.org\/es\/dar-y-aconsejar\/asesores-profesionales-abogados\/habla-con-tus-clientes-sobre-la-donacion\/#breadcrumb\"},\"inLanguage\":\"es-ES\",\"potentialAction\":[{\"@type\":\"ReadAction\",\"target\":[\"https:\/\/delcofoundation.org\/es\/dar-y-aconsejar\/asesores-profesionales-abogados\/habla-con-tus-clientes-sobre-la-donacion\/\"]}]},{\"@type\":\"BreadcrumbList\",\"@id\":\"https:\/\/delcofoundation.org\/es\/dar-y-aconsejar\/asesores-profesionales-abogados\/habla-con-tus-clientes-sobre-la-donacion\/#breadcrumb\",\"itemListElement\":[{\"@type\":\"ListItem\",\"position\":1,\"name\":\"Home\",\"item\":\"https:\/\/delcofoundation.org\/es\/\"},{\"@type\":\"ListItem\",\"position\":2,\"name\":\"Dar y aconsejar\",\"item\":\"https:\/\/delcofoundation.org\/es\/dar-y-aconsejar\/\"},{\"@type\":\"ListItem\",\"position\":3,\"name\":\"Asesores profesionales\/Abogados\",\"item\":\"https:\/\/delcofoundation.org\/es\/dar-y-aconsejar\/asesores-profesionales-abogados\/\"},{\"@type\":\"ListItem\",\"position\":4,\"name\":\"Habla con tus clientes sobre la donaci\u00f3n\"}]},{\"@type\":\"WebSite\",\"@id\":\"https:\/\/delcofoundation.org\/es\/#website\",\"url\":\"https:\/\/delcofoundation.org\/es\/\",\"name\":\"The Foundation for Delaware County\",\"description\":\"\",\"publisher\":{\"@id\":\"https:\/\/delcofoundation.org\/es\/#organization\"},\"potentialAction\":[{\"@type\":\"SearchAction\",\"target\":{\"@type\":\"EntryPoint\",\"urlTemplate\":\"https:\/\/delcofoundation.org\/es\/?s={search_term_string}\"},\"query-input\":{\"@type\":\"PropertyValueSpecification\",\"valueRequired\":true,\"valueName\":\"search_term_string\"}}],\"inLanguage\":\"es-ES\"},{\"@type\":\"Organization\",\"@id\":\"https:\/\/delcofoundation.org\/es\/#organization\",\"name\":\"The Foundation for Delaware County\",\"url\":\"https:\/\/delcofoundation.org\/es\/\",\"logo\":{\"@type\":\"ImageObject\",\"inLanguage\":\"es-ES\",\"@id\":\"https:\/\/delcofoundation.org\/es\/#\/schema\/logo\/image\/\",\"url\":\"\",\"contentUrl\":\"\",\"caption\":\"The Foundation for Delaware County\"},\"image\":{\"@id\":\"https:\/\/delcofoundation.org\/es\/#\/schema\/logo\/image\/\"}}]}<\/script>\n<!-- \/ Yoast SEO plugin. -->","yoast_head_json":{"title":"Habla con tus clientes sobre la donaci\u00f3n - The Foundation for Delaware County","description":"A continuaci\u00f3n figuran algunas preguntas que pueden ser \u00fatiles para identificar a los clientes que podr\u00edan plantearse hacer una donaci\u00f3n a la Fundaci\u00f3n y establecer un fondo con ella:\n\n\u00bfTengo clientes que se preocupan profundamente por su comunidad local y se han comprometido con ella?\n\u00bfDan a m\u00e1s de una causa ben\u00e9fica?\n\u00bfEst\u00e1n interesados en crear un legado personal o familiar en su comunidad?\n\u00bfEst\u00e1n considerando la creaci\u00f3n de una fundaci\u00f3n privada, pero les preocupan los costes, la privacidad y la complejidad administrativa que afectan a su filantrop\u00eda?\n\u00bfLes gustar\u00eda seguir implicados personalmente en el uso de los fondos que destinan a fines ben\u00e9ficos?\n\u00bfQuieren recibir el m\u00e1ximo beneficio fiscal por sus aportaciones ben\u00e9ficas seg\u00fan la ley federal?\n\u00bfPriorizan la buena gesti\u00f3n financiera de sus contribuciones?\n\u00bfLes preocupa el futuro de las organizaciones sin \u00e1nimo de lucro a las que apoyan actualmente, queriendo asegurarse de que las donaciones sigan siendo relevantes aunque estas organizaciones dejen de existir o cambien sus misiones?\n\nSi la respuesta a estas preguntas es afirmativa, asociarte con la Fundaci\u00f3n te proporcionar\u00e1 las herramientas necesarias para que la planificaci\u00f3n ben\u00e9fica sea f\u00e1cil para ti y tus clientes.\nHoja de trucos para asesores profesionales\nSuscr\u00edbete al bolet\u00edn electr\u00f3nico del Asesor Profesional","robots":{"index":"index","follow":"follow","max-snippet":"max-snippet:-1","max-image-preview":"max-image-preview:large","max-video-preview":"max-video-preview:-1"},"canonical":"https:\/\/delcofoundation.org\/es\/dar-y-aconsejar\/asesores-profesionales-abogados\/habla-con-tus-clientes-sobre-la-donacion\/","og_locale":"es_ES","og_type":"article","og_title":"Habla con tus clientes sobre la donaci\u00f3n - The Foundation for Delaware County","og_url":"https:\/\/delcofoundation.org\/es\/dar-y-aconsejar\/asesores-profesionales-abogados\/habla-con-tus-clientes-sobre-la-donacion\/","og_site_name":"The Foundation for Delaware County","article_modified_time":"2024-06-20T19:03:03+00:00","og_image":[{"width":1950,"height":1150,"url":"https:\/\/delcofoundation.org\/app\/uploads\/2021\/10\/320_FDC-Annual-21-e1631905307293.jpg","type":"image\/jpeg"}],"twitter_card":"summary_large_image","schema":{"@context":"https:\/\/schema.org","@graph":[{"@type":"WebPage","@id":"https:\/\/delcofoundation.org\/es\/dar-y-aconsejar\/asesores-profesionales-abogados\/habla-con-tus-clientes-sobre-la-donacion\/","url":"https:\/\/delcofoundation.org\/es\/dar-y-aconsejar\/asesores-profesionales-abogados\/habla-con-tus-clientes-sobre-la-donacion\/","name":"Habla con tus clientes sobre la donaci\u00f3n - The Foundation for Delaware County","isPartOf":{"@id":"https:\/\/delcofoundation.org\/es\/#website"},"datePublished":"2023-06-21T14:49:52+00:00","dateModified":"2024-06-20T19:03:03+00:00","breadcrumb":{"@id":"https:\/\/delcofoundation.org\/es\/dar-y-aconsejar\/asesores-profesionales-abogados\/habla-con-tus-clientes-sobre-la-donacion\/#breadcrumb"},"inLanguage":"es-ES","potentialAction":[{"@type":"ReadAction","target":["https:\/\/delcofoundation.org\/es\/dar-y-aconsejar\/asesores-profesionales-abogados\/habla-con-tus-clientes-sobre-la-donacion\/"]}]},{"@type":"BreadcrumbList","@id":"https:\/\/delcofoundation.org\/es\/dar-y-aconsejar\/asesores-profesionales-abogados\/habla-con-tus-clientes-sobre-la-donacion\/#breadcrumb","itemListElement":[{"@type":"ListItem","position":1,"name":"Home","item":"https:\/\/delcofoundation.org\/es\/"},{"@type":"ListItem","position":2,"name":"Dar y aconsejar","item":"https:\/\/delcofoundation.org\/es\/dar-y-aconsejar\/"},{"@type":"ListItem","position":3,"name":"Asesores profesionales\/Abogados","item":"https:\/\/delcofoundation.org\/es\/dar-y-aconsejar\/asesores-profesionales-abogados\/"},{"@type":"ListItem","position":4,"name":"Habla con tus clientes sobre la donaci\u00f3n"}]},{"@type":"WebSite","@id":"https:\/\/delcofoundation.org\/es\/#website","url":"https:\/\/delcofoundation.org\/es\/","name":"The Foundation for Delaware County","description":"","publisher":{"@id":"https:\/\/delcofoundation.org\/es\/#organization"},"potentialAction":[{"@type":"SearchAction","target":{"@type":"EntryPoint","urlTemplate":"https:\/\/delcofoundation.org\/es\/?s={search_term_string}"},"query-input":{"@type":"PropertyValueSpecification","valueRequired":true,"valueName":"search_term_string"}}],"inLanguage":"es-ES"},{"@type":"Organization","@id":"https:\/\/delcofoundation.org\/es\/#organization","name":"The Foundation for Delaware County","url":"https:\/\/delcofoundation.org\/es\/","logo":{"@type":"ImageObject","inLanguage":"es-ES","@id":"https:\/\/delcofoundation.org\/es\/#\/schema\/logo\/image\/","url":"","contentUrl":"","caption":"The Foundation for Delaware County"},"image":{"@id":"https:\/\/delcofoundation.org\/es\/#\/schema\/logo\/image\/"}}]}},"_links":{"self":[{"href":"https:\/\/delcofoundation.org\/es\/wp-json\/wp\/v2\/pages\/5558","targetHints":{"allow":["GET"]}}],"collection":[{"href":"https:\/\/delcofoundation.org\/es\/wp-json\/wp\/v2\/pages"}],"about":[{"href":"https:\/\/delcofoundation.org\/es\/wp-json\/wp\/v2\/types\/page"}],"author":[{"embeddable":true,"href":"https:\/\/delcofoundation.org\/es\/wp-json\/wp\/v2\/users\/11"}],"replies":[{"embeddable":true,"href":"https:\/\/delcofoundation.org\/es\/wp-json\/wp\/v2\/comments?post=5558"}],"version-history":[{"count":1,"href":"https:\/\/delcofoundation.org\/es\/wp-json\/wp\/v2\/pages\/5558\/revisions"}],"predecessor-version":[{"id":5564,"href":"https:\/\/delcofoundation.org\/es\/wp-json\/wp\/v2\/pages\/5558\/revisions\/5564"}],"up":[{"embeddable":true,"href":"https:\/\/delcofoundation.org\/es\/wp-json\/wp\/v2\/pages\/5561"}],"wp:attachment":[{"href":"https:\/\/delcofoundation.org\/es\/wp-json\/wp\/v2\/media?parent=5558"}],"curies":[{"name":"wp","href":"https:\/\/api.w.org\/{rel}","templated":true}]}}