{"id":5553,"date":"2023-07-26T16:12:59","date_gmt":"2023-07-26T16:12:59","guid":{"rendered":"https:\/\/delcofoundation.org\/asociaciones-de-donaciones-planificadas-sin-animo-de-lucro\/"},"modified":"2024-06-20T19:02:59","modified_gmt":"2024-06-20T19:02:59","slug":"asociaciones-de-donaciones-planificadas-sin-animo-de-lucro","status":"publish","type":"page","link":"https:\/\/delcofoundation.org\/es\/asociaciones-de-donaciones-planificadas-sin-animo-de-lucro\/","title":{"rendered":"Asociaciones de donaciones planificadas sin \u00e1nimo de lucro"},"content":{"rendered":"","protected":false},"excerpt":{"rendered":"","protected":false},"author":5,"featured_media":4984,"parent":0,"menu_order":0,"comment_status":"closed","ping_status":"closed","template":"page-templates\/content-modules.php","meta":{"_acf_changed":false,"inline_featured_image":false,"footnotes":""},"class_list":["post-5553","page","type-page","status-publish","has-post-thumbnail","hentry"],"acf":[],"yoast_head":"<!-- This site is optimized with the Yoast SEO plugin v26.7 - https:\/\/yoast.com\/wordpress\/plugins\/seo\/ -->\n<title>Asociaciones de donaciones planificadas sin \u00e1nimo de lucro - The Foundation for Delaware County<\/title>\n<meta name=\"description\" content=\"Ayudamos a los donantes a establecer\n\n\n\nRentas vitalicias ben\u00e9ficas\nAnualidades de donaciones ben\u00e9ficas &#8211; Estas donaciones proporcionan una anualidad al donante durante su vida y, en \u00faltima instancia, apoyar\u00e1n las actividades de tu organizaci\u00f3n. Las anualidades de regalo pueden financiarse con dinero en efectivo, valores negociables o distribuciones de cuentas IRA.\n\n\n\n\nFideicomisos caritativos\nFideicomisos ben\u00e9ficos &#8211; Los fideicomisos ben\u00e9ficos tambi\u00e9n pueden financiarse con cualquier tipo de propiedad que tenga valor, como dinero en efectivo, valores negociables, bienes inmuebles, propiedades personales, acciones en cartera, etc. Consultamos con tu donante para establecer el tipo de fideicomiso m\u00e1s adecuado y emitimos cheques trimestrales a los donantes beneficiarios del fideicomiso. Al final del plazo del fideicomiso, los activos restantes pasan a un fondo designado por la Fundaci\u00f3n que apoya a tu organizaci\u00f3n.\n\n\n\n\nFideicomisos caritativos\nCharitable Lead Trusts &#8211; Este fideicomiso realiza distribuciones anuales a un fondo designado por el donante en la Fundaci\u00f3n en beneficio de tu organizaci\u00f3n. Proporciona a tu donante una forma de transferir activos a sus herederos a un tipo impositivo reducido.\" \/>\n<meta name=\"robots\" content=\"index, follow, max-snippet:-1, max-image-preview:large, max-video-preview:-1\" \/>\n<link rel=\"canonical\" href=\"https:\/\/delcofoundation.org\/es\/asociaciones-de-donaciones-planificadas-sin-animo-de-lucro\/\" \/>\n<meta property=\"og:locale\" content=\"es_ES\" \/>\n<meta property=\"og:type\" content=\"article\" \/>\n<meta property=\"og:title\" content=\"Asociaciones de donaciones planificadas sin \u00e1nimo de lucro - The Foundation for Delaware County\" \/>\n<meta property=\"og:url\" content=\"https:\/\/delcofoundation.org\/es\/asociaciones-de-donaciones-planificadas-sin-animo-de-lucro\/\" \/>\n<meta property=\"og:site_name\" content=\"The Foundation for Delaware County\" \/>\n<meta property=\"article:modified_time\" content=\"2024-06-20T19:02:59+00:00\" \/>\n<meta property=\"og:image\" content=\"https:\/\/delcofoundation.org\/app\/uploads\/2023\/07\/Willistown-CT-Photo-1-scaled.jpg\" \/>\n\t<meta property=\"og:image:width\" content=\"2473\" \/>\n\t<meta property=\"og:image:height\" content=\"2560\" \/>\n\t<meta property=\"og:image:type\" content=\"image\/jpeg\" \/>\n<meta name=\"twitter:card\" content=\"summary_large_image\" \/>\n<script type=\"application\/ld+json\" class=\"yoast-schema-graph\">{\"@context\":\"https:\/\/schema.org\",\"@graph\":[{\"@type\":\"WebPage\",\"@id\":\"https:\/\/delcofoundation.org\/es\/asociaciones-de-donaciones-planificadas-sin-animo-de-lucro\/\",\"url\":\"https:\/\/delcofoundation.org\/es\/asociaciones-de-donaciones-planificadas-sin-animo-de-lucro\/\",\"name\":\"Asociaciones de donaciones planificadas sin \u00e1nimo de lucro - The Foundation for Delaware County\",\"isPartOf\":{\"@id\":\"https:\/\/delcofoundation.org\/es\/#website\"},\"primaryImageOfPage\":{\"@id\":\"https:\/\/delcofoundation.org\/es\/asociaciones-de-donaciones-planificadas-sin-animo-de-lucro\/#primaryimage\"},\"image\":{\"@id\":\"https:\/\/delcofoundation.org\/es\/asociaciones-de-donaciones-planificadas-sin-animo-de-lucro\/#primaryimage\"},\"thumbnailUrl\":\"https:\/\/delcofoundation.org\/app\/uploads\/2023\/07\/Willistown-CT-Photo-1-scaled.jpg\",\"datePublished\":\"2023-07-26T16:12:59+00:00\",\"dateModified\":\"2024-06-20T19:02:59+00:00\",\"breadcrumb\":{\"@id\":\"https:\/\/delcofoundation.org\/es\/asociaciones-de-donaciones-planificadas-sin-animo-de-lucro\/#breadcrumb\"},\"inLanguage\":\"es-ES\",\"potentialAction\":[{\"@type\":\"ReadAction\",\"target\":[\"https:\/\/delcofoundation.org\/es\/asociaciones-de-donaciones-planificadas-sin-animo-de-lucro\/\"]}]},{\"@type\":\"ImageObject\",\"inLanguage\":\"es-ES\",\"@id\":\"https:\/\/delcofoundation.org\/es\/asociaciones-de-donaciones-planificadas-sin-animo-de-lucro\/#primaryimage\",\"url\":\"https:\/\/delcofoundation.org\/app\/uploads\/2023\/07\/Willistown-CT-Photo-1-scaled.jpg\",\"contentUrl\":\"https:\/\/delcofoundation.org\/app\/uploads\/2023\/07\/Willistown-CT-Photo-1-scaled.jpg\",\"width\":2473,\"height\":2560},{\"@type\":\"BreadcrumbList\",\"@id\":\"https:\/\/delcofoundation.org\/es\/asociaciones-de-donaciones-planificadas-sin-animo-de-lucro\/#breadcrumb\",\"itemListElement\":[{\"@type\":\"ListItem\",\"position\":1,\"name\":\"Home\",\"item\":\"https:\/\/delcofoundation.org\/es\/\"},{\"@type\":\"ListItem\",\"position\":2,\"name\":\"Asociaciones de donaciones planificadas sin \u00e1nimo de lucro\"}]},{\"@type\":\"WebSite\",\"@id\":\"https:\/\/delcofoundation.org\/es\/#website\",\"url\":\"https:\/\/delcofoundation.org\/es\/\",\"name\":\"The Foundation for Delaware County\",\"description\":\"\",\"publisher\":{\"@id\":\"https:\/\/delcofoundation.org\/es\/#organization\"},\"potentialAction\":[{\"@type\":\"SearchAction\",\"target\":{\"@type\":\"EntryPoint\",\"urlTemplate\":\"https:\/\/delcofoundation.org\/es\/?s={search_term_string}\"},\"query-input\":{\"@type\":\"PropertyValueSpecification\",\"valueRequired\":true,\"valueName\":\"search_term_string\"}}],\"inLanguage\":\"es-ES\"},{\"@type\":\"Organization\",\"@id\":\"https:\/\/delcofoundation.org\/es\/#organization\",\"name\":\"The Foundation for Delaware County\",\"url\":\"https:\/\/delcofoundation.org\/es\/\",\"logo\":{\"@type\":\"ImageObject\",\"inLanguage\":\"es-ES\",\"@id\":\"https:\/\/delcofoundation.org\/es\/#\/schema\/logo\/image\/\",\"url\":\"\",\"contentUrl\":\"\",\"caption\":\"The Foundation for Delaware County\"},\"image\":{\"@id\":\"https:\/\/delcofoundation.org\/es\/#\/schema\/logo\/image\/\"}}]}<\/script>\n<!-- \/ Yoast SEO plugin. -->","yoast_head_json":{"title":"Asociaciones de donaciones planificadas sin \u00e1nimo de lucro - The Foundation for Delaware County","description":"Ayudamos a los donantes a establecer\n\n\n\nRentas vitalicias ben\u00e9ficas\nAnualidades de donaciones ben\u00e9ficas &#8211; Estas donaciones proporcionan una anualidad al donante durante su vida y, en \u00faltima instancia, apoyar\u00e1n las actividades de tu organizaci\u00f3n. Las anualidades de regalo pueden financiarse con dinero en efectivo, valores negociables o distribuciones de cuentas IRA.\n\n\n\n\nFideicomisos caritativos\nFideicomisos ben\u00e9ficos &#8211; Los fideicomisos ben\u00e9ficos tambi\u00e9n pueden financiarse con cualquier tipo de propiedad que tenga valor, como dinero en efectivo, valores negociables, bienes inmuebles, propiedades personales, acciones en cartera, etc. Consultamos con tu donante para establecer el tipo de fideicomiso m\u00e1s adecuado y emitimos cheques trimestrales a los donantes beneficiarios del fideicomiso. Al final del plazo del fideicomiso, los activos restantes pasan a un fondo designado por la Fundaci\u00f3n que apoya a tu organizaci\u00f3n.\n\n\n\n\nFideicomisos caritativos\nCharitable Lead Trusts &#8211; Este fideicomiso realiza distribuciones anuales a un fondo designado por el donante en la Fundaci\u00f3n en beneficio de tu organizaci\u00f3n. Proporciona a tu donante una forma de transferir activos a sus herederos a un tipo impositivo reducido.","robots":{"index":"index","follow":"follow","max-snippet":"max-snippet:-1","max-image-preview":"max-image-preview:large","max-video-preview":"max-video-preview:-1"},"canonical":"https:\/\/delcofoundation.org\/es\/asociaciones-de-donaciones-planificadas-sin-animo-de-lucro\/","og_locale":"es_ES","og_type":"article","og_title":"Asociaciones de donaciones planificadas sin \u00e1nimo de lucro - The Foundation for Delaware County","og_url":"https:\/\/delcofoundation.org\/es\/asociaciones-de-donaciones-planificadas-sin-animo-de-lucro\/","og_site_name":"The Foundation for Delaware County","article_modified_time":"2024-06-20T19:02:59+00:00","og_image":[{"width":2473,"height":2560,"url":"https:\/\/delcofoundation.org\/app\/uploads\/2023\/07\/Willistown-CT-Photo-1-scaled.jpg","type":"image\/jpeg"}],"twitter_card":"summary_large_image","schema":{"@context":"https:\/\/schema.org","@graph":[{"@type":"WebPage","@id":"https:\/\/delcofoundation.org\/es\/asociaciones-de-donaciones-planificadas-sin-animo-de-lucro\/","url":"https:\/\/delcofoundation.org\/es\/asociaciones-de-donaciones-planificadas-sin-animo-de-lucro\/","name":"Asociaciones de donaciones planificadas sin \u00e1nimo de lucro - The Foundation for Delaware County","isPartOf":{"@id":"https:\/\/delcofoundation.org\/es\/#website"},"primaryImageOfPage":{"@id":"https:\/\/delcofoundation.org\/es\/asociaciones-de-donaciones-planificadas-sin-animo-de-lucro\/#primaryimage"},"image":{"@id":"https:\/\/delcofoundation.org\/es\/asociaciones-de-donaciones-planificadas-sin-animo-de-lucro\/#primaryimage"},"thumbnailUrl":"https:\/\/delcofoundation.org\/app\/uploads\/2023\/07\/Willistown-CT-Photo-1-scaled.jpg","datePublished":"2023-07-26T16:12:59+00:00","dateModified":"2024-06-20T19:02:59+00:00","breadcrumb":{"@id":"https:\/\/delcofoundation.org\/es\/asociaciones-de-donaciones-planificadas-sin-animo-de-lucro\/#breadcrumb"},"inLanguage":"es-ES","potentialAction":[{"@type":"ReadAction","target":["https:\/\/delcofoundation.org\/es\/asociaciones-de-donaciones-planificadas-sin-animo-de-lucro\/"]}]},{"@type":"ImageObject","inLanguage":"es-ES","@id":"https:\/\/delcofoundation.org\/es\/asociaciones-de-donaciones-planificadas-sin-animo-de-lucro\/#primaryimage","url":"https:\/\/delcofoundation.org\/app\/uploads\/2023\/07\/Willistown-CT-Photo-1-scaled.jpg","contentUrl":"https:\/\/delcofoundation.org\/app\/uploads\/2023\/07\/Willistown-CT-Photo-1-scaled.jpg","width":2473,"height":2560},{"@type":"BreadcrumbList","@id":"https:\/\/delcofoundation.org\/es\/asociaciones-de-donaciones-planificadas-sin-animo-de-lucro\/#breadcrumb","itemListElement":[{"@type":"ListItem","position":1,"name":"Home","item":"https:\/\/delcofoundation.org\/es\/"},{"@type":"ListItem","position":2,"name":"Asociaciones de donaciones planificadas sin \u00e1nimo de lucro"}]},{"@type":"WebSite","@id":"https:\/\/delcofoundation.org\/es\/#website","url":"https:\/\/delcofoundation.org\/es\/","name":"The Foundation for Delaware County","description":"","publisher":{"@id":"https:\/\/delcofoundation.org\/es\/#organization"},"potentialAction":[{"@type":"SearchAction","target":{"@type":"EntryPoint","urlTemplate":"https:\/\/delcofoundation.org\/es\/?s={search_term_string}"},"query-input":{"@type":"PropertyValueSpecification","valueRequired":true,"valueName":"search_term_string"}}],"inLanguage":"es-ES"},{"@type":"Organization","@id":"https:\/\/delcofoundation.org\/es\/#organization","name":"The Foundation for Delaware County","url":"https:\/\/delcofoundation.org\/es\/","logo":{"@type":"ImageObject","inLanguage":"es-ES","@id":"https:\/\/delcofoundation.org\/es\/#\/schema\/logo\/image\/","url":"","contentUrl":"","caption":"The Foundation for Delaware County"},"image":{"@id":"https:\/\/delcofoundation.org\/es\/#\/schema\/logo\/image\/"}}]}},"_links":{"self":[{"href":"https:\/\/delcofoundation.org\/es\/wp-json\/wp\/v2\/pages\/5553","targetHints":{"allow":["GET"]}}],"collection":[{"href":"https:\/\/delcofoundation.org\/es\/wp-json\/wp\/v2\/pages"}],"about":[{"href":"https:\/\/delcofoundation.org\/es\/wp-json\/wp\/v2\/types\/page"}],"author":[{"embeddable":true,"href":"https:\/\/delcofoundation.org\/es\/wp-json\/wp\/v2\/users\/5"}],"replies":[{"embeddable":true,"href":"https:\/\/delcofoundation.org\/es\/wp-json\/wp\/v2\/comments?post=5553"}],"version-history":[{"count":1,"href":"https:\/\/delcofoundation.org\/es\/wp-json\/wp\/v2\/pages\/5553\/revisions"}],"predecessor-version":[{"id":6154,"href":"https:\/\/delcofoundation.org\/es\/wp-json\/wp\/v2\/pages\/5553\/revisions\/6154"}],"wp:featuredmedia":[{"embeddable":true,"href":"https:\/\/delcofoundation.org\/es\/wp-json\/wp\/v2\/media\/4984"}],"wp:attachment":[{"href":"https:\/\/delcofoundation.org\/es\/wp-json\/wp\/v2\/media?parent=5553"}],"curies":[{"name":"wp","href":"https:\/\/api.w.org\/{rel}","templated":true}]}}