{"id":5544,"date":"2024-01-05T16:48:08","date_gmt":"2024-01-05T16:48:08","guid":{"rendered":"https:\/\/delcofoundation.org\/conferencia-sobre-sostenibilidad-del-condado-de-delaware-2024\/"},"modified":"2024-06-20T19:03:05","modified_gmt":"2024-06-20T19:03:05","slug":"conferencia-sobre-sostenibilidad-del-condado-de-delaware-2024","status":"publish","type":"page","link":"https:\/\/delcofoundation.org\/es\/conferencia-sobre-sostenibilidad-del-condado-de-delaware-2024\/","title":{"rendered":"Conferencia sobre Sostenibilidad del Condado de Delaware 2024"},"content":{"rendered":"<h3>Gracias por tu inter\u00e9s en apoyar la tercera Conferencia anual sobre Sostenibilidad del Condado de Delaware, que se celebrar\u00e1 en la primavera de 2024.<\/h3>\n<p>Este a\u00f1o, la Conferencia sobre Sostenibilidad, de un d\u00eda de duraci\u00f3n y entrada gratuita, volver\u00e1 a informar e inspirar a los participantes. Se centrar\u00e1 en el cambio clim\u00e1tico y en lo que podemos hacer como comunidad para combatir esta crisis local y mundial a trav\u00e9s del prisma de la sostenibilidad y la resiliencia. El acto ofrece una programaci\u00f3n educativa en consonancia con <a href=\"https:\/\/delcopa.gov\/sustainability\/pdf\/SustainDelcoPlan.pdf\">Sustain Delco: Un Plan de Sostenibilidad para el Condado de Delaware (2023)<\/a>. La conferencia est\u00e1 dirigida a una amplia gama de audiencias, entre las que se incluyen expertos regionales en sostenibilidad, profesionales, industria, empresarios, acad\u00e9micos, miembros de la comunidad preocupados, ciudadanos cient\u00edficos, h\u00e9roes cotidianos de la sostenibilidad, l\u00edderes de organizaciones sin \u00e1nimo de lucro y, por primera vez, \u00a1estudiantes de secundaria! La conferencia incluir\u00e1 ponentes expertos e inspiradores, desarrollo profesional, creaci\u00f3n de redes, divulgaci\u00f3n y colaboraci\u00f3n. Para ver lo m\u00e1s destacado de nuestras conferencias de 2021 y 2022, consulta <a href=\"https:\/\/www.delcopa.gov\/sustainability\/conference.html\">www.delcopa.gov\/sustainability\/conference.html.<\/a><\/p>\n<h2>C\u00f3mo donar<\/h2>\n<p>Si quieres patrocinar este acto para ayudar a mantener un contenido de alta calidad y la entrada gratuita para todos los que deseen asistir, utiliza<a href=\"https:\/\/delco.fcsuite.com\/erp\/donate\/list\/event?event_date_id=2353\"> este enlace<\/a>, o env\u00eda cheques a nombre de The Foundation for Delaware County con Delaware County Office of Sustainability en la nota del cheque a 200 E. State Street, Suite 304, Media, PA 19063. Las donaciones a la Oficina de Sostenibilidad son posibles gracias al patrocinio fiscal de la Fundaci\u00f3n del Condado de Delaware.<\/p>\n<p>Todo bosque comienza con una sola semilla. Tu generosa donaci\u00f3n, de cualquier cuant\u00eda, apoyar\u00e1 la continuaci\u00f3n de la programaci\u00f3n gratuita de la Conferencia Anual sobre Sostenibilidad del Condado de Delaware. Agradecemos sinceramente tu donaci\u00f3n.<\/p>\n<p><img loading=\"lazy\" decoding=\"async\" class=\"alignnone size-medium wp-image-3755\" style=\"color: #333333; font-style: normal; font-weight: 300;\" src=\"https:\/\/delcofoundation.org\/app\/uploads\/2024\/01\/2024-Sustainability-Conference-Fundraising-Letter-2-002-logo-300x124.jpg\" alt=\"\" width=\"300\" height=\"124\" srcset=\"https:\/\/delcofoundation.org\/app\/uploads\/2024\/01\/2024-Sustainability-Conference-Fundraising-Letter-2-002-logo-300x124.jpg 300w, https:\/\/delcofoundation.org\/app\/uploads\/2024\/01\/2024-Sustainability-Conference-Fundraising-Letter-2-002-logo-241x100.jpg 241w, https:\/\/delcofoundation.org\/app\/uploads\/2024\/01\/2024-Sustainability-Conference-Fundraising-Letter-2-002-logo.jpg 707w\" sizes=\"auto, (max-width: 300px) 100vw, 300px\" \/><img loading=\"lazy\" decoding=\"async\" class=\"alignnone wp-image-3771 size-full\" src=\"https:\/\/delcofoundation.org\/app\/uploads\/2024\/01\/Sustainability-Conference-2024.png\" alt=\"\" width=\"1080\" height=\"1080\" srcset=\"https:\/\/delcofoundation.org\/app\/uploads\/2024\/01\/Sustainability-Conference-2024.png 1080w, https:\/\/delcofoundation.org\/app\/uploads\/2024\/01\/Sustainability-Conference-2024-300x300.png 300w, https:\/\/delcofoundation.org\/app\/uploads\/2024\/01\/Sustainability-Conference-2024-1024x1024.png 1024w, https:\/\/delcofoundation.org\/app\/uploads\/2024\/01\/Sustainability-Conference-2024-150x150.png 150w, https:\/\/delcofoundation.org\/app\/uploads\/2024\/01\/Sustainability-Conference-2024-768x768.png 768w, https:\/\/delcofoundation.org\/app\/uploads\/2024\/01\/Sustainability-Conference-2024-103x102.png 103w, https:\/\/delcofoundation.org\/app\/uploads\/2024\/01\/Sustainability-Conference-2024-241x241.png 241w, https:\/\/delcofoundation.org\/app\/uploads\/2024\/01\/Sustainability-Conference-2024-75x75.png 75w, https:\/\/delcofoundation.org\/app\/uploads\/2024\/01\/Sustainability-Conference-2024-140x140.png 140w, https:\/\/delcofoundation.org\/app\/uploads\/2024\/01\/Sustainability-Conference-2024-280x280.png 280w\" sizes=\"auto, (max-width: 1080px) 100vw, 1080px\" \/><\/p>\n","protected":false},"excerpt":{"rendered":"<p>Gracias por tu inter\u00e9s en apoyar la tercera Conferencia anual sobre Sostenibilidad del Condado de Delaware, que se celebrar\u00e1 en la primavera de 2024. Este a\u00f1o, la Conferencia sobre Sostenibilidad, de un d\u00eda de duraci\u00f3n y entrada gratuita, volver\u00e1 a informar e inspirar a los participantes. Se centrar\u00e1 en el cambio clim\u00e1tico y en lo&#8230;<\/p>\n","protected":false},"author":12,"featured_media":0,"parent":0,"menu_order":0,"comment_status":"closed","ping_status":"closed","template":"","meta":{"_acf_changed":false,"inline_featured_image":false,"footnotes":""},"class_list":["post-5544","page","type-page","status-publish","hentry"],"acf":[],"yoast_head":"<!-- This site is optimized with the Yoast SEO plugin v26.7 - https:\/\/yoast.com\/wordpress\/plugins\/seo\/ -->\n<title>Conferencia sobre Sostenibilidad del Condado de Delaware 2024 - The Foundation for Delaware County<\/title>\n<meta name=\"robots\" content=\"index, follow, max-snippet:-1, max-image-preview:large, max-video-preview:-1\" \/>\n<link rel=\"canonical\" href=\"https:\/\/delcofoundation.org\/es\/conferencia-sobre-sostenibilidad-del-condado-de-delaware-2024\/\" \/>\n<meta property=\"og:locale\" content=\"es_ES\" \/>\n<meta property=\"og:type\" content=\"article\" \/>\n<meta property=\"og:title\" content=\"Conferencia sobre Sostenibilidad del Condado de Delaware 2024 - The Foundation for Delaware County\" \/>\n<meta property=\"og:description\" content=\"Gracias por tu inter\u00e9s en apoyar la tercera Conferencia anual sobre Sostenibilidad del Condado de Delaware, que se celebrar\u00e1 en la primavera de 2024. Este a\u00f1o, la Conferencia sobre Sostenibilidad, de un d\u00eda de duraci\u00f3n y entrada gratuita, volver\u00e1 a informar e inspirar a los participantes. Se centrar\u00e1 en el cambio clim\u00e1tico y en lo...\" \/>\n<meta property=\"og:url\" content=\"https:\/\/delcofoundation.org\/es\/conferencia-sobre-sostenibilidad-del-condado-de-delaware-2024\/\" \/>\n<meta property=\"og:site_name\" content=\"The Foundation for Delaware County\" \/>\n<meta property=\"article:modified_time\" content=\"2024-06-20T19:03:05+00:00\" \/>\n<meta property=\"og:image\" content=\"https:\/\/delcofoundation.org\/app\/uploads\/2024\/01\/2024-Sustainability-Conference-Fundraising-Letter-2-002-logo-300x124.jpg\" \/>\n<meta name=\"twitter:card\" content=\"summary_large_image\" \/>\n<meta name=\"twitter:label1\" content=\"Est. reading time\" \/>\n\t<meta name=\"twitter:data1\" content=\"2 minutes\" \/>\n<script type=\"application\/ld+json\" class=\"yoast-schema-graph\">{\"@context\":\"https:\/\/schema.org\",\"@graph\":[{\"@type\":\"WebPage\",\"@id\":\"https:\/\/delcofoundation.org\/es\/conferencia-sobre-sostenibilidad-del-condado-de-delaware-2024\/\",\"url\":\"https:\/\/delcofoundation.org\/es\/conferencia-sobre-sostenibilidad-del-condado-de-delaware-2024\/\",\"name\":\"Conferencia sobre Sostenibilidad del Condado de Delaware 2024 - The Foundation for Delaware County\",\"isPartOf\":{\"@id\":\"https:\/\/delcofoundation.org\/es\/#website\"},\"primaryImageOfPage\":{\"@id\":\"https:\/\/delcofoundation.org\/es\/conferencia-sobre-sostenibilidad-del-condado-de-delaware-2024\/#primaryimage\"},\"image\":{\"@id\":\"https:\/\/delcofoundation.org\/es\/conferencia-sobre-sostenibilidad-del-condado-de-delaware-2024\/#primaryimage\"},\"thumbnailUrl\":\"https:\/\/delcofoundation.org\/app\/uploads\/2024\/01\/2024-Sustainability-Conference-Fundraising-Letter-2-002-logo-300x124.jpg\",\"datePublished\":\"2024-01-05T16:48:08+00:00\",\"dateModified\":\"2024-06-20T19:03:05+00:00\",\"breadcrumb\":{\"@id\":\"https:\/\/delcofoundation.org\/es\/conferencia-sobre-sostenibilidad-del-condado-de-delaware-2024\/#breadcrumb\"},\"inLanguage\":\"es-ES\",\"potentialAction\":[{\"@type\":\"ReadAction\",\"target\":[\"https:\/\/delcofoundation.org\/es\/conferencia-sobre-sostenibilidad-del-condado-de-delaware-2024\/\"]}]},{\"@type\":\"ImageObject\",\"inLanguage\":\"es-ES\",\"@id\":\"https:\/\/delcofoundation.org\/es\/conferencia-sobre-sostenibilidad-del-condado-de-delaware-2024\/#primaryimage\",\"url\":\"https:\/\/delcofoundation.org\/app\/uploads\/2024\/01\/2024-Sustainability-Conference-Fundraising-Letter-2-002-logo-300x124.jpg\",\"contentUrl\":\"https:\/\/delcofoundation.org\/app\/uploads\/2024\/01\/2024-Sustainability-Conference-Fundraising-Letter-2-002-logo-300x124.jpg\"},{\"@type\":\"BreadcrumbList\",\"@id\":\"https:\/\/delcofoundation.org\/es\/conferencia-sobre-sostenibilidad-del-condado-de-delaware-2024\/#breadcrumb\",\"itemListElement\":[{\"@type\":\"ListItem\",\"position\":1,\"name\":\"Home\",\"item\":\"https:\/\/delcofoundation.org\/es\/\"},{\"@type\":\"ListItem\",\"position\":2,\"name\":\"Conferencia sobre Sostenibilidad del Condado de Delaware 2024\"}]},{\"@type\":\"WebSite\",\"@id\":\"https:\/\/delcofoundation.org\/es\/#website\",\"url\":\"https:\/\/delcofoundation.org\/es\/\",\"name\":\"The Foundation for Delaware County\",\"description\":\"\",\"publisher\":{\"@id\":\"https:\/\/delcofoundation.org\/es\/#organization\"},\"potentialAction\":[{\"@type\":\"SearchAction\",\"target\":{\"@type\":\"EntryPoint\",\"urlTemplate\":\"https:\/\/delcofoundation.org\/es\/?s={search_term_string}\"},\"query-input\":{\"@type\":\"PropertyValueSpecification\",\"valueRequired\":true,\"valueName\":\"search_term_string\"}}],\"inLanguage\":\"es-ES\"},{\"@type\":\"Organization\",\"@id\":\"https:\/\/delcofoundation.org\/es\/#organization\",\"name\":\"The Foundation for Delaware County\",\"url\":\"https:\/\/delcofoundation.org\/es\/\",\"logo\":{\"@type\":\"ImageObject\",\"inLanguage\":\"es-ES\",\"@id\":\"https:\/\/delcofoundation.org\/es\/#\/schema\/logo\/image\/\",\"url\":\"\",\"contentUrl\":\"\",\"caption\":\"The Foundation for Delaware County\"},\"image\":{\"@id\":\"https:\/\/delcofoundation.org\/es\/#\/schema\/logo\/image\/\"}}]}<\/script>\n<!-- \/ Yoast SEO plugin. -->","yoast_head_json":{"title":"Conferencia sobre Sostenibilidad del Condado de Delaware 2024 - The Foundation for Delaware County","robots":{"index":"index","follow":"follow","max-snippet":"max-snippet:-1","max-image-preview":"max-image-preview:large","max-video-preview":"max-video-preview:-1"},"canonical":"https:\/\/delcofoundation.org\/es\/conferencia-sobre-sostenibilidad-del-condado-de-delaware-2024\/","og_locale":"es_ES","og_type":"article","og_title":"Conferencia sobre Sostenibilidad del Condado de Delaware 2024 - The Foundation for Delaware County","og_description":"Gracias por tu inter\u00e9s en apoyar la tercera Conferencia anual sobre Sostenibilidad del Condado de Delaware, que se celebrar\u00e1 en la primavera de 2024. Este a\u00f1o, la Conferencia sobre Sostenibilidad, de un d\u00eda de duraci\u00f3n y entrada gratuita, volver\u00e1 a informar e inspirar a los participantes. Se centrar\u00e1 en el cambio clim\u00e1tico y en lo...","og_url":"https:\/\/delcofoundation.org\/es\/conferencia-sobre-sostenibilidad-del-condado-de-delaware-2024\/","og_site_name":"The Foundation for Delaware County","article_modified_time":"2024-06-20T19:03:05+00:00","og_image":[{"url":"https:\/\/delcofoundation.org\/app\/uploads\/2024\/01\/2024-Sustainability-Conference-Fundraising-Letter-2-002-logo-300x124.jpg","type":"","width":"","height":""}],"twitter_card":"summary_large_image","twitter_misc":{"Est. reading time":"2 minutes"},"schema":{"@context":"https:\/\/schema.org","@graph":[{"@type":"WebPage","@id":"https:\/\/delcofoundation.org\/es\/conferencia-sobre-sostenibilidad-del-condado-de-delaware-2024\/","url":"https:\/\/delcofoundation.org\/es\/conferencia-sobre-sostenibilidad-del-condado-de-delaware-2024\/","name":"Conferencia sobre Sostenibilidad del Condado de Delaware 2024 - The Foundation for Delaware County","isPartOf":{"@id":"https:\/\/delcofoundation.org\/es\/#website"},"primaryImageOfPage":{"@id":"https:\/\/delcofoundation.org\/es\/conferencia-sobre-sostenibilidad-del-condado-de-delaware-2024\/#primaryimage"},"image":{"@id":"https:\/\/delcofoundation.org\/es\/conferencia-sobre-sostenibilidad-del-condado-de-delaware-2024\/#primaryimage"},"thumbnailUrl":"https:\/\/delcofoundation.org\/app\/uploads\/2024\/01\/2024-Sustainability-Conference-Fundraising-Letter-2-002-logo-300x124.jpg","datePublished":"2024-01-05T16:48:08+00:00","dateModified":"2024-06-20T19:03:05+00:00","breadcrumb":{"@id":"https:\/\/delcofoundation.org\/es\/conferencia-sobre-sostenibilidad-del-condado-de-delaware-2024\/#breadcrumb"},"inLanguage":"es-ES","potentialAction":[{"@type":"ReadAction","target":["https:\/\/delcofoundation.org\/es\/conferencia-sobre-sostenibilidad-del-condado-de-delaware-2024\/"]}]},{"@type":"ImageObject","inLanguage":"es-ES","@id":"https:\/\/delcofoundation.org\/es\/conferencia-sobre-sostenibilidad-del-condado-de-delaware-2024\/#primaryimage","url":"https:\/\/delcofoundation.org\/app\/uploads\/2024\/01\/2024-Sustainability-Conference-Fundraising-Letter-2-002-logo-300x124.jpg","contentUrl":"https:\/\/delcofoundation.org\/app\/uploads\/2024\/01\/2024-Sustainability-Conference-Fundraising-Letter-2-002-logo-300x124.jpg"},{"@type":"BreadcrumbList","@id":"https:\/\/delcofoundation.org\/es\/conferencia-sobre-sostenibilidad-del-condado-de-delaware-2024\/#breadcrumb","itemListElement":[{"@type":"ListItem","position":1,"name":"Home","item":"https:\/\/delcofoundation.org\/es\/"},{"@type":"ListItem","position":2,"name":"Conferencia sobre Sostenibilidad del Condado de Delaware 2024"}]},{"@type":"WebSite","@id":"https:\/\/delcofoundation.org\/es\/#website","url":"https:\/\/delcofoundation.org\/es\/","name":"The Foundation for Delaware County","description":"","publisher":{"@id":"https:\/\/delcofoundation.org\/es\/#organization"},"potentialAction":[{"@type":"SearchAction","target":{"@type":"EntryPoint","urlTemplate":"https:\/\/delcofoundation.org\/es\/?s={search_term_string}"},"query-input":{"@type":"PropertyValueSpecification","valueRequired":true,"valueName":"search_term_string"}}],"inLanguage":"es-ES"},{"@type":"Organization","@id":"https:\/\/delcofoundation.org\/es\/#organization","name":"The Foundation for Delaware County","url":"https:\/\/delcofoundation.org\/es\/","logo":{"@type":"ImageObject","inLanguage":"es-ES","@id":"https:\/\/delcofoundation.org\/es\/#\/schema\/logo\/image\/","url":"","contentUrl":"","caption":"The Foundation for Delaware County"},"image":{"@id":"https:\/\/delcofoundation.org\/es\/#\/schema\/logo\/image\/"}}]}},"_links":{"self":[{"href":"https:\/\/delcofoundation.org\/es\/wp-json\/wp\/v2\/pages\/5544","targetHints":{"allow":["GET"]}}],"collection":[{"href":"https:\/\/delcofoundation.org\/es\/wp-json\/wp\/v2\/pages"}],"about":[{"href":"https:\/\/delcofoundation.org\/es\/wp-json\/wp\/v2\/types\/page"}],"author":[{"embeddable":true,"href":"https:\/\/delcofoundation.org\/es\/wp-json\/wp\/v2\/users\/12"}],"replies":[{"embeddable":true,"href":"https:\/\/delcofoundation.org\/es\/wp-json\/wp\/v2\/comments?post=5544"}],"version-history":[{"count":2,"href":"https:\/\/delcofoundation.org\/es\/wp-json\/wp\/v2\/pages\/5544\/revisions"}],"predecessor-version":[{"id":6563,"href":"https:\/\/delcofoundation.org\/es\/wp-json\/wp\/v2\/pages\/5544\/revisions\/6563"}],"wp:attachment":[{"href":"https:\/\/delcofoundation.org\/es\/wp-json\/wp\/v2\/media?parent=5544"}],"curies":[{"name":"wp","href":"https:\/\/api.w.org\/{rel}","templated":true}]}}