{"id":5542,"date":"2023-08-30T15:23:16","date_gmt":"2023-08-30T15:23:16","guid":{"rendered":"https:\/\/delcofoundation.org\/informacion-sobre-la-sociedad-del-legado\/"},"modified":"2024-06-20T19:03:00","modified_gmt":"2024-06-20T19:03:00","slug":"informacion-sobre-la-sociedad-del-legado","status":"publish","type":"page","link":"https:\/\/delcofoundation.org\/es\/informacion-sobre-la-sociedad-del-legado\/","title":{"rendered":"Informaci\u00f3n sobre la Sociedad del Legado"},"content":{"rendered":"<div>\n<p>La Sociedad del Legado proporciona una forma de reconocer y honrar a personas como t\u00fa que planean beneficiar a La Fundaci\u00f3n para el Condado de Delaware en el futuro.<\/p>\n<div class=\"frm_forms  with_frm_style frm_style_formidable-style\" id=\"frm_form_28_container\" data-token=\"673cf79461c2b610eb7ba526d2e13c1c\">\n<form enctype=\"multipart\/form-data\" method=\"post\" class=\"frm-show-form  frm_pro_form \" id=\"form_legacysocietyinformation\" data-token=\"673cf79461c2b610eb7ba526d2e13c1c\">\n<div class=\"frm_form_fields \">\n<fieldset>\n<legend class=\"frm_screen_reader\">Legacy Society Information<\/legend>\r\n\r\n<div class=\"frm_fields_container\">\n<input type=\"hidden\" name=\"frm_action\" value=\"create\" \/>\n<input type=\"hidden\" name=\"form_id\" value=\"28\" \/>\n<input type=\"hidden\" name=\"frm_hide_fields_28\" id=\"frm_hide_fields_28\" value=\"\" \/>\n<input type=\"hidden\" name=\"form_key\" value=\"legacysocietyinformation\" \/>\n<input type=\"hidden\" name=\"item_meta[0]\" value=\"\" \/>\n<input type=\"hidden\" id=\"frm_submit_entry_28\" name=\"frm_submit_entry_28\" value=\"399aaa7124\" \/><input type=\"hidden\" name=\"_wp_http_referer\" value=\"\/es\/wp-json\/wp\/v2\/pages\/5542\" \/><div id=\"frm_field_329_container\" class=\"frm_form_field form-field  frm_required_field frm_top_container\">\r\n    <label for=\"field_j4all\" id=\"field_j4all_label\" class=\"frm_primary_label\">Name\r\n        <span class=\"frm_required\" aria-hidden=\"true\">*<\/span>\r\n    <\/label>\r\n    <input  type=\"text\" id=\"field_j4all\" name=\"item_meta[329]\" value=\"\"  data-reqmsg=\"Name cannot be blank.\" aria-required=\"true\" data-invmsg=\"Text is invalid\" aria-invalid=\"false\"   \/>\r\n    \r\n    \r\n<\/div>\n<div id=\"frm_field_330_container\" class=\"frm_form_field form-field  frm_required_field frm_top_container\">\r\n    <label for=\"field_erk2b\" id=\"field_erk2b_label\" class=\"frm_primary_label\">Address\r\n        <span class=\"frm_required\" aria-hidden=\"true\">*<\/span>\r\n    <\/label>\r\n    <input  type=\"text\" id=\"field_erk2b\" name=\"item_meta[330]\" value=\"\"  data-reqmsg=\"Address cannot be blank.\" aria-required=\"true\" data-invmsg=\"Text is invalid\" aria-invalid=\"false\"   \/>\r\n    \r\n    \r\n<\/div>\n<div id=\"frm_field_331_container\" class=\"frm_form_field form-field  frm_required_field frm_top_container\">\r\n    <label for=\"field_lfcfe\" id=\"field_lfcfe_label\" class=\"frm_primary_label\">Phone Number\r\n        <span class=\"frm_required\" aria-hidden=\"true\">*<\/span>\r\n    <\/label>\r\n    <input  type=\"text\" id=\"field_lfcfe\" name=\"item_meta[331]\" value=\"\"  data-reqmsg=\"Phone Number cannot be blank.\" aria-required=\"true\" data-invmsg=\"Text is invalid\" aria-invalid=\"false\"   \/>\r\n    \r\n    \r\n<\/div>\n<div id=\"frm_field_332_container\" class=\"frm_form_field form-field  frm_required_field frm_top_container\">\r\n    <label for=\"field_mu2l7\" id=\"field_mu2l7_label\" class=\"frm_primary_label\">Email\r\n        <span class=\"frm_required\" aria-hidden=\"true\">*<\/span>\r\n    <\/label>\r\n    <input  type=\"text\" id=\"field_mu2l7\" name=\"item_meta[332]\" value=\"\"  data-reqmsg=\"Email cannot be blank.\" aria-required=\"true\" data-invmsg=\"Text is invalid\" aria-invalid=\"false\"   \/>\r\n    \r\n    \r\n<\/div>\n<div id=\"frm_field_335_container\" class=\"frm_form_field form-field  frm_top_container vertical_radio frm_other_container\">\r\n    <div  id=\"field_xu9di_label\" class=\"frm_primary_label\">I have included the Foundation in my financial and\/or estate planning using the following method(s) \r\n        <span class=\"frm_required\" aria-hidden=\"true\"><\/span>\r\n    <\/div>\r\n    <div class=\"frm_opt_container\" aria-labelledby=\"field_xu9di_label\" role=\"group\">\t\t<div class=\"frm_checkbox\" id=\"frm_checkbox_335-0\">\t\t\t<label  for=\"field_xu9di-0\">\n\t\t\t<input type=\"checkbox\" name=\"item_meta[335][]\" id=\"field_xu9di-0\" value=\"Bequest in my will\"  data-invmsg=\"I have included the Foundation in my financial and\/or estate planning using the following method(s)  is invalid\"   \/> Bequest in my will<\/label><\/div>\n\t\t<div class=\"frm_checkbox\" id=\"frm_checkbox_335-1\">\t\t\t<label  for=\"field_xu9di-1\">\n\t\t\t<input type=\"checkbox\" name=\"item_meta[335][]\" id=\"field_xu9di-1\" value=\"Life insurance beneficiary\"  data-invmsg=\"I have included the Foundation in my financial and\/or estate planning using the following method(s)  is invalid\"   \/> Life insurance beneficiary<\/label><\/div>\n\t\t<div class=\"frm_checkbox\" id=\"frm_checkbox_335-2\">\t\t\t<label  for=\"field_xu9di-2\">\n\t\t\t<input type=\"checkbox\" name=\"item_meta[335][]\" id=\"field_xu9di-2\" value=\"Qualified retirement plan beneficiary\"  data-invmsg=\"I have included the Foundation in my financial and\/or estate planning using the following method(s)  is invalid\"   \/> Qualified retirement plan beneficiary<\/label><\/div>\n\t\t<div class=\"frm_checkbox\" id=\"frm_checkbox_335-3\">\t\t\t<label  for=\"field_xu9di-3\">\n\t\t\t<input type=\"checkbox\" name=\"item_meta[335][]\" id=\"field_xu9di-3\" value=\"Charitable remainder trust\"  data-invmsg=\"I have included the Foundation in my financial and\/or estate planning using the following method(s)  is invalid\"   \/> Charitable remainder trust<\/label><\/div>\n\t\t<div class=\"frm_checkbox\" id=\"frm_checkbox_335-4\">\t\t\t<label  for=\"field_xu9di-4\">\n\t\t\t<input type=\"checkbox\" name=\"item_meta[335][]\" id=\"field_xu9di-4\" value=\"Donor-advised fund\"  data-invmsg=\"I have included the Foundation in my financial and\/or estate planning using the following method(s)  is invalid\"   \/> Donor-advised fund<\/label><\/div>\n\t\t<div class=\"frm_checkbox\" id=\"frm_checkbox_335-other_5\">\t\t\t<label  for=\"field_xu9di-other_5\">\n\t\t\t<input type=\"checkbox\" name=\"item_meta[335][other_5]\" id=\"field_xu9di-other_5\" value=\"Other\"  data-invmsg=\"I have included the Foundation in my financial and\/or estate planning using the following method(s)  is invalid\"   \/> Other<\/label><label for=\"field_xu9di-other_5-otext\" class=\"frm_screen_reader frm_hidden\">Other<\/label><input type=\"text\" id=\"field_xu9di-other_5-otext\" class=\"frm_other_input frm_pos_none\"  name=\"item_meta[other][335][other_5]\" value=\"\" \/><\/div>\n<\/div>\r\n    \r\n    \r\n<\/div>\n<div id=\"frm_field_336_container\" class=\"frm_form_field form-field  frm_top_container vertical_radio frm_other_container\">\r\n    <div  id=\"field_xjisw_label\" class=\"frm_primary_label\">I work with the following advisor(s) to assist with my financial and\/or estate planning \r\n        <span class=\"frm_required\" aria-hidden=\"true\"><\/span>\r\n    <\/div>\r\n    <div class=\"frm_opt_container\" aria-labelledby=\"field_xjisw_label\" role=\"group\">\t\t<div class=\"frm_checkbox\" id=\"frm_checkbox_336-0\">\t\t\t<label  for=\"field_xjisw-0\">\n\t\t\t<input type=\"checkbox\" name=\"item_meta[336][]\" id=\"field_xjisw-0\" value=\"Attorney\"  data-invmsg=\"I work with the following advisor(s) to assist with my financial and\/or estate planning  is invalid\"   \/> Attorney<\/label><\/div>\n\t\t<div class=\"frm_checkbox\" id=\"frm_checkbox_336-1\">\t\t\t<label  for=\"field_xjisw-1\">\n\t\t\t<input type=\"checkbox\" name=\"item_meta[336][]\" id=\"field_xjisw-1\" value=\"Insurance Agent\"  data-invmsg=\"I work with the following advisor(s) to assist with my financial and\/or estate planning  is invalid\"   \/> Insurance Agent<\/label><\/div>\n\t\t<div class=\"frm_checkbox\" id=\"frm_checkbox_336-2\">\t\t\t<label  for=\"field_xjisw-2\">\n\t\t\t<input type=\"checkbox\" name=\"item_meta[336][]\" id=\"field_xjisw-2\" value=\"Financial Advisor\"  data-invmsg=\"I work with the following advisor(s) to assist with my financial and\/or estate planning  is invalid\"   \/> Financial Advisor<\/label><\/div>\n\t\t<div class=\"frm_checkbox\" id=\"frm_checkbox_336-3\">\t\t\t<label  for=\"field_xjisw-3\">\n\t\t\t<input type=\"checkbox\" name=\"item_meta[336][]\" id=\"field_xjisw-3\" value=\"Professional Advisor\"  data-invmsg=\"I work with the following advisor(s) to assist with my financial and\/or estate planning  is invalid\"   \/> Professional Advisor<\/label><\/div>\n\t\t<div class=\"frm_checkbox\" id=\"frm_checkbox_336-other_4\">\t\t\t<label  for=\"field_xjisw-other_4\">\n\t\t\t<input type=\"checkbox\" name=\"item_meta[336][other_4]\" id=\"field_xjisw-other_4\" value=\"Other\"  data-invmsg=\"I work with the following advisor(s) to assist with my financial and\/or estate planning  is invalid\"   \/> Other<\/label><label for=\"field_xjisw-other_4-otext\" class=\"frm_screen_reader frm_hidden\">Other<\/label><input type=\"text\" id=\"field_xjisw-other_4-otext\" class=\"frm_other_input frm_pos_none\"  name=\"item_meta[other][336][other_4]\" value=\"\" \/><\/div>\n<\/div>\r\n    \r\n    \r\n<\/div>\n<div id=\"frm_field_333_container\" class=\"frm_form_field form-field  frm_top_container\">\r\n    <label for=\"field_m56la\" id=\"field_m56la_label\" class=\"frm_primary_label\">Name(s) of Attorney, Insurance Agent, Financial Advisor, Professional Advisor, etc. \r\n        <span class=\"frm_required\" aria-hidden=\"true\"><\/span>\r\n    <\/label>\r\n    <input  type=\"text\" id=\"field_m56la\" name=\"item_meta[333]\" value=\"\"  data-invmsg=\"Text is invalid\" aria-invalid=\"false\"   \/>\r\n    \r\n    \r\n<\/div>\n<div id=\"frm_field_337_container\" class=\"frm_form_field form-field  frm_top_container\">\r\n    <label for=\"field_tzidz\" id=\"field_tzidz_label\" class=\"frm_primary_label\">My\/our gift is: \r\n        <span class=\"frm_required\" aria-hidden=\"true\"><\/span>\r\n    <\/label>\r\n    \t\t<select name=\"item_meta[337]\" id=\"field_tzidz\"  data-frmval=\"Unrestricted\" data-invmsg=\"My\/our gift is:  is invalid\" aria-invalid=\"false\"  >\n\t\t<option  value=\"Unrestricted\" selected='selected'>Unrestricted<\/option><option  value=\"Designated\">Designated<\/option><option  value=\"Not yet determined. Please contact me to discuss options.\">Not yet determined. Please contact me to discuss options.<\/option>\t<\/select>\n\t\r\n    \r\n    \r\n<\/div>\n<div id=\"frm_field_339_container\" class=\"frm_form_field form-field  frm_top_container\">\n    <label for=\"field_yi552\" id=\"field_yi552_label\" class=\"frm_primary_label\">Feel free to publish my\/our name(s) on your donor list as a motivation for others to leave a future gift to benefit Delaware County. I\/we wish my\/our names(s) to appear as:\n        <span class=\"frm_required\" aria-hidden=\"true\"><\/span>\n    <\/label>\n    <input  type=\"text\" id=\"field_yi552\" name=\"item_meta[339]\" value=\"\"  data-invmsg=\"Text is invalid\" aria-invalid=\"false\"   \/>\n    \n    \n<\/div>\n<div id=\"frm_field_340_container\" class=\"frm_form_field form-field  frm_top_container vertical_radio\">\n    <div  id=\"field_rqhar_label\" class=\"frm_primary_label\">I\/We wish to remain anonymous and do not wish to be recognized publicly at this time.\n        <span class=\"frm_required\" aria-hidden=\"true\"><\/span>\n    <\/div>\n    <div class=\"frm_opt_container\" aria-labelledby=\"field_rqhar_label\" role=\"group\">\t\t<div class=\"frm_checkbox\" id=\"frm_checkbox_340-0\">\t\t\t<label  for=\"field_rqhar-0\">\n\t\t\t<input type=\"checkbox\" name=\"item_meta[340][]\" id=\"field_rqhar-0\" value=\"Yes, I want to remain anonymous\"  data-invmsg=\"I\/We wish to remain anonymous and do not wish to be recognized publicly at this time. is invalid\"   \/> Yes, I want to remain anonymous<\/label><\/div>\n<\/div>\n    \n    \n<\/div>\n<div id=\"frm_field_338_container\" class=\"frm_form_field form-field  frm_top_container\">\r\n    <label for=\"field_4yxki\" id=\"field_4yxki_label\" class=\"frm_primary_label\">Additional Information\r\n        <span class=\"frm_required\" aria-hidden=\"true\"><\/span>\r\n    <\/label>\r\n    <textarea name=\"item_meta[338]\" id=\"field_4yxki\" rows=\"5\"  data-invmsg=\"Paragraph is invalid\" aria-invalid=\"false\"  ><\/textarea>\r\n    \r\n    \r\n<\/div>\n\t<input type=\"hidden\" name=\"item_key\" value=\"\" \/>\n\t\t\t<div id=\"frm_field_777_container\">\n\t\t\t<label for=\"field_iradv\" >\n\t\t\t\tIf you are human, leave this field blank.\t\t\t<\/label>\n\t\t\t<input  id=\"field_iradv\" type=\"text\" class=\"frm_form_field form-field frm_verify\" name=\"item_meta[777]\" value=\"\"  \/>\n\t\t<\/div>\n\t\t<input name=\"frm_state\" type=\"hidden\" value=\"lVk\/QGqHB7l3Gz7o+woev421zb14745T\/aCr\/1Wo7FJUz9H7hIpE5+dyUeHdIsRt\" \/><div class=\"frm_submit\">\r\n\r\n<button class=\"frm_button_submit frm_final_submit\" type=\"submit\"  >Submit<\/button>\r\n\r\n\r\n<\/div><\/div>\n<\/fieldset>\n<\/div>\n\n<p style=\"display: none !important;\" class=\"akismet-fields-container\" data-prefix=\"ak_\"><label>&#916;<textarea name=\"ak_hp_textarea\" cols=\"45\" rows=\"8\" maxlength=\"100\"><\/textarea><\/label><input type=\"hidden\" id=\"ak_js_1\" name=\"ak_js\" value=\"135\"\/><script>document.getElementById( \"ak_js_1\" ).setAttribute( \"value\", ( new Date() ).getTime() );<\/script><\/p><\/form>\n<\/div>\n<\/div>\n<div>\n<p><em>La Fundaci\u00f3n reconoce que esta donaci\u00f3n est\u00e1 sujeta a cambios en funci\u00f3n de las circunstancias personales. Este formulario no pretende ser un compromiso jur\u00eddicamente vinculante. La informaci\u00f3n que proporciones ser\u00e1 confidencial.<\/em><\/p>\n<\/div>\n","protected":false},"excerpt":{"rendered":"<p>La Sociedad del Legado proporciona una forma de reconocer y honrar a personas como t\u00fa que planean beneficiar a La Fundaci\u00f3n para el Condado de Delaware en el futuro. La Fundaci\u00f3n reconoce que esta donaci\u00f3n est\u00e1 sujeta a cambios en funci\u00f3n de las circunstancias personales. Este formulario no pretende ser un compromiso jur\u00eddicamente vinculante. La&#8230;<\/p>\n","protected":false},"author":5,"featured_media":0,"parent":0,"menu_order":0,"comment_status":"closed","ping_status":"closed","template":"","meta":{"_acf_changed":false,"inline_featured_image":false,"footnotes":""},"class_list":["post-5542","page","type-page","status-publish","hentry"],"acf":[],"yoast_head":"<!-- This site is optimized with the Yoast SEO plugin v26.7 - https:\/\/yoast.com\/wordpress\/plugins\/seo\/ -->\n<title>Informaci\u00f3n sobre la Sociedad del Legado - The Foundation for Delaware County<\/title>\n<meta name=\"robots\" content=\"index, follow, max-snippet:-1, max-image-preview:large, max-video-preview:-1\" \/>\n<link rel=\"canonical\" href=\"https:\/\/delcofoundation.org\/es\/informacion-sobre-la-sociedad-del-legado\/\" \/>\n<meta property=\"og:locale\" content=\"es_ES\" \/>\n<meta property=\"og:type\" content=\"article\" \/>\n<meta property=\"og:title\" content=\"Informaci\u00f3n sobre la Sociedad del Legado - The Foundation for Delaware County\" \/>\n<meta property=\"og:description\" content=\"La Sociedad del Legado proporciona una forma de reconocer y honrar a personas como t\u00fa que planean beneficiar a La Fundaci\u00f3n para el Condado de Delaware en el futuro. La Fundaci\u00f3n reconoce que esta donaci\u00f3n est\u00e1 sujeta a cambios en funci\u00f3n de las circunstancias personales. Este formulario no pretende ser un compromiso jur\u00eddicamente vinculante. La...\" \/>\n<meta property=\"og:url\" content=\"https:\/\/delcofoundation.org\/es\/informacion-sobre-la-sociedad-del-legado\/\" \/>\n<meta property=\"og:site_name\" content=\"The Foundation for Delaware County\" \/>\n<meta property=\"article:modified_time\" content=\"2024-06-20T19:03:00+00:00\" \/>\n<meta property=\"og:image\" content=\"https:\/\/delcofoundation.org\/app\/uploads\/2021\/10\/320_FDC-Annual-21-e1631905307293.jpg\" \/>\n\t<meta property=\"og:image:width\" content=\"1950\" \/>\n\t<meta property=\"og:image:height\" content=\"1150\" \/>\n\t<meta property=\"og:image:type\" content=\"image\/jpeg\" \/>\n<meta name=\"twitter:card\" content=\"summary_large_image\" \/>\n<script type=\"application\/ld+json\" class=\"yoast-schema-graph\">{\"@context\":\"https:\/\/schema.org\",\"@graph\":[{\"@type\":\"WebPage\",\"@id\":\"https:\/\/delcofoundation.org\/es\/informacion-sobre-la-sociedad-del-legado\/\",\"url\":\"https:\/\/delcofoundation.org\/es\/informacion-sobre-la-sociedad-del-legado\/\",\"name\":\"Informaci\u00f3n sobre la Sociedad del Legado - The Foundation for Delaware County\",\"isPartOf\":{\"@id\":\"https:\/\/delcofoundation.org\/es\/#website\"},\"datePublished\":\"2023-08-30T15:23:16+00:00\",\"dateModified\":\"2024-06-20T19:03:00+00:00\",\"breadcrumb\":{\"@id\":\"https:\/\/delcofoundation.org\/es\/informacion-sobre-la-sociedad-del-legado\/#breadcrumb\"},\"inLanguage\":\"es-ES\",\"potentialAction\":[{\"@type\":\"ReadAction\",\"target\":[\"https:\/\/delcofoundation.org\/es\/informacion-sobre-la-sociedad-del-legado\/\"]}]},{\"@type\":\"BreadcrumbList\",\"@id\":\"https:\/\/delcofoundation.org\/es\/informacion-sobre-la-sociedad-del-legado\/#breadcrumb\",\"itemListElement\":[{\"@type\":\"ListItem\",\"position\":1,\"name\":\"Home\",\"item\":\"https:\/\/delcofoundation.org\/es\/\"},{\"@type\":\"ListItem\",\"position\":2,\"name\":\"Informaci\u00f3n sobre la Sociedad del Legado\"}]},{\"@type\":\"WebSite\",\"@id\":\"https:\/\/delcofoundation.org\/es\/#website\",\"url\":\"https:\/\/delcofoundation.org\/es\/\",\"name\":\"The Foundation for Delaware County\",\"description\":\"\",\"publisher\":{\"@id\":\"https:\/\/delcofoundation.org\/es\/#organization\"},\"potentialAction\":[{\"@type\":\"SearchAction\",\"target\":{\"@type\":\"EntryPoint\",\"urlTemplate\":\"https:\/\/delcofoundation.org\/es\/?s={search_term_string}\"},\"query-input\":{\"@type\":\"PropertyValueSpecification\",\"valueRequired\":true,\"valueName\":\"search_term_string\"}}],\"inLanguage\":\"es-ES\"},{\"@type\":\"Organization\",\"@id\":\"https:\/\/delcofoundation.org\/es\/#organization\",\"name\":\"The Foundation for Delaware County\",\"url\":\"https:\/\/delcofoundation.org\/es\/\",\"logo\":{\"@type\":\"ImageObject\",\"inLanguage\":\"es-ES\",\"@id\":\"https:\/\/delcofoundation.org\/es\/#\/schema\/logo\/image\/\",\"url\":\"\",\"contentUrl\":\"\",\"caption\":\"The Foundation for Delaware County\"},\"image\":{\"@id\":\"https:\/\/delcofoundation.org\/es\/#\/schema\/logo\/image\/\"}}]}<\/script>\n<!-- \/ Yoast SEO plugin. -->","yoast_head_json":{"title":"Informaci\u00f3n sobre la Sociedad del Legado - The Foundation for Delaware County","robots":{"index":"index","follow":"follow","max-snippet":"max-snippet:-1","max-image-preview":"max-image-preview:large","max-video-preview":"max-video-preview:-1"},"canonical":"https:\/\/delcofoundation.org\/es\/informacion-sobre-la-sociedad-del-legado\/","og_locale":"es_ES","og_type":"article","og_title":"Informaci\u00f3n sobre la Sociedad del Legado - The Foundation for Delaware County","og_description":"La Sociedad del Legado proporciona una forma de reconocer y honrar a personas como t\u00fa que planean beneficiar a La Fundaci\u00f3n para el Condado de Delaware en el futuro. La Fundaci\u00f3n reconoce que esta donaci\u00f3n est\u00e1 sujeta a cambios en funci\u00f3n de las circunstancias personales. Este formulario no pretende ser un compromiso jur\u00eddicamente vinculante. La...","og_url":"https:\/\/delcofoundation.org\/es\/informacion-sobre-la-sociedad-del-legado\/","og_site_name":"The Foundation for Delaware County","article_modified_time":"2024-06-20T19:03:00+00:00","og_image":[{"width":1950,"height":1150,"url":"https:\/\/delcofoundation.org\/app\/uploads\/2021\/10\/320_FDC-Annual-21-e1631905307293.jpg","type":"image\/jpeg"}],"twitter_card":"summary_large_image","schema":{"@context":"https:\/\/schema.org","@graph":[{"@type":"WebPage","@id":"https:\/\/delcofoundation.org\/es\/informacion-sobre-la-sociedad-del-legado\/","url":"https:\/\/delcofoundation.org\/es\/informacion-sobre-la-sociedad-del-legado\/","name":"Informaci\u00f3n sobre la Sociedad del Legado - The Foundation for Delaware County","isPartOf":{"@id":"https:\/\/delcofoundation.org\/es\/#website"},"datePublished":"2023-08-30T15:23:16+00:00","dateModified":"2024-06-20T19:03:00+00:00","breadcrumb":{"@id":"https:\/\/delcofoundation.org\/es\/informacion-sobre-la-sociedad-del-legado\/#breadcrumb"},"inLanguage":"es-ES","potentialAction":[{"@type":"ReadAction","target":["https:\/\/delcofoundation.org\/es\/informacion-sobre-la-sociedad-del-legado\/"]}]},{"@type":"BreadcrumbList","@id":"https:\/\/delcofoundation.org\/es\/informacion-sobre-la-sociedad-del-legado\/#breadcrumb","itemListElement":[{"@type":"ListItem","position":1,"name":"Home","item":"https:\/\/delcofoundation.org\/es\/"},{"@type":"ListItem","position":2,"name":"Informaci\u00f3n sobre la Sociedad del Legado"}]},{"@type":"WebSite","@id":"https:\/\/delcofoundation.org\/es\/#website","url":"https:\/\/delcofoundation.org\/es\/","name":"The Foundation for Delaware County","description":"","publisher":{"@id":"https:\/\/delcofoundation.org\/es\/#organization"},"potentialAction":[{"@type":"SearchAction","target":{"@type":"EntryPoint","urlTemplate":"https:\/\/delcofoundation.org\/es\/?s={search_term_string}"},"query-input":{"@type":"PropertyValueSpecification","valueRequired":true,"valueName":"search_term_string"}}],"inLanguage":"es-ES"},{"@type":"Organization","@id":"https:\/\/delcofoundation.org\/es\/#organization","name":"The Foundation for Delaware County","url":"https:\/\/delcofoundation.org\/es\/","logo":{"@type":"ImageObject","inLanguage":"es-ES","@id":"https:\/\/delcofoundation.org\/es\/#\/schema\/logo\/image\/","url":"","contentUrl":"","caption":"The Foundation for Delaware County"},"image":{"@id":"https:\/\/delcofoundation.org\/es\/#\/schema\/logo\/image\/"}}]}},"_links":{"self":[{"href":"https:\/\/delcofoundation.org\/es\/wp-json\/wp\/v2\/pages\/5542","targetHints":{"allow":["GET"]}}],"collection":[{"href":"https:\/\/delcofoundation.org\/es\/wp-json\/wp\/v2\/pages"}],"about":[{"href":"https:\/\/delcofoundation.org\/es\/wp-json\/wp\/v2\/types\/page"}],"author":[{"embeddable":true,"href":"https:\/\/delcofoundation.org\/es\/wp-json\/wp\/v2\/users\/5"}],"replies":[{"embeddable":true,"href":"https:\/\/delcofoundation.org\/es\/wp-json\/wp\/v2\/comments?post=5542"}],"version-history":[{"count":1,"href":"https:\/\/delcofoundation.org\/es\/wp-json\/wp\/v2\/pages\/5542\/revisions"}],"predecessor-version":[{"id":6101,"href":"https:\/\/delcofoundation.org\/es\/wp-json\/wp\/v2\/pages\/5542\/revisions\/6101"}],"wp:attachment":[{"href":"https:\/\/delcofoundation.org\/es\/wp-json\/wp\/v2\/media?parent=5542"}],"curies":[{"name":"wp","href":"https:\/\/api.w.org\/{rel}","templated":true}]}}