{"id":5540,"date":"2023-10-04T20:42:32","date_gmt":"2023-10-04T20:42:32","guid":{"rendered":"https:\/\/delcofoundation.org\/fomento-de-las-organizaciones-sin-animo-de-lucro\/delco-da-2024\/"},"modified":"2026-03-23T14:30:48","modified_gmt":"2026-03-23T14:30:48","slug":"delco-da-2024","status":"publish","type":"page","link":"https:\/\/delcofoundation.org\/es\/fomento-de-las-organizaciones-sin-animo-de-lucro\/delco-da-2024\/","title":{"rendered":"Delco da"},"content":{"rendered":"","protected":false},"excerpt":{"rendered":"","protected":false},"author":5,"featured_media":5160,"parent":5189,"menu_order":0,"comment_status":"closed","ping_status":"closed","template":"page-templates\/content-modules.php","meta":{"_acf_changed":false,"inline_featured_image":false,"footnotes":""},"class_list":["post-5540","page","type-page","status-publish","has-post-thumbnail","hentry"],"acf":[],"yoast_head":"<!-- This site is optimized with the Yoast SEO plugin v26.7 - https:\/\/yoast.com\/wordpress\/plugins\/seo\/ -->\n<title>Delco da - The Foundation for Delaware County<\/title>\n<meta name=\"description\" content=\"Delco Gives es una celebraci\u00f3n de las personas y organizaciones que hacen del condado de Delaware un lugar especial al que llamar hogar. Organizado por la Fundaci\u00f3n, Delco Gives conecta a miembros generosos de la comunidad con las causas que les importan y es una oportunidad para que todos nosotros tengamos un impacto filantr\u00f3pico apoyando a nuestras organizaciones locales. La Fundaci\u00f3n puso en marcha Delco Gives en mayo de 2024. Desde entonces, se han recaudado casi 4 millones de d\u00f3lares para cientos de organizaciones sin \u00e1nimo de lucro a trav\u00e9s de esta iniciativa.     Esperamos que la tercera edici\u00f3n anual de Delco Gives se celebre los d\u00edas 6 y 7 de mayo de 2026.\nPara obtener m\u00e1s informaci\u00f3n sobre Delco Gives y las oportunidades de patrocinio, visita: delcogives.org.\nVer fotos de Delco Da 2025\n\u00a1Gracias a nuestros 2025 patrocinadores!\n\n\n\n\u00a0\" \/>\n<meta name=\"robots\" content=\"index, follow, max-snippet:-1, max-image-preview:large, max-video-preview:-1\" \/>\n<link rel=\"canonical\" href=\"https:\/\/delcofoundation.org\/es\/fomento-de-las-organizaciones-sin-animo-de-lucro\/delco-da-2024\/\" \/>\n<meta property=\"og:locale\" content=\"es_ES\" \/>\n<meta property=\"og:type\" content=\"article\" \/>\n<meta property=\"og:title\" content=\"Delco da - The Foundation for Delaware County\" \/>\n<meta property=\"og:url\" content=\"https:\/\/delcofoundation.org\/es\/fomento-de-las-organizaciones-sin-animo-de-lucro\/delco-da-2024\/\" \/>\n<meta property=\"og:site_name\" content=\"The Foundation for Delaware County\" \/>\n<meta property=\"article:modified_time\" content=\"2026-03-23T14:30:48+00:00\" \/>\n<meta property=\"og:image\" content=\"https:\/\/delcofoundation.org\/app\/uploads\/2024\/05\/Delco-Gives-Website-Banners-6912-x-2400-px-10-1024x356.png\" \/>\n\t<meta property=\"og:image:width\" content=\"1024\" \/>\n\t<meta property=\"og:image:height\" content=\"356\" \/>\n\t<meta property=\"og:image:type\" content=\"image\/png\" \/>\n<meta name=\"twitter:card\" content=\"summary_large_image\" \/>\n<script type=\"application\/ld+json\" class=\"yoast-schema-graph\">{\"@context\":\"https:\/\/schema.org\",\"@graph\":[{\"@type\":\"WebPage\",\"@id\":\"https:\/\/delcofoundation.org\/es\/fomento-de-las-organizaciones-sin-animo-de-lucro\/delco-da-2024\/\",\"url\":\"https:\/\/delcofoundation.org\/es\/fomento-de-las-organizaciones-sin-animo-de-lucro\/delco-da-2024\/\",\"name\":\"Delco da - The Foundation for Delaware County\",\"isPartOf\":{\"@id\":\"https:\/\/delcofoundation.org\/es\/#website\"},\"primaryImageOfPage\":{\"@id\":\"https:\/\/delcofoundation.org\/es\/fomento-de-las-organizaciones-sin-animo-de-lucro\/delco-da-2024\/#primaryimage\"},\"image\":{\"@id\":\"https:\/\/delcofoundation.org\/es\/fomento-de-las-organizaciones-sin-animo-de-lucro\/delco-da-2024\/#primaryimage\"},\"thumbnailUrl\":\"https:\/\/delcofoundation.org\/app\/uploads\/2024\/05\/Delco-Gives-Website-Banners-6912-x-2400-px-10.png\",\"datePublished\":\"2023-10-04T20:42:32+00:00\",\"dateModified\":\"2026-03-23T14:30:48+00:00\",\"breadcrumb\":{\"@id\":\"https:\/\/delcofoundation.org\/es\/fomento-de-las-organizaciones-sin-animo-de-lucro\/delco-da-2024\/#breadcrumb\"},\"inLanguage\":\"es-ES\",\"potentialAction\":[{\"@type\":\"ReadAction\",\"target\":[\"https:\/\/delcofoundation.org\/es\/fomento-de-las-organizaciones-sin-animo-de-lucro\/delco-da-2024\/\"]}]},{\"@type\":\"ImageObject\",\"inLanguage\":\"es-ES\",\"@id\":\"https:\/\/delcofoundation.org\/es\/fomento-de-las-organizaciones-sin-animo-de-lucro\/delco-da-2024\/#primaryimage\",\"url\":\"https:\/\/delcofoundation.org\/app\/uploads\/2024\/05\/Delco-Gives-Website-Banners-6912-x-2400-px-10.png\",\"contentUrl\":\"https:\/\/delcofoundation.org\/app\/uploads\/2024\/05\/Delco-Gives-Website-Banners-6912-x-2400-px-10.png\",\"width\":6912,\"height\":2400},{\"@type\":\"BreadcrumbList\",\"@id\":\"https:\/\/delcofoundation.org\/es\/fomento-de-las-organizaciones-sin-animo-de-lucro\/delco-da-2024\/#breadcrumb\",\"itemListElement\":[{\"@type\":\"ListItem\",\"position\":1,\"name\":\"Home\",\"item\":\"https:\/\/delcofoundation.org\/es\/\"},{\"@type\":\"ListItem\",\"position\":2,\"name\":\"Fomento de las organizaciones sin \u00e1nimo de lucro\",\"item\":\"https:\/\/delcofoundation.org\/es\/fomento-de-las-organizaciones-sin-animo-de-lucro\/\"},{\"@type\":\"ListItem\",\"position\":3,\"name\":\"Delco da\"}]},{\"@type\":\"WebSite\",\"@id\":\"https:\/\/delcofoundation.org\/es\/#website\",\"url\":\"https:\/\/delcofoundation.org\/es\/\",\"name\":\"The Foundation for Delaware County\",\"description\":\"\",\"publisher\":{\"@id\":\"https:\/\/delcofoundation.org\/es\/#organization\"},\"potentialAction\":[{\"@type\":\"SearchAction\",\"target\":{\"@type\":\"EntryPoint\",\"urlTemplate\":\"https:\/\/delcofoundation.org\/es\/?s={search_term_string}\"},\"query-input\":{\"@type\":\"PropertyValueSpecification\",\"valueRequired\":true,\"valueName\":\"search_term_string\"}}],\"inLanguage\":\"es-ES\"},{\"@type\":\"Organization\",\"@id\":\"https:\/\/delcofoundation.org\/es\/#organization\",\"name\":\"The Foundation for Delaware County\",\"url\":\"https:\/\/delcofoundation.org\/es\/\",\"logo\":{\"@type\":\"ImageObject\",\"inLanguage\":\"es-ES\",\"@id\":\"https:\/\/delcofoundation.org\/es\/#\/schema\/logo\/image\/\",\"url\":\"\",\"contentUrl\":\"\",\"caption\":\"The Foundation for Delaware County\"},\"image\":{\"@id\":\"https:\/\/delcofoundation.org\/es\/#\/schema\/logo\/image\/\"}}]}<\/script>\n<!-- \/ Yoast SEO plugin. -->","yoast_head_json":{"title":"Delco da - The Foundation for Delaware County","description":"Delco Gives es una celebraci\u00f3n de las personas y organizaciones que hacen del condado de Delaware un lugar especial al que llamar hogar. Organizado por la Fundaci\u00f3n, Delco Gives conecta a miembros generosos de la comunidad con las causas que les importan y es una oportunidad para que todos nosotros tengamos un impacto filantr\u00f3pico apoyando a nuestras organizaciones locales. La Fundaci\u00f3n puso en marcha Delco Gives en mayo de 2024. Desde entonces, se han recaudado casi 4 millones de d\u00f3lares para cientos de organizaciones sin \u00e1nimo de lucro a trav\u00e9s de esta iniciativa.     Esperamos que la tercera edici\u00f3n anual de Delco Gives se celebre los d\u00edas 6 y 7 de mayo de 2026.\nPara obtener m\u00e1s informaci\u00f3n sobre Delco Gives y las oportunidades de patrocinio, visita: delcogives.org.\nVer fotos de Delco Da 2025\n\u00a1Gracias a nuestros 2025 patrocinadores!\n\n\n\n\u00a0","robots":{"index":"index","follow":"follow","max-snippet":"max-snippet:-1","max-image-preview":"max-image-preview:large","max-video-preview":"max-video-preview:-1"},"canonical":"https:\/\/delcofoundation.org\/es\/fomento-de-las-organizaciones-sin-animo-de-lucro\/delco-da-2024\/","og_locale":"es_ES","og_type":"article","og_title":"Delco da - The Foundation for Delaware County","og_url":"https:\/\/delcofoundation.org\/es\/fomento-de-las-organizaciones-sin-animo-de-lucro\/delco-da-2024\/","og_site_name":"The Foundation for Delaware County","article_modified_time":"2026-03-23T14:30:48+00:00","og_image":[{"width":1024,"height":356,"url":"https:\/\/delcofoundation.org\/app\/uploads\/2024\/05\/Delco-Gives-Website-Banners-6912-x-2400-px-10-1024x356.png","type":"image\/png"}],"twitter_card":"summary_large_image","schema":{"@context":"https:\/\/schema.org","@graph":[{"@type":"WebPage","@id":"https:\/\/delcofoundation.org\/es\/fomento-de-las-organizaciones-sin-animo-de-lucro\/delco-da-2024\/","url":"https:\/\/delcofoundation.org\/es\/fomento-de-las-organizaciones-sin-animo-de-lucro\/delco-da-2024\/","name":"Delco da - The Foundation for Delaware County","isPartOf":{"@id":"https:\/\/delcofoundation.org\/es\/#website"},"primaryImageOfPage":{"@id":"https:\/\/delcofoundation.org\/es\/fomento-de-las-organizaciones-sin-animo-de-lucro\/delco-da-2024\/#primaryimage"},"image":{"@id":"https:\/\/delcofoundation.org\/es\/fomento-de-las-organizaciones-sin-animo-de-lucro\/delco-da-2024\/#primaryimage"},"thumbnailUrl":"https:\/\/delcofoundation.org\/app\/uploads\/2024\/05\/Delco-Gives-Website-Banners-6912-x-2400-px-10.png","datePublished":"2023-10-04T20:42:32+00:00","dateModified":"2026-03-23T14:30:48+00:00","breadcrumb":{"@id":"https:\/\/delcofoundation.org\/es\/fomento-de-las-organizaciones-sin-animo-de-lucro\/delco-da-2024\/#breadcrumb"},"inLanguage":"es-ES","potentialAction":[{"@type":"ReadAction","target":["https:\/\/delcofoundation.org\/es\/fomento-de-las-organizaciones-sin-animo-de-lucro\/delco-da-2024\/"]}]},{"@type":"ImageObject","inLanguage":"es-ES","@id":"https:\/\/delcofoundation.org\/es\/fomento-de-las-organizaciones-sin-animo-de-lucro\/delco-da-2024\/#primaryimage","url":"https:\/\/delcofoundation.org\/app\/uploads\/2024\/05\/Delco-Gives-Website-Banners-6912-x-2400-px-10.png","contentUrl":"https:\/\/delcofoundation.org\/app\/uploads\/2024\/05\/Delco-Gives-Website-Banners-6912-x-2400-px-10.png","width":6912,"height":2400},{"@type":"BreadcrumbList","@id":"https:\/\/delcofoundation.org\/es\/fomento-de-las-organizaciones-sin-animo-de-lucro\/delco-da-2024\/#breadcrumb","itemListElement":[{"@type":"ListItem","position":1,"name":"Home","item":"https:\/\/delcofoundation.org\/es\/"},{"@type":"ListItem","position":2,"name":"Fomento de las organizaciones sin \u00e1nimo de lucro","item":"https:\/\/delcofoundation.org\/es\/fomento-de-las-organizaciones-sin-animo-de-lucro\/"},{"@type":"ListItem","position":3,"name":"Delco da"}]},{"@type":"WebSite","@id":"https:\/\/delcofoundation.org\/es\/#website","url":"https:\/\/delcofoundation.org\/es\/","name":"The Foundation for Delaware County","description":"","publisher":{"@id":"https:\/\/delcofoundation.org\/es\/#organization"},"potentialAction":[{"@type":"SearchAction","target":{"@type":"EntryPoint","urlTemplate":"https:\/\/delcofoundation.org\/es\/?s={search_term_string}"},"query-input":{"@type":"PropertyValueSpecification","valueRequired":true,"valueName":"search_term_string"}}],"inLanguage":"es-ES"},{"@type":"Organization","@id":"https:\/\/delcofoundation.org\/es\/#organization","name":"The Foundation for Delaware County","url":"https:\/\/delcofoundation.org\/es\/","logo":{"@type":"ImageObject","inLanguage":"es-ES","@id":"https:\/\/delcofoundation.org\/es\/#\/schema\/logo\/image\/","url":"","contentUrl":"","caption":"The Foundation for Delaware County"},"image":{"@id":"https:\/\/delcofoundation.org\/es\/#\/schema\/logo\/image\/"}}]}},"_links":{"self":[{"href":"https:\/\/delcofoundation.org\/es\/wp-json\/wp\/v2\/pages\/5540","targetHints":{"allow":["GET"]}}],"collection":[{"href":"https:\/\/delcofoundation.org\/es\/wp-json\/wp\/v2\/pages"}],"about":[{"href":"https:\/\/delcofoundation.org\/es\/wp-json\/wp\/v2\/types\/page"}],"author":[{"embeddable":true,"href":"https:\/\/delcofoundation.org\/es\/wp-json\/wp\/v2\/users\/5"}],"replies":[{"embeddable":true,"href":"https:\/\/delcofoundation.org\/es\/wp-json\/wp\/v2\/comments?post=5540"}],"version-history":[{"count":2,"href":"https:\/\/delcofoundation.org\/es\/wp-json\/wp\/v2\/pages\/5540\/revisions"}],"predecessor-version":[{"id":11372,"href":"https:\/\/delcofoundation.org\/es\/wp-json\/wp\/v2\/pages\/5540\/revisions\/11372"}],"up":[{"embeddable":true,"href":"https:\/\/delcofoundation.org\/es\/wp-json\/wp\/v2\/pages\/5189"}],"wp:featuredmedia":[{"embeddable":true,"href":"https:\/\/delcofoundation.org\/es\/wp-json\/wp\/v2\/media\/5160"}],"wp:attachment":[{"href":"https:\/\/delcofoundation.org\/es\/wp-json\/wp\/v2\/media?parent=5540"}],"curies":[{"name":"wp","href":"https:\/\/api.w.org\/{rel}","templated":true}]}}