{"id":5534,"date":"2024-05-16T14:40:22","date_gmt":"2024-05-16T14:40:22","guid":{"rendered":"https:\/\/delcofoundation.org\/eventos-de-salud-materna\/"},"modified":"2024-08-23T17:26:21","modified_gmt":"2024-08-23T17:26:21","slug":"eventos-de-salud-materna","status":"publish","type":"page","link":"https:\/\/delcofoundation.org\/es\/eventos-de-salud-materna\/","title":{"rendered":"Eventos de Salud Materna"},"content":{"rendered":"<p>\u00a1Bienvenido a la p\u00e1gina de eventos del programa de salud p\u00fablica de la Fundaci\u00f3n 2024! Todos los actos son gratuitos y abiertos a la comunidad o a los participantes en el programa. Encuentra a continuaci\u00f3n las clases que te interesan.  &nbsp;<\/p>\n<h4><\/h4>\n<h4>Celebraci\u00f3n del Mes Nacional de la Lactancia Materna y la Semana de la Lactancia Materna Negra<\/h4>\n<p>  Agosto es el mes nacional de la lactancia materna.<br \/>\nPara celebrarlo, nos centraremos en la lactancia materna aqu\u00ed mismo, en el condado de Delaware.<br \/>\nTambi\u00e9n celebraremos la Semana Negra de la Lactancia Materna (del 26 al 31 de agosto).<br \/>\n\u00a1Hay algo que hacer cada d\u00eda! <em><strong>Lunes 26 de agosto<\/strong><\/em> &#8211; V\u00eddeos de doulas y mam\u00e1s     <\/p>\n<ul>\n<li><a href=\"https:\/\/www.instagram.com\/delcobreastfeeds\/\" target=\"_blank\" rel=\"noopener\">Coalici\u00f3n de Lactancia Materna del Condado de Delaware Instagram<\/a><\/li>\n<\/ul>\n<p><em><strong>Martes, 27\/8<\/strong><\/em> &#8211; Consejos de expertos de Instagram sobre lactancia materna  <\/p>\n<ul>\n<li><a href=\"https:\/\/www.instagram.com\/delcobreastfeeds\/\" target=\"_blank\" rel=\"noopener\">Coalici\u00f3n de Lactancia Materna del Condado de Delaware Instagram<\/a><\/li>\n<\/ul>\n<p><em><strong>Mi\u00e9rcoles, 8\/28, 1:00 p.m.<\/strong><\/em> &#8211; Caf\u00e9 de padres, &#8220;Establecer l\u00edmites&#8221;  <\/p>\n<ul>\n<li>Virtual mediante Zoom.<\/li>\n<li>Para los actuales participantes en el programa.<br \/>\nCorreo electr\u00f3nico <a href=\"mailto:jmcdonald@delcofoundation.org\">jmcdonald@delcofoundation.org.<\/a> <\/li>\n<\/ul>\n<p><em><strong>Jueves, 29\/8, 12:00 p.m.<\/strong><\/em> &#8211; Caf\u00e9 de la lactancia, Superar los retos de la lactancia materna  <\/p>\n<ul>\n<li>1260 E. Woodland Ave, Suite 215, Springfield, PA.<\/li>\n<li>Abierto al p\u00fablico.  <a href=\"https:\/\/delcofoundation.org\/lactation-cafe-registration\/\" target=\"_blank\" rel=\"noopener\">Por favor, inscr\u00edbete con antelaci\u00f3n.  <\/a><\/li>\n<\/ul>\n<p><em><strong>Viernes, 30\/8, 11:00 a.m.<\/strong><\/em> &#8211; Paseo fotogr\u00e1fico por la justicia en la lactancia materna  <\/p>\n<ul>\n<li><span class=\"OYPEnA font-feature-liga-off font-feature-clig-off font-feature-calt-off text-decoration-none text-strikethrough-none\">Keystone Wellness and Opportunity Center, 1929 W. 9th Street, Chester, PA<\/span><\/li>\n<li>Abierto al p\u00fablico.  <a href=\"https:\/\/delcofoundation.org\/centering-our-stories-for-breastfeeding-justice-photo-exhibition\/\" target=\"_blank\" rel=\"noopener\">Por favor, inscr\u00edbete con antelaci\u00f3n.  <\/a><\/li>\n<\/ul>\n<p>&nbsp;<\/p>\n<h4><\/h4>\n<h4>Clases de preparaci\u00f3n al parto<\/h4>\n<p>  Aprende los fundamentos de la nueva paternidad y otra informaci\u00f3n \u00fatil para prepararte para la experiencia del parto. Las lecciones incluyen: nutrici\u00f3n, t\u00e9cnicas de relajaci\u00f3n, fases del parto, lactancia materna, apoyo a la pareja y \u00a1mucho m\u00e1s! Hay dos clases por &#8220;sesi\u00f3n&#8221;. Los participantes deben asistir a las dos clases del mes en que se inscriban.  <strong><em>D\u00f3nde:<\/em><\/strong> Sala Comunitaria Ruth Bennet, <span class=\"OYPEnA text-decoration-none text-strikethrough-none\">1350 W. 9th Street, Chester,<\/span><strong><em>PACu\u00e1ndo<\/em>:<\/strong> Segundo y tercer martes de cada mes, de 12:00 a 13:30.  <i><strong>Reg\u00edstrate:<\/strong><\/i> <a href=\"https:\/\/delcofoundation.org\/childbirth-classes-registration\/\" target=\"_blank\" rel=\"noopener\">Rellena el formulario de inscripci\u00f3n aqu\u00ed.  <\/a><\/p>\n<p>&nbsp;<\/p>\n<h4>Caf\u00e9 de la lactancia<\/h4>\n<p>  \u00a1Llamamiento a todas las madres recientes! \u00danete a nosotros para recibir apoyo a la lactancia materna por parte de asesoras y consultoras de lactancia certificadas. Conoce a otras madres, comparte consejos y socializa en un ambiente relajado y seguro. \u00a1Habr\u00e1 material de lactancia, demostraciones y mucho m\u00e1s! Se entregar\u00e1 una bolsa de bienvenida a los nuevos asistentes. \u00a1Los beb\u00e9s y las personas embarazadas o parturientas son bienvenidos! Tambi\u00e9n habr\u00e1 refrescos, sorteos de peque\u00f1os electrodom\u00e9sticos, una demostraci\u00f3n en directo de un sacaleches y muestras gratuitas. (Opci\u00f3n de asistir v\u00eda Zoom si no puedes asistir en persona) <strong><em>D\u00f3nde y Cu\u00e1ndo:<\/em><\/strong> El \u00faltimo jueves de cada mes <strong>En persona: 27\/6, 25\/7, 29\/8, 26\/9, 31\/10 (cada clase con opci\u00f3n de <\/strong>unirse v\u00eda zoom) 1260 East Woodland Avenue, Suite 215 Springfield, PA 12:00 &#8211; 1:30 p.m.  <strong><em>Inscripci\u00f3n: <\/em><\/strong><a href=\"https:\/\/delcofoundation.org\/lactation-cafe-registration\/\" target=\"_blank\" rel=\"noopener\">Rellena el formulario aqu\u00ed para inscribirte.<\/a><\/p>\n<h4><\/h4>\n<p>&nbsp;<\/p>\n<h4>Formaci\u00f3n en defensa del parto<\/h4>\n<p>  Un debate sobre la defensa del parto que deseas. Durante esta formaci\u00f3n aprender\u00e1s a defenderte a ti mismo, a tu pareja o a tu cliente. <strong><em>D\u00f3nde:<\/em><\/strong> Todas las clases se imparten en zoom. Reg\u00edstrate para recibir el enlace del zoom.  <span class=\"OYPEnA text-decoration-none text-strikethrough-none\"><em><strong><br \/>\n<\/strong><\/em><\/span><strong><em>Cu\u00e1ndo<\/em>:<\/strong> 6\/4, 7\/2, 8\/6, 9\/3, 10\/1 13:00 &#8211; 14:00 h.  <strong><em>Inscripci\u00f3n:  <\/em><\/strong><a href=\"https:\/\/delcofoundation.org\/childbirth-advocacy-training-registration\/\" target=\"_blank\" rel=\"noopener\">Rellena el formulario aqu\u00ed para inscribirte.<\/a><\/p>\n<p>&nbsp;<\/p>\n<h4>Mes Nacional de la Lactancia Materna + Evento de la Marcha de los Cuentos Fotogr\u00e1ficos<\/h4>\n<p>  Agosto es el mes nacional de la lactancia materna.<br \/>\nPara celebrarlo, nos centraremos en la lactancia materna aqu\u00ed mismo, en el condado de Delaware.<br \/>\n\u00danete a nosotros en nuestro Caf\u00e9 de la Lactancia del 29 de agosto (informaci\u00f3n de inscripci\u00f3n m\u00e1s arriba), o acude a nuestra <strong>Marcha fotogr\u00e1fica<\/strong> del 30 de agosto <strong>&#8220;Centrando nuestras historias por la justicia de la lactancia materna&#8221;.<\/strong><strong><em>D\u00f3nde:<\/em><\/strong> Keystone Wellness and Opportunity Center, 1929 W. 9th Street, Chester, PA  <span class=\"OYPEnA text-decoration-none text-strikethrough-none\"><em><strong><br \/>\n<\/strong><\/em><\/span><strong><em>Cu\u00e1ndo<\/em>:<\/strong> 30\/8 11:00 h &#8211; 13:00 h  <strong><em>Inscripci\u00f3n: <\/em><\/strong><a href=\"https:\/\/delcofoundation.org\/centering-our-stories-for-breastfeeding-justice-photo-exhibition\/\">Rellena el formulario para inscribirte aqu\u00ed. <\/a> <\/p>\n<h4><\/h4>\n<p>&nbsp;<\/p>\n<h4>Series de Autocuidado y Bienestar<\/h4>\n<p>  El embarazo y la maternidad pueden ser incre\u00edblemente estresantes, y es f\u00e1cil perder de vista tu propio bienestar.<br \/>\n\u00danete a nuestra serie de bienestar para volver a centrarte en el cuidado de ti misma en un entorno grupal de apoyo.   <strong><em>D\u00f3nde: <\/em><\/strong><span class=\"OYPEnA font-feature-liga-off font-feature-clig-off font-feature-calt-off text-decoration-none text-strikethrough-none\">Sala Comunitaria Ruth Bennett, <\/span><span class=\"OYPEnA font-feature-liga-off font-feature-clig-off font-feature-calt-off text-decoration-none text-strikethrough-none\">1350 W. 9th Street, Chester, PA (las clases de noviembre son virtuales)<\/span><strong><em>Cu\u00e1ndo<\/em>:<\/strong><br \/>\n 18\/9 y 1016, de 11:00 a.m. a 12:30 p.m. (presenciales) 13\/11 y 20\/11, de 11:00 a.m. a 12:30 p.m. (virtuales)   <strong><em>Inscripci\u00f3n:  <\/em><\/strong><a href=\"https:\/\/delcofoundation.org\/self-care-and-wellness-series\/\">Rellena el formulario para inscribirte aqu\u00ed.  <\/a><\/p>\n<p>&nbsp;<\/p>\n<h4>Clase de Seguridad en el Embarazo y el Lactante<\/h4>\n<p><span class=\"OYPEnA text-decoration-none text-strikethrough-none\">\u00bfEres nuevo en la paternidad o necesitas un repaso? \u00danete a nosotros y aprende importantes consejos de seguridad para el embarazo y la infancia. En cada clase, trataremos temas como qu\u00e9 preguntar en las visitas prenatales, c\u00f3mo contar las patadas en los \u00faltimos meses del embarazo, c\u00f3mo iniciar la lactancia materna, h\u00e1bitos de sue\u00f1o seguros y seguridad en los asientos del coche.<\/span><\/p>\n<p><em><strong>Fechas e inscripci\u00f3n:<\/strong><\/em> \u00a1Pr\u00f3ximamente!  <\/p>\n<h4><\/h4>\n<h2>Consejos y v\u00eddeos<\/h2>\n<p>  \u00bfTe interesa aprender m\u00e1s mientras atraviesas tu embarazo y los primeros d\u00edas de crianza?<br \/>\n\u00a1Echa un vistazo a nuestros v\u00eddeos que ofrecen consejos r\u00e1pidos y \u00fatiles!   <\/p>\n<p class=\"video-responsive\"><iframe loading=\"lazy\" title=\"Maternal Health Education Series: The ABCs of Safe Sleep\" width=\"960\" height=\"540\" src=\"https:\/\/www.youtube.com\/embed\/J5JEeA2IHVY?feature=oembed\" frameborder=\"0\" allow=\"accelerometer; autoplay; clipboard-write; encrypted-media; gyroscope; picture-in-picture; web-share\" referrerpolicy=\"strict-origin-when-cross-origin\" allowfullscreen><\/iframe><\/p>\n<p class=\"video-responsive\"><iframe loading=\"lazy\" title=\"Maternal Health Series: Breastfeeding Positions\" width=\"960\" height=\"540\" src=\"https:\/\/www.youtube.com\/embed\/EjaqlqXI7ws?feature=oembed\" frameborder=\"0\" allow=\"accelerometer; autoplay; clipboard-write; encrypted-media; gyroscope; picture-in-picture; web-share\" referrerpolicy=\"strict-origin-when-cross-origin\" allowfullscreen><\/iframe><\/p>\n<p>&nbsp;<\/p>\n<p>&nbsp;<\/p>\n<h4 style=\"text-align: center;\"><strong>\u00bfTienes preguntas? Contacto: <a href=\"mailto:mel@delcofoundation.org\">Meah El<\/a><\/strong><\/h4>\n","protected":false},"excerpt":{"rendered":"<p>\u00a1Bienvenido a la p\u00e1gina de eventos del programa de salud p\u00fablica de la Fundaci\u00f3n 2024! Todos los actos son gratuitos y abiertos a la comunidad o a los participantes en el programa. Encuentra a continuaci\u00f3n las clases que te interesan. &nbsp; Celebraci\u00f3n del Mes Nacional de la Lactancia Materna y la Semana de la Lactancia&#8230;<\/p>\n","protected":false},"author":12,"featured_media":5156,"parent":0,"menu_order":0,"comment_status":"closed","ping_status":"closed","template":"","meta":{"_acf_changed":false,"inline_featured_image":false,"footnotes":""},"class_list":["post-5534","page","type-page","status-publish","has-post-thumbnail","hentry"],"acf":[],"yoast_head":"<!-- This site is optimized with the Yoast SEO plugin v26.7 - https:\/\/yoast.com\/wordpress\/plugins\/seo\/ -->\n<title>Eventos de Salud Materna - The Foundation for Delaware County<\/title>\n<meta name=\"robots\" content=\"index, follow, max-snippet:-1, max-image-preview:large, max-video-preview:-1\" \/>\n<link rel=\"canonical\" href=\"https:\/\/delcofoundation.org\/es\/eventos-de-salud-materna\/\" \/>\n<meta property=\"og:locale\" content=\"es_ES\" \/>\n<meta property=\"og:type\" content=\"article\" \/>\n<meta property=\"og:title\" content=\"Eventos de Salud Materna - The Foundation for Delaware County\" \/>\n<meta property=\"og:description\" content=\"\u00a1Bienvenido a la p\u00e1gina de eventos del programa de salud p\u00fablica de la Fundaci\u00f3n 2024! Todos los actos son gratuitos y abiertos a la comunidad o a los participantes en el programa. Encuentra a continuaci\u00f3n las clases que te interesan. &nbsp; Celebraci\u00f3n del Mes Nacional de la Lactancia Materna y la Semana de la Lactancia...\" \/>\n<meta property=\"og:url\" content=\"https:\/\/delcofoundation.org\/es\/eventos-de-salud-materna\/\" \/>\n<meta property=\"og:site_name\" content=\"The Foundation for Delaware County\" \/>\n<meta property=\"article:modified_time\" content=\"2024-08-23T17:26:21+00:00\" \/>\n<meta property=\"og:image\" content=\"https:\/\/delcofoundation.org\/app\/uploads\/2024\/05\/Black-Maternal-Health-Week-2024-Website-Banner-2560-x-960-px-3-1024x384.png\" \/>\n\t<meta property=\"og:image:width\" content=\"1024\" \/>\n\t<meta property=\"og:image:height\" content=\"384\" \/>\n\t<meta property=\"og:image:type\" content=\"image\/png\" \/>\n<meta name=\"twitter:card\" content=\"summary_large_image\" \/>\n<meta name=\"twitter:label1\" content=\"Est. reading time\" \/>\n\t<meta name=\"twitter:data1\" content=\"4 minutes\" \/>\n<script type=\"application\/ld+json\" class=\"yoast-schema-graph\">{\"@context\":\"https:\/\/schema.org\",\"@graph\":[{\"@type\":\"WebPage\",\"@id\":\"https:\/\/delcofoundation.org\/es\/eventos-de-salud-materna\/\",\"url\":\"https:\/\/delcofoundation.org\/es\/eventos-de-salud-materna\/\",\"name\":\"Eventos de Salud Materna - The Foundation for Delaware County\",\"isPartOf\":{\"@id\":\"https:\/\/delcofoundation.org\/es\/#website\"},\"primaryImageOfPage\":{\"@id\":\"https:\/\/delcofoundation.org\/es\/eventos-de-salud-materna\/#primaryimage\"},\"image\":{\"@id\":\"https:\/\/delcofoundation.org\/es\/eventos-de-salud-materna\/#primaryimage\"},\"thumbnailUrl\":\"https:\/\/delcofoundation.org\/app\/uploads\/2024\/05\/Black-Maternal-Health-Week-2024-Website-Banner-2560-x-960-px-3.png\",\"datePublished\":\"2024-05-16T14:40:22+00:00\",\"dateModified\":\"2024-08-23T17:26:21+00:00\",\"breadcrumb\":{\"@id\":\"https:\/\/delcofoundation.org\/es\/eventos-de-salud-materna\/#breadcrumb\"},\"inLanguage\":\"es-ES\",\"potentialAction\":[{\"@type\":\"ReadAction\",\"target\":[\"https:\/\/delcofoundation.org\/es\/eventos-de-salud-materna\/\"]}]},{\"@type\":\"ImageObject\",\"inLanguage\":\"es-ES\",\"@id\":\"https:\/\/delcofoundation.org\/es\/eventos-de-salud-materna\/#primaryimage\",\"url\":\"https:\/\/delcofoundation.org\/app\/uploads\/2024\/05\/Black-Maternal-Health-Week-2024-Website-Banner-2560-x-960-px-3.png\",\"contentUrl\":\"https:\/\/delcofoundation.org\/app\/uploads\/2024\/05\/Black-Maternal-Health-Week-2024-Website-Banner-2560-x-960-px-3.png\",\"width\":2560,\"height\":960},{\"@type\":\"BreadcrumbList\",\"@id\":\"https:\/\/delcofoundation.org\/es\/eventos-de-salud-materna\/#breadcrumb\",\"itemListElement\":[{\"@type\":\"ListItem\",\"position\":1,\"name\":\"Home\",\"item\":\"https:\/\/delcofoundation.org\/es\/\"},{\"@type\":\"ListItem\",\"position\":2,\"name\":\"Eventos de Salud Materna\"}]},{\"@type\":\"WebSite\",\"@id\":\"https:\/\/delcofoundation.org\/es\/#website\",\"url\":\"https:\/\/delcofoundation.org\/es\/\",\"name\":\"The Foundation for Delaware County\",\"description\":\"\",\"publisher\":{\"@id\":\"https:\/\/delcofoundation.org\/es\/#organization\"},\"potentialAction\":[{\"@type\":\"SearchAction\",\"target\":{\"@type\":\"EntryPoint\",\"urlTemplate\":\"https:\/\/delcofoundation.org\/es\/?s={search_term_string}\"},\"query-input\":{\"@type\":\"PropertyValueSpecification\",\"valueRequired\":true,\"valueName\":\"search_term_string\"}}],\"inLanguage\":\"es-ES\"},{\"@type\":\"Organization\",\"@id\":\"https:\/\/delcofoundation.org\/es\/#organization\",\"name\":\"The Foundation for Delaware County\",\"url\":\"https:\/\/delcofoundation.org\/es\/\",\"logo\":{\"@type\":\"ImageObject\",\"inLanguage\":\"es-ES\",\"@id\":\"https:\/\/delcofoundation.org\/es\/#\/schema\/logo\/image\/\",\"url\":\"\",\"contentUrl\":\"\",\"caption\":\"The Foundation for Delaware County\"},\"image\":{\"@id\":\"https:\/\/delcofoundation.org\/es\/#\/schema\/logo\/image\/\"}}]}<\/script>\n<!-- \/ Yoast SEO plugin. -->","yoast_head_json":{"title":"Eventos de Salud Materna - The Foundation for Delaware County","robots":{"index":"index","follow":"follow","max-snippet":"max-snippet:-1","max-image-preview":"max-image-preview:large","max-video-preview":"max-video-preview:-1"},"canonical":"https:\/\/delcofoundation.org\/es\/eventos-de-salud-materna\/","og_locale":"es_ES","og_type":"article","og_title":"Eventos de Salud Materna - The Foundation for Delaware County","og_description":"\u00a1Bienvenido a la p\u00e1gina de eventos del programa de salud p\u00fablica de la Fundaci\u00f3n 2024! Todos los actos son gratuitos y abiertos a la comunidad o a los participantes en el programa. Encuentra a continuaci\u00f3n las clases que te interesan. &nbsp; Celebraci\u00f3n del Mes Nacional de la Lactancia Materna y la Semana de la Lactancia...","og_url":"https:\/\/delcofoundation.org\/es\/eventos-de-salud-materna\/","og_site_name":"The Foundation for Delaware County","article_modified_time":"2024-08-23T17:26:21+00:00","og_image":[{"width":1024,"height":384,"url":"https:\/\/delcofoundation.org\/app\/uploads\/2024\/05\/Black-Maternal-Health-Week-2024-Website-Banner-2560-x-960-px-3-1024x384.png","type":"image\/png"}],"twitter_card":"summary_large_image","twitter_misc":{"Est. reading time":"4 minutes"},"schema":{"@context":"https:\/\/schema.org","@graph":[{"@type":"WebPage","@id":"https:\/\/delcofoundation.org\/es\/eventos-de-salud-materna\/","url":"https:\/\/delcofoundation.org\/es\/eventos-de-salud-materna\/","name":"Eventos de Salud Materna - The Foundation for Delaware County","isPartOf":{"@id":"https:\/\/delcofoundation.org\/es\/#website"},"primaryImageOfPage":{"@id":"https:\/\/delcofoundation.org\/es\/eventos-de-salud-materna\/#primaryimage"},"image":{"@id":"https:\/\/delcofoundation.org\/es\/eventos-de-salud-materna\/#primaryimage"},"thumbnailUrl":"https:\/\/delcofoundation.org\/app\/uploads\/2024\/05\/Black-Maternal-Health-Week-2024-Website-Banner-2560-x-960-px-3.png","datePublished":"2024-05-16T14:40:22+00:00","dateModified":"2024-08-23T17:26:21+00:00","breadcrumb":{"@id":"https:\/\/delcofoundation.org\/es\/eventos-de-salud-materna\/#breadcrumb"},"inLanguage":"es-ES","potentialAction":[{"@type":"ReadAction","target":["https:\/\/delcofoundation.org\/es\/eventos-de-salud-materna\/"]}]},{"@type":"ImageObject","inLanguage":"es-ES","@id":"https:\/\/delcofoundation.org\/es\/eventos-de-salud-materna\/#primaryimage","url":"https:\/\/delcofoundation.org\/app\/uploads\/2024\/05\/Black-Maternal-Health-Week-2024-Website-Banner-2560-x-960-px-3.png","contentUrl":"https:\/\/delcofoundation.org\/app\/uploads\/2024\/05\/Black-Maternal-Health-Week-2024-Website-Banner-2560-x-960-px-3.png","width":2560,"height":960},{"@type":"BreadcrumbList","@id":"https:\/\/delcofoundation.org\/es\/eventos-de-salud-materna\/#breadcrumb","itemListElement":[{"@type":"ListItem","position":1,"name":"Home","item":"https:\/\/delcofoundation.org\/es\/"},{"@type":"ListItem","position":2,"name":"Eventos de Salud Materna"}]},{"@type":"WebSite","@id":"https:\/\/delcofoundation.org\/es\/#website","url":"https:\/\/delcofoundation.org\/es\/","name":"The Foundation for Delaware County","description":"","publisher":{"@id":"https:\/\/delcofoundation.org\/es\/#organization"},"potentialAction":[{"@type":"SearchAction","target":{"@type":"EntryPoint","urlTemplate":"https:\/\/delcofoundation.org\/es\/?s={search_term_string}"},"query-input":{"@type":"PropertyValueSpecification","valueRequired":true,"valueName":"search_term_string"}}],"inLanguage":"es-ES"},{"@type":"Organization","@id":"https:\/\/delcofoundation.org\/es\/#organization","name":"The Foundation for Delaware County","url":"https:\/\/delcofoundation.org\/es\/","logo":{"@type":"ImageObject","inLanguage":"es-ES","@id":"https:\/\/delcofoundation.org\/es\/#\/schema\/logo\/image\/","url":"","contentUrl":"","caption":"The Foundation for Delaware County"},"image":{"@id":"https:\/\/delcofoundation.org\/es\/#\/schema\/logo\/image\/"}}]}},"_links":{"self":[{"href":"https:\/\/delcofoundation.org\/es\/wp-json\/wp\/v2\/pages\/5534","targetHints":{"allow":["GET"]}}],"collection":[{"href":"https:\/\/delcofoundation.org\/es\/wp-json\/wp\/v2\/pages"}],"about":[{"href":"https:\/\/delcofoundation.org\/es\/wp-json\/wp\/v2\/types\/page"}],"author":[{"embeddable":true,"href":"https:\/\/delcofoundation.org\/es\/wp-json\/wp\/v2\/users\/12"}],"replies":[{"embeddable":true,"href":"https:\/\/delcofoundation.org\/es\/wp-json\/wp\/v2\/comments?post=5534"}],"version-history":[{"count":27,"href":"https:\/\/delcofoundation.org\/es\/wp-json\/wp\/v2\/pages\/5534\/revisions"}],"predecessor-version":[{"id":11430,"href":"https:\/\/delcofoundation.org\/es\/wp-json\/wp\/v2\/pages\/5534\/revisions\/11430"}],"wp:featuredmedia":[{"embeddable":true,"href":"https:\/\/delcofoundation.org\/es\/wp-json\/wp\/v2\/media\/5156"}],"wp:attachment":[{"href":"https:\/\/delcofoundation.org\/es\/wp-json\/wp\/v2\/media?parent=5534"}],"curies":[{"name":"wp","href":"https:\/\/api.w.org\/{rel}","templated":true}]}}