{"id":5196,"date":"2021-08-17T19:28:36","date_gmt":"2021-08-17T19:28:36","guid":{"rendered":"https:\/\/delcofoundation.org\/nuestro-impacto\/areas-prioritarias\/respuesta-a-la-crisis\/"},"modified":"2025-04-14T13:40:58","modified_gmt":"2025-04-14T13:40:58","slug":"respuesta-a-la-crisis","status":"publish","type":"page","link":"https:\/\/delcofoundation.org\/es\/nuestro-impacto\/areas-prioritarias\/respuesta-a-la-crisis\/","title":{"rendered":"Respuesta a la crisis"},"content":{"rendered":"","protected":false},"excerpt":{"rendered":"","protected":false},"author":5,"featured_media":0,"parent":5166,"menu_order":0,"comment_status":"closed","ping_status":"closed","template":"page-templates\/content-modules.php","meta":{"_acf_changed":false,"inline_featured_image":false,"footnotes":""},"class_list":["post-5196","page","type-page","status-publish","hentry"],"acf":[],"yoast_head":"<!-- This site is optimized with the Yoast SEO plugin v26.7 - https:\/\/yoast.com\/wordpress\/plugins\/seo\/ -->\n<title>Respuesta a la crisis - The Foundation for Delaware County<\/title>\n<meta name=\"description\" content=\"Desempe\u00f1ando un papel por el que son conocidas las fundaciones comunitarias de todo el pa\u00eds, la fundaci\u00f3n se enorgullece de servir de recurso a particulares, familias y empresas cuando se producen cat\u00e1strofes naturales o provocadas por el hombre. En asociaci\u00f3n con otras organizaciones sin \u00e1nimo de lucro y gobiernos locales, actuamos r\u00e1pidamente para reunir y distribuir recursos financieros a organizaciones sin \u00e1nimo de lucro que prestaban ayuda directa cuando se produjo la pandemia de COVID-19. Nuestro Fondo de Respuesta COVID-19 del Condado de Delaware -lanzado el 13 de marzo de 2020- recaud\u00f3 finalmente 1 mill\u00f3n de d\u00f3lares de generosos particulares, empresas y otras fundaciones. Estos fondos se distribuyeron a casi 100 organizaciones sin \u00e1nimo de lucro que atienden a residentes vulnerables de todo nuestro condado.\n\u00a0\nNuestro Informe de Impacto COVID-19\nhttps:\/\/delcofoundation.org\/app\/uploads\/2022\/04\/TFDC-COVID-19-Response-WEB-Material-7.mp4\" \/>\n<meta name=\"robots\" content=\"index, follow, max-snippet:-1, max-image-preview:large, max-video-preview:-1\" \/>\n<link rel=\"canonical\" href=\"https:\/\/delcofoundation.org\/es\/nuestro-impacto\/areas-prioritarias\/respuesta-a-la-crisis\/\" \/>\n<meta property=\"og:locale\" content=\"es_ES\" \/>\n<meta property=\"og:type\" content=\"article\" \/>\n<meta property=\"og:title\" content=\"Respuesta a la crisis - The Foundation for Delaware County\" \/>\n<meta property=\"og:url\" content=\"https:\/\/delcofoundation.org\/es\/nuestro-impacto\/areas-prioritarias\/respuesta-a-la-crisis\/\" \/>\n<meta property=\"og:site_name\" content=\"The Foundation for Delaware County\" \/>\n<meta property=\"article:modified_time\" content=\"2025-04-14T13:40:58+00:00\" \/>\n<meta property=\"og:image\" content=\"https:\/\/delcofoundation.org\/app\/uploads\/2021\/10\/320_FDC-Annual-21-e1631905307293.jpg\" \/>\n\t<meta property=\"og:image:width\" content=\"1950\" \/>\n\t<meta property=\"og:image:height\" content=\"1150\" \/>\n\t<meta property=\"og:image:type\" content=\"image\/jpeg\" \/>\n<meta name=\"twitter:card\" content=\"summary_large_image\" \/>\n<script type=\"application\/ld+json\" class=\"yoast-schema-graph\">{\"@context\":\"https:\/\/schema.org\",\"@graph\":[{\"@type\":\"WebPage\",\"@id\":\"https:\/\/delcofoundation.org\/es\/nuestro-impacto\/areas-prioritarias\/respuesta-a-la-crisis\/\",\"url\":\"https:\/\/delcofoundation.org\/es\/nuestro-impacto\/areas-prioritarias\/respuesta-a-la-crisis\/\",\"name\":\"Respuesta a la crisis - The Foundation for Delaware County\",\"isPartOf\":{\"@id\":\"https:\/\/delcofoundation.org\/es\/#website\"},\"datePublished\":\"2021-08-17T19:28:36+00:00\",\"dateModified\":\"2025-04-14T13:40:58+00:00\",\"breadcrumb\":{\"@id\":\"https:\/\/delcofoundation.org\/es\/nuestro-impacto\/areas-prioritarias\/respuesta-a-la-crisis\/#breadcrumb\"},\"inLanguage\":\"es-ES\",\"potentialAction\":[{\"@type\":\"ReadAction\",\"target\":[\"https:\/\/delcofoundation.org\/es\/nuestro-impacto\/areas-prioritarias\/respuesta-a-la-crisis\/\"]}]},{\"@type\":\"BreadcrumbList\",\"@id\":\"https:\/\/delcofoundation.org\/es\/nuestro-impacto\/areas-prioritarias\/respuesta-a-la-crisis\/#breadcrumb\",\"itemListElement\":[{\"@type\":\"ListItem\",\"position\":1,\"name\":\"Home\",\"item\":\"https:\/\/delcofoundation.org\/es\/\"},{\"@type\":\"ListItem\",\"position\":2,\"name\":\"Nuestro impacto\",\"item\":\"https:\/\/delcofoundation.org\/es\/nuestro-impacto\/\"},{\"@type\":\"ListItem\",\"position\":3,\"name\":\"\u00c1reas prioritarias\",\"item\":\"https:\/\/delcofoundation.org\/es\/nuestro-impacto\/areas-prioritarias\/\"},{\"@type\":\"ListItem\",\"position\":4,\"name\":\"Respuesta a la crisis\"}]},{\"@type\":\"WebSite\",\"@id\":\"https:\/\/delcofoundation.org\/es\/#website\",\"url\":\"https:\/\/delcofoundation.org\/es\/\",\"name\":\"The Foundation for Delaware County\",\"description\":\"\",\"publisher\":{\"@id\":\"https:\/\/delcofoundation.org\/es\/#organization\"},\"potentialAction\":[{\"@type\":\"SearchAction\",\"target\":{\"@type\":\"EntryPoint\",\"urlTemplate\":\"https:\/\/delcofoundation.org\/es\/?s={search_term_string}\"},\"query-input\":{\"@type\":\"PropertyValueSpecification\",\"valueRequired\":true,\"valueName\":\"search_term_string\"}}],\"inLanguage\":\"es-ES\"},{\"@type\":\"Organization\",\"@id\":\"https:\/\/delcofoundation.org\/es\/#organization\",\"name\":\"The Foundation for Delaware County\",\"url\":\"https:\/\/delcofoundation.org\/es\/\",\"logo\":{\"@type\":\"ImageObject\",\"inLanguage\":\"es-ES\",\"@id\":\"https:\/\/delcofoundation.org\/es\/#\/schema\/logo\/image\/\",\"url\":\"\",\"contentUrl\":\"\",\"caption\":\"The Foundation for Delaware County\"},\"image\":{\"@id\":\"https:\/\/delcofoundation.org\/es\/#\/schema\/logo\/image\/\"}}]}<\/script>\n<!-- \/ Yoast SEO plugin. -->","yoast_head_json":{"title":"Respuesta a la crisis - The Foundation for Delaware County","description":"Desempe\u00f1ando un papel por el que son conocidas las fundaciones comunitarias de todo el pa\u00eds, la fundaci\u00f3n se enorgullece de servir de recurso a particulares, familias y empresas cuando se producen cat\u00e1strofes naturales o provocadas por el hombre. En asociaci\u00f3n con otras organizaciones sin \u00e1nimo de lucro y gobiernos locales, actuamos r\u00e1pidamente para reunir y distribuir recursos financieros a organizaciones sin \u00e1nimo de lucro que prestaban ayuda directa cuando se produjo la pandemia de COVID-19. Nuestro Fondo de Respuesta COVID-19 del Condado de Delaware -lanzado el 13 de marzo de 2020- recaud\u00f3 finalmente 1 mill\u00f3n de d\u00f3lares de generosos particulares, empresas y otras fundaciones. Estos fondos se distribuyeron a casi 100 organizaciones sin \u00e1nimo de lucro que atienden a residentes vulnerables de todo nuestro condado.\n\u00a0\nNuestro Informe de Impacto COVID-19\nhttps:\/\/delcofoundation.org\/app\/uploads\/2022\/04\/TFDC-COVID-19-Response-WEB-Material-7.mp4","robots":{"index":"index","follow":"follow","max-snippet":"max-snippet:-1","max-image-preview":"max-image-preview:large","max-video-preview":"max-video-preview:-1"},"canonical":"https:\/\/delcofoundation.org\/es\/nuestro-impacto\/areas-prioritarias\/respuesta-a-la-crisis\/","og_locale":"es_ES","og_type":"article","og_title":"Respuesta a la crisis - The Foundation for Delaware County","og_url":"https:\/\/delcofoundation.org\/es\/nuestro-impacto\/areas-prioritarias\/respuesta-a-la-crisis\/","og_site_name":"The Foundation for Delaware County","article_modified_time":"2025-04-14T13:40:58+00:00","og_image":[{"width":1950,"height":1150,"url":"https:\/\/delcofoundation.org\/app\/uploads\/2021\/10\/320_FDC-Annual-21-e1631905307293.jpg","type":"image\/jpeg"}],"twitter_card":"summary_large_image","schema":{"@context":"https:\/\/schema.org","@graph":[{"@type":"WebPage","@id":"https:\/\/delcofoundation.org\/es\/nuestro-impacto\/areas-prioritarias\/respuesta-a-la-crisis\/","url":"https:\/\/delcofoundation.org\/es\/nuestro-impacto\/areas-prioritarias\/respuesta-a-la-crisis\/","name":"Respuesta a la crisis - The Foundation for Delaware County","isPartOf":{"@id":"https:\/\/delcofoundation.org\/es\/#website"},"datePublished":"2021-08-17T19:28:36+00:00","dateModified":"2025-04-14T13:40:58+00:00","breadcrumb":{"@id":"https:\/\/delcofoundation.org\/es\/nuestro-impacto\/areas-prioritarias\/respuesta-a-la-crisis\/#breadcrumb"},"inLanguage":"es-ES","potentialAction":[{"@type":"ReadAction","target":["https:\/\/delcofoundation.org\/es\/nuestro-impacto\/areas-prioritarias\/respuesta-a-la-crisis\/"]}]},{"@type":"BreadcrumbList","@id":"https:\/\/delcofoundation.org\/es\/nuestro-impacto\/areas-prioritarias\/respuesta-a-la-crisis\/#breadcrumb","itemListElement":[{"@type":"ListItem","position":1,"name":"Home","item":"https:\/\/delcofoundation.org\/es\/"},{"@type":"ListItem","position":2,"name":"Nuestro impacto","item":"https:\/\/delcofoundation.org\/es\/nuestro-impacto\/"},{"@type":"ListItem","position":3,"name":"\u00c1reas prioritarias","item":"https:\/\/delcofoundation.org\/es\/nuestro-impacto\/areas-prioritarias\/"},{"@type":"ListItem","position":4,"name":"Respuesta a la crisis"}]},{"@type":"WebSite","@id":"https:\/\/delcofoundation.org\/es\/#website","url":"https:\/\/delcofoundation.org\/es\/","name":"The Foundation for Delaware County","description":"","publisher":{"@id":"https:\/\/delcofoundation.org\/es\/#organization"},"potentialAction":[{"@type":"SearchAction","target":{"@type":"EntryPoint","urlTemplate":"https:\/\/delcofoundation.org\/es\/?s={search_term_string}"},"query-input":{"@type":"PropertyValueSpecification","valueRequired":true,"valueName":"search_term_string"}}],"inLanguage":"es-ES"},{"@type":"Organization","@id":"https:\/\/delcofoundation.org\/es\/#organization","name":"The Foundation for Delaware County","url":"https:\/\/delcofoundation.org\/es\/","logo":{"@type":"ImageObject","inLanguage":"es-ES","@id":"https:\/\/delcofoundation.org\/es\/#\/schema\/logo\/image\/","url":"","contentUrl":"","caption":"The Foundation for Delaware County"},"image":{"@id":"https:\/\/delcofoundation.org\/es\/#\/schema\/logo\/image\/"}}]}},"_links":{"self":[{"href":"https:\/\/delcofoundation.org\/es\/wp-json\/wp\/v2\/pages\/5196","targetHints":{"allow":["GET"]}}],"collection":[{"href":"https:\/\/delcofoundation.org\/es\/wp-json\/wp\/v2\/pages"}],"about":[{"href":"https:\/\/delcofoundation.org\/es\/wp-json\/wp\/v2\/types\/page"}],"author":[{"embeddable":true,"href":"https:\/\/delcofoundation.org\/es\/wp-json\/wp\/v2\/users\/5"}],"replies":[{"embeddable":true,"href":"https:\/\/delcofoundation.org\/es\/wp-json\/wp\/v2\/comments?post=5196"}],"version-history":[{"count":1,"href":"https:\/\/delcofoundation.org\/es\/wp-json\/wp\/v2\/pages\/5196\/revisions"}],"predecessor-version":[{"id":6147,"href":"https:\/\/delcofoundation.org\/es\/wp-json\/wp\/v2\/pages\/5196\/revisions\/6147"}],"up":[{"embeddable":true,"href":"https:\/\/delcofoundation.org\/es\/wp-json\/wp\/v2\/pages\/5166"}],"wp:attachment":[{"href":"https:\/\/delcofoundation.org\/es\/wp-json\/wp\/v2\/media?parent=5196"}],"curies":[{"name":"wp","href":"https:\/\/api.w.org\/{rel}","templated":true}]}}