{"id":5189,"date":"2021-08-03T14:06:05","date_gmt":"2021-08-03T14:06:05","guid":{"rendered":"https:\/\/delcofoundation.org\/fomento-de-las-organizaciones-sin-animo-de-lucro\/"},"modified":"2026-04-16T13:09:25","modified_gmt":"2026-04-16T13:09:25","slug":"fomento-de-las-organizaciones-sin-animo-de-lucro","status":"publish","type":"page","link":"https:\/\/delcofoundation.org\/es\/fomento-de-las-organizaciones-sin-animo-de-lucro\/","title":{"rendered":"Fomento de las organizaciones sin \u00e1nimo de lucro"},"content":{"rendered":"","protected":false},"excerpt":{"rendered":"","protected":false},"author":5,"featured_media":0,"parent":0,"menu_order":0,"comment_status":"closed","ping_status":"closed","template":"page-templates\/content-modules.php","meta":{"_acf_changed":false,"inline_featured_image":false,"footnotes":""},"class_list":["post-5189","page","type-page","status-publish","hentry"],"acf":[],"yoast_head":"<!-- This site is optimized with the Yoast SEO plugin v26.7 - https:\/\/yoast.com\/wordpress\/plugins\/seo\/ -->\n<title>Fomento de las organizaciones sin \u00e1nimo de lucro - The Foundation for Delaware County<\/title>\n<meta name=\"description\" content=\"Invertimos con subvenciones que ayudan a las organizaciones sin \u00e1nimo de lucro de nuestro condado a ampliar y mejorar sus servicios, y con desarrollo profesional a trav\u00e9s de nuestro Centro para la Excelencia de las Organizaciones Sin \u00c1nimo de Lucro, que ayuda al personal de las organizaciones sin \u00e1nimo de lucro de nuestro condado a seguir desarrollando sus capacidades de liderazgo.\nNuestras subvenciones pretenden tener un efecto positivo en los determinantes sociales de la salud: los factores clave que influyen en la salud y el bienestar generales de las personas y las familias, como el acceso a la atenci\u00f3n sanitaria y su calidad, la estabilidad econ\u00f3mica, la educaci\u00f3n, la seguridad alimentaria y una vivienda segura y saludable. Para tener un efecto sostenible y lograr una mayor equidad sanitaria en el condado de Delaware, apoyamos a 57 organizaciones sin \u00e1nimo de lucro a trav\u00e9s de nuestro programa de Subvenciones de Impacto 2024.\nEn 2024, la Fundaci\u00f3n contrat\u00f3 a Victoria Dougherty Consulting LLC para realizar una evaluaci\u00f3n de nuestra Cartera de Subvenciones de Impacto entre 2018 y 2023. La evaluaci\u00f3n de la cartera incluy\u00f3 una revisi\u00f3n de la base de datos de subvenciones de la Fundaci\u00f3n y entrevistas con socios beneficiarios y partes interesadas de la comunidad. Examinamos de cerca los resultados y productos de nuestros esfuerzos filantr\u00f3picos durante este periodo de cinco a\u00f1os. El informe final muestra el impacto de nuestras iniciativas y presenta recomendaciones para ajustar nuestra estrategia de concesi\u00f3n de subvenciones con el fin de orientar nuestras prioridades de financiaci\u00f3n en los pr\u00f3ximos cinco a\u00f1os. Lee el Resumen Ejecutivo de la Evaluaci\u00f3n del Impacto de las Subvenciones.\" \/>\n<meta name=\"robots\" content=\"index, follow, max-snippet:-1, max-image-preview:large, max-video-preview:-1\" \/>\n<link rel=\"canonical\" href=\"https:\/\/delcofoundation.org\/es\/fomento-de-las-organizaciones-sin-animo-de-lucro\/\" \/>\n<meta property=\"og:locale\" content=\"es_ES\" \/>\n<meta property=\"og:type\" content=\"article\" \/>\n<meta property=\"og:title\" content=\"Fomento de las organizaciones sin \u00e1nimo de lucro - The Foundation for Delaware County\" \/>\n<meta property=\"og:url\" content=\"https:\/\/delcofoundation.org\/es\/fomento-de-las-organizaciones-sin-animo-de-lucro\/\" \/>\n<meta property=\"og:site_name\" content=\"The Foundation for Delaware County\" \/>\n<meta property=\"article:modified_time\" content=\"2026-04-16T13:09:25+00:00\" \/>\n<meta property=\"og:image\" content=\"https:\/\/delcofoundation.org\/app\/uploads\/2021\/10\/320_FDC-Annual-21-e1631905307293.jpg\" \/>\n\t<meta property=\"og:image:width\" content=\"1950\" \/>\n\t<meta property=\"og:image:height\" content=\"1150\" \/>\n\t<meta property=\"og:image:type\" content=\"image\/jpeg\" \/>\n<meta name=\"twitter:card\" content=\"summary_large_image\" \/>\n<script type=\"application\/ld+json\" class=\"yoast-schema-graph\">{\"@context\":\"https:\/\/schema.org\",\"@graph\":[{\"@type\":\"WebPage\",\"@id\":\"https:\/\/delcofoundation.org\/es\/fomento-de-las-organizaciones-sin-animo-de-lucro\/\",\"url\":\"https:\/\/delcofoundation.org\/es\/fomento-de-las-organizaciones-sin-animo-de-lucro\/\",\"name\":\"Fomento de las organizaciones sin \u00e1nimo de lucro - The Foundation for Delaware County\",\"isPartOf\":{\"@id\":\"https:\/\/delcofoundation.org\/es\/#website\"},\"datePublished\":\"2021-08-03T14:06:05+00:00\",\"dateModified\":\"2026-04-16T13:09:25+00:00\",\"breadcrumb\":{\"@id\":\"https:\/\/delcofoundation.org\/es\/fomento-de-las-organizaciones-sin-animo-de-lucro\/#breadcrumb\"},\"inLanguage\":\"es-ES\",\"potentialAction\":[{\"@type\":\"ReadAction\",\"target\":[\"https:\/\/delcofoundation.org\/es\/fomento-de-las-organizaciones-sin-animo-de-lucro\/\"]}]},{\"@type\":\"BreadcrumbList\",\"@id\":\"https:\/\/delcofoundation.org\/es\/fomento-de-las-organizaciones-sin-animo-de-lucro\/#breadcrumb\",\"itemListElement\":[{\"@type\":\"ListItem\",\"position\":1,\"name\":\"Home\",\"item\":\"https:\/\/delcofoundation.org\/es\/\"},{\"@type\":\"ListItem\",\"position\":2,\"name\":\"Fomento de las organizaciones sin \u00e1nimo de lucro\"}]},{\"@type\":\"WebSite\",\"@id\":\"https:\/\/delcofoundation.org\/es\/#website\",\"url\":\"https:\/\/delcofoundation.org\/es\/\",\"name\":\"The Foundation for Delaware County\",\"description\":\"\",\"publisher\":{\"@id\":\"https:\/\/delcofoundation.org\/es\/#organization\"},\"potentialAction\":[{\"@type\":\"SearchAction\",\"target\":{\"@type\":\"EntryPoint\",\"urlTemplate\":\"https:\/\/delcofoundation.org\/es\/?s={search_term_string}\"},\"query-input\":{\"@type\":\"PropertyValueSpecification\",\"valueRequired\":true,\"valueName\":\"search_term_string\"}}],\"inLanguage\":\"es-ES\"},{\"@type\":\"Organization\",\"@id\":\"https:\/\/delcofoundation.org\/es\/#organization\",\"name\":\"The Foundation for Delaware County\",\"url\":\"https:\/\/delcofoundation.org\/es\/\",\"logo\":{\"@type\":\"ImageObject\",\"inLanguage\":\"es-ES\",\"@id\":\"https:\/\/delcofoundation.org\/es\/#\/schema\/logo\/image\/\",\"url\":\"\",\"contentUrl\":\"\",\"caption\":\"The Foundation for Delaware County\"},\"image\":{\"@id\":\"https:\/\/delcofoundation.org\/es\/#\/schema\/logo\/image\/\"}}]}<\/script>\n<!-- \/ Yoast SEO plugin. -->","yoast_head_json":{"title":"Fomento de las organizaciones sin \u00e1nimo de lucro - The Foundation for Delaware County","description":"Invertimos con subvenciones que ayudan a las organizaciones sin \u00e1nimo de lucro de nuestro condado a ampliar y mejorar sus servicios, y con desarrollo profesional a trav\u00e9s de nuestro Centro para la Excelencia de las Organizaciones Sin \u00c1nimo de Lucro, que ayuda al personal de las organizaciones sin \u00e1nimo de lucro de nuestro condado a seguir desarrollando sus capacidades de liderazgo.\nNuestras subvenciones pretenden tener un efecto positivo en los determinantes sociales de la salud: los factores clave que influyen en la salud y el bienestar generales de las personas y las familias, como el acceso a la atenci\u00f3n sanitaria y su calidad, la estabilidad econ\u00f3mica, la educaci\u00f3n, la seguridad alimentaria y una vivienda segura y saludable. Para tener un efecto sostenible y lograr una mayor equidad sanitaria en el condado de Delaware, apoyamos a 57 organizaciones sin \u00e1nimo de lucro a trav\u00e9s de nuestro programa de Subvenciones de Impacto 2024.\nEn 2024, la Fundaci\u00f3n contrat\u00f3 a Victoria Dougherty Consulting LLC para realizar una evaluaci\u00f3n de nuestra Cartera de Subvenciones de Impacto entre 2018 y 2023. La evaluaci\u00f3n de la cartera incluy\u00f3 una revisi\u00f3n de la base de datos de subvenciones de la Fundaci\u00f3n y entrevistas con socios beneficiarios y partes interesadas de la comunidad. Examinamos de cerca los resultados y productos de nuestros esfuerzos filantr\u00f3picos durante este periodo de cinco a\u00f1os. El informe final muestra el impacto de nuestras iniciativas y presenta recomendaciones para ajustar nuestra estrategia de concesi\u00f3n de subvenciones con el fin de orientar nuestras prioridades de financiaci\u00f3n en los pr\u00f3ximos cinco a\u00f1os. Lee el Resumen Ejecutivo de la Evaluaci\u00f3n del Impacto de las Subvenciones.","robots":{"index":"index","follow":"follow","max-snippet":"max-snippet:-1","max-image-preview":"max-image-preview:large","max-video-preview":"max-video-preview:-1"},"canonical":"https:\/\/delcofoundation.org\/es\/fomento-de-las-organizaciones-sin-animo-de-lucro\/","og_locale":"es_ES","og_type":"article","og_title":"Fomento de las organizaciones sin \u00e1nimo de lucro - The Foundation for Delaware County","og_url":"https:\/\/delcofoundation.org\/es\/fomento-de-las-organizaciones-sin-animo-de-lucro\/","og_site_name":"The Foundation for Delaware County","article_modified_time":"2026-04-16T13:09:25+00:00","og_image":[{"width":1950,"height":1150,"url":"https:\/\/delcofoundation.org\/app\/uploads\/2021\/10\/320_FDC-Annual-21-e1631905307293.jpg","type":"image\/jpeg"}],"twitter_card":"summary_large_image","schema":{"@context":"https:\/\/schema.org","@graph":[{"@type":"WebPage","@id":"https:\/\/delcofoundation.org\/es\/fomento-de-las-organizaciones-sin-animo-de-lucro\/","url":"https:\/\/delcofoundation.org\/es\/fomento-de-las-organizaciones-sin-animo-de-lucro\/","name":"Fomento de las organizaciones sin \u00e1nimo de lucro - The Foundation for Delaware County","isPartOf":{"@id":"https:\/\/delcofoundation.org\/es\/#website"},"datePublished":"2021-08-03T14:06:05+00:00","dateModified":"2026-04-16T13:09:25+00:00","breadcrumb":{"@id":"https:\/\/delcofoundation.org\/es\/fomento-de-las-organizaciones-sin-animo-de-lucro\/#breadcrumb"},"inLanguage":"es-ES","potentialAction":[{"@type":"ReadAction","target":["https:\/\/delcofoundation.org\/es\/fomento-de-las-organizaciones-sin-animo-de-lucro\/"]}]},{"@type":"BreadcrumbList","@id":"https:\/\/delcofoundation.org\/es\/fomento-de-las-organizaciones-sin-animo-de-lucro\/#breadcrumb","itemListElement":[{"@type":"ListItem","position":1,"name":"Home","item":"https:\/\/delcofoundation.org\/es\/"},{"@type":"ListItem","position":2,"name":"Fomento de las organizaciones sin \u00e1nimo de lucro"}]},{"@type":"WebSite","@id":"https:\/\/delcofoundation.org\/es\/#website","url":"https:\/\/delcofoundation.org\/es\/","name":"The Foundation for Delaware County","description":"","publisher":{"@id":"https:\/\/delcofoundation.org\/es\/#organization"},"potentialAction":[{"@type":"SearchAction","target":{"@type":"EntryPoint","urlTemplate":"https:\/\/delcofoundation.org\/es\/?s={search_term_string}"},"query-input":{"@type":"PropertyValueSpecification","valueRequired":true,"valueName":"search_term_string"}}],"inLanguage":"es-ES"},{"@type":"Organization","@id":"https:\/\/delcofoundation.org\/es\/#organization","name":"The Foundation for Delaware County","url":"https:\/\/delcofoundation.org\/es\/","logo":{"@type":"ImageObject","inLanguage":"es-ES","@id":"https:\/\/delcofoundation.org\/es\/#\/schema\/logo\/image\/","url":"","contentUrl":"","caption":"The Foundation for Delaware County"},"image":{"@id":"https:\/\/delcofoundation.org\/es\/#\/schema\/logo\/image\/"}}]}},"_links":{"self":[{"href":"https:\/\/delcofoundation.org\/es\/wp-json\/wp\/v2\/pages\/5189","targetHints":{"allow":["GET"]}}],"collection":[{"href":"https:\/\/delcofoundation.org\/es\/wp-json\/wp\/v2\/pages"}],"about":[{"href":"https:\/\/delcofoundation.org\/es\/wp-json\/wp\/v2\/types\/page"}],"author":[{"embeddable":true,"href":"https:\/\/delcofoundation.org\/es\/wp-json\/wp\/v2\/users\/5"}],"replies":[{"embeddable":true,"href":"https:\/\/delcofoundation.org\/es\/wp-json\/wp\/v2\/comments?post=5189"}],"version-history":[{"count":1,"href":"https:\/\/delcofoundation.org\/es\/wp-json\/wp\/v2\/pages\/5189\/revisions"}],"predecessor-version":[{"id":6121,"href":"https:\/\/delcofoundation.org\/es\/wp-json\/wp\/v2\/pages\/5189\/revisions\/6121"}],"wp:attachment":[{"href":"https:\/\/delcofoundation.org\/es\/wp-json\/wp\/v2\/media?parent=5189"}],"curies":[{"name":"wp","href":"https:\/\/api.w.org\/{rel}","templated":true}]}}