{"id":5186,"date":"2021-08-03T14:08:45","date_gmt":"2021-08-03T14:08:45","guid":{"rendered":"https:\/\/delcofoundation.org\/programas-comunitarios\/"},"modified":"2024-07-02T18:53:54","modified_gmt":"2024-07-02T18:53:54","slug":"programas-comunitarios","status":"publish","type":"page","link":"https:\/\/delcofoundation.org\/es\/programas-comunitarios\/","title":{"rendered":"Programas comunitarios"},"content":{"rendered":"","protected":false},"excerpt":{"rendered":"","protected":false},"author":5,"featured_media":0,"parent":0,"menu_order":0,"comment_status":"closed","ping_status":"closed","template":"page-templates\/content-modules.php","meta":{"_acf_changed":false,"inline_featured_image":false,"footnotes":""},"class_list":["post-5186","page","type-page","status-publish","hentry"],"acf":[],"yoast_head":"<!-- This site is optimized with the Yoast SEO plugin v26.7 - https:\/\/yoast.com\/wordpress\/plugins\/seo\/ -->\n<title>Programas comunitarios - The Foundation for Delaware County<\/title>\n<meta name=\"description\" content=\"Los programas comunitarios de la Fundaci\u00f3n para el Condado de Delaware ayudan a mejorar los resultados de los partos, la salud maternoinfantil y el bienestar general de las familias a las que servimos. Prestamos servicios directos para apoyar a las familias y abordar los determinantes sociales de la salud, y ayudamos a las familias a desarrollar conocimientos y habilidades, para que puedan prosperar y criar a sus hijos con todas las oportunidades de triunfar.\nNuestro personal se asegura de que las familias tengan acceso a los servicios que necesitan para estar sanas f\u00edsica y mentalmente. Ponemos en contacto a las familias con recursos esenciales, como ayuda para la vivienda, acceso a la atenci\u00f3n sanitaria, estabilidad econ\u00f3mica y mucho m\u00e1s. Algunos de nuestros programas comunitarios ayudan a mam\u00e1s y pap\u00e1s a centrarse en embarazos sanos, y apoyan a las familias con habilidades parentales, especialmente en el crecimiento y desarrollo de la primera infancia, que les permiten construir un futuro mejor para sus familias.\nNuestros programas atienden a m\u00e1s de 10.000 residentes del condado de Delaware cada a\u00f1o y son reconocidos a nivel nacional por mejorar los resultados sanitarios y eliminar las disparidades sanitarias en el condado de Delaware.\nInformaci\u00f3n para los clientes\" \/>\n<meta name=\"robots\" content=\"index, follow, max-snippet:-1, max-image-preview:large, max-video-preview:-1\" \/>\n<link rel=\"canonical\" href=\"https:\/\/delcofoundation.org\/es\/programas-comunitarios\/\" \/>\n<meta property=\"og:locale\" content=\"es_ES\" \/>\n<meta property=\"og:type\" content=\"article\" \/>\n<meta property=\"og:title\" content=\"Programas comunitarios - The Foundation for Delaware County\" \/>\n<meta property=\"og:url\" content=\"https:\/\/delcofoundation.org\/es\/programas-comunitarios\/\" \/>\n<meta property=\"og:site_name\" content=\"The Foundation for Delaware County\" \/>\n<meta property=\"article:modified_time\" content=\"2024-07-02T18:53:54+00:00\" \/>\n<meta property=\"og:image\" content=\"https:\/\/delcofoundation.org\/app\/uploads\/2021\/10\/320_FDC-Annual-21-e1631905307293.jpg\" \/>\n\t<meta property=\"og:image:width\" content=\"1950\" \/>\n\t<meta property=\"og:image:height\" content=\"1150\" \/>\n\t<meta property=\"og:image:type\" content=\"image\/jpeg\" \/>\n<meta name=\"twitter:card\" content=\"summary_large_image\" \/>\n<script type=\"application\/ld+json\" class=\"yoast-schema-graph\">{\"@context\":\"https:\/\/schema.org\",\"@graph\":[{\"@type\":\"WebPage\",\"@id\":\"https:\/\/delcofoundation.org\/es\/programas-comunitarios\/\",\"url\":\"https:\/\/delcofoundation.org\/es\/programas-comunitarios\/\",\"name\":\"Programas comunitarios - The Foundation for Delaware County\",\"isPartOf\":{\"@id\":\"https:\/\/delcofoundation.org\/es\/#website\"},\"datePublished\":\"2021-08-03T14:08:45+00:00\",\"dateModified\":\"2024-07-02T18:53:54+00:00\",\"breadcrumb\":{\"@id\":\"https:\/\/delcofoundation.org\/es\/programas-comunitarios\/#breadcrumb\"},\"inLanguage\":\"es-ES\",\"potentialAction\":[{\"@type\":\"ReadAction\",\"target\":[\"https:\/\/delcofoundation.org\/es\/programas-comunitarios\/\"]}]},{\"@type\":\"BreadcrumbList\",\"@id\":\"https:\/\/delcofoundation.org\/es\/programas-comunitarios\/#breadcrumb\",\"itemListElement\":[{\"@type\":\"ListItem\",\"position\":1,\"name\":\"Home\",\"item\":\"https:\/\/delcofoundation.org\/es\/\"},{\"@type\":\"ListItem\",\"position\":2,\"name\":\"Programas comunitarios\"}]},{\"@type\":\"WebSite\",\"@id\":\"https:\/\/delcofoundation.org\/es\/#website\",\"url\":\"https:\/\/delcofoundation.org\/es\/\",\"name\":\"The Foundation for Delaware County\",\"description\":\"\",\"publisher\":{\"@id\":\"https:\/\/delcofoundation.org\/es\/#organization\"},\"potentialAction\":[{\"@type\":\"SearchAction\",\"target\":{\"@type\":\"EntryPoint\",\"urlTemplate\":\"https:\/\/delcofoundation.org\/es\/?s={search_term_string}\"},\"query-input\":{\"@type\":\"PropertyValueSpecification\",\"valueRequired\":true,\"valueName\":\"search_term_string\"}}],\"inLanguage\":\"es-ES\"},{\"@type\":\"Organization\",\"@id\":\"https:\/\/delcofoundation.org\/es\/#organization\",\"name\":\"The Foundation for Delaware County\",\"url\":\"https:\/\/delcofoundation.org\/es\/\",\"logo\":{\"@type\":\"ImageObject\",\"inLanguage\":\"es-ES\",\"@id\":\"https:\/\/delcofoundation.org\/es\/#\/schema\/logo\/image\/\",\"url\":\"\",\"contentUrl\":\"\",\"caption\":\"The Foundation for Delaware County\"},\"image\":{\"@id\":\"https:\/\/delcofoundation.org\/es\/#\/schema\/logo\/image\/\"}}]}<\/script>\n<!-- \/ Yoast SEO plugin. -->","yoast_head_json":{"title":"Programas comunitarios - The Foundation for Delaware County","description":"Los programas comunitarios de la Fundaci\u00f3n para el Condado de Delaware ayudan a mejorar los resultados de los partos, la salud maternoinfantil y el bienestar general de las familias a las que servimos. Prestamos servicios directos para apoyar a las familias y abordar los determinantes sociales de la salud, y ayudamos a las familias a desarrollar conocimientos y habilidades, para que puedan prosperar y criar a sus hijos con todas las oportunidades de triunfar.\nNuestro personal se asegura de que las familias tengan acceso a los servicios que necesitan para estar sanas f\u00edsica y mentalmente. Ponemos en contacto a las familias con recursos esenciales, como ayuda para la vivienda, acceso a la atenci\u00f3n sanitaria, estabilidad econ\u00f3mica y mucho m\u00e1s. Algunos de nuestros programas comunitarios ayudan a mam\u00e1s y pap\u00e1s a centrarse en embarazos sanos, y apoyan a las familias con habilidades parentales, especialmente en el crecimiento y desarrollo de la primera infancia, que les permiten construir un futuro mejor para sus familias.\nNuestros programas atienden a m\u00e1s de 10.000 residentes del condado de Delaware cada a\u00f1o y son reconocidos a nivel nacional por mejorar los resultados sanitarios y eliminar las disparidades sanitarias en el condado de Delaware.\nInformaci\u00f3n para los clientes","robots":{"index":"index","follow":"follow","max-snippet":"max-snippet:-1","max-image-preview":"max-image-preview:large","max-video-preview":"max-video-preview:-1"},"canonical":"https:\/\/delcofoundation.org\/es\/programas-comunitarios\/","og_locale":"es_ES","og_type":"article","og_title":"Programas comunitarios - The Foundation for Delaware County","og_url":"https:\/\/delcofoundation.org\/es\/programas-comunitarios\/","og_site_name":"The Foundation for Delaware County","article_modified_time":"2024-07-02T18:53:54+00:00","og_image":[{"width":1950,"height":1150,"url":"https:\/\/delcofoundation.org\/app\/uploads\/2021\/10\/320_FDC-Annual-21-e1631905307293.jpg","type":"image\/jpeg"}],"twitter_card":"summary_large_image","schema":{"@context":"https:\/\/schema.org","@graph":[{"@type":"WebPage","@id":"https:\/\/delcofoundation.org\/es\/programas-comunitarios\/","url":"https:\/\/delcofoundation.org\/es\/programas-comunitarios\/","name":"Programas comunitarios - The Foundation for Delaware County","isPartOf":{"@id":"https:\/\/delcofoundation.org\/es\/#website"},"datePublished":"2021-08-03T14:08:45+00:00","dateModified":"2024-07-02T18:53:54+00:00","breadcrumb":{"@id":"https:\/\/delcofoundation.org\/es\/programas-comunitarios\/#breadcrumb"},"inLanguage":"es-ES","potentialAction":[{"@type":"ReadAction","target":["https:\/\/delcofoundation.org\/es\/programas-comunitarios\/"]}]},{"@type":"BreadcrumbList","@id":"https:\/\/delcofoundation.org\/es\/programas-comunitarios\/#breadcrumb","itemListElement":[{"@type":"ListItem","position":1,"name":"Home","item":"https:\/\/delcofoundation.org\/es\/"},{"@type":"ListItem","position":2,"name":"Programas comunitarios"}]},{"@type":"WebSite","@id":"https:\/\/delcofoundation.org\/es\/#website","url":"https:\/\/delcofoundation.org\/es\/","name":"The Foundation for Delaware County","description":"","publisher":{"@id":"https:\/\/delcofoundation.org\/es\/#organization"},"potentialAction":[{"@type":"SearchAction","target":{"@type":"EntryPoint","urlTemplate":"https:\/\/delcofoundation.org\/es\/?s={search_term_string}"},"query-input":{"@type":"PropertyValueSpecification","valueRequired":true,"valueName":"search_term_string"}}],"inLanguage":"es-ES"},{"@type":"Organization","@id":"https:\/\/delcofoundation.org\/es\/#organization","name":"The Foundation for Delaware County","url":"https:\/\/delcofoundation.org\/es\/","logo":{"@type":"ImageObject","inLanguage":"es-ES","@id":"https:\/\/delcofoundation.org\/es\/#\/schema\/logo\/image\/","url":"","contentUrl":"","caption":"The Foundation for Delaware County"},"image":{"@id":"https:\/\/delcofoundation.org\/es\/#\/schema\/logo\/image\/"}}]}},"_links":{"self":[{"href":"https:\/\/delcofoundation.org\/es\/wp-json\/wp\/v2\/pages\/5186","targetHints":{"allow":["GET"]}}],"collection":[{"href":"https:\/\/delcofoundation.org\/es\/wp-json\/wp\/v2\/pages"}],"about":[{"href":"https:\/\/delcofoundation.org\/es\/wp-json\/wp\/v2\/types\/page"}],"author":[{"embeddable":true,"href":"https:\/\/delcofoundation.org\/es\/wp-json\/wp\/v2\/users\/5"}],"replies":[{"embeddable":true,"href":"https:\/\/delcofoundation.org\/es\/wp-json\/wp\/v2\/comments?post=5186"}],"version-history":[{"count":1,"href":"https:\/\/delcofoundation.org\/es\/wp-json\/wp\/v2\/pages\/5186\/revisions"}],"predecessor-version":[{"id":6188,"href":"https:\/\/delcofoundation.org\/es\/wp-json\/wp\/v2\/pages\/5186\/revisions\/6188"}],"wp:attachment":[{"href":"https:\/\/delcofoundation.org\/es\/wp-json\/wp\/v2\/media?parent=5186"}],"curies":[{"name":"wp","href":"https:\/\/api.w.org\/{rel}","templated":true}]}}