{"id":5168,"date":"2021-07-28T19:15:53","date_gmt":"2021-07-28T19:15:53","guid":{"rendered":"https:\/\/delcofoundation.org\/solicitar-ayuda\/"},"modified":"2024-06-20T19:03:09","modified_gmt":"2024-06-20T19:03:09","slug":"solicitar-ayuda","status":"publish","type":"page","link":"https:\/\/delcofoundation.org\/es\/programas-comunitarios\/solicitar-ayuda\/","title":{"rendered":"Solicitar ayuda"},"content":{"rendered":"","protected":false},"excerpt":{"rendered":"","protected":false},"author":5,"featured_media":0,"parent":5186,"menu_order":0,"comment_status":"closed","ping_status":"closed","template":"page-templates\/content-modules.php","meta":{"_acf_changed":false,"inline_featured_image":false,"footnotes":""},"class_list":["post-5168","page","type-page","status-publish","hentry"],"acf":[],"yoast_head":"<!-- This site is optimized with the Yoast SEO plugin v26.7 - https:\/\/yoast.com\/wordpress\/plugins\/seo\/ -->\n<title>Solicitar ayuda - The Foundation for Delaware County<\/title>\n<meta name=\"description\" content=\"La fundaci\u00f3n ofrece servicios de apoyo adicionales destinados a atender a los residentes de la comunidad del condado de Delaware, como un Centro de Recursos Sanitarios en el Instituto Chester Upland, recursos de apoyo a la vivienda permanente, segura y saludable, apoyo jur\u00eddico civil para los participantes en el programa, un programa de tratamiento a domicilio para tratar el Trastorno Depresivo Mayor, un programa educativo sobre el sue\u00f1o seguro y mucho m\u00e1s. Consulta la informaci\u00f3n general de nuestros programas, visita nuestros programas comunitarios y Salud P\u00fablica   P\u00e1gina de Programas e Iniciativas para saber m\u00e1s, y ponte en contacto con nuestro personal si necesitas ayuda.\" \/>\n<meta name=\"robots\" content=\"index, follow, max-snippet:-1, max-image-preview:large, max-video-preview:-1\" \/>\n<link rel=\"canonical\" href=\"https:\/\/delcofoundation.org\/es\/programas-comunitarios\/solicitar-ayuda\/\" \/>\n<meta property=\"og:locale\" content=\"es_ES\" \/>\n<meta property=\"og:type\" content=\"article\" \/>\n<meta property=\"og:title\" content=\"Solicitar ayuda - The Foundation for Delaware County\" \/>\n<meta property=\"og:url\" content=\"https:\/\/delcofoundation.org\/es\/programas-comunitarios\/solicitar-ayuda\/\" \/>\n<meta property=\"og:site_name\" content=\"The Foundation for Delaware County\" \/>\n<meta property=\"article:modified_time\" content=\"2024-06-20T19:03:09+00:00\" \/>\n<meta property=\"og:image\" content=\"https:\/\/delcofoundation.org\/app\/uploads\/2021\/10\/320_FDC-Annual-21-e1631905307293.jpg\" \/>\n\t<meta property=\"og:image:width\" content=\"1950\" \/>\n\t<meta property=\"og:image:height\" content=\"1150\" \/>\n\t<meta property=\"og:image:type\" content=\"image\/jpeg\" \/>\n<meta name=\"twitter:card\" content=\"summary_large_image\" \/>\n<script type=\"application\/ld+json\" class=\"yoast-schema-graph\">{\"@context\":\"https:\/\/schema.org\",\"@graph\":[{\"@type\":\"WebPage\",\"@id\":\"https:\/\/delcofoundation.org\/es\/programas-comunitarios\/solicitar-ayuda\/\",\"url\":\"https:\/\/delcofoundation.org\/es\/programas-comunitarios\/solicitar-ayuda\/\",\"name\":\"Solicitar ayuda - The Foundation for Delaware County\",\"isPartOf\":{\"@id\":\"https:\/\/delcofoundation.org\/es\/#website\"},\"datePublished\":\"2021-07-28T19:15:53+00:00\",\"dateModified\":\"2024-06-20T19:03:09+00:00\",\"breadcrumb\":{\"@id\":\"https:\/\/delcofoundation.org\/es\/programas-comunitarios\/solicitar-ayuda\/#breadcrumb\"},\"inLanguage\":\"es-ES\",\"potentialAction\":[{\"@type\":\"ReadAction\",\"target\":[\"https:\/\/delcofoundation.org\/es\/programas-comunitarios\/solicitar-ayuda\/\"]}]},{\"@type\":\"BreadcrumbList\",\"@id\":\"https:\/\/delcofoundation.org\/es\/programas-comunitarios\/solicitar-ayuda\/#breadcrumb\",\"itemListElement\":[{\"@type\":\"ListItem\",\"position\":1,\"name\":\"Home\",\"item\":\"https:\/\/delcofoundation.org\/es\/\"},{\"@type\":\"ListItem\",\"position\":2,\"name\":\"Programas comunitarios\",\"item\":\"https:\/\/delcofoundation.org\/es\/programas-comunitarios\/\"},{\"@type\":\"ListItem\",\"position\":3,\"name\":\"Solicitar ayuda\"}]},{\"@type\":\"WebSite\",\"@id\":\"https:\/\/delcofoundation.org\/es\/#website\",\"url\":\"https:\/\/delcofoundation.org\/es\/\",\"name\":\"The Foundation for Delaware County\",\"description\":\"\",\"publisher\":{\"@id\":\"https:\/\/delcofoundation.org\/es\/#organization\"},\"potentialAction\":[{\"@type\":\"SearchAction\",\"target\":{\"@type\":\"EntryPoint\",\"urlTemplate\":\"https:\/\/delcofoundation.org\/es\/?s={search_term_string}\"},\"query-input\":{\"@type\":\"PropertyValueSpecification\",\"valueRequired\":true,\"valueName\":\"search_term_string\"}}],\"inLanguage\":\"es-ES\"},{\"@type\":\"Organization\",\"@id\":\"https:\/\/delcofoundation.org\/es\/#organization\",\"name\":\"The Foundation for Delaware County\",\"url\":\"https:\/\/delcofoundation.org\/es\/\",\"logo\":{\"@type\":\"ImageObject\",\"inLanguage\":\"es-ES\",\"@id\":\"https:\/\/delcofoundation.org\/es\/#\/schema\/logo\/image\/\",\"url\":\"\",\"contentUrl\":\"\",\"caption\":\"The Foundation for Delaware County\"},\"image\":{\"@id\":\"https:\/\/delcofoundation.org\/es\/#\/schema\/logo\/image\/\"}}]}<\/script>\n<!-- \/ Yoast SEO plugin. -->","yoast_head_json":{"title":"Solicitar ayuda - The Foundation for Delaware County","description":"La fundaci\u00f3n ofrece servicios de apoyo adicionales destinados a atender a los residentes de la comunidad del condado de Delaware, como un Centro de Recursos Sanitarios en el Instituto Chester Upland, recursos de apoyo a la vivienda permanente, segura y saludable, apoyo jur\u00eddico civil para los participantes en el programa, un programa de tratamiento a domicilio para tratar el Trastorno Depresivo Mayor, un programa educativo sobre el sue\u00f1o seguro y mucho m\u00e1s. Consulta la informaci\u00f3n general de nuestros programas, visita nuestros programas comunitarios y Salud P\u00fablica   P\u00e1gina de Programas e Iniciativas para saber m\u00e1s, y ponte en contacto con nuestro personal si necesitas ayuda.","robots":{"index":"index","follow":"follow","max-snippet":"max-snippet:-1","max-image-preview":"max-image-preview:large","max-video-preview":"max-video-preview:-1"},"canonical":"https:\/\/delcofoundation.org\/es\/programas-comunitarios\/solicitar-ayuda\/","og_locale":"es_ES","og_type":"article","og_title":"Solicitar ayuda - The Foundation for Delaware County","og_url":"https:\/\/delcofoundation.org\/es\/programas-comunitarios\/solicitar-ayuda\/","og_site_name":"The Foundation for Delaware County","article_modified_time":"2024-06-20T19:03:09+00:00","og_image":[{"width":1950,"height":1150,"url":"https:\/\/delcofoundation.org\/app\/uploads\/2021\/10\/320_FDC-Annual-21-e1631905307293.jpg","type":"image\/jpeg"}],"twitter_card":"summary_large_image","schema":{"@context":"https:\/\/schema.org","@graph":[{"@type":"WebPage","@id":"https:\/\/delcofoundation.org\/es\/programas-comunitarios\/solicitar-ayuda\/","url":"https:\/\/delcofoundation.org\/es\/programas-comunitarios\/solicitar-ayuda\/","name":"Solicitar ayuda - The Foundation for Delaware County","isPartOf":{"@id":"https:\/\/delcofoundation.org\/es\/#website"},"datePublished":"2021-07-28T19:15:53+00:00","dateModified":"2024-06-20T19:03:09+00:00","breadcrumb":{"@id":"https:\/\/delcofoundation.org\/es\/programas-comunitarios\/solicitar-ayuda\/#breadcrumb"},"inLanguage":"es-ES","potentialAction":[{"@type":"ReadAction","target":["https:\/\/delcofoundation.org\/es\/programas-comunitarios\/solicitar-ayuda\/"]}]},{"@type":"BreadcrumbList","@id":"https:\/\/delcofoundation.org\/es\/programas-comunitarios\/solicitar-ayuda\/#breadcrumb","itemListElement":[{"@type":"ListItem","position":1,"name":"Home","item":"https:\/\/delcofoundation.org\/es\/"},{"@type":"ListItem","position":2,"name":"Programas comunitarios","item":"https:\/\/delcofoundation.org\/es\/programas-comunitarios\/"},{"@type":"ListItem","position":3,"name":"Solicitar ayuda"}]},{"@type":"WebSite","@id":"https:\/\/delcofoundation.org\/es\/#website","url":"https:\/\/delcofoundation.org\/es\/","name":"The Foundation for Delaware County","description":"","publisher":{"@id":"https:\/\/delcofoundation.org\/es\/#organization"},"potentialAction":[{"@type":"SearchAction","target":{"@type":"EntryPoint","urlTemplate":"https:\/\/delcofoundation.org\/es\/?s={search_term_string}"},"query-input":{"@type":"PropertyValueSpecification","valueRequired":true,"valueName":"search_term_string"}}],"inLanguage":"es-ES"},{"@type":"Organization","@id":"https:\/\/delcofoundation.org\/es\/#organization","name":"The Foundation for Delaware County","url":"https:\/\/delcofoundation.org\/es\/","logo":{"@type":"ImageObject","inLanguage":"es-ES","@id":"https:\/\/delcofoundation.org\/es\/#\/schema\/logo\/image\/","url":"","contentUrl":"","caption":"The Foundation for Delaware County"},"image":{"@id":"https:\/\/delcofoundation.org\/es\/#\/schema\/logo\/image\/"}}]}},"_links":{"self":[{"href":"https:\/\/delcofoundation.org\/es\/wp-json\/wp\/v2\/pages\/5168","targetHints":{"allow":["GET"]}}],"collection":[{"href":"https:\/\/delcofoundation.org\/es\/wp-json\/wp\/v2\/pages"}],"about":[{"href":"https:\/\/delcofoundation.org\/es\/wp-json\/wp\/v2\/types\/page"}],"author":[{"embeddable":true,"href":"https:\/\/delcofoundation.org\/es\/wp-json\/wp\/v2\/users\/5"}],"replies":[{"embeddable":true,"href":"https:\/\/delcofoundation.org\/es\/wp-json\/wp\/v2\/comments?post=5168"}],"version-history":[{"count":1,"href":"https:\/\/delcofoundation.org\/es\/wp-json\/wp\/v2\/pages\/5168\/revisions"}],"predecessor-version":[{"id":5187,"href":"https:\/\/delcofoundation.org\/es\/wp-json\/wp\/v2\/pages\/5168\/revisions\/5187"}],"up":[{"embeddable":true,"href":"https:\/\/delcofoundation.org\/es\/wp-json\/wp\/v2\/pages\/5186"}],"wp:attachment":[{"href":"https:\/\/delcofoundation.org\/es\/wp-json\/wp\/v2\/media?parent=5168"}],"curies":[{"name":"wp","href":"https:\/\/api.w.org\/{rel}","templated":true}]}}