{"id":5167,"date":"2021-08-03T13:54:53","date_gmt":"2021-08-03T13:54:53","guid":{"rendered":"https:\/\/delcofoundation.org\/quienes-somos\/informacion-financiera\/"},"modified":"2026-03-31T21:13:48","modified_gmt":"2026-03-31T21:13:48","slug":"informacion-financiera","status":"publish","type":"page","link":"https:\/\/delcofoundation.org\/es\/quienes-somos\/informacion-financiera\/","title":{"rendered":"Informaci\u00f3n financiera"},"content":{"rendered":"","protected":false},"excerpt":{"rendered":"","protected":false},"author":5,"featured_media":0,"parent":5164,"menu_order":0,"comment_status":"closed","ping_status":"closed","template":"page-templates\/content-modules.php","meta":{"_acf_changed":false,"inline_featured_image":false,"footnotes":""},"class_list":["post-5167","page","type-page","status-publish","hentry"],"acf":[],"yoast_head":"<!-- This site is optimized with the Yoast SEO plugin v26.7 - https:\/\/yoast.com\/wordpress\/plugins\/seo\/ -->\n<title>Informaci\u00f3n financiera - The Foundation for Delaware County<\/title>\n<meta name=\"description\" content=\"Nuestra estrategia de inversi\u00f3n se centra en buscar el mejor rendimiento posible ajustado al riesgo. Lo conseguimos maximizando los d\u00f3lares disponibles para financiar el trabajo cr\u00edtico en nuestro condado ahora mismo, a la vez que administramos y aumentamos prudentemente los recursos para mantener una fuente de capital filantr\u00f3pico que satisfaga las necesidades emergentes en el futuro.\nSeguimos comprometidos con la administraci\u00f3n responsable, la transparencia y la responsabilidad p\u00fablica en todo lo que hacemos. Nuestros gestores profesionales de inversiones se re\u00fanen al menos trimestralmente con el Comit\u00e9 de Inversiones de la fundaci\u00f3n para evaluar el rendimiento y ajustar los planteamientos estrat\u00e9gicos seg\u00fan sea necesario.\nNuestro Comit\u00e9 Financiero supervisa trimestralmente el progreso financiero, y revisa y recomienda al consejo un presupuesto anual que se ha cumplido y de hecho superado en cada uno de los cinco a\u00f1os de funcionamiento de la fundaci\u00f3n. Un Comit\u00e9 de Auditor\u00eda supervisa el trabajo del auditor independiente de la fundaci\u00f3n, y todas las auditor\u00edas y declaraciones fiscales 990 del IRS est\u00e1n disponibles para que las revises a continuaci\u00f3n.\nLa fundaci\u00f3n invierte todas sus inversiones en acciones y una parte de sus inversiones en renta fija en un men\u00fa de fondos medioambientales, sociales y de gobierno corporativo (ESG) para alinear nuestra estrategia de inversi\u00f3n con la misi\u00f3n general de la fundaci\u00f3n.\" \/>\n<meta name=\"robots\" content=\"index, follow, max-snippet:-1, max-image-preview:large, max-video-preview:-1\" \/>\n<link rel=\"canonical\" href=\"https:\/\/delcofoundation.org\/es\/quienes-somos\/informacion-financiera\/\" \/>\n<meta property=\"og:locale\" content=\"es_ES\" \/>\n<meta property=\"og:type\" content=\"article\" \/>\n<meta property=\"og:title\" content=\"Informaci\u00f3n financiera - The Foundation for Delaware County\" \/>\n<meta property=\"og:url\" content=\"https:\/\/delcofoundation.org\/es\/quienes-somos\/informacion-financiera\/\" \/>\n<meta property=\"og:site_name\" content=\"The Foundation for Delaware County\" \/>\n<meta property=\"article:modified_time\" content=\"2026-03-31T21:13:48+00:00\" \/>\n<meta property=\"og:image\" content=\"https:\/\/delcofoundation.org\/app\/uploads\/2021\/10\/320_FDC-Annual-21-e1631905307293.jpg\" \/>\n\t<meta property=\"og:image:width\" content=\"1950\" \/>\n\t<meta property=\"og:image:height\" content=\"1150\" \/>\n\t<meta property=\"og:image:type\" content=\"image\/jpeg\" \/>\n<meta name=\"twitter:card\" content=\"summary_large_image\" \/>\n<script type=\"application\/ld+json\" class=\"yoast-schema-graph\">{\"@context\":\"https:\/\/schema.org\",\"@graph\":[{\"@type\":\"WebPage\",\"@id\":\"https:\/\/delcofoundation.org\/es\/quienes-somos\/informacion-financiera\/\",\"url\":\"https:\/\/delcofoundation.org\/es\/quienes-somos\/informacion-financiera\/\",\"name\":\"Informaci\u00f3n financiera - The Foundation for Delaware County\",\"isPartOf\":{\"@id\":\"https:\/\/delcofoundation.org\/es\/#website\"},\"datePublished\":\"2021-08-03T13:54:53+00:00\",\"dateModified\":\"2026-03-31T21:13:48+00:00\",\"breadcrumb\":{\"@id\":\"https:\/\/delcofoundation.org\/es\/quienes-somos\/informacion-financiera\/#breadcrumb\"},\"inLanguage\":\"es-ES\",\"potentialAction\":[{\"@type\":\"ReadAction\",\"target\":[\"https:\/\/delcofoundation.org\/es\/quienes-somos\/informacion-financiera\/\"]}]},{\"@type\":\"BreadcrumbList\",\"@id\":\"https:\/\/delcofoundation.org\/es\/quienes-somos\/informacion-financiera\/#breadcrumb\",\"itemListElement\":[{\"@type\":\"ListItem\",\"position\":1,\"name\":\"Home\",\"item\":\"https:\/\/delcofoundation.org\/es\/\"},{\"@type\":\"ListItem\",\"position\":2,\"name\":\"Qui\u00e9nes somos\",\"item\":\"https:\/\/delcofoundation.org\/es\/quienes-somos\/\"},{\"@type\":\"ListItem\",\"position\":3,\"name\":\"Informaci\u00f3n financiera\"}]},{\"@type\":\"WebSite\",\"@id\":\"https:\/\/delcofoundation.org\/es\/#website\",\"url\":\"https:\/\/delcofoundation.org\/es\/\",\"name\":\"The Foundation for Delaware County\",\"description\":\"\",\"publisher\":{\"@id\":\"https:\/\/delcofoundation.org\/es\/#organization\"},\"potentialAction\":[{\"@type\":\"SearchAction\",\"target\":{\"@type\":\"EntryPoint\",\"urlTemplate\":\"https:\/\/delcofoundation.org\/es\/?s={search_term_string}\"},\"query-input\":{\"@type\":\"PropertyValueSpecification\",\"valueRequired\":true,\"valueName\":\"search_term_string\"}}],\"inLanguage\":\"es-ES\"},{\"@type\":\"Organization\",\"@id\":\"https:\/\/delcofoundation.org\/es\/#organization\",\"name\":\"The Foundation for Delaware County\",\"url\":\"https:\/\/delcofoundation.org\/es\/\",\"logo\":{\"@type\":\"ImageObject\",\"inLanguage\":\"es-ES\",\"@id\":\"https:\/\/delcofoundation.org\/es\/#\/schema\/logo\/image\/\",\"url\":\"\",\"contentUrl\":\"\",\"caption\":\"The Foundation for Delaware County\"},\"image\":{\"@id\":\"https:\/\/delcofoundation.org\/es\/#\/schema\/logo\/image\/\"}}]}<\/script>\n<!-- \/ Yoast SEO plugin. -->","yoast_head_json":{"title":"Informaci\u00f3n financiera - The Foundation for Delaware County","description":"Nuestra estrategia de inversi\u00f3n se centra en buscar el mejor rendimiento posible ajustado al riesgo. Lo conseguimos maximizando los d\u00f3lares disponibles para financiar el trabajo cr\u00edtico en nuestro condado ahora mismo, a la vez que administramos y aumentamos prudentemente los recursos para mantener una fuente de capital filantr\u00f3pico que satisfaga las necesidades emergentes en el futuro.\nSeguimos comprometidos con la administraci\u00f3n responsable, la transparencia y la responsabilidad p\u00fablica en todo lo que hacemos. Nuestros gestores profesionales de inversiones se re\u00fanen al menos trimestralmente con el Comit\u00e9 de Inversiones de la fundaci\u00f3n para evaluar el rendimiento y ajustar los planteamientos estrat\u00e9gicos seg\u00fan sea necesario.\nNuestro Comit\u00e9 Financiero supervisa trimestralmente el progreso financiero, y revisa y recomienda al consejo un presupuesto anual que se ha cumplido y de hecho superado en cada uno de los cinco a\u00f1os de funcionamiento de la fundaci\u00f3n. Un Comit\u00e9 de Auditor\u00eda supervisa el trabajo del auditor independiente de la fundaci\u00f3n, y todas las auditor\u00edas y declaraciones fiscales 990 del IRS est\u00e1n disponibles para que las revises a continuaci\u00f3n.\nLa fundaci\u00f3n invierte todas sus inversiones en acciones y una parte de sus inversiones en renta fija en un men\u00fa de fondos medioambientales, sociales y de gobierno corporativo (ESG) para alinear nuestra estrategia de inversi\u00f3n con la misi\u00f3n general de la fundaci\u00f3n.","robots":{"index":"index","follow":"follow","max-snippet":"max-snippet:-1","max-image-preview":"max-image-preview:large","max-video-preview":"max-video-preview:-1"},"canonical":"https:\/\/delcofoundation.org\/es\/quienes-somos\/informacion-financiera\/","og_locale":"es_ES","og_type":"article","og_title":"Informaci\u00f3n financiera - The Foundation for Delaware County","og_url":"https:\/\/delcofoundation.org\/es\/quienes-somos\/informacion-financiera\/","og_site_name":"The Foundation for Delaware County","article_modified_time":"2026-03-31T21:13:48+00:00","og_image":[{"width":1950,"height":1150,"url":"https:\/\/delcofoundation.org\/app\/uploads\/2021\/10\/320_FDC-Annual-21-e1631905307293.jpg","type":"image\/jpeg"}],"twitter_card":"summary_large_image","schema":{"@context":"https:\/\/schema.org","@graph":[{"@type":"WebPage","@id":"https:\/\/delcofoundation.org\/es\/quienes-somos\/informacion-financiera\/","url":"https:\/\/delcofoundation.org\/es\/quienes-somos\/informacion-financiera\/","name":"Informaci\u00f3n financiera - The Foundation for Delaware County","isPartOf":{"@id":"https:\/\/delcofoundation.org\/es\/#website"},"datePublished":"2021-08-03T13:54:53+00:00","dateModified":"2026-03-31T21:13:48+00:00","breadcrumb":{"@id":"https:\/\/delcofoundation.org\/es\/quienes-somos\/informacion-financiera\/#breadcrumb"},"inLanguage":"es-ES","potentialAction":[{"@type":"ReadAction","target":["https:\/\/delcofoundation.org\/es\/quienes-somos\/informacion-financiera\/"]}]},{"@type":"BreadcrumbList","@id":"https:\/\/delcofoundation.org\/es\/quienes-somos\/informacion-financiera\/#breadcrumb","itemListElement":[{"@type":"ListItem","position":1,"name":"Home","item":"https:\/\/delcofoundation.org\/es\/"},{"@type":"ListItem","position":2,"name":"Qui\u00e9nes somos","item":"https:\/\/delcofoundation.org\/es\/quienes-somos\/"},{"@type":"ListItem","position":3,"name":"Informaci\u00f3n financiera"}]},{"@type":"WebSite","@id":"https:\/\/delcofoundation.org\/es\/#website","url":"https:\/\/delcofoundation.org\/es\/","name":"The Foundation for Delaware County","description":"","publisher":{"@id":"https:\/\/delcofoundation.org\/es\/#organization"},"potentialAction":[{"@type":"SearchAction","target":{"@type":"EntryPoint","urlTemplate":"https:\/\/delcofoundation.org\/es\/?s={search_term_string}"},"query-input":{"@type":"PropertyValueSpecification","valueRequired":true,"valueName":"search_term_string"}}],"inLanguage":"es-ES"},{"@type":"Organization","@id":"https:\/\/delcofoundation.org\/es\/#organization","name":"The Foundation for Delaware County","url":"https:\/\/delcofoundation.org\/es\/","logo":{"@type":"ImageObject","inLanguage":"es-ES","@id":"https:\/\/delcofoundation.org\/es\/#\/schema\/logo\/image\/","url":"","contentUrl":"","caption":"The Foundation for Delaware County"},"image":{"@id":"https:\/\/delcofoundation.org\/es\/#\/schema\/logo\/image\/"}}]}},"_links":{"self":[{"href":"https:\/\/delcofoundation.org\/es\/wp-json\/wp\/v2\/pages\/5167","targetHints":{"allow":["GET"]}}],"collection":[{"href":"https:\/\/delcofoundation.org\/es\/wp-json\/wp\/v2\/pages"}],"about":[{"href":"https:\/\/delcofoundation.org\/es\/wp-json\/wp\/v2\/types\/page"}],"author":[{"embeddable":true,"href":"https:\/\/delcofoundation.org\/es\/wp-json\/wp\/v2\/users\/5"}],"replies":[{"embeddable":true,"href":"https:\/\/delcofoundation.org\/es\/wp-json\/wp\/v2\/comments?post=5167"}],"version-history":[{"count":1,"href":"https:\/\/delcofoundation.org\/es\/wp-json\/wp\/v2\/pages\/5167\/revisions"}],"predecessor-version":[{"id":6136,"href":"https:\/\/delcofoundation.org\/es\/wp-json\/wp\/v2\/pages\/5167\/revisions\/6136"}],"up":[{"embeddable":true,"href":"https:\/\/delcofoundation.org\/es\/wp-json\/wp\/v2\/pages\/5164"}],"wp:attachment":[{"href":"https:\/\/delcofoundation.org\/es\/wp-json\/wp\/v2\/media?parent=5167"}],"curies":[{"name":"wp","href":"https:\/\/api.w.org\/{rel}","templated":true}]}}