{"id":5165,"date":"2021-08-03T13:53:07","date_gmt":"2021-08-03T13:53:07","guid":{"rendered":"https:\/\/delcofoundation.org\/quienes-somos\/nuestra-historia\/"},"modified":"2024-06-20T18:54:24","modified_gmt":"2024-06-20T18:54:24","slug":"nuestra-historia","status":"publish","type":"page","link":"https:\/\/delcofoundation.org\/es\/quienes-somos\/nuestra-historia\/","title":{"rendered":"Nuestra historia"},"content":{"rendered":"","protected":false},"excerpt":{"rendered":"","protected":false},"author":5,"featured_media":0,"parent":5164,"menu_order":0,"comment_status":"closed","ping_status":"closed","template":"page-templates\/content-modules.php","meta":{"_acf_changed":false,"inline_featured_image":false,"footnotes":""},"class_list":["post-5165","page","type-page","status-publish","hentry"],"acf":[],"yoast_head":"<!-- This site is optimized with the Yoast SEO plugin v26.7 - https:\/\/yoast.com\/wordpress\/plugins\/seo\/ -->\n<title>Nuestra historia - The Foundation for Delaware County<\/title>\n<meta name=\"description\" content=\"Nuestras ra\u00edces en el condado de Delaware son profundas. Nuestra historia se remonta al Sistema Sanitario Crozer-Keystone, sin \u00e1nimo de lucro, y a sus hospitales afiliados, que en conjunto prestaron servicio a nuestra comunidad durante m\u00e1s de un siglo. Cuando Prospect Medical Holdings Inc. adquiri\u00f3 Crozer-Keystone en 2016, el sistema sanitario dej\u00f3 de considerarse una organizaci\u00f3n sin \u00e1nimo de lucro, y la ley federal exigi\u00f3 que los activos sin \u00e1nimo de lucro de la entidad original se apartaran en una organizaci\u00f3n ben\u00e9fica totalmente separada e independiente. Esto allan\u00f3 el camino para nuestra apertura como la mayor fundaci\u00f3n comunitaria del condado de Delaware el 1 de julio de 2016.\nDesde entonces, la fundaci\u00f3n ha concedido m\u00e1s de 12 millones de d\u00f3lares en subvenciones, becas y ayudas ben\u00e9ficas. Adem\u00e1s, nuestros programas sanitarios comunitarios han prestado servicios de apoyo directo a m\u00e1s de 8.000 clientes cada a\u00f1o. Nos hemos forjado una reputaci\u00f3n de l\u00edderes comunitarios dinamizando la participaci\u00f3n y las asociaciones en todas nuestras comunidades, abordando problemas cr\u00edticos de calidad de vida y proporcionando recursos significativos a las organizaciones sin \u00e1nimo de lucro y a los donantes.\nEn este breve periodo de tiempo, hemos definido el papel \u00fanico que desempe\u00f1amos como l\u00edderes en el condado de Delaware y seguimos evolucionando junto a nuevas oportunidades para ampliar nuestro impacto. La Fundaci\u00f3n para el Condado de Delaware se compromete a trabajar con ingenio en beneficio de los habitantes de nuestro condado, al tiempo que promueve la equidad sanitaria y defiende la colaboraci\u00f3n. Entendemos el poder que reside en la asociaci\u00f3n y esperamos que te unas a nosotros para hacer avanzar el condado de Delaware.\" \/>\n<meta name=\"robots\" content=\"index, follow, max-snippet:-1, max-image-preview:large, max-video-preview:-1\" \/>\n<link rel=\"canonical\" href=\"https:\/\/delcofoundation.org\/es\/quienes-somos\/nuestra-historia\/\" \/>\n<meta property=\"og:locale\" content=\"es_ES\" \/>\n<meta property=\"og:type\" content=\"article\" \/>\n<meta property=\"og:title\" content=\"Nuestra historia - The Foundation for Delaware County\" \/>\n<meta property=\"og:url\" content=\"https:\/\/delcofoundation.org\/es\/quienes-somos\/nuestra-historia\/\" \/>\n<meta property=\"og:site_name\" content=\"The Foundation for Delaware County\" \/>\n<meta property=\"article:modified_time\" content=\"2024-06-20T18:54:24+00:00\" \/>\n<meta property=\"og:image\" content=\"https:\/\/delcofoundation.org\/app\/uploads\/2021\/10\/320_FDC-Annual-21-e1631905307293.jpg\" \/>\n\t<meta property=\"og:image:width\" content=\"1950\" \/>\n\t<meta property=\"og:image:height\" content=\"1150\" \/>\n\t<meta property=\"og:image:type\" content=\"image\/jpeg\" \/>\n<meta name=\"twitter:card\" content=\"summary_large_image\" \/>\n<script type=\"application\/ld+json\" class=\"yoast-schema-graph\">{\"@context\":\"https:\/\/schema.org\",\"@graph\":[{\"@type\":\"WebPage\",\"@id\":\"https:\/\/delcofoundation.org\/es\/quienes-somos\/nuestra-historia\/\",\"url\":\"https:\/\/delcofoundation.org\/es\/quienes-somos\/nuestra-historia\/\",\"name\":\"Nuestra historia - The Foundation for Delaware County\",\"isPartOf\":{\"@id\":\"https:\/\/delcofoundation.org\/es\/#website\"},\"datePublished\":\"2021-08-03T13:53:07+00:00\",\"dateModified\":\"2024-06-20T18:54:24+00:00\",\"breadcrumb\":{\"@id\":\"https:\/\/delcofoundation.org\/es\/quienes-somos\/nuestra-historia\/#breadcrumb\"},\"inLanguage\":\"es-ES\",\"potentialAction\":[{\"@type\":\"ReadAction\",\"target\":[\"https:\/\/delcofoundation.org\/es\/quienes-somos\/nuestra-historia\/\"]}]},{\"@type\":\"BreadcrumbList\",\"@id\":\"https:\/\/delcofoundation.org\/es\/quienes-somos\/nuestra-historia\/#breadcrumb\",\"itemListElement\":[{\"@type\":\"ListItem\",\"position\":1,\"name\":\"Home\",\"item\":\"https:\/\/delcofoundation.org\/es\/\"},{\"@type\":\"ListItem\",\"position\":2,\"name\":\"Qui\u00e9nes somos\",\"item\":\"https:\/\/delcofoundation.org\/es\/quienes-somos\/\"},{\"@type\":\"ListItem\",\"position\":3,\"name\":\"Nuestra historia\"}]},{\"@type\":\"WebSite\",\"@id\":\"https:\/\/delcofoundation.org\/es\/#website\",\"url\":\"https:\/\/delcofoundation.org\/es\/\",\"name\":\"The Foundation for Delaware County\",\"description\":\"\",\"publisher\":{\"@id\":\"https:\/\/delcofoundation.org\/es\/#organization\"},\"potentialAction\":[{\"@type\":\"SearchAction\",\"target\":{\"@type\":\"EntryPoint\",\"urlTemplate\":\"https:\/\/delcofoundation.org\/es\/?s={search_term_string}\"},\"query-input\":{\"@type\":\"PropertyValueSpecification\",\"valueRequired\":true,\"valueName\":\"search_term_string\"}}],\"inLanguage\":\"es-ES\"},{\"@type\":\"Organization\",\"@id\":\"https:\/\/delcofoundation.org\/es\/#organization\",\"name\":\"The Foundation for Delaware County\",\"url\":\"https:\/\/delcofoundation.org\/es\/\",\"logo\":{\"@type\":\"ImageObject\",\"inLanguage\":\"es-ES\",\"@id\":\"https:\/\/delcofoundation.org\/es\/#\/schema\/logo\/image\/\",\"url\":\"\",\"contentUrl\":\"\",\"caption\":\"The Foundation for Delaware County\"},\"image\":{\"@id\":\"https:\/\/delcofoundation.org\/es\/#\/schema\/logo\/image\/\"}}]}<\/script>\n<!-- \/ Yoast SEO plugin. -->","yoast_head_json":{"title":"Nuestra historia - The Foundation for Delaware County","description":"Nuestras ra\u00edces en el condado de Delaware son profundas. Nuestra historia se remonta al Sistema Sanitario Crozer-Keystone, sin \u00e1nimo de lucro, y a sus hospitales afiliados, que en conjunto prestaron servicio a nuestra comunidad durante m\u00e1s de un siglo. Cuando Prospect Medical Holdings Inc. adquiri\u00f3 Crozer-Keystone en 2016, el sistema sanitario dej\u00f3 de considerarse una organizaci\u00f3n sin \u00e1nimo de lucro, y la ley federal exigi\u00f3 que los activos sin \u00e1nimo de lucro de la entidad original se apartaran en una organizaci\u00f3n ben\u00e9fica totalmente separada e independiente. Esto allan\u00f3 el camino para nuestra apertura como la mayor fundaci\u00f3n comunitaria del condado de Delaware el 1 de julio de 2016.\nDesde entonces, la fundaci\u00f3n ha concedido m\u00e1s de 12 millones de d\u00f3lares en subvenciones, becas y ayudas ben\u00e9ficas. Adem\u00e1s, nuestros programas sanitarios comunitarios han prestado servicios de apoyo directo a m\u00e1s de 8.000 clientes cada a\u00f1o. Nos hemos forjado una reputaci\u00f3n de l\u00edderes comunitarios dinamizando la participaci\u00f3n y las asociaciones en todas nuestras comunidades, abordando problemas cr\u00edticos de calidad de vida y proporcionando recursos significativos a las organizaciones sin \u00e1nimo de lucro y a los donantes.\nEn este breve periodo de tiempo, hemos definido el papel \u00fanico que desempe\u00f1amos como l\u00edderes en el condado de Delaware y seguimos evolucionando junto a nuevas oportunidades para ampliar nuestro impacto. La Fundaci\u00f3n para el Condado de Delaware se compromete a trabajar con ingenio en beneficio de los habitantes de nuestro condado, al tiempo que promueve la equidad sanitaria y defiende la colaboraci\u00f3n. Entendemos el poder que reside en la asociaci\u00f3n y esperamos que te unas a nosotros para hacer avanzar el condado de Delaware.","robots":{"index":"index","follow":"follow","max-snippet":"max-snippet:-1","max-image-preview":"max-image-preview:large","max-video-preview":"max-video-preview:-1"},"canonical":"https:\/\/delcofoundation.org\/es\/quienes-somos\/nuestra-historia\/","og_locale":"es_ES","og_type":"article","og_title":"Nuestra historia - The Foundation for Delaware County","og_url":"https:\/\/delcofoundation.org\/es\/quienes-somos\/nuestra-historia\/","og_site_name":"The Foundation for Delaware County","article_modified_time":"2024-06-20T18:54:24+00:00","og_image":[{"width":1950,"height":1150,"url":"https:\/\/delcofoundation.org\/app\/uploads\/2021\/10\/320_FDC-Annual-21-e1631905307293.jpg","type":"image\/jpeg"}],"twitter_card":"summary_large_image","schema":{"@context":"https:\/\/schema.org","@graph":[{"@type":"WebPage","@id":"https:\/\/delcofoundation.org\/es\/quienes-somos\/nuestra-historia\/","url":"https:\/\/delcofoundation.org\/es\/quienes-somos\/nuestra-historia\/","name":"Nuestra historia - The Foundation for Delaware County","isPartOf":{"@id":"https:\/\/delcofoundation.org\/es\/#website"},"datePublished":"2021-08-03T13:53:07+00:00","dateModified":"2024-06-20T18:54:24+00:00","breadcrumb":{"@id":"https:\/\/delcofoundation.org\/es\/quienes-somos\/nuestra-historia\/#breadcrumb"},"inLanguage":"es-ES","potentialAction":[{"@type":"ReadAction","target":["https:\/\/delcofoundation.org\/es\/quienes-somos\/nuestra-historia\/"]}]},{"@type":"BreadcrumbList","@id":"https:\/\/delcofoundation.org\/es\/quienes-somos\/nuestra-historia\/#breadcrumb","itemListElement":[{"@type":"ListItem","position":1,"name":"Home","item":"https:\/\/delcofoundation.org\/es\/"},{"@type":"ListItem","position":2,"name":"Qui\u00e9nes somos","item":"https:\/\/delcofoundation.org\/es\/quienes-somos\/"},{"@type":"ListItem","position":3,"name":"Nuestra historia"}]},{"@type":"WebSite","@id":"https:\/\/delcofoundation.org\/es\/#website","url":"https:\/\/delcofoundation.org\/es\/","name":"The Foundation for Delaware County","description":"","publisher":{"@id":"https:\/\/delcofoundation.org\/es\/#organization"},"potentialAction":[{"@type":"SearchAction","target":{"@type":"EntryPoint","urlTemplate":"https:\/\/delcofoundation.org\/es\/?s={search_term_string}"},"query-input":{"@type":"PropertyValueSpecification","valueRequired":true,"valueName":"search_term_string"}}],"inLanguage":"es-ES"},{"@type":"Organization","@id":"https:\/\/delcofoundation.org\/es\/#organization","name":"The Foundation for Delaware County","url":"https:\/\/delcofoundation.org\/es\/","logo":{"@type":"ImageObject","inLanguage":"es-ES","@id":"https:\/\/delcofoundation.org\/es\/#\/schema\/logo\/image\/","url":"","contentUrl":"","caption":"The Foundation for Delaware County"},"image":{"@id":"https:\/\/delcofoundation.org\/es\/#\/schema\/logo\/image\/"}}]}},"_links":{"self":[{"href":"https:\/\/delcofoundation.org\/es\/wp-json\/wp\/v2\/pages\/5165","targetHints":{"allow":["GET"]}}],"collection":[{"href":"https:\/\/delcofoundation.org\/es\/wp-json\/wp\/v2\/pages"}],"about":[{"href":"https:\/\/delcofoundation.org\/es\/wp-json\/wp\/v2\/types\/page"}],"author":[{"embeddable":true,"href":"https:\/\/delcofoundation.org\/es\/wp-json\/wp\/v2\/users\/5"}],"replies":[{"embeddable":true,"href":"https:\/\/delcofoundation.org\/es\/wp-json\/wp\/v2\/comments?post=5165"}],"version-history":[{"count":1,"href":"https:\/\/delcofoundation.org\/es\/wp-json\/wp\/v2\/pages\/5165\/revisions"}],"predecessor-version":[{"id":6127,"href":"https:\/\/delcofoundation.org\/es\/wp-json\/wp\/v2\/pages\/5165\/revisions\/6127"}],"up":[{"embeddable":true,"href":"https:\/\/delcofoundation.org\/es\/wp-json\/wp\/v2\/pages\/5164"}],"wp:attachment":[{"href":"https:\/\/delcofoundation.org\/es\/wp-json\/wp\/v2\/media?parent=5165"}],"curies":[{"name":"wp","href":"https:\/\/api.w.org\/{rel}","templated":true}]}}