{"id":5163,"date":"2021-07-28T19:17:05","date_gmt":"2021-07-28T19:17:05","guid":{"rendered":"https:\/\/delcofoundation.org\/comprender-los-retos-de-nuestro-condado\/"},"modified":"2025-04-14T13:39:48","modified_gmt":"2025-04-14T13:39:48","slug":"comprender-los-retos-de-nuestro-condado","status":"publish","type":"page","link":"https:\/\/delcofoundation.org\/es\/nuestro-impacto\/comprender-los-retos-de-nuestro-condado\/","title":{"rendered":"Comprender los retos de nuestro condado"},"content":{"rendered":"","protected":false},"excerpt":{"rendered":"","protected":false},"author":5,"featured_media":0,"parent":5178,"menu_order":0,"comment_status":"closed","ping_status":"closed","template":"page-templates\/content-modules.php","meta":{"_acf_changed":false,"inline_featured_image":false,"footnotes":""},"class_list":["post-5163","page","type-page","status-publish","hentry"],"acf":[],"yoast_head":"<!-- This site is optimized with the Yoast SEO plugin v26.7 - https:\/\/yoast.com\/wordpress\/plugins\/seo\/ -->\n<title>Comprender los retos de nuestro condado - The Foundation for Delaware County<\/title>\n<meta name=\"description\" content=\"El condado est\u00e1 densamente poblado, es el quinto m\u00e1s poblado de la Commonwealth y, sin embargo, el tercero m\u00e1s peque\u00f1o en superficie. La zona cuenta con importantes recursos, una comunidad empresarial comprometida y organizaciones sin \u00e1nimo de lucro con talento, varias instituciones de ense\u00f1anza superior y excelentes instalaciones sanitarias, y sus residentes tienen un fuerte sentimiento de orgullo comunitario. Sin embargo, el condado de Delaware se enfrenta a desaf\u00edos.\nAunque el condado ocupa el cuarto lugar de la Commonwealth en renta per c\u00e1pita, en \u00e9l viven m\u00e1s de 50.000 personas en situaci\u00f3n de pobreza. Adem\u00e1s, en varias zonas, la pobreza multigeneracional es end\u00e9mica. Aunque el condado se compara bien con sus hom\u00f3logos nacionales en muchas medidas -desde el nivel educativo hasta el acceso a la atenci\u00f3n primaria-, ocupa una posici\u00f3n desfavorable en otras. Entre ellos se incluyen ciertos delitos, el embarazo en la adolescencia, el bajo peso al nacer, la muerte por VIH, las enfermedades cardiacas y los accidentes cerebrovasculares.\" \/>\n<meta name=\"robots\" content=\"index, follow, max-snippet:-1, max-image-preview:large, max-video-preview:-1\" \/>\n<link rel=\"canonical\" href=\"https:\/\/delcofoundation.org\/es\/nuestro-impacto\/comprender-los-retos-de-nuestro-condado\/\" \/>\n<meta property=\"og:locale\" content=\"es_ES\" \/>\n<meta property=\"og:type\" content=\"article\" \/>\n<meta property=\"og:title\" content=\"Comprender los retos de nuestro condado - The Foundation for Delaware County\" \/>\n<meta property=\"og:url\" content=\"https:\/\/delcofoundation.org\/es\/nuestro-impacto\/comprender-los-retos-de-nuestro-condado\/\" \/>\n<meta property=\"og:site_name\" content=\"The Foundation for Delaware County\" \/>\n<meta property=\"article:modified_time\" content=\"2025-04-14T13:39:48+00:00\" \/>\n<meta property=\"og:image\" content=\"https:\/\/delcofoundation.org\/app\/uploads\/2021\/10\/320_FDC-Annual-21-e1631905307293.jpg\" \/>\n\t<meta property=\"og:image:width\" content=\"1950\" \/>\n\t<meta property=\"og:image:height\" content=\"1150\" \/>\n\t<meta property=\"og:image:type\" content=\"image\/jpeg\" \/>\n<meta name=\"twitter:card\" content=\"summary_large_image\" \/>\n<script type=\"application\/ld+json\" class=\"yoast-schema-graph\">{\"@context\":\"https:\/\/schema.org\",\"@graph\":[{\"@type\":\"WebPage\",\"@id\":\"https:\/\/delcofoundation.org\/es\/nuestro-impacto\/comprender-los-retos-de-nuestro-condado\/\",\"url\":\"https:\/\/delcofoundation.org\/es\/nuestro-impacto\/comprender-los-retos-de-nuestro-condado\/\",\"name\":\"Comprender los retos de nuestro condado - The Foundation for Delaware County\",\"isPartOf\":{\"@id\":\"https:\/\/delcofoundation.org\/es\/#website\"},\"datePublished\":\"2021-07-28T19:17:05+00:00\",\"dateModified\":\"2025-04-14T13:39:48+00:00\",\"breadcrumb\":{\"@id\":\"https:\/\/delcofoundation.org\/es\/nuestro-impacto\/comprender-los-retos-de-nuestro-condado\/#breadcrumb\"},\"inLanguage\":\"es-ES\",\"potentialAction\":[{\"@type\":\"ReadAction\",\"target\":[\"https:\/\/delcofoundation.org\/es\/nuestro-impacto\/comprender-los-retos-de-nuestro-condado\/\"]}]},{\"@type\":\"BreadcrumbList\",\"@id\":\"https:\/\/delcofoundation.org\/es\/nuestro-impacto\/comprender-los-retos-de-nuestro-condado\/#breadcrumb\",\"itemListElement\":[{\"@type\":\"ListItem\",\"position\":1,\"name\":\"Home\",\"item\":\"https:\/\/delcofoundation.org\/es\/\"},{\"@type\":\"ListItem\",\"position\":2,\"name\":\"Nuestro impacto\",\"item\":\"https:\/\/delcofoundation.org\/es\/nuestro-impacto\/\"},{\"@type\":\"ListItem\",\"position\":3,\"name\":\"Comprender los retos de nuestro condado\"}]},{\"@type\":\"WebSite\",\"@id\":\"https:\/\/delcofoundation.org\/es\/#website\",\"url\":\"https:\/\/delcofoundation.org\/es\/\",\"name\":\"The Foundation for Delaware County\",\"description\":\"\",\"publisher\":{\"@id\":\"https:\/\/delcofoundation.org\/es\/#organization\"},\"potentialAction\":[{\"@type\":\"SearchAction\",\"target\":{\"@type\":\"EntryPoint\",\"urlTemplate\":\"https:\/\/delcofoundation.org\/es\/?s={search_term_string}\"},\"query-input\":{\"@type\":\"PropertyValueSpecification\",\"valueRequired\":true,\"valueName\":\"search_term_string\"}}],\"inLanguage\":\"es-ES\"},{\"@type\":\"Organization\",\"@id\":\"https:\/\/delcofoundation.org\/es\/#organization\",\"name\":\"The Foundation for Delaware County\",\"url\":\"https:\/\/delcofoundation.org\/es\/\",\"logo\":{\"@type\":\"ImageObject\",\"inLanguage\":\"es-ES\",\"@id\":\"https:\/\/delcofoundation.org\/es\/#\/schema\/logo\/image\/\",\"url\":\"\",\"contentUrl\":\"\",\"caption\":\"The Foundation for Delaware County\"},\"image\":{\"@id\":\"https:\/\/delcofoundation.org\/es\/#\/schema\/logo\/image\/\"}}]}<\/script>\n<!-- \/ Yoast SEO plugin. -->","yoast_head_json":{"title":"Comprender los retos de nuestro condado - The Foundation for Delaware County","description":"El condado est\u00e1 densamente poblado, es el quinto m\u00e1s poblado de la Commonwealth y, sin embargo, el tercero m\u00e1s peque\u00f1o en superficie. La zona cuenta con importantes recursos, una comunidad empresarial comprometida y organizaciones sin \u00e1nimo de lucro con talento, varias instituciones de ense\u00f1anza superior y excelentes instalaciones sanitarias, y sus residentes tienen un fuerte sentimiento de orgullo comunitario. Sin embargo, el condado de Delaware se enfrenta a desaf\u00edos.\nAunque el condado ocupa el cuarto lugar de la Commonwealth en renta per c\u00e1pita, en \u00e9l viven m\u00e1s de 50.000 personas en situaci\u00f3n de pobreza. Adem\u00e1s, en varias zonas, la pobreza multigeneracional es end\u00e9mica. Aunque el condado se compara bien con sus hom\u00f3logos nacionales en muchas medidas -desde el nivel educativo hasta el acceso a la atenci\u00f3n primaria-, ocupa una posici\u00f3n desfavorable en otras. Entre ellos se incluyen ciertos delitos, el embarazo en la adolescencia, el bajo peso al nacer, la muerte por VIH, las enfermedades cardiacas y los accidentes cerebrovasculares.","robots":{"index":"index","follow":"follow","max-snippet":"max-snippet:-1","max-image-preview":"max-image-preview:large","max-video-preview":"max-video-preview:-1"},"canonical":"https:\/\/delcofoundation.org\/es\/nuestro-impacto\/comprender-los-retos-de-nuestro-condado\/","og_locale":"es_ES","og_type":"article","og_title":"Comprender los retos de nuestro condado - The Foundation for Delaware County","og_url":"https:\/\/delcofoundation.org\/es\/nuestro-impacto\/comprender-los-retos-de-nuestro-condado\/","og_site_name":"The Foundation for Delaware County","article_modified_time":"2025-04-14T13:39:48+00:00","og_image":[{"width":1950,"height":1150,"url":"https:\/\/delcofoundation.org\/app\/uploads\/2021\/10\/320_FDC-Annual-21-e1631905307293.jpg","type":"image\/jpeg"}],"twitter_card":"summary_large_image","schema":{"@context":"https:\/\/schema.org","@graph":[{"@type":"WebPage","@id":"https:\/\/delcofoundation.org\/es\/nuestro-impacto\/comprender-los-retos-de-nuestro-condado\/","url":"https:\/\/delcofoundation.org\/es\/nuestro-impacto\/comprender-los-retos-de-nuestro-condado\/","name":"Comprender los retos de nuestro condado - The Foundation for Delaware County","isPartOf":{"@id":"https:\/\/delcofoundation.org\/es\/#website"},"datePublished":"2021-07-28T19:17:05+00:00","dateModified":"2025-04-14T13:39:48+00:00","breadcrumb":{"@id":"https:\/\/delcofoundation.org\/es\/nuestro-impacto\/comprender-los-retos-de-nuestro-condado\/#breadcrumb"},"inLanguage":"es-ES","potentialAction":[{"@type":"ReadAction","target":["https:\/\/delcofoundation.org\/es\/nuestro-impacto\/comprender-los-retos-de-nuestro-condado\/"]}]},{"@type":"BreadcrumbList","@id":"https:\/\/delcofoundation.org\/es\/nuestro-impacto\/comprender-los-retos-de-nuestro-condado\/#breadcrumb","itemListElement":[{"@type":"ListItem","position":1,"name":"Home","item":"https:\/\/delcofoundation.org\/es\/"},{"@type":"ListItem","position":2,"name":"Nuestro impacto","item":"https:\/\/delcofoundation.org\/es\/nuestro-impacto\/"},{"@type":"ListItem","position":3,"name":"Comprender los retos de nuestro condado"}]},{"@type":"WebSite","@id":"https:\/\/delcofoundation.org\/es\/#website","url":"https:\/\/delcofoundation.org\/es\/","name":"The Foundation for Delaware County","description":"","publisher":{"@id":"https:\/\/delcofoundation.org\/es\/#organization"},"potentialAction":[{"@type":"SearchAction","target":{"@type":"EntryPoint","urlTemplate":"https:\/\/delcofoundation.org\/es\/?s={search_term_string}"},"query-input":{"@type":"PropertyValueSpecification","valueRequired":true,"valueName":"search_term_string"}}],"inLanguage":"es-ES"},{"@type":"Organization","@id":"https:\/\/delcofoundation.org\/es\/#organization","name":"The Foundation for Delaware County","url":"https:\/\/delcofoundation.org\/es\/","logo":{"@type":"ImageObject","inLanguage":"es-ES","@id":"https:\/\/delcofoundation.org\/es\/#\/schema\/logo\/image\/","url":"","contentUrl":"","caption":"The Foundation for Delaware County"},"image":{"@id":"https:\/\/delcofoundation.org\/es\/#\/schema\/logo\/image\/"}}]}},"_links":{"self":[{"href":"https:\/\/delcofoundation.org\/es\/wp-json\/wp\/v2\/pages\/5163","targetHints":{"allow":["GET"]}}],"collection":[{"href":"https:\/\/delcofoundation.org\/es\/wp-json\/wp\/v2\/pages"}],"about":[{"href":"https:\/\/delcofoundation.org\/es\/wp-json\/wp\/v2\/types\/page"}],"author":[{"embeddable":true,"href":"https:\/\/delcofoundation.org\/es\/wp-json\/wp\/v2\/users\/5"}],"replies":[{"embeddable":true,"href":"https:\/\/delcofoundation.org\/es\/wp-json\/wp\/v2\/comments?post=5163"}],"version-history":[{"count":1,"href":"https:\/\/delcofoundation.org\/es\/wp-json\/wp\/v2\/pages\/5163\/revisions"}],"predecessor-version":[{"id":5181,"href":"https:\/\/delcofoundation.org\/es\/wp-json\/wp\/v2\/pages\/5163\/revisions\/5181"}],"up":[{"embeddable":true,"href":"https:\/\/delcofoundation.org\/es\/wp-json\/wp\/v2\/pages\/5178"}],"wp:attachment":[{"href":"https:\/\/delcofoundation.org\/es\/wp-json\/wp\/v2\/media?parent=5163"}],"curies":[{"name":"wp","href":"https:\/\/api.w.org\/{rel}","templated":true}]}}