{"id":5162,"date":"2021-06-23T15:21:56","date_gmt":"2021-06-23T15:21:56","guid":{"rendered":"https:\/\/delcofoundation.org\/politica-de-privacidad\/"},"modified":"2024-06-20T19:02:24","modified_gmt":"2024-06-20T19:02:24","slug":"politica-de-privacidad","status":"publish","type":"page","link":"https:\/\/delcofoundation.org\/es\/politica-de-privacidad\/","title":{"rendered":"Pol\u00edtica de privacidad"},"content":{"rendered":"","protected":false},"excerpt":{"rendered":"","protected":false},"author":5,"featured_media":4373,"parent":0,"menu_order":0,"comment_status":"closed","ping_status":"closed","template":"page-templates\/content-modules.php","meta":{"_acf_changed":false,"inline_featured_image":false,"footnotes":""},"class_list":["post-5162","page","type-page","status-publish","has-post-thumbnail","hentry"],"acf":[],"yoast_head":"<!-- This site is optimized with the Yoast SEO plugin v26.7 - https:\/\/yoast.com\/wordpress\/plugins\/seo\/ -->\n<title>Pol\u00edtica de privacidad - The Foundation for Delaware County<\/title>\n<meta name=\"description\" content=\"Este sitio web es propiedad y est\u00e1 gestionado por la Fundaci\u00f3n para el Condado de Delaware. Nuestra intenci\u00f3n es informar y educar a los visitantes sobre nuestro trabajo como otorgantes de subvenciones, recursos comunitarios y socios filantr\u00f3picos de personas, familias y organizaciones. La Fundaci\u00f3n para el Condado de Delaware se compromete a proteger tu privacidad. Esta Pol\u00edtica de Privacidad describe c\u00f3mo tratamos tu informaci\u00f3n personal recopilada a trav\u00e9s de nuestro sitio web www.delcofoundation.org. Al utilizar nuestro sitio web, aceptas las pr\u00e1cticas de datos descritas en esta Pol\u00edtica de privacidad.\" \/>\n<meta name=\"robots\" content=\"index, follow, max-snippet:-1, max-image-preview:large, max-video-preview:-1\" \/>\n<link rel=\"canonical\" href=\"https:\/\/delcofoundation.org\/es\/politica-de-privacidad\/\" \/>\n<meta property=\"og:locale\" content=\"es_ES\" \/>\n<meta property=\"og:type\" content=\"article\" \/>\n<meta property=\"og:title\" content=\"Pol\u00edtica de privacidad - The Foundation for Delaware County\" \/>\n<meta property=\"og:url\" content=\"https:\/\/delcofoundation.org\/es\/politica-de-privacidad\/\" \/>\n<meta property=\"og:site_name\" content=\"The Foundation for Delaware County\" \/>\n<meta property=\"article:modified_time\" content=\"2024-06-20T19:02:24+00:00\" \/>\n<meta property=\"og:image\" content=\"https:\/\/delcofoundation.org\/app\/uploads\/2021\/08\/Mask@2x.jpg\" \/>\n\t<meta property=\"og:image:width\" content=\"2048\" \/>\n\t<meta property=\"og:image:height\" content=\"1044\" \/>\n\t<meta property=\"og:image:type\" content=\"image\/jpeg\" \/>\n<meta name=\"twitter:card\" content=\"summary_large_image\" \/>\n<script type=\"application\/ld+json\" class=\"yoast-schema-graph\">{\"@context\":\"https:\/\/schema.org\",\"@graph\":[{\"@type\":\"WebPage\",\"@id\":\"https:\/\/delcofoundation.org\/es\/politica-de-privacidad\/\",\"url\":\"https:\/\/delcofoundation.org\/es\/politica-de-privacidad\/\",\"name\":\"Pol\u00edtica de privacidad - The Foundation for Delaware County\",\"isPartOf\":{\"@id\":\"https:\/\/delcofoundation.org\/es\/#website\"},\"primaryImageOfPage\":{\"@id\":\"https:\/\/delcofoundation.org\/es\/politica-de-privacidad\/#primaryimage\"},\"image\":{\"@id\":\"https:\/\/delcofoundation.org\/es\/politica-de-privacidad\/#primaryimage\"},\"thumbnailUrl\":\"https:\/\/delcofoundation.org\/app\/uploads\/2021\/08\/Mask@2x.jpg\",\"datePublished\":\"2021-06-23T15:21:56+00:00\",\"dateModified\":\"2024-06-20T19:02:24+00:00\",\"breadcrumb\":{\"@id\":\"https:\/\/delcofoundation.org\/es\/politica-de-privacidad\/#breadcrumb\"},\"inLanguage\":\"es-ES\",\"potentialAction\":[{\"@type\":\"ReadAction\",\"target\":[\"https:\/\/delcofoundation.org\/es\/politica-de-privacidad\/\"]}]},{\"@type\":\"ImageObject\",\"inLanguage\":\"es-ES\",\"@id\":\"https:\/\/delcofoundation.org\/es\/politica-de-privacidad\/#primaryimage\",\"url\":\"https:\/\/delcofoundation.org\/app\/uploads\/2021\/08\/Mask@2x.jpg\",\"contentUrl\":\"https:\/\/delcofoundation.org\/app\/uploads\/2021\/08\/Mask@2x.jpg\",\"width\":2048,\"height\":1044,\"caption\":\"This is the feature image. You have to set this in the side bar.\"},{\"@type\":\"BreadcrumbList\",\"@id\":\"https:\/\/delcofoundation.org\/es\/politica-de-privacidad\/#breadcrumb\",\"itemListElement\":[{\"@type\":\"ListItem\",\"position\":1,\"name\":\"Home\",\"item\":\"https:\/\/delcofoundation.org\/es\/\"},{\"@type\":\"ListItem\",\"position\":2,\"name\":\"Pol\u00edtica de privacidad\"}]},{\"@type\":\"WebSite\",\"@id\":\"https:\/\/delcofoundation.org\/es\/#website\",\"url\":\"https:\/\/delcofoundation.org\/es\/\",\"name\":\"The Foundation for Delaware County\",\"description\":\"\",\"publisher\":{\"@id\":\"https:\/\/delcofoundation.org\/es\/#organization\"},\"potentialAction\":[{\"@type\":\"SearchAction\",\"target\":{\"@type\":\"EntryPoint\",\"urlTemplate\":\"https:\/\/delcofoundation.org\/es\/?s={search_term_string}\"},\"query-input\":{\"@type\":\"PropertyValueSpecification\",\"valueRequired\":true,\"valueName\":\"search_term_string\"}}],\"inLanguage\":\"es-ES\"},{\"@type\":\"Organization\",\"@id\":\"https:\/\/delcofoundation.org\/es\/#organization\",\"name\":\"The Foundation for Delaware County\",\"url\":\"https:\/\/delcofoundation.org\/es\/\",\"logo\":{\"@type\":\"ImageObject\",\"inLanguage\":\"es-ES\",\"@id\":\"https:\/\/delcofoundation.org\/es\/#\/schema\/logo\/image\/\",\"url\":\"\",\"contentUrl\":\"\",\"caption\":\"The Foundation for Delaware County\"},\"image\":{\"@id\":\"https:\/\/delcofoundation.org\/es\/#\/schema\/logo\/image\/\"}}]}<\/script>\n<!-- \/ Yoast SEO plugin. -->","yoast_head_json":{"title":"Pol\u00edtica de privacidad - The Foundation for Delaware County","description":"Este sitio web es propiedad y est\u00e1 gestionado por la Fundaci\u00f3n para el Condado de Delaware. Nuestra intenci\u00f3n es informar y educar a los visitantes sobre nuestro trabajo como otorgantes de subvenciones, recursos comunitarios y socios filantr\u00f3picos de personas, familias y organizaciones. La Fundaci\u00f3n para el Condado de Delaware se compromete a proteger tu privacidad. Esta Pol\u00edtica de Privacidad describe c\u00f3mo tratamos tu informaci\u00f3n personal recopilada a trav\u00e9s de nuestro sitio web www.delcofoundation.org. Al utilizar nuestro sitio web, aceptas las pr\u00e1cticas de datos descritas en esta Pol\u00edtica de privacidad.","robots":{"index":"index","follow":"follow","max-snippet":"max-snippet:-1","max-image-preview":"max-image-preview:large","max-video-preview":"max-video-preview:-1"},"canonical":"https:\/\/delcofoundation.org\/es\/politica-de-privacidad\/","og_locale":"es_ES","og_type":"article","og_title":"Pol\u00edtica de privacidad - The Foundation for Delaware County","og_url":"https:\/\/delcofoundation.org\/es\/politica-de-privacidad\/","og_site_name":"The Foundation for Delaware County","article_modified_time":"2024-06-20T19:02:24+00:00","og_image":[{"width":2048,"height":1044,"url":"https:\/\/delcofoundation.org\/app\/uploads\/2021\/08\/Mask@2x.jpg","type":"image\/jpeg"}],"twitter_card":"summary_large_image","schema":{"@context":"https:\/\/schema.org","@graph":[{"@type":"WebPage","@id":"https:\/\/delcofoundation.org\/es\/politica-de-privacidad\/","url":"https:\/\/delcofoundation.org\/es\/politica-de-privacidad\/","name":"Pol\u00edtica de privacidad - The Foundation for Delaware County","isPartOf":{"@id":"https:\/\/delcofoundation.org\/es\/#website"},"primaryImageOfPage":{"@id":"https:\/\/delcofoundation.org\/es\/politica-de-privacidad\/#primaryimage"},"image":{"@id":"https:\/\/delcofoundation.org\/es\/politica-de-privacidad\/#primaryimage"},"thumbnailUrl":"https:\/\/delcofoundation.org\/app\/uploads\/2021\/08\/Mask@2x.jpg","datePublished":"2021-06-23T15:21:56+00:00","dateModified":"2024-06-20T19:02:24+00:00","breadcrumb":{"@id":"https:\/\/delcofoundation.org\/es\/politica-de-privacidad\/#breadcrumb"},"inLanguage":"es-ES","potentialAction":[{"@type":"ReadAction","target":["https:\/\/delcofoundation.org\/es\/politica-de-privacidad\/"]}]},{"@type":"ImageObject","inLanguage":"es-ES","@id":"https:\/\/delcofoundation.org\/es\/politica-de-privacidad\/#primaryimage","url":"https:\/\/delcofoundation.org\/app\/uploads\/2021\/08\/Mask@2x.jpg","contentUrl":"https:\/\/delcofoundation.org\/app\/uploads\/2021\/08\/Mask@2x.jpg","width":2048,"height":1044,"caption":"This is the feature image. You have to set this in the side bar."},{"@type":"BreadcrumbList","@id":"https:\/\/delcofoundation.org\/es\/politica-de-privacidad\/#breadcrumb","itemListElement":[{"@type":"ListItem","position":1,"name":"Home","item":"https:\/\/delcofoundation.org\/es\/"},{"@type":"ListItem","position":2,"name":"Pol\u00edtica de privacidad"}]},{"@type":"WebSite","@id":"https:\/\/delcofoundation.org\/es\/#website","url":"https:\/\/delcofoundation.org\/es\/","name":"The Foundation for Delaware County","description":"","publisher":{"@id":"https:\/\/delcofoundation.org\/es\/#organization"},"potentialAction":[{"@type":"SearchAction","target":{"@type":"EntryPoint","urlTemplate":"https:\/\/delcofoundation.org\/es\/?s={search_term_string}"},"query-input":{"@type":"PropertyValueSpecification","valueRequired":true,"valueName":"search_term_string"}}],"inLanguage":"es-ES"},{"@type":"Organization","@id":"https:\/\/delcofoundation.org\/es\/#organization","name":"The Foundation for Delaware County","url":"https:\/\/delcofoundation.org\/es\/","logo":{"@type":"ImageObject","inLanguage":"es-ES","@id":"https:\/\/delcofoundation.org\/es\/#\/schema\/logo\/image\/","url":"","contentUrl":"","caption":"The Foundation for Delaware County"},"image":{"@id":"https:\/\/delcofoundation.org\/es\/#\/schema\/logo\/image\/"}}]}},"_links":{"self":[{"href":"https:\/\/delcofoundation.org\/es\/wp-json\/wp\/v2\/pages\/5162","targetHints":{"allow":["GET"]}}],"collection":[{"href":"https:\/\/delcofoundation.org\/es\/wp-json\/wp\/v2\/pages"}],"about":[{"href":"https:\/\/delcofoundation.org\/es\/wp-json\/wp\/v2\/types\/page"}],"author":[{"embeddable":true,"href":"https:\/\/delcofoundation.org\/es\/wp-json\/wp\/v2\/users\/5"}],"replies":[{"embeddable":true,"href":"https:\/\/delcofoundation.org\/es\/wp-json\/wp\/v2\/comments?post=5162"}],"version-history":[{"count":1,"href":"https:\/\/delcofoundation.org\/es\/wp-json\/wp\/v2\/pages\/5162\/revisions"}],"predecessor-version":[{"id":6139,"href":"https:\/\/delcofoundation.org\/es\/wp-json\/wp\/v2\/pages\/5162\/revisions\/6139"}],"wp:featuredmedia":[{"embeddable":true,"href":"https:\/\/delcofoundation.org\/es\/wp-json\/wp\/v2\/media\/4373"}],"wp:attachment":[{"href":"https:\/\/delcofoundation.org\/es\/wp-json\/wp\/v2\/media?parent=5162"}],"curies":[{"name":"wp","href":"https:\/\/api.w.org\/{rel}","templated":true}]}}