{"id":15850,"date":"2026-03-19T18:17:49","date_gmt":"2026-03-19T18:17:49","guid":{"rendered":"https:\/\/delcofoundation.org\/actualizaciones-fiscales-de-2026-para-la-planificacion-de-donaciones-beneficas\/"},"modified":"2026-03-19T18:17:49","modified_gmt":"2026-03-19T18:17:49","slug":"actualizaciones-fiscales-de-2026-para-la-planificacion-de-donaciones-beneficas","status":"publish","type":"page","link":"https:\/\/delcofoundation.org\/es\/actualizaciones-fiscales-de-2026-para-la-planificacion-de-donaciones-beneficas\/","title":{"rendered":"Actualizaciones fiscales de 2026 para la planificaci\u00f3n de donaciones ben\u00e9ficas"},"content":{"rendered":"<p>Mientras te instalas en 2026 con tus clientes, aqu\u00ed tienes un r\u00e1pido resumen de los ajustes de los umbrales del IRS y las nuevas disposiciones de la ley fiscal m\u00e1s relevantes para las donaciones ben\u00e9ficas de este a\u00f1o.<\/p>\n<p><strong>Deducci\u00f3n est\u00e1ndar<\/strong><\/p>\n<p>Para 2026, la deducci\u00f3n est\u00e1ndar es de 16.100 $ para los declarantes solteros, 24.150 $ para los cabezas de familia y 32.200 $ para las parejas casadas que presentan una declaraci\u00f3n conjunta.<\/p>\n<p>Por qu\u00e9 es importante: Los clientes cuyas deducciones detalladas totales -incluidas las donaciones ben\u00e9ficas- superen la deducci\u00f3n est\u00e1ndar pueden optar por detallarlas. Para los que se quedan cortos, una estrategia de &#8220;agrupaci\u00f3n&#8221; (consolidar varios a\u00f1os de donaciones en un solo ejercicio fiscal) puede ayudar a superar ese umbral y hacer que cuenten las deducciones ben\u00e9ficas. <\/p>\n<p><strong>Tramos impositivos<\/strong><\/p>\n<p>Los tipos siguen oscilando entre el 10% y el 37%, pero los umbrales de ingresos de cada tramo han cambiado para 2026. Este a\u00f1o tambi\u00e9n han entrado en vigor nuevas limitaciones a las deducciones detalladas -incluidos un l\u00edmite m\u00ednimo del 0,5% y un l\u00edmite m\u00e1ximo del 35%-, por lo que una planificaci\u00f3n cuidadosa es m\u00e1s importante que nunca. <\/p>\n<p>Por qu\u00e9 es importante: Una revisi\u00f3n de los tramos impositivos es una apertura natural para una conversaci\u00f3n sobre donaciones. Ayudar a los clientes a comprender c\u00f3mo afectan los nuevos l\u00edmites de las deducciones detalladas a su estrategia ben\u00e9fica har\u00e1 que sus donaciones sean lo m\u00e1s eficientes posible desde el punto de vista fiscal. <\/p>\n<p><strong>Distribuciones ben\u00e9ficas cualificadas (QCD)<\/strong><\/p>\n<p>El l\u00edmite de QCD de 2026 ha aumentado a 111.000 $ por contribuyente (frente a los 108.000 $ de 2025). El QCD \u00fanico de una IRA a un veh\u00edculo de inter\u00e9s dividido, incluida una Anualidad Ben\u00e9fica de Donaci\u00f3n, ha aumentado a 55.000 $ (frente a 54.000 $). <\/p>\n<p>Por qu\u00e9 es importante: Para los clientes de 70\u00bd a\u00f1os o m\u00e1s, una QCD sigue siendo una de las formas m\u00e1s eficientes de donar: reduce la renta bruta ajustada y puede satisfacer las distribuciones m\u00ednimas obligatorias sin que la donaci\u00f3n aparezca como renta imponible. Una QCD a un fondo cualificado de la Fundaci\u00f3n para el Condado de Delaware (como un fondo designado o de un campo de inter\u00e9s) es una opci\u00f3n excelente; ten en cuenta que los fondos asesorados por donantes no cumplen los requisitos. <\/p>\n<p><strong>Nueva deducci\u00f3n para los no inmovilizadores<\/strong><\/p>\n<p>A partir de 2026, los contribuyentes que no detallen sus impuestos pueden deducir hasta 1.000 $ en donaciones en efectivo a organizaciones ben\u00e9ficas cualificadas (2.000 $ para declarantes conjuntos). Las donaciones de acciones apreciadas y las donaciones a fondos asesorados por donantes o fundaciones privadas no cumplen los requisitos. <\/p>\n<p>Por qu\u00e9 es importante: Esta disposici\u00f3n abre una puerta a los clientes que hasta ahora no ten\u00edan motivos fiscales para donar, sobre todo a los j\u00f3venes que empiezan a crear h\u00e1bitos ben\u00e9ficos. Tambi\u00e9n merece la pena mencionarlo a los clientes con rentas altas e hijos adultos que est\u00e9n empezando a pensar en hacer donaciones. <\/p>\n","protected":false},"excerpt":{"rendered":"<p>Mientras te instalas en 2026 con tus clientes, aqu\u00ed tienes un r\u00e1pido resumen de los ajustes de los umbrales del IRS y las nuevas disposiciones de la ley fiscal m\u00e1s relevantes para las donaciones ben\u00e9ficas de este a\u00f1o. Deducci\u00f3n est\u00e1ndar Para 2026, la deducci\u00f3n est\u00e1ndar es de 16.100 $ para los declarantes solteros, 24.150 $&#8230;<\/p>\n","protected":false},"author":5,"featured_media":0,"parent":0,"menu_order":0,"comment_status":"closed","ping_status":"closed","template":"","meta":{"_acf_changed":false,"inline_featured_image":false,"footnotes":""},"class_list":["post-15850","page","type-page","status-publish","hentry"],"acf":[],"yoast_head":"<!-- This site is optimized with the Yoast SEO plugin v26.7 - https:\/\/yoast.com\/wordpress\/plugins\/seo\/ -->\n<title>Actualizaciones fiscales de 2026 para la planificaci\u00f3n de donaciones ben\u00e9ficas - The Foundation for Delaware County<\/title>\n<meta name=\"robots\" content=\"index, follow, max-snippet:-1, max-image-preview:large, max-video-preview:-1\" \/>\n<link rel=\"canonical\" href=\"https:\/\/delcofoundation.org\/es\/actualizaciones-fiscales-de-2026-para-la-planificacion-de-donaciones-beneficas\/\" \/>\n<meta property=\"og:locale\" content=\"es_ES\" \/>\n<meta property=\"og:type\" content=\"article\" \/>\n<meta property=\"og:title\" content=\"Actualizaciones fiscales de 2026 para la planificaci\u00f3n de donaciones ben\u00e9ficas - The Foundation for Delaware County\" \/>\n<meta property=\"og:description\" content=\"Mientras te instalas en 2026 con tus clientes, aqu\u00ed tienes un r\u00e1pido resumen de los ajustes de los umbrales del IRS y las nuevas disposiciones de la ley fiscal m\u00e1s relevantes para las donaciones ben\u00e9ficas de este a\u00f1o. Deducci\u00f3n est\u00e1ndar Para 2026, la deducci\u00f3n est\u00e1ndar es de 16.100 $ para los declarantes solteros, 24.150 $...\" \/>\n<meta property=\"og:url\" content=\"https:\/\/delcofoundation.org\/es\/actualizaciones-fiscales-de-2026-para-la-planificacion-de-donaciones-beneficas\/\" \/>\n<meta property=\"og:site_name\" content=\"The Foundation for Delaware County\" \/>\n<meta property=\"og:image\" content=\"https:\/\/delcofoundation.org\/app\/uploads\/2021\/10\/320_FDC-Annual-21-e1631905307293.jpg\" \/>\n\t<meta property=\"og:image:width\" content=\"1950\" \/>\n\t<meta property=\"og:image:height\" content=\"1150\" \/>\n\t<meta property=\"og:image:type\" content=\"image\/jpeg\" \/>\n<meta name=\"twitter:card\" content=\"summary_large_image\" \/>\n<meta name=\"twitter:label1\" content=\"Est. reading time\" \/>\n\t<meta name=\"twitter:data1\" content=\"3 minutes\" \/>\n<script type=\"application\/ld+json\" class=\"yoast-schema-graph\">{\"@context\":\"https:\/\/schema.org\",\"@graph\":[{\"@type\":\"WebPage\",\"@id\":\"https:\/\/delcofoundation.org\/es\/actualizaciones-fiscales-de-2026-para-la-planificacion-de-donaciones-beneficas\/\",\"url\":\"https:\/\/delcofoundation.org\/es\/actualizaciones-fiscales-de-2026-para-la-planificacion-de-donaciones-beneficas\/\",\"name\":\"Actualizaciones fiscales de 2026 para la planificaci\u00f3n de donaciones ben\u00e9ficas - The Foundation for Delaware County\",\"isPartOf\":{\"@id\":\"https:\/\/delcofoundation.org\/es\/#website\"},\"datePublished\":\"2026-03-19T18:17:49+00:00\",\"breadcrumb\":{\"@id\":\"https:\/\/delcofoundation.org\/es\/actualizaciones-fiscales-de-2026-para-la-planificacion-de-donaciones-beneficas\/#breadcrumb\"},\"inLanguage\":\"es-ES\",\"potentialAction\":[{\"@type\":\"ReadAction\",\"target\":[\"https:\/\/delcofoundation.org\/es\/actualizaciones-fiscales-de-2026-para-la-planificacion-de-donaciones-beneficas\/\"]}]},{\"@type\":\"BreadcrumbList\",\"@id\":\"https:\/\/delcofoundation.org\/es\/actualizaciones-fiscales-de-2026-para-la-planificacion-de-donaciones-beneficas\/#breadcrumb\",\"itemListElement\":[{\"@type\":\"ListItem\",\"position\":1,\"name\":\"Home\",\"item\":\"https:\/\/delcofoundation.org\/es\/\"},{\"@type\":\"ListItem\",\"position\":2,\"name\":\"Actualizaciones fiscales de 2026 para la planificaci\u00f3n de donaciones ben\u00e9ficas\"}]},{\"@type\":\"WebSite\",\"@id\":\"https:\/\/delcofoundation.org\/es\/#website\",\"url\":\"https:\/\/delcofoundation.org\/es\/\",\"name\":\"The Foundation for Delaware County\",\"description\":\"\",\"publisher\":{\"@id\":\"https:\/\/delcofoundation.org\/es\/#organization\"},\"potentialAction\":[{\"@type\":\"SearchAction\",\"target\":{\"@type\":\"EntryPoint\",\"urlTemplate\":\"https:\/\/delcofoundation.org\/es\/?s={search_term_string}\"},\"query-input\":{\"@type\":\"PropertyValueSpecification\",\"valueRequired\":true,\"valueName\":\"search_term_string\"}}],\"inLanguage\":\"es-ES\"},{\"@type\":\"Organization\",\"@id\":\"https:\/\/delcofoundation.org\/es\/#organization\",\"name\":\"The Foundation for Delaware County\",\"url\":\"https:\/\/delcofoundation.org\/es\/\",\"logo\":{\"@type\":\"ImageObject\",\"inLanguage\":\"es-ES\",\"@id\":\"https:\/\/delcofoundation.org\/es\/#\/schema\/logo\/image\/\",\"url\":\"\",\"contentUrl\":\"\",\"caption\":\"The Foundation for Delaware County\"},\"image\":{\"@id\":\"https:\/\/delcofoundation.org\/es\/#\/schema\/logo\/image\/\"}}]}<\/script>\n<!-- \/ Yoast SEO plugin. -->","yoast_head_json":{"title":"Actualizaciones fiscales de 2026 para la planificaci\u00f3n de donaciones ben\u00e9ficas - The Foundation for Delaware County","robots":{"index":"index","follow":"follow","max-snippet":"max-snippet:-1","max-image-preview":"max-image-preview:large","max-video-preview":"max-video-preview:-1"},"canonical":"https:\/\/delcofoundation.org\/es\/actualizaciones-fiscales-de-2026-para-la-planificacion-de-donaciones-beneficas\/","og_locale":"es_ES","og_type":"article","og_title":"Actualizaciones fiscales de 2026 para la planificaci\u00f3n de donaciones ben\u00e9ficas - The Foundation for Delaware County","og_description":"Mientras te instalas en 2026 con tus clientes, aqu\u00ed tienes un r\u00e1pido resumen de los ajustes de los umbrales del IRS y las nuevas disposiciones de la ley fiscal m\u00e1s relevantes para las donaciones ben\u00e9ficas de este a\u00f1o. Deducci\u00f3n est\u00e1ndar Para 2026, la deducci\u00f3n est\u00e1ndar es de 16.100 $ para los declarantes solteros, 24.150 $...","og_url":"https:\/\/delcofoundation.org\/es\/actualizaciones-fiscales-de-2026-para-la-planificacion-de-donaciones-beneficas\/","og_site_name":"The Foundation for Delaware County","og_image":[{"width":1950,"height":1150,"url":"https:\/\/delcofoundation.org\/app\/uploads\/2021\/10\/320_FDC-Annual-21-e1631905307293.jpg","type":"image\/jpeg"}],"twitter_card":"summary_large_image","twitter_misc":{"Est. reading time":"3 minutes"},"schema":{"@context":"https:\/\/schema.org","@graph":[{"@type":"WebPage","@id":"https:\/\/delcofoundation.org\/es\/actualizaciones-fiscales-de-2026-para-la-planificacion-de-donaciones-beneficas\/","url":"https:\/\/delcofoundation.org\/es\/actualizaciones-fiscales-de-2026-para-la-planificacion-de-donaciones-beneficas\/","name":"Actualizaciones fiscales de 2026 para la planificaci\u00f3n de donaciones ben\u00e9ficas - The Foundation for Delaware County","isPartOf":{"@id":"https:\/\/delcofoundation.org\/es\/#website"},"datePublished":"2026-03-19T18:17:49+00:00","breadcrumb":{"@id":"https:\/\/delcofoundation.org\/es\/actualizaciones-fiscales-de-2026-para-la-planificacion-de-donaciones-beneficas\/#breadcrumb"},"inLanguage":"es-ES","potentialAction":[{"@type":"ReadAction","target":["https:\/\/delcofoundation.org\/es\/actualizaciones-fiscales-de-2026-para-la-planificacion-de-donaciones-beneficas\/"]}]},{"@type":"BreadcrumbList","@id":"https:\/\/delcofoundation.org\/es\/actualizaciones-fiscales-de-2026-para-la-planificacion-de-donaciones-beneficas\/#breadcrumb","itemListElement":[{"@type":"ListItem","position":1,"name":"Home","item":"https:\/\/delcofoundation.org\/es\/"},{"@type":"ListItem","position":2,"name":"Actualizaciones fiscales de 2026 para la planificaci\u00f3n de donaciones ben\u00e9ficas"}]},{"@type":"WebSite","@id":"https:\/\/delcofoundation.org\/es\/#website","url":"https:\/\/delcofoundation.org\/es\/","name":"The Foundation for Delaware County","description":"","publisher":{"@id":"https:\/\/delcofoundation.org\/es\/#organization"},"potentialAction":[{"@type":"SearchAction","target":{"@type":"EntryPoint","urlTemplate":"https:\/\/delcofoundation.org\/es\/?s={search_term_string}"},"query-input":{"@type":"PropertyValueSpecification","valueRequired":true,"valueName":"search_term_string"}}],"inLanguage":"es-ES"},{"@type":"Organization","@id":"https:\/\/delcofoundation.org\/es\/#organization","name":"The Foundation for Delaware County","url":"https:\/\/delcofoundation.org\/es\/","logo":{"@type":"ImageObject","inLanguage":"es-ES","@id":"https:\/\/delcofoundation.org\/es\/#\/schema\/logo\/image\/","url":"","contentUrl":"","caption":"The Foundation for Delaware County"},"image":{"@id":"https:\/\/delcofoundation.org\/es\/#\/schema\/logo\/image\/"}}]}},"_links":{"self":[{"href":"https:\/\/delcofoundation.org\/es\/wp-json\/wp\/v2\/pages\/15850","targetHints":{"allow":["GET"]}}],"collection":[{"href":"https:\/\/delcofoundation.org\/es\/wp-json\/wp\/v2\/pages"}],"about":[{"href":"https:\/\/delcofoundation.org\/es\/wp-json\/wp\/v2\/types\/page"}],"author":[{"embeddable":true,"href":"https:\/\/delcofoundation.org\/es\/wp-json\/wp\/v2\/users\/5"}],"replies":[{"embeddable":true,"href":"https:\/\/delcofoundation.org\/es\/wp-json\/wp\/v2\/comments?post=15850"}],"version-history":[{"count":0,"href":"https:\/\/delcofoundation.org\/es\/wp-json\/wp\/v2\/pages\/15850\/revisions"}],"wp:attachment":[{"href":"https:\/\/delcofoundation.org\/es\/wp-json\/wp\/v2\/media?parent=15850"}],"curies":[{"name":"wp","href":"https:\/\/api.w.org\/{rel}","templated":true}]}}